{"id":46389,"date":"2025-07-03T14:01:36","date_gmt":"2025-07-03T11:01:36","guid":{"rendered":"https:\/\/www.biopapa.de\/?post_type=product&#038;p=46389"},"modified":"2025-12-12T08:40:24","modified_gmt":"2025-12-12T06:40:24","slug":"organic-mung-beans-split-raw","status":"publish","type":"product","link":"https:\/\/www.biopapa.de\/en\/producte\/organic-mung-beans-split-raw\/","title":{"rendered":"Organic mung beans split RAW"},"content":{"rendered":"<p><strong>Organic mung beans broken, RAW<\/strong><br \/>\nBroken radish beans (also known as green bean particles) have a long history in South Asia, particularly in India, where they have been used for thousands of years. Radish (Vigna radiata) is one of the oldest cultivated legumes, particularly widely used in Ayurvedic nutrition for its easy digestibility and nutritional value.<br \/>\nBroken mung beans are whole mung beans that have been peeled and halved, which cook faster and have a milder taste. Traditionally, they are used in dal dishes, soups or even sweet desserts such as the Indian mung dal halwa or the famous kitchari, an Ayurvedic dish from India considered a light, balanced and healing food.<br \/>\nThese beans are extremely versatile &#8211; they can be used in soups, porridges, stews or even pancakes and vegetarian meatballs. Broken radicchio beans are high in protein, fibre, vitamins and minerals. They are particularly appreciated by vegans and people following a light or detox diet, as mung beans are gentle on the digestive system and do not cause bloating. It is a great ingredient for everyday, healthy meals.<\/p>\n<p>Wash and soak for about 2-4 hours before boiling.<br \/>\nCook for about 30 minutes or until soft, 1:3 with water.<br \/>\nAdd salt at the end of the cooking time.<\/p>\n<p>Recipe for Broken Radish Bean Stew<br \/>\nA mild-tasting, protein-rich dish, perfect as a side dish or as a light vegetarian main course.<\/p>\n<p>Ingredients:<br \/>\n1 cup broken radicchio beans<br \/>\n3 cups of water<br \/>\n1 small carrot, finely chopped<br \/>\n1 celery stalk, diced<br \/>\n1 small onion, chopped<br \/>\n1 clove of garlic, crushed<br \/>\n1 bay leaf<br \/>\n1\/2 teaspoon dried thyme<br \/>\n1 tablespoon olive oil<br \/>\nSalt and pepper to taste<br \/>\nA squeeze of lemon juice (optional)<br \/>\nFresh parsley or coriander for serving<br \/>\nPreparation:<br \/>\nRinse the broken mung beans, cover with water and bring to the boil.<br \/>\nAdd the carrots, celery, onion, garlic, bay leaf and thyme. Cook over low heat for about 30 minutes, until the beans are soft but still hold their shape.<br \/>\nSeason with salt, pepper and a splash of olive oil. For more freshness, add a little lemon juice.<br \/>\nServe hot, sprinkled with fresh parsley or coriander. Perfect with wholemeal bread or potatoes. <\/p>\n<p>&#8220;RAW food&#8221; is not a clearly defined term and interpretations vary. This includes products that have not been heated above 45\u00b0C during the production process, including sun-dried fruit. Transport temperatures are not included as there is insufficient reliable data on them. The base uses unfrozen containers and trucks. The information on production and processing temperatures is based on studies carried out by our suppliers.<\/p>\n<p>NOTE. The information contained herein should not be construed as a recommendation for treatment or other health issues. We encourage you to make personal decisions about your personal health, taking into account a wide range of sources of information.<\/p>\n","protected":false},"excerpt":{"rendered":"<p>Organic mung beans broken, RAW Broken radish beans (also known as green bean particles) have a long history in South<\/p>\n","protected":false},"featured_media":46406,"template":"","meta":{"_acf_changed":false},"product_brand":[],"product_cat":[1980,1855],"product_tag":[2088],"class_list":{"0":"post-46389","1":"product","2":"type-product","3":"status-publish","4":"has-post-thumbnail","6":"product_cat-groats","7":"product_cat-organic-grains-and-legumes","8":"product_tag-vegan","9":"pa_svoris-1-kg-en","10":"pa_svoris-100-g-en-2","11":"pa_svoris-200-g-en","12":"pa_svoris-25-kg-en","13":"pa_svoris-300-g-en","14":"pa_svoris-400-g-en","15":"pa_svoris-500-g-en-2","17":"first","18":"instock","19":"shipping-taxable","20":"purchasable","21":"product-type-variable"},"acf":[],"yoast_head":"<!-- This site is optimized with the Yoast SEO plugin v27.5 - https:\/\/yoast.com\/product\/yoast-seo-wordpress\/ -->\n<title>Organic mung beans split RAW - Biopapa<\/title>\n<meta name=\"description\" content=\"Organic mung beans (Mung, Vigna radiata) are a versatile legume that has been cultivated for thousands of years. Mung beans are an excellent source of vegetable protein.\" \/>\n<meta name=\"robots\" content=\"index, follow, max-snippet:-1, max-image-preview:large, max-video-preview:-1\" \/>\n<link rel=\"canonical\" href=\"https:\/\/www.biopapa.de\/en\/producte\/organic-mung-beans-split-raw\/\" \/>\n<meta property=\"og:locale\" content=\"en_US\" \/>\n<meta property=\"og:type\" content=\"article\" \/>\n<meta property=\"og:title\" content=\"Organic mung beans split RAW - Biopapa\" \/>\n<meta property=\"og:description\" content=\"Organic mung beans (Mung, Vigna radiata) are a versatile legume that has been cultivated for thousands of years. Mung beans are an excellent source of vegetable protein.\" \/>\n<meta property=\"og:url\" content=\"https:\/\/www.biopapa.de\/en\/producte\/organic-mung-beans-split-raw\/\" \/>\n<meta property=\"og:site_name\" content=\"Biopapa\" \/>\n<meta property=\"article:publisher\" content=\"https:\/\/www.facebook.com\/biopapa.lt\" \/>\n<meta property=\"article:modified_time\" content=\"2025-12-12T06:40:24+00:00\" \/>\n<meta property=\"og:image\" content=\"https:\/\/www.biopapa.de\/wp-content\/uploads\/2025\/07\/Ekologiskos-slifuotos-spindulines-pupuoles-mung-skaldytos.png-570x456-1.webp\" \/>\n\t<meta property=\"og:image:width\" content=\"570\" \/>\n\t<meta property=\"og:image:height\" content=\"456\" \/>\n\t<meta property=\"og:image:type\" content=\"image\/webp\" \/>\n<meta name=\"twitter:card\" content=\"summary_large_image\" \/>\n<meta name=\"twitter:label1\" content=\"Est. reading time\" \/>\n\t<meta name=\"twitter:data1\" content=\"2 minutes\" \/>\n<script type=\"application\/ld+json\" class=\"yoast-schema-graph\">{\"@context\":\"https:\\\/\\\/schema.org\",\"@graph\":[{\"@type\":\"WebPage\",\"@id\":\"https:\\\/\\\/www.biopapa.de\\\/en\\\/producte\\\/organic-mung-beans-split-raw\\\/\",\"url\":\"https:\\\/\\\/www.biopapa.de\\\/en\\\/producte\\\/organic-mung-beans-split-raw\\\/\",\"name\":\"Organic mung beans split RAW - Biopapa\",\"isPartOf\":{\"@id\":\"https:\\\/\\\/www.biopapa.de\\\/en\\\/#website\"},\"primaryImageOfPage\":{\"@id\":\"https:\\\/\\\/www.biopapa.de\\\/en\\\/producte\\\/organic-mung-beans-split-raw\\\/#primaryimage\"},\"image\":{\"@id\":\"https:\\\/\\\/www.biopapa.de\\\/en\\\/producte\\\/organic-mung-beans-split-raw\\\/#primaryimage\"},\"thumbnailUrl\":\"https:\\\/\\\/www.biopapa.de\\\/wp-content\\\/uploads\\\/2025\\\/07\\\/Ekologiskos-slifuotos-spindulines-pupuoles-mung-skaldytos.png-570x456-1.webp\",\"datePublished\":\"2025-07-03T11:01:36+00:00\",\"dateModified\":\"2025-12-12T06:40:24+00:00\",\"description\":\"Organic mung beans (Mung, Vigna radiata) are a versatile legume that has been cultivated for thousands of years. Mung beans are an excellent source of vegetable protein.\",\"breadcrumb\":{\"@id\":\"https:\\\/\\\/www.biopapa.de\\\/en\\\/producte\\\/organic-mung-beans-split-raw\\\/#breadcrumb\"},\"inLanguage\":\"en-US\",\"potentialAction\":[{\"@type\":\"ReadAction\",\"target\":[\"https:\\\/\\\/www.biopapa.de\\\/en\\\/producte\\\/organic-mung-beans-split-raw\\\/\"]}]},{\"@type\":\"ImageObject\",\"inLanguage\":\"en-US\",\"@id\":\"https:\\\/\\\/www.biopapa.de\\\/en\\\/producte\\\/organic-mung-beans-split-raw\\\/#primaryimage\",\"url\":\"https:\\\/\\\/www.biopapa.de\\\/wp-content\\\/uploads\\\/2025\\\/07\\\/Ekologiskos-slifuotos-spindulines-pupuoles-mung-skaldytos.png-570x456-1.webp\",\"contentUrl\":\"https:\\\/\\\/www.biopapa.de\\\/wp-content\\\/uploads\\\/2025\\\/07\\\/Ekologiskos-slifuotos-spindulines-pupuoles-mung-skaldytos.png-570x456-1.webp\",\"width\":570,\"height\":456},{\"@type\":\"BreadcrumbList\",\"@id\":\"https:\\\/\\\/www.biopapa.de\\\/en\\\/producte\\\/organic-mung-beans-split-raw\\\/#breadcrumb\",\"itemListElement\":[{\"@type\":\"ListItem\",\"position\":1,\"name\":\"Home\",\"item\":\"https:\\\/\\\/www.biopapa.de\\\/en\\\/\"},{\"@type\":\"ListItem\",\"position\":2,\"name\":\"Shop\",\"item\":\"https:\\\/\\\/www.biopapa.de\\\/en\\\/shop\\\/\"},{\"@type\":\"ListItem\",\"position\":3,\"name\":\"Organic mung beans split RAW\"}]},{\"@type\":\"WebSite\",\"@id\":\"https:\\\/\\\/www.biopapa.de\\\/en\\\/#website\",\"url\":\"https:\\\/\\\/www.biopapa.de\\\/en\\\/\",\"name\":\"Biopapa\",\"description\":\"\u0160var\u016bs ekologi\u0161ki produktai\",\"publisher\":{\"@id\":\"https:\\\/\\\/www.biopapa.de\\\/en\\\/#organization\"},\"potentialAction\":[{\"@type\":\"SearchAction\",\"target\":{\"@type\":\"EntryPoint\",\"urlTemplate\":\"https:\\\/\\\/www.biopapa.de\\\/en\\\/?s={search_term_string}\"},\"query-input\":{\"@type\":\"PropertyValueSpecification\",\"valueRequired\":true,\"valueName\":\"search_term_string\"}}],\"inLanguage\":\"en-US\"},{\"@type\":\"Organization\",\"@id\":\"https:\\\/\\\/www.biopapa.de\\\/en\\\/#organization\",\"name\":\"Biopapa\",\"url\":\"https:\\\/\\\/www.biopapa.de\\\/en\\\/\",\"logo\":{\"@type\":\"ImageObject\",\"inLanguage\":\"en-US\",\"@id\":\"https:\\\/\\\/www.biopapa.de\\\/en\\\/#\\\/schema\\\/logo\\\/image\\\/\",\"url\":\"https:\\\/\\\/www.biopapa.lt\\\/wp-content\\\/uploads\\\/2022\\\/04\\\/facebook_biopapa.jpg\",\"contentUrl\":\"https:\\\/\\\/www.biopapa.lt\\\/wp-content\\\/uploads\\\/2022\\\/04\\\/facebook_biopapa.jpg\",\"width\":1733,\"height\":907,\"caption\":\"Biopapa\"},\"image\":{\"@id\":\"https:\\\/\\\/www.biopapa.de\\\/en\\\/#\\\/schema\\\/logo\\\/image\\\/\"},\"sameAs\":[\"https:\\\/\\\/www.facebook.com\\\/biopapa.lt\"]}]}<\/script>\n<!-- \/ Yoast SEO plugin. -->","yoast_head_json":{"title":"Organic mung beans split RAW - Biopapa","description":"Organic mung beans (Mung, Vigna radiata) are a versatile legume that has been cultivated for thousands of years. Mung beans are an excellent source of vegetable protein.","robots":{"index":"index","follow":"follow","max-snippet":"max-snippet:-1","max-image-preview":"max-image-preview:large","max-video-preview":"max-video-preview:-1"},"canonical":"https:\/\/www.biopapa.de\/en\/producte\/organic-mung-beans-split-raw\/","og_locale":"en_US","og_type":"article","og_title":"Organic mung beans split RAW - Biopapa","og_description":"Organic mung beans (Mung, Vigna radiata) are a versatile legume that has been cultivated for thousands of years. Mung beans are an excellent source of vegetable protein.","og_url":"https:\/\/www.biopapa.de\/en\/producte\/organic-mung-beans-split-raw\/","og_site_name":"Biopapa","article_publisher":"https:\/\/www.facebook.com\/biopapa.lt","article_modified_time":"2025-12-12T06:40:24+00:00","og_image":[{"width":570,"height":456,"url":"https:\/\/www.biopapa.de\/wp-content\/uploads\/2025\/07\/Ekologiskos-slifuotos-spindulines-pupuoles-mung-skaldytos.png-570x456-1.webp","type":"image\/webp"}],"twitter_card":"summary_large_image","twitter_misc":{"Est. reading time":"2 minutes"},"schema":{"@context":"https:\/\/schema.org","@graph":[{"@type":"WebPage","@id":"https:\/\/www.biopapa.de\/en\/producte\/organic-mung-beans-split-raw\/","url":"https:\/\/www.biopapa.de\/en\/producte\/organic-mung-beans-split-raw\/","name":"Organic mung beans split RAW - Biopapa","isPartOf":{"@id":"https:\/\/www.biopapa.de\/en\/#website"},"primaryImageOfPage":{"@id":"https:\/\/www.biopapa.de\/en\/producte\/organic-mung-beans-split-raw\/#primaryimage"},"image":{"@id":"https:\/\/www.biopapa.de\/en\/producte\/organic-mung-beans-split-raw\/#primaryimage"},"thumbnailUrl":"https:\/\/www.biopapa.de\/wp-content\/uploads\/2025\/07\/Ekologiskos-slifuotos-spindulines-pupuoles-mung-skaldytos.png-570x456-1.webp","datePublished":"2025-07-03T11:01:36+00:00","dateModified":"2025-12-12T06:40:24+00:00","description":"Organic mung beans (Mung, Vigna radiata) are a versatile legume that has been cultivated for thousands of years. Mung beans are an excellent source of vegetable protein.","breadcrumb":{"@id":"https:\/\/www.biopapa.de\/en\/producte\/organic-mung-beans-split-raw\/#breadcrumb"},"inLanguage":"en-US","potentialAction":[{"@type":"ReadAction","target":["https:\/\/www.biopapa.de\/en\/producte\/organic-mung-beans-split-raw\/"]}]},{"@type":"ImageObject","inLanguage":"en-US","@id":"https:\/\/www.biopapa.de\/en\/producte\/organic-mung-beans-split-raw\/#primaryimage","url":"https:\/\/www.biopapa.de\/wp-content\/uploads\/2025\/07\/Ekologiskos-slifuotos-spindulines-pupuoles-mung-skaldytos.png-570x456-1.webp","contentUrl":"https:\/\/www.biopapa.de\/wp-content\/uploads\/2025\/07\/Ekologiskos-slifuotos-spindulines-pupuoles-mung-skaldytos.png-570x456-1.webp","width":570,"height":456},{"@type":"BreadcrumbList","@id":"https:\/\/www.biopapa.de\/en\/producte\/organic-mung-beans-split-raw\/#breadcrumb","itemListElement":[{"@type":"ListItem","position":1,"name":"Home","item":"https:\/\/www.biopapa.de\/en\/"},{"@type":"ListItem","position":2,"name":"Shop","item":"https:\/\/www.biopapa.de\/en\/shop\/"},{"@type":"ListItem","position":3,"name":"Organic mung beans split RAW"}]},{"@type":"WebSite","@id":"https:\/\/www.biopapa.de\/en\/#website","url":"https:\/\/www.biopapa.de\/en\/","name":"Biopapa","description":"\u0160var\u016bs ekologi\u0161ki produktai","publisher":{"@id":"https:\/\/www.biopapa.de\/en\/#organization"},"potentialAction":[{"@type":"SearchAction","target":{"@type":"EntryPoint","urlTemplate":"https:\/\/www.biopapa.de\/en\/?s={search_term_string}"},"query-input":{"@type":"PropertyValueSpecification","valueRequired":true,"valueName":"search_term_string"}}],"inLanguage":"en-US"},{"@type":"Organization","@id":"https:\/\/www.biopapa.de\/en\/#organization","name":"Biopapa","url":"https:\/\/www.biopapa.de\/en\/","logo":{"@type":"ImageObject","inLanguage":"en-US","@id":"https:\/\/www.biopapa.de\/en\/#\/schema\/logo\/image\/","url":"https:\/\/www.biopapa.lt\/wp-content\/uploads\/2022\/04\/facebook_biopapa.jpg","contentUrl":"https:\/\/www.biopapa.lt\/wp-content\/uploads\/2022\/04\/facebook_biopapa.jpg","width":1733,"height":907,"caption":"Biopapa"},"image":{"@id":"https:\/\/www.biopapa.de\/en\/#\/schema\/logo\/image\/"},"sameAs":["https:\/\/www.facebook.com\/biopapa.lt"]}]}},"_links":{"self":[{"href":"https:\/\/www.biopapa.de\/en\/wp-json\/wp\/v2\/product\/46389","targetHints":{"allow":["GET"]}}],"collection":[{"href":"https:\/\/www.biopapa.de\/en\/wp-json\/wp\/v2\/product"}],"about":[{"href":"https:\/\/www.biopapa.de\/en\/wp-json\/wp\/v2\/types\/product"}],"wp:featuredmedia":[{"embeddable":true,"href":"https:\/\/www.biopapa.de\/en\/wp-json\/wp\/v2\/media\/46406"}],"wp:attachment":[{"href":"https:\/\/www.biopapa.de\/en\/wp-json\/wp\/v2\/media?parent=46389"}],"wp:term":[{"taxonomy":"product_brand","embeddable":true,"href":"https:\/\/www.biopapa.de\/en\/wp-json\/wp\/v2\/product_brand?post=46389"},{"taxonomy":"product_cat","embeddable":true,"href":"https:\/\/www.biopapa.de\/en\/wp-json\/wp\/v2\/product_cat?post=46389"},{"taxonomy":"product_tag","embeddable":true,"href":"https:\/\/www.biopapa.de\/en\/wp-json\/wp\/v2\/product_tag?post=46389"}],"curies":[{"name":"wp","href":"https:\/\/api.w.org\/{rel}","templated":true}]}}