{"id":14747,"date":"2021-09-02T09:55:04","date_gmt":"2021-09-02T06:55:04","guid":{"rendered":"https:\/\/www.biopapa.lt\/?page_id=14747"},"modified":"2022-03-07T00:00:20","modified_gmt":"2022-03-06T22:00:20","slug":"atsiskaitymo-budai","status":"publish","type":"page","link":"https:\/\/www.biopapa.de\/lt\/atsiskaitymo-budai\/","title":{"rendered":"Atsiskaitymo b\u016bdai"},"content":{"rendered":"<h4><strong>ELEKTRONIN\u0116 BANKININKYST\u0116:<\/strong><\/h4>\n<p><img decoding=\"async\" class=\" wd-lazy-blur alignnone wp-image-14795 size-full\" style=\"margin-right: 5px; margin-bottom: 30px;\" src=\"https:\/\/www.biopapa.de\/wp-content\/themes\/woodmart\/images\/lazy.svg\" data-src=\"https:\/\/www.biopapa.lt\/wp-content\/uploads\/2021\/09\/Paysera_logo-e1630574194875.png\" alt=\"\" width=\"150\" height=\"35\" \/>\u00a0 \u00a0<img decoding=\"async\" class=\" wd-lazy-blur alignnone wp-image-14800 size-full\" style=\"margin-right: 5px; margin-bottom: 30px;\" src=\"https:\/\/www.biopapa.de\/wp-content\/themes\/woodmart\/images\/lazy.svg\" data-src=\"https:\/\/www.biopapa.lt\/wp-content\/uploads\/2021\/09\/Swedbank_logo-e1630573217716.gif\" alt=\"\" width=\"150\" height=\"44\" \/>\u00a0 \u00a0<img decoding=\"async\" class=\" wd-lazy-blur alignnone wp-image-14797 size-full\" style=\"margin-right: 5px; margin-bottom: 30px;\" src=\"https:\/\/www.biopapa.de\/wp-content\/themes\/woodmart\/images\/lazy.svg\" data-src=\"https:\/\/www.biopapa.lt\/wp-content\/uploads\/2021\/09\/SEB_logo-e1630573117438.png\" alt=\"\" width=\"150\" height=\"62\" \/>\u00a0 \u00a0<img decoding=\"async\" class=\" wd-lazy-blur alignnone wp-image-14794 size-full\" style=\"margin-right: 5px; margin-bottom: 30px;\" src=\"https:\/\/www.biopapa.de\/wp-content\/themes\/woodmart\/images\/lazy.svg\" data-src=\"https:\/\/www.biopapa.lt\/wp-content\/uploads\/2021\/09\/Medicinos_bankas_logo-e1630573352922.png\" alt=\"\" width=\"150\" height=\"49\" \/>\u00a0 \u00a0<img decoding=\"async\" class=\" wd-lazy-blur alignnone wp-image-14799 size-full\" style=\"margin-right: 5px; margin-bottom: 30px;\" src=\"https:\/\/www.biopapa.de\/wp-content\/themes\/woodmart\/images\/lazy.svg\" data-src=\"https:\/\/www.biopapa.lt\/wp-content\/uploads\/2021\/09\/Siauliu_Bankas_logo-e1630573180838.png\" alt=\"\" width=\"150\" height=\"56\" \/>\u00a0 \u00a0<img decoding=\"async\" class=\" wd-lazy-blur alignnone wp-image-14791 size-full\" style=\"margin-right: 5px; margin-bottom: 30px;\" src=\"https:\/\/www.biopapa.de\/wp-content\/themes\/woodmart\/images\/lazy.svg\" data-src=\"https:\/\/www.biopapa.lt\/wp-content\/uploads\/2021\/09\/Citadele-logo-e1630573420644.png\" alt=\"\" width=\"150\" height=\"23\" \/>\u00a0 \u00a0<img decoding=\"async\" class=\" wd-lazy-blur alignnone wp-image-14796 size-full\" style=\"margin-right: 5px; margin-bottom: 30px;\" src=\"https:\/\/www.biopapa.de\/wp-content\/themes\/woodmart\/images\/lazy.svg\" data-src=\"https:\/\/www.biopapa.lt\/wp-content\/uploads\/2021\/09\/Revolut_logo-e1630572701820.png\" alt=\"\" width=\"150\" height=\"34\" \/>\u00a0 \u00a0<img decoding=\"async\" class=\" wd-lazy-blur alignnone wp-image-14792 size-full\" src=\"https:\/\/www.biopapa.de\/wp-content\/themes\/woodmart\/images\/lazy.svg\" data-src=\"https:\/\/www.biopapa.lt\/wp-content\/uploads\/2021\/09\/LKU_logo-e1630573531988.png\" alt=\"\" width=\"150\" height=\"64\" \/><\/p>\n<h4><strong>ELEKTRONINIAI PINIGAI:<\/strong><\/h4>\n<p><img decoding=\"async\" class=\" wd-lazy-blur alignnone wp-image-14801 size-full\" src=\"https:\/\/www.biopapa.de\/wp-content\/themes\/woodmart\/images\/lazy.svg\" data-src=\"https:\/\/www.biopapa.lt\/wp-content\/uploads\/2021\/09\/WebMoney_logo-e1630573796765.png\" alt=\"\" width=\"150\" height=\"45\" \/><\/p>\n<h4><strong>MOK\u0116JIMAS ATSIIMANT PREKES PARDUOTUV\u0116JE:<\/strong><\/h4>\n<p>Jei pasirinkote galimyb\u0119 nemokamai atsiimti prekes m\u016bs\u0173 parduotuv\u0117je, apmok\u0117ti u\u017e prekes gal\u0117site jas atsiimdami banko kortele arba grynaisiais pinigais.<\/p>\n","protected":false},"excerpt":{"rendered":"<p>ELEKTRONIN\u0116 BANKININKYST\u0116: \u00a0 \u00a0\u00a0 \u00a0\u00a0 \u00a0\u00a0 \u00a0\u00a0 \u00a0\u00a0 \u00a0\u00a0 \u00a0 ELEKTRONINIAI PINIGAI: MOK\u0116JIMAS ATSIIMANT PREKES PARDUOTUV\u0116JE: Jei pasirinkote galimyb\u0119 nemokamai<\/p>\n","protected":false},"author":265,"featured_media":0,"parent":0,"menu_order":0,"comment_status":"closed","ping_status":"closed","template":"","meta":{"_acf_changed":false,"footnotes":""},"class_list":["post-14747","page","type-page","status-publish","hentry"],"acf":[],"yoast_head":"<!-- This site is optimized with the Yoast SEO plugin v27.3 - https:\/\/yoast.com\/product\/yoast-seo-wordpress\/ -->\n<title>Atsiskaitymo b\u016bdai - Biopapa<\/title>\n<meta name=\"description\" content=\"Atsiskaitykite patogiai: pirkdami internetu - per elektronin\u0119 bankininkyst\u0119, o atvyk\u0119 \u012f parduotuv\u0119 - banko kortele arba grynaisiais pinigais.\" \/>\n<meta name=\"robots\" content=\"index, follow, max-snippet:-1, max-image-preview:large, max-video-preview:-1\" \/>\n<link rel=\"canonical\" href=\"https:\/\/www.biopapa.de\/lt\/atsiskaitymo-budai\/\" \/>\n<meta property=\"og:locale\" content=\"lt_LT\" \/>\n<meta property=\"og:type\" content=\"article\" \/>\n<meta property=\"og:title\" content=\"Atsiskaitymo b\u016bdai - Biopapa\" \/>\n<meta property=\"og:description\" content=\"Atsiskaitykite patogiai: pirkdami internetu - per elektronin\u0119 bankininkyst\u0119, o atvyk\u0119 \u012f parduotuv\u0119 - banko kortele arba grynaisiais pinigais.\" \/>\n<meta property=\"og:url\" content=\"https:\/\/www.biopapa.de\/lt\/atsiskaitymo-budai\/\" \/>\n<meta property=\"og:site_name\" content=\"Biopapa\" \/>\n<meta property=\"article:publisher\" content=\"https:\/\/www.facebook.com\/biopapa.lt\" \/>\n<meta property=\"article:modified_time\" content=\"2022-03-06T22:00:20+00:00\" \/>\n<meta property=\"og:image\" content=\"https:\/\/www.biopapa.lt\/wp-content\/uploads\/2021\/09\/Paysera_logo-e1630574194875.png\" \/>\n<meta name=\"twitter:card\" content=\"summary_large_image\" \/>\n<meta name=\"twitter:label1\" content=\"Est. reading time\" \/>\n\t<meta name=\"twitter:data1\" content=\"2 minut\u0117s\" \/>\n<script type=\"application\/ld+json\" class=\"yoast-schema-graph\">{\"@context\":\"https:\\\/\\\/schema.org\",\"@graph\":[{\"@type\":\"WebPage\",\"@id\":\"https:\\\/\\\/www.biopapa.de\\\/lt\\\/atsiskaitymo-budai\\\/\",\"url\":\"https:\\\/\\\/www.biopapa.de\\\/lt\\\/atsiskaitymo-budai\\\/\",\"name\":\"Atsiskaitymo b\u016bdai - Biopapa\",\"isPartOf\":{\"@id\":\"https:\\\/\\\/www.biopapa.de\\\/lt\\\/#website\"},\"primaryImageOfPage\":{\"@id\":\"https:\\\/\\\/www.biopapa.de\\\/lt\\\/atsiskaitymo-budai\\\/#primaryimage\"},\"image\":{\"@id\":\"https:\\\/\\\/www.biopapa.de\\\/lt\\\/atsiskaitymo-budai\\\/#primaryimage\"},\"thumbnailUrl\":\"https:\\\/\\\/www.biopapa.lt\\\/wp-content\\\/uploads\\\/2021\\\/09\\\/Paysera_logo-e1630574194875.png\",\"datePublished\":\"2021-09-02T06:55:04+00:00\",\"dateModified\":\"2022-03-06T22:00:20+00:00\",\"description\":\"Atsiskaitykite patogiai: pirkdami internetu - per elektronin\u0119 bankininkyst\u0119, o atvyk\u0119 \u012f parduotuv\u0119 - banko kortele arba grynaisiais pinigais.\",\"breadcrumb\":{\"@id\":\"https:\\\/\\\/www.biopapa.de\\\/lt\\\/atsiskaitymo-budai\\\/#breadcrumb\"},\"inLanguage\":\"lt-LT\",\"potentialAction\":[{\"@type\":\"ReadAction\",\"target\":[\"https:\\\/\\\/www.biopapa.de\\\/lt\\\/atsiskaitymo-budai\\\/\"]}]},{\"@type\":\"ImageObject\",\"inLanguage\":\"lt-LT\",\"@id\":\"https:\\\/\\\/www.biopapa.de\\\/lt\\\/atsiskaitymo-budai\\\/#primaryimage\",\"url\":\"https:\\\/\\\/www.biopapa.lt\\\/wp-content\\\/uploads\\\/2021\\\/09\\\/Paysera_logo-e1630574194875.png\",\"contentUrl\":\"https:\\\/\\\/www.biopapa.lt\\\/wp-content\\\/uploads\\\/2021\\\/09\\\/Paysera_logo-e1630574194875.png\"},{\"@type\":\"BreadcrumbList\",\"@id\":\"https:\\\/\\\/www.biopapa.de\\\/lt\\\/atsiskaitymo-budai\\\/#breadcrumb\",\"itemListElement\":[{\"@type\":\"ListItem\",\"position\":1,\"name\":\"Home\",\"item\":\"https:\\\/\\\/www.biopapa.de\\\/lt\\\/\"},{\"@type\":\"ListItem\",\"position\":2,\"name\":\"Atsiskaitymo b\u016bdai\"}]},{\"@type\":\"WebSite\",\"@id\":\"https:\\\/\\\/www.biopapa.de\\\/lt\\\/#website\",\"url\":\"https:\\\/\\\/www.biopapa.de\\\/lt\\\/\",\"name\":\"Biopapa\",\"description\":\"\u0160var\u016bs ekologi\u0161ki produktai\",\"publisher\":{\"@id\":\"https:\\\/\\\/www.biopapa.de\\\/lt\\\/#organization\"},\"potentialAction\":[{\"@type\":\"SearchAction\",\"target\":{\"@type\":\"EntryPoint\",\"urlTemplate\":\"https:\\\/\\\/www.biopapa.de\\\/lt\\\/?s={search_term_string}\"},\"query-input\":{\"@type\":\"PropertyValueSpecification\",\"valueRequired\":true,\"valueName\":\"search_term_string\"}}],\"inLanguage\":\"lt-LT\"},{\"@type\":\"Organization\",\"@id\":\"https:\\\/\\\/www.biopapa.de\\\/lt\\\/#organization\",\"name\":\"Biopapa\",\"url\":\"https:\\\/\\\/www.biopapa.de\\\/lt\\\/\",\"logo\":{\"@type\":\"ImageObject\",\"inLanguage\":\"lt-LT\",\"@id\":\"https:\\\/\\\/www.biopapa.de\\\/lt\\\/#\\\/schema\\\/logo\\\/image\\\/\",\"url\":\"https:\\\/\\\/www.biopapa.lt\\\/wp-content\\\/uploads\\\/2022\\\/04\\\/facebook_biopapa.jpg\",\"contentUrl\":\"https:\\\/\\\/www.biopapa.lt\\\/wp-content\\\/uploads\\\/2022\\\/04\\\/facebook_biopapa.jpg\",\"width\":1733,\"height\":907,\"caption\":\"Biopapa\"},\"image\":{\"@id\":\"https:\\\/\\\/www.biopapa.de\\\/lt\\\/#\\\/schema\\\/logo\\\/image\\\/\"},\"sameAs\":[\"https:\\\/\\\/www.facebook.com\\\/biopapa.lt\"]}]}<\/script>\n<!-- \/ Yoast SEO plugin. -->","yoast_head_json":{"title":"Atsiskaitymo b\u016bdai - Biopapa","description":"Atsiskaitykite patogiai: pirkdami internetu - per elektronin\u0119 bankininkyst\u0119, o atvyk\u0119 \u012f parduotuv\u0119 - banko kortele arba grynaisiais pinigais.","robots":{"index":"index","follow":"follow","max-snippet":"max-snippet:-1","max-image-preview":"max-image-preview:large","max-video-preview":"max-video-preview:-1"},"canonical":"https:\/\/www.biopapa.de\/lt\/atsiskaitymo-budai\/","og_locale":"lt_LT","og_type":"article","og_title":"Atsiskaitymo b\u016bdai - Biopapa","og_description":"Atsiskaitykite patogiai: pirkdami internetu - per elektronin\u0119 bankininkyst\u0119, o atvyk\u0119 \u012f parduotuv\u0119 - banko kortele arba grynaisiais pinigais.","og_url":"https:\/\/www.biopapa.de\/lt\/atsiskaitymo-budai\/","og_site_name":"Biopapa","article_publisher":"https:\/\/www.facebook.com\/biopapa.lt","article_modified_time":"2022-03-06T22:00:20+00:00","og_image":[{"url":"https:\/\/www.biopapa.lt\/wp-content\/uploads\/2021\/09\/Paysera_logo-e1630574194875.png","type":"","width":"","height":""}],"twitter_card":"summary_large_image","twitter_misc":{"Est. reading time":"2 minut\u0117s"},"schema":{"@context":"https:\/\/schema.org","@graph":[{"@type":"WebPage","@id":"https:\/\/www.biopapa.de\/lt\/atsiskaitymo-budai\/","url":"https:\/\/www.biopapa.de\/lt\/atsiskaitymo-budai\/","name":"Atsiskaitymo b\u016bdai - Biopapa","isPartOf":{"@id":"https:\/\/www.biopapa.de\/lt\/#website"},"primaryImageOfPage":{"@id":"https:\/\/www.biopapa.de\/lt\/atsiskaitymo-budai\/#primaryimage"},"image":{"@id":"https:\/\/www.biopapa.de\/lt\/atsiskaitymo-budai\/#primaryimage"},"thumbnailUrl":"https:\/\/www.biopapa.lt\/wp-content\/uploads\/2021\/09\/Paysera_logo-e1630574194875.png","datePublished":"2021-09-02T06:55:04+00:00","dateModified":"2022-03-06T22:00:20+00:00","description":"Atsiskaitykite patogiai: pirkdami internetu - per elektronin\u0119 bankininkyst\u0119, o atvyk\u0119 \u012f parduotuv\u0119 - banko kortele arba grynaisiais pinigais.","breadcrumb":{"@id":"https:\/\/www.biopapa.de\/lt\/atsiskaitymo-budai\/#breadcrumb"},"inLanguage":"lt-LT","potentialAction":[{"@type":"ReadAction","target":["https:\/\/www.biopapa.de\/lt\/atsiskaitymo-budai\/"]}]},{"@type":"ImageObject","inLanguage":"lt-LT","@id":"https:\/\/www.biopapa.de\/lt\/atsiskaitymo-budai\/#primaryimage","url":"https:\/\/www.biopapa.lt\/wp-content\/uploads\/2021\/09\/Paysera_logo-e1630574194875.png","contentUrl":"https:\/\/www.biopapa.lt\/wp-content\/uploads\/2021\/09\/Paysera_logo-e1630574194875.png"},{"@type":"BreadcrumbList","@id":"https:\/\/www.biopapa.de\/lt\/atsiskaitymo-budai\/#breadcrumb","itemListElement":[{"@type":"ListItem","position":1,"name":"Home","item":"https:\/\/www.biopapa.de\/lt\/"},{"@type":"ListItem","position":2,"name":"Atsiskaitymo b\u016bdai"}]},{"@type":"WebSite","@id":"https:\/\/www.biopapa.de\/lt\/#website","url":"https:\/\/www.biopapa.de\/lt\/","name":"Biopapa","description":"\u0160var\u016bs ekologi\u0161ki produktai","publisher":{"@id":"https:\/\/www.biopapa.de\/lt\/#organization"},"potentialAction":[{"@type":"SearchAction","target":{"@type":"EntryPoint","urlTemplate":"https:\/\/www.biopapa.de\/lt\/?s={search_term_string}"},"query-input":{"@type":"PropertyValueSpecification","valueRequired":true,"valueName":"search_term_string"}}],"inLanguage":"lt-LT"},{"@type":"Organization","@id":"https:\/\/www.biopapa.de\/lt\/#organization","name":"Biopapa","url":"https:\/\/www.biopapa.de\/lt\/","logo":{"@type":"ImageObject","inLanguage":"lt-LT","@id":"https:\/\/www.biopapa.de\/lt\/#\/schema\/logo\/image\/","url":"https:\/\/www.biopapa.lt\/wp-content\/uploads\/2022\/04\/facebook_biopapa.jpg","contentUrl":"https:\/\/www.biopapa.lt\/wp-content\/uploads\/2022\/04\/facebook_biopapa.jpg","width":1733,"height":907,"caption":"Biopapa"},"image":{"@id":"https:\/\/www.biopapa.de\/lt\/#\/schema\/logo\/image\/"},"sameAs":["https:\/\/www.facebook.com\/biopapa.lt"]}]}},"_links":{"self":[{"href":"https:\/\/www.biopapa.de\/lt\/wp-json\/wp\/v2\/pages\/14747","targetHints":{"allow":["GET"]}}],"collection":[{"href":"https:\/\/www.biopapa.de\/lt\/wp-json\/wp\/v2\/pages"}],"about":[{"href":"https:\/\/www.biopapa.de\/lt\/wp-json\/wp\/v2\/types\/page"}],"author":[{"embeddable":true,"href":"https:\/\/www.biopapa.de\/lt\/wp-json\/wp\/v2\/users\/265"}],"replies":[{"embeddable":true,"href":"https:\/\/www.biopapa.de\/lt\/wp-json\/wp\/v2\/comments?post=14747"}],"version-history":[{"count":0,"href":"https:\/\/www.biopapa.de\/lt\/wp-json\/wp\/v2\/pages\/14747\/revisions"}],"wp:attachment":[{"href":"https:\/\/www.biopapa.de\/lt\/wp-json\/wp\/v2\/media?parent=14747"}],"curies":[{"name":"wp","href":"https:\/\/api.w.org\/{rel}","templated":true}]}}