{"id":14838,"date":"2021-09-02T17:14:17","date_gmt":"2021-09-02T14:14:17","guid":{"rendered":"https:\/\/www.biopapa.lt\/?page_id=14838"},"modified":"2023-11-30T12:34:04","modified_gmt":"2023-11-30T10:34:04","slug":"privatumo-politika","status":"publish","type":"page","link":"https:\/\/www.biopapa.de\/lt\/privatumo-politika\/","title":{"rendered":"Privatumo politika"},"content":{"rendered":"<h4>I. S\u0104VOKOS<\/h4>\n<p>1.1. Duomen\u0173 valdytojas \u2013 UAB \u201e\u017daliuomen\u0117\u201c (toliau \u2013 Duomen\u0173 valdytojas), \u00a0\u012fmon\u0117s kodas 305766803, adresas Klaip\u0117dos g. 3, Vilnius, elektroninio pa\u0161to adresas \u2013 <a href=\"mailto:info@zaliuomene.lt\">info@biopapa.lt<\/a>, parduotuv\u0117s adresas <a href=\"https:\/\/www.biopapa.lt\/\">www.biopapa.de.<\/a><\/p>\n<p>1.2. Pirk\u0117jas \u2013 veiksnus fizinis arba juridinis asmuo, \u012fsigij\u0119s preki\u0173 interneto parduotuv\u0117je <a href=\"https:\/\/www.biopapa.lt\">www.biopapa.de<\/a><\/p>\n<p>1.3. Asmens duomen\u0173 tvarkymo taisykl\u0117s (toliau \u2013 Taisykl\u0117s), reglamentuoja pagrindinius asmens duomen\u0173 rinkimo, tvarkymo ir saugojimo principus, kuriais remiasi Duomen\u0173 valdytojas tvarkydamas Pirk\u0117jo asmeninius duomenis.<\/p>\n<h4>II. BENDROSIOS NUOSTATOS<\/h4>\n<p>2.1. \u0160i privatumo politika reglamentuoja Duomen\u0173 valdytojo ir Pirk\u0117jo pagrindinius asmens duomen\u0173 rinkimo, tvarkymo ir saugojimo principus bei tvark\u0105.<\/p>\n<p>2.2. Pirk\u0117jo asmens duomen\u0173 rinkim\u0105, tvarkym\u0105 ir saugojim\u0105 nustato \u0161i privatumo politika, Lietuvos Respublikos Asmens duomen\u0173 teisin\u0117s apsaugos \u012fstatymas ir kiti teis\u0117s aktai.<\/p>\n<p>2.3. El. parduotuv\u0117je nurodydami savo asmens duomenis, sutinkate, kad Duomen\u0173 valdytojas juos valdys ir tvarkys \u0161ioje privatumo politikoje bei teis\u0117s aktuose numatytais tikslais, priemon\u0117mis ir tvarka.<\/p>\n<p>2.4 Pateikdamas preki\u0173 u\u017esakym\u0105 Pirk\u0117jas \u012fsipareigoja pateikti piln\u0105 ir teising\u0105 informacij\u0105 apie save. Pirk\u0117jui pateikus netikslius ar melagingus duomenis, Duomen\u0173 valdytojas turi teis\u0119 anuliuoti Pirk\u0117jo registracij\u0105 ir\/arba apriboti galimybes naudotis el. parduotuve. Pirk\u0117jo duomenims pasikeitus, Pirk\u0117jas turi nedelsdamas juos atnaujinti.<\/p>\n<p>2.5. Duomen\u0173 valdytojas \u012fsipareigoja parduoti prekes fiziniams asmenims, kurie yra ne jaunesni nei 16 met\u0173. Jei Pirk\u0117jas yra jaunesnis nei 16 met\u0173, Pirk\u0117jas gali pirkti tik su t\u0117v\u0173 ar glob\u0117j\u0173 sutikimu.<\/p>\n<h4>III. ASMEN\u0172 DUOMEN\u0172 RINKIMAS, TVARKYMAS IR SAUGOJIMAS<\/h4>\n<p>3.1. Duomen\u0173 valdytojas vadovaujasi \u0161iais pagrindiniais asmens duomen\u0173 tvarkymo principais:<br \/>\n3.1.1. Asmens duomenys renkami apibr\u0117\u017etais ir teis\u0117tais tikslais.<br \/>\n3.1.2. Asmens duomenys tvarkomi tiksliai ir s\u0105\u017einingai.<br \/>\n3.1.3. Asmens duomenys nuolat atnaujinami.<br \/>\n3.1.4. Asmens duomenys saugojami ne ilgiau, nei to reikalauja nustatyti duomen\u0173 tvarkymo tikslai.<br \/>\n3.1.5. Asmens duomenis tvarko tik tie darbuotojai, kuriems suteikta tokia teis\u0117.<br \/>\n3.1.6. Visa informacija apie tvarkomus asmens duomenis yra konfidenciali.<\/p>\n<p>3.2. Pirk\u0117jas sutinka, kad asmens duomenys, kuriuos jis savo noru pateikia u\u017esakymo metu b\u016bt\u0173 tvarkomi remiantis \u0161iomis taisykl\u0117mis:<\/p>\n<p>3.2.1. Pirk\u0117jas turi teis\u0119 susipa\u017einti su savo asmens duomenimis, turi teis\u0119 \u017einoti, kokius jo asmeninius duomenis esame sukaup\u0119, turi teis\u0119 su\u017einoti, kokiems duomen\u0173 gav\u0117jams jo asmens duomenys tiekiami ir buvo pateikti per paskutinius 1 metus, turi teis\u0119 reikalauti i\u0161taisyti neteisingus, nei\u0161samius, netikslius savo asmens duomenis, turi teis\u0119 papra\u0161yti i\u0161trinti sukauptus duomenis apie save ir turi teis\u0119 papra\u0161yti nustoti apdoroti sukauptus asmens duomenis, visa tai gali padaryti para\u0161ydamas el. lai\u0161k\u0105 info@zaliuomene.lt arba paskambindamas numeriu +370 698 47982. Tokiu atveju Duomen\u0173 valdytojas nedelsdamas turi \u012fgyvendinti Pirk\u0117jo pra\u0161ym\u0105 (per 1-5 darbo dienas) ir Pirk\u0117jo duomenis i\u0161trinti arba patikimai nuasmeninti. Jeigu Duomen\u0173 valdytojas mato gr\u0117sm\u0119 asmens duomenims, jis turi teis\u0119 papra\u0161yti patvirtinti asmens tapatyb\u0119 patvirtinan\u010dio dokumento, leid\u017eian\u010dio tinkamai identifikuoti Pirk\u0117j\u0105.<\/p>\n<p>3.3. Duomen\u0173 valdytojas pripa\u017e\u012fsta ir gerbia kiekvieno Pirk\u0117jo, kuris daro u\u017esakym\u0105 el. parduotuv\u0117jewww.zaliuomene.lt teis\u0119 \u012f privatum\u0105. Duomen\u0173 valdytojas renka ir naudoja Pirk\u0117jo asmens duomenis (pavadinim\u0105 arba vard\u0105 ir pavard\u0119, adres\u0105, telefono numer\u012f, elektroninio pa\u0161to adres\u0105 ir kit\u0105 interneto parduotuv\u0117s u\u017esakymo metu nurodyt\u0105 informacij\u0105) preki\u0173 arba paslaug\u0173 u\u017esakym\u0173 apdorojimui arba kit\u0173 prisiimt\u0173 sutartini\u0173 \u012fsipareigojim\u0173 vykdymui. Klientas darydamas u\u017esakym\u0105 gali pareik\u0161ti savo sutikim\u0105\/nesutikim\u0105 d\u0117l jo asmens duomen\u0173 naudojimo tiesiogin\u0117s rinkodaros tikslams. Tai jis padaro pa\u017eym\u0117damas (sutinku, kad jo asmens duomenys b\u016bt\u0173 naudojami tiesiogin\u0117s rinkodaros tikslais) arba nepa\u017eym\u0117damas varnel\u0117s (nesutinka). Duomen\u0173 valdytojas, si\u0173sdamas naujienlai\u0161kius Pirk\u0117jo nurodytu el. pa\u0161tu \u012fsipareigoja sudaryti galimybes naujienlai\u0161kio atsisakyti (naujienlai\u0161kio pabaigoje turi b\u016bti pasirinkimas: \u201eatsisakyti naujienlai\u0161kio\u201c \u2013 paspaud\u0119s kur\u012f Pirk\u0117jas daugiau nebegaus naujienlai\u0161ki\u0173).<\/p>\n<h4>IV. ASMEN\u0172 DUOMEN\u0172 PERDAVIMAS TRE\u010cIOSIOMS \u0160ALIMS<\/h4>\n<p>4.1. Duomen\u0173 valdytojas \u012fsipareigoja neatskleisti Pirk\u0117jo asmens duomen\u0173 tretiesiems asmenims, i\u0161skyrus Duomen\u0173 valdytojo partnerius, teikian\u010dius preki\u0173 pristatymo arba kitas, su Pirk\u0117jo u\u017esakymo tinkamu \u012fvykdymu susijusias paslaugas. Visais kitais atvejais Pirk\u0117jo asmens duomenys tretiesiems asmenims gali b\u016bti atskleid\u017eiami tik Lietuvos Respublikos teis\u0117s akt\u0173 numatyta tvarka.<\/p>\n<p><strong>V. REGISTRACIJOS PATEIKIMO TAISYKL\u0116S<\/strong><\/p>\n<p>5.1. Pirk\u0117jas registracijos formoje turite pateikti piln\u0105, i\u0161sami\u0105 ir teising\u0105 informacij\u0105 apie save. Jeigu registracijos formoje Pirk\u0117jas pateik\u0117 netikslius, melagingus ar klaidinan\u010dius duomenis, Duomen\u0173 valdytojas turi teis\u0119 anuliuoti Pirk\u0117jo registracij\u0105 ir i\u0161trinti duomenis arba apriboti Pirk\u0117jo galimybes naudotis el. parduotuve.<\/p>\n<p>5.2. Pirk\u0117jas turi teis\u0119 bet kada keisti ir\/ar atnaujinti registracijos formoje pateikt\u0105 informacij\u0105.<\/p>\n<p><strong>VI. TAISYKLI\u0172 KEITIMAS<\/strong><\/p>\n<p>6.1. Duomen\u0173 valdytojas turi teis\u0119 i\u0161 dalies arba visi\u0161kai pakeisti Taisykles apie tai www.zaliuomene.lt el.parduotuv\u0117je ir nurodydamas atnaujint\u0173 Taisykli\u0173 dat\u0105.<\/p>\n<p>6.2. Taisykli\u0173 papildymai arba pakeitimai \u012fsigalioja nuo j\u0173 paskelbimo dienos, t. y. nuo tos dienos, kai jie atsiranda el. parduotuv\u0117je www.zaliuomene.lt.<\/p>\n<p>6.3. Jeigu Pirk\u0117jas nesutinka su nauja Taisykli\u0173 redakcija, jis turi teis\u0119 ra\u0161tu jos atsisakyti.<\/p>\n<p>6.4. Jei po Taisykli\u0173 papildymo arba pakeitimo Pirk\u0117jas ir toliau naudojasi interneto parduotuv\u0117s teikiamomis paslaugomis, laikoma, kad Pirk\u0117jas sutinka su nauj\u0105ja Taisykli\u0173 redakcija.<\/p>\n<h4>VII. INFORMACIJOS PATEIKIMAS IR SAUGOJIMAS<\/h4>\n<p>7.1. Visi prane\u0161imai, susij\u0119 su asmens duomen\u0173 tvarkymu, Duomen\u0173 valdytojui yra pateikiami el. pa\u0161tu info@zaliuomene.lt.<\/p>\n<p>7.2. Atsakym\u0105 Duomen\u0173 valdytojas pateikia ta pa\u010dia forma, kuria buvo gautas prane\u0161imas arba pretenzija.<\/p>\n<p><em>Jeigu turite klausim\u0173 ir\/ar pasi\u016blym\u0173, para\u0161ykite mums el. adresu <a href=\"mailto:info@zaliuomene.lt\">info@biopapa.lt<\/a><\/em><\/p>\n","protected":false},"excerpt":{"rendered":"<p>I. S\u0104VOKOS 1.1. Duomen\u0173 valdytojas \u2013 UAB \u201e\u017daliuomen\u0117\u201c (toliau \u2013 Duomen\u0173 valdytojas), \u00a0\u012fmon\u0117s kodas 305766803, adresas Klaip\u0117dos g. 3, Vilnius,<\/p>\n","protected":false},"author":265,"featured_media":0,"parent":0,"menu_order":0,"comment_status":"closed","ping_status":"closed","template":"","meta":{"_acf_changed":false,"footnotes":""},"class_list":["post-14838","page","type-page","status-publish","hentry"],"acf":[],"yoast_head":"<!-- This site is optimized with the Yoast SEO plugin v27.4 - https:\/\/yoast.com\/product\/yoast-seo-wordpress\/ -->\n<title>Privatumo politika - Biopapa<\/title>\n<meta name=\"robots\" content=\"index, follow, max-snippet:-1, max-image-preview:large, max-video-preview:-1\" \/>\n<link rel=\"canonical\" href=\"https:\/\/www.biopapa.de\/lt\/privatumo-politika\/\" \/>\n<meta property=\"og:locale\" content=\"lt_LT\" \/>\n<meta property=\"og:type\" content=\"article\" \/>\n<meta property=\"og:title\" content=\"Privatumo politika - Biopapa\" \/>\n<meta property=\"og:description\" content=\"I. S\u0104VOKOS 1.1. Duomen\u0173 valdytojas \u2013 UAB \u201e\u017daliuomen\u0117\u201c (toliau \u2013 Duomen\u0173 valdytojas), \u00a0\u012fmon\u0117s kodas 305766803, adresas Klaip\u0117dos g. 3, Vilnius,\" \/>\n<meta property=\"og:url\" content=\"https:\/\/www.biopapa.de\/lt\/privatumo-politika\/\" \/>\n<meta property=\"og:site_name\" content=\"Biopapa\" \/>\n<meta property=\"article:publisher\" content=\"https:\/\/www.facebook.com\/biopapa.lt\" \/>\n<meta property=\"article:modified_time\" content=\"2023-11-30T10:34:04+00:00\" \/>\n<meta property=\"og:image\" content=\"https:\/\/www.biopapa.de\/wp-content\/uploads\/2022\/04\/facebook_biopapa.jpg\" \/>\n\t<meta property=\"og:image:width\" content=\"1733\" \/>\n\t<meta property=\"og:image:height\" content=\"907\" \/>\n\t<meta property=\"og:image:type\" content=\"image\/jpeg\" \/>\n<meta name=\"twitter:card\" content=\"summary_large_image\" \/>\n<meta name=\"twitter:label1\" content=\"Est. reading time\" \/>\n\t<meta name=\"twitter:data1\" content=\"5 minut\u0117s\" \/>\n<script type=\"application\/ld+json\" class=\"yoast-schema-graph\">{\"@context\":\"https:\\\/\\\/schema.org\",\"@graph\":[{\"@type\":\"WebPage\",\"@id\":\"https:\\\/\\\/www.biopapa.de\\\/lt\\\/privatumo-politika\\\/\",\"url\":\"https:\\\/\\\/www.biopapa.de\\\/lt\\\/privatumo-politika\\\/\",\"name\":\"Privatumo politika - Biopapa\",\"isPartOf\":{\"@id\":\"https:\\\/\\\/www.biopapa.de\\\/lt\\\/#website\"},\"datePublished\":\"2021-09-02T14:14:17+00:00\",\"dateModified\":\"2023-11-30T10:34:04+00:00\",\"breadcrumb\":{\"@id\":\"https:\\\/\\\/www.biopapa.de\\\/lt\\\/privatumo-politika\\\/#breadcrumb\"},\"inLanguage\":\"lt-LT\",\"potentialAction\":[{\"@type\":\"ReadAction\",\"target\":[\"https:\\\/\\\/www.biopapa.de\\\/lt\\\/privatumo-politika\\\/\"]}]},{\"@type\":\"BreadcrumbList\",\"@id\":\"https:\\\/\\\/www.biopapa.de\\\/lt\\\/privatumo-politika\\\/#breadcrumb\",\"itemListElement\":[{\"@type\":\"ListItem\",\"position\":1,\"name\":\"Home\",\"item\":\"https:\\\/\\\/www.biopapa.de\\\/lt\\\/\"},{\"@type\":\"ListItem\",\"position\":2,\"name\":\"Privatumo politika\"}]},{\"@type\":\"WebSite\",\"@id\":\"https:\\\/\\\/www.biopapa.de\\\/lt\\\/#website\",\"url\":\"https:\\\/\\\/www.biopapa.de\\\/lt\\\/\",\"name\":\"Biopapa\",\"description\":\"\u0160var\u016bs ekologi\u0161ki produktai\",\"publisher\":{\"@id\":\"https:\\\/\\\/www.biopapa.de\\\/lt\\\/#organization\"},\"potentialAction\":[{\"@type\":\"SearchAction\",\"target\":{\"@type\":\"EntryPoint\",\"urlTemplate\":\"https:\\\/\\\/www.biopapa.de\\\/lt\\\/?s={search_term_string}\"},\"query-input\":{\"@type\":\"PropertyValueSpecification\",\"valueRequired\":true,\"valueName\":\"search_term_string\"}}],\"inLanguage\":\"lt-LT\"},{\"@type\":\"Organization\",\"@id\":\"https:\\\/\\\/www.biopapa.de\\\/lt\\\/#organization\",\"name\":\"Biopapa\",\"url\":\"https:\\\/\\\/www.biopapa.de\\\/lt\\\/\",\"logo\":{\"@type\":\"ImageObject\",\"inLanguage\":\"lt-LT\",\"@id\":\"https:\\\/\\\/www.biopapa.de\\\/lt\\\/#\\\/schema\\\/logo\\\/image\\\/\",\"url\":\"https:\\\/\\\/www.biopapa.lt\\\/wp-content\\\/uploads\\\/2022\\\/04\\\/facebook_biopapa.jpg\",\"contentUrl\":\"https:\\\/\\\/www.biopapa.lt\\\/wp-content\\\/uploads\\\/2022\\\/04\\\/facebook_biopapa.jpg\",\"width\":1733,\"height\":907,\"caption\":\"Biopapa\"},\"image\":{\"@id\":\"https:\\\/\\\/www.biopapa.de\\\/lt\\\/#\\\/schema\\\/logo\\\/image\\\/\"},\"sameAs\":[\"https:\\\/\\\/www.facebook.com\\\/biopapa.lt\"]}]}<\/script>\n<!-- \/ Yoast SEO plugin. -->","yoast_head_json":{"title":"Privatumo politika - Biopapa","robots":{"index":"index","follow":"follow","max-snippet":"max-snippet:-1","max-image-preview":"max-image-preview:large","max-video-preview":"max-video-preview:-1"},"canonical":"https:\/\/www.biopapa.de\/lt\/privatumo-politika\/","og_locale":"lt_LT","og_type":"article","og_title":"Privatumo politika - Biopapa","og_description":"I. S\u0104VOKOS 1.1. Duomen\u0173 valdytojas \u2013 UAB \u201e\u017daliuomen\u0117\u201c (toliau \u2013 Duomen\u0173 valdytojas), \u00a0\u012fmon\u0117s kodas 305766803, adresas Klaip\u0117dos g. 3, Vilnius,","og_url":"https:\/\/www.biopapa.de\/lt\/privatumo-politika\/","og_site_name":"Biopapa","article_publisher":"https:\/\/www.facebook.com\/biopapa.lt","article_modified_time":"2023-11-30T10:34:04+00:00","og_image":[{"width":1733,"height":907,"url":"https:\/\/www.biopapa.de\/wp-content\/uploads\/2022\/04\/facebook_biopapa.jpg","type":"image\/jpeg"}],"twitter_card":"summary_large_image","twitter_misc":{"Est. reading time":"5 minut\u0117s"},"schema":{"@context":"https:\/\/schema.org","@graph":[{"@type":"WebPage","@id":"https:\/\/www.biopapa.de\/lt\/privatumo-politika\/","url":"https:\/\/www.biopapa.de\/lt\/privatumo-politika\/","name":"Privatumo politika - Biopapa","isPartOf":{"@id":"https:\/\/www.biopapa.de\/lt\/#website"},"datePublished":"2021-09-02T14:14:17+00:00","dateModified":"2023-11-30T10:34:04+00:00","breadcrumb":{"@id":"https:\/\/www.biopapa.de\/lt\/privatumo-politika\/#breadcrumb"},"inLanguage":"lt-LT","potentialAction":[{"@type":"ReadAction","target":["https:\/\/www.biopapa.de\/lt\/privatumo-politika\/"]}]},{"@type":"BreadcrumbList","@id":"https:\/\/www.biopapa.de\/lt\/privatumo-politika\/#breadcrumb","itemListElement":[{"@type":"ListItem","position":1,"name":"Home","item":"https:\/\/www.biopapa.de\/lt\/"},{"@type":"ListItem","position":2,"name":"Privatumo politika"}]},{"@type":"WebSite","@id":"https:\/\/www.biopapa.de\/lt\/#website","url":"https:\/\/www.biopapa.de\/lt\/","name":"Biopapa","description":"\u0160var\u016bs ekologi\u0161ki produktai","publisher":{"@id":"https:\/\/www.biopapa.de\/lt\/#organization"},"potentialAction":[{"@type":"SearchAction","target":{"@type":"EntryPoint","urlTemplate":"https:\/\/www.biopapa.de\/lt\/?s={search_term_string}"},"query-input":{"@type":"PropertyValueSpecification","valueRequired":true,"valueName":"search_term_string"}}],"inLanguage":"lt-LT"},{"@type":"Organization","@id":"https:\/\/www.biopapa.de\/lt\/#organization","name":"Biopapa","url":"https:\/\/www.biopapa.de\/lt\/","logo":{"@type":"ImageObject","inLanguage":"lt-LT","@id":"https:\/\/www.biopapa.de\/lt\/#\/schema\/logo\/image\/","url":"https:\/\/www.biopapa.lt\/wp-content\/uploads\/2022\/04\/facebook_biopapa.jpg","contentUrl":"https:\/\/www.biopapa.lt\/wp-content\/uploads\/2022\/04\/facebook_biopapa.jpg","width":1733,"height":907,"caption":"Biopapa"},"image":{"@id":"https:\/\/www.biopapa.de\/lt\/#\/schema\/logo\/image\/"},"sameAs":["https:\/\/www.facebook.com\/biopapa.lt"]}]}},"_links":{"self":[{"href":"https:\/\/www.biopapa.de\/lt\/wp-json\/wp\/v2\/pages\/14838","targetHints":{"allow":["GET"]}}],"collection":[{"href":"https:\/\/www.biopapa.de\/lt\/wp-json\/wp\/v2\/pages"}],"about":[{"href":"https:\/\/www.biopapa.de\/lt\/wp-json\/wp\/v2\/types\/page"}],"author":[{"embeddable":true,"href":"https:\/\/www.biopapa.de\/lt\/wp-json\/wp\/v2\/users\/265"}],"replies":[{"embeddable":true,"href":"https:\/\/www.biopapa.de\/lt\/wp-json\/wp\/v2\/comments?post=14838"}],"version-history":[{"count":0,"href":"https:\/\/www.biopapa.de\/lt\/wp-json\/wp\/v2\/pages\/14838\/revisions"}],"wp:attachment":[{"href":"https:\/\/www.biopapa.de\/lt\/wp-json\/wp\/v2\/media?parent=14838"}],"curies":[{"name":"wp","href":"https:\/\/api.w.org\/{rel}","templated":true}]}}