{"id":2389,"date":"2014-03-23T14:24:18","date_gmt":"2014-03-23T12:24:18","guid":{"rendered":"https:\/\/www.biopapa.lt\/?page_id=2389"},"modified":"2023-06-09T18:12:24","modified_gmt":"2023-06-09T15:12:24","slug":"didmena","status":"publish","type":"page","link":"https:\/\/www.biopapa.de\/lt\/didmena\/","title":{"rendered":"Didmena"},"content":{"rendered":"<p><img decoding=\"async\" class=\" wd-lazy-blur wp-image-2606 alignleft\" style=\"line-height: 1.5em;\" src=\"https:\/\/www.biopapa.de\/wp-content\/themes\/woodmart\/images\/lazy.svg\" data-src=\"https:\/\/www.biopapa.lt\/wp-content\/uploads\/Rawjus-didmena.jpg\" alt=\"Rawjus didmena\" width=\"347\" height=\"318\" \/><\/p>\n<p>Galb\u016bt turite savo parduotuv\u0117l\u0119 ir nor\u0117tum\u0117te prekiauti m\u016bs\u0173 produktais, arba turite kavin\u0119 ar kitoki\u0105 maitinimo \u012fstaig\u0105 ir jums reikia ekologi\u0161k\u0173 produkt\u0173? O gal tiesiog norite \u012fsigyti didesn\u012f kiek\u012f norim\u0173 produkt\u0173 nemok\u0117dami u\u017e pakuot\u0119? Didmenin\u0117mis kainomis prekes gali nusipirkti tiek \u012fmon\u0117s, tiek fiziniai asmenys.<\/p>\n<p>Maloniai kvie\u010diame bendradarbiauti ir u\u017esisakyti ekologi\u0161kus, \u017emon\u0117ms ir gamtai draugi\u0161kus maisto produktus ar buities prekes didesniais kiekiais didmenin\u0117mis kainomis.<\/p>\n<p>Para\u0161ykite mums: info@zaliuomene.lt ir aptarsime galimus bendradarbiavimo b\u016bdus.<\/p>\n<p><i>*Produkt\u0173 asortiment\u0105 galime prapl\u0117sti pagal j\u016bs\u0173 poreikius bei pageidavimus.<\/i><\/p>\n","protected":false},"excerpt":{"rendered":"<p>Galb\u016bt turite savo parduotuv\u0117l\u0119 ir nor\u0117tum\u0117te prekiauti m\u016bs\u0173 produktais, arba turite kavin\u0119 ar kitoki\u0105 maitinimo \u012fstaig\u0105 ir jums reikia ekologi\u0161k\u0173<\/p>\n","protected":false},"author":265,"featured_media":0,"parent":0,"menu_order":0,"comment_status":"closed","ping_status":"closed","template":"","meta":{"_acf_changed":false,"footnotes":""},"class_list":["post-2389","page","type-page","status-publish","hentry"],"acf":[],"yoast_head":"<!-- This site is optimized with the Yoast SEO plugin v27.5 - https:\/\/yoast.com\/product\/yoast-seo-wordpress\/ -->\n<title>Didmena - Biopapa<\/title>\n<meta name=\"description\" content=\"Biopapa didmenos katalogas skirtas visiems, kurie nori \u012fsigyti ekologi\u0161k\u0173 preki\u0173 didesniais kiekiais be pakuo\u010di\u0173.\" \/>\n<meta name=\"robots\" content=\"index, follow, max-snippet:-1, max-image-preview:large, max-video-preview:-1\" \/>\n<link rel=\"canonical\" href=\"https:\/\/www.biopapa.de\/lt\/didmena\/\" \/>\n<meta property=\"og:locale\" content=\"lt_LT\" \/>\n<meta property=\"og:type\" content=\"article\" \/>\n<meta property=\"og:title\" content=\"Didmena - Biopapa\" \/>\n<meta property=\"og:description\" content=\"Biopapa didmenos katalogas skirtas visiems, kurie nori \u012fsigyti ekologi\u0161k\u0173 preki\u0173 didesniais kiekiais be pakuo\u010di\u0173.\" \/>\n<meta property=\"og:url\" content=\"https:\/\/www.biopapa.de\/lt\/didmena\/\" \/>\n<meta property=\"og:site_name\" content=\"Biopapa\" \/>\n<meta property=\"article:publisher\" content=\"https:\/\/www.facebook.com\/biopapa.lt\" \/>\n<meta property=\"article:modified_time\" content=\"2023-06-09T15:12:24+00:00\" \/>\n<meta property=\"og:image\" content=\"https:\/\/www.biopapa.lt\/wp-content\/uploads\/Rawjus-didmena.jpg\" \/>\n<meta name=\"twitter:card\" content=\"summary_large_image\" \/>\n<meta name=\"twitter:label1\" content=\"Est. reading time\" \/>\n\t<meta name=\"twitter:data1\" content=\"1 minut\u0117\" \/>\n<script type=\"application\/ld+json\" class=\"yoast-schema-graph\">{\"@context\":\"https:\\\/\\\/schema.org\",\"@graph\":[{\"@type\":\"WebPage\",\"@id\":\"https:\\\/\\\/www.biopapa.de\\\/lt\\\/didmena\\\/\",\"url\":\"https:\\\/\\\/www.biopapa.de\\\/lt\\\/didmena\\\/\",\"name\":\"Didmena - Biopapa\",\"isPartOf\":{\"@id\":\"https:\\\/\\\/www.biopapa.de\\\/lt\\\/#website\"},\"primaryImageOfPage\":{\"@id\":\"https:\\\/\\\/www.biopapa.de\\\/lt\\\/didmena\\\/#primaryimage\"},\"image\":{\"@id\":\"https:\\\/\\\/www.biopapa.de\\\/lt\\\/didmena\\\/#primaryimage\"},\"thumbnailUrl\":\"https:\\\/\\\/www.biopapa.lt\\\/wp-content\\\/uploads\\\/Rawjus-didmena.jpg\",\"datePublished\":\"2014-03-23T12:24:18+00:00\",\"dateModified\":\"2023-06-09T15:12:24+00:00\",\"description\":\"Biopapa didmenos katalogas skirtas visiems, kurie nori \u012fsigyti ekologi\u0161k\u0173 preki\u0173 didesniais kiekiais be pakuo\u010di\u0173.\",\"breadcrumb\":{\"@id\":\"https:\\\/\\\/www.biopapa.de\\\/lt\\\/didmena\\\/#breadcrumb\"},\"inLanguage\":\"lt-LT\",\"potentialAction\":[{\"@type\":\"ReadAction\",\"target\":[\"https:\\\/\\\/www.biopapa.de\\\/lt\\\/didmena\\\/\"]}]},{\"@type\":\"ImageObject\",\"inLanguage\":\"lt-LT\",\"@id\":\"https:\\\/\\\/www.biopapa.de\\\/lt\\\/didmena\\\/#primaryimage\",\"url\":\"https:\\\/\\\/www.biopapa.lt\\\/wp-content\\\/uploads\\\/Rawjus-didmena.jpg\",\"contentUrl\":\"https:\\\/\\\/www.biopapa.lt\\\/wp-content\\\/uploads\\\/Rawjus-didmena.jpg\"},{\"@type\":\"BreadcrumbList\",\"@id\":\"https:\\\/\\\/www.biopapa.de\\\/lt\\\/didmena\\\/#breadcrumb\",\"itemListElement\":[{\"@type\":\"ListItem\",\"position\":1,\"name\":\"Home\",\"item\":\"https:\\\/\\\/www.biopapa.de\\\/lt\\\/\"},{\"@type\":\"ListItem\",\"position\":2,\"name\":\"Didmena\"}]},{\"@type\":\"WebSite\",\"@id\":\"https:\\\/\\\/www.biopapa.de\\\/lt\\\/#website\",\"url\":\"https:\\\/\\\/www.biopapa.de\\\/lt\\\/\",\"name\":\"Biopapa\",\"description\":\"\u0160var\u016bs ekologi\u0161ki produktai\",\"publisher\":{\"@id\":\"https:\\\/\\\/www.biopapa.de\\\/lt\\\/#organization\"},\"potentialAction\":[{\"@type\":\"SearchAction\",\"target\":{\"@type\":\"EntryPoint\",\"urlTemplate\":\"https:\\\/\\\/www.biopapa.de\\\/lt\\\/?s={search_term_string}\"},\"query-input\":{\"@type\":\"PropertyValueSpecification\",\"valueRequired\":true,\"valueName\":\"search_term_string\"}}],\"inLanguage\":\"lt-LT\"},{\"@type\":\"Organization\",\"@id\":\"https:\\\/\\\/www.biopapa.de\\\/lt\\\/#organization\",\"name\":\"Biopapa\",\"url\":\"https:\\\/\\\/www.biopapa.de\\\/lt\\\/\",\"logo\":{\"@type\":\"ImageObject\",\"inLanguage\":\"lt-LT\",\"@id\":\"https:\\\/\\\/www.biopapa.de\\\/lt\\\/#\\\/schema\\\/logo\\\/image\\\/\",\"url\":\"https:\\\/\\\/www.biopapa.lt\\\/wp-content\\\/uploads\\\/2022\\\/04\\\/facebook_biopapa.jpg\",\"contentUrl\":\"https:\\\/\\\/www.biopapa.lt\\\/wp-content\\\/uploads\\\/2022\\\/04\\\/facebook_biopapa.jpg\",\"width\":1733,\"height\":907,\"caption\":\"Biopapa\"},\"image\":{\"@id\":\"https:\\\/\\\/www.biopapa.de\\\/lt\\\/#\\\/schema\\\/logo\\\/image\\\/\"},\"sameAs\":[\"https:\\\/\\\/www.facebook.com\\\/biopapa.lt\"]}]}<\/script>\n<!-- \/ Yoast SEO plugin. -->","yoast_head_json":{"title":"Didmena - Biopapa","description":"Biopapa didmenos katalogas skirtas visiems, kurie nori \u012fsigyti ekologi\u0161k\u0173 preki\u0173 didesniais kiekiais be pakuo\u010di\u0173.","robots":{"index":"index","follow":"follow","max-snippet":"max-snippet:-1","max-image-preview":"max-image-preview:large","max-video-preview":"max-video-preview:-1"},"canonical":"https:\/\/www.biopapa.de\/lt\/didmena\/","og_locale":"lt_LT","og_type":"article","og_title":"Didmena - Biopapa","og_description":"Biopapa didmenos katalogas skirtas visiems, kurie nori \u012fsigyti ekologi\u0161k\u0173 preki\u0173 didesniais kiekiais be pakuo\u010di\u0173.","og_url":"https:\/\/www.biopapa.de\/lt\/didmena\/","og_site_name":"Biopapa","article_publisher":"https:\/\/www.facebook.com\/biopapa.lt","article_modified_time":"2023-06-09T15:12:24+00:00","og_image":[{"url":"https:\/\/www.biopapa.lt\/wp-content\/uploads\/Rawjus-didmena.jpg","type":"","width":"","height":""}],"twitter_card":"summary_large_image","twitter_misc":{"Est. reading time":"1 minut\u0117"},"schema":{"@context":"https:\/\/schema.org","@graph":[{"@type":"WebPage","@id":"https:\/\/www.biopapa.de\/lt\/didmena\/","url":"https:\/\/www.biopapa.de\/lt\/didmena\/","name":"Didmena - Biopapa","isPartOf":{"@id":"https:\/\/www.biopapa.de\/lt\/#website"},"primaryImageOfPage":{"@id":"https:\/\/www.biopapa.de\/lt\/didmena\/#primaryimage"},"image":{"@id":"https:\/\/www.biopapa.de\/lt\/didmena\/#primaryimage"},"thumbnailUrl":"https:\/\/www.biopapa.lt\/wp-content\/uploads\/Rawjus-didmena.jpg","datePublished":"2014-03-23T12:24:18+00:00","dateModified":"2023-06-09T15:12:24+00:00","description":"Biopapa didmenos katalogas skirtas visiems, kurie nori \u012fsigyti ekologi\u0161k\u0173 preki\u0173 didesniais kiekiais be pakuo\u010di\u0173.","breadcrumb":{"@id":"https:\/\/www.biopapa.de\/lt\/didmena\/#breadcrumb"},"inLanguage":"lt-LT","potentialAction":[{"@type":"ReadAction","target":["https:\/\/www.biopapa.de\/lt\/didmena\/"]}]},{"@type":"ImageObject","inLanguage":"lt-LT","@id":"https:\/\/www.biopapa.de\/lt\/didmena\/#primaryimage","url":"https:\/\/www.biopapa.lt\/wp-content\/uploads\/Rawjus-didmena.jpg","contentUrl":"https:\/\/www.biopapa.lt\/wp-content\/uploads\/Rawjus-didmena.jpg"},{"@type":"BreadcrumbList","@id":"https:\/\/www.biopapa.de\/lt\/didmena\/#breadcrumb","itemListElement":[{"@type":"ListItem","position":1,"name":"Home","item":"https:\/\/www.biopapa.de\/lt\/"},{"@type":"ListItem","position":2,"name":"Didmena"}]},{"@type":"WebSite","@id":"https:\/\/www.biopapa.de\/lt\/#website","url":"https:\/\/www.biopapa.de\/lt\/","name":"Biopapa","description":"\u0160var\u016bs ekologi\u0161ki produktai","publisher":{"@id":"https:\/\/www.biopapa.de\/lt\/#organization"},"potentialAction":[{"@type":"SearchAction","target":{"@type":"EntryPoint","urlTemplate":"https:\/\/www.biopapa.de\/lt\/?s={search_term_string}"},"query-input":{"@type":"PropertyValueSpecification","valueRequired":true,"valueName":"search_term_string"}}],"inLanguage":"lt-LT"},{"@type":"Organization","@id":"https:\/\/www.biopapa.de\/lt\/#organization","name":"Biopapa","url":"https:\/\/www.biopapa.de\/lt\/","logo":{"@type":"ImageObject","inLanguage":"lt-LT","@id":"https:\/\/www.biopapa.de\/lt\/#\/schema\/logo\/image\/","url":"https:\/\/www.biopapa.lt\/wp-content\/uploads\/2022\/04\/facebook_biopapa.jpg","contentUrl":"https:\/\/www.biopapa.lt\/wp-content\/uploads\/2022\/04\/facebook_biopapa.jpg","width":1733,"height":907,"caption":"Biopapa"},"image":{"@id":"https:\/\/www.biopapa.de\/lt\/#\/schema\/logo\/image\/"},"sameAs":["https:\/\/www.facebook.com\/biopapa.lt"]}]}},"_links":{"self":[{"href":"https:\/\/www.biopapa.de\/lt\/wp-json\/wp\/v2\/pages\/2389","targetHints":{"allow":["GET"]}}],"collection":[{"href":"https:\/\/www.biopapa.de\/lt\/wp-json\/wp\/v2\/pages"}],"about":[{"href":"https:\/\/www.biopapa.de\/lt\/wp-json\/wp\/v2\/types\/page"}],"author":[{"embeddable":true,"href":"https:\/\/www.biopapa.de\/lt\/wp-json\/wp\/v2\/users\/265"}],"replies":[{"embeddable":true,"href":"https:\/\/www.biopapa.de\/lt\/wp-json\/wp\/v2\/comments?post=2389"}],"version-history":[{"count":0,"href":"https:\/\/www.biopapa.de\/lt\/wp-json\/wp\/v2\/pages\/2389\/revisions"}],"wp:attachment":[{"href":"https:\/\/www.biopapa.de\/lt\/wp-json\/wp\/v2\/media?parent=2389"}],"curies":[{"name":"wp","href":"https:\/\/api.w.org\/{rel}","templated":true}]}}