{"id":2734,"date":"2014-06-03T09:14:28","date_gmt":"2014-06-03T06:14:28","guid":{"rendered":"https:\/\/www.biopapa.lt\/?page_id=2734"},"modified":"2024-06-21T11:15:30","modified_gmt":"2024-06-21T08:15:30","slug":"prekiu-grazinimas","status":"publish","type":"page","link":"https:\/\/www.biopapa.de\/lt\/prekiu-grazinimas\/","title":{"rendered":"Preki\u0173 gr\u0105\u017einimas"},"content":{"rendered":"<p><strong>Preki\u0173 gr\u0105\u017einimas:<\/strong><\/p>\n<p>Internetin\u0117je parduotuv\u0117je Biopapa prek\u0117s kei\u010diamos ar gr\u0105\u017einamos i\u0161 anksto suderinus preki\u0173 gr\u0105\u017einimo s\u0105lygas.<strong><br \/>\n<\/strong><\/p>\n<p>Jeigu pristatyta maisto prek\u0117 sugadinta ar kokyb\u0117 netinkama ir norite j\u0105 gr\u0105\u017einti, pakeisti arba yra pristatytos ne visos ar ne tos prek\u0117s, kurios buvo u\u017esakytos, pra\u0161ome ne v\u0117liau kaip per 72 val. nuo prek\u0117s pristatymo<br \/>\nkreipkis el. pa\u0161tu <strong>info@biopapa.de<\/strong>. B\u016btinai prid\u0117kite nekokybi\u0161ko produkto nuotrauk\u0105.<\/p>\n<p>Atsakome u\u017e savo produkt\u0173 kokyb\u0119, pinigus u\u017e gr\u0105\u017eintas prekes \u012f banko s\u0105skait\u0105, i\u0161 kurios sumok\u0117jote u\u017e pirkinius, pervesime ne v\u0117liau kaip per 3 &#8211; 5 darbo dienas nuo prek\u0117s gr\u0105\u017einimo dienos.<\/p>\n<p><strong>Nekei\u010diamos ir negr\u0105\u017einamos \u0161ios kokybi\u0161kos prek\u0117s:<br \/>\n<\/strong>&#8211; supakuotos prek\u0117s, kurios buvo i\u0161pakuotos po pristatymo;<br \/>\n&#8211; prek\u0117s, kurios yra netinkamos gr\u0105\u017einti d\u0117l sveikatos apsaugos ar higienos prie\u017eas\u010di\u0173.<\/p>\n<p>Gr\u0105\u017einamos ar kei\u010diamos kokybi\u0161kos prek\u0117s privalo b\u016bti nesugadintos, nepraradusios prekin\u0117s i\u0161vaizdos (nenuimtos ir nepa\u017eeistos etiket\u0117s, nenupl\u0117\u0161tos apsaugin\u0117s pl\u0117vel\u0117s ir kt.), vartojam\u0173j\u0173 savybi\u0173 ir negali b\u016bti naudotos. Jeigu prek\u0117 yra sugadinta, netvarkinga arba n\u0117ra tinkamai supakuota, mes turime teis\u0119 nepriimti prek\u0117s, jos nekeisti ir negr\u0105\u017einti u\u017e prek\u0119 pirk\u0117jo sumok\u0117t\u0173 pinig\u0173.<\/p>\n<p>&nbsp;<\/p>\n<p><img decoding=\"async\" class=\" wd-lazy-blur aligncenter wp-image-2745 size-full\" src=\"https:\/\/www.biopapa.de\/wp-content\/themes\/woodmart\/images\/lazy.svg\" data-src=\"https:\/\/www.biopapa.lt\/wp-content\/uploads\/garantija-lt-1.png\" alt=\"Pinig\u0173 gr\u0105\u017einimo garantija\" width=\"130\" height=\"130\" \/><\/p>\n","protected":false},"excerpt":{"rendered":"<p>Preki\u0173 gr\u0105\u017einimas: Internetin\u0117je parduotuv\u0117je Biopapa prek\u0117s kei\u010diamos ar gr\u0105\u017einamos i\u0161 anksto suderinus preki\u0173 gr\u0105\u017einimo s\u0105lygas. Jeigu pristatyta maisto prek\u0117 sugadinta<\/p>\n","protected":false},"author":1201,"featured_media":0,"parent":0,"menu_order":0,"comment_status":"closed","ping_status":"closed","template":"","meta":{"_acf_changed":false,"footnotes":""},"class_list":["post-2734","page","type-page","status-publish","hentry"],"acf":[],"yoast_head":"<!-- This site is optimized with the Yoast SEO plugin v27.5 - https:\/\/yoast.com\/product\/yoast-seo-wordpress\/ -->\n<title>Preki\u0173 gr\u0105\u017einimas - Biopapa<\/title>\n<meta name=\"robots\" content=\"index, follow, max-snippet:-1, max-image-preview:large, max-video-preview:-1\" \/>\n<link rel=\"canonical\" href=\"https:\/\/www.biopapa.de\/lt\/prekiu-grazinimas\/\" \/>\n<meta property=\"og:locale\" content=\"lt_LT\" \/>\n<meta property=\"og:type\" content=\"article\" \/>\n<meta property=\"og:title\" content=\"Preki\u0173 gr\u0105\u017einimas - Biopapa\" \/>\n<meta property=\"og:description\" content=\"Preki\u0173 gr\u0105\u017einimas: Internetin\u0117je parduotuv\u0117je Biopapa prek\u0117s kei\u010diamos ar gr\u0105\u017einamos i\u0161 anksto suderinus preki\u0173 gr\u0105\u017einimo s\u0105lygas. Jeigu pristatyta maisto prek\u0117 sugadinta\" \/>\n<meta property=\"og:url\" content=\"https:\/\/www.biopapa.de\/lt\/prekiu-grazinimas\/\" \/>\n<meta property=\"og:site_name\" content=\"Biopapa\" \/>\n<meta property=\"article:publisher\" content=\"https:\/\/www.facebook.com\/biopapa.lt\" \/>\n<meta property=\"article:modified_time\" content=\"2024-06-21T08:15:30+00:00\" \/>\n<meta property=\"og:image\" content=\"https:\/\/www.biopapa.lt\/wp-content\/uploads\/garantija-lt-1.png\" \/>\n<meta name=\"twitter:card\" content=\"summary_large_image\" \/>\n<meta name=\"twitter:label1\" content=\"Est. reading time\" \/>\n\t<meta name=\"twitter:data1\" content=\"1 minut\u0117\" \/>\n<script type=\"application\/ld+json\" class=\"yoast-schema-graph\">{\"@context\":\"https:\\\/\\\/schema.org\",\"@graph\":[{\"@type\":\"WebPage\",\"@id\":\"https:\\\/\\\/www.biopapa.de\\\/lt\\\/prekiu-grazinimas\\\/\",\"url\":\"https:\\\/\\\/www.biopapa.de\\\/lt\\\/prekiu-grazinimas\\\/\",\"name\":\"Preki\u0173 gr\u0105\u017einimas - Biopapa\",\"isPartOf\":{\"@id\":\"https:\\\/\\\/www.biopapa.de\\\/lt\\\/#website\"},\"primaryImageOfPage\":{\"@id\":\"https:\\\/\\\/www.biopapa.de\\\/lt\\\/prekiu-grazinimas\\\/#primaryimage\"},\"image\":{\"@id\":\"https:\\\/\\\/www.biopapa.de\\\/lt\\\/prekiu-grazinimas\\\/#primaryimage\"},\"thumbnailUrl\":\"https:\\\/\\\/www.biopapa.lt\\\/wp-content\\\/uploads\\\/garantija-lt-1.png\",\"datePublished\":\"2014-06-03T06:14:28+00:00\",\"dateModified\":\"2024-06-21T08:15:30+00:00\",\"breadcrumb\":{\"@id\":\"https:\\\/\\\/www.biopapa.de\\\/lt\\\/prekiu-grazinimas\\\/#breadcrumb\"},\"inLanguage\":\"lt-LT\",\"potentialAction\":[{\"@type\":\"ReadAction\",\"target\":[\"https:\\\/\\\/www.biopapa.de\\\/lt\\\/prekiu-grazinimas\\\/\"]}]},{\"@type\":\"ImageObject\",\"inLanguage\":\"lt-LT\",\"@id\":\"https:\\\/\\\/www.biopapa.de\\\/lt\\\/prekiu-grazinimas\\\/#primaryimage\",\"url\":\"https:\\\/\\\/www.biopapa.lt\\\/wp-content\\\/uploads\\\/garantija-lt-1.png\",\"contentUrl\":\"https:\\\/\\\/www.biopapa.lt\\\/wp-content\\\/uploads\\\/garantija-lt-1.png\"},{\"@type\":\"BreadcrumbList\",\"@id\":\"https:\\\/\\\/www.biopapa.de\\\/lt\\\/prekiu-grazinimas\\\/#breadcrumb\",\"itemListElement\":[{\"@type\":\"ListItem\",\"position\":1,\"name\":\"Home\",\"item\":\"https:\\\/\\\/www.biopapa.de\\\/lt\\\/\"},{\"@type\":\"ListItem\",\"position\":2,\"name\":\"Preki\u0173 gr\u0105\u017einimas\"}]},{\"@type\":\"WebSite\",\"@id\":\"https:\\\/\\\/www.biopapa.de\\\/lt\\\/#website\",\"url\":\"https:\\\/\\\/www.biopapa.de\\\/lt\\\/\",\"name\":\"Biopapa\",\"description\":\"\u0160var\u016bs ekologi\u0161ki produktai\",\"publisher\":{\"@id\":\"https:\\\/\\\/www.biopapa.de\\\/lt\\\/#organization\"},\"potentialAction\":[{\"@type\":\"SearchAction\",\"target\":{\"@type\":\"EntryPoint\",\"urlTemplate\":\"https:\\\/\\\/www.biopapa.de\\\/lt\\\/?s={search_term_string}\"},\"query-input\":{\"@type\":\"PropertyValueSpecification\",\"valueRequired\":true,\"valueName\":\"search_term_string\"}}],\"inLanguage\":\"lt-LT\"},{\"@type\":\"Organization\",\"@id\":\"https:\\\/\\\/www.biopapa.de\\\/lt\\\/#organization\",\"name\":\"Biopapa\",\"url\":\"https:\\\/\\\/www.biopapa.de\\\/lt\\\/\",\"logo\":{\"@type\":\"ImageObject\",\"inLanguage\":\"lt-LT\",\"@id\":\"https:\\\/\\\/www.biopapa.de\\\/lt\\\/#\\\/schema\\\/logo\\\/image\\\/\",\"url\":\"https:\\\/\\\/www.biopapa.lt\\\/wp-content\\\/uploads\\\/2022\\\/04\\\/facebook_biopapa.jpg\",\"contentUrl\":\"https:\\\/\\\/www.biopapa.lt\\\/wp-content\\\/uploads\\\/2022\\\/04\\\/facebook_biopapa.jpg\",\"width\":1733,\"height\":907,\"caption\":\"Biopapa\"},\"image\":{\"@id\":\"https:\\\/\\\/www.biopapa.de\\\/lt\\\/#\\\/schema\\\/logo\\\/image\\\/\"},\"sameAs\":[\"https:\\\/\\\/www.facebook.com\\\/biopapa.lt\"]}]}<\/script>\n<!-- \/ Yoast SEO plugin. -->","yoast_head_json":{"title":"Preki\u0173 gr\u0105\u017einimas - Biopapa","robots":{"index":"index","follow":"follow","max-snippet":"max-snippet:-1","max-image-preview":"max-image-preview:large","max-video-preview":"max-video-preview:-1"},"canonical":"https:\/\/www.biopapa.de\/lt\/prekiu-grazinimas\/","og_locale":"lt_LT","og_type":"article","og_title":"Preki\u0173 gr\u0105\u017einimas - Biopapa","og_description":"Preki\u0173 gr\u0105\u017einimas: Internetin\u0117je parduotuv\u0117je Biopapa prek\u0117s kei\u010diamos ar gr\u0105\u017einamos i\u0161 anksto suderinus preki\u0173 gr\u0105\u017einimo s\u0105lygas. Jeigu pristatyta maisto prek\u0117 sugadinta","og_url":"https:\/\/www.biopapa.de\/lt\/prekiu-grazinimas\/","og_site_name":"Biopapa","article_publisher":"https:\/\/www.facebook.com\/biopapa.lt","article_modified_time":"2024-06-21T08:15:30+00:00","og_image":[{"url":"https:\/\/www.biopapa.lt\/wp-content\/uploads\/garantija-lt-1.png","type":"","width":"","height":""}],"twitter_card":"summary_large_image","twitter_misc":{"Est. reading time":"1 minut\u0117"},"schema":{"@context":"https:\/\/schema.org","@graph":[{"@type":"WebPage","@id":"https:\/\/www.biopapa.de\/lt\/prekiu-grazinimas\/","url":"https:\/\/www.biopapa.de\/lt\/prekiu-grazinimas\/","name":"Preki\u0173 gr\u0105\u017einimas - Biopapa","isPartOf":{"@id":"https:\/\/www.biopapa.de\/lt\/#website"},"primaryImageOfPage":{"@id":"https:\/\/www.biopapa.de\/lt\/prekiu-grazinimas\/#primaryimage"},"image":{"@id":"https:\/\/www.biopapa.de\/lt\/prekiu-grazinimas\/#primaryimage"},"thumbnailUrl":"https:\/\/www.biopapa.lt\/wp-content\/uploads\/garantija-lt-1.png","datePublished":"2014-06-03T06:14:28+00:00","dateModified":"2024-06-21T08:15:30+00:00","breadcrumb":{"@id":"https:\/\/www.biopapa.de\/lt\/prekiu-grazinimas\/#breadcrumb"},"inLanguage":"lt-LT","potentialAction":[{"@type":"ReadAction","target":["https:\/\/www.biopapa.de\/lt\/prekiu-grazinimas\/"]}]},{"@type":"ImageObject","inLanguage":"lt-LT","@id":"https:\/\/www.biopapa.de\/lt\/prekiu-grazinimas\/#primaryimage","url":"https:\/\/www.biopapa.lt\/wp-content\/uploads\/garantija-lt-1.png","contentUrl":"https:\/\/www.biopapa.lt\/wp-content\/uploads\/garantija-lt-1.png"},{"@type":"BreadcrumbList","@id":"https:\/\/www.biopapa.de\/lt\/prekiu-grazinimas\/#breadcrumb","itemListElement":[{"@type":"ListItem","position":1,"name":"Home","item":"https:\/\/www.biopapa.de\/lt\/"},{"@type":"ListItem","position":2,"name":"Preki\u0173 gr\u0105\u017einimas"}]},{"@type":"WebSite","@id":"https:\/\/www.biopapa.de\/lt\/#website","url":"https:\/\/www.biopapa.de\/lt\/","name":"Biopapa","description":"\u0160var\u016bs ekologi\u0161ki produktai","publisher":{"@id":"https:\/\/www.biopapa.de\/lt\/#organization"},"potentialAction":[{"@type":"SearchAction","target":{"@type":"EntryPoint","urlTemplate":"https:\/\/www.biopapa.de\/lt\/?s={search_term_string}"},"query-input":{"@type":"PropertyValueSpecification","valueRequired":true,"valueName":"search_term_string"}}],"inLanguage":"lt-LT"},{"@type":"Organization","@id":"https:\/\/www.biopapa.de\/lt\/#organization","name":"Biopapa","url":"https:\/\/www.biopapa.de\/lt\/","logo":{"@type":"ImageObject","inLanguage":"lt-LT","@id":"https:\/\/www.biopapa.de\/lt\/#\/schema\/logo\/image\/","url":"https:\/\/www.biopapa.lt\/wp-content\/uploads\/2022\/04\/facebook_biopapa.jpg","contentUrl":"https:\/\/www.biopapa.lt\/wp-content\/uploads\/2022\/04\/facebook_biopapa.jpg","width":1733,"height":907,"caption":"Biopapa"},"image":{"@id":"https:\/\/www.biopapa.de\/lt\/#\/schema\/logo\/image\/"},"sameAs":["https:\/\/www.facebook.com\/biopapa.lt"]}]}},"_links":{"self":[{"href":"https:\/\/www.biopapa.de\/lt\/wp-json\/wp\/v2\/pages\/2734","targetHints":{"allow":["GET"]}}],"collection":[{"href":"https:\/\/www.biopapa.de\/lt\/wp-json\/wp\/v2\/pages"}],"about":[{"href":"https:\/\/www.biopapa.de\/lt\/wp-json\/wp\/v2\/types\/page"}],"author":[{"embeddable":true,"href":"https:\/\/www.biopapa.de\/lt\/wp-json\/wp\/v2\/users\/1201"}],"replies":[{"embeddable":true,"href":"https:\/\/www.biopapa.de\/lt\/wp-json\/wp\/v2\/comments?post=2734"}],"version-history":[{"count":0,"href":"https:\/\/www.biopapa.de\/lt\/wp-json\/wp\/v2\/pages\/2734\/revisions"}],"wp:attachment":[{"href":"https:\/\/www.biopapa.de\/lt\/wp-json\/wp\/v2\/media?parent=2734"}],"curies":[{"name":"wp","href":"https:\/\/api.w.org\/{rel}","templated":true}]}}