{"id":13697,"date":"2021-07-21T11:23:38","date_gmt":"2021-07-21T08:23:38","guid":{"rendered":"https:\/\/www.biopapa.lt\/?post_type=product&#038;p=13697"},"modified":"2026-02-13T09:37:45","modified_gmt":"2026-02-13T07:37:45","slug":"ekologiski-migdolai-luobeliu","status":"publish","type":"product","link":"https:\/\/www.biopapa.de\/lt\/producte\/ekologiski-migdolai-luobeliu\/","title":{"rendered":"Ekologi\u0161ki migdolai be luobeli\u0173"},"content":{"rendered":"<p><strong>Migdolai (Prunus dulcis)<\/strong>, da\u017eniausiai auginamas Vidur\u017eemio j\u016bros regione, JAV, Australijoje ir Kinijoje, ta\u010diau atkeliav\u0119s yra i\u0161 Artimaisiais rytais vadinamo regiono (Iranas, Saudo arabija ir t.t.), ten jis ir dabar auga nat\u016braliai. Migdolai vadinami rie\u0161ut\u0173 karaliais, kadangi jie laikomi pa\u010diais naudingiausiais rie\u0161utais \u017emogaus organizmui, d\u0117l sukaupto didelio kiekio svarbi\u0173 maistini\u0173 med\u017eiag\u0173. Migdolus galima valgyti \u0161vie\u017eius arba naudoti maisto ruo\u0161imui, jie puikiai tinka kepiniams, salotoms. Tai ne tik sveikas, bet ir skanus maistas.<br \/>\nMigdoluose yra daug vitamin\u0173, mineral\u0173, maistini\u0173 skaidul\u0173 ir augalin\u0117s kilm\u0117s baltym\u0173. Suvalg\u0119 30 gram\u0173 migdol\u0173 mes gauname 1\/8 mums reikaling\u0173 baltym\u0173. Yra ne viena prie\u017eastis, kod\u0117l tur\u0117tum\u0117te prad\u0117ti valgyti migdolus kasdien.<br \/>\nI\u0161 migdol\u0173 taip pat gaminami tam tikri produktai, kurie yra taip pat gali b\u016bti naudingi m\u016bs\u0173 sveikatai ir gro\u017eiui: migdol\u0173 kremas, migdol\u0173 aliejus, migdol\u0173 pienas, migdol\u0173 maistinis kremas.<\/p>\n<p>Vartojimas<br \/>\nKiek galima suvalgyti rie\u0161ut\u0173 priklauso nuo j\u016bs\u0173 vir\u0161kinimo galimybi\u0173. J\u016bs\u0173 apetitas ir vir\u0161kinimo paj\u0117gumas yra svarbesni nei rekomenduojamas kiekis. Ta\u010diau, kadangi rie\u0161utai turi daug kalorij\u0173, yra rieb\u016bs ir sunkiai vir\u0161kinami, tur\u0117tum\u0117t \u012f tai atsi\u017evelgti.<br \/>\nPaprastai nerekomenduojama per dien\u0105 suvalgyti daugiau nei saujel\u0119 rie\u0161ut\u0173. Reikia atkreipti d\u0117mes\u012f ir \u012f tai, kad rie\u0161utus reik\u0117t\u0173 vartoti kaip ir bet kok\u012f kit\u0105 maist\u0105, suvalgius tam tikr\u0105 kiek\u012f, daryti pertrauk\u0105.<br \/>\nRie\u0161utai ne tik skanus bet ir sveikas u\u017ekandis.\u00a0\u00a0Juos galima sumalti \u012f miltus, gaminti rie\u0161ut\u0173 pien\u0105, rie\u0161ut\u0173 sviest\u0105. Yra \u012fvairi\u0173 b\u016bd\u0173, kaip gaminti su rie\u0161utais, jie tinka pagrindiniuose patiekaluose, u\u017ekand\u017eiuose, desertuose ir net g\u0117rimuose.<\/p>\n<p>\u0160altiniai<br \/>\nwww.tcmworld.org<br \/>\nwww.ayurvedajournal.world<br \/>\nwww.ncbi.nlm.nih.gov<\/p>\n<p><em>PASTABA. \u010cia pateikta informacija negali b\u016bti interpretuojama kaip gydymo ar kitokio pob\u016bd\u017eio sveikatos klausim\u0173 sprendimo rekomendacija. Raginame sprendimus, susijusius su asmenine sveikata, priimti asmeni\u0161kai, \u012fvertinus \u012fvairius informacijos \u0161altinius.<\/em><\/p>\n","protected":false},"excerpt":{"rendered":"<p>Migdolai (Prunus dulcis), da\u017eniausiai auginamas Vidur\u017eemio j\u016bros regione, JAV, Australijoje ir Kinijoje, ta\u010diau atkeliav\u0119s yra i\u0161 Artimaisiais rytais vadinamo regiono<\/p>\n","protected":false},"featured_media":15024,"template":"","meta":{"_acf_changed":false},"product_brand":[],"product_cat":[1904,730],"product_tag":[1433,1380,1378,1382],"class_list":{"0":"post-13697","1":"product","2":"type-product","3":"status-publish","4":"has-post-thumbnail","6":"product_cat-riesutai","7":"product_cat-ekologiski-riesutai-seklos","8":"product_tag-baltymu-saltinis","9":"product_tag-keto-mityba","10":"product_tag-veganams","11":"product_tag-zaliavalgiams","12":"pa_svoris-1-kg","13":"pa_svoris-100-g","14":"pa_svoris-20-kg","15":"pa_svoris-200-g","16":"pa_svoris-300-g","17":"pa_svoris-400-g","18":"pa_svoris-500-g","20":"first","21":"instock","22":"shipping-taxable","23":"purchasable","24":"product-type-variable"},"acf":[],"yoast_head":"<!-- This site is optimized with the Yoast SEO plugin v27.5 - https:\/\/yoast.com\/product\/yoast-seo-wordpress\/ -->\n<title>Ekologi\u0161ki migdolai be luobeli\u0173 - Biopapa<\/title>\n<meta name=\"description\" content=\"Migdolai laikomi vieni i\u0161 geriausi\u0173 supermaist\u0173 smegenims, nes juose ma\u017eai prisotint\u0173 riebal\u0173, daug omega-6, vitamino E, kalcio, cinko ir baltym\u0173. Vitaminas E palaiko pa\u017einimo funkcij\u0105, apsaugo atmint\u012f ir skatina budrum\u0105.\" \/>\n<meta name=\"robots\" content=\"index, follow, max-snippet:-1, max-image-preview:large, max-video-preview:-1\" \/>\n<link rel=\"canonical\" href=\"https:\/\/www.biopapa.de\/lt\/producte\/ekologiski-migdolai-luobeliu\/\" \/>\n<meta property=\"og:locale\" content=\"lt_LT\" \/>\n<meta property=\"og:type\" content=\"article\" \/>\n<meta property=\"og:title\" content=\"Ekologi\u0161ki migdolai be luobeli\u0173 - Biopapa\" \/>\n<meta property=\"og:description\" content=\"Migdolai laikomi vieni i\u0161 geriausi\u0173 supermaist\u0173 smegenims, nes juose ma\u017eai prisotint\u0173 riebal\u0173, daug omega-6, vitamino E, kalcio, cinko ir baltym\u0173. Vitaminas E palaiko pa\u017einimo funkcij\u0105, apsaugo atmint\u012f ir skatina budrum\u0105.\" \/>\n<meta property=\"og:url\" content=\"https:\/\/www.biopapa.de\/lt\/producte\/ekologiski-migdolai-luobeliu\/\" \/>\n<meta property=\"og:site_name\" content=\"Biopapa\" \/>\n<meta property=\"article:publisher\" content=\"https:\/\/www.facebook.com\/biopapa.lt\" \/>\n<meta property=\"article:modified_time\" content=\"2026-02-13T07:37:45+00:00\" \/>\n<meta property=\"og:image\" content=\"https:\/\/www.biopapa.de\/wp-content\/uploads\/2021\/09\/779A1395.jpg\" \/>\n\t<meta property=\"og:image:width\" content=\"800\" \/>\n\t<meta property=\"og:image:height\" content=\"640\" \/>\n\t<meta property=\"og:image:type\" content=\"image\/jpeg\" \/>\n<meta name=\"twitter:card\" content=\"summary_large_image\" \/>\n<meta name=\"twitter:label1\" content=\"Est. reading time\" \/>\n\t<meta name=\"twitter:data1\" content=\"1 minut\u0117\" \/>\n<script type=\"application\/ld+json\" class=\"yoast-schema-graph\">{\"@context\":\"https:\\\/\\\/schema.org\",\"@graph\":[{\"@type\":\"WebPage\",\"@id\":\"https:\\\/\\\/www.biopapa.de\\\/lt\\\/producte\\\/ekologiski-migdolai-luobeliu\\\/\",\"url\":\"https:\\\/\\\/www.biopapa.de\\\/lt\\\/producte\\\/ekologiski-migdolai-luobeliu\\\/\",\"name\":\"Ekologi\u0161ki migdolai be luobeli\u0173 - Biopapa\",\"isPartOf\":{\"@id\":\"https:\\\/\\\/www.biopapa.de\\\/lt\\\/#website\"},\"primaryImageOfPage\":{\"@id\":\"https:\\\/\\\/www.biopapa.de\\\/lt\\\/producte\\\/ekologiski-migdolai-luobeliu\\\/#primaryimage\"},\"image\":{\"@id\":\"https:\\\/\\\/www.biopapa.de\\\/lt\\\/producte\\\/ekologiski-migdolai-luobeliu\\\/#primaryimage\"},\"thumbnailUrl\":\"https:\\\/\\\/www.biopapa.de\\\/wp-content\\\/uploads\\\/2021\\\/09\\\/779A1395.jpg\",\"datePublished\":\"2021-07-21T08:23:38+00:00\",\"dateModified\":\"2026-02-13T07:37:45+00:00\",\"description\":\"Migdolai laikomi vieni i\u0161 geriausi\u0173 supermaist\u0173 smegenims, nes juose ma\u017eai prisotint\u0173 riebal\u0173, daug omega-6, vitamino E, kalcio, cinko ir baltym\u0173. Vitaminas E palaiko pa\u017einimo funkcij\u0105, apsaugo atmint\u012f ir skatina budrum\u0105.\",\"breadcrumb\":{\"@id\":\"https:\\\/\\\/www.biopapa.de\\\/lt\\\/producte\\\/ekologiski-migdolai-luobeliu\\\/#breadcrumb\"},\"inLanguage\":\"lt-LT\",\"potentialAction\":[{\"@type\":\"ReadAction\",\"target\":[\"https:\\\/\\\/www.biopapa.de\\\/lt\\\/producte\\\/ekologiski-migdolai-luobeliu\\\/\"]}]},{\"@type\":\"ImageObject\",\"inLanguage\":\"lt-LT\",\"@id\":\"https:\\\/\\\/www.biopapa.de\\\/lt\\\/producte\\\/ekologiski-migdolai-luobeliu\\\/#primaryimage\",\"url\":\"https:\\\/\\\/www.biopapa.de\\\/wp-content\\\/uploads\\\/2021\\\/09\\\/779A1395.jpg\",\"contentUrl\":\"https:\\\/\\\/www.biopapa.de\\\/wp-content\\\/uploads\\\/2021\\\/09\\\/779A1395.jpg\",\"width\":800,\"height\":640,\"caption\":\"Ekologi\u0161ki migdolai be luobeli\u0173\"},{\"@type\":\"BreadcrumbList\",\"@id\":\"https:\\\/\\\/www.biopapa.de\\\/lt\\\/producte\\\/ekologiski-migdolai-luobeliu\\\/#breadcrumb\",\"itemListElement\":[{\"@type\":\"ListItem\",\"position\":1,\"name\":\"Home\",\"item\":\"https:\\\/\\\/www.biopapa.de\\\/lt\\\/\"},{\"@type\":\"ListItem\",\"position\":2,\"name\":\"Parduotuv\u0117\",\"item\":\"https:\\\/\\\/www.biopapa.de\\\/parduotuve\\\/\"},{\"@type\":\"ListItem\",\"position\":3,\"name\":\"Ekologi\u0161ki migdolai be luobeli\u0173\"}]},{\"@type\":\"WebSite\",\"@id\":\"https:\\\/\\\/www.biopapa.de\\\/lt\\\/#website\",\"url\":\"https:\\\/\\\/www.biopapa.de\\\/lt\\\/\",\"name\":\"Biopapa\",\"description\":\"\u0160var\u016bs ekologi\u0161ki produktai\",\"publisher\":{\"@id\":\"https:\\\/\\\/www.biopapa.de\\\/lt\\\/#organization\"},\"potentialAction\":[{\"@type\":\"SearchAction\",\"target\":{\"@type\":\"EntryPoint\",\"urlTemplate\":\"https:\\\/\\\/www.biopapa.de\\\/lt\\\/?s={search_term_string}\"},\"query-input\":{\"@type\":\"PropertyValueSpecification\",\"valueRequired\":true,\"valueName\":\"search_term_string\"}}],\"inLanguage\":\"lt-LT\"},{\"@type\":\"Organization\",\"@id\":\"https:\\\/\\\/www.biopapa.de\\\/lt\\\/#organization\",\"name\":\"Biopapa\",\"url\":\"https:\\\/\\\/www.biopapa.de\\\/lt\\\/\",\"logo\":{\"@type\":\"ImageObject\",\"inLanguage\":\"lt-LT\",\"@id\":\"https:\\\/\\\/www.biopapa.de\\\/lt\\\/#\\\/schema\\\/logo\\\/image\\\/\",\"url\":\"https:\\\/\\\/www.biopapa.lt\\\/wp-content\\\/uploads\\\/2022\\\/04\\\/facebook_biopapa.jpg\",\"contentUrl\":\"https:\\\/\\\/www.biopapa.lt\\\/wp-content\\\/uploads\\\/2022\\\/04\\\/facebook_biopapa.jpg\",\"width\":1733,\"height\":907,\"caption\":\"Biopapa\"},\"image\":{\"@id\":\"https:\\\/\\\/www.biopapa.de\\\/lt\\\/#\\\/schema\\\/logo\\\/image\\\/\"},\"sameAs\":[\"https:\\\/\\\/www.facebook.com\\\/biopapa.lt\"]}]}<\/script>\n<!-- \/ Yoast SEO plugin. -->","yoast_head_json":{"title":"Ekologi\u0161ki migdolai be luobeli\u0173 - Biopapa","description":"Migdolai laikomi vieni i\u0161 geriausi\u0173 supermaist\u0173 smegenims, nes juose ma\u017eai prisotint\u0173 riebal\u0173, daug omega-6, vitamino E, kalcio, cinko ir baltym\u0173. Vitaminas E palaiko pa\u017einimo funkcij\u0105, apsaugo atmint\u012f ir skatina budrum\u0105.","robots":{"index":"index","follow":"follow","max-snippet":"max-snippet:-1","max-image-preview":"max-image-preview:large","max-video-preview":"max-video-preview:-1"},"canonical":"https:\/\/www.biopapa.de\/lt\/producte\/ekologiski-migdolai-luobeliu\/","og_locale":"lt_LT","og_type":"article","og_title":"Ekologi\u0161ki migdolai be luobeli\u0173 - Biopapa","og_description":"Migdolai laikomi vieni i\u0161 geriausi\u0173 supermaist\u0173 smegenims, nes juose ma\u017eai prisotint\u0173 riebal\u0173, daug omega-6, vitamino E, kalcio, cinko ir baltym\u0173. Vitaminas E palaiko pa\u017einimo funkcij\u0105, apsaugo atmint\u012f ir skatina budrum\u0105.","og_url":"https:\/\/www.biopapa.de\/lt\/producte\/ekologiski-migdolai-luobeliu\/","og_site_name":"Biopapa","article_publisher":"https:\/\/www.facebook.com\/biopapa.lt","article_modified_time":"2026-02-13T07:37:45+00:00","og_image":[{"width":800,"height":640,"url":"https:\/\/www.biopapa.de\/wp-content\/uploads\/2021\/09\/779A1395.jpg","type":"image\/jpeg"}],"twitter_card":"summary_large_image","twitter_misc":{"Est. reading time":"1 minut\u0117"},"schema":{"@context":"https:\/\/schema.org","@graph":[{"@type":"WebPage","@id":"https:\/\/www.biopapa.de\/lt\/producte\/ekologiski-migdolai-luobeliu\/","url":"https:\/\/www.biopapa.de\/lt\/producte\/ekologiski-migdolai-luobeliu\/","name":"Ekologi\u0161ki migdolai be luobeli\u0173 - Biopapa","isPartOf":{"@id":"https:\/\/www.biopapa.de\/lt\/#website"},"primaryImageOfPage":{"@id":"https:\/\/www.biopapa.de\/lt\/producte\/ekologiski-migdolai-luobeliu\/#primaryimage"},"image":{"@id":"https:\/\/www.biopapa.de\/lt\/producte\/ekologiski-migdolai-luobeliu\/#primaryimage"},"thumbnailUrl":"https:\/\/www.biopapa.de\/wp-content\/uploads\/2021\/09\/779A1395.jpg","datePublished":"2021-07-21T08:23:38+00:00","dateModified":"2026-02-13T07:37:45+00:00","description":"Migdolai laikomi vieni i\u0161 geriausi\u0173 supermaist\u0173 smegenims, nes juose ma\u017eai prisotint\u0173 riebal\u0173, daug omega-6, vitamino E, kalcio, cinko ir baltym\u0173. Vitaminas E palaiko pa\u017einimo funkcij\u0105, apsaugo atmint\u012f ir skatina budrum\u0105.","breadcrumb":{"@id":"https:\/\/www.biopapa.de\/lt\/producte\/ekologiski-migdolai-luobeliu\/#breadcrumb"},"inLanguage":"lt-LT","potentialAction":[{"@type":"ReadAction","target":["https:\/\/www.biopapa.de\/lt\/producte\/ekologiski-migdolai-luobeliu\/"]}]},{"@type":"ImageObject","inLanguage":"lt-LT","@id":"https:\/\/www.biopapa.de\/lt\/producte\/ekologiski-migdolai-luobeliu\/#primaryimage","url":"https:\/\/www.biopapa.de\/wp-content\/uploads\/2021\/09\/779A1395.jpg","contentUrl":"https:\/\/www.biopapa.de\/wp-content\/uploads\/2021\/09\/779A1395.jpg","width":800,"height":640,"caption":"Ekologi\u0161ki migdolai be luobeli\u0173"},{"@type":"BreadcrumbList","@id":"https:\/\/www.biopapa.de\/lt\/producte\/ekologiski-migdolai-luobeliu\/#breadcrumb","itemListElement":[{"@type":"ListItem","position":1,"name":"Home","item":"https:\/\/www.biopapa.de\/lt\/"},{"@type":"ListItem","position":2,"name":"Parduotuv\u0117","item":"https:\/\/www.biopapa.de\/parduotuve\/"},{"@type":"ListItem","position":3,"name":"Ekologi\u0161ki migdolai be luobeli\u0173"}]},{"@type":"WebSite","@id":"https:\/\/www.biopapa.de\/lt\/#website","url":"https:\/\/www.biopapa.de\/lt\/","name":"Biopapa","description":"\u0160var\u016bs ekologi\u0161ki produktai","publisher":{"@id":"https:\/\/www.biopapa.de\/lt\/#organization"},"potentialAction":[{"@type":"SearchAction","target":{"@type":"EntryPoint","urlTemplate":"https:\/\/www.biopapa.de\/lt\/?s={search_term_string}"},"query-input":{"@type":"PropertyValueSpecification","valueRequired":true,"valueName":"search_term_string"}}],"inLanguage":"lt-LT"},{"@type":"Organization","@id":"https:\/\/www.biopapa.de\/lt\/#organization","name":"Biopapa","url":"https:\/\/www.biopapa.de\/lt\/","logo":{"@type":"ImageObject","inLanguage":"lt-LT","@id":"https:\/\/www.biopapa.de\/lt\/#\/schema\/logo\/image\/","url":"https:\/\/www.biopapa.lt\/wp-content\/uploads\/2022\/04\/facebook_biopapa.jpg","contentUrl":"https:\/\/www.biopapa.lt\/wp-content\/uploads\/2022\/04\/facebook_biopapa.jpg","width":1733,"height":907,"caption":"Biopapa"},"image":{"@id":"https:\/\/www.biopapa.de\/lt\/#\/schema\/logo\/image\/"},"sameAs":["https:\/\/www.facebook.com\/biopapa.lt"]}]}},"_links":{"self":[{"href":"https:\/\/www.biopapa.de\/lt\/wp-json\/wp\/v2\/product\/13697","targetHints":{"allow":["GET"]}}],"collection":[{"href":"https:\/\/www.biopapa.de\/lt\/wp-json\/wp\/v2\/product"}],"about":[{"href":"https:\/\/www.biopapa.de\/lt\/wp-json\/wp\/v2\/types\/product"}],"wp:featuredmedia":[{"embeddable":true,"href":"https:\/\/www.biopapa.de\/lt\/wp-json\/wp\/v2\/media\/15024"}],"wp:attachment":[{"href":"https:\/\/www.biopapa.de\/lt\/wp-json\/wp\/v2\/media?parent=13697"}],"wp:term":[{"taxonomy":"product_brand","embeddable":true,"href":"https:\/\/www.biopapa.de\/lt\/wp-json\/wp\/v2\/product_brand?post=13697"},{"taxonomy":"product_cat","embeddable":true,"href":"https:\/\/www.biopapa.de\/lt\/wp-json\/wp\/v2\/product_cat?post=13697"},{"taxonomy":"product_tag","embeddable":true,"href":"https:\/\/www.biopapa.de\/lt\/wp-json\/wp\/v2\/product_tag?post=13697"}],"curies":[{"name":"wp","href":"https:\/\/api.w.org\/{rel}","templated":true}]}}