{"id":13724,"date":"2021-07-27T15:41:35","date_gmt":"2021-07-27T12:41:35","guid":{"rendered":"https:\/\/www.biopapa.lt\/?post_type=product&#038;p=13724"},"modified":"2026-03-27T15:02:20","modified_gmt":"2026-03-27T13:02:20","slug":"ekologiskos-sezamu-seklos","status":"publish","type":"product","link":"https:\/\/www.biopapa.de\/lt\/producte\/ekologiskos-sezamu-seklos\/","title":{"rendered":"Ekologi\u0161kos sezamo s\u0117klos (neluk\u0161tentos)"},"content":{"rendered":"<p>Ekologi\u0161kos sezamo s\u0117klos (neluk\u0161tentos)<br \/>\nSezamo s\u0117klos \u2013 vienos seniausi\u0173 aliejini\u0173 kult\u016br\u0173, auginamos daugiau nei 3000 met\u0173, kilusios i\u0161 Mesopotamijos ir Indijos regiono. D\u0117l savo rie\u0161utinio skonio ir maistingumo jos buvo vertinamos senov\u0117s Babilone, Egipte ir Kinijoje tiek kulinarijoje, tiek medicinoje. S\u0117klos naudotos aliejui spausti, patiekalams gardinti ir religiniams tikslams. \u0160iandien jos vis dar pla\u010diai naudojamos visame pasaulyje \u2013 kepiniuose, tahini pastoje ir kaip aliejaus \u0161altinis.<br \/>\nNeluk\u0161tentos sezamo s\u0117klos gali b\u016bti maistingas kasdienio maisto ruo\u0161imo priedas, suteikiantis patiekalams subtil\u0173 tra\u0161kum\u0105 ir \u017eemi\u0161k\u0105 skon\u012f. Galimai turtingos skaidul\u0173, kalcio ir sveik\u0173j\u0173 riebal\u0173, \u0161ios s\u0117klos gali b\u016bti barstomos ant salot\u0173, mai\u0161omos su jogurtu arba dedamos \u012f kepinius, tokius kaip duona ar bandel\u0117s.<br \/>\nPakepinus sezamo s\u0117klas, j\u0173 skonis sustipr\u0117ja, ir jos tampa skaniu priedu prie tro\u0161kint\u0173 dar\u017eovi\u0173, ry\u017ei\u0173 patiekal\u0173 ar kept\u0173 dar\u017eovi\u0173. Reguliarus sezamo s\u0117kl\u0173 vartojimas ne tik praturtina mityb\u0105, bet ir suteikia tekst\u016bros bei skonio kasdieniams patiekalams.<br \/>\nSvarbu \u012fvairi ir subalansuota mityba bei sveikas gyvenimo b\u016bdas.<\/p>\n<p>PASTABA. \u010cia pateikta informacija negali b\u016bti interpretuojama kaip gydymo ar kitokio pob\u016bd\u017eio sveikatos klausim\u0173 sprendimo rekomendacija. Raginame sprendimus, susijusius su asmenine sveikata, priimti asmeni\u0161kai, \u012fvertinus \u012fvairius informacijos \u0161altinius.<\/p>\n","protected":false},"excerpt":{"rendered":"<p>Ekologi\u0161kos sezamo s\u0117klos (neluk\u0161tentos) Sezamo s\u0117klos \u2013 vienos seniausi\u0173 aliejini\u0173 kult\u016br\u0173, auginamos daugiau nei 3000 met\u0173, kilusios i\u0161 Mesopotamijos ir<\/p>\n","protected":false},"featured_media":16842,"template":"","meta":{"_acf_changed":false},"product_brand":[],"product_cat":[730,1905],"product_tag":[1380,1378,1382],"class_list":{"0":"post-13724","1":"product","2":"type-product","3":"status-publish","4":"has-post-thumbnail","6":"product_cat-ekologiski-riesutai-seklos","7":"product_cat-seklos","8":"product_tag-keto-mityba","9":"product_tag-veganams","10":"product_tag-zaliavalgiams","11":"pa_svoris-1-kg","12":"pa_svoris-100-g","13":"pa_svoris-200-g","14":"pa_svoris-25-kg","15":"pa_svoris-300-g","16":"pa_svoris-400-g","17":"pa_svoris-500-g","19":"first","20":"instock","21":"shipping-taxable","22":"purchasable","23":"product-type-variable"},"acf":[],"yoast_head":"<!-- This site is optimized with the Yoast SEO plugin v27.5 - https:\/\/yoast.com\/product\/yoast-seo-wordpress\/ -->\n<title>Ekologi\u0161kos sezamo s\u0117klos (neluk\u0161tentos) - Biopapa<\/title>\n<meta name=\"description\" content=\"Sezamo s\u0117klos \u2013 vienas seniausi\u0173 \u017einom\u0173 prieskoni\u0173 pasaulyje. Indijoje \u0161ios s\u0117klos laikomos nemirtingumo simboliu, o senov\u0117je moterys \u0161ias s\u0117klas valgydavo nor\u0117damos kaip \u012fmanoma ilgiau i\u0161saugoti gro\u017e\u012f ir jaunyst\u0119.\" \/>\n<meta name=\"robots\" content=\"index, follow, max-snippet:-1, max-image-preview:large, max-video-preview:-1\" \/>\n<link rel=\"canonical\" href=\"https:\/\/www.biopapa.de\/lt\/producte\/ekologiskos-sezamu-seklos\/\" \/>\n<meta property=\"og:locale\" content=\"lt_LT\" \/>\n<meta property=\"og:type\" content=\"article\" \/>\n<meta property=\"og:title\" content=\"Ekologi\u0161kos sezamo s\u0117klos (neluk\u0161tentos) - Biopapa\" \/>\n<meta property=\"og:description\" content=\"Sezamo s\u0117klos \u2013 vienas seniausi\u0173 \u017einom\u0173 prieskoni\u0173 pasaulyje. Indijoje \u0161ios s\u0117klos laikomos nemirtingumo simboliu, o senov\u0117je moterys \u0161ias s\u0117klas valgydavo nor\u0117damos kaip \u012fmanoma ilgiau i\u0161saugoti gro\u017e\u012f ir jaunyst\u0119.\" \/>\n<meta property=\"og:url\" content=\"https:\/\/www.biopapa.de\/lt\/producte\/ekologiskos-sezamu-seklos\/\" \/>\n<meta property=\"og:site_name\" content=\"Biopapa\" \/>\n<meta property=\"article:publisher\" content=\"https:\/\/www.facebook.com\/biopapa.lt\" \/>\n<meta property=\"article:modified_time\" content=\"2026-03-27T13:02:20+00:00\" \/>\n<meta property=\"og:image\" content=\"https:\/\/www.biopapa.de\/wp-content\/uploads\/2022\/01\/sezamo-seklos.jpg\" \/>\n\t<meta property=\"og:image:width\" content=\"800\" \/>\n\t<meta property=\"og:image:height\" content=\"640\" \/>\n\t<meta property=\"og:image:type\" content=\"image\/jpeg\" \/>\n<meta name=\"twitter:card\" content=\"summary_large_image\" \/>\n<meta name=\"twitter:label1\" content=\"Est. reading time\" \/>\n\t<meta name=\"twitter:data1\" content=\"1 minut\u0117\" \/>\n<script type=\"application\/ld+json\" class=\"yoast-schema-graph\">{\"@context\":\"https:\\\/\\\/schema.org\",\"@graph\":[{\"@type\":\"WebPage\",\"@id\":\"https:\\\/\\\/www.biopapa.de\\\/lt\\\/producte\\\/ekologiskos-sezamu-seklos\\\/\",\"url\":\"https:\\\/\\\/www.biopapa.de\\\/lt\\\/producte\\\/ekologiskos-sezamu-seklos\\\/\",\"name\":\"Ekologi\u0161kos sezamo s\u0117klos (neluk\u0161tentos) - Biopapa\",\"isPartOf\":{\"@id\":\"https:\\\/\\\/www.biopapa.de\\\/lt\\\/#website\"},\"primaryImageOfPage\":{\"@id\":\"https:\\\/\\\/www.biopapa.de\\\/lt\\\/producte\\\/ekologiskos-sezamu-seklos\\\/#primaryimage\"},\"image\":{\"@id\":\"https:\\\/\\\/www.biopapa.de\\\/lt\\\/producte\\\/ekologiskos-sezamu-seklos\\\/#primaryimage\"},\"thumbnailUrl\":\"https:\\\/\\\/www.biopapa.de\\\/wp-content\\\/uploads\\\/2022\\\/01\\\/sezamo-seklos.jpg\",\"datePublished\":\"2021-07-27T12:41:35+00:00\",\"dateModified\":\"2026-03-27T13:02:20+00:00\",\"description\":\"Sezamo s\u0117klos \u2013 vienas seniausi\u0173 \u017einom\u0173 prieskoni\u0173 pasaulyje. Indijoje \u0161ios s\u0117klos laikomos nemirtingumo simboliu, o senov\u0117je moterys \u0161ias s\u0117klas valgydavo nor\u0117damos kaip \u012fmanoma ilgiau i\u0161saugoti gro\u017e\u012f ir jaunyst\u0119.\",\"breadcrumb\":{\"@id\":\"https:\\\/\\\/www.biopapa.de\\\/lt\\\/producte\\\/ekologiskos-sezamu-seklos\\\/#breadcrumb\"},\"inLanguage\":\"lt-LT\",\"potentialAction\":[{\"@type\":\"ReadAction\",\"target\":[\"https:\\\/\\\/www.biopapa.de\\\/lt\\\/producte\\\/ekologiskos-sezamu-seklos\\\/\"]}]},{\"@type\":\"ImageObject\",\"inLanguage\":\"lt-LT\",\"@id\":\"https:\\\/\\\/www.biopapa.de\\\/lt\\\/producte\\\/ekologiskos-sezamu-seklos\\\/#primaryimage\",\"url\":\"https:\\\/\\\/www.biopapa.de\\\/wp-content\\\/uploads\\\/2022\\\/01\\\/sezamo-seklos.jpg\",\"contentUrl\":\"https:\\\/\\\/www.biopapa.de\\\/wp-content\\\/uploads\\\/2022\\\/01\\\/sezamo-seklos.jpg\",\"width\":800,\"height\":640,\"caption\":\"Ekologi\u0161kos sezamo s\u0117klos (neluk\u0161tentos)\"},{\"@type\":\"BreadcrumbList\",\"@id\":\"https:\\\/\\\/www.biopapa.de\\\/lt\\\/producte\\\/ekologiskos-sezamu-seklos\\\/#breadcrumb\",\"itemListElement\":[{\"@type\":\"ListItem\",\"position\":1,\"name\":\"Home\",\"item\":\"https:\\\/\\\/www.biopapa.de\\\/lt\\\/\"},{\"@type\":\"ListItem\",\"position\":2,\"name\":\"Parduotuv\u0117\",\"item\":\"https:\\\/\\\/www.biopapa.de\\\/parduotuve\\\/\"},{\"@type\":\"ListItem\",\"position\":3,\"name\":\"Ekologi\u0161kos sezamo s\u0117klos (neluk\u0161tentos)\"}]},{\"@type\":\"WebSite\",\"@id\":\"https:\\\/\\\/www.biopapa.de\\\/lt\\\/#website\",\"url\":\"https:\\\/\\\/www.biopapa.de\\\/lt\\\/\",\"name\":\"Biopapa\",\"description\":\"\u0160var\u016bs ekologi\u0161ki produktai\",\"publisher\":{\"@id\":\"https:\\\/\\\/www.biopapa.de\\\/lt\\\/#organization\"},\"potentialAction\":[{\"@type\":\"SearchAction\",\"target\":{\"@type\":\"EntryPoint\",\"urlTemplate\":\"https:\\\/\\\/www.biopapa.de\\\/lt\\\/?s={search_term_string}\"},\"query-input\":{\"@type\":\"PropertyValueSpecification\",\"valueRequired\":true,\"valueName\":\"search_term_string\"}}],\"inLanguage\":\"lt-LT\"},{\"@type\":\"Organization\",\"@id\":\"https:\\\/\\\/www.biopapa.de\\\/lt\\\/#organization\",\"name\":\"Biopapa\",\"url\":\"https:\\\/\\\/www.biopapa.de\\\/lt\\\/\",\"logo\":{\"@type\":\"ImageObject\",\"inLanguage\":\"lt-LT\",\"@id\":\"https:\\\/\\\/www.biopapa.de\\\/lt\\\/#\\\/schema\\\/logo\\\/image\\\/\",\"url\":\"https:\\\/\\\/www.biopapa.lt\\\/wp-content\\\/uploads\\\/2022\\\/04\\\/facebook_biopapa.jpg\",\"contentUrl\":\"https:\\\/\\\/www.biopapa.lt\\\/wp-content\\\/uploads\\\/2022\\\/04\\\/facebook_biopapa.jpg\",\"width\":1733,\"height\":907,\"caption\":\"Biopapa\"},\"image\":{\"@id\":\"https:\\\/\\\/www.biopapa.de\\\/lt\\\/#\\\/schema\\\/logo\\\/image\\\/\"},\"sameAs\":[\"https:\\\/\\\/www.facebook.com\\\/biopapa.lt\"]}]}<\/script>\n<!-- \/ Yoast SEO plugin. -->","yoast_head_json":{"title":"Ekologi\u0161kos sezamo s\u0117klos (neluk\u0161tentos) - Biopapa","description":"Sezamo s\u0117klos \u2013 vienas seniausi\u0173 \u017einom\u0173 prieskoni\u0173 pasaulyje. Indijoje \u0161ios s\u0117klos laikomos nemirtingumo simboliu, o senov\u0117je moterys \u0161ias s\u0117klas valgydavo nor\u0117damos kaip \u012fmanoma ilgiau i\u0161saugoti gro\u017e\u012f ir jaunyst\u0119.","robots":{"index":"index","follow":"follow","max-snippet":"max-snippet:-1","max-image-preview":"max-image-preview:large","max-video-preview":"max-video-preview:-1"},"canonical":"https:\/\/www.biopapa.de\/lt\/producte\/ekologiskos-sezamu-seklos\/","og_locale":"lt_LT","og_type":"article","og_title":"Ekologi\u0161kos sezamo s\u0117klos (neluk\u0161tentos) - Biopapa","og_description":"Sezamo s\u0117klos \u2013 vienas seniausi\u0173 \u017einom\u0173 prieskoni\u0173 pasaulyje. Indijoje \u0161ios s\u0117klos laikomos nemirtingumo simboliu, o senov\u0117je moterys \u0161ias s\u0117klas valgydavo nor\u0117damos kaip \u012fmanoma ilgiau i\u0161saugoti gro\u017e\u012f ir jaunyst\u0119.","og_url":"https:\/\/www.biopapa.de\/lt\/producte\/ekologiskos-sezamu-seklos\/","og_site_name":"Biopapa","article_publisher":"https:\/\/www.facebook.com\/biopapa.lt","article_modified_time":"2026-03-27T13:02:20+00:00","og_image":[{"width":800,"height":640,"url":"https:\/\/www.biopapa.de\/wp-content\/uploads\/2022\/01\/sezamo-seklos.jpg","type":"image\/jpeg"}],"twitter_card":"summary_large_image","twitter_misc":{"Est. reading time":"1 minut\u0117"},"schema":{"@context":"https:\/\/schema.org","@graph":[{"@type":"WebPage","@id":"https:\/\/www.biopapa.de\/lt\/producte\/ekologiskos-sezamu-seklos\/","url":"https:\/\/www.biopapa.de\/lt\/producte\/ekologiskos-sezamu-seklos\/","name":"Ekologi\u0161kos sezamo s\u0117klos (neluk\u0161tentos) - Biopapa","isPartOf":{"@id":"https:\/\/www.biopapa.de\/lt\/#website"},"primaryImageOfPage":{"@id":"https:\/\/www.biopapa.de\/lt\/producte\/ekologiskos-sezamu-seklos\/#primaryimage"},"image":{"@id":"https:\/\/www.biopapa.de\/lt\/producte\/ekologiskos-sezamu-seklos\/#primaryimage"},"thumbnailUrl":"https:\/\/www.biopapa.de\/wp-content\/uploads\/2022\/01\/sezamo-seklos.jpg","datePublished":"2021-07-27T12:41:35+00:00","dateModified":"2026-03-27T13:02:20+00:00","description":"Sezamo s\u0117klos \u2013 vienas seniausi\u0173 \u017einom\u0173 prieskoni\u0173 pasaulyje. Indijoje \u0161ios s\u0117klos laikomos nemirtingumo simboliu, o senov\u0117je moterys \u0161ias s\u0117klas valgydavo nor\u0117damos kaip \u012fmanoma ilgiau i\u0161saugoti gro\u017e\u012f ir jaunyst\u0119.","breadcrumb":{"@id":"https:\/\/www.biopapa.de\/lt\/producte\/ekologiskos-sezamu-seklos\/#breadcrumb"},"inLanguage":"lt-LT","potentialAction":[{"@type":"ReadAction","target":["https:\/\/www.biopapa.de\/lt\/producte\/ekologiskos-sezamu-seklos\/"]}]},{"@type":"ImageObject","inLanguage":"lt-LT","@id":"https:\/\/www.biopapa.de\/lt\/producte\/ekologiskos-sezamu-seklos\/#primaryimage","url":"https:\/\/www.biopapa.de\/wp-content\/uploads\/2022\/01\/sezamo-seklos.jpg","contentUrl":"https:\/\/www.biopapa.de\/wp-content\/uploads\/2022\/01\/sezamo-seklos.jpg","width":800,"height":640,"caption":"Ekologi\u0161kos sezamo s\u0117klos (neluk\u0161tentos)"},{"@type":"BreadcrumbList","@id":"https:\/\/www.biopapa.de\/lt\/producte\/ekologiskos-sezamu-seklos\/#breadcrumb","itemListElement":[{"@type":"ListItem","position":1,"name":"Home","item":"https:\/\/www.biopapa.de\/lt\/"},{"@type":"ListItem","position":2,"name":"Parduotuv\u0117","item":"https:\/\/www.biopapa.de\/parduotuve\/"},{"@type":"ListItem","position":3,"name":"Ekologi\u0161kos sezamo s\u0117klos (neluk\u0161tentos)"}]},{"@type":"WebSite","@id":"https:\/\/www.biopapa.de\/lt\/#website","url":"https:\/\/www.biopapa.de\/lt\/","name":"Biopapa","description":"\u0160var\u016bs ekologi\u0161ki produktai","publisher":{"@id":"https:\/\/www.biopapa.de\/lt\/#organization"},"potentialAction":[{"@type":"SearchAction","target":{"@type":"EntryPoint","urlTemplate":"https:\/\/www.biopapa.de\/lt\/?s={search_term_string}"},"query-input":{"@type":"PropertyValueSpecification","valueRequired":true,"valueName":"search_term_string"}}],"inLanguage":"lt-LT"},{"@type":"Organization","@id":"https:\/\/www.biopapa.de\/lt\/#organization","name":"Biopapa","url":"https:\/\/www.biopapa.de\/lt\/","logo":{"@type":"ImageObject","inLanguage":"lt-LT","@id":"https:\/\/www.biopapa.de\/lt\/#\/schema\/logo\/image\/","url":"https:\/\/www.biopapa.lt\/wp-content\/uploads\/2022\/04\/facebook_biopapa.jpg","contentUrl":"https:\/\/www.biopapa.lt\/wp-content\/uploads\/2022\/04\/facebook_biopapa.jpg","width":1733,"height":907,"caption":"Biopapa"},"image":{"@id":"https:\/\/www.biopapa.de\/lt\/#\/schema\/logo\/image\/"},"sameAs":["https:\/\/www.facebook.com\/biopapa.lt"]}]}},"_links":{"self":[{"href":"https:\/\/www.biopapa.de\/lt\/wp-json\/wp\/v2\/product\/13724","targetHints":{"allow":["GET"]}}],"collection":[{"href":"https:\/\/www.biopapa.de\/lt\/wp-json\/wp\/v2\/product"}],"about":[{"href":"https:\/\/www.biopapa.de\/lt\/wp-json\/wp\/v2\/types\/product"}],"wp:featuredmedia":[{"embeddable":true,"href":"https:\/\/www.biopapa.de\/lt\/wp-json\/wp\/v2\/media\/16842"}],"wp:attachment":[{"href":"https:\/\/www.biopapa.de\/lt\/wp-json\/wp\/v2\/media?parent=13724"}],"wp:term":[{"taxonomy":"product_brand","embeddable":true,"href":"https:\/\/www.biopapa.de\/lt\/wp-json\/wp\/v2\/product_brand?post=13724"},{"taxonomy":"product_cat","embeddable":true,"href":"https:\/\/www.biopapa.de\/lt\/wp-json\/wp\/v2\/product_cat?post=13724"},{"taxonomy":"product_tag","embeddable":true,"href":"https:\/\/www.biopapa.de\/lt\/wp-json\/wp\/v2\/product_tag?post=13724"}],"curies":[{"name":"wp","href":"https:\/\/api.w.org\/{rel}","templated":true}]}}