{"id":13761,"date":"2021-07-27T17:57:20","date_gmt":"2021-07-27T14:57:20","guid":{"rendered":"https:\/\/www.biopapa.lt\/?post_type=product&#038;p=13761"},"modified":"2026-04-02T14:25:28","modified_gmt":"2026-04-02T11:25:28","slug":"ekologiski-anakardziu-riesutai","status":"publish","type":"product","link":"https:\/\/www.biopapa.de\/lt\/producte\/ekologiski-anakardziu-riesutai\/","title":{"rendered":"Ekologi\u0161ki anakard\u017ei\u0173 rie\u0161utai"},"content":{"rendered":"<p><strong>Ekologi\u0161ki anakard\u017ei\u0173 rie\u0161utai<\/strong><br \/>\nAnakard\u017ei\u0173 rie\u0161utai yra labai maistingi ir universal\u016bs. Juose gausu sveik\u0173j\u0173 riebal\u0173, kurie galimai naudingi \u0161irdies sveikatai, nes padeda ma\u017einti blogojo cholesterolio kiek\u012f. Anakard\u017ei\u0173 rie\u0161utai taip pat yra geras baltym\u0173 \u0161altinis, tod\u0117l jie yra puikus u\u017ekandis energijai didinti ir raumen\u0173 augimui palaikyti.<br \/>\nVirtuv\u0117je anakard\u017ei\u0173 rie\u0161utai naudojami \u012fvairiais b\u016bdais \u2013 kaip skanus u\u017ekandis, galima skrudinti, mai\u0161omi \u012f kreminius pada\u017eus, dedami \u012f salotas, mi\u0161raines ir desertus, kad \u012fgaut\u0173 papildomo skonio ir tekst\u016bros.<\/p>\n<p>Rekomenduojama dienos norma ne daugiau nei saujel\u0117 rie\u0161ut\u0173.<\/p>\n<p>PASTABA. \u010cia pateikta informacija negali b\u016bti interpretuojama kaip gydymo ar kitokio pob\u016bd\u017eio sveikatos klausim\u0173 sprendimo rekomendacija. Raginame sprendimus, susijusius su asmenine sveikata, priimti asmeni\u0161kai, \u012fvertinus \u012fvairius informacijos \u0161altinius.<\/p>\n","protected":false},"excerpt":{"rendered":"<p>Ekologi\u0161ki anakard\u017ei\u0173 rie\u0161utai Anakard\u017ei\u0173 rie\u0161utai yra labai maistingi ir universal\u016bs. Juose gausu sveik\u0173j\u0173 riebal\u0173, kurie galimai naudingi \u0161irdies sveikatai, nes<\/p>\n","protected":false},"featured_media":15028,"template":"","meta":{"_acf_changed":false},"product_brand":[],"product_cat":[1904,730],"product_tag":[1380,1378],"class_list":{"0":"post-13761","1":"product","2":"type-product","3":"status-publish","4":"has-post-thumbnail","6":"product_cat-riesutai","7":"product_cat-ekologiski-riesutai-seklos","8":"product_tag-keto-mityba","9":"product_tag-veganams","10":"pa_svoris-1-kg","11":"pa_svoris-100-g","12":"pa_svoris-200-g","13":"pa_svoris-22-68","14":"pa_svoris-300-g","15":"pa_svoris-400-g","16":"pa_svoris-500-g","18":"first","19":"instock","20":"shipping-taxable","21":"purchasable","22":"product-type-variable"},"acf":[],"yoast_head":"<!-- This site is optimized with the Yoast SEO plugin v27.5 - https:\/\/yoast.com\/product\/yoast-seo-wordpress\/ -->\n<title>Ekologi\u0161ki anakard\u017ei\u0173 rie\u0161utai - Biopapa<\/title>\n<meta name=\"description\" content=\"Ekologi\u0161ki anakard\u017ei\u0173 rie\u0161utai yra sald\u016bs ir turi \u0161ildan\u010dias savybes.\u00a0 Jie turi labai daug maistini\u0173 med\u017eiag\u0173, vitamin\u0173 bei maistini\u0173 skaidul\u0173.\u00a0 Anakard\u017eiai naudingi kaulams, odai ir plaukams.\" \/>\n<meta name=\"robots\" content=\"index, follow, max-snippet:-1, max-image-preview:large, max-video-preview:-1\" \/>\n<link rel=\"canonical\" href=\"https:\/\/www.biopapa.de\/lt\/producte\/ekologiski-anakardziu-riesutai\/\" \/>\n<meta property=\"og:locale\" content=\"lt_LT\" \/>\n<meta property=\"og:type\" content=\"article\" \/>\n<meta property=\"og:title\" content=\"Ekologi\u0161ki anakard\u017ei\u0173 rie\u0161utai - Biopapa\" \/>\n<meta property=\"og:description\" content=\"Ekologi\u0161ki anakard\u017ei\u0173 rie\u0161utai yra sald\u016bs ir turi \u0161ildan\u010dias savybes.\u00a0 Jie turi labai daug maistini\u0173 med\u017eiag\u0173, vitamin\u0173 bei maistini\u0173 skaidul\u0173.\u00a0 Anakard\u017eiai naudingi kaulams, odai ir plaukams.\" \/>\n<meta property=\"og:url\" content=\"https:\/\/www.biopapa.de\/lt\/producte\/ekologiski-anakardziu-riesutai\/\" \/>\n<meta property=\"og:site_name\" content=\"Biopapa\" \/>\n<meta property=\"article:publisher\" content=\"https:\/\/www.facebook.com\/biopapa.lt\" \/>\n<meta property=\"article:modified_time\" content=\"2026-04-02T11:25:28+00:00\" \/>\n<meta property=\"og:image\" content=\"https:\/\/www.biopapa.de\/wp-content\/uploads\/2021\/09\/779A1406.jpg\" \/>\n\t<meta property=\"og:image:width\" content=\"800\" \/>\n\t<meta property=\"og:image:height\" content=\"640\" \/>\n\t<meta property=\"og:image:type\" content=\"image\/jpeg\" \/>\n<meta name=\"twitter:card\" content=\"summary_large_image\" \/>\n<meta name=\"twitter:label1\" content=\"Est. reading time\" \/>\n\t<meta name=\"twitter:data1\" content=\"1 minut\u0117\" \/>\n<script type=\"application\/ld+json\" class=\"yoast-schema-graph\">{\"@context\":\"https:\\\/\\\/schema.org\",\"@graph\":[{\"@type\":\"WebPage\",\"@id\":\"https:\\\/\\\/www.biopapa.de\\\/lt\\\/producte\\\/ekologiski-anakardziu-riesutai\\\/\",\"url\":\"https:\\\/\\\/www.biopapa.de\\\/lt\\\/producte\\\/ekologiski-anakardziu-riesutai\\\/\",\"name\":\"Ekologi\u0161ki anakard\u017ei\u0173 rie\u0161utai - Biopapa\",\"isPartOf\":{\"@id\":\"https:\\\/\\\/www.biopapa.de\\\/lt\\\/#website\"},\"primaryImageOfPage\":{\"@id\":\"https:\\\/\\\/www.biopapa.de\\\/lt\\\/producte\\\/ekologiski-anakardziu-riesutai\\\/#primaryimage\"},\"image\":{\"@id\":\"https:\\\/\\\/www.biopapa.de\\\/lt\\\/producte\\\/ekologiski-anakardziu-riesutai\\\/#primaryimage\"},\"thumbnailUrl\":\"https:\\\/\\\/www.biopapa.de\\\/wp-content\\\/uploads\\\/2021\\\/09\\\/779A1406.jpg\",\"datePublished\":\"2021-07-27T14:57:20+00:00\",\"dateModified\":\"2026-04-02T11:25:28+00:00\",\"description\":\"Ekologi\u0161ki anakard\u017ei\u0173 rie\u0161utai yra sald\u016bs ir turi \u0161ildan\u010dias savybes.\u00a0 Jie turi labai daug maistini\u0173 med\u017eiag\u0173, vitamin\u0173 bei maistini\u0173 skaidul\u0173.\u00a0 Anakard\u017eiai naudingi kaulams, odai ir plaukams.\",\"breadcrumb\":{\"@id\":\"https:\\\/\\\/www.biopapa.de\\\/lt\\\/producte\\\/ekologiski-anakardziu-riesutai\\\/#breadcrumb\"},\"inLanguage\":\"lt-LT\",\"potentialAction\":[{\"@type\":\"ReadAction\",\"target\":[\"https:\\\/\\\/www.biopapa.de\\\/lt\\\/producte\\\/ekologiski-anakardziu-riesutai\\\/\"]}]},{\"@type\":\"ImageObject\",\"inLanguage\":\"lt-LT\",\"@id\":\"https:\\\/\\\/www.biopapa.de\\\/lt\\\/producte\\\/ekologiski-anakardziu-riesutai\\\/#primaryimage\",\"url\":\"https:\\\/\\\/www.biopapa.de\\\/wp-content\\\/uploads\\\/2021\\\/09\\\/779A1406.jpg\",\"contentUrl\":\"https:\\\/\\\/www.biopapa.de\\\/wp-content\\\/uploads\\\/2021\\\/09\\\/779A1406.jpg\",\"width\":800,\"height\":640,\"caption\":\"Ekologi\u0161ki anakard\u017ei\u0173 rie\u0161utai\"},{\"@type\":\"BreadcrumbList\",\"@id\":\"https:\\\/\\\/www.biopapa.de\\\/lt\\\/producte\\\/ekologiski-anakardziu-riesutai\\\/#breadcrumb\",\"itemListElement\":[{\"@type\":\"ListItem\",\"position\":1,\"name\":\"Home\",\"item\":\"https:\\\/\\\/www.biopapa.de\\\/lt\\\/\"},{\"@type\":\"ListItem\",\"position\":2,\"name\":\"Parduotuv\u0117\",\"item\":\"https:\\\/\\\/www.biopapa.de\\\/parduotuve\\\/\"},{\"@type\":\"ListItem\",\"position\":3,\"name\":\"Ekologi\u0161ki anakard\u017ei\u0173 rie\u0161utai\"}]},{\"@type\":\"WebSite\",\"@id\":\"https:\\\/\\\/www.biopapa.de\\\/lt\\\/#website\",\"url\":\"https:\\\/\\\/www.biopapa.de\\\/lt\\\/\",\"name\":\"Biopapa\",\"description\":\"\u0160var\u016bs ekologi\u0161ki produktai\",\"publisher\":{\"@id\":\"https:\\\/\\\/www.biopapa.de\\\/lt\\\/#organization\"},\"potentialAction\":[{\"@type\":\"SearchAction\",\"target\":{\"@type\":\"EntryPoint\",\"urlTemplate\":\"https:\\\/\\\/www.biopapa.de\\\/lt\\\/?s={search_term_string}\"},\"query-input\":{\"@type\":\"PropertyValueSpecification\",\"valueRequired\":true,\"valueName\":\"search_term_string\"}}],\"inLanguage\":\"lt-LT\"},{\"@type\":\"Organization\",\"@id\":\"https:\\\/\\\/www.biopapa.de\\\/lt\\\/#organization\",\"name\":\"Biopapa\",\"url\":\"https:\\\/\\\/www.biopapa.de\\\/lt\\\/\",\"logo\":{\"@type\":\"ImageObject\",\"inLanguage\":\"lt-LT\",\"@id\":\"https:\\\/\\\/www.biopapa.de\\\/lt\\\/#\\\/schema\\\/logo\\\/image\\\/\",\"url\":\"https:\\\/\\\/www.biopapa.lt\\\/wp-content\\\/uploads\\\/2022\\\/04\\\/facebook_biopapa.jpg\",\"contentUrl\":\"https:\\\/\\\/www.biopapa.lt\\\/wp-content\\\/uploads\\\/2022\\\/04\\\/facebook_biopapa.jpg\",\"width\":1733,\"height\":907,\"caption\":\"Biopapa\"},\"image\":{\"@id\":\"https:\\\/\\\/www.biopapa.de\\\/lt\\\/#\\\/schema\\\/logo\\\/image\\\/\"},\"sameAs\":[\"https:\\\/\\\/www.facebook.com\\\/biopapa.lt\"]}]}<\/script>\n<!-- \/ Yoast SEO plugin. -->","yoast_head_json":{"title":"Ekologi\u0161ki anakard\u017ei\u0173 rie\u0161utai - Biopapa","description":"Ekologi\u0161ki anakard\u017ei\u0173 rie\u0161utai yra sald\u016bs ir turi \u0161ildan\u010dias savybes.\u00a0 Jie turi labai daug maistini\u0173 med\u017eiag\u0173, vitamin\u0173 bei maistini\u0173 skaidul\u0173.\u00a0 Anakard\u017eiai naudingi kaulams, odai ir plaukams.","robots":{"index":"index","follow":"follow","max-snippet":"max-snippet:-1","max-image-preview":"max-image-preview:large","max-video-preview":"max-video-preview:-1"},"canonical":"https:\/\/www.biopapa.de\/lt\/producte\/ekologiski-anakardziu-riesutai\/","og_locale":"lt_LT","og_type":"article","og_title":"Ekologi\u0161ki anakard\u017ei\u0173 rie\u0161utai - Biopapa","og_description":"Ekologi\u0161ki anakard\u017ei\u0173 rie\u0161utai yra sald\u016bs ir turi \u0161ildan\u010dias savybes.\u00a0 Jie turi labai daug maistini\u0173 med\u017eiag\u0173, vitamin\u0173 bei maistini\u0173 skaidul\u0173.\u00a0 Anakard\u017eiai naudingi kaulams, odai ir plaukams.","og_url":"https:\/\/www.biopapa.de\/lt\/producte\/ekologiski-anakardziu-riesutai\/","og_site_name":"Biopapa","article_publisher":"https:\/\/www.facebook.com\/biopapa.lt","article_modified_time":"2026-04-02T11:25:28+00:00","og_image":[{"width":800,"height":640,"url":"https:\/\/www.biopapa.de\/wp-content\/uploads\/2021\/09\/779A1406.jpg","type":"image\/jpeg"}],"twitter_card":"summary_large_image","twitter_misc":{"Est. reading time":"1 minut\u0117"},"schema":{"@context":"https:\/\/schema.org","@graph":[{"@type":"WebPage","@id":"https:\/\/www.biopapa.de\/lt\/producte\/ekologiski-anakardziu-riesutai\/","url":"https:\/\/www.biopapa.de\/lt\/producte\/ekologiski-anakardziu-riesutai\/","name":"Ekologi\u0161ki anakard\u017ei\u0173 rie\u0161utai - Biopapa","isPartOf":{"@id":"https:\/\/www.biopapa.de\/lt\/#website"},"primaryImageOfPage":{"@id":"https:\/\/www.biopapa.de\/lt\/producte\/ekologiski-anakardziu-riesutai\/#primaryimage"},"image":{"@id":"https:\/\/www.biopapa.de\/lt\/producte\/ekologiski-anakardziu-riesutai\/#primaryimage"},"thumbnailUrl":"https:\/\/www.biopapa.de\/wp-content\/uploads\/2021\/09\/779A1406.jpg","datePublished":"2021-07-27T14:57:20+00:00","dateModified":"2026-04-02T11:25:28+00:00","description":"Ekologi\u0161ki anakard\u017ei\u0173 rie\u0161utai yra sald\u016bs ir turi \u0161ildan\u010dias savybes.\u00a0 Jie turi labai daug maistini\u0173 med\u017eiag\u0173, vitamin\u0173 bei maistini\u0173 skaidul\u0173.\u00a0 Anakard\u017eiai naudingi kaulams, odai ir plaukams.","breadcrumb":{"@id":"https:\/\/www.biopapa.de\/lt\/producte\/ekologiski-anakardziu-riesutai\/#breadcrumb"},"inLanguage":"lt-LT","potentialAction":[{"@type":"ReadAction","target":["https:\/\/www.biopapa.de\/lt\/producte\/ekologiski-anakardziu-riesutai\/"]}]},{"@type":"ImageObject","inLanguage":"lt-LT","@id":"https:\/\/www.biopapa.de\/lt\/producte\/ekologiski-anakardziu-riesutai\/#primaryimage","url":"https:\/\/www.biopapa.de\/wp-content\/uploads\/2021\/09\/779A1406.jpg","contentUrl":"https:\/\/www.biopapa.de\/wp-content\/uploads\/2021\/09\/779A1406.jpg","width":800,"height":640,"caption":"Ekologi\u0161ki anakard\u017ei\u0173 rie\u0161utai"},{"@type":"BreadcrumbList","@id":"https:\/\/www.biopapa.de\/lt\/producte\/ekologiski-anakardziu-riesutai\/#breadcrumb","itemListElement":[{"@type":"ListItem","position":1,"name":"Home","item":"https:\/\/www.biopapa.de\/lt\/"},{"@type":"ListItem","position":2,"name":"Parduotuv\u0117","item":"https:\/\/www.biopapa.de\/parduotuve\/"},{"@type":"ListItem","position":3,"name":"Ekologi\u0161ki anakard\u017ei\u0173 rie\u0161utai"}]},{"@type":"WebSite","@id":"https:\/\/www.biopapa.de\/lt\/#website","url":"https:\/\/www.biopapa.de\/lt\/","name":"Biopapa","description":"\u0160var\u016bs ekologi\u0161ki produktai","publisher":{"@id":"https:\/\/www.biopapa.de\/lt\/#organization"},"potentialAction":[{"@type":"SearchAction","target":{"@type":"EntryPoint","urlTemplate":"https:\/\/www.biopapa.de\/lt\/?s={search_term_string}"},"query-input":{"@type":"PropertyValueSpecification","valueRequired":true,"valueName":"search_term_string"}}],"inLanguage":"lt-LT"},{"@type":"Organization","@id":"https:\/\/www.biopapa.de\/lt\/#organization","name":"Biopapa","url":"https:\/\/www.biopapa.de\/lt\/","logo":{"@type":"ImageObject","inLanguage":"lt-LT","@id":"https:\/\/www.biopapa.de\/lt\/#\/schema\/logo\/image\/","url":"https:\/\/www.biopapa.lt\/wp-content\/uploads\/2022\/04\/facebook_biopapa.jpg","contentUrl":"https:\/\/www.biopapa.lt\/wp-content\/uploads\/2022\/04\/facebook_biopapa.jpg","width":1733,"height":907,"caption":"Biopapa"},"image":{"@id":"https:\/\/www.biopapa.de\/lt\/#\/schema\/logo\/image\/"},"sameAs":["https:\/\/www.facebook.com\/biopapa.lt"]}]}},"_links":{"self":[{"href":"https:\/\/www.biopapa.de\/lt\/wp-json\/wp\/v2\/product\/13761","targetHints":{"allow":["GET"]}}],"collection":[{"href":"https:\/\/www.biopapa.de\/lt\/wp-json\/wp\/v2\/product"}],"about":[{"href":"https:\/\/www.biopapa.de\/lt\/wp-json\/wp\/v2\/types\/product"}],"wp:featuredmedia":[{"embeddable":true,"href":"https:\/\/www.biopapa.de\/lt\/wp-json\/wp\/v2\/media\/15028"}],"wp:attachment":[{"href":"https:\/\/www.biopapa.de\/lt\/wp-json\/wp\/v2\/media?parent=13761"}],"wp:term":[{"taxonomy":"product_brand","embeddable":true,"href":"https:\/\/www.biopapa.de\/lt\/wp-json\/wp\/v2\/product_brand?post=13761"},{"taxonomy":"product_cat","embeddable":true,"href":"https:\/\/www.biopapa.de\/lt\/wp-json\/wp\/v2\/product_cat?post=13761"},{"taxonomy":"product_tag","embeddable":true,"href":"https:\/\/www.biopapa.de\/lt\/wp-json\/wp\/v2\/product_tag?post=13761"}],"curies":[{"name":"wp","href":"https:\/\/api.w.org\/{rel}","templated":true}]}}