{"id":13768,"date":"2021-07-27T18:07:13","date_gmt":"2021-07-27T15:07:13","guid":{"rendered":"https:\/\/www.biopapa.lt\/?post_type=product&#038;p=13768"},"modified":"2026-01-21T13:05:37","modified_gmt":"2026-01-21T11:05:37","slug":"ekologiski-bertoletiju-braziliski-riesutai","status":"publish","type":"product","link":"https:\/\/www.biopapa.de\/lt\/producte\/ekologiski-bertoletiju-braziliski-riesutai\/","title":{"rendered":"Ekologi\u0161ki bertoletij\u0173 (brazili\u0161ki) rie\u0161utai"},"content":{"rendered":"<p><em><strong>Ekologi\u0161ki bertoletij\u0173 (brazili\u0161ki) rie\u0161utai<\/strong><\/em>, augantys ant brazili\u0161ko rie\u0161utmed\u017eio Bertholletia excelsa, klestin\u010dio ve\u0161liuose Piet\u0173 Amerikos atogr\u0105\u017e\u0173 mi\u0161kuose, su\u017eav\u0117jo daugelio gomur\u012f. D\u0117l savo i\u0161skirtinio skonio, \u012fsp\u016bdingo maistini\u0173 med\u017eiag\u0173 profilio ir galimos naudos sveikatai \u0161ie rie\u0161utai u\u017esitarnavo pelnyt\u0105 viet\u0105 virtuv\u0117se ir sveikos mitybos dietose visame pasaulyje.<\/p>\n<p><em>D\u0117mesio<\/em><br \/>\nNors bertoletij\u0173 rie\u0161utai suteikia daug naudos, nuosaikumas yra labai svarbus d\u0117l didelio seleno kiekio juose. Per trump\u0105 laik\u0105 suvartojus per daug bertoletij\u0173 rie\u0161ut\u0173, gali i\u0161sivystyti seleno toksi\u0161kumas, vadinamas selenoze. Selenoz\u0117s simptomai yra plauk\u0173 slinkimas, trap\u016bs nagai, vir\u0161kinimo sutrikimai ir neurologin\u0117s problemos.<br \/>\nTod\u0117l bertoletij\u0173 rie\u0161utus patariama valgyti saikingai, kad gautum\u0117te naudos nerizikuojant per daug vartoti seleno.<\/p>\n<p><em>Naudojimas<\/em><br \/>\nBertoletij\u0173 rie\u0161utai yra daugiau nei tik u\u017ekandis; jie gali b\u016bti puikus priedas prie \u012fvairi\u0173 patiekal\u0173:<br \/>\nKepimas &#8211; susmulkinkite brazilinius rie\u0161utus iki milt\u0173 konsistencijos ir naudokite juos kaip alternatyv\u0105 be glitimo kepimo receptuose. Jie taip pat gali suteikti tra\u0161kios tekst\u016bros salotoms ir skrudint\u0173 dar\u017eovi\u0173 patiekalams.<br \/>\nRie\u0161ut\u0173 sviestas &#8211; pasigaminkite sotaus sviesto is bertoletij\u0173 rie\u0161ut\u0173 ir suteikite savo rytiniams skrebu\u010diams unikalaus skonio.<br \/>\nSusmulkinkite bertoletij\u0173 rie\u0161utus ir naudokite juos kaip led\u0173 ir jogurto paskaninimui, ar kaip riebi\u0173 pyragai\u010di\u0173 ar energetini\u0173 baton\u0117li\u0173 ingredient\u0105.<br \/>\nBertoletij\u0173 rie\u0161utai yra gamtos dovana, si\u016blanti daugyb\u0119 naudos sveikatai ir neribot\u0173 kulinarini\u0173 galimybi\u0173. Ta\u010diau reikia b\u016bti atidiems, kad b\u016bt\u0173 i\u0161vengta per didelio seleno vartojimo. Saikingai m\u0117gaudamiesi braziliniais rie\u0161utais ir k\u016brybi\u0161kai \u012ftraukdami juos \u012f savo mityb\u0105, gal\u0117site m\u0117gautis j\u0173 nauda.<\/p>\n<p>Rekomenduojama dienos norma 1-3 bertoletij\u0173 rie\u0161utai.<\/p>\n<p>\u0160altiniai:<br \/>\nhttps:\/\/www.healthline.com<\/p>\n<p><em>PASTABA. \u010cia pateikta informacija negali b\u016bti interpretuojama kaip gydymo ar kitokio pob\u016bd\u017eio sveikatos klausim\u0173 sprendimo rekomendacija. Raginame sprendimus, susijusius su asmenine sveikata, priimti asmeni\u0161kai, \u012fvertinus \u012fvairius informacijos \u0161altinius.<\/em><\/p>\n","protected":false},"excerpt":{"rendered":"<p>Ekologi\u0161ki bertoletij\u0173 (brazili\u0161ki) rie\u0161utai, augantys ant brazili\u0161ko rie\u0161utmed\u017eio Bertholletia excelsa, klestin\u010dio ve\u0161liuose Piet\u0173 Amerikos atogr\u0105\u017e\u0173 mi\u0161kuose, su\u017eav\u0117jo daugelio gomur\u012f. D\u0117l<\/p>\n","protected":false},"featured_media":15026,"template":"","meta":{"_acf_changed":false},"product_brand":[],"product_cat":[1904,730],"product_tag":[1380,1378,1382],"class_list":{"0":"post-13768","1":"product","2":"type-product","3":"status-publish","4":"has-post-thumbnail","6":"product_cat-riesutai","7":"product_cat-ekologiski-riesutai-seklos","8":"product_tag-keto-mityba","9":"product_tag-veganams","10":"product_tag-zaliavalgiams","11":"pa_svoris-1-kg","12":"pa_svoris-100-g","13":"pa_svoris-19-96-kg","14":"pa_svoris-200-g","15":"pa_svoris-300-g","16":"pa_svoris-400-g","17":"pa_svoris-500-g","19":"first","20":"instock","21":"shipping-taxable","22":"purchasable","23":"product-type-variable"},"acf":[],"yoast_head":"<!-- This site is optimized with the Yoast SEO plugin v27.5 - https:\/\/yoast.com\/product\/yoast-seo-wordpress\/ -->\n<title>Ekologi\u0161ki bertoletij\u0173 (brazili\u0161ki) rie\u0161utai - Biopapa<\/title>\n<meta name=\"description\" content=\"Ekologi\u0161ki bertoletij\u0173 (brazili\u0161ki) rie\u0161utai, augantys ant brazili\u0161ko rie\u0161utmed\u017eio Bertholletia excelsa, klestin\u010dio ve\u0161liuose Piet\u0173 Amerikos atogr\u0105\u017e\u0173 mi\u0161kuose, su\u017eav\u0117jo daugelio gomur\u012f.\" \/>\n<meta name=\"robots\" content=\"index, follow, max-snippet:-1, max-image-preview:large, max-video-preview:-1\" \/>\n<link rel=\"canonical\" href=\"https:\/\/www.biopapa.de\/lt\/producte\/ekologiski-bertoletiju-braziliski-riesutai\/\" \/>\n<meta property=\"og:locale\" content=\"lt_LT\" \/>\n<meta property=\"og:type\" content=\"article\" \/>\n<meta property=\"og:title\" content=\"Ekologi\u0161ki bertoletij\u0173 (brazili\u0161ki) rie\u0161utai - Biopapa\" \/>\n<meta property=\"og:description\" content=\"Ekologi\u0161ki bertoletij\u0173 (brazili\u0161ki) rie\u0161utai, augantys ant brazili\u0161ko rie\u0161utmed\u017eio Bertholletia excelsa, klestin\u010dio ve\u0161liuose Piet\u0173 Amerikos atogr\u0105\u017e\u0173 mi\u0161kuose, su\u017eav\u0117jo daugelio gomur\u012f.\" \/>\n<meta property=\"og:url\" content=\"https:\/\/www.biopapa.de\/lt\/producte\/ekologiski-bertoletiju-braziliski-riesutai\/\" \/>\n<meta property=\"og:site_name\" content=\"Biopapa\" \/>\n<meta property=\"article:publisher\" content=\"https:\/\/www.facebook.com\/biopapa.lt\" \/>\n<meta property=\"article:modified_time\" content=\"2026-01-21T11:05:37+00:00\" \/>\n<meta property=\"og:image\" content=\"https:\/\/www.biopapa.de\/wp-content\/uploads\/2021\/09\/779A1401.jpg\" \/>\n\t<meta property=\"og:image:width\" content=\"800\" \/>\n\t<meta property=\"og:image:height\" content=\"640\" \/>\n\t<meta property=\"og:image:type\" content=\"image\/jpeg\" \/>\n<meta name=\"twitter:card\" content=\"summary_large_image\" \/>\n<meta name=\"twitter:label1\" content=\"Est. reading time\" \/>\n\t<meta name=\"twitter:data1\" content=\"1 minut\u0117\" \/>\n<script type=\"application\/ld+json\" class=\"yoast-schema-graph\">{\"@context\":\"https:\\\/\\\/schema.org\",\"@graph\":[{\"@type\":\"WebPage\",\"@id\":\"https:\\\/\\\/www.biopapa.de\\\/lt\\\/producte\\\/ekologiski-bertoletiju-braziliski-riesutai\\\/\",\"url\":\"https:\\\/\\\/www.biopapa.de\\\/lt\\\/producte\\\/ekologiski-bertoletiju-braziliski-riesutai\\\/\",\"name\":\"Ekologi\u0161ki bertoletij\u0173 (brazili\u0161ki) rie\u0161utai - Biopapa\",\"isPartOf\":{\"@id\":\"https:\\\/\\\/www.biopapa.de\\\/lt\\\/#website\"},\"primaryImageOfPage\":{\"@id\":\"https:\\\/\\\/www.biopapa.de\\\/lt\\\/producte\\\/ekologiski-bertoletiju-braziliski-riesutai\\\/#primaryimage\"},\"image\":{\"@id\":\"https:\\\/\\\/www.biopapa.de\\\/lt\\\/producte\\\/ekologiski-bertoletiju-braziliski-riesutai\\\/#primaryimage\"},\"thumbnailUrl\":\"https:\\\/\\\/www.biopapa.de\\\/wp-content\\\/uploads\\\/2021\\\/09\\\/779A1401.jpg\",\"datePublished\":\"2021-07-27T15:07:13+00:00\",\"dateModified\":\"2026-01-21T11:05:37+00:00\",\"description\":\"Ekologi\u0161ki bertoletij\u0173 (brazili\u0161ki) rie\u0161utai, augantys ant brazili\u0161ko rie\u0161utmed\u017eio Bertholletia excelsa, klestin\u010dio ve\u0161liuose Piet\u0173 Amerikos atogr\u0105\u017e\u0173 mi\u0161kuose, su\u017eav\u0117jo daugelio gomur\u012f.\",\"breadcrumb\":{\"@id\":\"https:\\\/\\\/www.biopapa.de\\\/lt\\\/producte\\\/ekologiski-bertoletiju-braziliski-riesutai\\\/#breadcrumb\"},\"inLanguage\":\"lt-LT\",\"potentialAction\":[{\"@type\":\"ReadAction\",\"target\":[\"https:\\\/\\\/www.biopapa.de\\\/lt\\\/producte\\\/ekologiski-bertoletiju-braziliski-riesutai\\\/\"]}]},{\"@type\":\"ImageObject\",\"inLanguage\":\"lt-LT\",\"@id\":\"https:\\\/\\\/www.biopapa.de\\\/lt\\\/producte\\\/ekologiski-bertoletiju-braziliski-riesutai\\\/#primaryimage\",\"url\":\"https:\\\/\\\/www.biopapa.de\\\/wp-content\\\/uploads\\\/2021\\\/09\\\/779A1401.jpg\",\"contentUrl\":\"https:\\\/\\\/www.biopapa.de\\\/wp-content\\\/uploads\\\/2021\\\/09\\\/779A1401.jpg\",\"width\":800,\"height\":640,\"caption\":\"Ekologi\u0161ki bertoletij\u0173 (brazili\u0161ki) rie\u0161utai\"},{\"@type\":\"BreadcrumbList\",\"@id\":\"https:\\\/\\\/www.biopapa.de\\\/lt\\\/producte\\\/ekologiski-bertoletiju-braziliski-riesutai\\\/#breadcrumb\",\"itemListElement\":[{\"@type\":\"ListItem\",\"position\":1,\"name\":\"Home\",\"item\":\"https:\\\/\\\/www.biopapa.de\\\/lt\\\/\"},{\"@type\":\"ListItem\",\"position\":2,\"name\":\"Parduotuv\u0117\",\"item\":\"https:\\\/\\\/www.biopapa.de\\\/parduotuve\\\/\"},{\"@type\":\"ListItem\",\"position\":3,\"name\":\"Ekologi\u0161ki bertoletij\u0173 (brazili\u0161ki) rie\u0161utai\"}]},{\"@type\":\"WebSite\",\"@id\":\"https:\\\/\\\/www.biopapa.de\\\/lt\\\/#website\",\"url\":\"https:\\\/\\\/www.biopapa.de\\\/lt\\\/\",\"name\":\"Biopapa\",\"description\":\"\u0160var\u016bs ekologi\u0161ki produktai\",\"publisher\":{\"@id\":\"https:\\\/\\\/www.biopapa.de\\\/lt\\\/#organization\"},\"potentialAction\":[{\"@type\":\"SearchAction\",\"target\":{\"@type\":\"EntryPoint\",\"urlTemplate\":\"https:\\\/\\\/www.biopapa.de\\\/lt\\\/?s={search_term_string}\"},\"query-input\":{\"@type\":\"PropertyValueSpecification\",\"valueRequired\":true,\"valueName\":\"search_term_string\"}}],\"inLanguage\":\"lt-LT\"},{\"@type\":\"Organization\",\"@id\":\"https:\\\/\\\/www.biopapa.de\\\/lt\\\/#organization\",\"name\":\"Biopapa\",\"url\":\"https:\\\/\\\/www.biopapa.de\\\/lt\\\/\",\"logo\":{\"@type\":\"ImageObject\",\"inLanguage\":\"lt-LT\",\"@id\":\"https:\\\/\\\/www.biopapa.de\\\/lt\\\/#\\\/schema\\\/logo\\\/image\\\/\",\"url\":\"https:\\\/\\\/www.biopapa.lt\\\/wp-content\\\/uploads\\\/2022\\\/04\\\/facebook_biopapa.jpg\",\"contentUrl\":\"https:\\\/\\\/www.biopapa.lt\\\/wp-content\\\/uploads\\\/2022\\\/04\\\/facebook_biopapa.jpg\",\"width\":1733,\"height\":907,\"caption\":\"Biopapa\"},\"image\":{\"@id\":\"https:\\\/\\\/www.biopapa.de\\\/lt\\\/#\\\/schema\\\/logo\\\/image\\\/\"},\"sameAs\":[\"https:\\\/\\\/www.facebook.com\\\/biopapa.lt\"]}]}<\/script>\n<!-- \/ Yoast SEO plugin. -->","yoast_head_json":{"title":"Ekologi\u0161ki bertoletij\u0173 (brazili\u0161ki) rie\u0161utai - Biopapa","description":"Ekologi\u0161ki bertoletij\u0173 (brazili\u0161ki) rie\u0161utai, augantys ant brazili\u0161ko rie\u0161utmed\u017eio Bertholletia excelsa, klestin\u010dio ve\u0161liuose Piet\u0173 Amerikos atogr\u0105\u017e\u0173 mi\u0161kuose, su\u017eav\u0117jo daugelio gomur\u012f.","robots":{"index":"index","follow":"follow","max-snippet":"max-snippet:-1","max-image-preview":"max-image-preview:large","max-video-preview":"max-video-preview:-1"},"canonical":"https:\/\/www.biopapa.de\/lt\/producte\/ekologiski-bertoletiju-braziliski-riesutai\/","og_locale":"lt_LT","og_type":"article","og_title":"Ekologi\u0161ki bertoletij\u0173 (brazili\u0161ki) rie\u0161utai - Biopapa","og_description":"Ekologi\u0161ki bertoletij\u0173 (brazili\u0161ki) rie\u0161utai, augantys ant brazili\u0161ko rie\u0161utmed\u017eio Bertholletia excelsa, klestin\u010dio ve\u0161liuose Piet\u0173 Amerikos atogr\u0105\u017e\u0173 mi\u0161kuose, su\u017eav\u0117jo daugelio gomur\u012f.","og_url":"https:\/\/www.biopapa.de\/lt\/producte\/ekologiski-bertoletiju-braziliski-riesutai\/","og_site_name":"Biopapa","article_publisher":"https:\/\/www.facebook.com\/biopapa.lt","article_modified_time":"2026-01-21T11:05:37+00:00","og_image":[{"width":800,"height":640,"url":"https:\/\/www.biopapa.de\/wp-content\/uploads\/2021\/09\/779A1401.jpg","type":"image\/jpeg"}],"twitter_card":"summary_large_image","twitter_misc":{"Est. reading time":"1 minut\u0117"},"schema":{"@context":"https:\/\/schema.org","@graph":[{"@type":"WebPage","@id":"https:\/\/www.biopapa.de\/lt\/producte\/ekologiski-bertoletiju-braziliski-riesutai\/","url":"https:\/\/www.biopapa.de\/lt\/producte\/ekologiski-bertoletiju-braziliski-riesutai\/","name":"Ekologi\u0161ki bertoletij\u0173 (brazili\u0161ki) rie\u0161utai - Biopapa","isPartOf":{"@id":"https:\/\/www.biopapa.de\/lt\/#website"},"primaryImageOfPage":{"@id":"https:\/\/www.biopapa.de\/lt\/producte\/ekologiski-bertoletiju-braziliski-riesutai\/#primaryimage"},"image":{"@id":"https:\/\/www.biopapa.de\/lt\/producte\/ekologiski-bertoletiju-braziliski-riesutai\/#primaryimage"},"thumbnailUrl":"https:\/\/www.biopapa.de\/wp-content\/uploads\/2021\/09\/779A1401.jpg","datePublished":"2021-07-27T15:07:13+00:00","dateModified":"2026-01-21T11:05:37+00:00","description":"Ekologi\u0161ki bertoletij\u0173 (brazili\u0161ki) rie\u0161utai, augantys ant brazili\u0161ko rie\u0161utmed\u017eio Bertholletia excelsa, klestin\u010dio ve\u0161liuose Piet\u0173 Amerikos atogr\u0105\u017e\u0173 mi\u0161kuose, su\u017eav\u0117jo daugelio gomur\u012f.","breadcrumb":{"@id":"https:\/\/www.biopapa.de\/lt\/producte\/ekologiski-bertoletiju-braziliski-riesutai\/#breadcrumb"},"inLanguage":"lt-LT","potentialAction":[{"@type":"ReadAction","target":["https:\/\/www.biopapa.de\/lt\/producte\/ekologiski-bertoletiju-braziliski-riesutai\/"]}]},{"@type":"ImageObject","inLanguage":"lt-LT","@id":"https:\/\/www.biopapa.de\/lt\/producte\/ekologiski-bertoletiju-braziliski-riesutai\/#primaryimage","url":"https:\/\/www.biopapa.de\/wp-content\/uploads\/2021\/09\/779A1401.jpg","contentUrl":"https:\/\/www.biopapa.de\/wp-content\/uploads\/2021\/09\/779A1401.jpg","width":800,"height":640,"caption":"Ekologi\u0161ki bertoletij\u0173 (brazili\u0161ki) rie\u0161utai"},{"@type":"BreadcrumbList","@id":"https:\/\/www.biopapa.de\/lt\/producte\/ekologiski-bertoletiju-braziliski-riesutai\/#breadcrumb","itemListElement":[{"@type":"ListItem","position":1,"name":"Home","item":"https:\/\/www.biopapa.de\/lt\/"},{"@type":"ListItem","position":2,"name":"Parduotuv\u0117","item":"https:\/\/www.biopapa.de\/parduotuve\/"},{"@type":"ListItem","position":3,"name":"Ekologi\u0161ki bertoletij\u0173 (brazili\u0161ki) rie\u0161utai"}]},{"@type":"WebSite","@id":"https:\/\/www.biopapa.de\/lt\/#website","url":"https:\/\/www.biopapa.de\/lt\/","name":"Biopapa","description":"\u0160var\u016bs ekologi\u0161ki produktai","publisher":{"@id":"https:\/\/www.biopapa.de\/lt\/#organization"},"potentialAction":[{"@type":"SearchAction","target":{"@type":"EntryPoint","urlTemplate":"https:\/\/www.biopapa.de\/lt\/?s={search_term_string}"},"query-input":{"@type":"PropertyValueSpecification","valueRequired":true,"valueName":"search_term_string"}}],"inLanguage":"lt-LT"},{"@type":"Organization","@id":"https:\/\/www.biopapa.de\/lt\/#organization","name":"Biopapa","url":"https:\/\/www.biopapa.de\/lt\/","logo":{"@type":"ImageObject","inLanguage":"lt-LT","@id":"https:\/\/www.biopapa.de\/lt\/#\/schema\/logo\/image\/","url":"https:\/\/www.biopapa.lt\/wp-content\/uploads\/2022\/04\/facebook_biopapa.jpg","contentUrl":"https:\/\/www.biopapa.lt\/wp-content\/uploads\/2022\/04\/facebook_biopapa.jpg","width":1733,"height":907,"caption":"Biopapa"},"image":{"@id":"https:\/\/www.biopapa.de\/lt\/#\/schema\/logo\/image\/"},"sameAs":["https:\/\/www.facebook.com\/biopapa.lt"]}]}},"_links":{"self":[{"href":"https:\/\/www.biopapa.de\/lt\/wp-json\/wp\/v2\/product\/13768","targetHints":{"allow":["GET"]}}],"collection":[{"href":"https:\/\/www.biopapa.de\/lt\/wp-json\/wp\/v2\/product"}],"about":[{"href":"https:\/\/www.biopapa.de\/lt\/wp-json\/wp\/v2\/types\/product"}],"wp:featuredmedia":[{"embeddable":true,"href":"https:\/\/www.biopapa.de\/lt\/wp-json\/wp\/v2\/media\/15026"}],"wp:attachment":[{"href":"https:\/\/www.biopapa.de\/lt\/wp-json\/wp\/v2\/media?parent=13768"}],"wp:term":[{"taxonomy":"product_brand","embeddable":true,"href":"https:\/\/www.biopapa.de\/lt\/wp-json\/wp\/v2\/product_brand?post=13768"},{"taxonomy":"product_cat","embeddable":true,"href":"https:\/\/www.biopapa.de\/lt\/wp-json\/wp\/v2\/product_cat?post=13768"},{"taxonomy":"product_tag","embeddable":true,"href":"https:\/\/www.biopapa.de\/lt\/wp-json\/wp\/v2\/product_tag?post=13768"}],"curies":[{"name":"wp","href":"https:\/\/api.w.org\/{rel}","templated":true}]}}