{"id":13812,"date":"2021-07-27T19:15:48","date_gmt":"2021-07-27T16:15:48","guid":{"rendered":"https:\/\/www.biopapa.lt\/?post_type=product&#038;p=13812"},"modified":"2026-04-28T10:55:01","modified_gmt":"2026-04-28T07:55:01","slug":"ekologiskos-chia-seklos","status":"publish","type":"product","link":"https:\/\/www.biopapa.de\/lt\/producte\/ekologiskos-chia-seklos\/","title":{"rendered":"Ekologi\u0161kos ispaninio \u0161alavijo (chia) s\u0117klos"},"content":{"rendered":"<p><em><strong>\u010cija<\/strong> (Salvia hispanica, Chia) s\u0117klos<\/em> turi daug daugiau maisting\u0173 med\u017eiag\u0173 nei dauguma vaisi\u0173, dar\u017eovi\u0173, s\u0117kl\u0173 ir gr\u016bd\u0173. \u010cijos skonis yra neutralus, tad gali b\u016bti panaudota daugelyje patiekal\u0173. \u010cija skaidulos padeda gerinti vir\u0161kinim\u0105, jos gali pad\u0117ti \u017emon\u0117ms ilgiau jaustis sotesniems. D\u0117l to daug skaidul\u0173 turintis maistas gali b\u016bti naudingas tiems, kurie bando valdyti svor\u012f. \u010cija s\u0117klos yra lengvai vir\u0161kinamos.<br \/>\n\u010cija sugeria 9-12 kart\u0173 daugiau vandens nei pati sveria. Tai u\u017etrunka vos 10 minu\u010di\u0173. Tad suvalgius mirkyt\u0173 \u010dijos s\u0117kl\u0173, organizmas kur\u012f laik\u0105 bus prisotintas vandens. I\u0161mirkusios vandenyje \u0161ios s\u0117klos pana\u0161ios \u012f permatomus drebu\u010dius su tamsiu ta\u0161keliu centre.<br \/>\nJas galima d\u0117ti \u012f ivairias ko\u0161es, jogurtus, salotas, kokteilius ar tiesiog i\u0161mirkyti vandenyje, ar kitame pam\u0117gtame g\u0117rime.<br \/>\nRekomenduojama doz\u0117 per par\u0105, suaugusiam \u017emogui, galima suvartoti iki 3 \u0161auk\u0161teli\u0173 s\u0117kl\u0173.<\/p>\n<p><em>PASTABA. \u010cia pateikta informacija negali b\u016bti interpretuojama kaip gydymo ar kitokio pob\u016bd\u017eio sveikatos klausim\u0173 sprendimo rekomendacija. Raginame sprendimus, susijusius su asmenine sveikata, priimti asmeni\u0161kai, \u012fvertinus \u012fvairius informacijos \u0161altinius<\/em><\/p>\n","protected":false},"excerpt":{"rendered":"<p>\u010cija (Salvia hispanica, Chia) s\u0117klos turi daug daugiau maisting\u0173 med\u017eiag\u0173 nei dauguma vaisi\u0173, dar\u017eovi\u0173, s\u0117kl\u0173 ir gr\u016bd\u0173. \u010cijos skonis yra<\/p>\n","protected":false},"featured_media":14525,"template":"","meta":{"_acf_changed":false},"product_brand":[],"product_cat":[730,1905],"product_tag":[2773,2642,2771,2772],"class_list":{"0":"post-13812","1":"product","2":"type-product","3":"status-publish","4":"has-post-thumbnail","6":"product_cat-ekologiski-riesutai-seklos","7":"product_cat-seklos","8":"product_tag-fur-rohkostlern","9":"product_tag-fuer-veganer-lt","10":"product_tag-keto-diat","11":"product_tag-quelle-der-fasern","12":"pa_svoris-1-kg","13":"pa_svoris-100-g","14":"pa_svoris-200-g","15":"pa_svoris-25-kg","16":"pa_svoris-300-g","17":"pa_svoris-400-g","18":"pa_svoris-50-g","19":"pa_svoris-500-g","21":"first","22":"instock","23":"shipping-taxable","24":"purchasable","25":"product-type-variable"},"acf":[],"yoast_head":"<!-- This site is optimized with the Yoast SEO plugin v27.5 - https:\/\/yoast.com\/product\/yoast-seo-wordpress\/ -->\n<title>Ekologi\u0161kos ispaninio \u0161alavijo (chia) s\u0117klos - Biopapa<\/title>\n<meta name=\"description\" content=\"\u010cija s\u0117klos turi daug daugiau maisting\u0173 med\u017eiag\u0173 nei dauguma vaisi\u0173, dar\u017eovi\u0173, s\u0117kl\u0173 ir gr\u016bd\u0173. \u010cijos skonis yra neutralus, tad gali b\u016bti panaudota daugelyje patiekal\u0173.\" \/>\n<meta name=\"robots\" content=\"index, follow, max-snippet:-1, max-image-preview:large, max-video-preview:-1\" \/>\n<link rel=\"canonical\" href=\"https:\/\/www.biopapa.de\/lt\/producte\/ekologiskos-chia-seklos\/\" \/>\n<meta property=\"og:locale\" content=\"lt_LT\" \/>\n<meta property=\"og:type\" content=\"article\" \/>\n<meta property=\"og:title\" content=\"Ekologi\u0161kos ispaninio \u0161alavijo (chia) s\u0117klos - Biopapa\" \/>\n<meta property=\"og:description\" content=\"\u010cija s\u0117klos turi daug daugiau maisting\u0173 med\u017eiag\u0173 nei dauguma vaisi\u0173, dar\u017eovi\u0173, s\u0117kl\u0173 ir gr\u016bd\u0173. \u010cijos skonis yra neutralus, tad gali b\u016bti panaudota daugelyje patiekal\u0173.\" \/>\n<meta property=\"og:url\" content=\"https:\/\/www.biopapa.de\/lt\/producte\/ekologiskos-chia-seklos\/\" \/>\n<meta property=\"og:site_name\" content=\"Biopapa\" \/>\n<meta property=\"article:publisher\" content=\"https:\/\/www.facebook.com\/biopapa.lt\" \/>\n<meta property=\"article:modified_time\" content=\"2026-04-28T07:55:01+00:00\" \/>\n<meta property=\"og:image\" content=\"https:\/\/www.biopapa.de\/wp-content\/uploads\/2021\/08\/Ekologiskos-chia-seklos.jpg\" \/>\n\t<meta property=\"og:image:width\" content=\"800\" \/>\n\t<meta property=\"og:image:height\" content=\"640\" \/>\n\t<meta property=\"og:image:type\" content=\"image\/jpeg\" \/>\n<meta name=\"twitter:card\" content=\"summary_large_image\" \/>\n<meta name=\"twitter:label1\" content=\"Est. reading time\" \/>\n\t<meta name=\"twitter:data1\" content=\"1 minut\u0117\" \/>\n<script type=\"application\/ld+json\" class=\"yoast-schema-graph\">{\"@context\":\"https:\\\/\\\/schema.org\",\"@graph\":[{\"@type\":\"WebPage\",\"@id\":\"https:\\\/\\\/www.biopapa.de\\\/lt\\\/producte\\\/ekologiskos-chia-seklos\\\/\",\"url\":\"https:\\\/\\\/www.biopapa.de\\\/lt\\\/producte\\\/ekologiskos-chia-seklos\\\/\",\"name\":\"Ekologi\u0161kos ispaninio \u0161alavijo (chia) s\u0117klos - Biopapa\",\"isPartOf\":{\"@id\":\"https:\\\/\\\/www.biopapa.de\\\/lt\\\/#website\"},\"primaryImageOfPage\":{\"@id\":\"https:\\\/\\\/www.biopapa.de\\\/lt\\\/producte\\\/ekologiskos-chia-seklos\\\/#primaryimage\"},\"image\":{\"@id\":\"https:\\\/\\\/www.biopapa.de\\\/lt\\\/producte\\\/ekologiskos-chia-seklos\\\/#primaryimage\"},\"thumbnailUrl\":\"https:\\\/\\\/www.biopapa.de\\\/wp-content\\\/uploads\\\/2021\\\/08\\\/Ekologiskos-chia-seklos.jpg\",\"datePublished\":\"2021-07-27T16:15:48+00:00\",\"dateModified\":\"2026-04-28T07:55:01+00:00\",\"description\":\"\u010cija s\u0117klos turi daug daugiau maisting\u0173 med\u017eiag\u0173 nei dauguma vaisi\u0173, dar\u017eovi\u0173, s\u0117kl\u0173 ir gr\u016bd\u0173. \u010cijos skonis yra neutralus, tad gali b\u016bti panaudota daugelyje patiekal\u0173.\",\"breadcrumb\":{\"@id\":\"https:\\\/\\\/www.biopapa.de\\\/lt\\\/producte\\\/ekologiskos-chia-seklos\\\/#breadcrumb\"},\"inLanguage\":\"lt-LT\",\"potentialAction\":[{\"@type\":\"ReadAction\",\"target\":[\"https:\\\/\\\/www.biopapa.de\\\/lt\\\/producte\\\/ekologiskos-chia-seklos\\\/\"]}]},{\"@type\":\"ImageObject\",\"inLanguage\":\"lt-LT\",\"@id\":\"https:\\\/\\\/www.biopapa.de\\\/lt\\\/producte\\\/ekologiskos-chia-seklos\\\/#primaryimage\",\"url\":\"https:\\\/\\\/www.biopapa.de\\\/wp-content\\\/uploads\\\/2021\\\/08\\\/Ekologiskos-chia-seklos.jpg\",\"contentUrl\":\"https:\\\/\\\/www.biopapa.de\\\/wp-content\\\/uploads\\\/2021\\\/08\\\/Ekologiskos-chia-seklos.jpg\",\"width\":800,\"height\":640,\"caption\":\"Ekologi\u0161kos ispaninio \u0161alavijo (chia) s\u0117klos\"},{\"@type\":\"BreadcrumbList\",\"@id\":\"https:\\\/\\\/www.biopapa.de\\\/lt\\\/producte\\\/ekologiskos-chia-seklos\\\/#breadcrumb\",\"itemListElement\":[{\"@type\":\"ListItem\",\"position\":1,\"name\":\"Home\",\"item\":\"https:\\\/\\\/www.biopapa.de\\\/lt\\\/\"},{\"@type\":\"ListItem\",\"position\":2,\"name\":\"Parduotuv\u0117\",\"item\":\"https:\\\/\\\/www.biopapa.de\\\/parduotuve\\\/\"},{\"@type\":\"ListItem\",\"position\":3,\"name\":\"Ekologi\u0161kos ispaninio \u0161alavijo (chia) s\u0117klos\"}]},{\"@type\":\"WebSite\",\"@id\":\"https:\\\/\\\/www.biopapa.de\\\/lt\\\/#website\",\"url\":\"https:\\\/\\\/www.biopapa.de\\\/lt\\\/\",\"name\":\"Biopapa\",\"description\":\"\u0160var\u016bs ekologi\u0161ki produktai\",\"publisher\":{\"@id\":\"https:\\\/\\\/www.biopapa.de\\\/lt\\\/#organization\"},\"potentialAction\":[{\"@type\":\"SearchAction\",\"target\":{\"@type\":\"EntryPoint\",\"urlTemplate\":\"https:\\\/\\\/www.biopapa.de\\\/lt\\\/?s={search_term_string}\"},\"query-input\":{\"@type\":\"PropertyValueSpecification\",\"valueRequired\":true,\"valueName\":\"search_term_string\"}}],\"inLanguage\":\"lt-LT\"},{\"@type\":\"Organization\",\"@id\":\"https:\\\/\\\/www.biopapa.de\\\/lt\\\/#organization\",\"name\":\"Biopapa\",\"url\":\"https:\\\/\\\/www.biopapa.de\\\/lt\\\/\",\"logo\":{\"@type\":\"ImageObject\",\"inLanguage\":\"lt-LT\",\"@id\":\"https:\\\/\\\/www.biopapa.de\\\/lt\\\/#\\\/schema\\\/logo\\\/image\\\/\",\"url\":\"https:\\\/\\\/www.biopapa.lt\\\/wp-content\\\/uploads\\\/2022\\\/04\\\/facebook_biopapa.jpg\",\"contentUrl\":\"https:\\\/\\\/www.biopapa.lt\\\/wp-content\\\/uploads\\\/2022\\\/04\\\/facebook_biopapa.jpg\",\"width\":1733,\"height\":907,\"caption\":\"Biopapa\"},\"image\":{\"@id\":\"https:\\\/\\\/www.biopapa.de\\\/lt\\\/#\\\/schema\\\/logo\\\/image\\\/\"},\"sameAs\":[\"https:\\\/\\\/www.facebook.com\\\/biopapa.lt\"]}]}<\/script>\n<!-- \/ Yoast SEO plugin. -->","yoast_head_json":{"title":"Ekologi\u0161kos ispaninio \u0161alavijo (chia) s\u0117klos - Biopapa","description":"\u010cija s\u0117klos turi daug daugiau maisting\u0173 med\u017eiag\u0173 nei dauguma vaisi\u0173, dar\u017eovi\u0173, s\u0117kl\u0173 ir gr\u016bd\u0173. \u010cijos skonis yra neutralus, tad gali b\u016bti panaudota daugelyje patiekal\u0173.","robots":{"index":"index","follow":"follow","max-snippet":"max-snippet:-1","max-image-preview":"max-image-preview:large","max-video-preview":"max-video-preview:-1"},"canonical":"https:\/\/www.biopapa.de\/lt\/producte\/ekologiskos-chia-seklos\/","og_locale":"lt_LT","og_type":"article","og_title":"Ekologi\u0161kos ispaninio \u0161alavijo (chia) s\u0117klos - Biopapa","og_description":"\u010cija s\u0117klos turi daug daugiau maisting\u0173 med\u017eiag\u0173 nei dauguma vaisi\u0173, dar\u017eovi\u0173, s\u0117kl\u0173 ir gr\u016bd\u0173. \u010cijos skonis yra neutralus, tad gali b\u016bti panaudota daugelyje patiekal\u0173.","og_url":"https:\/\/www.biopapa.de\/lt\/producte\/ekologiskos-chia-seklos\/","og_site_name":"Biopapa","article_publisher":"https:\/\/www.facebook.com\/biopapa.lt","article_modified_time":"2026-04-28T07:55:01+00:00","og_image":[{"width":800,"height":640,"url":"https:\/\/www.biopapa.de\/wp-content\/uploads\/2021\/08\/Ekologiskos-chia-seklos.jpg","type":"image\/jpeg"}],"twitter_card":"summary_large_image","twitter_misc":{"Est. reading time":"1 minut\u0117"},"schema":{"@context":"https:\/\/schema.org","@graph":[{"@type":"WebPage","@id":"https:\/\/www.biopapa.de\/lt\/producte\/ekologiskos-chia-seklos\/","url":"https:\/\/www.biopapa.de\/lt\/producte\/ekologiskos-chia-seklos\/","name":"Ekologi\u0161kos ispaninio \u0161alavijo (chia) s\u0117klos - Biopapa","isPartOf":{"@id":"https:\/\/www.biopapa.de\/lt\/#website"},"primaryImageOfPage":{"@id":"https:\/\/www.biopapa.de\/lt\/producte\/ekologiskos-chia-seklos\/#primaryimage"},"image":{"@id":"https:\/\/www.biopapa.de\/lt\/producte\/ekologiskos-chia-seklos\/#primaryimage"},"thumbnailUrl":"https:\/\/www.biopapa.de\/wp-content\/uploads\/2021\/08\/Ekologiskos-chia-seklos.jpg","datePublished":"2021-07-27T16:15:48+00:00","dateModified":"2026-04-28T07:55:01+00:00","description":"\u010cija s\u0117klos turi daug daugiau maisting\u0173 med\u017eiag\u0173 nei dauguma vaisi\u0173, dar\u017eovi\u0173, s\u0117kl\u0173 ir gr\u016bd\u0173. \u010cijos skonis yra neutralus, tad gali b\u016bti panaudota daugelyje patiekal\u0173.","breadcrumb":{"@id":"https:\/\/www.biopapa.de\/lt\/producte\/ekologiskos-chia-seklos\/#breadcrumb"},"inLanguage":"lt-LT","potentialAction":[{"@type":"ReadAction","target":["https:\/\/www.biopapa.de\/lt\/producte\/ekologiskos-chia-seklos\/"]}]},{"@type":"ImageObject","inLanguage":"lt-LT","@id":"https:\/\/www.biopapa.de\/lt\/producte\/ekologiskos-chia-seklos\/#primaryimage","url":"https:\/\/www.biopapa.de\/wp-content\/uploads\/2021\/08\/Ekologiskos-chia-seklos.jpg","contentUrl":"https:\/\/www.biopapa.de\/wp-content\/uploads\/2021\/08\/Ekologiskos-chia-seklos.jpg","width":800,"height":640,"caption":"Ekologi\u0161kos ispaninio \u0161alavijo (chia) s\u0117klos"},{"@type":"BreadcrumbList","@id":"https:\/\/www.biopapa.de\/lt\/producte\/ekologiskos-chia-seklos\/#breadcrumb","itemListElement":[{"@type":"ListItem","position":1,"name":"Home","item":"https:\/\/www.biopapa.de\/lt\/"},{"@type":"ListItem","position":2,"name":"Parduotuv\u0117","item":"https:\/\/www.biopapa.de\/parduotuve\/"},{"@type":"ListItem","position":3,"name":"Ekologi\u0161kos ispaninio \u0161alavijo (chia) s\u0117klos"}]},{"@type":"WebSite","@id":"https:\/\/www.biopapa.de\/lt\/#website","url":"https:\/\/www.biopapa.de\/lt\/","name":"Biopapa","description":"\u0160var\u016bs ekologi\u0161ki produktai","publisher":{"@id":"https:\/\/www.biopapa.de\/lt\/#organization"},"potentialAction":[{"@type":"SearchAction","target":{"@type":"EntryPoint","urlTemplate":"https:\/\/www.biopapa.de\/lt\/?s={search_term_string}"},"query-input":{"@type":"PropertyValueSpecification","valueRequired":true,"valueName":"search_term_string"}}],"inLanguage":"lt-LT"},{"@type":"Organization","@id":"https:\/\/www.biopapa.de\/lt\/#organization","name":"Biopapa","url":"https:\/\/www.biopapa.de\/lt\/","logo":{"@type":"ImageObject","inLanguage":"lt-LT","@id":"https:\/\/www.biopapa.de\/lt\/#\/schema\/logo\/image\/","url":"https:\/\/www.biopapa.lt\/wp-content\/uploads\/2022\/04\/facebook_biopapa.jpg","contentUrl":"https:\/\/www.biopapa.lt\/wp-content\/uploads\/2022\/04\/facebook_biopapa.jpg","width":1733,"height":907,"caption":"Biopapa"},"image":{"@id":"https:\/\/www.biopapa.de\/lt\/#\/schema\/logo\/image\/"},"sameAs":["https:\/\/www.facebook.com\/biopapa.lt"]}]}},"_links":{"self":[{"href":"https:\/\/www.biopapa.de\/lt\/wp-json\/wp\/v2\/product\/13812","targetHints":{"allow":["GET"]}}],"collection":[{"href":"https:\/\/www.biopapa.de\/lt\/wp-json\/wp\/v2\/product"}],"about":[{"href":"https:\/\/www.biopapa.de\/lt\/wp-json\/wp\/v2\/types\/product"}],"wp:featuredmedia":[{"embeddable":true,"href":"https:\/\/www.biopapa.de\/lt\/wp-json\/wp\/v2\/media\/14525"}],"wp:attachment":[{"href":"https:\/\/www.biopapa.de\/lt\/wp-json\/wp\/v2\/media?parent=13812"}],"wp:term":[{"taxonomy":"product_brand","embeddable":true,"href":"https:\/\/www.biopapa.de\/lt\/wp-json\/wp\/v2\/product_brand?post=13812"},{"taxonomy":"product_cat","embeddable":true,"href":"https:\/\/www.biopapa.de\/lt\/wp-json\/wp\/v2\/product_cat?post=13812"},{"taxonomy":"product_tag","embeddable":true,"href":"https:\/\/www.biopapa.de\/lt\/wp-json\/wp\/v2\/product_tag?post=13812"}],"curies":[{"name":"wp","href":"https:\/\/api.w.org\/{rel}","templated":true}]}}