{"id":13819,"date":"2021-07-27T19:20:03","date_gmt":"2021-07-27T16:20:03","guid":{"rendered":"https:\/\/www.biopapa.lt\/?post_type=product&#038;p=13819"},"modified":"2026-04-23T11:49:34","modified_gmt":"2026-04-23T08:49:34","slug":"ekologiskos-lukstentos-saulegrazu-seklos","status":"publish","type":"product","link":"https:\/\/www.biopapa.de\/lt\/producte\/ekologiskos-lukstentos-saulegrazu-seklos\/","title":{"rendered":"Ekologi\u0161kos luk\u0161tentos saul\u0117gra\u017e\u0173 s\u0117klos"},"content":{"rendered":"<p><strong>Saul\u0117gr\u0105\u017eos<\/strong> yra tikra maistini\u0173 med\u017eiag\u0173 lobynas. Jos yra turtingos b\u016btinosiomis maistin\u0117mis med\u017eiagomis. \u0160ios s\u0117klos taip pat yra puikus neso\u010di\u0173j\u0173 riebal\u0173 \u0161altinis. Be to, didelis skaidul\u0173 kiekis skatina vir\u0161kinimo sveikat\u0105, o seleno buvimas galimnai stiprina imunin\u0119 sistem\u0105.<\/p>\n<p>\u012etraukti saul\u0117gr\u0105\u017eas \u012f savo mityb\u0105 yra lengva. Jomis galima m\u0117gautis kaip maistingu u\u017ekand\u017eiu, galima paskrudinti ir galima pagardinti pagal skon\u012f. \u0160ios s\u0117klos prideda malonaus tra\u0161kumo ir maistin\u0117s vert\u0117s prie salot\u0173, kepini\u0173, pavyzd\u017eiui, duonos ir keksiuk\u0173, ir gali b\u016bti sumai\u0161ytos su granola arba muesli. Jos taip pat puikiai tinka kaip papildas prie jogurto, avi\u017eini\u0173 dribsni\u0173 arba ko\u0161\u0117s.<br \/>\nKaip alternatyv\u0105 rie\u0161ut\u0173 sviestui, saul\u0117gr\u0105\u017eas galima sutrinti \u012f lyg\u0173, tepam\u0105 krem\u0105, kuris tiks pasigaminti puik\u0173 vegani\u0161k\u0105 pada\u017e\u0105.<br \/>\nGaminant jas galima naudoti dar\u017eovi\u0173 patiekaluose, tro\u0161kiniuose ir keliniuose.<br \/>\nSumaltos saul\u0117gr\u0105\u017eos gali b\u016bti naudojamos kaip dalin\u0117 milt\u0173 alternatyva \u012fvairiuose receptuose.<\/p>\n<p>Svarbu m\u0117gautis saul\u0117gr\u0105\u017eomis saikingai d\u0117l j\u0173 didelio kaloringumo, ypa\u010d tiems, kurie r\u016bpinasi savo svoriu.<\/p>\n<p><em>PASTABA. \u010cia pateikta informacija negali b\u016bti interpretuojama kaip gydymo ar kitokio pob\u016bd\u017eio sveikatos klausim\u0173 sprendimo rekomendacija.<\/em><br \/>\n<em>Raginame sprendimus, susijusius su asmenine sveikata, priimti asmeni\u0161kai, \u012fvertinus \u012fvairius informacijos \u0161altinius.<\/em><\/p>\n","protected":false},"excerpt":{"rendered":"<p>Saul\u0117gr\u0105\u017eos yra tikra maistini\u0173 med\u017eiag\u0173 lobynas. Jos yra turtingos b\u016btinosiomis maistin\u0117mis med\u017eiagomis. \u0160ios s\u0117klos taip pat yra puikus neso\u010di\u0173j\u0173 riebal\u0173<\/p>\n","protected":false},"featured_media":15034,"template":"","meta":{"_acf_changed":false},"product_brand":[],"product_cat":[730],"product_tag":[1380,1378],"class_list":{"0":"post-13819","1":"product","2":"type-product","3":"status-publish","4":"has-post-thumbnail","6":"product_cat-ekologiski-riesutai-seklos","7":"product_tag-keto-mityba","8":"product_tag-veganams","9":"pa_svoris-1-kg","10":"pa_svoris-100-g","11":"pa_svoris-200-g","12":"pa_svoris-25-kg","13":"pa_svoris-300-g","14":"pa_svoris-400-g","15":"pa_svoris-500-g","17":"first","18":"instock","19":"shipping-taxable","20":"purchasable","21":"product-type-variable"},"acf":[],"yoast_head":"<!-- This site is optimized with the Yoast SEO plugin v27.5 - https:\/\/yoast.com\/product\/yoast-seo-wordpress\/ -->\n<title>Ekologi\u0161kos luk\u0161tentos saul\u0117gra\u017e\u0173 s\u0117klos - Biopapa<\/title>\n<meta name=\"description\" content=\"Saul\u0117gr\u0105\u017eos yra tikra maistini\u0173 med\u017eiag\u0173 lobynas.\" \/>\n<meta name=\"robots\" content=\"index, follow, max-snippet:-1, max-image-preview:large, max-video-preview:-1\" \/>\n<link rel=\"canonical\" href=\"https:\/\/www.biopapa.de\/lt\/producte\/ekologiskos-lukstentos-saulegrazu-seklos\/\" \/>\n<meta property=\"og:locale\" content=\"lt_LT\" \/>\n<meta property=\"og:type\" content=\"article\" \/>\n<meta property=\"og:title\" content=\"Ekologi\u0161kos luk\u0161tentos saul\u0117gra\u017e\u0173 s\u0117klos - Biopapa\" \/>\n<meta property=\"og:description\" content=\"Saul\u0117gr\u0105\u017eos yra tikra maistini\u0173 med\u017eiag\u0173 lobynas.\" \/>\n<meta property=\"og:url\" content=\"https:\/\/www.biopapa.de\/lt\/producte\/ekologiskos-lukstentos-saulegrazu-seklos\/\" \/>\n<meta property=\"og:site_name\" content=\"Biopapa\" \/>\n<meta property=\"article:publisher\" content=\"https:\/\/www.facebook.com\/biopapa.lt\" \/>\n<meta property=\"article:modified_time\" content=\"2026-04-23T08:49:34+00:00\" \/>\n<meta property=\"og:image\" content=\"https:\/\/www.biopapa.de\/wp-content\/uploads\/2021\/09\/779A1424.jpg\" \/>\n\t<meta property=\"og:image:width\" content=\"800\" \/>\n\t<meta property=\"og:image:height\" content=\"640\" \/>\n\t<meta property=\"og:image:type\" content=\"image\/jpeg\" \/>\n<meta name=\"twitter:card\" content=\"summary_large_image\" \/>\n<script type=\"application\/ld+json\" class=\"yoast-schema-graph\">{\"@context\":\"https:\\\/\\\/schema.org\",\"@graph\":[{\"@type\":\"WebPage\",\"@id\":\"https:\\\/\\\/www.biopapa.de\\\/lt\\\/producte\\\/ekologiskos-lukstentos-saulegrazu-seklos\\\/\",\"url\":\"https:\\\/\\\/www.biopapa.de\\\/lt\\\/producte\\\/ekologiskos-lukstentos-saulegrazu-seklos\\\/\",\"name\":\"Ekologi\u0161kos luk\u0161tentos saul\u0117gra\u017e\u0173 s\u0117klos - Biopapa\",\"isPartOf\":{\"@id\":\"https:\\\/\\\/www.biopapa.de\\\/lt\\\/#website\"},\"primaryImageOfPage\":{\"@id\":\"https:\\\/\\\/www.biopapa.de\\\/lt\\\/producte\\\/ekologiskos-lukstentos-saulegrazu-seklos\\\/#primaryimage\"},\"image\":{\"@id\":\"https:\\\/\\\/www.biopapa.de\\\/lt\\\/producte\\\/ekologiskos-lukstentos-saulegrazu-seklos\\\/#primaryimage\"},\"thumbnailUrl\":\"https:\\\/\\\/www.biopapa.de\\\/wp-content\\\/uploads\\\/2021\\\/09\\\/779A1424.jpg\",\"datePublished\":\"2021-07-27T16:20:03+00:00\",\"dateModified\":\"2026-04-23T08:49:34+00:00\",\"description\":\"Saul\u0117gr\u0105\u017eos yra tikra maistini\u0173 med\u017eiag\u0173 lobynas.\",\"breadcrumb\":{\"@id\":\"https:\\\/\\\/www.biopapa.de\\\/lt\\\/producte\\\/ekologiskos-lukstentos-saulegrazu-seklos\\\/#breadcrumb\"},\"inLanguage\":\"lt-LT\",\"potentialAction\":[{\"@type\":\"ReadAction\",\"target\":[\"https:\\\/\\\/www.biopapa.de\\\/lt\\\/producte\\\/ekologiskos-lukstentos-saulegrazu-seklos\\\/\"]}]},{\"@type\":\"ImageObject\",\"inLanguage\":\"lt-LT\",\"@id\":\"https:\\\/\\\/www.biopapa.de\\\/lt\\\/producte\\\/ekologiskos-lukstentos-saulegrazu-seklos\\\/#primaryimage\",\"url\":\"https:\\\/\\\/www.biopapa.de\\\/wp-content\\\/uploads\\\/2021\\\/09\\\/779A1424.jpg\",\"contentUrl\":\"https:\\\/\\\/www.biopapa.de\\\/wp-content\\\/uploads\\\/2021\\\/09\\\/779A1424.jpg\",\"width\":800,\"height\":640,\"caption\":\"Ekologi\u0161kos luk\u0161tentos saul\u0117gra\u017e\u0173 s\u0117klos\"},{\"@type\":\"BreadcrumbList\",\"@id\":\"https:\\\/\\\/www.biopapa.de\\\/lt\\\/producte\\\/ekologiskos-lukstentos-saulegrazu-seklos\\\/#breadcrumb\",\"itemListElement\":[{\"@type\":\"ListItem\",\"position\":1,\"name\":\"Home\",\"item\":\"https:\\\/\\\/www.biopapa.de\\\/lt\\\/\"},{\"@type\":\"ListItem\",\"position\":2,\"name\":\"Parduotuv\u0117\",\"item\":\"https:\\\/\\\/www.biopapa.de\\\/parduotuve\\\/\"},{\"@type\":\"ListItem\",\"position\":3,\"name\":\"Ekologi\u0161kos luk\u0161tentos saul\u0117gra\u017e\u0173 s\u0117klos\"}]},{\"@type\":\"WebSite\",\"@id\":\"https:\\\/\\\/www.biopapa.de\\\/lt\\\/#website\",\"url\":\"https:\\\/\\\/www.biopapa.de\\\/lt\\\/\",\"name\":\"Biopapa\",\"description\":\"\u0160var\u016bs ekologi\u0161ki produktai\",\"publisher\":{\"@id\":\"https:\\\/\\\/www.biopapa.de\\\/lt\\\/#organization\"},\"potentialAction\":[{\"@type\":\"SearchAction\",\"target\":{\"@type\":\"EntryPoint\",\"urlTemplate\":\"https:\\\/\\\/www.biopapa.de\\\/lt\\\/?s={search_term_string}\"},\"query-input\":{\"@type\":\"PropertyValueSpecification\",\"valueRequired\":true,\"valueName\":\"search_term_string\"}}],\"inLanguage\":\"lt-LT\"},{\"@type\":\"Organization\",\"@id\":\"https:\\\/\\\/www.biopapa.de\\\/lt\\\/#organization\",\"name\":\"Biopapa\",\"url\":\"https:\\\/\\\/www.biopapa.de\\\/lt\\\/\",\"logo\":{\"@type\":\"ImageObject\",\"inLanguage\":\"lt-LT\",\"@id\":\"https:\\\/\\\/www.biopapa.de\\\/lt\\\/#\\\/schema\\\/logo\\\/image\\\/\",\"url\":\"https:\\\/\\\/www.biopapa.lt\\\/wp-content\\\/uploads\\\/2022\\\/04\\\/facebook_biopapa.jpg\",\"contentUrl\":\"https:\\\/\\\/www.biopapa.lt\\\/wp-content\\\/uploads\\\/2022\\\/04\\\/facebook_biopapa.jpg\",\"width\":1733,\"height\":907,\"caption\":\"Biopapa\"},\"image\":{\"@id\":\"https:\\\/\\\/www.biopapa.de\\\/lt\\\/#\\\/schema\\\/logo\\\/image\\\/\"},\"sameAs\":[\"https:\\\/\\\/www.facebook.com\\\/biopapa.lt\"]}]}<\/script>\n<!-- \/ Yoast SEO plugin. -->","yoast_head_json":{"title":"Ekologi\u0161kos luk\u0161tentos saul\u0117gra\u017e\u0173 s\u0117klos - Biopapa","description":"Saul\u0117gr\u0105\u017eos yra tikra maistini\u0173 med\u017eiag\u0173 lobynas.","robots":{"index":"index","follow":"follow","max-snippet":"max-snippet:-1","max-image-preview":"max-image-preview:large","max-video-preview":"max-video-preview:-1"},"canonical":"https:\/\/www.biopapa.de\/lt\/producte\/ekologiskos-lukstentos-saulegrazu-seklos\/","og_locale":"lt_LT","og_type":"article","og_title":"Ekologi\u0161kos luk\u0161tentos saul\u0117gra\u017e\u0173 s\u0117klos - Biopapa","og_description":"Saul\u0117gr\u0105\u017eos yra tikra maistini\u0173 med\u017eiag\u0173 lobynas.","og_url":"https:\/\/www.biopapa.de\/lt\/producte\/ekologiskos-lukstentos-saulegrazu-seklos\/","og_site_name":"Biopapa","article_publisher":"https:\/\/www.facebook.com\/biopapa.lt","article_modified_time":"2026-04-23T08:49:34+00:00","og_image":[{"width":800,"height":640,"url":"https:\/\/www.biopapa.de\/wp-content\/uploads\/2021\/09\/779A1424.jpg","type":"image\/jpeg"}],"twitter_card":"summary_large_image","schema":{"@context":"https:\/\/schema.org","@graph":[{"@type":"WebPage","@id":"https:\/\/www.biopapa.de\/lt\/producte\/ekologiskos-lukstentos-saulegrazu-seklos\/","url":"https:\/\/www.biopapa.de\/lt\/producte\/ekologiskos-lukstentos-saulegrazu-seklos\/","name":"Ekologi\u0161kos luk\u0161tentos saul\u0117gra\u017e\u0173 s\u0117klos - Biopapa","isPartOf":{"@id":"https:\/\/www.biopapa.de\/lt\/#website"},"primaryImageOfPage":{"@id":"https:\/\/www.biopapa.de\/lt\/producte\/ekologiskos-lukstentos-saulegrazu-seklos\/#primaryimage"},"image":{"@id":"https:\/\/www.biopapa.de\/lt\/producte\/ekologiskos-lukstentos-saulegrazu-seklos\/#primaryimage"},"thumbnailUrl":"https:\/\/www.biopapa.de\/wp-content\/uploads\/2021\/09\/779A1424.jpg","datePublished":"2021-07-27T16:20:03+00:00","dateModified":"2026-04-23T08:49:34+00:00","description":"Saul\u0117gr\u0105\u017eos yra tikra maistini\u0173 med\u017eiag\u0173 lobynas.","breadcrumb":{"@id":"https:\/\/www.biopapa.de\/lt\/producte\/ekologiskos-lukstentos-saulegrazu-seklos\/#breadcrumb"},"inLanguage":"lt-LT","potentialAction":[{"@type":"ReadAction","target":["https:\/\/www.biopapa.de\/lt\/producte\/ekologiskos-lukstentos-saulegrazu-seklos\/"]}]},{"@type":"ImageObject","inLanguage":"lt-LT","@id":"https:\/\/www.biopapa.de\/lt\/producte\/ekologiskos-lukstentos-saulegrazu-seklos\/#primaryimage","url":"https:\/\/www.biopapa.de\/wp-content\/uploads\/2021\/09\/779A1424.jpg","contentUrl":"https:\/\/www.biopapa.de\/wp-content\/uploads\/2021\/09\/779A1424.jpg","width":800,"height":640,"caption":"Ekologi\u0161kos luk\u0161tentos saul\u0117gra\u017e\u0173 s\u0117klos"},{"@type":"BreadcrumbList","@id":"https:\/\/www.biopapa.de\/lt\/producte\/ekologiskos-lukstentos-saulegrazu-seklos\/#breadcrumb","itemListElement":[{"@type":"ListItem","position":1,"name":"Home","item":"https:\/\/www.biopapa.de\/lt\/"},{"@type":"ListItem","position":2,"name":"Parduotuv\u0117","item":"https:\/\/www.biopapa.de\/parduotuve\/"},{"@type":"ListItem","position":3,"name":"Ekologi\u0161kos luk\u0161tentos saul\u0117gra\u017e\u0173 s\u0117klos"}]},{"@type":"WebSite","@id":"https:\/\/www.biopapa.de\/lt\/#website","url":"https:\/\/www.biopapa.de\/lt\/","name":"Biopapa","description":"\u0160var\u016bs ekologi\u0161ki produktai","publisher":{"@id":"https:\/\/www.biopapa.de\/lt\/#organization"},"potentialAction":[{"@type":"SearchAction","target":{"@type":"EntryPoint","urlTemplate":"https:\/\/www.biopapa.de\/lt\/?s={search_term_string}"},"query-input":{"@type":"PropertyValueSpecification","valueRequired":true,"valueName":"search_term_string"}}],"inLanguage":"lt-LT"},{"@type":"Organization","@id":"https:\/\/www.biopapa.de\/lt\/#organization","name":"Biopapa","url":"https:\/\/www.biopapa.de\/lt\/","logo":{"@type":"ImageObject","inLanguage":"lt-LT","@id":"https:\/\/www.biopapa.de\/lt\/#\/schema\/logo\/image\/","url":"https:\/\/www.biopapa.lt\/wp-content\/uploads\/2022\/04\/facebook_biopapa.jpg","contentUrl":"https:\/\/www.biopapa.lt\/wp-content\/uploads\/2022\/04\/facebook_biopapa.jpg","width":1733,"height":907,"caption":"Biopapa"},"image":{"@id":"https:\/\/www.biopapa.de\/lt\/#\/schema\/logo\/image\/"},"sameAs":["https:\/\/www.facebook.com\/biopapa.lt"]}]}},"_links":{"self":[{"href":"https:\/\/www.biopapa.de\/lt\/wp-json\/wp\/v2\/product\/13819","targetHints":{"allow":["GET"]}}],"collection":[{"href":"https:\/\/www.biopapa.de\/lt\/wp-json\/wp\/v2\/product"}],"about":[{"href":"https:\/\/www.biopapa.de\/lt\/wp-json\/wp\/v2\/types\/product"}],"wp:featuredmedia":[{"embeddable":true,"href":"https:\/\/www.biopapa.de\/lt\/wp-json\/wp\/v2\/media\/15034"}],"wp:attachment":[{"href":"https:\/\/www.biopapa.de\/lt\/wp-json\/wp\/v2\/media?parent=13819"}],"wp:term":[{"taxonomy":"product_brand","embeddable":true,"href":"https:\/\/www.biopapa.de\/lt\/wp-json\/wp\/v2\/product_brand?post=13819"},{"taxonomy":"product_cat","embeddable":true,"href":"https:\/\/www.biopapa.de\/lt\/wp-json\/wp\/v2\/product_cat?post=13819"},{"taxonomy":"product_tag","embeddable":true,"href":"https:\/\/www.biopapa.de\/lt\/wp-json\/wp\/v2\/product_tag?post=13819"}],"curies":[{"name":"wp","href":"https:\/\/api.w.org\/{rel}","templated":true}]}}