{"id":13840,"date":"2021-07-28T10:20:29","date_gmt":"2021-07-28T07:20:29","guid":{"rendered":"https:\/\/www.biopapa.lt\/?post_type=product&#038;p=13840"},"modified":"2026-03-13T09:49:21","modified_gmt":"2026-03-13T07:49:21","slug":"ekologiskos-dziovintos-figos","status":"publish","type":"product","link":"https:\/\/www.biopapa.de\/lt\/producte\/ekologiskos-dziovintos-figos\/","title":{"rendered":"Ekologi\u0161kos d\u017eiovintos figos"},"content":{"rendered":"<p><strong>Ekologi\u0161kos d\u017eiovintos figos<\/strong><br \/>\nD\u017eiovintos figos, gars\u0117jan\u010dio savo saldaus skonio ir ypatingos tekst\u016bros, buvo vertinamos nuo seniausi\u0173 laik\u0173 Vidurio Rytuose ir Vidur\u017eemio j\u016bros regionuose. Istori\u0161kai jos buvo laikomos gausos ir vaisingumo simboliu, taip pat svarbiu maisto \u0161altiniu keliautojams ir kariams d\u0117l didelio maistini\u0173 med\u017eiag\u0173 kiekio ir ilgo galiojimo laiko. D\u017eiovintos figos yra turtingos skaidulomis, antioksidantais, vitaminais ir mineralais.<br \/>\nJos da\u017enai valgomas kaip u\u017ekandis, dedamos \u012f salotas, kepinius arba naudojamos pikanti\u0161kuose patiekaluose.<br \/>\nD\u017eiovintos figos yra nat\u016bralus energijos \u0161altinis, tod\u0117l jos yra puikus u\u017ekandis prie\u0161 treniruot\u0119.<\/p>\n<p>Rekomenduojama per dien\u0105 suvalgyti 2-4 d\u017eiovintas figas, kad b\u016bt\u0173 u\u017etikrintas energijos ir maistini\u0173 med\u017eiag\u0173 balansas, neper\u017eengiant cukraus vartojimo normos.<\/p>\n<p><em>PASTABA. \u010cia pateikta informacija negali b\u016bti interpretuojama kaip gydymo ar kitokio pob\u016bd\u017eio sveikatos klausim\u0173 sprendimo rekomendacija. Raginame sprendimus, susijusius su asmenine sveikata, priimti asmeni\u0161kai, \u012fvertinus \u012fvairius informacijos \u0161altinius.<\/em><\/p>\n","protected":false},"excerpt":{"rendered":"<p>Ekologi\u0161kos d\u017eiovintos figos D\u017eiovintos figos, gars\u0117jan\u010dio savo saldaus skonio ir ypatingos tekst\u016bros, buvo vertinamos nuo seniausi\u0173 laik\u0173 Vidurio Rytuose ir<\/p>\n","protected":false},"featured_media":14551,"template":"","meta":{"_acf_changed":false},"product_brand":[],"product_cat":[1934,1228],"product_tag":[1381,1636,1378],"class_list":{"0":"post-13840","1":"product","2":"type-product","3":"status-publish","4":"has-post-thumbnail","6":"product_cat-dziovinti-vaisiai","7":"product_cat-ekologiski-dziovinti-vaisiai-uogos-darzoves","8":"product_tag-be-pridetinio-cukraus","9":"product_tag-skaidulu-saltinis","10":"product_tag-veganams","11":"pa_svoris-1-kg","12":"pa_svoris-100-g","13":"pa_svoris-200-g","14":"pa_svoris-3-kg","15":"pa_svoris-300-g","16":"pa_svoris-400-g","17":"pa_svoris-500-g","19":"first","20":"instock","21":"shipping-taxable","22":"purchasable","23":"product-type-variable"},"acf":[],"yoast_head":"<!-- This site is optimized with the Yoast SEO plugin v27.5 - https:\/\/yoast.com\/product\/yoast-seo-wordpress\/ -->\n<title>Ekologi\u0161kos d\u017eiovintos figos - Biopapa<\/title>\n<meta name=\"description\" content=\"Ekologi\u0161kos d\u017eiovintos figos, maistingi d\u017eiovinti vaisiai, turtingi maistini\u0173 skaidul\u0173, vitamin\u0173 ir mineral\u0173, jie skatina sveik\u0105 vir\u0161kinim\u0105 ir padeda reguliuoti cukraus kiek\u012f kraujyje.\" \/>\n<meta name=\"robots\" content=\"index, follow, max-snippet:-1, max-image-preview:large, max-video-preview:-1\" \/>\n<link rel=\"canonical\" href=\"https:\/\/www.biopapa.de\/lt\/producte\/ekologiskos-dziovintos-figos\/\" \/>\n<meta property=\"og:locale\" content=\"lt_LT\" \/>\n<meta property=\"og:type\" content=\"article\" \/>\n<meta property=\"og:title\" content=\"Ekologi\u0161kos d\u017eiovintos figos - Biopapa\" \/>\n<meta property=\"og:description\" content=\"Ekologi\u0161kos d\u017eiovintos figos, maistingi d\u017eiovinti vaisiai, turtingi maistini\u0173 skaidul\u0173, vitamin\u0173 ir mineral\u0173, jie skatina sveik\u0105 vir\u0161kinim\u0105 ir padeda reguliuoti cukraus kiek\u012f kraujyje.\" \/>\n<meta property=\"og:url\" content=\"https:\/\/www.biopapa.de\/lt\/producte\/ekologiskos-dziovintos-figos\/\" \/>\n<meta property=\"og:site_name\" content=\"Biopapa\" \/>\n<meta property=\"article:publisher\" content=\"https:\/\/www.facebook.com\/biopapa.lt\" \/>\n<meta property=\"article:modified_time\" content=\"2026-03-13T07:49:21+00:00\" \/>\n<meta property=\"og:image\" content=\"https:\/\/www.biopapa.de\/wp-content\/uploads\/2021\/08\/779A1336.jpg\" \/>\n\t<meta property=\"og:image:width\" content=\"800\" \/>\n\t<meta property=\"og:image:height\" content=\"640\" \/>\n\t<meta property=\"og:image:type\" content=\"image\/jpeg\" \/>\n<meta name=\"twitter:card\" content=\"summary_large_image\" \/>\n<meta name=\"twitter:label1\" content=\"Est. reading time\" \/>\n\t<meta name=\"twitter:data1\" content=\"1 minut\u0117\" \/>\n<script type=\"application\/ld+json\" class=\"yoast-schema-graph\">{\"@context\":\"https:\\\/\\\/schema.org\",\"@graph\":[{\"@type\":\"WebPage\",\"@id\":\"https:\\\/\\\/www.biopapa.de\\\/lt\\\/producte\\\/ekologiskos-dziovintos-figos\\\/\",\"url\":\"https:\\\/\\\/www.biopapa.de\\\/lt\\\/producte\\\/ekologiskos-dziovintos-figos\\\/\",\"name\":\"Ekologi\u0161kos d\u017eiovintos figos - Biopapa\",\"isPartOf\":{\"@id\":\"https:\\\/\\\/www.biopapa.de\\\/lt\\\/#website\"},\"primaryImageOfPage\":{\"@id\":\"https:\\\/\\\/www.biopapa.de\\\/lt\\\/producte\\\/ekologiskos-dziovintos-figos\\\/#primaryimage\"},\"image\":{\"@id\":\"https:\\\/\\\/www.biopapa.de\\\/lt\\\/producte\\\/ekologiskos-dziovintos-figos\\\/#primaryimage\"},\"thumbnailUrl\":\"https:\\\/\\\/www.biopapa.de\\\/wp-content\\\/uploads\\\/2021\\\/08\\\/779A1336.jpg\",\"datePublished\":\"2021-07-28T07:20:29+00:00\",\"dateModified\":\"2026-03-13T07:49:21+00:00\",\"description\":\"Ekologi\u0161kos d\u017eiovintos figos, maistingi d\u017eiovinti vaisiai, turtingi maistini\u0173 skaidul\u0173, vitamin\u0173 ir mineral\u0173, jie skatina sveik\u0105 vir\u0161kinim\u0105 ir padeda reguliuoti cukraus kiek\u012f kraujyje.\",\"breadcrumb\":{\"@id\":\"https:\\\/\\\/www.biopapa.de\\\/lt\\\/producte\\\/ekologiskos-dziovintos-figos\\\/#breadcrumb\"},\"inLanguage\":\"lt-LT\",\"potentialAction\":[{\"@type\":\"ReadAction\",\"target\":[\"https:\\\/\\\/www.biopapa.de\\\/lt\\\/producte\\\/ekologiskos-dziovintos-figos\\\/\"]}]},{\"@type\":\"ImageObject\",\"inLanguage\":\"lt-LT\",\"@id\":\"https:\\\/\\\/www.biopapa.de\\\/lt\\\/producte\\\/ekologiskos-dziovintos-figos\\\/#primaryimage\",\"url\":\"https:\\\/\\\/www.biopapa.de\\\/wp-content\\\/uploads\\\/2021\\\/08\\\/779A1336.jpg\",\"contentUrl\":\"https:\\\/\\\/www.biopapa.de\\\/wp-content\\\/uploads\\\/2021\\\/08\\\/779A1336.jpg\",\"width\":800,\"height\":640,\"caption\":\"Ekologi\u0161kos d\u017eiovintos figos\"},{\"@type\":\"BreadcrumbList\",\"@id\":\"https:\\\/\\\/www.biopapa.de\\\/lt\\\/producte\\\/ekologiskos-dziovintos-figos\\\/#breadcrumb\",\"itemListElement\":[{\"@type\":\"ListItem\",\"position\":1,\"name\":\"Home\",\"item\":\"https:\\\/\\\/www.biopapa.de\\\/lt\\\/\"},{\"@type\":\"ListItem\",\"position\":2,\"name\":\"Parduotuv\u0117\",\"item\":\"https:\\\/\\\/www.biopapa.de\\\/parduotuve\\\/\"},{\"@type\":\"ListItem\",\"position\":3,\"name\":\"Ekologi\u0161kos d\u017eiovintos figos\"}]},{\"@type\":\"WebSite\",\"@id\":\"https:\\\/\\\/www.biopapa.de\\\/lt\\\/#website\",\"url\":\"https:\\\/\\\/www.biopapa.de\\\/lt\\\/\",\"name\":\"Biopapa\",\"description\":\"\u0160var\u016bs ekologi\u0161ki produktai\",\"publisher\":{\"@id\":\"https:\\\/\\\/www.biopapa.de\\\/lt\\\/#organization\"},\"potentialAction\":[{\"@type\":\"SearchAction\",\"target\":{\"@type\":\"EntryPoint\",\"urlTemplate\":\"https:\\\/\\\/www.biopapa.de\\\/lt\\\/?s={search_term_string}\"},\"query-input\":{\"@type\":\"PropertyValueSpecification\",\"valueRequired\":true,\"valueName\":\"search_term_string\"}}],\"inLanguage\":\"lt-LT\"},{\"@type\":\"Organization\",\"@id\":\"https:\\\/\\\/www.biopapa.de\\\/lt\\\/#organization\",\"name\":\"Biopapa\",\"url\":\"https:\\\/\\\/www.biopapa.de\\\/lt\\\/\",\"logo\":{\"@type\":\"ImageObject\",\"inLanguage\":\"lt-LT\",\"@id\":\"https:\\\/\\\/www.biopapa.de\\\/lt\\\/#\\\/schema\\\/logo\\\/image\\\/\",\"url\":\"https:\\\/\\\/www.biopapa.lt\\\/wp-content\\\/uploads\\\/2022\\\/04\\\/facebook_biopapa.jpg\",\"contentUrl\":\"https:\\\/\\\/www.biopapa.lt\\\/wp-content\\\/uploads\\\/2022\\\/04\\\/facebook_biopapa.jpg\",\"width\":1733,\"height\":907,\"caption\":\"Biopapa\"},\"image\":{\"@id\":\"https:\\\/\\\/www.biopapa.de\\\/lt\\\/#\\\/schema\\\/logo\\\/image\\\/\"},\"sameAs\":[\"https:\\\/\\\/www.facebook.com\\\/biopapa.lt\"]}]}<\/script>\n<!-- \/ Yoast SEO plugin. -->","yoast_head_json":{"title":"Ekologi\u0161kos d\u017eiovintos figos - Biopapa","description":"Ekologi\u0161kos d\u017eiovintos figos, maistingi d\u017eiovinti vaisiai, turtingi maistini\u0173 skaidul\u0173, vitamin\u0173 ir mineral\u0173, jie skatina sveik\u0105 vir\u0161kinim\u0105 ir padeda reguliuoti cukraus kiek\u012f kraujyje.","robots":{"index":"index","follow":"follow","max-snippet":"max-snippet:-1","max-image-preview":"max-image-preview:large","max-video-preview":"max-video-preview:-1"},"canonical":"https:\/\/www.biopapa.de\/lt\/producte\/ekologiskos-dziovintos-figos\/","og_locale":"lt_LT","og_type":"article","og_title":"Ekologi\u0161kos d\u017eiovintos figos - Biopapa","og_description":"Ekologi\u0161kos d\u017eiovintos figos, maistingi d\u017eiovinti vaisiai, turtingi maistini\u0173 skaidul\u0173, vitamin\u0173 ir mineral\u0173, jie skatina sveik\u0105 vir\u0161kinim\u0105 ir padeda reguliuoti cukraus kiek\u012f kraujyje.","og_url":"https:\/\/www.biopapa.de\/lt\/producte\/ekologiskos-dziovintos-figos\/","og_site_name":"Biopapa","article_publisher":"https:\/\/www.facebook.com\/biopapa.lt","article_modified_time":"2026-03-13T07:49:21+00:00","og_image":[{"width":800,"height":640,"url":"https:\/\/www.biopapa.de\/wp-content\/uploads\/2021\/08\/779A1336.jpg","type":"image\/jpeg"}],"twitter_card":"summary_large_image","twitter_misc":{"Est. reading time":"1 minut\u0117"},"schema":{"@context":"https:\/\/schema.org","@graph":[{"@type":"WebPage","@id":"https:\/\/www.biopapa.de\/lt\/producte\/ekologiskos-dziovintos-figos\/","url":"https:\/\/www.biopapa.de\/lt\/producte\/ekologiskos-dziovintos-figos\/","name":"Ekologi\u0161kos d\u017eiovintos figos - Biopapa","isPartOf":{"@id":"https:\/\/www.biopapa.de\/lt\/#website"},"primaryImageOfPage":{"@id":"https:\/\/www.biopapa.de\/lt\/producte\/ekologiskos-dziovintos-figos\/#primaryimage"},"image":{"@id":"https:\/\/www.biopapa.de\/lt\/producte\/ekologiskos-dziovintos-figos\/#primaryimage"},"thumbnailUrl":"https:\/\/www.biopapa.de\/wp-content\/uploads\/2021\/08\/779A1336.jpg","datePublished":"2021-07-28T07:20:29+00:00","dateModified":"2026-03-13T07:49:21+00:00","description":"Ekologi\u0161kos d\u017eiovintos figos, maistingi d\u017eiovinti vaisiai, turtingi maistini\u0173 skaidul\u0173, vitamin\u0173 ir mineral\u0173, jie skatina sveik\u0105 vir\u0161kinim\u0105 ir padeda reguliuoti cukraus kiek\u012f kraujyje.","breadcrumb":{"@id":"https:\/\/www.biopapa.de\/lt\/producte\/ekologiskos-dziovintos-figos\/#breadcrumb"},"inLanguage":"lt-LT","potentialAction":[{"@type":"ReadAction","target":["https:\/\/www.biopapa.de\/lt\/producte\/ekologiskos-dziovintos-figos\/"]}]},{"@type":"ImageObject","inLanguage":"lt-LT","@id":"https:\/\/www.biopapa.de\/lt\/producte\/ekologiskos-dziovintos-figos\/#primaryimage","url":"https:\/\/www.biopapa.de\/wp-content\/uploads\/2021\/08\/779A1336.jpg","contentUrl":"https:\/\/www.biopapa.de\/wp-content\/uploads\/2021\/08\/779A1336.jpg","width":800,"height":640,"caption":"Ekologi\u0161kos d\u017eiovintos figos"},{"@type":"BreadcrumbList","@id":"https:\/\/www.biopapa.de\/lt\/producte\/ekologiskos-dziovintos-figos\/#breadcrumb","itemListElement":[{"@type":"ListItem","position":1,"name":"Home","item":"https:\/\/www.biopapa.de\/lt\/"},{"@type":"ListItem","position":2,"name":"Parduotuv\u0117","item":"https:\/\/www.biopapa.de\/parduotuve\/"},{"@type":"ListItem","position":3,"name":"Ekologi\u0161kos d\u017eiovintos figos"}]},{"@type":"WebSite","@id":"https:\/\/www.biopapa.de\/lt\/#website","url":"https:\/\/www.biopapa.de\/lt\/","name":"Biopapa","description":"\u0160var\u016bs ekologi\u0161ki produktai","publisher":{"@id":"https:\/\/www.biopapa.de\/lt\/#organization"},"potentialAction":[{"@type":"SearchAction","target":{"@type":"EntryPoint","urlTemplate":"https:\/\/www.biopapa.de\/lt\/?s={search_term_string}"},"query-input":{"@type":"PropertyValueSpecification","valueRequired":true,"valueName":"search_term_string"}}],"inLanguage":"lt-LT"},{"@type":"Organization","@id":"https:\/\/www.biopapa.de\/lt\/#organization","name":"Biopapa","url":"https:\/\/www.biopapa.de\/lt\/","logo":{"@type":"ImageObject","inLanguage":"lt-LT","@id":"https:\/\/www.biopapa.de\/lt\/#\/schema\/logo\/image\/","url":"https:\/\/www.biopapa.lt\/wp-content\/uploads\/2022\/04\/facebook_biopapa.jpg","contentUrl":"https:\/\/www.biopapa.lt\/wp-content\/uploads\/2022\/04\/facebook_biopapa.jpg","width":1733,"height":907,"caption":"Biopapa"},"image":{"@id":"https:\/\/www.biopapa.de\/lt\/#\/schema\/logo\/image\/"},"sameAs":["https:\/\/www.facebook.com\/biopapa.lt"]}]}},"_links":{"self":[{"href":"https:\/\/www.biopapa.de\/lt\/wp-json\/wp\/v2\/product\/13840","targetHints":{"allow":["GET"]}}],"collection":[{"href":"https:\/\/www.biopapa.de\/lt\/wp-json\/wp\/v2\/product"}],"about":[{"href":"https:\/\/www.biopapa.de\/lt\/wp-json\/wp\/v2\/types\/product"}],"wp:featuredmedia":[{"embeddable":true,"href":"https:\/\/www.biopapa.de\/lt\/wp-json\/wp\/v2\/media\/14551"}],"wp:attachment":[{"href":"https:\/\/www.biopapa.de\/lt\/wp-json\/wp\/v2\/media?parent=13840"}],"wp:term":[{"taxonomy":"product_brand","embeddable":true,"href":"https:\/\/www.biopapa.de\/lt\/wp-json\/wp\/v2\/product_brand?post=13840"},{"taxonomy":"product_cat","embeddable":true,"href":"https:\/\/www.biopapa.de\/lt\/wp-json\/wp\/v2\/product_cat?post=13840"},{"taxonomy":"product_tag","embeddable":true,"href":"https:\/\/www.biopapa.de\/lt\/wp-json\/wp\/v2\/product_tag?post=13840"}],"curies":[{"name":"wp","href":"https:\/\/api.w.org\/{rel}","templated":true}]}}