{"id":13854,"date":"2021-07-28T10:29:19","date_gmt":"2021-07-28T07:29:19","guid":{"rendered":"https:\/\/www.biopapa.lt\/?post_type=product&#038;p=13854"},"modified":"2026-03-25T12:58:22","modified_gmt":"2026-03-25T10:58:22","slug":"ekologiskos-kokosu-drozles","status":"publish","type":"product","link":"https:\/\/www.biopapa.de\/lt\/producte\/ekologiskos-kokosu-drozles\/","title":{"rendered":"Ekologi\u0161kos kokos\u0173 dro\u017el\u0117s"},"content":{"rendered":"<p><strong>Ekologi\u0161kos kokos\u0173 dro\u017el\u0117s<\/strong><br \/>\nKokos\u0173 dro\u017el\u0117s yra kupinos skonio ir maistini\u0173 med\u017eiag\u0173. Tai sveikas riebal\u0173, skaidul\u0173, gele\u017eies ir baltym\u0173 \u0161altinis, tod\u0117l saikingai jais galima m\u0117gautis prakti\u0161kai be kalt\u0117s jausmo.<br \/>\nKokoso skonis puikiai dera su \u012fvairiais maisto produktais, \u012fskaitant sausainius, vaisius, jogurt\u0105, pyragus, sriubas ir kar\u012f.<br \/>\nPuodelyje kokoso dro\u017eli\u0173 yra apie 33 gramus riebal\u0173 ir 40 gram\u0173 cukraus.<\/p>\n<p>Maistin\u0117 l\u0105steliena<br \/>\nKiekviename puodelyje kokoso dro\u017eli\u0173 yra keturi gramai skaidul\u0173, o bendra rekomendacija per dien\u0105 yra 25 gramai, kaip nurodo Amerikos \u0161irdies asociacija. Tinkamas skaidul\u0173 \u0161altinis pad\u0117s jaustis sotiems, o tai suma\u017eins polink\u012f u\u017ekand\u017eiauti ar rinktis nesveik\u0105 maist\u0105.<br \/>\nBaltym\u0173 \u0161altinis<br \/>\nKokoso dribsniai gaunami i\u0161 \u201ekokoso m\u0117sos\u201d. I\u0161 tikr\u0173j\u0173 ji vadinama \u201ekita balta m\u0117sa\u201c. \u017dmon\u0117ms vis labiau r\u016bpinantis savo sveikata ir pereinant prie vegetari\u0161kos ir vegani\u0161kos dietos, ie\u0161koma maisto produkt\u0173, kurie b\u016bt\u0173 gera baltym\u0173 alternatyva. Kokosas yra vienas i\u0161 t\u0173 augalin\u0117s kilm\u0117s maisto produkt\u0173.<\/p>\n<p><em>PASTABA. \u010cia pateikta informacija negali b\u016bti interpretuojama kaip gydymo ar kitokio pob\u016bd\u017eio sveikatos klausim\u0173 sprendimo rekomendacija. Raginame sprendimus, susijusius su asmenine sveikata, priimti asmeni\u0161kai, \u012fvertinus \u012fvairius informacijos \u0161altinius.<\/em><\/p>\n","protected":false},"excerpt":{"rendered":"<p>Ekologi\u0161kos kokos\u0173 dro\u017el\u0117s Kokos\u0173 dro\u017el\u0117s yra kupinos skonio ir maistini\u0173 med\u017eiag\u0173. Tai sveikas riebal\u0173, skaidul\u0173, gele\u017eies ir baltym\u0173 \u0161altinis, tod\u0117l<\/p>\n","protected":false},"featured_media":18562,"template":"","meta":{"_acf_changed":false},"product_brand":[],"product_cat":[1934,1228],"product_tag":[1433,1380,1378],"class_list":{"0":"post-13854","1":"product","2":"type-product","3":"status-publish","4":"has-post-thumbnail","6":"product_cat-dziovinti-vaisiai","7":"product_cat-ekologiski-dziovinti-vaisiai-uogos-darzoves","8":"product_tag-baltymu-saltinis","9":"product_tag-keto-mityba","10":"product_tag-veganams","11":"pa_svoris-1-kg","12":"pa_svoris-100-g","13":"pa_svoris-200-g","14":"pa_svoris-25-kg","15":"pa_svoris-300-g","16":"pa_svoris-400-g","17":"pa_svoris-500-g","19":"first","20":"instock","21":"shipping-taxable","22":"purchasable","23":"product-type-variable"},"acf":[],"yoast_head":"<!-- This site is optimized with the Yoast SEO plugin v27.5 - https:\/\/yoast.com\/product\/yoast-seo-wordpress\/ -->\n<title>Ekologi\u0161kos kokos\u0173 dro\u017el\u0117s - Biopapa<\/title>\n<meta name=\"description\" content=\"Ekologi\u0161kos kokos\u0173 dro\u017el\u0117s yra kupinos skonio ir maistini\u0173 med\u017eiag\u0173. Tai sveikas riebal\u0173, skaidul\u0173 ir baltym\u0173 \u0161altinis, tod\u0117l saikingai jais galima m\u0117gautis prakti\u0161kai be kalt\u0117s jausmo.\" \/>\n<meta name=\"robots\" content=\"index, follow, max-snippet:-1, max-image-preview:large, max-video-preview:-1\" \/>\n<link rel=\"canonical\" href=\"https:\/\/www.biopapa.de\/lt\/producte\/ekologiskos-kokosu-drozles\/\" \/>\n<meta property=\"og:locale\" content=\"lt_LT\" \/>\n<meta property=\"og:type\" content=\"article\" \/>\n<meta property=\"og:title\" content=\"Ekologi\u0161kos kokos\u0173 dro\u017el\u0117s - Biopapa\" \/>\n<meta property=\"og:description\" content=\"Ekologi\u0161kos kokos\u0173 dro\u017el\u0117s yra kupinos skonio ir maistini\u0173 med\u017eiag\u0173. Tai sveikas riebal\u0173, skaidul\u0173 ir baltym\u0173 \u0161altinis, tod\u0117l saikingai jais galima m\u0117gautis prakti\u0161kai be kalt\u0117s jausmo.\" \/>\n<meta property=\"og:url\" content=\"https:\/\/www.biopapa.de\/lt\/producte\/ekologiskos-kokosu-drozles\/\" \/>\n<meta property=\"og:site_name\" content=\"Biopapa\" \/>\n<meta property=\"article:publisher\" content=\"https:\/\/www.facebook.com\/biopapa.lt\" \/>\n<meta property=\"article:modified_time\" content=\"2026-03-25T10:58:22+00:00\" \/>\n<meta property=\"og:image\" content=\"https:\/\/www.biopapa.de\/wp-content\/uploads\/2021\/07\/kokoso-drozles.jpg\" \/>\n\t<meta property=\"og:image:width\" content=\"800\" \/>\n\t<meta property=\"og:image:height\" content=\"640\" \/>\n\t<meta property=\"og:image:type\" content=\"image\/jpeg\" \/>\n<meta name=\"twitter:card\" content=\"summary_large_image\" \/>\n<meta name=\"twitter:label1\" content=\"Est. reading time\" \/>\n\t<meta name=\"twitter:data1\" content=\"1 minut\u0117\" \/>\n<script type=\"application\/ld+json\" class=\"yoast-schema-graph\">{\"@context\":\"https:\\\/\\\/schema.org\",\"@graph\":[{\"@type\":\"WebPage\",\"@id\":\"https:\\\/\\\/www.biopapa.de\\\/lt\\\/producte\\\/ekologiskos-kokosu-drozles\\\/\",\"url\":\"https:\\\/\\\/www.biopapa.de\\\/lt\\\/producte\\\/ekologiskos-kokosu-drozles\\\/\",\"name\":\"Ekologi\u0161kos kokos\u0173 dro\u017el\u0117s - Biopapa\",\"isPartOf\":{\"@id\":\"https:\\\/\\\/www.biopapa.de\\\/lt\\\/#website\"},\"primaryImageOfPage\":{\"@id\":\"https:\\\/\\\/www.biopapa.de\\\/lt\\\/producte\\\/ekologiskos-kokosu-drozles\\\/#primaryimage\"},\"image\":{\"@id\":\"https:\\\/\\\/www.biopapa.de\\\/lt\\\/producte\\\/ekologiskos-kokosu-drozles\\\/#primaryimage\"},\"thumbnailUrl\":\"https:\\\/\\\/www.biopapa.de\\\/wp-content\\\/uploads\\\/2021\\\/07\\\/kokoso-drozles.jpg\",\"datePublished\":\"2021-07-28T07:29:19+00:00\",\"dateModified\":\"2026-03-25T10:58:22+00:00\",\"description\":\"Ekologi\u0161kos kokos\u0173 dro\u017el\u0117s yra kupinos skonio ir maistini\u0173 med\u017eiag\u0173. Tai sveikas riebal\u0173, skaidul\u0173 ir baltym\u0173 \u0161altinis, tod\u0117l saikingai jais galima m\u0117gautis prakti\u0161kai be kalt\u0117s jausmo.\",\"breadcrumb\":{\"@id\":\"https:\\\/\\\/www.biopapa.de\\\/lt\\\/producte\\\/ekologiskos-kokosu-drozles\\\/#breadcrumb\"},\"inLanguage\":\"lt-LT\",\"potentialAction\":[{\"@type\":\"ReadAction\",\"target\":[\"https:\\\/\\\/www.biopapa.de\\\/lt\\\/producte\\\/ekologiskos-kokosu-drozles\\\/\"]}]},{\"@type\":\"ImageObject\",\"inLanguage\":\"lt-LT\",\"@id\":\"https:\\\/\\\/www.biopapa.de\\\/lt\\\/producte\\\/ekologiskos-kokosu-drozles\\\/#primaryimage\",\"url\":\"https:\\\/\\\/www.biopapa.de\\\/wp-content\\\/uploads\\\/2021\\\/07\\\/kokoso-drozles.jpg\",\"contentUrl\":\"https:\\\/\\\/www.biopapa.de\\\/wp-content\\\/uploads\\\/2021\\\/07\\\/kokoso-drozles.jpg\",\"width\":800,\"height\":640,\"caption\":\"Ekologi\u0161kos kokos\u0173 dro\u017el\u0117s\"},{\"@type\":\"BreadcrumbList\",\"@id\":\"https:\\\/\\\/www.biopapa.de\\\/lt\\\/producte\\\/ekologiskos-kokosu-drozles\\\/#breadcrumb\",\"itemListElement\":[{\"@type\":\"ListItem\",\"position\":1,\"name\":\"Home\",\"item\":\"https:\\\/\\\/www.biopapa.de\\\/lt\\\/\"},{\"@type\":\"ListItem\",\"position\":2,\"name\":\"Parduotuv\u0117\",\"item\":\"https:\\\/\\\/www.biopapa.de\\\/parduotuve\\\/\"},{\"@type\":\"ListItem\",\"position\":3,\"name\":\"Ekologi\u0161kos kokos\u0173 dro\u017el\u0117s\"}]},{\"@type\":\"WebSite\",\"@id\":\"https:\\\/\\\/www.biopapa.de\\\/lt\\\/#website\",\"url\":\"https:\\\/\\\/www.biopapa.de\\\/lt\\\/\",\"name\":\"Biopapa\",\"description\":\"\u0160var\u016bs ekologi\u0161ki produktai\",\"publisher\":{\"@id\":\"https:\\\/\\\/www.biopapa.de\\\/lt\\\/#organization\"},\"potentialAction\":[{\"@type\":\"SearchAction\",\"target\":{\"@type\":\"EntryPoint\",\"urlTemplate\":\"https:\\\/\\\/www.biopapa.de\\\/lt\\\/?s={search_term_string}\"},\"query-input\":{\"@type\":\"PropertyValueSpecification\",\"valueRequired\":true,\"valueName\":\"search_term_string\"}}],\"inLanguage\":\"lt-LT\"},{\"@type\":\"Organization\",\"@id\":\"https:\\\/\\\/www.biopapa.de\\\/lt\\\/#organization\",\"name\":\"Biopapa\",\"url\":\"https:\\\/\\\/www.biopapa.de\\\/lt\\\/\",\"logo\":{\"@type\":\"ImageObject\",\"inLanguage\":\"lt-LT\",\"@id\":\"https:\\\/\\\/www.biopapa.de\\\/lt\\\/#\\\/schema\\\/logo\\\/image\\\/\",\"url\":\"https:\\\/\\\/www.biopapa.lt\\\/wp-content\\\/uploads\\\/2022\\\/04\\\/facebook_biopapa.jpg\",\"contentUrl\":\"https:\\\/\\\/www.biopapa.lt\\\/wp-content\\\/uploads\\\/2022\\\/04\\\/facebook_biopapa.jpg\",\"width\":1733,\"height\":907,\"caption\":\"Biopapa\"},\"image\":{\"@id\":\"https:\\\/\\\/www.biopapa.de\\\/lt\\\/#\\\/schema\\\/logo\\\/image\\\/\"},\"sameAs\":[\"https:\\\/\\\/www.facebook.com\\\/biopapa.lt\"]}]}<\/script>\n<!-- \/ Yoast SEO plugin. -->","yoast_head_json":{"title":"Ekologi\u0161kos kokos\u0173 dro\u017el\u0117s - Biopapa","description":"Ekologi\u0161kos kokos\u0173 dro\u017el\u0117s yra kupinos skonio ir maistini\u0173 med\u017eiag\u0173. Tai sveikas riebal\u0173, skaidul\u0173 ir baltym\u0173 \u0161altinis, tod\u0117l saikingai jais galima m\u0117gautis prakti\u0161kai be kalt\u0117s jausmo.","robots":{"index":"index","follow":"follow","max-snippet":"max-snippet:-1","max-image-preview":"max-image-preview:large","max-video-preview":"max-video-preview:-1"},"canonical":"https:\/\/www.biopapa.de\/lt\/producte\/ekologiskos-kokosu-drozles\/","og_locale":"lt_LT","og_type":"article","og_title":"Ekologi\u0161kos kokos\u0173 dro\u017el\u0117s - Biopapa","og_description":"Ekologi\u0161kos kokos\u0173 dro\u017el\u0117s yra kupinos skonio ir maistini\u0173 med\u017eiag\u0173. Tai sveikas riebal\u0173, skaidul\u0173 ir baltym\u0173 \u0161altinis, tod\u0117l saikingai jais galima m\u0117gautis prakti\u0161kai be kalt\u0117s jausmo.","og_url":"https:\/\/www.biopapa.de\/lt\/producte\/ekologiskos-kokosu-drozles\/","og_site_name":"Biopapa","article_publisher":"https:\/\/www.facebook.com\/biopapa.lt","article_modified_time":"2026-03-25T10:58:22+00:00","og_image":[{"width":800,"height":640,"url":"https:\/\/www.biopapa.de\/wp-content\/uploads\/2021\/07\/kokoso-drozles.jpg","type":"image\/jpeg"}],"twitter_card":"summary_large_image","twitter_misc":{"Est. reading time":"1 minut\u0117"},"schema":{"@context":"https:\/\/schema.org","@graph":[{"@type":"WebPage","@id":"https:\/\/www.biopapa.de\/lt\/producte\/ekologiskos-kokosu-drozles\/","url":"https:\/\/www.biopapa.de\/lt\/producte\/ekologiskos-kokosu-drozles\/","name":"Ekologi\u0161kos kokos\u0173 dro\u017el\u0117s - Biopapa","isPartOf":{"@id":"https:\/\/www.biopapa.de\/lt\/#website"},"primaryImageOfPage":{"@id":"https:\/\/www.biopapa.de\/lt\/producte\/ekologiskos-kokosu-drozles\/#primaryimage"},"image":{"@id":"https:\/\/www.biopapa.de\/lt\/producte\/ekologiskos-kokosu-drozles\/#primaryimage"},"thumbnailUrl":"https:\/\/www.biopapa.de\/wp-content\/uploads\/2021\/07\/kokoso-drozles.jpg","datePublished":"2021-07-28T07:29:19+00:00","dateModified":"2026-03-25T10:58:22+00:00","description":"Ekologi\u0161kos kokos\u0173 dro\u017el\u0117s yra kupinos skonio ir maistini\u0173 med\u017eiag\u0173. Tai sveikas riebal\u0173, skaidul\u0173 ir baltym\u0173 \u0161altinis, tod\u0117l saikingai jais galima m\u0117gautis prakti\u0161kai be kalt\u0117s jausmo.","breadcrumb":{"@id":"https:\/\/www.biopapa.de\/lt\/producte\/ekologiskos-kokosu-drozles\/#breadcrumb"},"inLanguage":"lt-LT","potentialAction":[{"@type":"ReadAction","target":["https:\/\/www.biopapa.de\/lt\/producte\/ekologiskos-kokosu-drozles\/"]}]},{"@type":"ImageObject","inLanguage":"lt-LT","@id":"https:\/\/www.biopapa.de\/lt\/producte\/ekologiskos-kokosu-drozles\/#primaryimage","url":"https:\/\/www.biopapa.de\/wp-content\/uploads\/2021\/07\/kokoso-drozles.jpg","contentUrl":"https:\/\/www.biopapa.de\/wp-content\/uploads\/2021\/07\/kokoso-drozles.jpg","width":800,"height":640,"caption":"Ekologi\u0161kos kokos\u0173 dro\u017el\u0117s"},{"@type":"BreadcrumbList","@id":"https:\/\/www.biopapa.de\/lt\/producte\/ekologiskos-kokosu-drozles\/#breadcrumb","itemListElement":[{"@type":"ListItem","position":1,"name":"Home","item":"https:\/\/www.biopapa.de\/lt\/"},{"@type":"ListItem","position":2,"name":"Parduotuv\u0117","item":"https:\/\/www.biopapa.de\/parduotuve\/"},{"@type":"ListItem","position":3,"name":"Ekologi\u0161kos kokos\u0173 dro\u017el\u0117s"}]},{"@type":"WebSite","@id":"https:\/\/www.biopapa.de\/lt\/#website","url":"https:\/\/www.biopapa.de\/lt\/","name":"Biopapa","description":"\u0160var\u016bs ekologi\u0161ki produktai","publisher":{"@id":"https:\/\/www.biopapa.de\/lt\/#organization"},"potentialAction":[{"@type":"SearchAction","target":{"@type":"EntryPoint","urlTemplate":"https:\/\/www.biopapa.de\/lt\/?s={search_term_string}"},"query-input":{"@type":"PropertyValueSpecification","valueRequired":true,"valueName":"search_term_string"}}],"inLanguage":"lt-LT"},{"@type":"Organization","@id":"https:\/\/www.biopapa.de\/lt\/#organization","name":"Biopapa","url":"https:\/\/www.biopapa.de\/lt\/","logo":{"@type":"ImageObject","inLanguage":"lt-LT","@id":"https:\/\/www.biopapa.de\/lt\/#\/schema\/logo\/image\/","url":"https:\/\/www.biopapa.lt\/wp-content\/uploads\/2022\/04\/facebook_biopapa.jpg","contentUrl":"https:\/\/www.biopapa.lt\/wp-content\/uploads\/2022\/04\/facebook_biopapa.jpg","width":1733,"height":907,"caption":"Biopapa"},"image":{"@id":"https:\/\/www.biopapa.de\/lt\/#\/schema\/logo\/image\/"},"sameAs":["https:\/\/www.facebook.com\/biopapa.lt"]}]}},"_links":{"self":[{"href":"https:\/\/www.biopapa.de\/lt\/wp-json\/wp\/v2\/product\/13854","targetHints":{"allow":["GET"]}}],"collection":[{"href":"https:\/\/www.biopapa.de\/lt\/wp-json\/wp\/v2\/product"}],"about":[{"href":"https:\/\/www.biopapa.de\/lt\/wp-json\/wp\/v2\/types\/product"}],"wp:featuredmedia":[{"embeddable":true,"href":"https:\/\/www.biopapa.de\/lt\/wp-json\/wp\/v2\/media\/18562"}],"wp:attachment":[{"href":"https:\/\/www.biopapa.de\/lt\/wp-json\/wp\/v2\/media?parent=13854"}],"wp:term":[{"taxonomy":"product_brand","embeddable":true,"href":"https:\/\/www.biopapa.de\/lt\/wp-json\/wp\/v2\/product_brand?post=13854"},{"taxonomy":"product_cat","embeddable":true,"href":"https:\/\/www.biopapa.de\/lt\/wp-json\/wp\/v2\/product_cat?post=13854"},{"taxonomy":"product_tag","embeddable":true,"href":"https:\/\/www.biopapa.de\/lt\/wp-json\/wp\/v2\/product_tag?post=13854"}],"curies":[{"name":"wp","href":"https:\/\/api.w.org\/{rel}","templated":true}]}}