{"id":13861,"date":"2021-07-28T10:33:23","date_gmt":"2021-07-28T07:33:23","guid":{"rendered":"https:\/\/www.biopapa.lt\/?post_type=product&#038;p=13861"},"modified":"2026-04-07T14:34:32","modified_gmt":"2026-04-07T11:34:32","slug":"ekologiskos-kokosu-riekeles","status":"publish","type":"product","link":"https:\/\/www.biopapa.de\/lt\/producte\/ekologiskos-kokosu-riekeles\/","title":{"rendered":"Ekologi\u0161kos kokos\u0173 riekel\u0117s (RAW)"},"content":{"rendered":"<p><strong>Ekologi\u0161kos kokos\u0173 riekel\u0117s<\/strong> yra maistingas ir universalus u\u017ekandis, turtingas sveikatai nauding\u0173 riebal\u0173, skaidul\u0173, vitamin\u0173 ir mineral\u0173. \u0160ios riekel\u0117s yra puikus energijos \u0161altinis d\u0117l didelio sveik\u0173 riebal\u0173 kiekio. Jose taip pat gausu skaidul\u0173, kurios gerina vir\u0161kinim\u0105 ir ilgiau i\u0161laiko sotumo jausm\u0105.<br \/>\nD\u0117l savo subtilaus skonio ir maistin\u0117s vert\u0117s kokos\u0173 riekel\u0117s tinka tiek kaip sveikas u\u017ekandis, tiek kaip pagardas \u012fvairiuose patiekaluose, pavyzd\u017eiui, salotose, desertuose, pusry\u010di\u0173 ko\u0161\u0117se ar kepiniuose, suteikiant jiems tra\u0161kumo ir nat\u016bralaus saldumo.<br \/>\nGalite lengvai pakepinti ant sausos keptuv\u0117s, tada jos \u012fgauna dar geresn\u012f skon\u012f ir kvap\u0105.<\/p>\n<p><em>PASTABA. \u010cia pateikta informacija negali b\u016bti interpretuojama kaip gydymo ar kitokio pob\u016bd\u017eio sveikatos klausim\u0173 sprendimo rekomendacija. Raginame sprendimus, susijusius su asmenine sveikata, priimti asmeni\u0161kai, \u012fvertinus \u012fvairius informacijos \u0161altinius.<\/em><\/p>\n","protected":false},"excerpt":{"rendered":"<p>Ekologi\u0161kos kokos\u0173 riekel\u0117s yra maistingas ir universalus u\u017ekandis, turtingas sveikatai nauding\u0173 riebal\u0173, skaidul\u0173, vitamin\u0173 ir mineral\u0173. \u0160ios riekel\u0117s yra puikus<\/p>\n","protected":false},"featured_media":14513,"template":"","meta":{"_acf_changed":false},"product_brand":[],"product_cat":[1934,1228],"product_tag":[1381,1380,1378,1382],"class_list":{"0":"post-13861","1":"product","2":"type-product","3":"status-publish","4":"has-post-thumbnail","6":"product_cat-dziovinti-vaisiai","7":"product_cat-ekologiski-dziovinti-vaisiai-uogos-darzoves","8":"product_tag-be-pridetinio-cukraus","9":"product_tag-keto-mityba","10":"product_tag-veganams","11":"product_tag-zaliavalgiams","12":"pa_svoris-1-kg","13":"pa_svoris-100-g","14":"pa_svoris-15-kg","15":"pa_svoris-200-g","16":"pa_svoris-300-g","17":"pa_svoris-400-g","18":"pa_svoris-500-g","20":"first","21":"outofstock","22":"shipping-taxable","23":"purchasable","24":"product-type-variable"},"acf":[],"yoast_head":"<!-- This site is optimized with the Yoast SEO plugin v27.5 - https:\/\/yoast.com\/product\/yoast-seo-wordpress\/ -->\n<title>Ekologi\u0161kos kokos\u0173 riekel\u0117s (RAW) - Biopapa<\/title>\n<meta name=\"description\" content=\"Ekologi\u0161kos kokos\u0173 riekel\u0117s yra maistingas ir universalus u\u017ekandis, turtingas sveikatai nauding\u0173 riebal\u0173, skaidul\u0173, vitamin\u0173 ir mineral\u0173.\" \/>\n<meta name=\"robots\" content=\"index, follow, max-snippet:-1, max-image-preview:large, max-video-preview:-1\" \/>\n<link rel=\"canonical\" href=\"https:\/\/www.biopapa.de\/lt\/producte\/ekologiskos-kokosu-riekeles\/\" \/>\n<meta property=\"og:locale\" content=\"lt_LT\" \/>\n<meta property=\"og:type\" content=\"article\" \/>\n<meta property=\"og:title\" content=\"Ekologi\u0161kos kokos\u0173 riekel\u0117s (RAW) - Biopapa\" \/>\n<meta property=\"og:description\" content=\"Ekologi\u0161kos kokos\u0173 riekel\u0117s yra maistingas ir universalus u\u017ekandis, turtingas sveikatai nauding\u0173 riebal\u0173, skaidul\u0173, vitamin\u0173 ir mineral\u0173.\" \/>\n<meta property=\"og:url\" content=\"https:\/\/www.biopapa.de\/lt\/producte\/ekologiskos-kokosu-riekeles\/\" \/>\n<meta property=\"og:site_name\" content=\"Biopapa\" \/>\n<meta property=\"article:publisher\" content=\"https:\/\/www.facebook.com\/biopapa.lt\" \/>\n<meta property=\"article:modified_time\" content=\"2026-04-07T11:34:32+00:00\" \/>\n<meta property=\"og:image\" content=\"https:\/\/www.biopapa.de\/wp-content\/uploads\/2021\/08\/779A0136.jpg\" \/>\n\t<meta property=\"og:image:width\" content=\"800\" \/>\n\t<meta property=\"og:image:height\" content=\"640\" \/>\n\t<meta property=\"og:image:type\" content=\"image\/jpeg\" \/>\n<meta name=\"twitter:card\" content=\"summary_large_image\" \/>\n<meta name=\"twitter:label1\" content=\"Est. reading time\" \/>\n\t<meta name=\"twitter:data1\" content=\"1 minut\u0117\" \/>\n<script type=\"application\/ld+json\" class=\"yoast-schema-graph\">{\"@context\":\"https:\\\/\\\/schema.org\",\"@graph\":[{\"@type\":\"WebPage\",\"@id\":\"https:\\\/\\\/www.biopapa.de\\\/lt\\\/producte\\\/ekologiskos-kokosu-riekeles\\\/\",\"url\":\"https:\\\/\\\/www.biopapa.de\\\/lt\\\/producte\\\/ekologiskos-kokosu-riekeles\\\/\",\"name\":\"Ekologi\u0161kos kokos\u0173 riekel\u0117s (RAW) - Biopapa\",\"isPartOf\":{\"@id\":\"https:\\\/\\\/www.biopapa.de\\\/lt\\\/#website\"},\"primaryImageOfPage\":{\"@id\":\"https:\\\/\\\/www.biopapa.de\\\/lt\\\/producte\\\/ekologiskos-kokosu-riekeles\\\/#primaryimage\"},\"image\":{\"@id\":\"https:\\\/\\\/www.biopapa.de\\\/lt\\\/producte\\\/ekologiskos-kokosu-riekeles\\\/#primaryimage\"},\"thumbnailUrl\":\"https:\\\/\\\/www.biopapa.de\\\/wp-content\\\/uploads\\\/2021\\\/08\\\/779A0136.jpg\",\"datePublished\":\"2021-07-28T07:33:23+00:00\",\"dateModified\":\"2026-04-07T11:34:32+00:00\",\"description\":\"Ekologi\u0161kos kokos\u0173 riekel\u0117s yra maistingas ir universalus u\u017ekandis, turtingas sveikatai nauding\u0173 riebal\u0173, skaidul\u0173, vitamin\u0173 ir mineral\u0173.\",\"breadcrumb\":{\"@id\":\"https:\\\/\\\/www.biopapa.de\\\/lt\\\/producte\\\/ekologiskos-kokosu-riekeles\\\/#breadcrumb\"},\"inLanguage\":\"lt-LT\",\"potentialAction\":[{\"@type\":\"ReadAction\",\"target\":[\"https:\\\/\\\/www.biopapa.de\\\/lt\\\/producte\\\/ekologiskos-kokosu-riekeles\\\/\"]}]},{\"@type\":\"ImageObject\",\"inLanguage\":\"lt-LT\",\"@id\":\"https:\\\/\\\/www.biopapa.de\\\/lt\\\/producte\\\/ekologiskos-kokosu-riekeles\\\/#primaryimage\",\"url\":\"https:\\\/\\\/www.biopapa.de\\\/wp-content\\\/uploads\\\/2021\\\/08\\\/779A0136.jpg\",\"contentUrl\":\"https:\\\/\\\/www.biopapa.de\\\/wp-content\\\/uploads\\\/2021\\\/08\\\/779A0136.jpg\",\"width\":800,\"height\":640,\"caption\":\"Ekologi\u0161kos kokos\u0173 riekel\u0117s (RAW)\"},{\"@type\":\"BreadcrumbList\",\"@id\":\"https:\\\/\\\/www.biopapa.de\\\/lt\\\/producte\\\/ekologiskos-kokosu-riekeles\\\/#breadcrumb\",\"itemListElement\":[{\"@type\":\"ListItem\",\"position\":1,\"name\":\"Home\",\"item\":\"https:\\\/\\\/www.biopapa.de\\\/lt\\\/\"},{\"@type\":\"ListItem\",\"position\":2,\"name\":\"Parduotuv\u0117\",\"item\":\"https:\\\/\\\/www.biopapa.de\\\/parduotuve\\\/\"},{\"@type\":\"ListItem\",\"position\":3,\"name\":\"Ekologi\u0161kos kokos\u0173 riekel\u0117s (RAW)\"}]},{\"@type\":\"WebSite\",\"@id\":\"https:\\\/\\\/www.biopapa.de\\\/lt\\\/#website\",\"url\":\"https:\\\/\\\/www.biopapa.de\\\/lt\\\/\",\"name\":\"Biopapa\",\"description\":\"\u0160var\u016bs ekologi\u0161ki produktai\",\"publisher\":{\"@id\":\"https:\\\/\\\/www.biopapa.de\\\/lt\\\/#organization\"},\"potentialAction\":[{\"@type\":\"SearchAction\",\"target\":{\"@type\":\"EntryPoint\",\"urlTemplate\":\"https:\\\/\\\/www.biopapa.de\\\/lt\\\/?s={search_term_string}\"},\"query-input\":{\"@type\":\"PropertyValueSpecification\",\"valueRequired\":true,\"valueName\":\"search_term_string\"}}],\"inLanguage\":\"lt-LT\"},{\"@type\":\"Organization\",\"@id\":\"https:\\\/\\\/www.biopapa.de\\\/lt\\\/#organization\",\"name\":\"Biopapa\",\"url\":\"https:\\\/\\\/www.biopapa.de\\\/lt\\\/\",\"logo\":{\"@type\":\"ImageObject\",\"inLanguage\":\"lt-LT\",\"@id\":\"https:\\\/\\\/www.biopapa.de\\\/lt\\\/#\\\/schema\\\/logo\\\/image\\\/\",\"url\":\"https:\\\/\\\/www.biopapa.lt\\\/wp-content\\\/uploads\\\/2022\\\/04\\\/facebook_biopapa.jpg\",\"contentUrl\":\"https:\\\/\\\/www.biopapa.lt\\\/wp-content\\\/uploads\\\/2022\\\/04\\\/facebook_biopapa.jpg\",\"width\":1733,\"height\":907,\"caption\":\"Biopapa\"},\"image\":{\"@id\":\"https:\\\/\\\/www.biopapa.de\\\/lt\\\/#\\\/schema\\\/logo\\\/image\\\/\"},\"sameAs\":[\"https:\\\/\\\/www.facebook.com\\\/biopapa.lt\"]}]}<\/script>\n<!-- \/ Yoast SEO plugin. -->","yoast_head_json":{"title":"Ekologi\u0161kos kokos\u0173 riekel\u0117s (RAW) - Biopapa","description":"Ekologi\u0161kos kokos\u0173 riekel\u0117s yra maistingas ir universalus u\u017ekandis, turtingas sveikatai nauding\u0173 riebal\u0173, skaidul\u0173, vitamin\u0173 ir mineral\u0173.","robots":{"index":"index","follow":"follow","max-snippet":"max-snippet:-1","max-image-preview":"max-image-preview:large","max-video-preview":"max-video-preview:-1"},"canonical":"https:\/\/www.biopapa.de\/lt\/producte\/ekologiskos-kokosu-riekeles\/","og_locale":"lt_LT","og_type":"article","og_title":"Ekologi\u0161kos kokos\u0173 riekel\u0117s (RAW) - Biopapa","og_description":"Ekologi\u0161kos kokos\u0173 riekel\u0117s yra maistingas ir universalus u\u017ekandis, turtingas sveikatai nauding\u0173 riebal\u0173, skaidul\u0173, vitamin\u0173 ir mineral\u0173.","og_url":"https:\/\/www.biopapa.de\/lt\/producte\/ekologiskos-kokosu-riekeles\/","og_site_name":"Biopapa","article_publisher":"https:\/\/www.facebook.com\/biopapa.lt","article_modified_time":"2026-04-07T11:34:32+00:00","og_image":[{"width":800,"height":640,"url":"https:\/\/www.biopapa.de\/wp-content\/uploads\/2021\/08\/779A0136.jpg","type":"image\/jpeg"}],"twitter_card":"summary_large_image","twitter_misc":{"Est. reading time":"1 minut\u0117"},"schema":{"@context":"https:\/\/schema.org","@graph":[{"@type":"WebPage","@id":"https:\/\/www.biopapa.de\/lt\/producte\/ekologiskos-kokosu-riekeles\/","url":"https:\/\/www.biopapa.de\/lt\/producte\/ekologiskos-kokosu-riekeles\/","name":"Ekologi\u0161kos kokos\u0173 riekel\u0117s (RAW) - Biopapa","isPartOf":{"@id":"https:\/\/www.biopapa.de\/lt\/#website"},"primaryImageOfPage":{"@id":"https:\/\/www.biopapa.de\/lt\/producte\/ekologiskos-kokosu-riekeles\/#primaryimage"},"image":{"@id":"https:\/\/www.biopapa.de\/lt\/producte\/ekologiskos-kokosu-riekeles\/#primaryimage"},"thumbnailUrl":"https:\/\/www.biopapa.de\/wp-content\/uploads\/2021\/08\/779A0136.jpg","datePublished":"2021-07-28T07:33:23+00:00","dateModified":"2026-04-07T11:34:32+00:00","description":"Ekologi\u0161kos kokos\u0173 riekel\u0117s yra maistingas ir universalus u\u017ekandis, turtingas sveikatai nauding\u0173 riebal\u0173, skaidul\u0173, vitamin\u0173 ir mineral\u0173.","breadcrumb":{"@id":"https:\/\/www.biopapa.de\/lt\/producte\/ekologiskos-kokosu-riekeles\/#breadcrumb"},"inLanguage":"lt-LT","potentialAction":[{"@type":"ReadAction","target":["https:\/\/www.biopapa.de\/lt\/producte\/ekologiskos-kokosu-riekeles\/"]}]},{"@type":"ImageObject","inLanguage":"lt-LT","@id":"https:\/\/www.biopapa.de\/lt\/producte\/ekologiskos-kokosu-riekeles\/#primaryimage","url":"https:\/\/www.biopapa.de\/wp-content\/uploads\/2021\/08\/779A0136.jpg","contentUrl":"https:\/\/www.biopapa.de\/wp-content\/uploads\/2021\/08\/779A0136.jpg","width":800,"height":640,"caption":"Ekologi\u0161kos kokos\u0173 riekel\u0117s (RAW)"},{"@type":"BreadcrumbList","@id":"https:\/\/www.biopapa.de\/lt\/producte\/ekologiskos-kokosu-riekeles\/#breadcrumb","itemListElement":[{"@type":"ListItem","position":1,"name":"Home","item":"https:\/\/www.biopapa.de\/lt\/"},{"@type":"ListItem","position":2,"name":"Parduotuv\u0117","item":"https:\/\/www.biopapa.de\/parduotuve\/"},{"@type":"ListItem","position":3,"name":"Ekologi\u0161kos kokos\u0173 riekel\u0117s (RAW)"}]},{"@type":"WebSite","@id":"https:\/\/www.biopapa.de\/lt\/#website","url":"https:\/\/www.biopapa.de\/lt\/","name":"Biopapa","description":"\u0160var\u016bs ekologi\u0161ki produktai","publisher":{"@id":"https:\/\/www.biopapa.de\/lt\/#organization"},"potentialAction":[{"@type":"SearchAction","target":{"@type":"EntryPoint","urlTemplate":"https:\/\/www.biopapa.de\/lt\/?s={search_term_string}"},"query-input":{"@type":"PropertyValueSpecification","valueRequired":true,"valueName":"search_term_string"}}],"inLanguage":"lt-LT"},{"@type":"Organization","@id":"https:\/\/www.biopapa.de\/lt\/#organization","name":"Biopapa","url":"https:\/\/www.biopapa.de\/lt\/","logo":{"@type":"ImageObject","inLanguage":"lt-LT","@id":"https:\/\/www.biopapa.de\/lt\/#\/schema\/logo\/image\/","url":"https:\/\/www.biopapa.lt\/wp-content\/uploads\/2022\/04\/facebook_biopapa.jpg","contentUrl":"https:\/\/www.biopapa.lt\/wp-content\/uploads\/2022\/04\/facebook_biopapa.jpg","width":1733,"height":907,"caption":"Biopapa"},"image":{"@id":"https:\/\/www.biopapa.de\/lt\/#\/schema\/logo\/image\/"},"sameAs":["https:\/\/www.facebook.com\/biopapa.lt"]}]}},"_links":{"self":[{"href":"https:\/\/www.biopapa.de\/lt\/wp-json\/wp\/v2\/product\/13861","targetHints":{"allow":["GET"]}}],"collection":[{"href":"https:\/\/www.biopapa.de\/lt\/wp-json\/wp\/v2\/product"}],"about":[{"href":"https:\/\/www.biopapa.de\/lt\/wp-json\/wp\/v2\/types\/product"}],"wp:featuredmedia":[{"embeddable":true,"href":"https:\/\/www.biopapa.de\/lt\/wp-json\/wp\/v2\/media\/14513"}],"wp:attachment":[{"href":"https:\/\/www.biopapa.de\/lt\/wp-json\/wp\/v2\/media?parent=13861"}],"wp:term":[{"taxonomy":"product_brand","embeddable":true,"href":"https:\/\/www.biopapa.de\/lt\/wp-json\/wp\/v2\/product_brand?post=13861"},{"taxonomy":"product_cat","embeddable":true,"href":"https:\/\/www.biopapa.de\/lt\/wp-json\/wp\/v2\/product_cat?post=13861"},{"taxonomy":"product_tag","embeddable":true,"href":"https:\/\/www.biopapa.de\/lt\/wp-json\/wp\/v2\/product_tag?post=13861"}],"curies":[{"name":"wp","href":"https:\/\/api.w.org\/{rel}","templated":true}]}}