{"id":13875,"date":"2021-07-28T10:47:04","date_gmt":"2021-07-28T07:47:04","guid":{"rendered":"https:\/\/www.biopapa.lt\/?post_type=product&#038;p=13875"},"modified":"2026-03-16T14:25:19","modified_gmt":"2026-03-16T12:25:19","slug":"ekologiskos-dziovintos-datules","status":"publish","type":"product","link":"https:\/\/www.biopapa.de\/lt\/producte\/ekologiskos-dziovintos-datules\/","title":{"rendered":"Ekologi\u0161kos datul\u0117s Deglet Nour be kauliuk\u0173 (d\u017eiovintos)"},"content":{"rendered":"<p><strong>Ekologi\u0161kos datul\u0117s Deglet Nour be kauliuk\u0173 (d\u017eiovintos)<\/strong><br \/>\nDeglet Nour datul\u0117s, vadinamos \u201evis\u0173 datuli\u0173 karaliene\u201c, buvo auginamos \u0161imtme\u010dius \u0160iaur\u0117s Afrikoje, ypa\u010d Al\u017eyre ir Tunise, kur jas vertino senov\u0117s arab\u0173 prekybininkai d\u0117l didel\u0117s energin\u0117s vert\u0117s ir ilgo galiojimo laiko. Istori\u0161kai jos buvo svarbus maisto \u0161altinis dykum\u0173 keliautojams ir kariams, suteikdamos nat\u016brali\u0173 cukr\u0173, skaidul\u0173 bei mineral\u0173. Jos da\u017enai vartojamos kaip u\u017ekandis, dedamos \u012f kokteilius, kepinius ar naudojamos pikanti\u0161kuose patiekaluose, pavyzd\u017eiui, tad\u017einas (tagine) ir salotos.<\/p>\n<p>Nors n\u0117ra grie\u017etai nustatytos doz\u0117s, rekomenduojama per dien\u0105 suvalgyti 3\u20135 datules, kad b\u016bt\u0173 pasiektas optimali nauda organizmui be per didelio cukraus suvartojimo.<\/p>\n<p>D\u017eiovintos datul\u0117s \u2013 skanus priedas \u012f pusrytines ko\u0161es, glotnu\u010dius, blynus ir kepinius. Jas taip pat galima naudoti kaip \u012fdar\u0105, pavyzd\u017eiui \u012fdaryti sojos kepsnelius.<br \/>\nD\u017eiovintas datules taip pat galima naudoti kaip nat\u016bral\u0173 saldikl\u012f.<\/p>\n<p><em>PASTABA. \u010cia pateikta informacija negali b\u016bti interpretuojama kaip gydymo ar kitokio pob\u016bd\u017eio sveikatos klausim\u0173 sprendimo rekomendacija. Raginame sprendimus, susijusius su asmenine sveikata, priimti asmeni\u0161kai, \u012fvertinus \u012fvairius informacijos \u0161altinius.<\/em><\/p>\n","protected":false},"excerpt":{"rendered":"<p>Ekologi\u0161kos datul\u0117s Deglet Nour be kauliuk\u0173 (d\u017eiovintos) Deglet Nour datul\u0117s, vadinamos \u201evis\u0173 datuli\u0173 karaliene\u201c, buvo auginamos \u0161imtme\u010dius \u0160iaur\u0117s Afrikoje, ypa\u010d<\/p>\n","protected":false},"featured_media":15036,"template":"","meta":{"_acf_changed":false},"product_brand":[],"product_cat":[1934,1228],"product_tag":[1381,1636,1378],"class_list":{"0":"post-13875","1":"product","2":"type-product","3":"status-publish","4":"has-post-thumbnail","6":"product_cat-dziovinti-vaisiai","7":"product_cat-ekologiski-dziovinti-vaisiai-uogos-darzoves","8":"product_tag-be-pridetinio-cukraus","9":"product_tag-skaidulu-saltinis","10":"product_tag-veganams","11":"pa_svoris-1-kg","12":"pa_svoris-100-g","13":"pa_svoris-200-g","14":"pa_svoris-300-g","15":"pa_svoris-400-g","16":"pa_svoris-5-kg","17":"pa_svoris-500-g","19":"first","20":"instock","21":"shipping-taxable","22":"purchasable","23":"product-type-variable"},"acf":[],"yoast_head":"<!-- This site is optimized with the Yoast SEO plugin v27.5 - https:\/\/yoast.com\/product\/yoast-seo-wordpress\/ -->\n<title>Ekologi\u0161kos datul\u0117s Deglet Nour be kauliuk\u0173 (d\u017eiovintos) - Biopapa<\/title>\n<meta name=\"description\" content=\"Deglet Nour datules, vadinamas \u201evis\u0173 datuli\u0173 karaliene\u201c, vertino senov\u0117s arab\u0173 prekybininkai d\u0117l didel\u0117s energin\u0117s vert\u0117s ir ilgo galiojimo laiko. Istori\u0161kai jos buvo svarbus maisto \u0161altinis dykum\u0173 keliautojams ir kariams.\" \/>\n<meta name=\"robots\" content=\"index, follow, max-snippet:-1, max-image-preview:large, max-video-preview:-1\" \/>\n<link rel=\"canonical\" href=\"https:\/\/www.biopapa.de\/lt\/producte\/ekologiskos-dziovintos-datules\/\" \/>\n<meta property=\"og:locale\" content=\"lt_LT\" \/>\n<meta property=\"og:type\" content=\"article\" \/>\n<meta property=\"og:title\" content=\"Ekologi\u0161kos datul\u0117s Deglet Nour be kauliuk\u0173 (d\u017eiovintos) - Biopapa\" \/>\n<meta property=\"og:description\" content=\"Deglet Nour datules, vadinamas \u201evis\u0173 datuli\u0173 karaliene\u201c, vertino senov\u0117s arab\u0173 prekybininkai d\u0117l didel\u0117s energin\u0117s vert\u0117s ir ilgo galiojimo laiko. Istori\u0161kai jos buvo svarbus maisto \u0161altinis dykum\u0173 keliautojams ir kariams.\" \/>\n<meta property=\"og:url\" content=\"https:\/\/www.biopapa.de\/lt\/producte\/ekologiskos-dziovintos-datules\/\" \/>\n<meta property=\"og:site_name\" content=\"Biopapa\" \/>\n<meta property=\"article:publisher\" content=\"https:\/\/www.facebook.com\/biopapa.lt\" \/>\n<meta property=\"article:modified_time\" content=\"2026-03-16T12:25:19+00:00\" \/>\n<meta property=\"og:image\" content=\"https:\/\/www.biopapa.de\/wp-content\/uploads\/2021\/09\/779A1432.jpg\" \/>\n\t<meta property=\"og:image:width\" content=\"800\" \/>\n\t<meta property=\"og:image:height\" content=\"640\" \/>\n\t<meta property=\"og:image:type\" content=\"image\/jpeg\" \/>\n<meta name=\"twitter:card\" content=\"summary_large_image\" \/>\n<script type=\"application\/ld+json\" class=\"yoast-schema-graph\">{\"@context\":\"https:\\\/\\\/schema.org\",\"@graph\":[{\"@type\":\"WebPage\",\"@id\":\"https:\\\/\\\/www.biopapa.de\\\/lt\\\/producte\\\/ekologiskos-dziovintos-datules\\\/\",\"url\":\"https:\\\/\\\/www.biopapa.de\\\/lt\\\/producte\\\/ekologiskos-dziovintos-datules\\\/\",\"name\":\"Ekologi\u0161kos datul\u0117s Deglet Nour be kauliuk\u0173 (d\u017eiovintos) - Biopapa\",\"isPartOf\":{\"@id\":\"https:\\\/\\\/www.biopapa.de\\\/lt\\\/#website\"},\"primaryImageOfPage\":{\"@id\":\"https:\\\/\\\/www.biopapa.de\\\/lt\\\/producte\\\/ekologiskos-dziovintos-datules\\\/#primaryimage\"},\"image\":{\"@id\":\"https:\\\/\\\/www.biopapa.de\\\/lt\\\/producte\\\/ekologiskos-dziovintos-datules\\\/#primaryimage\"},\"thumbnailUrl\":\"https:\\\/\\\/www.biopapa.de\\\/wp-content\\\/uploads\\\/2021\\\/09\\\/779A1432.jpg\",\"datePublished\":\"2021-07-28T07:47:04+00:00\",\"dateModified\":\"2026-03-16T12:25:19+00:00\",\"description\":\"Deglet Nour datules, vadinamas \u201evis\u0173 datuli\u0173 karaliene\u201c, vertino senov\u0117s arab\u0173 prekybininkai d\u0117l didel\u0117s energin\u0117s vert\u0117s ir ilgo galiojimo laiko. Istori\u0161kai jos buvo svarbus maisto \u0161altinis dykum\u0173 keliautojams ir kariams.\",\"breadcrumb\":{\"@id\":\"https:\\\/\\\/www.biopapa.de\\\/lt\\\/producte\\\/ekologiskos-dziovintos-datules\\\/#breadcrumb\"},\"inLanguage\":\"lt-LT\",\"potentialAction\":[{\"@type\":\"ReadAction\",\"target\":[\"https:\\\/\\\/www.biopapa.de\\\/lt\\\/producte\\\/ekologiskos-dziovintos-datules\\\/\"]}]},{\"@type\":\"ImageObject\",\"inLanguage\":\"lt-LT\",\"@id\":\"https:\\\/\\\/www.biopapa.de\\\/lt\\\/producte\\\/ekologiskos-dziovintos-datules\\\/#primaryimage\",\"url\":\"https:\\\/\\\/www.biopapa.de\\\/wp-content\\\/uploads\\\/2021\\\/09\\\/779A1432.jpg\",\"contentUrl\":\"https:\\\/\\\/www.biopapa.de\\\/wp-content\\\/uploads\\\/2021\\\/09\\\/779A1432.jpg\",\"width\":800,\"height\":640,\"caption\":\"Ekologi\u0161kos datul\u0117s Deglet Nour be kauliuk\u0173 (d\u017eiovintos)\"},{\"@type\":\"BreadcrumbList\",\"@id\":\"https:\\\/\\\/www.biopapa.de\\\/lt\\\/producte\\\/ekologiskos-dziovintos-datules\\\/#breadcrumb\",\"itemListElement\":[{\"@type\":\"ListItem\",\"position\":1,\"name\":\"Home\",\"item\":\"https:\\\/\\\/www.biopapa.de\\\/lt\\\/\"},{\"@type\":\"ListItem\",\"position\":2,\"name\":\"Parduotuv\u0117\",\"item\":\"https:\\\/\\\/www.biopapa.de\\\/parduotuve\\\/\"},{\"@type\":\"ListItem\",\"position\":3,\"name\":\"Ekologi\u0161kos datul\u0117s Deglet Nour be kauliuk\u0173 (d\u017eiovintos)\"}]},{\"@type\":\"WebSite\",\"@id\":\"https:\\\/\\\/www.biopapa.de\\\/lt\\\/#website\",\"url\":\"https:\\\/\\\/www.biopapa.de\\\/lt\\\/\",\"name\":\"Biopapa\",\"description\":\"\u0160var\u016bs ekologi\u0161ki produktai\",\"publisher\":{\"@id\":\"https:\\\/\\\/www.biopapa.de\\\/lt\\\/#organization\"},\"potentialAction\":[{\"@type\":\"SearchAction\",\"target\":{\"@type\":\"EntryPoint\",\"urlTemplate\":\"https:\\\/\\\/www.biopapa.de\\\/lt\\\/?s={search_term_string}\"},\"query-input\":{\"@type\":\"PropertyValueSpecification\",\"valueRequired\":true,\"valueName\":\"search_term_string\"}}],\"inLanguage\":\"lt-LT\"},{\"@type\":\"Organization\",\"@id\":\"https:\\\/\\\/www.biopapa.de\\\/lt\\\/#organization\",\"name\":\"Biopapa\",\"url\":\"https:\\\/\\\/www.biopapa.de\\\/lt\\\/\",\"logo\":{\"@type\":\"ImageObject\",\"inLanguage\":\"lt-LT\",\"@id\":\"https:\\\/\\\/www.biopapa.de\\\/lt\\\/#\\\/schema\\\/logo\\\/image\\\/\",\"url\":\"https:\\\/\\\/www.biopapa.lt\\\/wp-content\\\/uploads\\\/2022\\\/04\\\/facebook_biopapa.jpg\",\"contentUrl\":\"https:\\\/\\\/www.biopapa.lt\\\/wp-content\\\/uploads\\\/2022\\\/04\\\/facebook_biopapa.jpg\",\"width\":1733,\"height\":907,\"caption\":\"Biopapa\"},\"image\":{\"@id\":\"https:\\\/\\\/www.biopapa.de\\\/lt\\\/#\\\/schema\\\/logo\\\/image\\\/\"},\"sameAs\":[\"https:\\\/\\\/www.facebook.com\\\/biopapa.lt\"]}]}<\/script>\n<!-- \/ Yoast SEO plugin. -->","yoast_head_json":{"title":"Ekologi\u0161kos datul\u0117s Deglet Nour be kauliuk\u0173 (d\u017eiovintos) - Biopapa","description":"Deglet Nour datules, vadinamas \u201evis\u0173 datuli\u0173 karaliene\u201c, vertino senov\u0117s arab\u0173 prekybininkai d\u0117l didel\u0117s energin\u0117s vert\u0117s ir ilgo galiojimo laiko. Istori\u0161kai jos buvo svarbus maisto \u0161altinis dykum\u0173 keliautojams ir kariams.","robots":{"index":"index","follow":"follow","max-snippet":"max-snippet:-1","max-image-preview":"max-image-preview:large","max-video-preview":"max-video-preview:-1"},"canonical":"https:\/\/www.biopapa.de\/lt\/producte\/ekologiskos-dziovintos-datules\/","og_locale":"lt_LT","og_type":"article","og_title":"Ekologi\u0161kos datul\u0117s Deglet Nour be kauliuk\u0173 (d\u017eiovintos) - Biopapa","og_description":"Deglet Nour datules, vadinamas \u201evis\u0173 datuli\u0173 karaliene\u201c, vertino senov\u0117s arab\u0173 prekybininkai d\u0117l didel\u0117s energin\u0117s vert\u0117s ir ilgo galiojimo laiko. Istori\u0161kai jos buvo svarbus maisto \u0161altinis dykum\u0173 keliautojams ir kariams.","og_url":"https:\/\/www.biopapa.de\/lt\/producte\/ekologiskos-dziovintos-datules\/","og_site_name":"Biopapa","article_publisher":"https:\/\/www.facebook.com\/biopapa.lt","article_modified_time":"2026-03-16T12:25:19+00:00","og_image":[{"width":800,"height":640,"url":"https:\/\/www.biopapa.de\/wp-content\/uploads\/2021\/09\/779A1432.jpg","type":"image\/jpeg"}],"twitter_card":"summary_large_image","schema":{"@context":"https:\/\/schema.org","@graph":[{"@type":"WebPage","@id":"https:\/\/www.biopapa.de\/lt\/producte\/ekologiskos-dziovintos-datules\/","url":"https:\/\/www.biopapa.de\/lt\/producte\/ekologiskos-dziovintos-datules\/","name":"Ekologi\u0161kos datul\u0117s Deglet Nour be kauliuk\u0173 (d\u017eiovintos) - Biopapa","isPartOf":{"@id":"https:\/\/www.biopapa.de\/lt\/#website"},"primaryImageOfPage":{"@id":"https:\/\/www.biopapa.de\/lt\/producte\/ekologiskos-dziovintos-datules\/#primaryimage"},"image":{"@id":"https:\/\/www.biopapa.de\/lt\/producte\/ekologiskos-dziovintos-datules\/#primaryimage"},"thumbnailUrl":"https:\/\/www.biopapa.de\/wp-content\/uploads\/2021\/09\/779A1432.jpg","datePublished":"2021-07-28T07:47:04+00:00","dateModified":"2026-03-16T12:25:19+00:00","description":"Deglet Nour datules, vadinamas \u201evis\u0173 datuli\u0173 karaliene\u201c, vertino senov\u0117s arab\u0173 prekybininkai d\u0117l didel\u0117s energin\u0117s vert\u0117s ir ilgo galiojimo laiko. Istori\u0161kai jos buvo svarbus maisto \u0161altinis dykum\u0173 keliautojams ir kariams.","breadcrumb":{"@id":"https:\/\/www.biopapa.de\/lt\/producte\/ekologiskos-dziovintos-datules\/#breadcrumb"},"inLanguage":"lt-LT","potentialAction":[{"@type":"ReadAction","target":["https:\/\/www.biopapa.de\/lt\/producte\/ekologiskos-dziovintos-datules\/"]}]},{"@type":"ImageObject","inLanguage":"lt-LT","@id":"https:\/\/www.biopapa.de\/lt\/producte\/ekologiskos-dziovintos-datules\/#primaryimage","url":"https:\/\/www.biopapa.de\/wp-content\/uploads\/2021\/09\/779A1432.jpg","contentUrl":"https:\/\/www.biopapa.de\/wp-content\/uploads\/2021\/09\/779A1432.jpg","width":800,"height":640,"caption":"Ekologi\u0161kos datul\u0117s Deglet Nour be kauliuk\u0173 (d\u017eiovintos)"},{"@type":"BreadcrumbList","@id":"https:\/\/www.biopapa.de\/lt\/producte\/ekologiskos-dziovintos-datules\/#breadcrumb","itemListElement":[{"@type":"ListItem","position":1,"name":"Home","item":"https:\/\/www.biopapa.de\/lt\/"},{"@type":"ListItem","position":2,"name":"Parduotuv\u0117","item":"https:\/\/www.biopapa.de\/parduotuve\/"},{"@type":"ListItem","position":3,"name":"Ekologi\u0161kos datul\u0117s Deglet Nour be kauliuk\u0173 (d\u017eiovintos)"}]},{"@type":"WebSite","@id":"https:\/\/www.biopapa.de\/lt\/#website","url":"https:\/\/www.biopapa.de\/lt\/","name":"Biopapa","description":"\u0160var\u016bs ekologi\u0161ki produktai","publisher":{"@id":"https:\/\/www.biopapa.de\/lt\/#organization"},"potentialAction":[{"@type":"SearchAction","target":{"@type":"EntryPoint","urlTemplate":"https:\/\/www.biopapa.de\/lt\/?s={search_term_string}"},"query-input":{"@type":"PropertyValueSpecification","valueRequired":true,"valueName":"search_term_string"}}],"inLanguage":"lt-LT"},{"@type":"Organization","@id":"https:\/\/www.biopapa.de\/lt\/#organization","name":"Biopapa","url":"https:\/\/www.biopapa.de\/lt\/","logo":{"@type":"ImageObject","inLanguage":"lt-LT","@id":"https:\/\/www.biopapa.de\/lt\/#\/schema\/logo\/image\/","url":"https:\/\/www.biopapa.lt\/wp-content\/uploads\/2022\/04\/facebook_biopapa.jpg","contentUrl":"https:\/\/www.biopapa.lt\/wp-content\/uploads\/2022\/04\/facebook_biopapa.jpg","width":1733,"height":907,"caption":"Biopapa"},"image":{"@id":"https:\/\/www.biopapa.de\/lt\/#\/schema\/logo\/image\/"},"sameAs":["https:\/\/www.facebook.com\/biopapa.lt"]}]}},"_links":{"self":[{"href":"https:\/\/www.biopapa.de\/lt\/wp-json\/wp\/v2\/product\/13875","targetHints":{"allow":["GET"]}}],"collection":[{"href":"https:\/\/www.biopapa.de\/lt\/wp-json\/wp\/v2\/product"}],"about":[{"href":"https:\/\/www.biopapa.de\/lt\/wp-json\/wp\/v2\/types\/product"}],"wp:featuredmedia":[{"embeddable":true,"href":"https:\/\/www.biopapa.de\/lt\/wp-json\/wp\/v2\/media\/15036"}],"wp:attachment":[{"href":"https:\/\/www.biopapa.de\/lt\/wp-json\/wp\/v2\/media?parent=13875"}],"wp:term":[{"taxonomy":"product_brand","embeddable":true,"href":"https:\/\/www.biopapa.de\/lt\/wp-json\/wp\/v2\/product_brand?post=13875"},{"taxonomy":"product_cat","embeddable":true,"href":"https:\/\/www.biopapa.de\/lt\/wp-json\/wp\/v2\/product_cat?post=13875"},{"taxonomy":"product_tag","embeddable":true,"href":"https:\/\/www.biopapa.de\/lt\/wp-json\/wp\/v2\/product_tag?post=13875"}],"curies":[{"name":"wp","href":"https:\/\/api.w.org\/{rel}","templated":true}]}}