{"id":13897,"date":"2021-07-28T10:54:03","date_gmt":"2021-07-28T07:54:03","guid":{"rendered":"https:\/\/www.biopapa.lt\/?post_type=product&#038;p=13897"},"modified":"2026-02-09T12:48:00","modified_gmt":"2026-02-09T10:48:00","slug":"ekologiskos-razinos","status":"publish","type":"product","link":"https:\/\/www.biopapa.de\/lt\/producte\/ekologiskos-razinos\/","title":{"rendered":"Ekologi\u0161kos razinos SULTANA"},"content":{"rendered":"<p>Razinos Sultana, pagamintos i\u0161 d\u017eiovint\u0173 bes\u0117kli\u0173 vynuogi\u0173, yra turtingos nat\u016bralaus cukraus, skaidul\u0173 ir svarbi\u0173 maistini\u0173 med\u017eiag\u0173, toki\u0173 kaip kalis, gele\u017eis ir antioksidantai. Teigiama, kad jos palaiko vir\u0161kinim\u0105, gerina \u0161irdies sveikat\u0105 ma\u017eindamos blogojo cholesterolio kiek\u012f ir suteikia greitos energijos, tod\u0117l yra populiarus u\u017ekandis. Sultanos galimai skatina odos sveikat\u0105 ir stiprina kaulus.<br \/>\nJos yra universalios ir gali b\u016bti naudojamos kepimui, gaminimui, salotoms, dribsniams arba kaip saldus u\u017ekandis, tod\u0117l yra patogus ir maistingas papildymas subalansuotai mitybai.<\/p>\n<p>Per didelis vartojimas gali sukelti svorio augim\u0105 d\u0117l didelio kalorij\u0173 ir cukraus kiekio, o jautriems \u017emon\u0117ms \u2013 vir\u0161kinimo sutrikim\u0173.<br \/>\nRekomenduojama dienos razin\u0173 doz\u0117 yra apie 30\u201340 gram\u0173 (ma\u017edaug nedidel\u0117 saujel\u0117). \u0160is kiekis suteikia subalansuot\u0105 maistini\u0173 med\u017eiag\u0173 ir energijos kiek\u012f, nevir\u0161ijant cukraus ar kalorij\u0173 normos. Ta\u010diau tikslus kiekis gali skirtis priklausomai nuo individuali\u0173 mitybos poreiki\u0173, fizinio aktyvumo lygio ir sveikatos b\u016bkl\u0117s, pavyzd\u017eiui, sergant diabetu ar siekiant kontroliuoti svor\u012f. Svarbiausia \u2013 saikingumas, kad gal\u0117tum\u0117te m\u0117gautis razin\u0173 nauda, i\u0161vengiant galim\u0173 neigiam\u0173 pasekmi\u0173.<\/p>\n<p><em>PASTABA. \u010cia pateikta informacija negali b\u016bti interpretuojama kaip gydymo ar kitokio pob\u016bd\u017eio sveikatos klausim\u0173 sprendimo rekomendacija.<\/em><br \/>\n<em>Raginame sprendimus, susijusius su asmenine sveikata, priimti asmeni\u0161kai, \u012fvertinus \u012fvairius informacijos \u0161altinius.<\/em><\/p>\n","protected":false},"excerpt":{"rendered":"<p>Razinos Sultana, pagamintos i\u0161 d\u017eiovint\u0173 bes\u0117kli\u0173 vynuogi\u0173, yra turtingos nat\u016bralaus cukraus, skaidul\u0173 ir svarbi\u0173 maistini\u0173 med\u017eiag\u0173, toki\u0173 kaip kalis, gele\u017eis<\/p>\n","protected":false},"featured_media":15037,"template":"","meta":{"_acf_changed":false},"product_brand":[],"product_cat":[1934,1228],"product_tag":[1381,1378],"class_list":{"0":"post-13897","1":"product","2":"type-product","3":"status-publish","4":"has-post-thumbnail","6":"product_cat-dziovinti-vaisiai","7":"product_cat-ekologiski-dziovinti-vaisiai-uogos-darzoves","8":"product_tag-be-pridetinio-cukraus","9":"product_tag-veganams","10":"pa_svoris-1-kg","11":"pa_svoris-100-g","12":"pa_svoris-200-g","13":"pa_svoris-25-kg","14":"pa_svoris-300-g","15":"pa_svoris-400-g","16":"pa_svoris-500-g","18":"first","19":"instock","20":"shipping-taxable","21":"purchasable","22":"product-type-variable"},"acf":[],"yoast_head":"<!-- This site is optimized with the Yoast SEO plugin v27.5 - https:\/\/yoast.com\/product\/yoast-seo-wordpress\/ -->\n<title>Ekologi\u0161kos razinos SULTANA - Biopapa<\/title>\n<meta name=\"description\" content=\"Razinos Sultana yra universalios ir gali b\u016bti naudojamos kepimui, gaminimui, salotoms, dribsniams arba kaip saldus u\u017ekandis, tod\u0117l yra patogus ir maistingas papildymas subalansuotai mitybai.\" \/>\n<meta name=\"robots\" content=\"index, follow, max-snippet:-1, max-image-preview:large, max-video-preview:-1\" \/>\n<link rel=\"canonical\" href=\"https:\/\/www.biopapa.de\/lt\/producte\/ekologiskos-razinos\/\" \/>\n<meta property=\"og:locale\" content=\"lt_LT\" \/>\n<meta property=\"og:type\" content=\"article\" \/>\n<meta property=\"og:title\" content=\"Ekologi\u0161kos razinos SULTANA - Biopapa\" \/>\n<meta property=\"og:description\" content=\"Razinos Sultana yra universalios ir gali b\u016bti naudojamos kepimui, gaminimui, salotoms, dribsniams arba kaip saldus u\u017ekandis, tod\u0117l yra patogus ir maistingas papildymas subalansuotai mitybai.\" \/>\n<meta property=\"og:url\" content=\"https:\/\/www.biopapa.de\/lt\/producte\/ekologiskos-razinos\/\" \/>\n<meta property=\"og:site_name\" content=\"Biopapa\" \/>\n<meta property=\"article:publisher\" content=\"https:\/\/www.facebook.com\/biopapa.lt\" \/>\n<meta property=\"article:modified_time\" content=\"2026-02-09T10:48:00+00:00\" \/>\n<meta property=\"og:image\" content=\"https:\/\/www.biopapa.de\/wp-content\/uploads\/2021\/09\/779A1434.jpg\" \/>\n\t<meta property=\"og:image:width\" content=\"800\" \/>\n\t<meta property=\"og:image:height\" content=\"640\" \/>\n\t<meta property=\"og:image:type\" content=\"image\/jpeg\" \/>\n<meta name=\"twitter:card\" content=\"summary_large_image\" \/>\n<script type=\"application\/ld+json\" class=\"yoast-schema-graph\">{\"@context\":\"https:\\\/\\\/schema.org\",\"@graph\":[{\"@type\":\"WebPage\",\"@id\":\"https:\\\/\\\/www.biopapa.de\\\/lt\\\/producte\\\/ekologiskos-razinos\\\/\",\"url\":\"https:\\\/\\\/www.biopapa.de\\\/lt\\\/producte\\\/ekologiskos-razinos\\\/\",\"name\":\"Ekologi\u0161kos razinos SULTANA - Biopapa\",\"isPartOf\":{\"@id\":\"https:\\\/\\\/www.biopapa.de\\\/lt\\\/#website\"},\"primaryImageOfPage\":{\"@id\":\"https:\\\/\\\/www.biopapa.de\\\/lt\\\/producte\\\/ekologiskos-razinos\\\/#primaryimage\"},\"image\":{\"@id\":\"https:\\\/\\\/www.biopapa.de\\\/lt\\\/producte\\\/ekologiskos-razinos\\\/#primaryimage\"},\"thumbnailUrl\":\"https:\\\/\\\/www.biopapa.de\\\/wp-content\\\/uploads\\\/2021\\\/09\\\/779A1434.jpg\",\"datePublished\":\"2021-07-28T07:54:03+00:00\",\"dateModified\":\"2026-02-09T10:48:00+00:00\",\"description\":\"Razinos Sultana yra universalios ir gali b\u016bti naudojamos kepimui, gaminimui, salotoms, dribsniams arba kaip saldus u\u017ekandis, tod\u0117l yra patogus ir maistingas papildymas subalansuotai mitybai.\",\"breadcrumb\":{\"@id\":\"https:\\\/\\\/www.biopapa.de\\\/lt\\\/producte\\\/ekologiskos-razinos\\\/#breadcrumb\"},\"inLanguage\":\"lt-LT\",\"potentialAction\":[{\"@type\":\"ReadAction\",\"target\":[\"https:\\\/\\\/www.biopapa.de\\\/lt\\\/producte\\\/ekologiskos-razinos\\\/\"]}]},{\"@type\":\"ImageObject\",\"inLanguage\":\"lt-LT\",\"@id\":\"https:\\\/\\\/www.biopapa.de\\\/lt\\\/producte\\\/ekologiskos-razinos\\\/#primaryimage\",\"url\":\"https:\\\/\\\/www.biopapa.de\\\/wp-content\\\/uploads\\\/2021\\\/09\\\/779A1434.jpg\",\"contentUrl\":\"https:\\\/\\\/www.biopapa.de\\\/wp-content\\\/uploads\\\/2021\\\/09\\\/779A1434.jpg\",\"width\":800,\"height\":640,\"caption\":\"Ekologi\u0161kos razinos\"},{\"@type\":\"BreadcrumbList\",\"@id\":\"https:\\\/\\\/www.biopapa.de\\\/lt\\\/producte\\\/ekologiskos-razinos\\\/#breadcrumb\",\"itemListElement\":[{\"@type\":\"ListItem\",\"position\":1,\"name\":\"Home\",\"item\":\"https:\\\/\\\/www.biopapa.de\\\/lt\\\/\"},{\"@type\":\"ListItem\",\"position\":2,\"name\":\"Parduotuv\u0117\",\"item\":\"https:\\\/\\\/www.biopapa.de\\\/parduotuve\\\/\"},{\"@type\":\"ListItem\",\"position\":3,\"name\":\"Ekologi\u0161kos razinos SULTANA\"}]},{\"@type\":\"WebSite\",\"@id\":\"https:\\\/\\\/www.biopapa.de\\\/lt\\\/#website\",\"url\":\"https:\\\/\\\/www.biopapa.de\\\/lt\\\/\",\"name\":\"Biopapa\",\"description\":\"\u0160var\u016bs ekologi\u0161ki produktai\",\"publisher\":{\"@id\":\"https:\\\/\\\/www.biopapa.de\\\/lt\\\/#organization\"},\"potentialAction\":[{\"@type\":\"SearchAction\",\"target\":{\"@type\":\"EntryPoint\",\"urlTemplate\":\"https:\\\/\\\/www.biopapa.de\\\/lt\\\/?s={search_term_string}\"},\"query-input\":{\"@type\":\"PropertyValueSpecification\",\"valueRequired\":true,\"valueName\":\"search_term_string\"}}],\"inLanguage\":\"lt-LT\"},{\"@type\":\"Organization\",\"@id\":\"https:\\\/\\\/www.biopapa.de\\\/lt\\\/#organization\",\"name\":\"Biopapa\",\"url\":\"https:\\\/\\\/www.biopapa.de\\\/lt\\\/\",\"logo\":{\"@type\":\"ImageObject\",\"inLanguage\":\"lt-LT\",\"@id\":\"https:\\\/\\\/www.biopapa.de\\\/lt\\\/#\\\/schema\\\/logo\\\/image\\\/\",\"url\":\"https:\\\/\\\/www.biopapa.lt\\\/wp-content\\\/uploads\\\/2022\\\/04\\\/facebook_biopapa.jpg\",\"contentUrl\":\"https:\\\/\\\/www.biopapa.lt\\\/wp-content\\\/uploads\\\/2022\\\/04\\\/facebook_biopapa.jpg\",\"width\":1733,\"height\":907,\"caption\":\"Biopapa\"},\"image\":{\"@id\":\"https:\\\/\\\/www.biopapa.de\\\/lt\\\/#\\\/schema\\\/logo\\\/image\\\/\"},\"sameAs\":[\"https:\\\/\\\/www.facebook.com\\\/biopapa.lt\"]}]}<\/script>\n<!-- \/ Yoast SEO plugin. -->","yoast_head_json":{"title":"Ekologi\u0161kos razinos SULTANA - Biopapa","description":"Razinos Sultana yra universalios ir gali b\u016bti naudojamos kepimui, gaminimui, salotoms, dribsniams arba kaip saldus u\u017ekandis, tod\u0117l yra patogus ir maistingas papildymas subalansuotai mitybai.","robots":{"index":"index","follow":"follow","max-snippet":"max-snippet:-1","max-image-preview":"max-image-preview:large","max-video-preview":"max-video-preview:-1"},"canonical":"https:\/\/www.biopapa.de\/lt\/producte\/ekologiskos-razinos\/","og_locale":"lt_LT","og_type":"article","og_title":"Ekologi\u0161kos razinos SULTANA - Biopapa","og_description":"Razinos Sultana yra universalios ir gali b\u016bti naudojamos kepimui, gaminimui, salotoms, dribsniams arba kaip saldus u\u017ekandis, tod\u0117l yra patogus ir maistingas papildymas subalansuotai mitybai.","og_url":"https:\/\/www.biopapa.de\/lt\/producte\/ekologiskos-razinos\/","og_site_name":"Biopapa","article_publisher":"https:\/\/www.facebook.com\/biopapa.lt","article_modified_time":"2026-02-09T10:48:00+00:00","og_image":[{"width":800,"height":640,"url":"https:\/\/www.biopapa.de\/wp-content\/uploads\/2021\/09\/779A1434.jpg","type":"image\/jpeg"}],"twitter_card":"summary_large_image","schema":{"@context":"https:\/\/schema.org","@graph":[{"@type":"WebPage","@id":"https:\/\/www.biopapa.de\/lt\/producte\/ekologiskos-razinos\/","url":"https:\/\/www.biopapa.de\/lt\/producte\/ekologiskos-razinos\/","name":"Ekologi\u0161kos razinos SULTANA - Biopapa","isPartOf":{"@id":"https:\/\/www.biopapa.de\/lt\/#website"},"primaryImageOfPage":{"@id":"https:\/\/www.biopapa.de\/lt\/producte\/ekologiskos-razinos\/#primaryimage"},"image":{"@id":"https:\/\/www.biopapa.de\/lt\/producte\/ekologiskos-razinos\/#primaryimage"},"thumbnailUrl":"https:\/\/www.biopapa.de\/wp-content\/uploads\/2021\/09\/779A1434.jpg","datePublished":"2021-07-28T07:54:03+00:00","dateModified":"2026-02-09T10:48:00+00:00","description":"Razinos Sultana yra universalios ir gali b\u016bti naudojamos kepimui, gaminimui, salotoms, dribsniams arba kaip saldus u\u017ekandis, tod\u0117l yra patogus ir maistingas papildymas subalansuotai mitybai.","breadcrumb":{"@id":"https:\/\/www.biopapa.de\/lt\/producte\/ekologiskos-razinos\/#breadcrumb"},"inLanguage":"lt-LT","potentialAction":[{"@type":"ReadAction","target":["https:\/\/www.biopapa.de\/lt\/producte\/ekologiskos-razinos\/"]}]},{"@type":"ImageObject","inLanguage":"lt-LT","@id":"https:\/\/www.biopapa.de\/lt\/producte\/ekologiskos-razinos\/#primaryimage","url":"https:\/\/www.biopapa.de\/wp-content\/uploads\/2021\/09\/779A1434.jpg","contentUrl":"https:\/\/www.biopapa.de\/wp-content\/uploads\/2021\/09\/779A1434.jpg","width":800,"height":640,"caption":"Ekologi\u0161kos razinos"},{"@type":"BreadcrumbList","@id":"https:\/\/www.biopapa.de\/lt\/producte\/ekologiskos-razinos\/#breadcrumb","itemListElement":[{"@type":"ListItem","position":1,"name":"Home","item":"https:\/\/www.biopapa.de\/lt\/"},{"@type":"ListItem","position":2,"name":"Parduotuv\u0117","item":"https:\/\/www.biopapa.de\/parduotuve\/"},{"@type":"ListItem","position":3,"name":"Ekologi\u0161kos razinos SULTANA"}]},{"@type":"WebSite","@id":"https:\/\/www.biopapa.de\/lt\/#website","url":"https:\/\/www.biopapa.de\/lt\/","name":"Biopapa","description":"\u0160var\u016bs ekologi\u0161ki produktai","publisher":{"@id":"https:\/\/www.biopapa.de\/lt\/#organization"},"potentialAction":[{"@type":"SearchAction","target":{"@type":"EntryPoint","urlTemplate":"https:\/\/www.biopapa.de\/lt\/?s={search_term_string}"},"query-input":{"@type":"PropertyValueSpecification","valueRequired":true,"valueName":"search_term_string"}}],"inLanguage":"lt-LT"},{"@type":"Organization","@id":"https:\/\/www.biopapa.de\/lt\/#organization","name":"Biopapa","url":"https:\/\/www.biopapa.de\/lt\/","logo":{"@type":"ImageObject","inLanguage":"lt-LT","@id":"https:\/\/www.biopapa.de\/lt\/#\/schema\/logo\/image\/","url":"https:\/\/www.biopapa.lt\/wp-content\/uploads\/2022\/04\/facebook_biopapa.jpg","contentUrl":"https:\/\/www.biopapa.lt\/wp-content\/uploads\/2022\/04\/facebook_biopapa.jpg","width":1733,"height":907,"caption":"Biopapa"},"image":{"@id":"https:\/\/www.biopapa.de\/lt\/#\/schema\/logo\/image\/"},"sameAs":["https:\/\/www.facebook.com\/biopapa.lt"]}]}},"_links":{"self":[{"href":"https:\/\/www.biopapa.de\/lt\/wp-json\/wp\/v2\/product\/13897","targetHints":{"allow":["GET"]}}],"collection":[{"href":"https:\/\/www.biopapa.de\/lt\/wp-json\/wp\/v2\/product"}],"about":[{"href":"https:\/\/www.biopapa.de\/lt\/wp-json\/wp\/v2\/types\/product"}],"wp:featuredmedia":[{"embeddable":true,"href":"https:\/\/www.biopapa.de\/lt\/wp-json\/wp\/v2\/media\/15037"}],"wp:attachment":[{"href":"https:\/\/www.biopapa.de\/lt\/wp-json\/wp\/v2\/media?parent=13897"}],"wp:term":[{"taxonomy":"product_brand","embeddable":true,"href":"https:\/\/www.biopapa.de\/lt\/wp-json\/wp\/v2\/product_brand?post=13897"},{"taxonomy":"product_cat","embeddable":true,"href":"https:\/\/www.biopapa.de\/lt\/wp-json\/wp\/v2\/product_cat?post=13897"},{"taxonomy":"product_tag","embeddable":true,"href":"https:\/\/www.biopapa.de\/lt\/wp-json\/wp\/v2\/product_tag?post=13897"}],"curies":[{"name":"wp","href":"https:\/\/api.w.org\/{rel}","templated":true}]}}