{"id":13904,"date":"2021-07-28T16:18:58","date_gmt":"2021-07-28T13:18:58","guid":{"rendered":"https:\/\/www.biopapa.lt\/?post_type=product&#038;p=13904"},"modified":"2026-02-06T15:08:07","modified_gmt":"2026-02-06T13:08:07","slug":"ekologiskas-maltas-kuminas","status":"publish","type":"product","link":"https:\/\/www.biopapa.de\/lt\/producte\/ekologiskas-maltas-kuminas\/","title":{"rendered":"Ekologi\u0161kas maltas kuminas"},"content":{"rendered":"<p><strong>Ekologi\u0161kas maltas kuminas<br \/>\n<\/strong>Nuo a\u0161tri\u0173 lotyni\u0161k\u0173 patiekal\u0173 iki pikanti\u0161k\u0173 Indijos ir Artim\u0173j\u0173 Ryt\u0173 virtuv\u0117s \u2013 kuminas neturi sien\u0173. Nors tai ma\u017ea, paprasta s\u0117kla, ji pasi\u017eymi ypatingu skoniu, kuris puikiai papildo \u012fvairius patiekalus. Nuo kario iki s\u016bri\u0173 bei pada\u017e\u0173 \u2013 kuminas yra daugelio tarptautini\u0173 m\u0117gstamiausi\u0173 patiekal\u0173 pagrindas ir yra pla\u010diai m\u0117giamas visame pasaulyje.<\/p>\n<p>Kumino s\u0117klos (Cuminum cyminum) yra viena geriausi\u0173 prieskoni\u0173, palaikan\u010di\u0173 sveik\u0105 vir\u0161kinim\u0105. Indijoje, jo sanskrito pavadinimas pa\u017eod\u017eiui rei\u0161kia \u201eskatina vir\u0161kinim\u0105\u201c. Teigiama, kad kuminas ne tik suteikia maistui skon\u012f, bet ir skatina vir\u0161kinimo ugn\u012f, galimai skatina sveik\u0105 pasisavinim\u0105 ir pa\u0161alina toksinus i\u0161 vir\u0161kinimo trakto.<\/p>\n<p>Kuminas da\u017enai apib\u016bdinami kaip pasi\u017eymintis stipriu skoniu, \u0161iltu ir \u017eemi\u0161ku, a\u0161traus kartaus saldaus aromato ir lengv\u0173 citrusini\u0173 atspalvi\u0173. Kuminas paprastai lyginamas su kmynais kaip \u0161iek tiek a\u0161tresn\u0117 alternatyva.<br \/>\nNors spalva ir skonis skirtinguose regionuose skiriasi, kumino skoniui ma\u017eiau \u012ftakos turi kilm\u0117, o daugiau \u2013 aliejaus kiekis. Kuo didesnis aliejaus kiekis, tuo kvapnesnis kuminas.<br \/>\nKmyn\u0173 s\u0117kl\u0173 eterinio aliejaus kiekis svyruoja nuo 2 iki 5%, mes gauname auk\u0161\u010diausios kokyb\u0117s s\u0117klas, kuri\u0173 kiekis svyruoja nuo 3 iki 5%, kad b\u016bt\u0173 u\u017etikrintas intensyvus skonis.<br \/>\nSvarbu pa\u017eym\u0117ti, kad kuminas turi b\u016bti laikomas sandariai u\u017edarytas ir apsaugotas nuo dr\u0117gm\u0117s.<\/p>\n<p><em>PASTABA. \u010cia pateikta informacija negali b\u016bti interpretuojama kaip gydymo ar kitokio pob\u016bd\u017eio sveikatos klausim\u0173 sprendimo rekomendacija. Raginame sprendimus, susijusius su asmenine sveikata, priimti asmeni\u0161kai, \u012fvertinus \u012fvairius informacijos \u0161altinius.<\/em><\/p>\n","protected":false},"excerpt":{"rendered":"<p>Ekologi\u0161kas maltas kuminas Nuo a\u0161tri\u0173 lotyni\u0161k\u0173 patiekal\u0173 iki pikanti\u0161k\u0173 Indijos ir Artim\u0173j\u0173 Ryt\u0173 virtuv\u0117s \u2013 kuminas neturi sien\u0173. Nors tai<\/p>\n","protected":false},"featured_media":14560,"template":"","meta":{"_acf_changed":false},"product_brand":[],"product_cat":[1315],"product_tag":[1378,1382],"class_list":{"0":"post-13904","1":"product","2":"type-product","3":"status-publish","4":"has-post-thumbnail","6":"product_cat-ekologiski-prieskoniai","7":"product_tag-veganams","8":"product_tag-zaliavalgiams","9":"pa_svoris-1-kg","10":"pa_svoris-100-g","11":"pa_svoris-200-g","12":"pa_svoris-25-g","13":"pa_svoris-300-g","14":"pa_svoris-400-g","15":"pa_svoris-50-g","16":"pa_svoris-500-g","18":"first","19":"instock","20":"shipping-taxable","21":"purchasable","22":"product-type-variable"},"acf":[],"yoast_head":"<!-- This site is optimized with the Yoast SEO plugin v27.4 - https:\/\/yoast.com\/product\/yoast-seo-wordpress\/ -->\n<title>Ekologi\u0161kas maltas kuminas - Biopapa<\/title>\n<meta name=\"description\" content=\"Kuminas da\u017enai apib\u016bdinami kaip pasi\u017eymintis stipriu skoniu, \u0161iltu ir \u017eemi\u0161ku, a\u0161traus kartaus saldaus aromato ir lengv\u0173 citrusini\u0173 atspalvi\u0173. Kuminas paprastai lyginamas su kmynais kaip \u0161iek tiek a\u0161tresn\u0117 alternatyva.\" \/>\n<meta name=\"robots\" content=\"index, follow, max-snippet:-1, max-image-preview:large, max-video-preview:-1\" \/>\n<link rel=\"canonical\" href=\"https:\/\/www.biopapa.de\/lt\/producte\/ekologiskas-maltas-kuminas\/\" \/>\n<meta property=\"og:locale\" content=\"lt_LT\" \/>\n<meta property=\"og:type\" content=\"article\" \/>\n<meta property=\"og:title\" content=\"Ekologi\u0161kas maltas kuminas - Biopapa\" \/>\n<meta property=\"og:description\" content=\"Kuminas da\u017enai apib\u016bdinami kaip pasi\u017eymintis stipriu skoniu, \u0161iltu ir \u017eemi\u0161ku, a\u0161traus kartaus saldaus aromato ir lengv\u0173 citrusini\u0173 atspalvi\u0173. Kuminas paprastai lyginamas su kmynais kaip \u0161iek tiek a\u0161tresn\u0117 alternatyva.\" \/>\n<meta property=\"og:url\" content=\"https:\/\/www.biopapa.de\/lt\/producte\/ekologiskas-maltas-kuminas\/\" \/>\n<meta property=\"og:site_name\" content=\"Biopapa\" \/>\n<meta property=\"article:publisher\" content=\"https:\/\/www.facebook.com\/biopapa.lt\" \/>\n<meta property=\"article:modified_time\" content=\"2026-02-06T13:08:07+00:00\" \/>\n<meta property=\"og:image\" content=\"https:\/\/www.biopapa.de\/wp-content\/uploads\/2021\/08\/779A1355.jpg\" \/>\n\t<meta property=\"og:image:width\" content=\"800\" \/>\n\t<meta property=\"og:image:height\" content=\"640\" \/>\n\t<meta property=\"og:image:type\" content=\"image\/jpeg\" \/>\n<meta name=\"twitter:card\" content=\"summary_large_image\" \/>\n<meta name=\"twitter:label1\" content=\"Est. reading time\" \/>\n\t<meta name=\"twitter:data1\" content=\"1 minut\u0117\" \/>\n<script type=\"application\/ld+json\" class=\"yoast-schema-graph\">{\"@context\":\"https:\\\/\\\/schema.org\",\"@graph\":[{\"@type\":\"WebPage\",\"@id\":\"https:\\\/\\\/www.biopapa.de\\\/lt\\\/producte\\\/ekologiskas-maltas-kuminas\\\/\",\"url\":\"https:\\\/\\\/www.biopapa.de\\\/lt\\\/producte\\\/ekologiskas-maltas-kuminas\\\/\",\"name\":\"Ekologi\u0161kas maltas kuminas - Biopapa\",\"isPartOf\":{\"@id\":\"https:\\\/\\\/www.biopapa.de\\\/lt\\\/#website\"},\"primaryImageOfPage\":{\"@id\":\"https:\\\/\\\/www.biopapa.de\\\/lt\\\/producte\\\/ekologiskas-maltas-kuminas\\\/#primaryimage\"},\"image\":{\"@id\":\"https:\\\/\\\/www.biopapa.de\\\/lt\\\/producte\\\/ekologiskas-maltas-kuminas\\\/#primaryimage\"},\"thumbnailUrl\":\"https:\\\/\\\/www.biopapa.de\\\/wp-content\\\/uploads\\\/2021\\\/08\\\/779A1355.jpg\",\"datePublished\":\"2021-07-28T13:18:58+00:00\",\"dateModified\":\"2026-02-06T13:08:07+00:00\",\"description\":\"Kuminas da\u017enai apib\u016bdinami kaip pasi\u017eymintis stipriu skoniu, \u0161iltu ir \u017eemi\u0161ku, a\u0161traus kartaus saldaus aromato ir lengv\u0173 citrusini\u0173 atspalvi\u0173. Kuminas paprastai lyginamas su kmynais kaip \u0161iek tiek a\u0161tresn\u0117 alternatyva.\",\"breadcrumb\":{\"@id\":\"https:\\\/\\\/www.biopapa.de\\\/lt\\\/producte\\\/ekologiskas-maltas-kuminas\\\/#breadcrumb\"},\"inLanguage\":\"lt-LT\",\"potentialAction\":[{\"@type\":\"ReadAction\",\"target\":[\"https:\\\/\\\/www.biopapa.de\\\/lt\\\/producte\\\/ekologiskas-maltas-kuminas\\\/\"]}]},{\"@type\":\"ImageObject\",\"inLanguage\":\"lt-LT\",\"@id\":\"https:\\\/\\\/www.biopapa.de\\\/lt\\\/producte\\\/ekologiskas-maltas-kuminas\\\/#primaryimage\",\"url\":\"https:\\\/\\\/www.biopapa.de\\\/wp-content\\\/uploads\\\/2021\\\/08\\\/779A1355.jpg\",\"contentUrl\":\"https:\\\/\\\/www.biopapa.de\\\/wp-content\\\/uploads\\\/2021\\\/08\\\/779A1355.jpg\",\"width\":800,\"height\":640,\"caption\":\"Ekologi\u0161kas maltas kuminas RAW\"},{\"@type\":\"BreadcrumbList\",\"@id\":\"https:\\\/\\\/www.biopapa.de\\\/lt\\\/producte\\\/ekologiskas-maltas-kuminas\\\/#breadcrumb\",\"itemListElement\":[{\"@type\":\"ListItem\",\"position\":1,\"name\":\"Home\",\"item\":\"https:\\\/\\\/www.biopapa.de\\\/lt\\\/\"},{\"@type\":\"ListItem\",\"position\":2,\"name\":\"Parduotuv\u0117\",\"item\":\"https:\\\/\\\/www.biopapa.de\\\/parduotuve\\\/\"},{\"@type\":\"ListItem\",\"position\":3,\"name\":\"Ekologi\u0161kas maltas kuminas\"}]},{\"@type\":\"WebSite\",\"@id\":\"https:\\\/\\\/www.biopapa.de\\\/lt\\\/#website\",\"url\":\"https:\\\/\\\/www.biopapa.de\\\/lt\\\/\",\"name\":\"Biopapa\",\"description\":\"\u0160var\u016bs ekologi\u0161ki produktai\",\"publisher\":{\"@id\":\"https:\\\/\\\/www.biopapa.de\\\/lt\\\/#organization\"},\"potentialAction\":[{\"@type\":\"SearchAction\",\"target\":{\"@type\":\"EntryPoint\",\"urlTemplate\":\"https:\\\/\\\/www.biopapa.de\\\/lt\\\/?s={search_term_string}\"},\"query-input\":{\"@type\":\"PropertyValueSpecification\",\"valueRequired\":true,\"valueName\":\"search_term_string\"}}],\"inLanguage\":\"lt-LT\"},{\"@type\":\"Organization\",\"@id\":\"https:\\\/\\\/www.biopapa.de\\\/lt\\\/#organization\",\"name\":\"Biopapa\",\"url\":\"https:\\\/\\\/www.biopapa.de\\\/lt\\\/\",\"logo\":{\"@type\":\"ImageObject\",\"inLanguage\":\"lt-LT\",\"@id\":\"https:\\\/\\\/www.biopapa.de\\\/lt\\\/#\\\/schema\\\/logo\\\/image\\\/\",\"url\":\"https:\\\/\\\/www.biopapa.lt\\\/wp-content\\\/uploads\\\/2022\\\/04\\\/facebook_biopapa.jpg\",\"contentUrl\":\"https:\\\/\\\/www.biopapa.lt\\\/wp-content\\\/uploads\\\/2022\\\/04\\\/facebook_biopapa.jpg\",\"width\":1733,\"height\":907,\"caption\":\"Biopapa\"},\"image\":{\"@id\":\"https:\\\/\\\/www.biopapa.de\\\/lt\\\/#\\\/schema\\\/logo\\\/image\\\/\"},\"sameAs\":[\"https:\\\/\\\/www.facebook.com\\\/biopapa.lt\"]}]}<\/script>\n<!-- \/ Yoast SEO plugin. -->","yoast_head_json":{"title":"Ekologi\u0161kas maltas kuminas - Biopapa","description":"Kuminas da\u017enai apib\u016bdinami kaip pasi\u017eymintis stipriu skoniu, \u0161iltu ir \u017eemi\u0161ku, a\u0161traus kartaus saldaus aromato ir lengv\u0173 citrusini\u0173 atspalvi\u0173. Kuminas paprastai lyginamas su kmynais kaip \u0161iek tiek a\u0161tresn\u0117 alternatyva.","robots":{"index":"index","follow":"follow","max-snippet":"max-snippet:-1","max-image-preview":"max-image-preview:large","max-video-preview":"max-video-preview:-1"},"canonical":"https:\/\/www.biopapa.de\/lt\/producte\/ekologiskas-maltas-kuminas\/","og_locale":"lt_LT","og_type":"article","og_title":"Ekologi\u0161kas maltas kuminas - Biopapa","og_description":"Kuminas da\u017enai apib\u016bdinami kaip pasi\u017eymintis stipriu skoniu, \u0161iltu ir \u017eemi\u0161ku, a\u0161traus kartaus saldaus aromato ir lengv\u0173 citrusini\u0173 atspalvi\u0173. Kuminas paprastai lyginamas su kmynais kaip \u0161iek tiek a\u0161tresn\u0117 alternatyva.","og_url":"https:\/\/www.biopapa.de\/lt\/producte\/ekologiskas-maltas-kuminas\/","og_site_name":"Biopapa","article_publisher":"https:\/\/www.facebook.com\/biopapa.lt","article_modified_time":"2026-02-06T13:08:07+00:00","og_image":[{"width":800,"height":640,"url":"https:\/\/www.biopapa.de\/wp-content\/uploads\/2021\/08\/779A1355.jpg","type":"image\/jpeg"}],"twitter_card":"summary_large_image","twitter_misc":{"Est. reading time":"1 minut\u0117"},"schema":{"@context":"https:\/\/schema.org","@graph":[{"@type":"WebPage","@id":"https:\/\/www.biopapa.de\/lt\/producte\/ekologiskas-maltas-kuminas\/","url":"https:\/\/www.biopapa.de\/lt\/producte\/ekologiskas-maltas-kuminas\/","name":"Ekologi\u0161kas maltas kuminas - Biopapa","isPartOf":{"@id":"https:\/\/www.biopapa.de\/lt\/#website"},"primaryImageOfPage":{"@id":"https:\/\/www.biopapa.de\/lt\/producte\/ekologiskas-maltas-kuminas\/#primaryimage"},"image":{"@id":"https:\/\/www.biopapa.de\/lt\/producte\/ekologiskas-maltas-kuminas\/#primaryimage"},"thumbnailUrl":"https:\/\/www.biopapa.de\/wp-content\/uploads\/2021\/08\/779A1355.jpg","datePublished":"2021-07-28T13:18:58+00:00","dateModified":"2026-02-06T13:08:07+00:00","description":"Kuminas da\u017enai apib\u016bdinami kaip pasi\u017eymintis stipriu skoniu, \u0161iltu ir \u017eemi\u0161ku, a\u0161traus kartaus saldaus aromato ir lengv\u0173 citrusini\u0173 atspalvi\u0173. Kuminas paprastai lyginamas su kmynais kaip \u0161iek tiek a\u0161tresn\u0117 alternatyva.","breadcrumb":{"@id":"https:\/\/www.biopapa.de\/lt\/producte\/ekologiskas-maltas-kuminas\/#breadcrumb"},"inLanguage":"lt-LT","potentialAction":[{"@type":"ReadAction","target":["https:\/\/www.biopapa.de\/lt\/producte\/ekologiskas-maltas-kuminas\/"]}]},{"@type":"ImageObject","inLanguage":"lt-LT","@id":"https:\/\/www.biopapa.de\/lt\/producte\/ekologiskas-maltas-kuminas\/#primaryimage","url":"https:\/\/www.biopapa.de\/wp-content\/uploads\/2021\/08\/779A1355.jpg","contentUrl":"https:\/\/www.biopapa.de\/wp-content\/uploads\/2021\/08\/779A1355.jpg","width":800,"height":640,"caption":"Ekologi\u0161kas maltas kuminas RAW"},{"@type":"BreadcrumbList","@id":"https:\/\/www.biopapa.de\/lt\/producte\/ekologiskas-maltas-kuminas\/#breadcrumb","itemListElement":[{"@type":"ListItem","position":1,"name":"Home","item":"https:\/\/www.biopapa.de\/lt\/"},{"@type":"ListItem","position":2,"name":"Parduotuv\u0117","item":"https:\/\/www.biopapa.de\/parduotuve\/"},{"@type":"ListItem","position":3,"name":"Ekologi\u0161kas maltas kuminas"}]},{"@type":"WebSite","@id":"https:\/\/www.biopapa.de\/lt\/#website","url":"https:\/\/www.biopapa.de\/lt\/","name":"Biopapa","description":"\u0160var\u016bs ekologi\u0161ki produktai","publisher":{"@id":"https:\/\/www.biopapa.de\/lt\/#organization"},"potentialAction":[{"@type":"SearchAction","target":{"@type":"EntryPoint","urlTemplate":"https:\/\/www.biopapa.de\/lt\/?s={search_term_string}"},"query-input":{"@type":"PropertyValueSpecification","valueRequired":true,"valueName":"search_term_string"}}],"inLanguage":"lt-LT"},{"@type":"Organization","@id":"https:\/\/www.biopapa.de\/lt\/#organization","name":"Biopapa","url":"https:\/\/www.biopapa.de\/lt\/","logo":{"@type":"ImageObject","inLanguage":"lt-LT","@id":"https:\/\/www.biopapa.de\/lt\/#\/schema\/logo\/image\/","url":"https:\/\/www.biopapa.lt\/wp-content\/uploads\/2022\/04\/facebook_biopapa.jpg","contentUrl":"https:\/\/www.biopapa.lt\/wp-content\/uploads\/2022\/04\/facebook_biopapa.jpg","width":1733,"height":907,"caption":"Biopapa"},"image":{"@id":"https:\/\/www.biopapa.de\/lt\/#\/schema\/logo\/image\/"},"sameAs":["https:\/\/www.facebook.com\/biopapa.lt"]}]}},"_links":{"self":[{"href":"https:\/\/www.biopapa.de\/lt\/wp-json\/wp\/v2\/product\/13904","targetHints":{"allow":["GET"]}}],"collection":[{"href":"https:\/\/www.biopapa.de\/lt\/wp-json\/wp\/v2\/product"}],"about":[{"href":"https:\/\/www.biopapa.de\/lt\/wp-json\/wp\/v2\/types\/product"}],"wp:featuredmedia":[{"embeddable":true,"href":"https:\/\/www.biopapa.de\/lt\/wp-json\/wp\/v2\/media\/14560"}],"wp:attachment":[{"href":"https:\/\/www.biopapa.de\/lt\/wp-json\/wp\/v2\/media?parent=13904"}],"wp:term":[{"taxonomy":"product_brand","embeddable":true,"href":"https:\/\/www.biopapa.de\/lt\/wp-json\/wp\/v2\/product_brand?post=13904"},{"taxonomy":"product_cat","embeddable":true,"href":"https:\/\/www.biopapa.de\/lt\/wp-json\/wp\/v2\/product_cat?post=13904"},{"taxonomy":"product_tag","embeddable":true,"href":"https:\/\/www.biopapa.de\/lt\/wp-json\/wp\/v2\/product_tag?post=13904"}],"curies":[{"name":"wp","href":"https:\/\/api.w.org\/{rel}","templated":true}]}}