{"id":13920,"date":"2021-07-28T17:14:50","date_gmt":"2021-07-28T14:14:50","guid":{"rendered":"https:\/\/www.biopapa.lt\/?post_type=product&#038;p=13920"},"modified":"2026-03-17T12:52:36","modified_gmt":"2026-03-17T10:52:36","slug":"ekologiski-malti-juodieji-pipirai","status":"publish","type":"product","link":"https:\/\/www.biopapa.de\/lt\/producte\/ekologiski-malti-juodieji-pipirai\/","title":{"rendered":"Ekologi\u0161ki malti juodieji pipirai"},"content":{"rendered":"<p><strong>Ekologi\u0161ki malti juodieji pipirai<\/strong><br \/>\nJuodasis pipiras, kil\u0119s i\u0161 Indijos, yra pagrindinis prieskonis jau t\u016bkstan\u010dius met\u0173. Senov\u0117je jis buvo labai vertinamas, netgi naudojamas kaip valiuta. \u017dinomas d\u0117l savo ry\u0161kaus a\u0161traus skonio, juodasis pipiras turi aktyv\u0173j\u012f jungin\u012f piperin\u0105, kuris suteikia daugyb\u0119 sveikatai nauding\u0173 savybi\u0173. Jis turi antioksidacini\u0173 savybi\u0173, padedan\u010di\u0173 kovoti su laisvosiomis radikalais, gerina vir\u0161kinim\u0105 stimuliuodamas vir\u0161kinimo fermentus ir padeda geriau \u012fsisavinti maistines med\u017eiagas. Teigiama, kad jis gali pad\u0117ti numesti svorio, palaikyti smegen\u0173 sveikat\u0105 ir tur\u0117ti antibakterini\u0173 savybi\u0173, taip prisidedant prie bendros gerov\u0117s.<br \/>\nKulinarijoje juodasis pipiras yra universalus prieskonis, naudojamas daugelyje patiekal\u0173 visame pasaulyje, tiek malto, tiek sveiko pavidalo. Jis gali b\u016bti naudojamas s\u016briuose patiekaluose, g\u0117rimuose, tokiuose kaip prieskonin\u0117 arbata, arba \u012ftraukiamas \u012f \u017eolinius mi\u0161inius skirtus sveikatai gerinti.<br \/>\nJuodieji pipirai ne tik suteikia a\u0161tresn\u012f skon\u012f, bet ir pary\u0161kina kiekvieno produkto skon\u012f bei kvap\u0105, tod\u0117l j\u0173 dedama beveik \u012f visus patiekalus, net ir desertus. Jais gardinamos visos salotos, dar\u017eovi\u0173 sriubos, net bra\u0161k\u0117s ar ananasai. Pipir\u0173 dedama ruo\u0161iant marinatus, kepant, verdant ar tiesiog barstoma ant paruo\u0161to patiekalo. Kvapn\u016bs malti juodieji pipirai pagardins patiekalus ir sustiprins skon\u012f.<\/p>\n<p>Nors n\u0117ra nustatyto rekomenduojamo kasdienio vartojimo kiekio, paprastai saugu naudoti 1\/4 &#8211; 1\/2 \u0161auk\u0161telio per valg\u012f.<br \/>\nNors juodasis pipiras yra saugus daugumai \u017emoni\u0173, tie, kurie vartoja vaistus arba turi jautrum\u0105, tur\u0117t\u0173 b\u016bti atsarg\u016bs prie\u0161 didinant suvartojam\u0105 kiek\u012f.<\/p>\n<p><em>PASTABA. \u010cia pateikta informacija negali b\u016bti interpretuojama kaip gydymo ar kitokio pob\u016bd\u017eio sveikatos klausim\u0173 sprendimo rekomendacija.<\/em><br \/>\n<em>Raginame sprendimus, susijusius su asmenine sveikata, priimti asmeni\u0161kai, \u012fvertinus \u012fvairius informacijos \u0161altinius.<\/em><\/p>\n","protected":false},"excerpt":{"rendered":"<p>Ekologi\u0161ki malti juodieji pipirai Juodasis pipiras, kil\u0119s i\u0161 Indijos, yra pagrindinis prieskonis jau t\u016bkstan\u010dius met\u0173. Senov\u0117je jis buvo labai vertinamas,<\/p>\n","protected":false},"featured_media":14556,"template":"","meta":{"_acf_changed":false},"product_brand":[],"product_cat":[1315],"product_tag":[2822,2773,2642],"class_list":{"0":"post-13920","1":"product","2":"type-product","3":"status-publish","4":"has-post-thumbnail","6":"product_cat-ekologiski-prieskoniai","7":"product_tag-bio","8":"product_tag-fur-rohkostlern","9":"product_tag-fuer-veganer-lt","10":"pa_svoris-1-kg","11":"pa_svoris-100-g","12":"pa_svoris-200-g","13":"pa_svoris-25-g","14":"pa_svoris-25-kg","15":"pa_svoris-300-g","16":"pa_svoris-400-g","17":"pa_svoris-50-g","18":"pa_svoris-500-g","20":"first","21":"instock","22":"shipping-taxable","23":"purchasable","24":"product-type-variable"},"acf":[],"yoast_head":"<!-- This site is optimized with the Yoast SEO plugin v27.5 - https:\/\/yoast.com\/product\/yoast-seo-wordpress\/ -->\n<title>Ekologi\u0161ki malti juodieji pipirai - Biopapa<\/title>\n<meta name=\"description\" content=\"Juodieji pipirai ne tik suteikia a\u0161tresn\u012f skon\u012f, bet ir pary\u0161kina kiekvieno produkto skon\u012f bei kvap\u0105, tod\u0117l j\u0173 dedama beveik \u012f visus patiekalus, net ir desertus.\" \/>\n<meta name=\"robots\" content=\"index, follow, max-snippet:-1, max-image-preview:large, max-video-preview:-1\" \/>\n<link rel=\"canonical\" href=\"https:\/\/www.biopapa.de\/lt\/producte\/ekologiski-malti-juodieji-pipirai\/\" \/>\n<meta property=\"og:locale\" content=\"lt_LT\" \/>\n<meta property=\"og:type\" content=\"article\" \/>\n<meta property=\"og:title\" content=\"Ekologi\u0161ki malti juodieji pipirai - Biopapa\" \/>\n<meta property=\"og:description\" content=\"Juodieji pipirai ne tik suteikia a\u0161tresn\u012f skon\u012f, bet ir pary\u0161kina kiekvieno produkto skon\u012f bei kvap\u0105, tod\u0117l j\u0173 dedama beveik \u012f visus patiekalus, net ir desertus.\" \/>\n<meta property=\"og:url\" content=\"https:\/\/www.biopapa.de\/lt\/producte\/ekologiski-malti-juodieji-pipirai\/\" \/>\n<meta property=\"og:site_name\" content=\"Biopapa\" \/>\n<meta property=\"article:publisher\" content=\"https:\/\/www.facebook.com\/biopapa.lt\" \/>\n<meta property=\"article:modified_time\" content=\"2026-03-17T10:52:36+00:00\" \/>\n<meta property=\"og:image\" content=\"https:\/\/www.biopapa.de\/wp-content\/uploads\/2021\/08\/779A1350.jpg\" \/>\n\t<meta property=\"og:image:width\" content=\"800\" \/>\n\t<meta property=\"og:image:height\" content=\"640\" \/>\n\t<meta property=\"og:image:type\" content=\"image\/jpeg\" \/>\n<meta name=\"twitter:card\" content=\"summary_large_image\" \/>\n<script type=\"application\/ld+json\" class=\"yoast-schema-graph\">{\"@context\":\"https:\\\/\\\/schema.org\",\"@graph\":[{\"@type\":\"WebPage\",\"@id\":\"https:\\\/\\\/www.biopapa.de\\\/lt\\\/producte\\\/ekologiski-malti-juodieji-pipirai\\\/\",\"url\":\"https:\\\/\\\/www.biopapa.de\\\/lt\\\/producte\\\/ekologiski-malti-juodieji-pipirai\\\/\",\"name\":\"Ekologi\u0161ki malti juodieji pipirai - Biopapa\",\"isPartOf\":{\"@id\":\"https:\\\/\\\/www.biopapa.de\\\/lt\\\/#website\"},\"primaryImageOfPage\":{\"@id\":\"https:\\\/\\\/www.biopapa.de\\\/lt\\\/producte\\\/ekologiski-malti-juodieji-pipirai\\\/#primaryimage\"},\"image\":{\"@id\":\"https:\\\/\\\/www.biopapa.de\\\/lt\\\/producte\\\/ekologiski-malti-juodieji-pipirai\\\/#primaryimage\"},\"thumbnailUrl\":\"https:\\\/\\\/www.biopapa.de\\\/wp-content\\\/uploads\\\/2021\\\/08\\\/779A1350.jpg\",\"datePublished\":\"2021-07-28T14:14:50+00:00\",\"dateModified\":\"2026-03-17T10:52:36+00:00\",\"description\":\"Juodieji pipirai ne tik suteikia a\u0161tresn\u012f skon\u012f, bet ir pary\u0161kina kiekvieno produkto skon\u012f bei kvap\u0105, tod\u0117l j\u0173 dedama beveik \u012f visus patiekalus, net ir desertus.\",\"breadcrumb\":{\"@id\":\"https:\\\/\\\/www.biopapa.de\\\/lt\\\/producte\\\/ekologiski-malti-juodieji-pipirai\\\/#breadcrumb\"},\"inLanguage\":\"lt-LT\",\"potentialAction\":[{\"@type\":\"ReadAction\",\"target\":[\"https:\\\/\\\/www.biopapa.de\\\/lt\\\/producte\\\/ekologiski-malti-juodieji-pipirai\\\/\"]}]},{\"@type\":\"ImageObject\",\"inLanguage\":\"lt-LT\",\"@id\":\"https:\\\/\\\/www.biopapa.de\\\/lt\\\/producte\\\/ekologiski-malti-juodieji-pipirai\\\/#primaryimage\",\"url\":\"https:\\\/\\\/www.biopapa.de\\\/wp-content\\\/uploads\\\/2021\\\/08\\\/779A1350.jpg\",\"contentUrl\":\"https:\\\/\\\/www.biopapa.de\\\/wp-content\\\/uploads\\\/2021\\\/08\\\/779A1350.jpg\",\"width\":800,\"height\":640,\"caption\":\"Ekologi\u0161ki malti juodieji pipirai RAW\"},{\"@type\":\"BreadcrumbList\",\"@id\":\"https:\\\/\\\/www.biopapa.de\\\/lt\\\/producte\\\/ekologiski-malti-juodieji-pipirai\\\/#breadcrumb\",\"itemListElement\":[{\"@type\":\"ListItem\",\"position\":1,\"name\":\"Home\",\"item\":\"https:\\\/\\\/www.biopapa.de\\\/lt\\\/\"},{\"@type\":\"ListItem\",\"position\":2,\"name\":\"Parduotuv\u0117\",\"item\":\"https:\\\/\\\/www.biopapa.de\\\/parduotuve\\\/\"},{\"@type\":\"ListItem\",\"position\":3,\"name\":\"Ekologi\u0161ki malti juodieji pipirai\"}]},{\"@type\":\"WebSite\",\"@id\":\"https:\\\/\\\/www.biopapa.de\\\/lt\\\/#website\",\"url\":\"https:\\\/\\\/www.biopapa.de\\\/lt\\\/\",\"name\":\"Biopapa\",\"description\":\"\u0160var\u016bs ekologi\u0161ki produktai\",\"publisher\":{\"@id\":\"https:\\\/\\\/www.biopapa.de\\\/lt\\\/#organization\"},\"potentialAction\":[{\"@type\":\"SearchAction\",\"target\":{\"@type\":\"EntryPoint\",\"urlTemplate\":\"https:\\\/\\\/www.biopapa.de\\\/lt\\\/?s={search_term_string}\"},\"query-input\":{\"@type\":\"PropertyValueSpecification\",\"valueRequired\":true,\"valueName\":\"search_term_string\"}}],\"inLanguage\":\"lt-LT\"},{\"@type\":\"Organization\",\"@id\":\"https:\\\/\\\/www.biopapa.de\\\/lt\\\/#organization\",\"name\":\"Biopapa\",\"url\":\"https:\\\/\\\/www.biopapa.de\\\/lt\\\/\",\"logo\":{\"@type\":\"ImageObject\",\"inLanguage\":\"lt-LT\",\"@id\":\"https:\\\/\\\/www.biopapa.de\\\/lt\\\/#\\\/schema\\\/logo\\\/image\\\/\",\"url\":\"https:\\\/\\\/www.biopapa.lt\\\/wp-content\\\/uploads\\\/2022\\\/04\\\/facebook_biopapa.jpg\",\"contentUrl\":\"https:\\\/\\\/www.biopapa.lt\\\/wp-content\\\/uploads\\\/2022\\\/04\\\/facebook_biopapa.jpg\",\"width\":1733,\"height\":907,\"caption\":\"Biopapa\"},\"image\":{\"@id\":\"https:\\\/\\\/www.biopapa.de\\\/lt\\\/#\\\/schema\\\/logo\\\/image\\\/\"},\"sameAs\":[\"https:\\\/\\\/www.facebook.com\\\/biopapa.lt\"]}]}<\/script>\n<!-- \/ Yoast SEO plugin. -->","yoast_head_json":{"title":"Ekologi\u0161ki malti juodieji pipirai - Biopapa","description":"Juodieji pipirai ne tik suteikia a\u0161tresn\u012f skon\u012f, bet ir pary\u0161kina kiekvieno produkto skon\u012f bei kvap\u0105, tod\u0117l j\u0173 dedama beveik \u012f visus patiekalus, net ir desertus.","robots":{"index":"index","follow":"follow","max-snippet":"max-snippet:-1","max-image-preview":"max-image-preview:large","max-video-preview":"max-video-preview:-1"},"canonical":"https:\/\/www.biopapa.de\/lt\/producte\/ekologiski-malti-juodieji-pipirai\/","og_locale":"lt_LT","og_type":"article","og_title":"Ekologi\u0161ki malti juodieji pipirai - Biopapa","og_description":"Juodieji pipirai ne tik suteikia a\u0161tresn\u012f skon\u012f, bet ir pary\u0161kina kiekvieno produkto skon\u012f bei kvap\u0105, tod\u0117l j\u0173 dedama beveik \u012f visus patiekalus, net ir desertus.","og_url":"https:\/\/www.biopapa.de\/lt\/producte\/ekologiski-malti-juodieji-pipirai\/","og_site_name":"Biopapa","article_publisher":"https:\/\/www.facebook.com\/biopapa.lt","article_modified_time":"2026-03-17T10:52:36+00:00","og_image":[{"width":800,"height":640,"url":"https:\/\/www.biopapa.de\/wp-content\/uploads\/2021\/08\/779A1350.jpg","type":"image\/jpeg"}],"twitter_card":"summary_large_image","schema":{"@context":"https:\/\/schema.org","@graph":[{"@type":"WebPage","@id":"https:\/\/www.biopapa.de\/lt\/producte\/ekologiski-malti-juodieji-pipirai\/","url":"https:\/\/www.biopapa.de\/lt\/producte\/ekologiski-malti-juodieji-pipirai\/","name":"Ekologi\u0161ki malti juodieji pipirai - Biopapa","isPartOf":{"@id":"https:\/\/www.biopapa.de\/lt\/#website"},"primaryImageOfPage":{"@id":"https:\/\/www.biopapa.de\/lt\/producte\/ekologiski-malti-juodieji-pipirai\/#primaryimage"},"image":{"@id":"https:\/\/www.biopapa.de\/lt\/producte\/ekologiski-malti-juodieji-pipirai\/#primaryimage"},"thumbnailUrl":"https:\/\/www.biopapa.de\/wp-content\/uploads\/2021\/08\/779A1350.jpg","datePublished":"2021-07-28T14:14:50+00:00","dateModified":"2026-03-17T10:52:36+00:00","description":"Juodieji pipirai ne tik suteikia a\u0161tresn\u012f skon\u012f, bet ir pary\u0161kina kiekvieno produkto skon\u012f bei kvap\u0105, tod\u0117l j\u0173 dedama beveik \u012f visus patiekalus, net ir desertus.","breadcrumb":{"@id":"https:\/\/www.biopapa.de\/lt\/producte\/ekologiski-malti-juodieji-pipirai\/#breadcrumb"},"inLanguage":"lt-LT","potentialAction":[{"@type":"ReadAction","target":["https:\/\/www.biopapa.de\/lt\/producte\/ekologiski-malti-juodieji-pipirai\/"]}]},{"@type":"ImageObject","inLanguage":"lt-LT","@id":"https:\/\/www.biopapa.de\/lt\/producte\/ekologiski-malti-juodieji-pipirai\/#primaryimage","url":"https:\/\/www.biopapa.de\/wp-content\/uploads\/2021\/08\/779A1350.jpg","contentUrl":"https:\/\/www.biopapa.de\/wp-content\/uploads\/2021\/08\/779A1350.jpg","width":800,"height":640,"caption":"Ekologi\u0161ki malti juodieji pipirai RAW"},{"@type":"BreadcrumbList","@id":"https:\/\/www.biopapa.de\/lt\/producte\/ekologiski-malti-juodieji-pipirai\/#breadcrumb","itemListElement":[{"@type":"ListItem","position":1,"name":"Home","item":"https:\/\/www.biopapa.de\/lt\/"},{"@type":"ListItem","position":2,"name":"Parduotuv\u0117","item":"https:\/\/www.biopapa.de\/parduotuve\/"},{"@type":"ListItem","position":3,"name":"Ekologi\u0161ki malti juodieji pipirai"}]},{"@type":"WebSite","@id":"https:\/\/www.biopapa.de\/lt\/#website","url":"https:\/\/www.biopapa.de\/lt\/","name":"Biopapa","description":"\u0160var\u016bs ekologi\u0161ki produktai","publisher":{"@id":"https:\/\/www.biopapa.de\/lt\/#organization"},"potentialAction":[{"@type":"SearchAction","target":{"@type":"EntryPoint","urlTemplate":"https:\/\/www.biopapa.de\/lt\/?s={search_term_string}"},"query-input":{"@type":"PropertyValueSpecification","valueRequired":true,"valueName":"search_term_string"}}],"inLanguage":"lt-LT"},{"@type":"Organization","@id":"https:\/\/www.biopapa.de\/lt\/#organization","name":"Biopapa","url":"https:\/\/www.biopapa.de\/lt\/","logo":{"@type":"ImageObject","inLanguage":"lt-LT","@id":"https:\/\/www.biopapa.de\/lt\/#\/schema\/logo\/image\/","url":"https:\/\/www.biopapa.lt\/wp-content\/uploads\/2022\/04\/facebook_biopapa.jpg","contentUrl":"https:\/\/www.biopapa.lt\/wp-content\/uploads\/2022\/04\/facebook_biopapa.jpg","width":1733,"height":907,"caption":"Biopapa"},"image":{"@id":"https:\/\/www.biopapa.de\/lt\/#\/schema\/logo\/image\/"},"sameAs":["https:\/\/www.facebook.com\/biopapa.lt"]}]}},"_links":{"self":[{"href":"https:\/\/www.biopapa.de\/lt\/wp-json\/wp\/v2\/product\/13920","targetHints":{"allow":["GET"]}}],"collection":[{"href":"https:\/\/www.biopapa.de\/lt\/wp-json\/wp\/v2\/product"}],"about":[{"href":"https:\/\/www.biopapa.de\/lt\/wp-json\/wp\/v2\/types\/product"}],"wp:featuredmedia":[{"embeddable":true,"href":"https:\/\/www.biopapa.de\/lt\/wp-json\/wp\/v2\/media\/14556"}],"wp:attachment":[{"href":"https:\/\/www.biopapa.de\/lt\/wp-json\/wp\/v2\/media?parent=13920"}],"wp:term":[{"taxonomy":"product_brand","embeddable":true,"href":"https:\/\/www.biopapa.de\/lt\/wp-json\/wp\/v2\/product_brand?post=13920"},{"taxonomy":"product_cat","embeddable":true,"href":"https:\/\/www.biopapa.de\/lt\/wp-json\/wp\/v2\/product_cat?post=13920"},{"taxonomy":"product_tag","embeddable":true,"href":"https:\/\/www.biopapa.de\/lt\/wp-json\/wp\/v2\/product_tag?post=13920"}],"curies":[{"name":"wp","href":"https:\/\/api.w.org\/{rel}","templated":true}]}}