{"id":14076,"date":"2021-07-29T18:19:39","date_gmt":"2021-07-29T15:19:39","guid":{"rendered":"https:\/\/www.biopapa.lt\/?post_type=product&#038;p=14076"},"modified":"2025-11-24T14:52:19","modified_gmt":"2025-11-24T12:52:19","slug":"ekologiski-zaliosios-spirulinos-milteliai","status":"publish","type":"product","link":"https:\/\/www.biopapa.de\/lt\/producte\/ekologiski-zaliosios-spirulinos-milteliai\/","title":{"rendered":"Ekologi\u0161ki \u017ealiosios spirulinos milteliai"},"content":{"rendered":"<p>Spirulina, daug maistini\u0173 med\u017eiag\u0173 turintys dumbliai, i\u0161populiar\u0117jo kaip supermaistas d\u0117l savo \u012fsp\u016bdingo potencialo sveikatai. Ekologi\u0161ka m\u0117lynoji spirulina ir \u017ealioji spirulina sulauk\u0117 d\u0117mesio ne tik d\u0117l savo naudos sveikatai, bet ir d\u0117l tvari\u0173 auginimo b\u016bd\u0173.<\/p>\n<p>Ekologi\u0161ka \u017ealioji spirulina<br \/>\nChlorofilinas &#8211; \u017dalioji spirulina savo spalv\u0105 gauna i\u0161 chlorofilino, chlorofilo darinio. Chlorofilinas yra \u017einomas d\u0117l savo galim\u0173 detoksikuojan\u010di\u0173 ir antioksidacini\u0173 savybi\u0173.<br \/>\nBaltymai &#8211; Pana\u0161iai kaip m\u0117lynoji spirulina, \u017ealioji spirulina taip pat yra turtinga augalini\u0173 baltym\u0173 \u0161altinis, apr\u016bpinantis visas nepakei\u010diamas aminor\u016bg\u0161tis.<br \/>\nVitaminai &#8211; \u017daliojoje spirulinoje yra vitamin\u0173, toki\u0173 kaip B grup\u0117s vitaminai (B1, B2, B3, B6, B9 ir B12), vitaminas C, vitaminas E ir vitaminas K.<br \/>\nMineralai &#8211; \u017daliojoje spirulinoje gausu b\u016btin\u0173 mineral\u0173, toki\u0173 kaip gele\u017eis, magnis, kalis, kalcis ir cinkas, kurie palaiko bendr\u0105 sveikat\u0105 ir gyvybingum\u0105.<\/p>\n<p>Vartojimas<br \/>\nParos doz\u0117 1\u20136 g, prad\u0117ti vartoti nuo ma\u017eesn\u0117s doz\u0117s ir pama\u017eu didinti.<\/p>\n<p>D\u0117mesio<br \/>\nAlergin\u0117s reakcijos &#8211; asmenys, alergi\u0161ki j\u016bros g\u0117ryb\u0117ms ar dumbliams, gali b\u016bti jautr\u016bs spirulinai, tod\u0117l tur\u0117t\u0173 b\u016bti atsarg\u016bs.<br \/>\nVir\u0161kinimo diskomfortas &#8211; kai kuriais atvejais spirulinos vartojimas gali sukelti lengv\u0173 vir\u0161kinimo problem\u0173. Pradedant nuo nedidelio kiekio ir palaipsniui didinant suvartojim\u0105, gali pad\u0117ti \u012fvertinti tolerancij\u0105.<br \/>\nSergantiems autoimunin\u0117mis ligomis, bei n\u0117\u0161\u010dioms ir \u017eindan\u010dioms moterims nerekomenduojama vartoti spirulinos.<\/p>\n<p>\u0160altiniai:<br \/>\nhttps:\/\/projects.research-and-innovation.ec.europa.eu<br \/>\nhttps:\/\/www.ncbi.nlm.nih.gov<br \/>\nhttps:\/\/www.sciencedirect.com<\/p>\n<p>PASTABA. \u010cia pateikta informacija negali b\u016bti interpretuojama kaip gydymo ar kitokio pob\u016bd\u017eio sveikatos klausim\u0173 sprendimo rekomendacija. Raginame sprendimus, susijusius su asmenine sveikata, priimti asmeni\u0161kai, \u012fvertinus \u012fvairius informacijos \u0161altinius.<\/p>\n","protected":false},"excerpt":{"rendered":"<p>Spirulina, daug maistini\u0173 med\u017eiag\u0173 turintys dumbliai, i\u0161populiar\u0117jo kaip supermaistas d\u0117l savo \u012fsp\u016bdingo potencialo sveikatai. Ekologi\u0161ka m\u0117lynoji spirulina ir \u017ealioji spirulina<\/p>\n","protected":false},"featured_media":14531,"template":"","meta":{"_acf_changed":false},"product_brand":[],"product_cat":[1216,2350,2349],"product_tag":[1433,1380,1378],"class_list":{"0":"post-14076","1":"product","2":"type-product","3":"status-publish","4":"has-post-thumbnail","6":"product_cat-augalinis-supermaistas","7":"product_cat-juros-dumbliai","8":"product_cat-milteliai","9":"product_tag-baltymu-saltinis","10":"product_tag-keto-mityba","11":"product_tag-veganams","12":"pa_svoris-1-kg","13":"pa_svoris-100-g","14":"pa_svoris-200-g","15":"pa_svoris-25-kg","16":"pa_svoris-300-g","17":"pa_svoris-400-g","18":"pa_svoris-50-g","19":"pa_svoris-500-g","21":"first","22":"instock","23":"shipping-taxable","24":"purchasable","25":"product-type-variable"},"acf":[],"yoast_head":"<!-- This site is optimized with the Yoast SEO plugin v27.5 - https:\/\/yoast.com\/product\/yoast-seo-wordpress\/ -->\n<title>Ekologi\u0161ki \u017ealiosios spirulinos milteliai - Biopapa<\/title>\n<meta name=\"description\" content=\"\u017dalioji spirulina savo spalv\u0105 gauna i\u0161 chlorofilino, chlorofilo darinio. Chlorofilinas yra \u017einomas d\u0117l savo galim\u0173 detoksikuojan\u010di\u0173 ir antioksidacini\u0173 savybi\u0173. Spirulina, daug maistini\u0173 med\u017eiag\u0173 turintys dumbliai, i\u0161populiar\u0117jo kaip supermaistas d\u0117l savo \u012fsp\u016bdingo potencialo sveikatai.\" \/>\n<meta name=\"robots\" content=\"index, follow, max-snippet:-1, max-image-preview:large, max-video-preview:-1\" \/>\n<link rel=\"canonical\" href=\"https:\/\/www.biopapa.de\/lt\/producte\/ekologiski-zaliosios-spirulinos-milteliai\/\" \/>\n<meta property=\"og:locale\" content=\"lt_LT\" \/>\n<meta property=\"og:type\" content=\"article\" \/>\n<meta property=\"og:title\" content=\"Ekologi\u0161ki \u017ealiosios spirulinos milteliai - Biopapa\" \/>\n<meta property=\"og:description\" content=\"\u017dalioji spirulina savo spalv\u0105 gauna i\u0161 chlorofilino, chlorofilo darinio. Chlorofilinas yra \u017einomas d\u0117l savo galim\u0173 detoksikuojan\u010di\u0173 ir antioksidacini\u0173 savybi\u0173. Spirulina, daug maistini\u0173 med\u017eiag\u0173 turintys dumbliai, i\u0161populiar\u0117jo kaip supermaistas d\u0117l savo \u012fsp\u016bdingo potencialo sveikatai.\" \/>\n<meta property=\"og:url\" content=\"https:\/\/www.biopapa.de\/lt\/producte\/ekologiski-zaliosios-spirulinos-milteliai\/\" \/>\n<meta property=\"og:site_name\" content=\"Biopapa\" \/>\n<meta property=\"article:publisher\" content=\"https:\/\/www.facebook.com\/biopapa.lt\" \/>\n<meta property=\"article:modified_time\" content=\"2025-11-24T12:52:19+00:00\" \/>\n<meta property=\"og:image\" content=\"https:\/\/www.biopapa.de\/wp-content\/uploads\/2021\/08\/779A1284.jpg\" \/>\n\t<meta property=\"og:image:width\" content=\"800\" \/>\n\t<meta property=\"og:image:height\" content=\"640\" \/>\n\t<meta property=\"og:image:type\" content=\"image\/jpeg\" \/>\n<meta name=\"twitter:card\" content=\"summary_large_image\" \/>\n<meta name=\"twitter:label1\" content=\"Est. reading time\" \/>\n\t<meta name=\"twitter:data1\" content=\"2 minut\u0117s\" \/>\n<script type=\"application\/ld+json\" class=\"yoast-schema-graph\">{\"@context\":\"https:\\\/\\\/schema.org\",\"@graph\":[{\"@type\":\"WebPage\",\"@id\":\"https:\\\/\\\/www.biopapa.de\\\/lt\\\/producte\\\/ekologiski-zaliosios-spirulinos-milteliai\\\/\",\"url\":\"https:\\\/\\\/www.biopapa.de\\\/lt\\\/producte\\\/ekologiski-zaliosios-spirulinos-milteliai\\\/\",\"name\":\"Ekologi\u0161ki \u017ealiosios spirulinos milteliai - Biopapa\",\"isPartOf\":{\"@id\":\"https:\\\/\\\/www.biopapa.de\\\/lt\\\/#website\"},\"primaryImageOfPage\":{\"@id\":\"https:\\\/\\\/www.biopapa.de\\\/lt\\\/producte\\\/ekologiski-zaliosios-spirulinos-milteliai\\\/#primaryimage\"},\"image\":{\"@id\":\"https:\\\/\\\/www.biopapa.de\\\/lt\\\/producte\\\/ekologiski-zaliosios-spirulinos-milteliai\\\/#primaryimage\"},\"thumbnailUrl\":\"https:\\\/\\\/www.biopapa.de\\\/wp-content\\\/uploads\\\/2021\\\/08\\\/779A1284.jpg\",\"datePublished\":\"2021-07-29T15:19:39+00:00\",\"dateModified\":\"2025-11-24T12:52:19+00:00\",\"description\":\"\u017dalioji spirulina savo spalv\u0105 gauna i\u0161 chlorofilino, chlorofilo darinio. Chlorofilinas yra \u017einomas d\u0117l savo galim\u0173 detoksikuojan\u010di\u0173 ir antioksidacini\u0173 savybi\u0173. Spirulina, daug maistini\u0173 med\u017eiag\u0173 turintys dumbliai, i\u0161populiar\u0117jo kaip supermaistas d\u0117l savo \u012fsp\u016bdingo potencialo sveikatai.\",\"breadcrumb\":{\"@id\":\"https:\\\/\\\/www.biopapa.de\\\/lt\\\/producte\\\/ekologiski-zaliosios-spirulinos-milteliai\\\/#breadcrumb\"},\"inLanguage\":\"lt-LT\",\"potentialAction\":[{\"@type\":\"ReadAction\",\"target\":[\"https:\\\/\\\/www.biopapa.de\\\/lt\\\/producte\\\/ekologiski-zaliosios-spirulinos-milteliai\\\/\"]}]},{\"@type\":\"ImageObject\",\"inLanguage\":\"lt-LT\",\"@id\":\"https:\\\/\\\/www.biopapa.de\\\/lt\\\/producte\\\/ekologiski-zaliosios-spirulinos-milteliai\\\/#primaryimage\",\"url\":\"https:\\\/\\\/www.biopapa.de\\\/wp-content\\\/uploads\\\/2021\\\/08\\\/779A1284.jpg\",\"contentUrl\":\"https:\\\/\\\/www.biopapa.de\\\/wp-content\\\/uploads\\\/2021\\\/08\\\/779A1284.jpg\",\"width\":800,\"height\":640,\"caption\":\"Ekologi\u0161ki spirulina milteliai\"},{\"@type\":\"BreadcrumbList\",\"@id\":\"https:\\\/\\\/www.biopapa.de\\\/lt\\\/producte\\\/ekologiski-zaliosios-spirulinos-milteliai\\\/#breadcrumb\",\"itemListElement\":[{\"@type\":\"ListItem\",\"position\":1,\"name\":\"Home\",\"item\":\"https:\\\/\\\/www.biopapa.de\\\/lt\\\/\"},{\"@type\":\"ListItem\",\"position\":2,\"name\":\"Parduotuv\u0117\",\"item\":\"https:\\\/\\\/www.biopapa.de\\\/parduotuve\\\/\"},{\"@type\":\"ListItem\",\"position\":3,\"name\":\"Ekologi\u0161ki \u017ealiosios spirulinos milteliai\"}]},{\"@type\":\"WebSite\",\"@id\":\"https:\\\/\\\/www.biopapa.de\\\/lt\\\/#website\",\"url\":\"https:\\\/\\\/www.biopapa.de\\\/lt\\\/\",\"name\":\"Biopapa\",\"description\":\"\u0160var\u016bs ekologi\u0161ki produktai\",\"publisher\":{\"@id\":\"https:\\\/\\\/www.biopapa.de\\\/lt\\\/#organization\"},\"potentialAction\":[{\"@type\":\"SearchAction\",\"target\":{\"@type\":\"EntryPoint\",\"urlTemplate\":\"https:\\\/\\\/www.biopapa.de\\\/lt\\\/?s={search_term_string}\"},\"query-input\":{\"@type\":\"PropertyValueSpecification\",\"valueRequired\":true,\"valueName\":\"search_term_string\"}}],\"inLanguage\":\"lt-LT\"},{\"@type\":\"Organization\",\"@id\":\"https:\\\/\\\/www.biopapa.de\\\/lt\\\/#organization\",\"name\":\"Biopapa\",\"url\":\"https:\\\/\\\/www.biopapa.de\\\/lt\\\/\",\"logo\":{\"@type\":\"ImageObject\",\"inLanguage\":\"lt-LT\",\"@id\":\"https:\\\/\\\/www.biopapa.de\\\/lt\\\/#\\\/schema\\\/logo\\\/image\\\/\",\"url\":\"https:\\\/\\\/www.biopapa.lt\\\/wp-content\\\/uploads\\\/2022\\\/04\\\/facebook_biopapa.jpg\",\"contentUrl\":\"https:\\\/\\\/www.biopapa.lt\\\/wp-content\\\/uploads\\\/2022\\\/04\\\/facebook_biopapa.jpg\",\"width\":1733,\"height\":907,\"caption\":\"Biopapa\"},\"image\":{\"@id\":\"https:\\\/\\\/www.biopapa.de\\\/lt\\\/#\\\/schema\\\/logo\\\/image\\\/\"},\"sameAs\":[\"https:\\\/\\\/www.facebook.com\\\/biopapa.lt\"]}]}<\/script>\n<!-- \/ Yoast SEO plugin. -->","yoast_head_json":{"title":"Ekologi\u0161ki \u017ealiosios spirulinos milteliai - Biopapa","description":"\u017dalioji spirulina savo spalv\u0105 gauna i\u0161 chlorofilino, chlorofilo darinio. Chlorofilinas yra \u017einomas d\u0117l savo galim\u0173 detoksikuojan\u010di\u0173 ir antioksidacini\u0173 savybi\u0173. Spirulina, daug maistini\u0173 med\u017eiag\u0173 turintys dumbliai, i\u0161populiar\u0117jo kaip supermaistas d\u0117l savo \u012fsp\u016bdingo potencialo sveikatai.","robots":{"index":"index","follow":"follow","max-snippet":"max-snippet:-1","max-image-preview":"max-image-preview:large","max-video-preview":"max-video-preview:-1"},"canonical":"https:\/\/www.biopapa.de\/lt\/producte\/ekologiski-zaliosios-spirulinos-milteliai\/","og_locale":"lt_LT","og_type":"article","og_title":"Ekologi\u0161ki \u017ealiosios spirulinos milteliai - Biopapa","og_description":"\u017dalioji spirulina savo spalv\u0105 gauna i\u0161 chlorofilino, chlorofilo darinio. Chlorofilinas yra \u017einomas d\u0117l savo galim\u0173 detoksikuojan\u010di\u0173 ir antioksidacini\u0173 savybi\u0173. Spirulina, daug maistini\u0173 med\u017eiag\u0173 turintys dumbliai, i\u0161populiar\u0117jo kaip supermaistas d\u0117l savo \u012fsp\u016bdingo potencialo sveikatai.","og_url":"https:\/\/www.biopapa.de\/lt\/producte\/ekologiski-zaliosios-spirulinos-milteliai\/","og_site_name":"Biopapa","article_publisher":"https:\/\/www.facebook.com\/biopapa.lt","article_modified_time":"2025-11-24T12:52:19+00:00","og_image":[{"width":800,"height":640,"url":"https:\/\/www.biopapa.de\/wp-content\/uploads\/2021\/08\/779A1284.jpg","type":"image\/jpeg"}],"twitter_card":"summary_large_image","twitter_misc":{"Est. reading time":"2 minut\u0117s"},"schema":{"@context":"https:\/\/schema.org","@graph":[{"@type":"WebPage","@id":"https:\/\/www.biopapa.de\/lt\/producte\/ekologiski-zaliosios-spirulinos-milteliai\/","url":"https:\/\/www.biopapa.de\/lt\/producte\/ekologiski-zaliosios-spirulinos-milteliai\/","name":"Ekologi\u0161ki \u017ealiosios spirulinos milteliai - Biopapa","isPartOf":{"@id":"https:\/\/www.biopapa.de\/lt\/#website"},"primaryImageOfPage":{"@id":"https:\/\/www.biopapa.de\/lt\/producte\/ekologiski-zaliosios-spirulinos-milteliai\/#primaryimage"},"image":{"@id":"https:\/\/www.biopapa.de\/lt\/producte\/ekologiski-zaliosios-spirulinos-milteliai\/#primaryimage"},"thumbnailUrl":"https:\/\/www.biopapa.de\/wp-content\/uploads\/2021\/08\/779A1284.jpg","datePublished":"2021-07-29T15:19:39+00:00","dateModified":"2025-11-24T12:52:19+00:00","description":"\u017dalioji spirulina savo spalv\u0105 gauna i\u0161 chlorofilino, chlorofilo darinio. Chlorofilinas yra \u017einomas d\u0117l savo galim\u0173 detoksikuojan\u010di\u0173 ir antioksidacini\u0173 savybi\u0173. Spirulina, daug maistini\u0173 med\u017eiag\u0173 turintys dumbliai, i\u0161populiar\u0117jo kaip supermaistas d\u0117l savo \u012fsp\u016bdingo potencialo sveikatai.","breadcrumb":{"@id":"https:\/\/www.biopapa.de\/lt\/producte\/ekologiski-zaliosios-spirulinos-milteliai\/#breadcrumb"},"inLanguage":"lt-LT","potentialAction":[{"@type":"ReadAction","target":["https:\/\/www.biopapa.de\/lt\/producte\/ekologiski-zaliosios-spirulinos-milteliai\/"]}]},{"@type":"ImageObject","inLanguage":"lt-LT","@id":"https:\/\/www.biopapa.de\/lt\/producte\/ekologiski-zaliosios-spirulinos-milteliai\/#primaryimage","url":"https:\/\/www.biopapa.de\/wp-content\/uploads\/2021\/08\/779A1284.jpg","contentUrl":"https:\/\/www.biopapa.de\/wp-content\/uploads\/2021\/08\/779A1284.jpg","width":800,"height":640,"caption":"Ekologi\u0161ki spirulina milteliai"},{"@type":"BreadcrumbList","@id":"https:\/\/www.biopapa.de\/lt\/producte\/ekologiski-zaliosios-spirulinos-milteliai\/#breadcrumb","itemListElement":[{"@type":"ListItem","position":1,"name":"Home","item":"https:\/\/www.biopapa.de\/lt\/"},{"@type":"ListItem","position":2,"name":"Parduotuv\u0117","item":"https:\/\/www.biopapa.de\/parduotuve\/"},{"@type":"ListItem","position":3,"name":"Ekologi\u0161ki \u017ealiosios spirulinos milteliai"}]},{"@type":"WebSite","@id":"https:\/\/www.biopapa.de\/lt\/#website","url":"https:\/\/www.biopapa.de\/lt\/","name":"Biopapa","description":"\u0160var\u016bs ekologi\u0161ki produktai","publisher":{"@id":"https:\/\/www.biopapa.de\/lt\/#organization"},"potentialAction":[{"@type":"SearchAction","target":{"@type":"EntryPoint","urlTemplate":"https:\/\/www.biopapa.de\/lt\/?s={search_term_string}"},"query-input":{"@type":"PropertyValueSpecification","valueRequired":true,"valueName":"search_term_string"}}],"inLanguage":"lt-LT"},{"@type":"Organization","@id":"https:\/\/www.biopapa.de\/lt\/#organization","name":"Biopapa","url":"https:\/\/www.biopapa.de\/lt\/","logo":{"@type":"ImageObject","inLanguage":"lt-LT","@id":"https:\/\/www.biopapa.de\/lt\/#\/schema\/logo\/image\/","url":"https:\/\/www.biopapa.lt\/wp-content\/uploads\/2022\/04\/facebook_biopapa.jpg","contentUrl":"https:\/\/www.biopapa.lt\/wp-content\/uploads\/2022\/04\/facebook_biopapa.jpg","width":1733,"height":907,"caption":"Biopapa"},"image":{"@id":"https:\/\/www.biopapa.de\/lt\/#\/schema\/logo\/image\/"},"sameAs":["https:\/\/www.facebook.com\/biopapa.lt"]}]}},"_links":{"self":[{"href":"https:\/\/www.biopapa.de\/lt\/wp-json\/wp\/v2\/product\/14076","targetHints":{"allow":["GET"]}}],"collection":[{"href":"https:\/\/www.biopapa.de\/lt\/wp-json\/wp\/v2\/product"}],"about":[{"href":"https:\/\/www.biopapa.de\/lt\/wp-json\/wp\/v2\/types\/product"}],"wp:featuredmedia":[{"embeddable":true,"href":"https:\/\/www.biopapa.de\/lt\/wp-json\/wp\/v2\/media\/14531"}],"wp:attachment":[{"href":"https:\/\/www.biopapa.de\/lt\/wp-json\/wp\/v2\/media?parent=14076"}],"wp:term":[{"taxonomy":"product_brand","embeddable":true,"href":"https:\/\/www.biopapa.de\/lt\/wp-json\/wp\/v2\/product_brand?post=14076"},{"taxonomy":"product_cat","embeddable":true,"href":"https:\/\/www.biopapa.de\/lt\/wp-json\/wp\/v2\/product_cat?post=14076"},{"taxonomy":"product_tag","embeddable":true,"href":"https:\/\/www.biopapa.de\/lt\/wp-json\/wp\/v2\/product_tag?post=14076"}],"curies":[{"name":"wp","href":"https:\/\/api.w.org\/{rel}","templated":true}]}}