{"id":14084,"date":"2021-07-29T18:22:50","date_gmt":"2021-07-29T15:22:50","guid":{"rendered":"https:\/\/www.biopapa.lt\/?post_type=product&#038;p=14084"},"modified":"2025-11-03T14:04:45","modified_gmt":"2025-11-03T12:04:45","slug":"ekologiski-maca-milteliai","status":"publish","type":"product","link":"https:\/\/www.biopapa.de\/lt\/producte\/ekologiski-maca-milteliai\/","title":{"rendered":"Ekologi\u0161ki Peruvin\u0117s pipirn\u0117s (maca) milteliai"},"content":{"rendered":"<p><strong>Peruvin\u0117s pipirn\u0117s (maca)<\/strong>\u00a0augalas\u00a0<em>Lepidium meyenii\u00a0<\/em>kil\u0119s i\u0161 auk\u0161t\u0173 And\u0173 kaln\u0173 region\u0173 Piet\u0173 Amerikoje, ypa\u010d Peru. T\u016bkstan\u010dius met\u0173 j\u012f gerb\u0117 And\u0173 vietiniai gyventojai d\u0117l i\u0161skirtini\u0173 maistini\u0173 ir gydom\u0173j\u0173 savybi\u0173. Maca turi turting\u0105 istorij\u0105, siekian\u010di\u0105 ink\u0173 civilizacij\u0105, kur ji buvo auginama ir laikoma \u0161venta kult\u016bra. \u0160is augalas klesti at\u0161iauriomis And\u0173 s\u0105lygomis, 13 000\u201315 000 p\u0117d\u0173 auk\u0161tyje, kur gali i\u0161gyventi nedaug kit\u0173 augal\u0173. Vietiniai \u017emon\u0117s tradici\u0161kai rinko ir vartojo mak\u0105 kaip maist\u0105 ir galing\u0105 nat\u016brali\u0105 priemon\u0119 nuo \u012fvairi\u0173 negalavim\u0173.<\/p>\n<p>Tradici\u0161kai Maca buvo naudojama<br \/>\nVietin\u0117s populiacijos naudojo maca, kad kovot\u0173 su auk\u0161\u010dio liga, padidint\u0173 energijos lyg\u012f ir padidint\u0173 i\u0161tverm\u0119, ypa\u010d atliekant \u012ftempt\u0105 veikl\u0105 dideliame auk\u0161tyje.<br \/>\nMaca buvo naudojama kaip adaptogenas, padedantis organizmui prisitaikyti prie streso.<br \/>\nTradicin\u0117je medicinoje man\u0117, kad maca gali pagerinti vyr\u0173 ir moter\u0173 vaisingum\u0105 ir libido. Jis buvo vartojamas kaip nat\u016bralus afrodiziakas.<br \/>\nKai kurios vietin\u0117s bendruomen\u0117s naudojo maca nuotaikai, protiniam ai\u0161kumui pagerinti, galb\u016bt d\u0117l \u200b\u200bjos adaptogenini\u0173 savybi\u0173.<\/p>\n<p>Pastaraisiais metais maca i\u0161populiar\u0117jo visame pasaulyje, o moksliniai tyrimai patvirtino daugel\u012f jos tradicini\u0173 naudojimo b\u016bd\u0173.<\/p>\n<p>D\u0117mesio<br \/>\nVir\u0161kinimo problemos vartojant didelius maca kiekius, gali atsirasti vir\u0161kinimo sutrikim\u0173, toki\u0173 kaip dujos, pilvo p\u016btimas ar viduriavimas.<br \/>\nTurintys hormonini\u0173 sutrikim\u0173, b\u016bkite atid\u016bs.<\/p>\n<p>Naudojimas<br \/>\nMaca miltelius galima mai\u0161yti \u012f kokteilius, dribsnius, ko\u0161es, jogurt\u0105 arba naudoti kaip nat\u016bral\u0173 saldikl\u012f receptuose.<br \/>\nMaca miltelius galima gerti su vandeniu, sultimis ar augaliniu g\u0117rimu. Milteliai taip pat gali b\u016bti mai\u0161omi su maistu.<br \/>\nSuaugusiems rekomenduojama nuo 3\u20139 gram\u0173 (1\u20132 arbatinius \u0161auk\u0161telius) sveikam asmeniui, sverian\u010diam apie 70 kg.<br \/>\nVyresni nei 12 met\u0173 vaikai gali suvalgyti 1\u20132 \u0161auk\u0161telius (3\u20136 gramus) maka milteli\u0173 per dien\u0105.<\/p>\n<p><em>PASTABA. \u010cia pateikta informacija negali b\u016bti interpretuojama kaip gydymo ar kitokio pob\u016bd\u017eio sveikatos klausim\u0173 sprendimo rekomendacija. Raginame sprendimus, susijusius su asmenine sveikata, priimti asmeni\u0161kai, \u012fvertinus \u012fvairius informacijos \u0161altinius.<\/em><\/p>\n","protected":false},"excerpt":{"rendered":"<p>Peruvin\u0117s pipirn\u0117s (maca)\u00a0augalas\u00a0Lepidium meyenii\u00a0kil\u0119s i\u0161 auk\u0161t\u0173 And\u0173 kaln\u0173 region\u0173 Piet\u0173 Amerikoje, ypa\u010d Peru. T\u016bkstan\u010dius met\u0173 j\u012f gerb\u0117 And\u0173 vietiniai gyventojai<\/p>\n","protected":false},"featured_media":14539,"template":"","meta":{"_acf_changed":false},"product_brand":[],"product_cat":[1216,2349],"product_tag":[2336,1378],"class_list":{"0":"post-14084","1":"product","2":"type-product","3":"status-publish","4":"has-post-thumbnail","6":"product_cat-augalinis-supermaistas","7":"product_cat-milteliai","8":"product_tag-ekologiska","9":"product_tag-veganams","10":"pa_svoris-1-kg","11":"pa_svoris-100-g","12":"pa_svoris-20-kg","13":"pa_svoris-200-g","14":"pa_svoris-300-g","15":"pa_svoris-400-g","16":"pa_svoris-5-kg","17":"pa_svoris-50-g","18":"pa_svoris-500-g","20":"first","21":"instock","22":"shipping-taxable","23":"purchasable","24":"product-type-variable"},"acf":[],"yoast_head":"<!-- This site is optimized with the Yoast SEO plugin v27.5 - https:\/\/yoast.com\/product\/yoast-seo-wordpress\/ -->\n<title>Ekologi\u0161ki Peruvin\u0117s pipirn\u0117s (maca) milteliai - Biopapa<\/title>\n<meta name=\"description\" content=\"Ekologi\u0161ki Peruvin\u0117s pipirn\u0117s (maca) milteliai turi turting\u0105 istorij\u0105, siekian\u010di\u0105 ink\u0173 civilizacij\u0105, kur ji buvo auginama ir laikoma \u0161venta kult\u016bra. Pastaraisiais metais maca i\u0161populiar\u0117jo visame pasaulyje, o moksliniai tyrimai patvirtino daugel\u012f jos tradicini\u0173 naudojimo b\u016bd\u0173.\" \/>\n<meta name=\"robots\" content=\"index, follow, max-snippet:-1, max-image-preview:large, max-video-preview:-1\" \/>\n<link rel=\"canonical\" href=\"https:\/\/www.biopapa.de\/lt\/producte\/ekologiski-maca-milteliai\/\" \/>\n<meta property=\"og:locale\" content=\"lt_LT\" \/>\n<meta property=\"og:type\" content=\"article\" \/>\n<meta property=\"og:title\" content=\"Ekologi\u0161ki Peruvin\u0117s pipirn\u0117s (maca) milteliai - Biopapa\" \/>\n<meta property=\"og:description\" content=\"Ekologi\u0161ki Peruvin\u0117s pipirn\u0117s (maca) milteliai turi turting\u0105 istorij\u0105, siekian\u010di\u0105 ink\u0173 civilizacij\u0105, kur ji buvo auginama ir laikoma \u0161venta kult\u016bra. Pastaraisiais metais maca i\u0161populiar\u0117jo visame pasaulyje, o moksliniai tyrimai patvirtino daugel\u012f jos tradicini\u0173 naudojimo b\u016bd\u0173.\" \/>\n<meta property=\"og:url\" content=\"https:\/\/www.biopapa.de\/lt\/producte\/ekologiski-maca-milteliai\/\" \/>\n<meta property=\"og:site_name\" content=\"Biopapa\" \/>\n<meta property=\"article:publisher\" content=\"https:\/\/www.facebook.com\/biopapa.lt\" \/>\n<meta property=\"article:modified_time\" content=\"2025-11-03T12:04:45+00:00\" \/>\n<meta property=\"og:image\" content=\"https:\/\/www.biopapa.de\/wp-content\/uploads\/2021\/08\/779A1309.jpg\" \/>\n\t<meta property=\"og:image:width\" content=\"800\" \/>\n\t<meta property=\"og:image:height\" content=\"640\" \/>\n\t<meta property=\"og:image:type\" content=\"image\/jpeg\" \/>\n<meta name=\"twitter:card\" content=\"summary_large_image\" \/>\n<meta name=\"twitter:label1\" content=\"Est. reading time\" \/>\n\t<meta name=\"twitter:data1\" content=\"2 minut\u0117s\" \/>\n<script type=\"application\/ld+json\" class=\"yoast-schema-graph\">{\"@context\":\"https:\\\/\\\/schema.org\",\"@graph\":[{\"@type\":\"WebPage\",\"@id\":\"https:\\\/\\\/www.biopapa.de\\\/lt\\\/producte\\\/ekologiski-maca-milteliai\\\/\",\"url\":\"https:\\\/\\\/www.biopapa.de\\\/lt\\\/producte\\\/ekologiski-maca-milteliai\\\/\",\"name\":\"Ekologi\u0161ki Peruvin\u0117s pipirn\u0117s (maca) milteliai - Biopapa\",\"isPartOf\":{\"@id\":\"https:\\\/\\\/www.biopapa.de\\\/lt\\\/#website\"},\"primaryImageOfPage\":{\"@id\":\"https:\\\/\\\/www.biopapa.de\\\/lt\\\/producte\\\/ekologiski-maca-milteliai\\\/#primaryimage\"},\"image\":{\"@id\":\"https:\\\/\\\/www.biopapa.de\\\/lt\\\/producte\\\/ekologiski-maca-milteliai\\\/#primaryimage\"},\"thumbnailUrl\":\"https:\\\/\\\/www.biopapa.de\\\/wp-content\\\/uploads\\\/2021\\\/08\\\/779A1309.jpg\",\"datePublished\":\"2021-07-29T15:22:50+00:00\",\"dateModified\":\"2025-11-03T12:04:45+00:00\",\"description\":\"Ekologi\u0161ki Peruvin\u0117s pipirn\u0117s (maca) milteliai turi turting\u0105 istorij\u0105, siekian\u010di\u0105 ink\u0173 civilizacij\u0105, kur ji buvo auginama ir laikoma \u0161venta kult\u016bra. Pastaraisiais metais maca i\u0161populiar\u0117jo visame pasaulyje, o moksliniai tyrimai patvirtino daugel\u012f jos tradicini\u0173 naudojimo b\u016bd\u0173.\",\"breadcrumb\":{\"@id\":\"https:\\\/\\\/www.biopapa.de\\\/lt\\\/producte\\\/ekologiski-maca-milteliai\\\/#breadcrumb\"},\"inLanguage\":\"lt-LT\",\"potentialAction\":[{\"@type\":\"ReadAction\",\"target\":[\"https:\\\/\\\/www.biopapa.de\\\/lt\\\/producte\\\/ekologiski-maca-milteliai\\\/\"]}]},{\"@type\":\"ImageObject\",\"inLanguage\":\"lt-LT\",\"@id\":\"https:\\\/\\\/www.biopapa.de\\\/lt\\\/producte\\\/ekologiski-maca-milteliai\\\/#primaryimage\",\"url\":\"https:\\\/\\\/www.biopapa.de\\\/wp-content\\\/uploads\\\/2021\\\/08\\\/779A1309.jpg\",\"contentUrl\":\"https:\\\/\\\/www.biopapa.de\\\/wp-content\\\/uploads\\\/2021\\\/08\\\/779A1309.jpg\",\"width\":800,\"height\":640,\"caption\":\"Ekologi\u0161ki Peruvin\u0117s pipirn\u0117s (maca) milteliai\"},{\"@type\":\"BreadcrumbList\",\"@id\":\"https:\\\/\\\/www.biopapa.de\\\/lt\\\/producte\\\/ekologiski-maca-milteliai\\\/#breadcrumb\",\"itemListElement\":[{\"@type\":\"ListItem\",\"position\":1,\"name\":\"Home\",\"item\":\"https:\\\/\\\/www.biopapa.de\\\/lt\\\/\"},{\"@type\":\"ListItem\",\"position\":2,\"name\":\"Parduotuv\u0117\",\"item\":\"https:\\\/\\\/www.biopapa.de\\\/parduotuve\\\/\"},{\"@type\":\"ListItem\",\"position\":3,\"name\":\"Ekologi\u0161ki Peruvin\u0117s pipirn\u0117s (maca) milteliai\"}]},{\"@type\":\"WebSite\",\"@id\":\"https:\\\/\\\/www.biopapa.de\\\/lt\\\/#website\",\"url\":\"https:\\\/\\\/www.biopapa.de\\\/lt\\\/\",\"name\":\"Biopapa\",\"description\":\"\u0160var\u016bs ekologi\u0161ki produktai\",\"publisher\":{\"@id\":\"https:\\\/\\\/www.biopapa.de\\\/lt\\\/#organization\"},\"potentialAction\":[{\"@type\":\"SearchAction\",\"target\":{\"@type\":\"EntryPoint\",\"urlTemplate\":\"https:\\\/\\\/www.biopapa.de\\\/lt\\\/?s={search_term_string}\"},\"query-input\":{\"@type\":\"PropertyValueSpecification\",\"valueRequired\":true,\"valueName\":\"search_term_string\"}}],\"inLanguage\":\"lt-LT\"},{\"@type\":\"Organization\",\"@id\":\"https:\\\/\\\/www.biopapa.de\\\/lt\\\/#organization\",\"name\":\"Biopapa\",\"url\":\"https:\\\/\\\/www.biopapa.de\\\/lt\\\/\",\"logo\":{\"@type\":\"ImageObject\",\"inLanguage\":\"lt-LT\",\"@id\":\"https:\\\/\\\/www.biopapa.de\\\/lt\\\/#\\\/schema\\\/logo\\\/image\\\/\",\"url\":\"https:\\\/\\\/www.biopapa.lt\\\/wp-content\\\/uploads\\\/2022\\\/04\\\/facebook_biopapa.jpg\",\"contentUrl\":\"https:\\\/\\\/www.biopapa.lt\\\/wp-content\\\/uploads\\\/2022\\\/04\\\/facebook_biopapa.jpg\",\"width\":1733,\"height\":907,\"caption\":\"Biopapa\"},\"image\":{\"@id\":\"https:\\\/\\\/www.biopapa.de\\\/lt\\\/#\\\/schema\\\/logo\\\/image\\\/\"},\"sameAs\":[\"https:\\\/\\\/www.facebook.com\\\/biopapa.lt\"]}]}<\/script>\n<!-- \/ Yoast SEO plugin. -->","yoast_head_json":{"title":"Ekologi\u0161ki Peruvin\u0117s pipirn\u0117s (maca) milteliai - Biopapa","description":"Ekologi\u0161ki Peruvin\u0117s pipirn\u0117s (maca) milteliai turi turting\u0105 istorij\u0105, siekian\u010di\u0105 ink\u0173 civilizacij\u0105, kur ji buvo auginama ir laikoma \u0161venta kult\u016bra. Pastaraisiais metais maca i\u0161populiar\u0117jo visame pasaulyje, o moksliniai tyrimai patvirtino daugel\u012f jos tradicini\u0173 naudojimo b\u016bd\u0173.","robots":{"index":"index","follow":"follow","max-snippet":"max-snippet:-1","max-image-preview":"max-image-preview:large","max-video-preview":"max-video-preview:-1"},"canonical":"https:\/\/www.biopapa.de\/lt\/producte\/ekologiski-maca-milteliai\/","og_locale":"lt_LT","og_type":"article","og_title":"Ekologi\u0161ki Peruvin\u0117s pipirn\u0117s (maca) milteliai - Biopapa","og_description":"Ekologi\u0161ki Peruvin\u0117s pipirn\u0117s (maca) milteliai turi turting\u0105 istorij\u0105, siekian\u010di\u0105 ink\u0173 civilizacij\u0105, kur ji buvo auginama ir laikoma \u0161venta kult\u016bra. Pastaraisiais metais maca i\u0161populiar\u0117jo visame pasaulyje, o moksliniai tyrimai patvirtino daugel\u012f jos tradicini\u0173 naudojimo b\u016bd\u0173.","og_url":"https:\/\/www.biopapa.de\/lt\/producte\/ekologiski-maca-milteliai\/","og_site_name":"Biopapa","article_publisher":"https:\/\/www.facebook.com\/biopapa.lt","article_modified_time":"2025-11-03T12:04:45+00:00","og_image":[{"width":800,"height":640,"url":"https:\/\/www.biopapa.de\/wp-content\/uploads\/2021\/08\/779A1309.jpg","type":"image\/jpeg"}],"twitter_card":"summary_large_image","twitter_misc":{"Est. reading time":"2 minut\u0117s"},"schema":{"@context":"https:\/\/schema.org","@graph":[{"@type":"WebPage","@id":"https:\/\/www.biopapa.de\/lt\/producte\/ekologiski-maca-milteliai\/","url":"https:\/\/www.biopapa.de\/lt\/producte\/ekologiski-maca-milteliai\/","name":"Ekologi\u0161ki Peruvin\u0117s pipirn\u0117s (maca) milteliai - Biopapa","isPartOf":{"@id":"https:\/\/www.biopapa.de\/lt\/#website"},"primaryImageOfPage":{"@id":"https:\/\/www.biopapa.de\/lt\/producte\/ekologiski-maca-milteliai\/#primaryimage"},"image":{"@id":"https:\/\/www.biopapa.de\/lt\/producte\/ekologiski-maca-milteliai\/#primaryimage"},"thumbnailUrl":"https:\/\/www.biopapa.de\/wp-content\/uploads\/2021\/08\/779A1309.jpg","datePublished":"2021-07-29T15:22:50+00:00","dateModified":"2025-11-03T12:04:45+00:00","description":"Ekologi\u0161ki Peruvin\u0117s pipirn\u0117s (maca) milteliai turi turting\u0105 istorij\u0105, siekian\u010di\u0105 ink\u0173 civilizacij\u0105, kur ji buvo auginama ir laikoma \u0161venta kult\u016bra. Pastaraisiais metais maca i\u0161populiar\u0117jo visame pasaulyje, o moksliniai tyrimai patvirtino daugel\u012f jos tradicini\u0173 naudojimo b\u016bd\u0173.","breadcrumb":{"@id":"https:\/\/www.biopapa.de\/lt\/producte\/ekologiski-maca-milteliai\/#breadcrumb"},"inLanguage":"lt-LT","potentialAction":[{"@type":"ReadAction","target":["https:\/\/www.biopapa.de\/lt\/producte\/ekologiski-maca-milteliai\/"]}]},{"@type":"ImageObject","inLanguage":"lt-LT","@id":"https:\/\/www.biopapa.de\/lt\/producte\/ekologiski-maca-milteliai\/#primaryimage","url":"https:\/\/www.biopapa.de\/wp-content\/uploads\/2021\/08\/779A1309.jpg","contentUrl":"https:\/\/www.biopapa.de\/wp-content\/uploads\/2021\/08\/779A1309.jpg","width":800,"height":640,"caption":"Ekologi\u0161ki Peruvin\u0117s pipirn\u0117s (maca) milteliai"},{"@type":"BreadcrumbList","@id":"https:\/\/www.biopapa.de\/lt\/producte\/ekologiski-maca-milteliai\/#breadcrumb","itemListElement":[{"@type":"ListItem","position":1,"name":"Home","item":"https:\/\/www.biopapa.de\/lt\/"},{"@type":"ListItem","position":2,"name":"Parduotuv\u0117","item":"https:\/\/www.biopapa.de\/parduotuve\/"},{"@type":"ListItem","position":3,"name":"Ekologi\u0161ki Peruvin\u0117s pipirn\u0117s (maca) milteliai"}]},{"@type":"WebSite","@id":"https:\/\/www.biopapa.de\/lt\/#website","url":"https:\/\/www.biopapa.de\/lt\/","name":"Biopapa","description":"\u0160var\u016bs ekologi\u0161ki produktai","publisher":{"@id":"https:\/\/www.biopapa.de\/lt\/#organization"},"potentialAction":[{"@type":"SearchAction","target":{"@type":"EntryPoint","urlTemplate":"https:\/\/www.biopapa.de\/lt\/?s={search_term_string}"},"query-input":{"@type":"PropertyValueSpecification","valueRequired":true,"valueName":"search_term_string"}}],"inLanguage":"lt-LT"},{"@type":"Organization","@id":"https:\/\/www.biopapa.de\/lt\/#organization","name":"Biopapa","url":"https:\/\/www.biopapa.de\/lt\/","logo":{"@type":"ImageObject","inLanguage":"lt-LT","@id":"https:\/\/www.biopapa.de\/lt\/#\/schema\/logo\/image\/","url":"https:\/\/www.biopapa.lt\/wp-content\/uploads\/2022\/04\/facebook_biopapa.jpg","contentUrl":"https:\/\/www.biopapa.lt\/wp-content\/uploads\/2022\/04\/facebook_biopapa.jpg","width":1733,"height":907,"caption":"Biopapa"},"image":{"@id":"https:\/\/www.biopapa.de\/lt\/#\/schema\/logo\/image\/"},"sameAs":["https:\/\/www.facebook.com\/biopapa.lt"]}]}},"_links":{"self":[{"href":"https:\/\/www.biopapa.de\/lt\/wp-json\/wp\/v2\/product\/14084","targetHints":{"allow":["GET"]}}],"collection":[{"href":"https:\/\/www.biopapa.de\/lt\/wp-json\/wp\/v2\/product"}],"about":[{"href":"https:\/\/www.biopapa.de\/lt\/wp-json\/wp\/v2\/types\/product"}],"wp:featuredmedia":[{"embeddable":true,"href":"https:\/\/www.biopapa.de\/lt\/wp-json\/wp\/v2\/media\/14539"}],"wp:attachment":[{"href":"https:\/\/www.biopapa.de\/lt\/wp-json\/wp\/v2\/media?parent=14084"}],"wp:term":[{"taxonomy":"product_brand","embeddable":true,"href":"https:\/\/www.biopapa.de\/lt\/wp-json\/wp\/v2\/product_brand?post=14084"},{"taxonomy":"product_cat","embeddable":true,"href":"https:\/\/www.biopapa.de\/lt\/wp-json\/wp\/v2\/product_cat?post=14084"},{"taxonomy":"product_tag","embeddable":true,"href":"https:\/\/www.biopapa.de\/lt\/wp-json\/wp\/v2\/product_tag?post=14084"}],"curies":[{"name":"wp","href":"https:\/\/api.w.org\/{rel}","templated":true}]}}