{"id":14115,"date":"2021-07-29T21:21:14","date_gmt":"2021-07-29T18:21:14","guid":{"rendered":"https:\/\/www.biopapa.lt\/?post_type=product&#038;p=14115"},"modified":"2026-02-17T13:36:04","modified_gmt":"2026-02-17T11:36:04","slug":"ekologiski-kakavos-milteliai","status":"publish","type":"product","link":"https:\/\/www.biopapa.de\/lt\/producte\/ekologiski-kakavos-milteliai\/","title":{"rendered":"Ekologi\u0161ki kakavos milteliai"},"content":{"rendered":"<p><strong>Ekologi\u0161ka kakavos milteliai<\/strong> (<em>Theobroma Cacao<\/em>) yra maistingi ir galimai naudingi sveikatai. Teigiama, kad juose yra svarbi\u0173 mineral\u0173, kurie skatina raumen\u0173 funkcij\u0105, energijos gamyb\u0105 ir bendr\u0105 gerov\u0119.<br \/>\nTeigima, kakavos pupel\u0117se yra daugiau antioksidant\u0173 nei raudonajame vyne ir tris kartus daugiau nei \u017ealiojoje arbatoje. Kakavos pupel\u0117s yra turtingas mineral\u0173 \u0161altinis. Rankomis surinktos kaip ank\u0161tys, \u017ealiavos pupel\u0117s atrenkamos pagal auk\u0161\u010diausi\u0105 kokyb\u0119 ir fermentuojamos, siekiant suma\u017einti pradin\u012f kartum\u0105. Gamybos procesas i\u0161laiko didel\u0119 dal\u012f pupeli\u0173 maistin\u0117s vert\u0117s be joki\u0173 pried\u0173.<br \/>\nReguliarus vartojimas galimai gali pagerinti nuotaik\u0105 ir kognityvin\u0119 funkcij\u0105.<\/p>\n<p>D\u0117mesio<br \/>\nTa\u010diau per didelis vartojimas gali sukelti \u0161alutin\u012f poveik\u012f, pavyzd\u017eiui, galvos skausm\u0105, nemig\u0105 ar skrand\u017eio sutrikimus.<\/p>\n<p>Vartojimas<br \/>\nKakavos milteliai yra universal\u016bs ir puikiai tinka kepiniams, kokteiliams, kar\u0161tiems g\u0117rimams ar kaip priedas prie avi\u017eini\u0173 dribsni\u0173 ir desert\u0173, suteikiant sveik\u0105 b\u016bd\u0105 pagerinti skon\u012f.<br \/>\nRekomenduojama norma 10\u201315 g per dien\u0105.<\/p>\n<p><em>PASTABA. \u010cia pateikta informacija negali b\u016bti interpretuojama kaip gydymo ar kitokio pob\u016bd\u017eio sveikatos klausim\u0173 sprendimo rekomendacija. Raginame sprendimus, susijusius su asmenine sveikata, priimti asmeni\u0161kai, \u012fvertinus \u012fvairius informacijos \u0161altinius. <\/em><\/p>\n","protected":false},"excerpt":{"rendered":"<p>Ekologi\u0161ka kakavos milteliai (Theobroma Cacao) yra maistingi ir galimai naudingi sveikatai. Teigiama, kad juose yra svarbi\u0173 mineral\u0173, kurie skatina raumen\u0173<\/p>\n","protected":false},"featured_media":16860,"template":"","meta":{"_acf_changed":false},"product_brand":[],"product_cat":[1265,1909],"product_tag":[1381,1378],"class_list":{"0":"post-14115","1":"product","2":"type-product","3":"status-publish","4":"has-post-thumbnail","6":"product_cat-ekologiska-kakava-arbata-kava","7":"product_cat-kakava","8":"product_tag-be-pridetinio-cukraus","9":"product_tag-veganams","10":"pa_svoris-1-kg","11":"pa_svoris-100-g","12":"pa_svoris-200-g","13":"pa_svoris-25-kg","14":"pa_svoris-300-g","15":"pa_svoris-400-g","16":"pa_svoris-50-g","17":"pa_svoris-500-g","19":"first","20":"instock","21":"shipping-taxable","22":"purchasable","23":"product-type-variable"},"acf":[],"yoast_head":"<!-- This site is optimized with the Yoast SEO plugin v27.5 - https:\/\/yoast.com\/product\/yoast-seo-wordpress\/ -->\n<title>Ekologi\u0161ki kakavos milteliai - Biopapa<\/title>\n<meta name=\"description\" content=\"Ekologi\u0161kose kakavos pupel\u0117se yra daugiau antioksidant\u0173 nei raudonajame vyne ir \u017ealiojoje arbatoje, jos yra tikras mineral\u0173 \u0161altinis.\" \/>\n<meta name=\"robots\" content=\"index, follow, max-snippet:-1, max-image-preview:large, max-video-preview:-1\" \/>\n<link rel=\"canonical\" href=\"https:\/\/www.biopapa.de\/lt\/producte\/ekologiski-kakavos-milteliai\/\" \/>\n<meta property=\"og:locale\" content=\"lt_LT\" \/>\n<meta property=\"og:type\" content=\"article\" \/>\n<meta property=\"og:title\" content=\"Ekologi\u0161ki kakavos milteliai - Biopapa\" \/>\n<meta property=\"og:description\" content=\"Ekologi\u0161kose kakavos pupel\u0117se yra daugiau antioksidant\u0173 nei raudonajame vyne ir \u017ealiojoje arbatoje, jos yra tikras mineral\u0173 \u0161altinis.\" \/>\n<meta property=\"og:url\" content=\"https:\/\/www.biopapa.de\/lt\/producte\/ekologiski-kakavos-milteliai\/\" \/>\n<meta property=\"og:site_name\" content=\"Biopapa\" \/>\n<meta property=\"article:publisher\" content=\"https:\/\/www.facebook.com\/biopapa.lt\" \/>\n<meta property=\"article:modified_time\" content=\"2026-02-17T11:36:04+00:00\" \/>\n<meta property=\"og:image\" content=\"https:\/\/www.biopapa.de\/wp-content\/uploads\/2021\/07\/kakavos-milteliai.jpg\" \/>\n\t<meta property=\"og:image:width\" content=\"800\" \/>\n\t<meta property=\"og:image:height\" content=\"640\" \/>\n\t<meta property=\"og:image:type\" content=\"image\/jpeg\" \/>\n<meta name=\"twitter:card\" content=\"summary_large_image\" \/>\n<meta name=\"twitter:label1\" content=\"Est. reading time\" \/>\n\t<meta name=\"twitter:data1\" content=\"1 minut\u0117\" \/>\n<script type=\"application\/ld+json\" class=\"yoast-schema-graph\">{\"@context\":\"https:\\\/\\\/schema.org\",\"@graph\":[{\"@type\":\"WebPage\",\"@id\":\"https:\\\/\\\/www.biopapa.de\\\/lt\\\/producte\\\/ekologiski-kakavos-milteliai\\\/\",\"url\":\"https:\\\/\\\/www.biopapa.de\\\/lt\\\/producte\\\/ekologiski-kakavos-milteliai\\\/\",\"name\":\"Ekologi\u0161ki kakavos milteliai - Biopapa\",\"isPartOf\":{\"@id\":\"https:\\\/\\\/www.biopapa.de\\\/lt\\\/#website\"},\"primaryImageOfPage\":{\"@id\":\"https:\\\/\\\/www.biopapa.de\\\/lt\\\/producte\\\/ekologiski-kakavos-milteliai\\\/#primaryimage\"},\"image\":{\"@id\":\"https:\\\/\\\/www.biopapa.de\\\/lt\\\/producte\\\/ekologiski-kakavos-milteliai\\\/#primaryimage\"},\"thumbnailUrl\":\"https:\\\/\\\/www.biopapa.de\\\/wp-content\\\/uploads\\\/2021\\\/07\\\/kakavos-milteliai.jpg\",\"datePublished\":\"2021-07-29T18:21:14+00:00\",\"dateModified\":\"2026-02-17T11:36:04+00:00\",\"description\":\"Ekologi\u0161kose kakavos pupel\u0117se yra daugiau antioksidant\u0173 nei raudonajame vyne ir \u017ealiojoje arbatoje, jos yra tikras mineral\u0173 \u0161altinis.\",\"breadcrumb\":{\"@id\":\"https:\\\/\\\/www.biopapa.de\\\/lt\\\/producte\\\/ekologiski-kakavos-milteliai\\\/#breadcrumb\"},\"inLanguage\":\"lt-LT\",\"potentialAction\":[{\"@type\":\"ReadAction\",\"target\":[\"https:\\\/\\\/www.biopapa.de\\\/lt\\\/producte\\\/ekologiski-kakavos-milteliai\\\/\"]}]},{\"@type\":\"ImageObject\",\"inLanguage\":\"lt-LT\",\"@id\":\"https:\\\/\\\/www.biopapa.de\\\/lt\\\/producte\\\/ekologiski-kakavos-milteliai\\\/#primaryimage\",\"url\":\"https:\\\/\\\/www.biopapa.de\\\/wp-content\\\/uploads\\\/2021\\\/07\\\/kakavos-milteliai.jpg\",\"contentUrl\":\"https:\\\/\\\/www.biopapa.de\\\/wp-content\\\/uploads\\\/2021\\\/07\\\/kakavos-milteliai.jpg\",\"width\":800,\"height\":640,\"caption\":\"Ekologi\u0161ki kakavos milteliai\"},{\"@type\":\"BreadcrumbList\",\"@id\":\"https:\\\/\\\/www.biopapa.de\\\/lt\\\/producte\\\/ekologiski-kakavos-milteliai\\\/#breadcrumb\",\"itemListElement\":[{\"@type\":\"ListItem\",\"position\":1,\"name\":\"Home\",\"item\":\"https:\\\/\\\/www.biopapa.de\\\/lt\\\/\"},{\"@type\":\"ListItem\",\"position\":2,\"name\":\"Parduotuv\u0117\",\"item\":\"https:\\\/\\\/www.biopapa.de\\\/parduotuve\\\/\"},{\"@type\":\"ListItem\",\"position\":3,\"name\":\"Ekologi\u0161ki kakavos milteliai\"}]},{\"@type\":\"WebSite\",\"@id\":\"https:\\\/\\\/www.biopapa.de\\\/lt\\\/#website\",\"url\":\"https:\\\/\\\/www.biopapa.de\\\/lt\\\/\",\"name\":\"Biopapa\",\"description\":\"\u0160var\u016bs ekologi\u0161ki produktai\",\"publisher\":{\"@id\":\"https:\\\/\\\/www.biopapa.de\\\/lt\\\/#organization\"},\"potentialAction\":[{\"@type\":\"SearchAction\",\"target\":{\"@type\":\"EntryPoint\",\"urlTemplate\":\"https:\\\/\\\/www.biopapa.de\\\/lt\\\/?s={search_term_string}\"},\"query-input\":{\"@type\":\"PropertyValueSpecification\",\"valueRequired\":true,\"valueName\":\"search_term_string\"}}],\"inLanguage\":\"lt-LT\"},{\"@type\":\"Organization\",\"@id\":\"https:\\\/\\\/www.biopapa.de\\\/lt\\\/#organization\",\"name\":\"Biopapa\",\"url\":\"https:\\\/\\\/www.biopapa.de\\\/lt\\\/\",\"logo\":{\"@type\":\"ImageObject\",\"inLanguage\":\"lt-LT\",\"@id\":\"https:\\\/\\\/www.biopapa.de\\\/lt\\\/#\\\/schema\\\/logo\\\/image\\\/\",\"url\":\"https:\\\/\\\/www.biopapa.lt\\\/wp-content\\\/uploads\\\/2022\\\/04\\\/facebook_biopapa.jpg\",\"contentUrl\":\"https:\\\/\\\/www.biopapa.lt\\\/wp-content\\\/uploads\\\/2022\\\/04\\\/facebook_biopapa.jpg\",\"width\":1733,\"height\":907,\"caption\":\"Biopapa\"},\"image\":{\"@id\":\"https:\\\/\\\/www.biopapa.de\\\/lt\\\/#\\\/schema\\\/logo\\\/image\\\/\"},\"sameAs\":[\"https:\\\/\\\/www.facebook.com\\\/biopapa.lt\"]}]}<\/script>\n<!-- \/ Yoast SEO plugin. -->","yoast_head_json":{"title":"Ekologi\u0161ki kakavos milteliai - Biopapa","description":"Ekologi\u0161kose kakavos pupel\u0117se yra daugiau antioksidant\u0173 nei raudonajame vyne ir \u017ealiojoje arbatoje, jos yra tikras mineral\u0173 \u0161altinis.","robots":{"index":"index","follow":"follow","max-snippet":"max-snippet:-1","max-image-preview":"max-image-preview:large","max-video-preview":"max-video-preview:-1"},"canonical":"https:\/\/www.biopapa.de\/lt\/producte\/ekologiski-kakavos-milteliai\/","og_locale":"lt_LT","og_type":"article","og_title":"Ekologi\u0161ki kakavos milteliai - Biopapa","og_description":"Ekologi\u0161kose kakavos pupel\u0117se yra daugiau antioksidant\u0173 nei raudonajame vyne ir \u017ealiojoje arbatoje, jos yra tikras mineral\u0173 \u0161altinis.","og_url":"https:\/\/www.biopapa.de\/lt\/producte\/ekologiski-kakavos-milteliai\/","og_site_name":"Biopapa","article_publisher":"https:\/\/www.facebook.com\/biopapa.lt","article_modified_time":"2026-02-17T11:36:04+00:00","og_image":[{"width":800,"height":640,"url":"https:\/\/www.biopapa.de\/wp-content\/uploads\/2021\/07\/kakavos-milteliai.jpg","type":"image\/jpeg"}],"twitter_card":"summary_large_image","twitter_misc":{"Est. reading time":"1 minut\u0117"},"schema":{"@context":"https:\/\/schema.org","@graph":[{"@type":"WebPage","@id":"https:\/\/www.biopapa.de\/lt\/producte\/ekologiski-kakavos-milteliai\/","url":"https:\/\/www.biopapa.de\/lt\/producte\/ekologiski-kakavos-milteliai\/","name":"Ekologi\u0161ki kakavos milteliai - Biopapa","isPartOf":{"@id":"https:\/\/www.biopapa.de\/lt\/#website"},"primaryImageOfPage":{"@id":"https:\/\/www.biopapa.de\/lt\/producte\/ekologiski-kakavos-milteliai\/#primaryimage"},"image":{"@id":"https:\/\/www.biopapa.de\/lt\/producte\/ekologiski-kakavos-milteliai\/#primaryimage"},"thumbnailUrl":"https:\/\/www.biopapa.de\/wp-content\/uploads\/2021\/07\/kakavos-milteliai.jpg","datePublished":"2021-07-29T18:21:14+00:00","dateModified":"2026-02-17T11:36:04+00:00","description":"Ekologi\u0161kose kakavos pupel\u0117se yra daugiau antioksidant\u0173 nei raudonajame vyne ir \u017ealiojoje arbatoje, jos yra tikras mineral\u0173 \u0161altinis.","breadcrumb":{"@id":"https:\/\/www.biopapa.de\/lt\/producte\/ekologiski-kakavos-milteliai\/#breadcrumb"},"inLanguage":"lt-LT","potentialAction":[{"@type":"ReadAction","target":["https:\/\/www.biopapa.de\/lt\/producte\/ekologiski-kakavos-milteliai\/"]}]},{"@type":"ImageObject","inLanguage":"lt-LT","@id":"https:\/\/www.biopapa.de\/lt\/producte\/ekologiski-kakavos-milteliai\/#primaryimage","url":"https:\/\/www.biopapa.de\/wp-content\/uploads\/2021\/07\/kakavos-milteliai.jpg","contentUrl":"https:\/\/www.biopapa.de\/wp-content\/uploads\/2021\/07\/kakavos-milteliai.jpg","width":800,"height":640,"caption":"Ekologi\u0161ki kakavos milteliai"},{"@type":"BreadcrumbList","@id":"https:\/\/www.biopapa.de\/lt\/producte\/ekologiski-kakavos-milteliai\/#breadcrumb","itemListElement":[{"@type":"ListItem","position":1,"name":"Home","item":"https:\/\/www.biopapa.de\/lt\/"},{"@type":"ListItem","position":2,"name":"Parduotuv\u0117","item":"https:\/\/www.biopapa.de\/parduotuve\/"},{"@type":"ListItem","position":3,"name":"Ekologi\u0161ki kakavos milteliai"}]},{"@type":"WebSite","@id":"https:\/\/www.biopapa.de\/lt\/#website","url":"https:\/\/www.biopapa.de\/lt\/","name":"Biopapa","description":"\u0160var\u016bs ekologi\u0161ki produktai","publisher":{"@id":"https:\/\/www.biopapa.de\/lt\/#organization"},"potentialAction":[{"@type":"SearchAction","target":{"@type":"EntryPoint","urlTemplate":"https:\/\/www.biopapa.de\/lt\/?s={search_term_string}"},"query-input":{"@type":"PropertyValueSpecification","valueRequired":true,"valueName":"search_term_string"}}],"inLanguage":"lt-LT"},{"@type":"Organization","@id":"https:\/\/www.biopapa.de\/lt\/#organization","name":"Biopapa","url":"https:\/\/www.biopapa.de\/lt\/","logo":{"@type":"ImageObject","inLanguage":"lt-LT","@id":"https:\/\/www.biopapa.de\/lt\/#\/schema\/logo\/image\/","url":"https:\/\/www.biopapa.lt\/wp-content\/uploads\/2022\/04\/facebook_biopapa.jpg","contentUrl":"https:\/\/www.biopapa.lt\/wp-content\/uploads\/2022\/04\/facebook_biopapa.jpg","width":1733,"height":907,"caption":"Biopapa"},"image":{"@id":"https:\/\/www.biopapa.de\/lt\/#\/schema\/logo\/image\/"},"sameAs":["https:\/\/www.facebook.com\/biopapa.lt"]}]}},"_links":{"self":[{"href":"https:\/\/www.biopapa.de\/lt\/wp-json\/wp\/v2\/product\/14115","targetHints":{"allow":["GET"]}}],"collection":[{"href":"https:\/\/www.biopapa.de\/lt\/wp-json\/wp\/v2\/product"}],"about":[{"href":"https:\/\/www.biopapa.de\/lt\/wp-json\/wp\/v2\/types\/product"}],"wp:featuredmedia":[{"embeddable":true,"href":"https:\/\/www.biopapa.de\/lt\/wp-json\/wp\/v2\/media\/16860"}],"wp:attachment":[{"href":"https:\/\/www.biopapa.de\/lt\/wp-json\/wp\/v2\/media?parent=14115"}],"wp:term":[{"taxonomy":"product_brand","embeddable":true,"href":"https:\/\/www.biopapa.de\/lt\/wp-json\/wp\/v2\/product_brand?post=14115"},{"taxonomy":"product_cat","embeddable":true,"href":"https:\/\/www.biopapa.de\/lt\/wp-json\/wp\/v2\/product_cat?post=14115"},{"taxonomy":"product_tag","embeddable":true,"href":"https:\/\/www.biopapa.de\/lt\/wp-json\/wp\/v2\/product_tag?post=14115"}],"curies":[{"name":"wp","href":"https:\/\/api.w.org\/{rel}","templated":true}]}}