{"id":14237,"date":"2021-08-03T19:16:02","date_gmt":"2021-08-03T16:16:02","guid":{"rendered":"https:\/\/www.biopapa.lt\/?post_type=product&#038;p=14237"},"modified":"2026-04-23T17:10:03","modified_gmt":"2026-04-23T14:10:03","slug":"ekologiskos-grikiu-kruopos-termiskai-apdorotos","status":"publish","type":"product","link":"https:\/\/www.biopapa.de\/lt\/producte\/ekologiskos-grikiu-kruopos-termiskai-apdorotos\/","title":{"rendered":"Ekologi\u0161kos griki\u0173 kruopos (termi\u0161kai apdorotos)"},"content":{"rendered":"<p>KUO YPATINGI GRIKIAI? Grikis laikomas vienu naudingiausi\u0173 maistini\u0173 augal\u0173 \u017eem\u0117je. Jis turi daugiau mineral\u0173 nei dauguma kit\u0173 grudini\u0173 kult\u016br\u0173. Grikiuose daug skaidul\u0173.<\/p>\n<p>UNIVERSALUS PRODUKTAS. Griki\u0173 kruopas galite panaudoti labai universaliai: valgyti ko\u0161\u0119, paruo\u0161ti garnyr\u0105, naudoti juos kotletukams kepti. Griki\u0173 kruopas galite d\u0117ti \u012f sriub\u0105, naudoti salotoms gardinti.<\/p>\n<p>SVEIKOS KRUOPOS. Grikiuose esan\u010dios skaidulos i\u0161siskiria per ilg\u0105 laika ir lyginant su kvie\u010diais ar avi\u017eomis ilgesniam laikui suteikia sotumo jausm\u0105. Grikiai turi \u017eemesn\u012f glikemin\u012f indeks\u0105 d\u0117l ko nesukelia dideli\u0173 cukraus lygio kraujuje svyravym\u0173.<\/p>\n<p>Paruo\u0161imo b\u016bdas: nuplovus virti apie 15 min.<\/p>\n","protected":false},"excerpt":{"rendered":"<p>KUO YPATINGI GRIKIAI? Grikis laikomas vienu naudingiausi\u0173 maistini\u0173 augal\u0173 \u017eem\u0117je. Jis turi daugiau mineral\u0173 nei dauguma kit\u0173 grudini\u0173 kult\u016br\u0173. Grikiuose<\/p>\n","protected":false},"featured_media":15042,"template":"","meta":{"_acf_changed":false},"product_brand":[],"product_cat":[1295],"product_tag":[1431,1378],"class_list":{"0":"post-14237","1":"product","2":"type-product","3":"status-publish","4":"has-post-thumbnail","6":"product_cat-ekologiskos-kruopos-ankstiniai","7":"product_tag-glitimo-alternatyva","8":"product_tag-veganams","9":"pa_svoris-1-kg","10":"pa_svoris-100-g","11":"pa_svoris-200-g","12":"pa_svoris-25-kg","13":"pa_svoris-300-g","14":"pa_svoris-400-g","15":"pa_svoris-500-g","17":"first","18":"instock","19":"shipping-taxable","20":"purchasable","21":"product-type-variable"},"acf":[],"yoast_head":"<!-- This site is optimized with the Yoast SEO plugin v27.5 - https:\/\/yoast.com\/product\/yoast-seo-wordpress\/ -->\n<title>Ekologi\u0161kos griki\u0173 kruopos (termi\u0161kai apdorotos) - Biopapa<\/title>\n<meta name=\"description\" content=\"Grikis laikomas vienu naudingiausi\u0173 maistini\u0173 augal\u0173 \u017eem\u0117je. Jis turi daugiau mineral\u0173 nei dauguma kit\u0173 grudini\u0173 kult\u016br\u0173.\" \/>\n<meta name=\"robots\" content=\"index, follow, max-snippet:-1, max-image-preview:large, max-video-preview:-1\" \/>\n<link rel=\"canonical\" href=\"https:\/\/www.biopapa.de\/lt\/producte\/ekologiskos-grikiu-kruopos-termiskai-apdorotos\/\" \/>\n<meta property=\"og:locale\" content=\"lt_LT\" \/>\n<meta property=\"og:type\" content=\"article\" \/>\n<meta property=\"og:title\" content=\"Ekologi\u0161kos griki\u0173 kruopos (termi\u0161kai apdorotos) - Biopapa\" \/>\n<meta property=\"og:description\" content=\"Grikis laikomas vienu naudingiausi\u0173 maistini\u0173 augal\u0173 \u017eem\u0117je. Jis turi daugiau mineral\u0173 nei dauguma kit\u0173 grudini\u0173 kult\u016br\u0173.\" \/>\n<meta property=\"og:url\" content=\"https:\/\/www.biopapa.de\/lt\/producte\/ekologiskos-grikiu-kruopos-termiskai-apdorotos\/\" \/>\n<meta property=\"og:site_name\" content=\"Biopapa\" \/>\n<meta property=\"article:publisher\" content=\"https:\/\/www.facebook.com\/biopapa.lt\" \/>\n<meta property=\"article:modified_time\" content=\"2026-04-23T14:10:03+00:00\" \/>\n<meta property=\"og:image\" content=\"https:\/\/www.biopapa.de\/wp-content\/uploads\/2021\/08\/779A1448.jpg\" \/>\n\t<meta property=\"og:image:width\" content=\"800\" \/>\n\t<meta property=\"og:image:height\" content=\"640\" \/>\n\t<meta property=\"og:image:type\" content=\"image\/jpeg\" \/>\n<meta name=\"twitter:card\" content=\"summary_large_image\" \/>\n<meta name=\"twitter:label1\" content=\"Est. reading time\" \/>\n\t<meta name=\"twitter:data1\" content=\"1 minut\u0117\" \/>\n<script type=\"application\/ld+json\" class=\"yoast-schema-graph\">{\"@context\":\"https:\\\/\\\/schema.org\",\"@graph\":[{\"@type\":\"WebPage\",\"@id\":\"https:\\\/\\\/www.biopapa.de\\\/lt\\\/producte\\\/ekologiskos-grikiu-kruopos-termiskai-apdorotos\\\/\",\"url\":\"https:\\\/\\\/www.biopapa.de\\\/lt\\\/producte\\\/ekologiskos-grikiu-kruopos-termiskai-apdorotos\\\/\",\"name\":\"Ekologi\u0161kos griki\u0173 kruopos (termi\u0161kai apdorotos) - Biopapa\",\"isPartOf\":{\"@id\":\"https:\\\/\\\/www.biopapa.de\\\/lt\\\/#website\"},\"primaryImageOfPage\":{\"@id\":\"https:\\\/\\\/www.biopapa.de\\\/lt\\\/producte\\\/ekologiskos-grikiu-kruopos-termiskai-apdorotos\\\/#primaryimage\"},\"image\":{\"@id\":\"https:\\\/\\\/www.biopapa.de\\\/lt\\\/producte\\\/ekologiskos-grikiu-kruopos-termiskai-apdorotos\\\/#primaryimage\"},\"thumbnailUrl\":\"https:\\\/\\\/www.biopapa.de\\\/wp-content\\\/uploads\\\/2021\\\/08\\\/779A1448.jpg\",\"datePublished\":\"2021-08-03T16:16:02+00:00\",\"dateModified\":\"2026-04-23T14:10:03+00:00\",\"description\":\"Grikis laikomas vienu naudingiausi\u0173 maistini\u0173 augal\u0173 \u017eem\u0117je. Jis turi daugiau mineral\u0173 nei dauguma kit\u0173 grudini\u0173 kult\u016br\u0173.\",\"breadcrumb\":{\"@id\":\"https:\\\/\\\/www.biopapa.de\\\/lt\\\/producte\\\/ekologiskos-grikiu-kruopos-termiskai-apdorotos\\\/#breadcrumb\"},\"inLanguage\":\"lt-LT\",\"potentialAction\":[{\"@type\":\"ReadAction\",\"target\":[\"https:\\\/\\\/www.biopapa.de\\\/lt\\\/producte\\\/ekologiskos-grikiu-kruopos-termiskai-apdorotos\\\/\"]}]},{\"@type\":\"ImageObject\",\"inLanguage\":\"lt-LT\",\"@id\":\"https:\\\/\\\/www.biopapa.de\\\/lt\\\/producte\\\/ekologiskos-grikiu-kruopos-termiskai-apdorotos\\\/#primaryimage\",\"url\":\"https:\\\/\\\/www.biopapa.de\\\/wp-content\\\/uploads\\\/2021\\\/08\\\/779A1448.jpg\",\"contentUrl\":\"https:\\\/\\\/www.biopapa.de\\\/wp-content\\\/uploads\\\/2021\\\/08\\\/779A1448.jpg\",\"width\":800,\"height\":640,\"caption\":\"Ekologi\u0161kos griki\u0173 kruopos (termi\u0161kai apdorotos)\"},{\"@type\":\"BreadcrumbList\",\"@id\":\"https:\\\/\\\/www.biopapa.de\\\/lt\\\/producte\\\/ekologiskos-grikiu-kruopos-termiskai-apdorotos\\\/#breadcrumb\",\"itemListElement\":[{\"@type\":\"ListItem\",\"position\":1,\"name\":\"Home\",\"item\":\"https:\\\/\\\/www.biopapa.de\\\/lt\\\/\"},{\"@type\":\"ListItem\",\"position\":2,\"name\":\"Parduotuv\u0117\",\"item\":\"https:\\\/\\\/www.biopapa.de\\\/parduotuve\\\/\"},{\"@type\":\"ListItem\",\"position\":3,\"name\":\"Ekologi\u0161kos griki\u0173 kruopos (termi\u0161kai apdorotos)\"}]},{\"@type\":\"WebSite\",\"@id\":\"https:\\\/\\\/www.biopapa.de\\\/lt\\\/#website\",\"url\":\"https:\\\/\\\/www.biopapa.de\\\/lt\\\/\",\"name\":\"Biopapa\",\"description\":\"\u0160var\u016bs ekologi\u0161ki produktai\",\"publisher\":{\"@id\":\"https:\\\/\\\/www.biopapa.de\\\/lt\\\/#organization\"},\"potentialAction\":[{\"@type\":\"SearchAction\",\"target\":{\"@type\":\"EntryPoint\",\"urlTemplate\":\"https:\\\/\\\/www.biopapa.de\\\/lt\\\/?s={search_term_string}\"},\"query-input\":{\"@type\":\"PropertyValueSpecification\",\"valueRequired\":true,\"valueName\":\"search_term_string\"}}],\"inLanguage\":\"lt-LT\"},{\"@type\":\"Organization\",\"@id\":\"https:\\\/\\\/www.biopapa.de\\\/lt\\\/#organization\",\"name\":\"Biopapa\",\"url\":\"https:\\\/\\\/www.biopapa.de\\\/lt\\\/\",\"logo\":{\"@type\":\"ImageObject\",\"inLanguage\":\"lt-LT\",\"@id\":\"https:\\\/\\\/www.biopapa.de\\\/lt\\\/#\\\/schema\\\/logo\\\/image\\\/\",\"url\":\"https:\\\/\\\/www.biopapa.lt\\\/wp-content\\\/uploads\\\/2022\\\/04\\\/facebook_biopapa.jpg\",\"contentUrl\":\"https:\\\/\\\/www.biopapa.lt\\\/wp-content\\\/uploads\\\/2022\\\/04\\\/facebook_biopapa.jpg\",\"width\":1733,\"height\":907,\"caption\":\"Biopapa\"},\"image\":{\"@id\":\"https:\\\/\\\/www.biopapa.de\\\/lt\\\/#\\\/schema\\\/logo\\\/image\\\/\"},\"sameAs\":[\"https:\\\/\\\/www.facebook.com\\\/biopapa.lt\"]}]}<\/script>\n<!-- \/ Yoast SEO plugin. -->","yoast_head_json":{"title":"Ekologi\u0161kos griki\u0173 kruopos (termi\u0161kai apdorotos) - Biopapa","description":"Grikis laikomas vienu naudingiausi\u0173 maistini\u0173 augal\u0173 \u017eem\u0117je. Jis turi daugiau mineral\u0173 nei dauguma kit\u0173 grudini\u0173 kult\u016br\u0173.","robots":{"index":"index","follow":"follow","max-snippet":"max-snippet:-1","max-image-preview":"max-image-preview:large","max-video-preview":"max-video-preview:-1"},"canonical":"https:\/\/www.biopapa.de\/lt\/producte\/ekologiskos-grikiu-kruopos-termiskai-apdorotos\/","og_locale":"lt_LT","og_type":"article","og_title":"Ekologi\u0161kos griki\u0173 kruopos (termi\u0161kai apdorotos) - Biopapa","og_description":"Grikis laikomas vienu naudingiausi\u0173 maistini\u0173 augal\u0173 \u017eem\u0117je. Jis turi daugiau mineral\u0173 nei dauguma kit\u0173 grudini\u0173 kult\u016br\u0173.","og_url":"https:\/\/www.biopapa.de\/lt\/producte\/ekologiskos-grikiu-kruopos-termiskai-apdorotos\/","og_site_name":"Biopapa","article_publisher":"https:\/\/www.facebook.com\/biopapa.lt","article_modified_time":"2026-04-23T14:10:03+00:00","og_image":[{"width":800,"height":640,"url":"https:\/\/www.biopapa.de\/wp-content\/uploads\/2021\/08\/779A1448.jpg","type":"image\/jpeg"}],"twitter_card":"summary_large_image","twitter_misc":{"Est. reading time":"1 minut\u0117"},"schema":{"@context":"https:\/\/schema.org","@graph":[{"@type":"WebPage","@id":"https:\/\/www.biopapa.de\/lt\/producte\/ekologiskos-grikiu-kruopos-termiskai-apdorotos\/","url":"https:\/\/www.biopapa.de\/lt\/producte\/ekologiskos-grikiu-kruopos-termiskai-apdorotos\/","name":"Ekologi\u0161kos griki\u0173 kruopos (termi\u0161kai apdorotos) - Biopapa","isPartOf":{"@id":"https:\/\/www.biopapa.de\/lt\/#website"},"primaryImageOfPage":{"@id":"https:\/\/www.biopapa.de\/lt\/producte\/ekologiskos-grikiu-kruopos-termiskai-apdorotos\/#primaryimage"},"image":{"@id":"https:\/\/www.biopapa.de\/lt\/producte\/ekologiskos-grikiu-kruopos-termiskai-apdorotos\/#primaryimage"},"thumbnailUrl":"https:\/\/www.biopapa.de\/wp-content\/uploads\/2021\/08\/779A1448.jpg","datePublished":"2021-08-03T16:16:02+00:00","dateModified":"2026-04-23T14:10:03+00:00","description":"Grikis laikomas vienu naudingiausi\u0173 maistini\u0173 augal\u0173 \u017eem\u0117je. Jis turi daugiau mineral\u0173 nei dauguma kit\u0173 grudini\u0173 kult\u016br\u0173.","breadcrumb":{"@id":"https:\/\/www.biopapa.de\/lt\/producte\/ekologiskos-grikiu-kruopos-termiskai-apdorotos\/#breadcrumb"},"inLanguage":"lt-LT","potentialAction":[{"@type":"ReadAction","target":["https:\/\/www.biopapa.de\/lt\/producte\/ekologiskos-grikiu-kruopos-termiskai-apdorotos\/"]}]},{"@type":"ImageObject","inLanguage":"lt-LT","@id":"https:\/\/www.biopapa.de\/lt\/producte\/ekologiskos-grikiu-kruopos-termiskai-apdorotos\/#primaryimage","url":"https:\/\/www.biopapa.de\/wp-content\/uploads\/2021\/08\/779A1448.jpg","contentUrl":"https:\/\/www.biopapa.de\/wp-content\/uploads\/2021\/08\/779A1448.jpg","width":800,"height":640,"caption":"Ekologi\u0161kos griki\u0173 kruopos (termi\u0161kai apdorotos)"},{"@type":"BreadcrumbList","@id":"https:\/\/www.biopapa.de\/lt\/producte\/ekologiskos-grikiu-kruopos-termiskai-apdorotos\/#breadcrumb","itemListElement":[{"@type":"ListItem","position":1,"name":"Home","item":"https:\/\/www.biopapa.de\/lt\/"},{"@type":"ListItem","position":2,"name":"Parduotuv\u0117","item":"https:\/\/www.biopapa.de\/parduotuve\/"},{"@type":"ListItem","position":3,"name":"Ekologi\u0161kos griki\u0173 kruopos (termi\u0161kai apdorotos)"}]},{"@type":"WebSite","@id":"https:\/\/www.biopapa.de\/lt\/#website","url":"https:\/\/www.biopapa.de\/lt\/","name":"Biopapa","description":"\u0160var\u016bs ekologi\u0161ki produktai","publisher":{"@id":"https:\/\/www.biopapa.de\/lt\/#organization"},"potentialAction":[{"@type":"SearchAction","target":{"@type":"EntryPoint","urlTemplate":"https:\/\/www.biopapa.de\/lt\/?s={search_term_string}"},"query-input":{"@type":"PropertyValueSpecification","valueRequired":true,"valueName":"search_term_string"}}],"inLanguage":"lt-LT"},{"@type":"Organization","@id":"https:\/\/www.biopapa.de\/lt\/#organization","name":"Biopapa","url":"https:\/\/www.biopapa.de\/lt\/","logo":{"@type":"ImageObject","inLanguage":"lt-LT","@id":"https:\/\/www.biopapa.de\/lt\/#\/schema\/logo\/image\/","url":"https:\/\/www.biopapa.lt\/wp-content\/uploads\/2022\/04\/facebook_biopapa.jpg","contentUrl":"https:\/\/www.biopapa.lt\/wp-content\/uploads\/2022\/04\/facebook_biopapa.jpg","width":1733,"height":907,"caption":"Biopapa"},"image":{"@id":"https:\/\/www.biopapa.de\/lt\/#\/schema\/logo\/image\/"},"sameAs":["https:\/\/www.facebook.com\/biopapa.lt"]}]}},"_links":{"self":[{"href":"https:\/\/www.biopapa.de\/lt\/wp-json\/wp\/v2\/product\/14237","targetHints":{"allow":["GET"]}}],"collection":[{"href":"https:\/\/www.biopapa.de\/lt\/wp-json\/wp\/v2\/product"}],"about":[{"href":"https:\/\/www.biopapa.de\/lt\/wp-json\/wp\/v2\/types\/product"}],"wp:featuredmedia":[{"embeddable":true,"href":"https:\/\/www.biopapa.de\/lt\/wp-json\/wp\/v2\/media\/15042"}],"wp:attachment":[{"href":"https:\/\/www.biopapa.de\/lt\/wp-json\/wp\/v2\/media?parent=14237"}],"wp:term":[{"taxonomy":"product_brand","embeddable":true,"href":"https:\/\/www.biopapa.de\/lt\/wp-json\/wp\/v2\/product_brand?post=14237"},{"taxonomy":"product_cat","embeddable":true,"href":"https:\/\/www.biopapa.de\/lt\/wp-json\/wp\/v2\/product_cat?post=14237"},{"taxonomy":"product_tag","embeddable":true,"href":"https:\/\/www.biopapa.de\/lt\/wp-json\/wp\/v2\/product_tag?post=14237"}],"curies":[{"name":"wp","href":"https:\/\/api.w.org\/{rel}","templated":true}]}}