{"id":14251,"date":"2021-08-03T19:37:31","date_gmt":"2021-08-03T16:37:31","guid":{"rendered":"https:\/\/www.biopapa.lt\/?post_type=product&#038;p=14251"},"modified":"2026-04-23T09:49:21","modified_gmt":"2026-04-23T06:49:21","slug":"ekologiskos-perlines-kruopos","status":"publish","type":"product","link":"https:\/\/www.biopapa.de\/lt\/producte\/ekologiskos-perlines-kruopos\/","title":{"rendered":"Ekologi\u0161kos perlin\u0117s kruopos"},"content":{"rendered":"<p><strong>Ekologi\u0161kos perlin\u0117s kruopos<\/strong><br \/>\nPerlin\u0117s kruopos \u2013 tai i\u0161 luk\u0161tent\u0173 mie\u017ei\u0173 gaminamos kruopos, pasi\u017eymin\u010dios \u0161velniu skoniu ir maistine verte. Jos yra puikus skaidul\u0173, vitamin\u0173 ir mineral\u0173.<br \/>\nDa\u017enai naudojamos sriuboms, tro\u0161kiniams ar ko\u0161\u0117ms gaminti. Perlin\u0117s kruopos padeda palaikyti ger\u0105 vir\u0161kinim\u0105 ir suteikia ilgalaik\u012f sotumo jausm\u0105.<\/p>\n<p>Paprastas b\u016bdas, kaip paruo\u0161ti perlines kruopas<br \/>\nIngredientai:<br \/>\n1 stiklin\u0117s perlin\u0117s kruopos<br \/>\n3 stiklin\u0117s vandens (arba sultinio \u2013 jei norite daugiau skonio)<br \/>\n\u017diupsnelio druskos<\/p>\n<p>Paruo\u0161imas:<br \/>\nKruopas perplaukite kelis kartus \u0161altu vandeniu, kol vanduo taps skaidrus.<br \/>\nU\u017epilkite kruopas vandeniu ir palikite brinkti 4\u20138 val. arba per nakt\u012f. Tai sutrumpins virimo laik\u0105.<br \/>\n\u012e puod\u0105 supilkite 3 stiklines vandens ar sultinio, suberkite kruopas ir \u017eiupsnel\u012f druskos.<br \/>\nU\u017evirinkite, tada suma\u017einkite ugn\u012f iki silpnos ir virkite 30\u201340 min. (jei nebrinkintos \u2013 iki 1 val.).<br \/>\nNuko\u0161kite, jei reikia, ir palikite kelioms minut\u0117ms \u201epails\u0117ti\u201d puode u\u017edengus dang\u010diu.<br \/>\nPatarimas: Verdant greitpuodyje virimo laikas sutrump\u0117s iki apie 20 min (jeigu mirkytos).<\/p>\n<p><em>PASTABA. \u010cia pateikta informacija negali b\u016bti interpretuojama kaip gydymo ar kitokio pob\u016bd\u017eio sveikatos klausim\u0173 sprendimo rekomendacija. Raginame sprendimus, susijusius su asmenine sveikata, priimti asmeni\u0161kai, \u012fvertinus \u012fvairius informacijos \u0161altinius.<\/em><\/p>\n","protected":false},"excerpt":{"rendered":"<p>Ekologi\u0161kos perlin\u0117s kruopos Perlin\u0117s kruopos \u2013 tai i\u0161 luk\u0161tent\u0173 mie\u017ei\u0173 gaminamos kruopos, pasi\u017eymin\u010dios \u0161velniu skoniu ir maistine verte. Jos yra<\/p>\n","protected":false},"featured_media":15051,"template":"","meta":{"_acf_changed":false},"product_brand":[],"product_cat":[1295],"product_tag":[1636,1378],"class_list":{"0":"post-14251","1":"product","2":"type-product","3":"status-publish","4":"has-post-thumbnail","6":"product_cat-ekologiskos-kruopos-ankstiniai","7":"product_tag-skaidulu-saltinis","8":"product_tag-veganams","9":"pa_svoris-1-kg","10":"pa_svoris-100-g","11":"pa_svoris-200-g","12":"pa_svoris-25-kg","13":"pa_svoris-300-g","14":"pa_svoris-400-g","15":"pa_svoris-500-g","17":"first","18":"instock","19":"shipping-taxable","20":"purchasable","21":"product-type-variable"},"acf":[],"yoast_head":"<!-- This site is optimized with the Yoast SEO plugin v27.5 - https:\/\/yoast.com\/product\/yoast-seo-wordpress\/ -->\n<title>Ekologi\u0161kos perlin\u0117s kruopos - Biopapa<\/title>\n<meta name=\"description\" content=\"Perlin\u0117se mie\u017ei\u0173 kruopose gausu angliavandeni\u0173, ir mineralini\u0173 med\u017eiag\u0173 - magnio, fosforo, kalio, kalcio.\" \/>\n<meta name=\"robots\" content=\"index, follow, max-snippet:-1, max-image-preview:large, max-video-preview:-1\" \/>\n<link rel=\"canonical\" href=\"https:\/\/www.biopapa.de\/lt\/producte\/ekologiskos-perlines-kruopos\/\" \/>\n<meta property=\"og:locale\" content=\"lt_LT\" \/>\n<meta property=\"og:type\" content=\"article\" \/>\n<meta property=\"og:title\" content=\"Ekologi\u0161kos perlin\u0117s kruopos - Biopapa\" \/>\n<meta property=\"og:description\" content=\"Perlin\u0117se mie\u017ei\u0173 kruopose gausu angliavandeni\u0173, ir mineralini\u0173 med\u017eiag\u0173 - magnio, fosforo, kalio, kalcio.\" \/>\n<meta property=\"og:url\" content=\"https:\/\/www.biopapa.de\/lt\/producte\/ekologiskos-perlines-kruopos\/\" \/>\n<meta property=\"og:site_name\" content=\"Biopapa\" \/>\n<meta property=\"article:publisher\" content=\"https:\/\/www.facebook.com\/biopapa.lt\" \/>\n<meta property=\"article:modified_time\" content=\"2026-04-23T06:49:21+00:00\" \/>\n<meta property=\"og:image\" content=\"https:\/\/www.biopapa.de\/wp-content\/uploads\/2021\/08\/779A1455.jpg\" \/>\n\t<meta property=\"og:image:width\" content=\"800\" \/>\n\t<meta property=\"og:image:height\" content=\"640\" \/>\n\t<meta property=\"og:image:type\" content=\"image\/jpeg\" \/>\n<meta name=\"twitter:card\" content=\"summary_large_image\" \/>\n<meta name=\"twitter:label1\" content=\"Est. reading time\" \/>\n\t<meta name=\"twitter:data1\" content=\"2 minut\u0117s\" \/>\n<script type=\"application\/ld+json\" class=\"yoast-schema-graph\">{\"@context\":\"https:\\\/\\\/schema.org\",\"@graph\":[{\"@type\":\"WebPage\",\"@id\":\"https:\\\/\\\/www.biopapa.de\\\/lt\\\/producte\\\/ekologiskos-perlines-kruopos\\\/\",\"url\":\"https:\\\/\\\/www.biopapa.de\\\/lt\\\/producte\\\/ekologiskos-perlines-kruopos\\\/\",\"name\":\"Ekologi\u0161kos perlin\u0117s kruopos - Biopapa\",\"isPartOf\":{\"@id\":\"https:\\\/\\\/www.biopapa.de\\\/lt\\\/#website\"},\"primaryImageOfPage\":{\"@id\":\"https:\\\/\\\/www.biopapa.de\\\/lt\\\/producte\\\/ekologiskos-perlines-kruopos\\\/#primaryimage\"},\"image\":{\"@id\":\"https:\\\/\\\/www.biopapa.de\\\/lt\\\/producte\\\/ekologiskos-perlines-kruopos\\\/#primaryimage\"},\"thumbnailUrl\":\"https:\\\/\\\/www.biopapa.de\\\/wp-content\\\/uploads\\\/2021\\\/08\\\/779A1455.jpg\",\"datePublished\":\"2021-08-03T16:37:31+00:00\",\"dateModified\":\"2026-04-23T06:49:21+00:00\",\"description\":\"Perlin\u0117se mie\u017ei\u0173 kruopose gausu angliavandeni\u0173, ir mineralini\u0173 med\u017eiag\u0173 - magnio, fosforo, kalio, kalcio.\",\"breadcrumb\":{\"@id\":\"https:\\\/\\\/www.biopapa.de\\\/lt\\\/producte\\\/ekologiskos-perlines-kruopos\\\/#breadcrumb\"},\"inLanguage\":\"lt-LT\",\"potentialAction\":[{\"@type\":\"ReadAction\",\"target\":[\"https:\\\/\\\/www.biopapa.de\\\/lt\\\/producte\\\/ekologiskos-perlines-kruopos\\\/\"]}]},{\"@type\":\"ImageObject\",\"inLanguage\":\"lt-LT\",\"@id\":\"https:\\\/\\\/www.biopapa.de\\\/lt\\\/producte\\\/ekologiskos-perlines-kruopos\\\/#primaryimage\",\"url\":\"https:\\\/\\\/www.biopapa.de\\\/wp-content\\\/uploads\\\/2021\\\/08\\\/779A1455.jpg\",\"contentUrl\":\"https:\\\/\\\/www.biopapa.de\\\/wp-content\\\/uploads\\\/2021\\\/08\\\/779A1455.jpg\",\"width\":800,\"height\":640,\"caption\":\"Ekologi\u0161kos perlin\u0117s kruopos RAW\"},{\"@type\":\"BreadcrumbList\",\"@id\":\"https:\\\/\\\/www.biopapa.de\\\/lt\\\/producte\\\/ekologiskos-perlines-kruopos\\\/#breadcrumb\",\"itemListElement\":[{\"@type\":\"ListItem\",\"position\":1,\"name\":\"Home\",\"item\":\"https:\\\/\\\/www.biopapa.de\\\/lt\\\/\"},{\"@type\":\"ListItem\",\"position\":2,\"name\":\"Parduotuv\u0117\",\"item\":\"https:\\\/\\\/www.biopapa.de\\\/parduotuve\\\/\"},{\"@type\":\"ListItem\",\"position\":3,\"name\":\"Ekologi\u0161kos perlin\u0117s kruopos\"}]},{\"@type\":\"WebSite\",\"@id\":\"https:\\\/\\\/www.biopapa.de\\\/lt\\\/#website\",\"url\":\"https:\\\/\\\/www.biopapa.de\\\/lt\\\/\",\"name\":\"Biopapa\",\"description\":\"\u0160var\u016bs ekologi\u0161ki produktai\",\"publisher\":{\"@id\":\"https:\\\/\\\/www.biopapa.de\\\/lt\\\/#organization\"},\"potentialAction\":[{\"@type\":\"SearchAction\",\"target\":{\"@type\":\"EntryPoint\",\"urlTemplate\":\"https:\\\/\\\/www.biopapa.de\\\/lt\\\/?s={search_term_string}\"},\"query-input\":{\"@type\":\"PropertyValueSpecification\",\"valueRequired\":true,\"valueName\":\"search_term_string\"}}],\"inLanguage\":\"lt-LT\"},{\"@type\":\"Organization\",\"@id\":\"https:\\\/\\\/www.biopapa.de\\\/lt\\\/#organization\",\"name\":\"Biopapa\",\"url\":\"https:\\\/\\\/www.biopapa.de\\\/lt\\\/\",\"logo\":{\"@type\":\"ImageObject\",\"inLanguage\":\"lt-LT\",\"@id\":\"https:\\\/\\\/www.biopapa.de\\\/lt\\\/#\\\/schema\\\/logo\\\/image\\\/\",\"url\":\"https:\\\/\\\/www.biopapa.lt\\\/wp-content\\\/uploads\\\/2022\\\/04\\\/facebook_biopapa.jpg\",\"contentUrl\":\"https:\\\/\\\/www.biopapa.lt\\\/wp-content\\\/uploads\\\/2022\\\/04\\\/facebook_biopapa.jpg\",\"width\":1733,\"height\":907,\"caption\":\"Biopapa\"},\"image\":{\"@id\":\"https:\\\/\\\/www.biopapa.de\\\/lt\\\/#\\\/schema\\\/logo\\\/image\\\/\"},\"sameAs\":[\"https:\\\/\\\/www.facebook.com\\\/biopapa.lt\"]}]}<\/script>\n<!-- \/ Yoast SEO plugin. -->","yoast_head_json":{"title":"Ekologi\u0161kos perlin\u0117s kruopos - Biopapa","description":"Perlin\u0117se mie\u017ei\u0173 kruopose gausu angliavandeni\u0173, ir mineralini\u0173 med\u017eiag\u0173 - magnio, fosforo, kalio, kalcio.","robots":{"index":"index","follow":"follow","max-snippet":"max-snippet:-1","max-image-preview":"max-image-preview:large","max-video-preview":"max-video-preview:-1"},"canonical":"https:\/\/www.biopapa.de\/lt\/producte\/ekologiskos-perlines-kruopos\/","og_locale":"lt_LT","og_type":"article","og_title":"Ekologi\u0161kos perlin\u0117s kruopos - Biopapa","og_description":"Perlin\u0117se mie\u017ei\u0173 kruopose gausu angliavandeni\u0173, ir mineralini\u0173 med\u017eiag\u0173 - magnio, fosforo, kalio, kalcio.","og_url":"https:\/\/www.biopapa.de\/lt\/producte\/ekologiskos-perlines-kruopos\/","og_site_name":"Biopapa","article_publisher":"https:\/\/www.facebook.com\/biopapa.lt","article_modified_time":"2026-04-23T06:49:21+00:00","og_image":[{"width":800,"height":640,"url":"https:\/\/www.biopapa.de\/wp-content\/uploads\/2021\/08\/779A1455.jpg","type":"image\/jpeg"}],"twitter_card":"summary_large_image","twitter_misc":{"Est. reading time":"2 minut\u0117s"},"schema":{"@context":"https:\/\/schema.org","@graph":[{"@type":"WebPage","@id":"https:\/\/www.biopapa.de\/lt\/producte\/ekologiskos-perlines-kruopos\/","url":"https:\/\/www.biopapa.de\/lt\/producte\/ekologiskos-perlines-kruopos\/","name":"Ekologi\u0161kos perlin\u0117s kruopos - Biopapa","isPartOf":{"@id":"https:\/\/www.biopapa.de\/lt\/#website"},"primaryImageOfPage":{"@id":"https:\/\/www.biopapa.de\/lt\/producte\/ekologiskos-perlines-kruopos\/#primaryimage"},"image":{"@id":"https:\/\/www.biopapa.de\/lt\/producte\/ekologiskos-perlines-kruopos\/#primaryimage"},"thumbnailUrl":"https:\/\/www.biopapa.de\/wp-content\/uploads\/2021\/08\/779A1455.jpg","datePublished":"2021-08-03T16:37:31+00:00","dateModified":"2026-04-23T06:49:21+00:00","description":"Perlin\u0117se mie\u017ei\u0173 kruopose gausu angliavandeni\u0173, ir mineralini\u0173 med\u017eiag\u0173 - magnio, fosforo, kalio, kalcio.","breadcrumb":{"@id":"https:\/\/www.biopapa.de\/lt\/producte\/ekologiskos-perlines-kruopos\/#breadcrumb"},"inLanguage":"lt-LT","potentialAction":[{"@type":"ReadAction","target":["https:\/\/www.biopapa.de\/lt\/producte\/ekologiskos-perlines-kruopos\/"]}]},{"@type":"ImageObject","inLanguage":"lt-LT","@id":"https:\/\/www.biopapa.de\/lt\/producte\/ekologiskos-perlines-kruopos\/#primaryimage","url":"https:\/\/www.biopapa.de\/wp-content\/uploads\/2021\/08\/779A1455.jpg","contentUrl":"https:\/\/www.biopapa.de\/wp-content\/uploads\/2021\/08\/779A1455.jpg","width":800,"height":640,"caption":"Ekologi\u0161kos perlin\u0117s kruopos RAW"},{"@type":"BreadcrumbList","@id":"https:\/\/www.biopapa.de\/lt\/producte\/ekologiskos-perlines-kruopos\/#breadcrumb","itemListElement":[{"@type":"ListItem","position":1,"name":"Home","item":"https:\/\/www.biopapa.de\/lt\/"},{"@type":"ListItem","position":2,"name":"Parduotuv\u0117","item":"https:\/\/www.biopapa.de\/parduotuve\/"},{"@type":"ListItem","position":3,"name":"Ekologi\u0161kos perlin\u0117s kruopos"}]},{"@type":"WebSite","@id":"https:\/\/www.biopapa.de\/lt\/#website","url":"https:\/\/www.biopapa.de\/lt\/","name":"Biopapa","description":"\u0160var\u016bs ekologi\u0161ki produktai","publisher":{"@id":"https:\/\/www.biopapa.de\/lt\/#organization"},"potentialAction":[{"@type":"SearchAction","target":{"@type":"EntryPoint","urlTemplate":"https:\/\/www.biopapa.de\/lt\/?s={search_term_string}"},"query-input":{"@type":"PropertyValueSpecification","valueRequired":true,"valueName":"search_term_string"}}],"inLanguage":"lt-LT"},{"@type":"Organization","@id":"https:\/\/www.biopapa.de\/lt\/#organization","name":"Biopapa","url":"https:\/\/www.biopapa.de\/lt\/","logo":{"@type":"ImageObject","inLanguage":"lt-LT","@id":"https:\/\/www.biopapa.de\/lt\/#\/schema\/logo\/image\/","url":"https:\/\/www.biopapa.lt\/wp-content\/uploads\/2022\/04\/facebook_biopapa.jpg","contentUrl":"https:\/\/www.biopapa.lt\/wp-content\/uploads\/2022\/04\/facebook_biopapa.jpg","width":1733,"height":907,"caption":"Biopapa"},"image":{"@id":"https:\/\/www.biopapa.de\/lt\/#\/schema\/logo\/image\/"},"sameAs":["https:\/\/www.facebook.com\/biopapa.lt"]}]}},"_links":{"self":[{"href":"https:\/\/www.biopapa.de\/lt\/wp-json\/wp\/v2\/product\/14251","targetHints":{"allow":["GET"]}}],"collection":[{"href":"https:\/\/www.biopapa.de\/lt\/wp-json\/wp\/v2\/product"}],"about":[{"href":"https:\/\/www.biopapa.de\/lt\/wp-json\/wp\/v2\/types\/product"}],"wp:featuredmedia":[{"embeddable":true,"href":"https:\/\/www.biopapa.de\/lt\/wp-json\/wp\/v2\/media\/15051"}],"wp:attachment":[{"href":"https:\/\/www.biopapa.de\/lt\/wp-json\/wp\/v2\/media?parent=14251"}],"wp:term":[{"taxonomy":"product_brand","embeddable":true,"href":"https:\/\/www.biopapa.de\/lt\/wp-json\/wp\/v2\/product_brand?post=14251"},{"taxonomy":"product_cat","embeddable":true,"href":"https:\/\/www.biopapa.de\/lt\/wp-json\/wp\/v2\/product_cat?post=14251"},{"taxonomy":"product_tag","embeddable":true,"href":"https:\/\/www.biopapa.de\/lt\/wp-json\/wp\/v2\/product_tag?post=14251"}],"curies":[{"name":"wp","href":"https:\/\/api.w.org\/{rel}","templated":true}]}}