{"id":14279,"date":"2021-08-03T19:51:50","date_gmt":"2021-08-03T16:51:50","guid":{"rendered":"https:\/\/www.biopapa.lt\/?post_type=product&#038;p=14279"},"modified":"2026-03-23T10:03:43","modified_gmt":"2026-03-23T08:03:43","slug":"ekologiski-skaldyti-raudonieji-lesiai","status":"publish","type":"product","link":"https:\/\/www.biopapa.de\/lt\/producte\/ekologiski-skaldyti-raudonieji-lesiai\/","title":{"rendered":"Ekologi\u0161ki skaldyti raudonieji l\u0119\u0161iai"},"content":{"rendered":"<p>Raudonieji l\u0119\u0161iai, pagrindiniai daugelio pasaulio virtuvi\u0173 patiekalai. \u0160ie l\u0119\u0161iai yra puikus augalini\u0173 baltym\u0173 \u0161altinis, tod\u0117l yra vertingas vegetari\u0161kos ir vegani\u0161kos dietos priedas.<br \/>\nRaudonieji l\u0119\u0161iai, kuriuose gausu maistini\u0173 skaidul\u0173, skatina vir\u0161kinim\u0105, skatina sotumo jausm\u0105 ir padeda reguliuoti cukraus kiek\u012f kraujyje. Juose yra ma\u017eai riebal\u0173 ir kalorij\u0173, tuo pa\u010diu suteikiant didel\u0119 doz\u0119 gyvybi\u0161kai svarbi\u0173 mineral\u0173, toki\u0173 kaip gele\u017eis, kalis ir magnis, kurie yra labai svarb\u016bs bendrai sveikatai. Raudonuosiuose l\u0119\u0161iuose taip pat yra \u012fvairi\u0173 B grup\u0117s vitamin\u0173, \u012fskaitant folio r\u016bg\u0161t\u012f, kuri yra b\u016btina l\u0105steli\u0173 dalijimuisi ir DNR susidarymui. Be to, d\u0117l j\u0173 universalumo gaminant maist\u0105 jie yra puik\u016bs sriub\u0173, tro\u0161kini\u0173, kari\u0173 ir salot\u0173 ingredientai, suteikiantys tiek maistini\u0173 med\u017eiag\u0173, tiek puikios tekst\u016bros \u012fvairiems patiekalams.<br \/>\nTinka vaik\u0173 maistui \u2013 vieni, mai\u0161yti per pus\u0119 su ry\u017eiais, su dar\u017eov\u0117mis.<br \/>\nL\u0119\u0161i\u0173 mirkymas, pasak Ajurvedos, turi \u012fvairi\u0173 privalum\u0173, tai padeda vir\u0161kinimui ir maistini\u0173 med\u017eiag\u0173 \u012fsisavinimui.<\/p>\n<p>Paruo\u0161imas<br \/>\nNuplauti prie\u0161 vartojant, pamirkyti 2-4 val.<br \/>\n1 daliai l\u0119\u0161i\u0173 reikia 2 \u00bd dalies vandens. Virti 15-20 min.<\/p>\n<p><em>PASTABA. \u010cia pateikta informacija negali b\u016bti interpretuojama kaip gydymo ar kitokio pob\u016bd\u017eio sveikatos klausim\u0173 sprendimo rekomendacija. Raginame sprendimus, susijusius su asmenine sveikata, priimti asmeni\u0161kai, \u012fvertinus \u012fvairius informacijos \u0161altinius. <\/em><\/p>\n","protected":false},"excerpt":{"rendered":"<p>Raudonieji l\u0119\u0161iai, pagrindiniai daugelio pasaulio virtuvi\u0173 patiekalai. \u0160ie l\u0119\u0161iai yra puikus augalini\u0173 baltym\u0173 \u0161altinis, tod\u0117l yra vertingas vegetari\u0161kos ir vegani\u0161kos<\/p>\n","protected":false},"featured_media":15039,"template":"","meta":{"_acf_changed":false},"product_brand":[],"product_cat":[1933,1295],"product_tag":[1433,1636,1378],"class_list":{"0":"post-14279","1":"product","2":"type-product","3":"status-publish","4":"has-post-thumbnail","6":"product_cat-ankstiniai","7":"product_cat-ekologiskos-kruopos-ankstiniai","8":"product_tag-baltymu-saltinis","9":"product_tag-skaidulu-saltinis","10":"product_tag-veganams","11":"pa_svoris-1-kg","12":"pa_svoris-100-g","13":"pa_svoris-200-g","14":"pa_svoris-25-kg","15":"pa_svoris-300-g","16":"pa_svoris-400-g","17":"pa_svoris-500-g","19":"first","20":"instock","21":"shipping-taxable","22":"purchasable","23":"product-type-variable"},"acf":[],"yoast_head":"<!-- This site is optimized with the Yoast SEO plugin v27.5 - https:\/\/yoast.com\/product\/yoast-seo-wordpress\/ -->\n<title>Ekologi\u0161ki skaldyti raudonieji l\u0119\u0161iai - Biopapa<\/title>\n<meta name=\"description\" content=\"Ekologi\u0161ki raudonieji l\u0119\u0161iai, pagrindiniai daugelio pasaulio virtuvi\u0173 patiekalai. \u0160ie l\u0119\u0161iai yra puikus augalini\u0173 baltym\u0173 \u0161altinis, tod\u0117l yra vertingas vegetari\u0161kos ir vegani\u0161kos dietos priedas.\" \/>\n<meta name=\"robots\" content=\"index, follow, max-snippet:-1, max-image-preview:large, max-video-preview:-1\" \/>\n<link rel=\"canonical\" href=\"https:\/\/www.biopapa.de\/lt\/producte\/ekologiski-skaldyti-raudonieji-lesiai\/\" \/>\n<meta property=\"og:locale\" content=\"lt_LT\" \/>\n<meta property=\"og:type\" content=\"article\" \/>\n<meta property=\"og:title\" content=\"Ekologi\u0161ki skaldyti raudonieji l\u0119\u0161iai - Biopapa\" \/>\n<meta property=\"og:description\" content=\"Ekologi\u0161ki raudonieji l\u0119\u0161iai, pagrindiniai daugelio pasaulio virtuvi\u0173 patiekalai. \u0160ie l\u0119\u0161iai yra puikus augalini\u0173 baltym\u0173 \u0161altinis, tod\u0117l yra vertingas vegetari\u0161kos ir vegani\u0161kos dietos priedas.\" \/>\n<meta property=\"og:url\" content=\"https:\/\/www.biopapa.de\/lt\/producte\/ekologiski-skaldyti-raudonieji-lesiai\/\" \/>\n<meta property=\"og:site_name\" content=\"Biopapa\" \/>\n<meta property=\"article:publisher\" content=\"https:\/\/www.facebook.com\/biopapa.lt\" \/>\n<meta property=\"article:modified_time\" content=\"2026-03-23T08:03:43+00:00\" \/>\n<meta property=\"og:image\" content=\"https:\/\/www.biopapa.de\/wp-content\/uploads\/2021\/08\/779A1440.jpg\" \/>\n\t<meta property=\"og:image:width\" content=\"800\" \/>\n\t<meta property=\"og:image:height\" content=\"640\" \/>\n\t<meta property=\"og:image:type\" content=\"image\/jpeg\" \/>\n<meta name=\"twitter:card\" content=\"summary_large_image\" \/>\n<script type=\"application\/ld+json\" class=\"yoast-schema-graph\">{\"@context\":\"https:\\\/\\\/schema.org\",\"@graph\":[{\"@type\":\"WebPage\",\"@id\":\"https:\\\/\\\/www.biopapa.de\\\/lt\\\/producte\\\/ekologiski-skaldyti-raudonieji-lesiai\\\/\",\"url\":\"https:\\\/\\\/www.biopapa.de\\\/lt\\\/producte\\\/ekologiski-skaldyti-raudonieji-lesiai\\\/\",\"name\":\"Ekologi\u0161ki skaldyti raudonieji l\u0119\u0161iai - Biopapa\",\"isPartOf\":{\"@id\":\"https:\\\/\\\/www.biopapa.de\\\/lt\\\/#website\"},\"primaryImageOfPage\":{\"@id\":\"https:\\\/\\\/www.biopapa.de\\\/lt\\\/producte\\\/ekologiski-skaldyti-raudonieji-lesiai\\\/#primaryimage\"},\"image\":{\"@id\":\"https:\\\/\\\/www.biopapa.de\\\/lt\\\/producte\\\/ekologiski-skaldyti-raudonieji-lesiai\\\/#primaryimage\"},\"thumbnailUrl\":\"https:\\\/\\\/www.biopapa.de\\\/wp-content\\\/uploads\\\/2021\\\/08\\\/779A1440.jpg\",\"datePublished\":\"2021-08-03T16:51:50+00:00\",\"dateModified\":\"2026-03-23T08:03:43+00:00\",\"description\":\"Ekologi\u0161ki raudonieji l\u0119\u0161iai, pagrindiniai daugelio pasaulio virtuvi\u0173 patiekalai. \u0160ie l\u0119\u0161iai yra puikus augalini\u0173 baltym\u0173 \u0161altinis, tod\u0117l yra vertingas vegetari\u0161kos ir vegani\u0161kos dietos priedas.\",\"breadcrumb\":{\"@id\":\"https:\\\/\\\/www.biopapa.de\\\/lt\\\/producte\\\/ekologiski-skaldyti-raudonieji-lesiai\\\/#breadcrumb\"},\"inLanguage\":\"lt-LT\",\"potentialAction\":[{\"@type\":\"ReadAction\",\"target\":[\"https:\\\/\\\/www.biopapa.de\\\/lt\\\/producte\\\/ekologiski-skaldyti-raudonieji-lesiai\\\/\"]}]},{\"@type\":\"ImageObject\",\"inLanguage\":\"lt-LT\",\"@id\":\"https:\\\/\\\/www.biopapa.de\\\/lt\\\/producte\\\/ekologiski-skaldyti-raudonieji-lesiai\\\/#primaryimage\",\"url\":\"https:\\\/\\\/www.biopapa.de\\\/wp-content\\\/uploads\\\/2021\\\/08\\\/779A1440.jpg\",\"contentUrl\":\"https:\\\/\\\/www.biopapa.de\\\/wp-content\\\/uploads\\\/2021\\\/08\\\/779A1440.jpg\",\"width\":800,\"height\":640,\"caption\":\"Ekologi\u0161ki skaldyti raudonieji l\u0119\u0161iai\"},{\"@type\":\"BreadcrumbList\",\"@id\":\"https:\\\/\\\/www.biopapa.de\\\/lt\\\/producte\\\/ekologiski-skaldyti-raudonieji-lesiai\\\/#breadcrumb\",\"itemListElement\":[{\"@type\":\"ListItem\",\"position\":1,\"name\":\"Home\",\"item\":\"https:\\\/\\\/www.biopapa.de\\\/lt\\\/\"},{\"@type\":\"ListItem\",\"position\":2,\"name\":\"Parduotuv\u0117\",\"item\":\"https:\\\/\\\/www.biopapa.de\\\/parduotuve\\\/\"},{\"@type\":\"ListItem\",\"position\":3,\"name\":\"Ekologi\u0161ki skaldyti raudonieji l\u0119\u0161iai\"}]},{\"@type\":\"WebSite\",\"@id\":\"https:\\\/\\\/www.biopapa.de\\\/lt\\\/#website\",\"url\":\"https:\\\/\\\/www.biopapa.de\\\/lt\\\/\",\"name\":\"Biopapa\",\"description\":\"\u0160var\u016bs ekologi\u0161ki produktai\",\"publisher\":{\"@id\":\"https:\\\/\\\/www.biopapa.de\\\/lt\\\/#organization\"},\"potentialAction\":[{\"@type\":\"SearchAction\",\"target\":{\"@type\":\"EntryPoint\",\"urlTemplate\":\"https:\\\/\\\/www.biopapa.de\\\/lt\\\/?s={search_term_string}\"},\"query-input\":{\"@type\":\"PropertyValueSpecification\",\"valueRequired\":true,\"valueName\":\"search_term_string\"}}],\"inLanguage\":\"lt-LT\"},{\"@type\":\"Organization\",\"@id\":\"https:\\\/\\\/www.biopapa.de\\\/lt\\\/#organization\",\"name\":\"Biopapa\",\"url\":\"https:\\\/\\\/www.biopapa.de\\\/lt\\\/\",\"logo\":{\"@type\":\"ImageObject\",\"inLanguage\":\"lt-LT\",\"@id\":\"https:\\\/\\\/www.biopapa.de\\\/lt\\\/#\\\/schema\\\/logo\\\/image\\\/\",\"url\":\"https:\\\/\\\/www.biopapa.lt\\\/wp-content\\\/uploads\\\/2022\\\/04\\\/facebook_biopapa.jpg\",\"contentUrl\":\"https:\\\/\\\/www.biopapa.lt\\\/wp-content\\\/uploads\\\/2022\\\/04\\\/facebook_biopapa.jpg\",\"width\":1733,\"height\":907,\"caption\":\"Biopapa\"},\"image\":{\"@id\":\"https:\\\/\\\/www.biopapa.de\\\/lt\\\/#\\\/schema\\\/logo\\\/image\\\/\"},\"sameAs\":[\"https:\\\/\\\/www.facebook.com\\\/biopapa.lt\"]}]}<\/script>\n<!-- \/ Yoast SEO plugin. -->","yoast_head_json":{"title":"Ekologi\u0161ki skaldyti raudonieji l\u0119\u0161iai - Biopapa","description":"Ekologi\u0161ki raudonieji l\u0119\u0161iai, pagrindiniai daugelio pasaulio virtuvi\u0173 patiekalai. \u0160ie l\u0119\u0161iai yra puikus augalini\u0173 baltym\u0173 \u0161altinis, tod\u0117l yra vertingas vegetari\u0161kos ir vegani\u0161kos dietos priedas.","robots":{"index":"index","follow":"follow","max-snippet":"max-snippet:-1","max-image-preview":"max-image-preview:large","max-video-preview":"max-video-preview:-1"},"canonical":"https:\/\/www.biopapa.de\/lt\/producte\/ekologiski-skaldyti-raudonieji-lesiai\/","og_locale":"lt_LT","og_type":"article","og_title":"Ekologi\u0161ki skaldyti raudonieji l\u0119\u0161iai - Biopapa","og_description":"Ekologi\u0161ki raudonieji l\u0119\u0161iai, pagrindiniai daugelio pasaulio virtuvi\u0173 patiekalai. \u0160ie l\u0119\u0161iai yra puikus augalini\u0173 baltym\u0173 \u0161altinis, tod\u0117l yra vertingas vegetari\u0161kos ir vegani\u0161kos dietos priedas.","og_url":"https:\/\/www.biopapa.de\/lt\/producte\/ekologiski-skaldyti-raudonieji-lesiai\/","og_site_name":"Biopapa","article_publisher":"https:\/\/www.facebook.com\/biopapa.lt","article_modified_time":"2026-03-23T08:03:43+00:00","og_image":[{"width":800,"height":640,"url":"https:\/\/www.biopapa.de\/wp-content\/uploads\/2021\/08\/779A1440.jpg","type":"image\/jpeg"}],"twitter_card":"summary_large_image","schema":{"@context":"https:\/\/schema.org","@graph":[{"@type":"WebPage","@id":"https:\/\/www.biopapa.de\/lt\/producte\/ekologiski-skaldyti-raudonieji-lesiai\/","url":"https:\/\/www.biopapa.de\/lt\/producte\/ekologiski-skaldyti-raudonieji-lesiai\/","name":"Ekologi\u0161ki skaldyti raudonieji l\u0119\u0161iai - Biopapa","isPartOf":{"@id":"https:\/\/www.biopapa.de\/lt\/#website"},"primaryImageOfPage":{"@id":"https:\/\/www.biopapa.de\/lt\/producte\/ekologiski-skaldyti-raudonieji-lesiai\/#primaryimage"},"image":{"@id":"https:\/\/www.biopapa.de\/lt\/producte\/ekologiski-skaldyti-raudonieji-lesiai\/#primaryimage"},"thumbnailUrl":"https:\/\/www.biopapa.de\/wp-content\/uploads\/2021\/08\/779A1440.jpg","datePublished":"2021-08-03T16:51:50+00:00","dateModified":"2026-03-23T08:03:43+00:00","description":"Ekologi\u0161ki raudonieji l\u0119\u0161iai, pagrindiniai daugelio pasaulio virtuvi\u0173 patiekalai. \u0160ie l\u0119\u0161iai yra puikus augalini\u0173 baltym\u0173 \u0161altinis, tod\u0117l yra vertingas vegetari\u0161kos ir vegani\u0161kos dietos priedas.","breadcrumb":{"@id":"https:\/\/www.biopapa.de\/lt\/producte\/ekologiski-skaldyti-raudonieji-lesiai\/#breadcrumb"},"inLanguage":"lt-LT","potentialAction":[{"@type":"ReadAction","target":["https:\/\/www.biopapa.de\/lt\/producte\/ekologiski-skaldyti-raudonieji-lesiai\/"]}]},{"@type":"ImageObject","inLanguage":"lt-LT","@id":"https:\/\/www.biopapa.de\/lt\/producte\/ekologiski-skaldyti-raudonieji-lesiai\/#primaryimage","url":"https:\/\/www.biopapa.de\/wp-content\/uploads\/2021\/08\/779A1440.jpg","contentUrl":"https:\/\/www.biopapa.de\/wp-content\/uploads\/2021\/08\/779A1440.jpg","width":800,"height":640,"caption":"Ekologi\u0161ki skaldyti raudonieji l\u0119\u0161iai"},{"@type":"BreadcrumbList","@id":"https:\/\/www.biopapa.de\/lt\/producte\/ekologiski-skaldyti-raudonieji-lesiai\/#breadcrumb","itemListElement":[{"@type":"ListItem","position":1,"name":"Home","item":"https:\/\/www.biopapa.de\/lt\/"},{"@type":"ListItem","position":2,"name":"Parduotuv\u0117","item":"https:\/\/www.biopapa.de\/parduotuve\/"},{"@type":"ListItem","position":3,"name":"Ekologi\u0161ki skaldyti raudonieji l\u0119\u0161iai"}]},{"@type":"WebSite","@id":"https:\/\/www.biopapa.de\/lt\/#website","url":"https:\/\/www.biopapa.de\/lt\/","name":"Biopapa","description":"\u0160var\u016bs ekologi\u0161ki produktai","publisher":{"@id":"https:\/\/www.biopapa.de\/lt\/#organization"},"potentialAction":[{"@type":"SearchAction","target":{"@type":"EntryPoint","urlTemplate":"https:\/\/www.biopapa.de\/lt\/?s={search_term_string}"},"query-input":{"@type":"PropertyValueSpecification","valueRequired":true,"valueName":"search_term_string"}}],"inLanguage":"lt-LT"},{"@type":"Organization","@id":"https:\/\/www.biopapa.de\/lt\/#organization","name":"Biopapa","url":"https:\/\/www.biopapa.de\/lt\/","logo":{"@type":"ImageObject","inLanguage":"lt-LT","@id":"https:\/\/www.biopapa.de\/lt\/#\/schema\/logo\/image\/","url":"https:\/\/www.biopapa.lt\/wp-content\/uploads\/2022\/04\/facebook_biopapa.jpg","contentUrl":"https:\/\/www.biopapa.lt\/wp-content\/uploads\/2022\/04\/facebook_biopapa.jpg","width":1733,"height":907,"caption":"Biopapa"},"image":{"@id":"https:\/\/www.biopapa.de\/lt\/#\/schema\/logo\/image\/"},"sameAs":["https:\/\/www.facebook.com\/biopapa.lt"]}]}},"_links":{"self":[{"href":"https:\/\/www.biopapa.de\/lt\/wp-json\/wp\/v2\/product\/14279","targetHints":{"allow":["GET"]}}],"collection":[{"href":"https:\/\/www.biopapa.de\/lt\/wp-json\/wp\/v2\/product"}],"about":[{"href":"https:\/\/www.biopapa.de\/lt\/wp-json\/wp\/v2\/types\/product"}],"wp:featuredmedia":[{"embeddable":true,"href":"https:\/\/www.biopapa.de\/lt\/wp-json\/wp\/v2\/media\/15039"}],"wp:attachment":[{"href":"https:\/\/www.biopapa.de\/lt\/wp-json\/wp\/v2\/media?parent=14279"}],"wp:term":[{"taxonomy":"product_brand","embeddable":true,"href":"https:\/\/www.biopapa.de\/lt\/wp-json\/wp\/v2\/product_brand?post=14279"},{"taxonomy":"product_cat","embeddable":true,"href":"https:\/\/www.biopapa.de\/lt\/wp-json\/wp\/v2\/product_cat?post=14279"},{"taxonomy":"product_tag","embeddable":true,"href":"https:\/\/www.biopapa.de\/lt\/wp-json\/wp\/v2\/product_tag?post=14279"}],"curies":[{"name":"wp","href":"https:\/\/api.w.org\/{rel}","templated":true}]}}