{"id":14765,"date":"2021-09-02T11:04:33","date_gmt":"2021-09-02T08:04:33","guid":{"rendered":"https:\/\/www.biopapa.lt\/?post_type=product&#038;p=14765"},"modified":"2026-02-04T14:37:42","modified_gmt":"2026-02-04T12:37:42","slug":"himalaju-druska-rupi","status":"publish","type":"product","link":"https:\/\/www.biopapa.de\/lt\/producte\/himalaju-druska-rupi\/","title":{"rendered":"Himalaj\u0173 druska, rupi"},"content":{"rendered":"<p><strong>Himalaj\u0173 druska<\/strong>, da\u017enai i\u0161siskirianti savo ro\u017eine spalva, yra vertinama d\u0117l savo privalum\u0173, d\u0117l jos mineral\u0173 turinio. Mineralai yra b\u016btini palaikant sveik\u0105 elektrolit\u0173 pusiausvyr\u0105 organizme, skatinant hidratacij\u0105, gerinant maistini\u0173 med\u017eiag\u0173 \u012fsisavinim\u0105 ir padedant detoksikuoti k\u016bn\u0105 subalansuojant sistemin\u012f pH.<br \/>\nBe to, manoma, kad \u0161ildoma Himalaj\u0173 druska galimai sukuria neigiamus jonus, kurie gali valyti or\u0105, taip gerinant protin\u012f ai\u0161kum\u0105 ir ma\u017einant streso lyg\u012f. Ji taip pat naudojama druskos lempose ir spa proced\u016brose odos sveikatai, d\u0117ka jos mineral\u0173 turinio.<br \/>\nNors Himalaj\u0173 druska gali b\u016bti sveikesn\u0117 alternatyva apdorotai stalo druskai d\u0117l jos nat\u016bralios kilm\u0117s ir minimalaus apdorojimo, svarbu naudoti j\u0105 saikingai kaip dal\u012f subalansuotos mitybos.<\/p>\n<p>PASTABA.\u00a0Svetain\u0117je pateikiama informacija negali b\u016bti interpretuojama kaip gydymo ar kitokio pob\u016bd\u017eio sveikatos klausim\u0173 sprendimo rekomendacija.<br \/>\nRaginame sprendimus, susijusius su asmenine sveikata, priimti asmeni\u0161kai, \u012fvertinus \u012fvairius informacijos \u0161altinius.<\/p>\n<p>&nbsp;<\/p>\n","protected":false},"excerpt":{"rendered":"<p>Himalaj\u0173 druska, da\u017enai i\u0161siskirianti savo ro\u017eine spalva, yra vertinama d\u0117l savo privalum\u0173, d\u0117l jos mineral\u0173 turinio. Mineralai yra b\u016btini palaikant<\/p>\n","protected":false},"featured_media":15022,"template":"","meta":{"_acf_changed":false},"product_brand":[],"product_cat":[2337,1318],"product_tag":[1380,1378],"class_list":{"0":"post-14765","1":"product","2":"type-product","3":"status-publish","4":"has-post-thumbnail","6":"product_cat-priedai-maistui-ruosti","7":"product_cat-ekologiski-saldikliai-druska","8":"product_tag-keto-mityba","9":"product_tag-veganams","10":"pa_svoris-1-kg","11":"pa_svoris-100-g","12":"pa_svoris-200-g","13":"pa_svoris-25-kg","14":"pa_svoris-300-g","15":"pa_svoris-400-g","16":"pa_svoris-500-g","18":"first","19":"instock","20":"shipping-taxable","21":"purchasable","22":"product-type-variable"},"acf":[],"yoast_head":"<!-- This site is optimized with the Yoast SEO plugin v27.5 - https:\/\/yoast.com\/product\/yoast-seo-wordpress\/ -->\n<title>Himalaj\u0173 druska, rupi - Biopapa<\/title>\n<meta name=\"description\" content=\"Himalaj\u0173 druska, da\u017enai i\u0161siskirianti savo ro\u017eine spalva, yra vertinama d\u0117l savo privalum\u0173, d\u0117l jos mineral\u0173 turinio.\" \/>\n<meta name=\"robots\" content=\"index, follow, max-snippet:-1, max-image-preview:large, max-video-preview:-1\" \/>\n<link rel=\"canonical\" href=\"https:\/\/www.biopapa.de\/lt\/producte\/himalaju-druska-rupi\/\" \/>\n<meta property=\"og:locale\" content=\"lt_LT\" \/>\n<meta property=\"og:type\" content=\"article\" \/>\n<meta property=\"og:title\" content=\"Himalaj\u0173 druska, rupi - Biopapa\" \/>\n<meta property=\"og:description\" content=\"Himalaj\u0173 druska, da\u017enai i\u0161siskirianti savo ro\u017eine spalva, yra vertinama d\u0117l savo privalum\u0173, d\u0117l jos mineral\u0173 turinio.\" \/>\n<meta property=\"og:url\" content=\"https:\/\/www.biopapa.de\/lt\/producte\/himalaju-druska-rupi\/\" \/>\n<meta property=\"og:site_name\" content=\"Biopapa\" \/>\n<meta property=\"article:publisher\" content=\"https:\/\/www.facebook.com\/biopapa.lt\" \/>\n<meta property=\"article:modified_time\" content=\"2026-02-04T12:37:42+00:00\" \/>\n<meta property=\"og:image\" content=\"https:\/\/www.biopapa.de\/wp-content\/uploads\/2021\/09\/779A1644.jpg\" \/>\n\t<meta property=\"og:image:width\" content=\"800\" \/>\n\t<meta property=\"og:image:height\" content=\"640\" \/>\n\t<meta property=\"og:image:type\" content=\"image\/jpeg\" \/>\n<meta name=\"twitter:card\" content=\"summary_large_image\" \/>\n<meta name=\"twitter:label1\" content=\"Est. reading time\" \/>\n\t<meta name=\"twitter:data1\" content=\"1 minut\u0117\" \/>\n<script type=\"application\/ld+json\" class=\"yoast-schema-graph\">{\"@context\":\"https:\\\/\\\/schema.org\",\"@graph\":[{\"@type\":\"WebPage\",\"@id\":\"https:\\\/\\\/www.biopapa.de\\\/lt\\\/producte\\\/himalaju-druska-rupi\\\/\",\"url\":\"https:\\\/\\\/www.biopapa.de\\\/lt\\\/producte\\\/himalaju-druska-rupi\\\/\",\"name\":\"Himalaj\u0173 druska, rupi - Biopapa\",\"isPartOf\":{\"@id\":\"https:\\\/\\\/www.biopapa.de\\\/lt\\\/#website\"},\"primaryImageOfPage\":{\"@id\":\"https:\\\/\\\/www.biopapa.de\\\/lt\\\/producte\\\/himalaju-druska-rupi\\\/#primaryimage\"},\"image\":{\"@id\":\"https:\\\/\\\/www.biopapa.de\\\/lt\\\/producte\\\/himalaju-druska-rupi\\\/#primaryimage\"},\"thumbnailUrl\":\"https:\\\/\\\/www.biopapa.de\\\/wp-content\\\/uploads\\\/2021\\\/09\\\/779A1644.jpg\",\"datePublished\":\"2021-09-02T08:04:33+00:00\",\"dateModified\":\"2026-02-04T12:37:42+00:00\",\"description\":\"Himalaj\u0173 druska, da\u017enai i\u0161siskirianti savo ro\u017eine spalva, yra vertinama d\u0117l savo privalum\u0173, d\u0117l jos mineral\u0173 turinio.\",\"breadcrumb\":{\"@id\":\"https:\\\/\\\/www.biopapa.de\\\/lt\\\/producte\\\/himalaju-druska-rupi\\\/#breadcrumb\"},\"inLanguage\":\"lt-LT\",\"potentialAction\":[{\"@type\":\"ReadAction\",\"target\":[\"https:\\\/\\\/www.biopapa.de\\\/lt\\\/producte\\\/himalaju-druska-rupi\\\/\"]}]},{\"@type\":\"ImageObject\",\"inLanguage\":\"lt-LT\",\"@id\":\"https:\\\/\\\/www.biopapa.de\\\/lt\\\/producte\\\/himalaju-druska-rupi\\\/#primaryimage\",\"url\":\"https:\\\/\\\/www.biopapa.de\\\/wp-content\\\/uploads\\\/2021\\\/09\\\/779A1644.jpg\",\"contentUrl\":\"https:\\\/\\\/www.biopapa.de\\\/wp-content\\\/uploads\\\/2021\\\/09\\\/779A1644.jpg\",\"width\":800,\"height\":640,\"caption\":\"Himalaj\u0173 druska, rupi\"},{\"@type\":\"BreadcrumbList\",\"@id\":\"https:\\\/\\\/www.biopapa.de\\\/lt\\\/producte\\\/himalaju-druska-rupi\\\/#breadcrumb\",\"itemListElement\":[{\"@type\":\"ListItem\",\"position\":1,\"name\":\"Home\",\"item\":\"https:\\\/\\\/www.biopapa.de\\\/lt\\\/\"},{\"@type\":\"ListItem\",\"position\":2,\"name\":\"Parduotuv\u0117\",\"item\":\"https:\\\/\\\/www.biopapa.de\\\/parduotuve\\\/\"},{\"@type\":\"ListItem\",\"position\":3,\"name\":\"Himalaj\u0173 druska, rupi\"}]},{\"@type\":\"WebSite\",\"@id\":\"https:\\\/\\\/www.biopapa.de\\\/lt\\\/#website\",\"url\":\"https:\\\/\\\/www.biopapa.de\\\/lt\\\/\",\"name\":\"Biopapa\",\"description\":\"\u0160var\u016bs ekologi\u0161ki produktai\",\"publisher\":{\"@id\":\"https:\\\/\\\/www.biopapa.de\\\/lt\\\/#organization\"},\"potentialAction\":[{\"@type\":\"SearchAction\",\"target\":{\"@type\":\"EntryPoint\",\"urlTemplate\":\"https:\\\/\\\/www.biopapa.de\\\/lt\\\/?s={search_term_string}\"},\"query-input\":{\"@type\":\"PropertyValueSpecification\",\"valueRequired\":true,\"valueName\":\"search_term_string\"}}],\"inLanguage\":\"lt-LT\"},{\"@type\":\"Organization\",\"@id\":\"https:\\\/\\\/www.biopapa.de\\\/lt\\\/#organization\",\"name\":\"Biopapa\",\"url\":\"https:\\\/\\\/www.biopapa.de\\\/lt\\\/\",\"logo\":{\"@type\":\"ImageObject\",\"inLanguage\":\"lt-LT\",\"@id\":\"https:\\\/\\\/www.biopapa.de\\\/lt\\\/#\\\/schema\\\/logo\\\/image\\\/\",\"url\":\"https:\\\/\\\/www.biopapa.lt\\\/wp-content\\\/uploads\\\/2022\\\/04\\\/facebook_biopapa.jpg\",\"contentUrl\":\"https:\\\/\\\/www.biopapa.lt\\\/wp-content\\\/uploads\\\/2022\\\/04\\\/facebook_biopapa.jpg\",\"width\":1733,\"height\":907,\"caption\":\"Biopapa\"},\"image\":{\"@id\":\"https:\\\/\\\/www.biopapa.de\\\/lt\\\/#\\\/schema\\\/logo\\\/image\\\/\"},\"sameAs\":[\"https:\\\/\\\/www.facebook.com\\\/biopapa.lt\"]}]}<\/script>\n<!-- \/ Yoast SEO plugin. -->","yoast_head_json":{"title":"Himalaj\u0173 druska, rupi - Biopapa","description":"Himalaj\u0173 druska, da\u017enai i\u0161siskirianti savo ro\u017eine spalva, yra vertinama d\u0117l savo privalum\u0173, d\u0117l jos mineral\u0173 turinio.","robots":{"index":"index","follow":"follow","max-snippet":"max-snippet:-1","max-image-preview":"max-image-preview:large","max-video-preview":"max-video-preview:-1"},"canonical":"https:\/\/www.biopapa.de\/lt\/producte\/himalaju-druska-rupi\/","og_locale":"lt_LT","og_type":"article","og_title":"Himalaj\u0173 druska, rupi - Biopapa","og_description":"Himalaj\u0173 druska, da\u017enai i\u0161siskirianti savo ro\u017eine spalva, yra vertinama d\u0117l savo privalum\u0173, d\u0117l jos mineral\u0173 turinio.","og_url":"https:\/\/www.biopapa.de\/lt\/producte\/himalaju-druska-rupi\/","og_site_name":"Biopapa","article_publisher":"https:\/\/www.facebook.com\/biopapa.lt","article_modified_time":"2026-02-04T12:37:42+00:00","og_image":[{"width":800,"height":640,"url":"https:\/\/www.biopapa.de\/wp-content\/uploads\/2021\/09\/779A1644.jpg","type":"image\/jpeg"}],"twitter_card":"summary_large_image","twitter_misc":{"Est. reading time":"1 minut\u0117"},"schema":{"@context":"https:\/\/schema.org","@graph":[{"@type":"WebPage","@id":"https:\/\/www.biopapa.de\/lt\/producte\/himalaju-druska-rupi\/","url":"https:\/\/www.biopapa.de\/lt\/producte\/himalaju-druska-rupi\/","name":"Himalaj\u0173 druska, rupi - Biopapa","isPartOf":{"@id":"https:\/\/www.biopapa.de\/lt\/#website"},"primaryImageOfPage":{"@id":"https:\/\/www.biopapa.de\/lt\/producte\/himalaju-druska-rupi\/#primaryimage"},"image":{"@id":"https:\/\/www.biopapa.de\/lt\/producte\/himalaju-druska-rupi\/#primaryimage"},"thumbnailUrl":"https:\/\/www.biopapa.de\/wp-content\/uploads\/2021\/09\/779A1644.jpg","datePublished":"2021-09-02T08:04:33+00:00","dateModified":"2026-02-04T12:37:42+00:00","description":"Himalaj\u0173 druska, da\u017enai i\u0161siskirianti savo ro\u017eine spalva, yra vertinama d\u0117l savo privalum\u0173, d\u0117l jos mineral\u0173 turinio.","breadcrumb":{"@id":"https:\/\/www.biopapa.de\/lt\/producte\/himalaju-druska-rupi\/#breadcrumb"},"inLanguage":"lt-LT","potentialAction":[{"@type":"ReadAction","target":["https:\/\/www.biopapa.de\/lt\/producte\/himalaju-druska-rupi\/"]}]},{"@type":"ImageObject","inLanguage":"lt-LT","@id":"https:\/\/www.biopapa.de\/lt\/producte\/himalaju-druska-rupi\/#primaryimage","url":"https:\/\/www.biopapa.de\/wp-content\/uploads\/2021\/09\/779A1644.jpg","contentUrl":"https:\/\/www.biopapa.de\/wp-content\/uploads\/2021\/09\/779A1644.jpg","width":800,"height":640,"caption":"Himalaj\u0173 druska, rupi"},{"@type":"BreadcrumbList","@id":"https:\/\/www.biopapa.de\/lt\/producte\/himalaju-druska-rupi\/#breadcrumb","itemListElement":[{"@type":"ListItem","position":1,"name":"Home","item":"https:\/\/www.biopapa.de\/lt\/"},{"@type":"ListItem","position":2,"name":"Parduotuv\u0117","item":"https:\/\/www.biopapa.de\/parduotuve\/"},{"@type":"ListItem","position":3,"name":"Himalaj\u0173 druska, rupi"}]},{"@type":"WebSite","@id":"https:\/\/www.biopapa.de\/lt\/#website","url":"https:\/\/www.biopapa.de\/lt\/","name":"Biopapa","description":"\u0160var\u016bs ekologi\u0161ki produktai","publisher":{"@id":"https:\/\/www.biopapa.de\/lt\/#organization"},"potentialAction":[{"@type":"SearchAction","target":{"@type":"EntryPoint","urlTemplate":"https:\/\/www.biopapa.de\/lt\/?s={search_term_string}"},"query-input":{"@type":"PropertyValueSpecification","valueRequired":true,"valueName":"search_term_string"}}],"inLanguage":"lt-LT"},{"@type":"Organization","@id":"https:\/\/www.biopapa.de\/lt\/#organization","name":"Biopapa","url":"https:\/\/www.biopapa.de\/lt\/","logo":{"@type":"ImageObject","inLanguage":"lt-LT","@id":"https:\/\/www.biopapa.de\/lt\/#\/schema\/logo\/image\/","url":"https:\/\/www.biopapa.lt\/wp-content\/uploads\/2022\/04\/facebook_biopapa.jpg","contentUrl":"https:\/\/www.biopapa.lt\/wp-content\/uploads\/2022\/04\/facebook_biopapa.jpg","width":1733,"height":907,"caption":"Biopapa"},"image":{"@id":"https:\/\/www.biopapa.de\/lt\/#\/schema\/logo\/image\/"},"sameAs":["https:\/\/www.facebook.com\/biopapa.lt"]}]}},"_links":{"self":[{"href":"https:\/\/www.biopapa.de\/lt\/wp-json\/wp\/v2\/product\/14765","targetHints":{"allow":["GET"]}}],"collection":[{"href":"https:\/\/www.biopapa.de\/lt\/wp-json\/wp\/v2\/product"}],"about":[{"href":"https:\/\/www.biopapa.de\/lt\/wp-json\/wp\/v2\/types\/product"}],"wp:featuredmedia":[{"embeddable":true,"href":"https:\/\/www.biopapa.de\/lt\/wp-json\/wp\/v2\/media\/15022"}],"wp:attachment":[{"href":"https:\/\/www.biopapa.de\/lt\/wp-json\/wp\/v2\/media?parent=14765"}],"wp:term":[{"taxonomy":"product_brand","embeddable":true,"href":"https:\/\/www.biopapa.de\/lt\/wp-json\/wp\/v2\/product_brand?post=14765"},{"taxonomy":"product_cat","embeddable":true,"href":"https:\/\/www.biopapa.de\/lt\/wp-json\/wp\/v2\/product_cat?post=14765"},{"taxonomy":"product_tag","embeddable":true,"href":"https:\/\/www.biopapa.de\/lt\/wp-json\/wp\/v2\/product_tag?post=14765"}],"curies":[{"name":"wp","href":"https:\/\/api.w.org\/{rel}","templated":true}]}}