{"id":15052,"date":"2021-09-17T16:51:56","date_gmt":"2021-09-17T13:51:56","guid":{"rendered":"https:\/\/www.biopapa.lt\/?post_type=product&#038;p=15052"},"modified":"2026-04-14T10:11:14","modified_gmt":"2026-04-14T07:11:14","slug":"ekologiski-makadamijos-riesutai","status":"publish","type":"product","link":"https:\/\/www.biopapa.de\/lt\/producte\/ekologiski-makadamijos-riesutai\/","title":{"rendered":"Ekologi\u0161ki makadamij\u0173 rie\u0161utai"},"content":{"rendered":"<p><strong>Makadamij\u0173 rie\u0161utas\u00a0<\/strong>\u2013 tai apvalus, kietu kiautu apaug\u0119s rie\u0161utas, kil\u0119s i\u0161 Australijos, kur jis nat\u016braliai auga ir buvo vartojamas vietini\u0173 aborigen\u0173. Makadamij\u0173 rie\u0161utai pasi\u017eymi \u0161velniu, sviestiniu skoniu ir tra\u0161kia, bet mink\u0161ta tekst\u016bra. Jie yra labai maistingi \u2013 turtingi sveik\u0173j\u0173 mononeso\u010di\u0173j\u0173 riebal\u0173, baltym\u0173, skaidul\u0173, vitamin\u0173.<br \/>\nMakadamij\u0173 rie\u0161utai puikiai tinka tiek u\u017ekand\u017eiams, tiek kepiniams, salotoms, desertams ar net kaip rie\u0161ut\u0173 sviesto pagrindas. D\u0117l auk\u0161tos riebal\u0173 koncentracijos makadamij\u0173 rie\u0161utai yra kaloringi, tod\u0117l juos rekomenduojama vartoti saikingai.<\/p>\n<p><em>PASTABA. \u010cia pateikta informacija negali b\u016bti interpretuojama kaip gydymo ar kitokio pob\u016bd\u017eio sveikatos klausim\u0173 sprendimo rekomendacija. Raginame sprendimus, susijusius su asmenine sveikata, priimti asmeni\u0161kai, \u012fvertinus \u012fvairius informacijos \u0161altinius.<\/em><\/p>\n","protected":false},"excerpt":{"rendered":"<p>Makadamij\u0173 rie\u0161utas\u00a0\u2013 tai apvalus, kietu kiautu apaug\u0119s rie\u0161utas, kil\u0119s i\u0161 Australijos, kur jis nat\u016braliai auga ir buvo vartojamas vietini\u0173 aborigen\u0173.<\/p>\n","protected":false},"featured_media":15856,"template":"","meta":{"_acf_changed":false},"product_brand":[],"product_cat":[1904,730],"product_tag":[2336,1380,1378,1382],"class_list":{"0":"post-15052","1":"product","2":"type-product","3":"status-publish","4":"has-post-thumbnail","6":"product_cat-riesutai","7":"product_cat-ekologiski-riesutai-seklos","8":"product_tag-ekologiska","9":"product_tag-keto-mityba","10":"product_tag-veganams","11":"product_tag-zaliavalgiams","12":"pa_svoris-1-kg","13":"pa_svoris-100-g","14":"pa_svoris-11-34-kg","15":"pa_svoris-200-g","16":"pa_svoris-300-g","17":"pa_svoris-400-g","18":"pa_svoris-500-g","20":"first","21":"instock","22":"shipping-taxable","23":"purchasable","24":"product-type-variable"},"acf":[],"yoast_head":"<!-- This site is optimized with the Yoast SEO plugin v27.5 - https:\/\/yoast.com\/product\/yoast-seo-wordpress\/ -->\n<title>Ekologi\u0161ki makadamij\u0173 rie\u0161utai - Biopapa<\/title>\n<meta name=\"description\" content=\"\u0160velnaus skonio ir \u0161velnios kremin\u0117s tekst\u016bros tra\u0161k\u016bs makadamij\u0173 rie\u0161utai yra puikus sveikatai naudingas gardumynas. Juose gausu maistini\u0173 med\u017eiag\u0173.\" \/>\n<meta name=\"robots\" content=\"index, follow, max-snippet:-1, max-image-preview:large, max-video-preview:-1\" \/>\n<link rel=\"canonical\" href=\"https:\/\/www.biopapa.de\/lt\/producte\/ekologiski-makadamijos-riesutai\/\" \/>\n<meta property=\"og:locale\" content=\"lt_LT\" \/>\n<meta property=\"og:type\" content=\"article\" \/>\n<meta property=\"og:title\" content=\"Ekologi\u0161ki makadamij\u0173 rie\u0161utai - Biopapa\" \/>\n<meta property=\"og:description\" content=\"\u0160velnaus skonio ir \u0161velnios kremin\u0117s tekst\u016bros tra\u0161k\u016bs makadamij\u0173 rie\u0161utai yra puikus sveikatai naudingas gardumynas. Juose gausu maistini\u0173 med\u017eiag\u0173.\" \/>\n<meta property=\"og:url\" content=\"https:\/\/www.biopapa.de\/lt\/producte\/ekologiski-makadamijos-riesutai\/\" \/>\n<meta property=\"og:site_name\" content=\"Biopapa\" \/>\n<meta property=\"article:publisher\" content=\"https:\/\/www.facebook.com\/biopapa.lt\" \/>\n<meta property=\"article:modified_time\" content=\"2026-04-14T07:11:14+00:00\" \/>\n<meta property=\"og:image\" content=\"https:\/\/www.biopapa.de\/wp-content\/uploads\/2021\/09\/Ekologiski-makadamiju-riesutai.jpg\" \/>\n\t<meta property=\"og:image:width\" content=\"800\" \/>\n\t<meta property=\"og:image:height\" content=\"640\" \/>\n\t<meta property=\"og:image:type\" content=\"image\/jpeg\" \/>\n<meta name=\"twitter:card\" content=\"summary_large_image\" \/>\n<meta name=\"twitter:label1\" content=\"Est. reading time\" \/>\n\t<meta name=\"twitter:data1\" content=\"1 minut\u0117\" \/>\n<script type=\"application\/ld+json\" class=\"yoast-schema-graph\">{\"@context\":\"https:\\\/\\\/schema.org\",\"@graph\":[{\"@type\":\"WebPage\",\"@id\":\"https:\\\/\\\/www.biopapa.de\\\/lt\\\/producte\\\/ekologiski-makadamijos-riesutai\\\/\",\"url\":\"https:\\\/\\\/www.biopapa.de\\\/lt\\\/producte\\\/ekologiski-makadamijos-riesutai\\\/\",\"name\":\"Ekologi\u0161ki makadamij\u0173 rie\u0161utai - Biopapa\",\"isPartOf\":{\"@id\":\"https:\\\/\\\/www.biopapa.de\\\/lt\\\/#website\"},\"primaryImageOfPage\":{\"@id\":\"https:\\\/\\\/www.biopapa.de\\\/lt\\\/producte\\\/ekologiski-makadamijos-riesutai\\\/#primaryimage\"},\"image\":{\"@id\":\"https:\\\/\\\/www.biopapa.de\\\/lt\\\/producte\\\/ekologiski-makadamijos-riesutai\\\/#primaryimage\"},\"thumbnailUrl\":\"https:\\\/\\\/www.biopapa.de\\\/wp-content\\\/uploads\\\/2021\\\/09\\\/Ekologiski-makadamiju-riesutai.jpg\",\"datePublished\":\"2021-09-17T13:51:56+00:00\",\"dateModified\":\"2026-04-14T07:11:14+00:00\",\"description\":\"\u0160velnaus skonio ir \u0161velnios kremin\u0117s tekst\u016bros tra\u0161k\u016bs makadamij\u0173 rie\u0161utai yra puikus sveikatai naudingas gardumynas. Juose gausu maistini\u0173 med\u017eiag\u0173.\",\"breadcrumb\":{\"@id\":\"https:\\\/\\\/www.biopapa.de\\\/lt\\\/producte\\\/ekologiski-makadamijos-riesutai\\\/#breadcrumb\"},\"inLanguage\":\"lt-LT\",\"potentialAction\":[{\"@type\":\"ReadAction\",\"target\":[\"https:\\\/\\\/www.biopapa.de\\\/lt\\\/producte\\\/ekologiski-makadamijos-riesutai\\\/\"]}]},{\"@type\":\"ImageObject\",\"inLanguage\":\"lt-LT\",\"@id\":\"https:\\\/\\\/www.biopapa.de\\\/lt\\\/producte\\\/ekologiski-makadamijos-riesutai\\\/#primaryimage\",\"url\":\"https:\\\/\\\/www.biopapa.de\\\/wp-content\\\/uploads\\\/2021\\\/09\\\/Ekologiski-makadamiju-riesutai.jpg\",\"contentUrl\":\"https:\\\/\\\/www.biopapa.de\\\/wp-content\\\/uploads\\\/2021\\\/09\\\/Ekologiski-makadamiju-riesutai.jpg\",\"width\":800,\"height\":640,\"caption\":\"Ekologi\u0161ki makadamij\u0173 rie\u0161utai\"},{\"@type\":\"BreadcrumbList\",\"@id\":\"https:\\\/\\\/www.biopapa.de\\\/lt\\\/producte\\\/ekologiski-makadamijos-riesutai\\\/#breadcrumb\",\"itemListElement\":[{\"@type\":\"ListItem\",\"position\":1,\"name\":\"Home\",\"item\":\"https:\\\/\\\/www.biopapa.de\\\/lt\\\/\"},{\"@type\":\"ListItem\",\"position\":2,\"name\":\"Parduotuv\u0117\",\"item\":\"https:\\\/\\\/www.biopapa.de\\\/parduotuve\\\/\"},{\"@type\":\"ListItem\",\"position\":3,\"name\":\"Ekologi\u0161ki makadamij\u0173 rie\u0161utai\"}]},{\"@type\":\"WebSite\",\"@id\":\"https:\\\/\\\/www.biopapa.de\\\/lt\\\/#website\",\"url\":\"https:\\\/\\\/www.biopapa.de\\\/lt\\\/\",\"name\":\"Biopapa\",\"description\":\"\u0160var\u016bs ekologi\u0161ki produktai\",\"publisher\":{\"@id\":\"https:\\\/\\\/www.biopapa.de\\\/lt\\\/#organization\"},\"potentialAction\":[{\"@type\":\"SearchAction\",\"target\":{\"@type\":\"EntryPoint\",\"urlTemplate\":\"https:\\\/\\\/www.biopapa.de\\\/lt\\\/?s={search_term_string}\"},\"query-input\":{\"@type\":\"PropertyValueSpecification\",\"valueRequired\":true,\"valueName\":\"search_term_string\"}}],\"inLanguage\":\"lt-LT\"},{\"@type\":\"Organization\",\"@id\":\"https:\\\/\\\/www.biopapa.de\\\/lt\\\/#organization\",\"name\":\"Biopapa\",\"url\":\"https:\\\/\\\/www.biopapa.de\\\/lt\\\/\",\"logo\":{\"@type\":\"ImageObject\",\"inLanguage\":\"lt-LT\",\"@id\":\"https:\\\/\\\/www.biopapa.de\\\/lt\\\/#\\\/schema\\\/logo\\\/image\\\/\",\"url\":\"https:\\\/\\\/www.biopapa.lt\\\/wp-content\\\/uploads\\\/2022\\\/04\\\/facebook_biopapa.jpg\",\"contentUrl\":\"https:\\\/\\\/www.biopapa.lt\\\/wp-content\\\/uploads\\\/2022\\\/04\\\/facebook_biopapa.jpg\",\"width\":1733,\"height\":907,\"caption\":\"Biopapa\"},\"image\":{\"@id\":\"https:\\\/\\\/www.biopapa.de\\\/lt\\\/#\\\/schema\\\/logo\\\/image\\\/\"},\"sameAs\":[\"https:\\\/\\\/www.facebook.com\\\/biopapa.lt\"]}]}<\/script>\n<!-- \/ Yoast SEO plugin. -->","yoast_head_json":{"title":"Ekologi\u0161ki makadamij\u0173 rie\u0161utai - Biopapa","description":"\u0160velnaus skonio ir \u0161velnios kremin\u0117s tekst\u016bros tra\u0161k\u016bs makadamij\u0173 rie\u0161utai yra puikus sveikatai naudingas gardumynas. Juose gausu maistini\u0173 med\u017eiag\u0173.","robots":{"index":"index","follow":"follow","max-snippet":"max-snippet:-1","max-image-preview":"max-image-preview:large","max-video-preview":"max-video-preview:-1"},"canonical":"https:\/\/www.biopapa.de\/lt\/producte\/ekologiski-makadamijos-riesutai\/","og_locale":"lt_LT","og_type":"article","og_title":"Ekologi\u0161ki makadamij\u0173 rie\u0161utai - Biopapa","og_description":"\u0160velnaus skonio ir \u0161velnios kremin\u0117s tekst\u016bros tra\u0161k\u016bs makadamij\u0173 rie\u0161utai yra puikus sveikatai naudingas gardumynas. Juose gausu maistini\u0173 med\u017eiag\u0173.","og_url":"https:\/\/www.biopapa.de\/lt\/producte\/ekologiski-makadamijos-riesutai\/","og_site_name":"Biopapa","article_publisher":"https:\/\/www.facebook.com\/biopapa.lt","article_modified_time":"2026-04-14T07:11:14+00:00","og_image":[{"width":800,"height":640,"url":"https:\/\/www.biopapa.de\/wp-content\/uploads\/2021\/09\/Ekologiski-makadamiju-riesutai.jpg","type":"image\/jpeg"}],"twitter_card":"summary_large_image","twitter_misc":{"Est. reading time":"1 minut\u0117"},"schema":{"@context":"https:\/\/schema.org","@graph":[{"@type":"WebPage","@id":"https:\/\/www.biopapa.de\/lt\/producte\/ekologiski-makadamijos-riesutai\/","url":"https:\/\/www.biopapa.de\/lt\/producte\/ekologiski-makadamijos-riesutai\/","name":"Ekologi\u0161ki makadamij\u0173 rie\u0161utai - Biopapa","isPartOf":{"@id":"https:\/\/www.biopapa.de\/lt\/#website"},"primaryImageOfPage":{"@id":"https:\/\/www.biopapa.de\/lt\/producte\/ekologiski-makadamijos-riesutai\/#primaryimage"},"image":{"@id":"https:\/\/www.biopapa.de\/lt\/producte\/ekologiski-makadamijos-riesutai\/#primaryimage"},"thumbnailUrl":"https:\/\/www.biopapa.de\/wp-content\/uploads\/2021\/09\/Ekologiski-makadamiju-riesutai.jpg","datePublished":"2021-09-17T13:51:56+00:00","dateModified":"2026-04-14T07:11:14+00:00","description":"\u0160velnaus skonio ir \u0161velnios kremin\u0117s tekst\u016bros tra\u0161k\u016bs makadamij\u0173 rie\u0161utai yra puikus sveikatai naudingas gardumynas. Juose gausu maistini\u0173 med\u017eiag\u0173.","breadcrumb":{"@id":"https:\/\/www.biopapa.de\/lt\/producte\/ekologiski-makadamijos-riesutai\/#breadcrumb"},"inLanguage":"lt-LT","potentialAction":[{"@type":"ReadAction","target":["https:\/\/www.biopapa.de\/lt\/producte\/ekologiski-makadamijos-riesutai\/"]}]},{"@type":"ImageObject","inLanguage":"lt-LT","@id":"https:\/\/www.biopapa.de\/lt\/producte\/ekologiski-makadamijos-riesutai\/#primaryimage","url":"https:\/\/www.biopapa.de\/wp-content\/uploads\/2021\/09\/Ekologiski-makadamiju-riesutai.jpg","contentUrl":"https:\/\/www.biopapa.de\/wp-content\/uploads\/2021\/09\/Ekologiski-makadamiju-riesutai.jpg","width":800,"height":640,"caption":"Ekologi\u0161ki makadamij\u0173 rie\u0161utai"},{"@type":"BreadcrumbList","@id":"https:\/\/www.biopapa.de\/lt\/producte\/ekologiski-makadamijos-riesutai\/#breadcrumb","itemListElement":[{"@type":"ListItem","position":1,"name":"Home","item":"https:\/\/www.biopapa.de\/lt\/"},{"@type":"ListItem","position":2,"name":"Parduotuv\u0117","item":"https:\/\/www.biopapa.de\/parduotuve\/"},{"@type":"ListItem","position":3,"name":"Ekologi\u0161ki makadamij\u0173 rie\u0161utai"}]},{"@type":"WebSite","@id":"https:\/\/www.biopapa.de\/lt\/#website","url":"https:\/\/www.biopapa.de\/lt\/","name":"Biopapa","description":"\u0160var\u016bs ekologi\u0161ki produktai","publisher":{"@id":"https:\/\/www.biopapa.de\/lt\/#organization"},"potentialAction":[{"@type":"SearchAction","target":{"@type":"EntryPoint","urlTemplate":"https:\/\/www.biopapa.de\/lt\/?s={search_term_string}"},"query-input":{"@type":"PropertyValueSpecification","valueRequired":true,"valueName":"search_term_string"}}],"inLanguage":"lt-LT"},{"@type":"Organization","@id":"https:\/\/www.biopapa.de\/lt\/#organization","name":"Biopapa","url":"https:\/\/www.biopapa.de\/lt\/","logo":{"@type":"ImageObject","inLanguage":"lt-LT","@id":"https:\/\/www.biopapa.de\/lt\/#\/schema\/logo\/image\/","url":"https:\/\/www.biopapa.lt\/wp-content\/uploads\/2022\/04\/facebook_biopapa.jpg","contentUrl":"https:\/\/www.biopapa.lt\/wp-content\/uploads\/2022\/04\/facebook_biopapa.jpg","width":1733,"height":907,"caption":"Biopapa"},"image":{"@id":"https:\/\/www.biopapa.de\/lt\/#\/schema\/logo\/image\/"},"sameAs":["https:\/\/www.facebook.com\/biopapa.lt"]}]}},"_links":{"self":[{"href":"https:\/\/www.biopapa.de\/lt\/wp-json\/wp\/v2\/product\/15052","targetHints":{"allow":["GET"]}}],"collection":[{"href":"https:\/\/www.biopapa.de\/lt\/wp-json\/wp\/v2\/product"}],"about":[{"href":"https:\/\/www.biopapa.de\/lt\/wp-json\/wp\/v2\/types\/product"}],"wp:featuredmedia":[{"embeddable":true,"href":"https:\/\/www.biopapa.de\/lt\/wp-json\/wp\/v2\/media\/15856"}],"wp:attachment":[{"href":"https:\/\/www.biopapa.de\/lt\/wp-json\/wp\/v2\/media?parent=15052"}],"wp:term":[{"taxonomy":"product_brand","embeddable":true,"href":"https:\/\/www.biopapa.de\/lt\/wp-json\/wp\/v2\/product_brand?post=15052"},{"taxonomy":"product_cat","embeddable":true,"href":"https:\/\/www.biopapa.de\/lt\/wp-json\/wp\/v2\/product_cat?post=15052"},{"taxonomy":"product_tag","embeddable":true,"href":"https:\/\/www.biopapa.de\/lt\/wp-json\/wp\/v2\/product_tag?post=15052"}],"curies":[{"name":"wp","href":"https:\/\/api.w.org\/{rel}","templated":true}]}}