{"id":15073,"date":"2021-09-17T21:34:49","date_gmt":"2021-09-17T18:34:49","guid":{"rendered":"https:\/\/www.biopapa.lt\/?post_type=product&#038;p=15073"},"modified":"2026-02-04T13:02:27","modified_gmt":"2026-02-04T11:02:27","slug":"ekologiskos-burnociu-seklos-amaranth","status":"publish","type":"product","link":"https:\/\/www.biopapa.de\/lt\/producte\/ekologiskos-burnociu-seklos-amaranth\/","title":{"rendered":"Ekologi\u0161kos burno\u010di\u0173 s\u0117klos (Amaranth)"},"content":{"rendered":"<p><strong>Ekologi\u0161kos burno\u010di\u0173 s\u0117klos (Amaranth)<\/strong><br \/>\nBurno\u010di\u0173 s\u0117klos turi turting\u0105 tradicinio naudojimo istorij\u0105 skirtingose kult\u016brose. Aztekai ir Inkai naudojo religiniuose ritualuose ir apeigose, bei tradicin\u0117je medicinoje d\u0117l \u0161i\u0173 s\u0117kl\u0173 gydom\u0173j\u0173 savybi\u0173. J\u0173 ry\u0161k\u016bs \u017eiedai buvo naudojami da\u017eams, o kult\u016brin\u0117 reik\u0161m\u0117 da\u017enai buvo susijusi su temomis, tokiomis kaip nemirtingumas ir i\u0161tverm\u0117. \u0160ios s\u0117klos yra vertinamos kai kuriuose tradiciniuose patiekaluose ir kult\u016brin\u0117se praktikose, ta\u010diau j\u0173 pasaulinis pripa\u017einimas kaip maistingo ir universalaus ingrediento paskatino j\u0173 integracij\u0105 \u012f \u0161iuolaikines kulinarines tendencijas.<br \/>\nBurno\u010di\u0173 s\u0117klos yra ma\u017eos ta\u010diau labai maistingos. Jos yra turtingos baltymais, skaidulomis, vitaminais ir mineralais.<\/p>\n<p>Paruo\u0161imas<br \/>\nBurno\u010dio s\u0117klas perplauti tekan\u010diu vandeniu. Vien\u0105 dal\u012f burno\u010di\u0173 u\u017epilti dviem dalimis vandens ir virti ant l\u0117tos ugnies apie 35 min., palikti pastov\u0117ti apie 15 min.<br \/>\nJos gali b\u016bti naudojamos kaip pagrindas salotoms, stir-fry patiekalams arba gali b\u016bti patiekiamos kaip garnyras patiekalui.<\/p>\n<p>D\u0117mesio<br \/>\nBurno\u010di\u0173 s\u0117klos turi oksalat\u0173. \u017dmon\u0117s, link\u0119 \u012f inkst\u0173 akmenis, tur\u0117t\u0173 vartoti amaranto s\u0117klas saikingai ir gerti pakankamai vandens, kad suma\u017eint\u0173 rizik\u0105.<br \/>\nKai kurie \u017emon\u0117s gali b\u016bti alergi\u0161ki amarantui.<\/p>\n<p><em>PASTABA. \u010cia pateikta informacija negali b\u016bti interpretuojama kaip gydymo ar kitokio pob\u016bd\u017eio sveikatos klausim\u0173 sprendimo rekomendacija. Raginame sprendimus, susijusius su asmenine sveikata, priimti asmeni\u0161kai, \u012fvertinus \u012fvairius informacijos \u0161altinius.<\/em><\/p>\n","protected":false},"excerpt":{"rendered":"<p>Ekologi\u0161kos burno\u010di\u0173 s\u0117klos (Amaranth) Burno\u010di\u0173 s\u0117klos turi turting\u0105 tradicinio naudojimo istorij\u0105 skirtingose kult\u016brose. Aztekai ir Inkai naudojo religiniuose ritualuose ir<\/p>\n","protected":false},"featured_media":15861,"template":"","meta":{"_acf_changed":false},"product_brand":[],"product_cat":[730,1905],"product_tag":[1433,1378,1382],"class_list":{"0":"post-15073","1":"product","2":"type-product","3":"status-publish","4":"has-post-thumbnail","6":"product_cat-ekologiski-riesutai-seklos","7":"product_cat-seklos","8":"product_tag-baltymu-saltinis","9":"product_tag-veganams","10":"product_tag-zaliavalgiams","11":"pa_svoris-1-kg","12":"pa_svoris-100-g","13":"pa_svoris-200-g","14":"pa_svoris-25-kg","15":"pa_svoris-300-g","16":"pa_svoris-400-g","17":"pa_svoris-500-g","19":"first","20":"instock","21":"shipping-taxable","22":"purchasable","23":"product-type-variable"},"acf":[],"yoast_head":"<!-- This site is optimized with the Yoast SEO plugin v27.5 - https:\/\/yoast.com\/product\/yoast-seo-wordpress\/ -->\n<title>Ekologi\u0161kos burno\u010di\u0173 s\u0117klos (Amaranth) - Biopapa<\/title>\n<meta name=\"description\" content=\"Ekologi\u0161ko burno\u010dio s\u0117klos yra puikus baltym\u0173 \u0161altinis, turi daug skaidulini\u0173 med\u017eiag\u0173. Maistui naudojamos pana\u0161iai kaip ry\u017eiai.\" \/>\n<meta name=\"robots\" content=\"index, follow, max-snippet:-1, max-image-preview:large, max-video-preview:-1\" \/>\n<link rel=\"canonical\" href=\"https:\/\/www.biopapa.de\/lt\/producte\/ekologiskos-burnociu-seklos-amaranth\/\" \/>\n<meta property=\"og:locale\" content=\"lt_LT\" \/>\n<meta property=\"og:type\" content=\"article\" \/>\n<meta property=\"og:title\" content=\"Ekologi\u0161kos burno\u010di\u0173 s\u0117klos (Amaranth) - Biopapa\" \/>\n<meta property=\"og:description\" content=\"Ekologi\u0161ko burno\u010dio s\u0117klos yra puikus baltym\u0173 \u0161altinis, turi daug skaidulini\u0173 med\u017eiag\u0173. Maistui naudojamos pana\u0161iai kaip ry\u017eiai.\" \/>\n<meta property=\"og:url\" content=\"https:\/\/www.biopapa.de\/lt\/producte\/ekologiskos-burnociu-seklos-amaranth\/\" \/>\n<meta property=\"og:site_name\" content=\"Biopapa\" \/>\n<meta property=\"article:publisher\" content=\"https:\/\/www.facebook.com\/biopapa.lt\" \/>\n<meta property=\"article:modified_time\" content=\"2026-02-04T11:02:27+00:00\" \/>\n<meta property=\"og:image\" content=\"https:\/\/www.biopapa.de\/wp-content\/uploads\/2021\/09\/Ekologisas-burnotis-angl.-Amaranth.jpg\" \/>\n\t<meta property=\"og:image:width\" content=\"800\" \/>\n\t<meta property=\"og:image:height\" content=\"640\" \/>\n\t<meta property=\"og:image:type\" content=\"image\/jpeg\" \/>\n<meta name=\"twitter:card\" content=\"summary_large_image\" \/>\n<meta name=\"twitter:label1\" content=\"Est. reading time\" \/>\n\t<meta name=\"twitter:data1\" content=\"1 minut\u0117\" \/>\n<script type=\"application\/ld+json\" class=\"yoast-schema-graph\">{\"@context\":\"https:\\\/\\\/schema.org\",\"@graph\":[{\"@type\":\"WebPage\",\"@id\":\"https:\\\/\\\/www.biopapa.de\\\/lt\\\/producte\\\/ekologiskos-burnociu-seklos-amaranth\\\/\",\"url\":\"https:\\\/\\\/www.biopapa.de\\\/lt\\\/producte\\\/ekologiskos-burnociu-seklos-amaranth\\\/\",\"name\":\"Ekologi\u0161kos burno\u010di\u0173 s\u0117klos (Amaranth) - Biopapa\",\"isPartOf\":{\"@id\":\"https:\\\/\\\/www.biopapa.de\\\/lt\\\/#website\"},\"primaryImageOfPage\":{\"@id\":\"https:\\\/\\\/www.biopapa.de\\\/lt\\\/producte\\\/ekologiskos-burnociu-seklos-amaranth\\\/#primaryimage\"},\"image\":{\"@id\":\"https:\\\/\\\/www.biopapa.de\\\/lt\\\/producte\\\/ekologiskos-burnociu-seklos-amaranth\\\/#primaryimage\"},\"thumbnailUrl\":\"https:\\\/\\\/www.biopapa.de\\\/wp-content\\\/uploads\\\/2021\\\/09\\\/Ekologisas-burnotis-angl.-Amaranth.jpg\",\"datePublished\":\"2021-09-17T18:34:49+00:00\",\"dateModified\":\"2026-02-04T11:02:27+00:00\",\"description\":\"Ekologi\u0161ko burno\u010dio s\u0117klos yra puikus baltym\u0173 \u0161altinis, turi daug skaidulini\u0173 med\u017eiag\u0173. Maistui naudojamos pana\u0161iai kaip ry\u017eiai.\",\"breadcrumb\":{\"@id\":\"https:\\\/\\\/www.biopapa.de\\\/lt\\\/producte\\\/ekologiskos-burnociu-seklos-amaranth\\\/#breadcrumb\"},\"inLanguage\":\"lt-LT\",\"potentialAction\":[{\"@type\":\"ReadAction\",\"target\":[\"https:\\\/\\\/www.biopapa.de\\\/lt\\\/producte\\\/ekologiskos-burnociu-seklos-amaranth\\\/\"]}]},{\"@type\":\"ImageObject\",\"inLanguage\":\"lt-LT\",\"@id\":\"https:\\\/\\\/www.biopapa.de\\\/lt\\\/producte\\\/ekologiskos-burnociu-seklos-amaranth\\\/#primaryimage\",\"url\":\"https:\\\/\\\/www.biopapa.de\\\/wp-content\\\/uploads\\\/2021\\\/09\\\/Ekologisas-burnotis-angl.-Amaranth.jpg\",\"contentUrl\":\"https:\\\/\\\/www.biopapa.de\\\/wp-content\\\/uploads\\\/2021\\\/09\\\/Ekologisas-burnotis-angl.-Amaranth.jpg\",\"width\":800,\"height\":640,\"caption\":\"Ekologi\u0161kos burno\u010di\u0173 s\u0117klos (angl. Amaranth)\"},{\"@type\":\"BreadcrumbList\",\"@id\":\"https:\\\/\\\/www.biopapa.de\\\/lt\\\/producte\\\/ekologiskos-burnociu-seklos-amaranth\\\/#breadcrumb\",\"itemListElement\":[{\"@type\":\"ListItem\",\"position\":1,\"name\":\"Home\",\"item\":\"https:\\\/\\\/www.biopapa.de\\\/lt\\\/\"},{\"@type\":\"ListItem\",\"position\":2,\"name\":\"Parduotuv\u0117\",\"item\":\"https:\\\/\\\/www.biopapa.de\\\/parduotuve\\\/\"},{\"@type\":\"ListItem\",\"position\":3,\"name\":\"Ekologi\u0161kos burno\u010di\u0173 s\u0117klos (Amaranth)\"}]},{\"@type\":\"WebSite\",\"@id\":\"https:\\\/\\\/www.biopapa.de\\\/lt\\\/#website\",\"url\":\"https:\\\/\\\/www.biopapa.de\\\/lt\\\/\",\"name\":\"Biopapa\",\"description\":\"\u0160var\u016bs ekologi\u0161ki produktai\",\"publisher\":{\"@id\":\"https:\\\/\\\/www.biopapa.de\\\/lt\\\/#organization\"},\"potentialAction\":[{\"@type\":\"SearchAction\",\"target\":{\"@type\":\"EntryPoint\",\"urlTemplate\":\"https:\\\/\\\/www.biopapa.de\\\/lt\\\/?s={search_term_string}\"},\"query-input\":{\"@type\":\"PropertyValueSpecification\",\"valueRequired\":true,\"valueName\":\"search_term_string\"}}],\"inLanguage\":\"lt-LT\"},{\"@type\":\"Organization\",\"@id\":\"https:\\\/\\\/www.biopapa.de\\\/lt\\\/#organization\",\"name\":\"Biopapa\",\"url\":\"https:\\\/\\\/www.biopapa.de\\\/lt\\\/\",\"logo\":{\"@type\":\"ImageObject\",\"inLanguage\":\"lt-LT\",\"@id\":\"https:\\\/\\\/www.biopapa.de\\\/lt\\\/#\\\/schema\\\/logo\\\/image\\\/\",\"url\":\"https:\\\/\\\/www.biopapa.lt\\\/wp-content\\\/uploads\\\/2022\\\/04\\\/facebook_biopapa.jpg\",\"contentUrl\":\"https:\\\/\\\/www.biopapa.lt\\\/wp-content\\\/uploads\\\/2022\\\/04\\\/facebook_biopapa.jpg\",\"width\":1733,\"height\":907,\"caption\":\"Biopapa\"},\"image\":{\"@id\":\"https:\\\/\\\/www.biopapa.de\\\/lt\\\/#\\\/schema\\\/logo\\\/image\\\/\"},\"sameAs\":[\"https:\\\/\\\/www.facebook.com\\\/biopapa.lt\"]}]}<\/script>\n<!-- \/ Yoast SEO plugin. -->","yoast_head_json":{"title":"Ekologi\u0161kos burno\u010di\u0173 s\u0117klos (Amaranth) - Biopapa","description":"Ekologi\u0161ko burno\u010dio s\u0117klos yra puikus baltym\u0173 \u0161altinis, turi daug skaidulini\u0173 med\u017eiag\u0173. Maistui naudojamos pana\u0161iai kaip ry\u017eiai.","robots":{"index":"index","follow":"follow","max-snippet":"max-snippet:-1","max-image-preview":"max-image-preview:large","max-video-preview":"max-video-preview:-1"},"canonical":"https:\/\/www.biopapa.de\/lt\/producte\/ekologiskos-burnociu-seklos-amaranth\/","og_locale":"lt_LT","og_type":"article","og_title":"Ekologi\u0161kos burno\u010di\u0173 s\u0117klos (Amaranth) - Biopapa","og_description":"Ekologi\u0161ko burno\u010dio s\u0117klos yra puikus baltym\u0173 \u0161altinis, turi daug skaidulini\u0173 med\u017eiag\u0173. Maistui naudojamos pana\u0161iai kaip ry\u017eiai.","og_url":"https:\/\/www.biopapa.de\/lt\/producte\/ekologiskos-burnociu-seklos-amaranth\/","og_site_name":"Biopapa","article_publisher":"https:\/\/www.facebook.com\/biopapa.lt","article_modified_time":"2026-02-04T11:02:27+00:00","og_image":[{"width":800,"height":640,"url":"https:\/\/www.biopapa.de\/wp-content\/uploads\/2021\/09\/Ekologisas-burnotis-angl.-Amaranth.jpg","type":"image\/jpeg"}],"twitter_card":"summary_large_image","twitter_misc":{"Est. reading time":"1 minut\u0117"},"schema":{"@context":"https:\/\/schema.org","@graph":[{"@type":"WebPage","@id":"https:\/\/www.biopapa.de\/lt\/producte\/ekologiskos-burnociu-seklos-amaranth\/","url":"https:\/\/www.biopapa.de\/lt\/producte\/ekologiskos-burnociu-seklos-amaranth\/","name":"Ekologi\u0161kos burno\u010di\u0173 s\u0117klos (Amaranth) - Biopapa","isPartOf":{"@id":"https:\/\/www.biopapa.de\/lt\/#website"},"primaryImageOfPage":{"@id":"https:\/\/www.biopapa.de\/lt\/producte\/ekologiskos-burnociu-seklos-amaranth\/#primaryimage"},"image":{"@id":"https:\/\/www.biopapa.de\/lt\/producte\/ekologiskos-burnociu-seklos-amaranth\/#primaryimage"},"thumbnailUrl":"https:\/\/www.biopapa.de\/wp-content\/uploads\/2021\/09\/Ekologisas-burnotis-angl.-Amaranth.jpg","datePublished":"2021-09-17T18:34:49+00:00","dateModified":"2026-02-04T11:02:27+00:00","description":"Ekologi\u0161ko burno\u010dio s\u0117klos yra puikus baltym\u0173 \u0161altinis, turi daug skaidulini\u0173 med\u017eiag\u0173. Maistui naudojamos pana\u0161iai kaip ry\u017eiai.","breadcrumb":{"@id":"https:\/\/www.biopapa.de\/lt\/producte\/ekologiskos-burnociu-seklos-amaranth\/#breadcrumb"},"inLanguage":"lt-LT","potentialAction":[{"@type":"ReadAction","target":["https:\/\/www.biopapa.de\/lt\/producte\/ekologiskos-burnociu-seklos-amaranth\/"]}]},{"@type":"ImageObject","inLanguage":"lt-LT","@id":"https:\/\/www.biopapa.de\/lt\/producte\/ekologiskos-burnociu-seklos-amaranth\/#primaryimage","url":"https:\/\/www.biopapa.de\/wp-content\/uploads\/2021\/09\/Ekologisas-burnotis-angl.-Amaranth.jpg","contentUrl":"https:\/\/www.biopapa.de\/wp-content\/uploads\/2021\/09\/Ekologisas-burnotis-angl.-Amaranth.jpg","width":800,"height":640,"caption":"Ekologi\u0161kos burno\u010di\u0173 s\u0117klos (angl. Amaranth)"},{"@type":"BreadcrumbList","@id":"https:\/\/www.biopapa.de\/lt\/producte\/ekologiskos-burnociu-seklos-amaranth\/#breadcrumb","itemListElement":[{"@type":"ListItem","position":1,"name":"Home","item":"https:\/\/www.biopapa.de\/lt\/"},{"@type":"ListItem","position":2,"name":"Parduotuv\u0117","item":"https:\/\/www.biopapa.de\/parduotuve\/"},{"@type":"ListItem","position":3,"name":"Ekologi\u0161kos burno\u010di\u0173 s\u0117klos (Amaranth)"}]},{"@type":"WebSite","@id":"https:\/\/www.biopapa.de\/lt\/#website","url":"https:\/\/www.biopapa.de\/lt\/","name":"Biopapa","description":"\u0160var\u016bs ekologi\u0161ki produktai","publisher":{"@id":"https:\/\/www.biopapa.de\/lt\/#organization"},"potentialAction":[{"@type":"SearchAction","target":{"@type":"EntryPoint","urlTemplate":"https:\/\/www.biopapa.de\/lt\/?s={search_term_string}"},"query-input":{"@type":"PropertyValueSpecification","valueRequired":true,"valueName":"search_term_string"}}],"inLanguage":"lt-LT"},{"@type":"Organization","@id":"https:\/\/www.biopapa.de\/lt\/#organization","name":"Biopapa","url":"https:\/\/www.biopapa.de\/lt\/","logo":{"@type":"ImageObject","inLanguage":"lt-LT","@id":"https:\/\/www.biopapa.de\/lt\/#\/schema\/logo\/image\/","url":"https:\/\/www.biopapa.lt\/wp-content\/uploads\/2022\/04\/facebook_biopapa.jpg","contentUrl":"https:\/\/www.biopapa.lt\/wp-content\/uploads\/2022\/04\/facebook_biopapa.jpg","width":1733,"height":907,"caption":"Biopapa"},"image":{"@id":"https:\/\/www.biopapa.de\/lt\/#\/schema\/logo\/image\/"},"sameAs":["https:\/\/www.facebook.com\/biopapa.lt"]}]}},"_links":{"self":[{"href":"https:\/\/www.biopapa.de\/lt\/wp-json\/wp\/v2\/product\/15073","targetHints":{"allow":["GET"]}}],"collection":[{"href":"https:\/\/www.biopapa.de\/lt\/wp-json\/wp\/v2\/product"}],"about":[{"href":"https:\/\/www.biopapa.de\/lt\/wp-json\/wp\/v2\/types\/product"}],"wp:featuredmedia":[{"embeddable":true,"href":"https:\/\/www.biopapa.de\/lt\/wp-json\/wp\/v2\/media\/15861"}],"wp:attachment":[{"href":"https:\/\/www.biopapa.de\/lt\/wp-json\/wp\/v2\/media?parent=15073"}],"wp:term":[{"taxonomy":"product_brand","embeddable":true,"href":"https:\/\/www.biopapa.de\/lt\/wp-json\/wp\/v2\/product_brand?post=15073"},{"taxonomy":"product_cat","embeddable":true,"href":"https:\/\/www.biopapa.de\/lt\/wp-json\/wp\/v2\/product_cat?post=15073"},{"taxonomy":"product_tag","embeddable":true,"href":"https:\/\/www.biopapa.de\/lt\/wp-json\/wp\/v2\/product_tag?post=15073"}],"curies":[{"name":"wp","href":"https:\/\/api.w.org\/{rel}","templated":true}]}}