{"id":15080,"date":"2021-09-17T21:37:48","date_gmt":"2021-09-17T18:37:48","guid":{"rendered":"https:\/\/www.biopapa.lt\/?post_type=product&#038;p=15080"},"modified":"2026-02-04T09:11:03","modified_gmt":"2026-02-04T07:11:03","slug":"ekologiskos-medjool-datules-su-kauliukais","status":"publish","type":"product","link":"https:\/\/www.biopapa.de\/lt\/producte\/ekologiskos-medjool-datules-su-kauliukais\/","title":{"rendered":"Ekologi\u0161kos Medjool datul\u0117s su kauliukais (\u0161vie\u017eios)"},"content":{"rendered":"<p><strong>Ekologi\u0161kos Medjool datul\u0117s su kauliukais (\u0161vie\u017eios)<\/strong><br \/>\nMedjool datul\u0117s, vertinamos d\u0117l savo saldumo ir turtingo maistinio profilio, kilusios i\u0161 Maroko, kur jos buvo auginamos \u0161imtme\u010dius derlinguose Magrebo regionuose. \u0160ioje \u0160iaur\u0117s Afrikos valstyb\u0117je datulin\u0117 palm\u0117 (Phoenix dactylifera) klesti Sacharos dykumos ir jos oazi\u0173 sausringuose, saul\u0117s nusausintuose kra\u0161tovaizd\u017eiuose, i\u0161augindama geriausias pasaulyje datules.<br \/>\nMedjool datul\u0117s yra viena i\u0161 populiariausi\u0173 datuli\u0173 veisli\u0173 pasaulyje, nors kilusios i\u0161 Maroko, \u0161iuo metu daugiausia auginama Artimuosiuose Rytuose (Izraelis yra pagrindinis gamintojas ir eksportuotojas) ir \u0160iaur\u0117s Afrikoje.<br \/>\nMedjool datul\u0117s gars\u0117ja d\u0117l savo dyd\u017eio, tekst\u016bros ir saldaus, karamel\u0117s skonio. Ta\u010diau saldumu ir skaidulomis \u0161io produkto privalumai nesibaigia. Medjool datul\u0117se gausu vitamin\u0173 ir mineral\u0173, jos gars\u0117ja savo nauda sveikatai.<\/p>\n<p>Medjool datul\u0117se yra daug skaidulini\u0173 med\u017eiag\u0173, kuri\u0173 su 100 g \u0161io skan\u0117sto gausite 26% (Medjool) rekomenduojamos paros normos.<\/p>\n<p>Naudojimas<br \/>\nU\u017ekandis \u2013 2\u20133 datuli\u0173 porcija yra sotus ir maistingas u\u017ekandis. Jas galima valgyti vienas arba derinti su rie\u0161utais.<br \/>\nSaldiklis \u2013 medjool datules galima \u012fmai\u0161yti \u012f kokteilius, d\u0117ti \u012f ko\u0161es arba naudoti kaip nat\u016bral\u0173 saldikl\u012f kepimo receptuose.<br \/>\nJos ypa\u010d gerai tinka energetiniams baton\u0117liams ir desertams i\u0161 datuli\u0173.<br \/>\nPjaustytas Medjool datules galima pabarstyti ant salot\u0173.<br \/>\nKad Medjool datul\u0117s i\u0161likt\u0173 ilgai \u0161vie\u017eios, laikykite jas \u0161aldytuve. Jas taip pat galima u\u017e\u0161aldyt.<\/p>\n<p>\u0160altinis<br \/>\nhttps:\/\/www.webmd.com<br \/>\nUSDA Food Composition Databases<\/p>\n<p>PASTABA. \u010cia pateikta informacija negali b\u016bti interpretuojama kaip gydymo ar kitokio pob\u016bd\u017eio sveikatos klausim\u0173 sprendimo rekomendacija. Raginame sprendimus, susijusius su asmenine sveikata, priimti asmeni\u0161kai, \u012fvertinus \u012fvairius informacijos \u0161altinius.<\/p>\n","protected":false},"excerpt":{"rendered":"<p>Ekologi\u0161kos Medjool datul\u0117s su kauliukais (\u0161vie\u017eios) Medjool datul\u0117s, vertinamos d\u0117l savo saldumo ir turtingo maistinio profilio, kilusios i\u0161 Maroko, kur<\/p>\n","protected":false},"featured_media":15848,"template":"","meta":{"_acf_changed":false},"product_brand":[],"product_cat":[1934,1228],"product_tag":[2759,2755],"class_list":{"0":"post-15080","1":"product","2":"type-product","3":"status-publish","4":"has-post-thumbnail","6":"product_cat-dziovinti-vaisiai","7":"product_cat-ekologiski-dziovinti-vaisiai-uogos-darzoves","8":"product_tag-2759","9":"product_tag-2755","10":"pa_svoris-1-kg","11":"pa_svoris-100-g","12":"pa_svoris-200-g","13":"pa_svoris-300-g","14":"pa_svoris-400-g","15":"pa_svoris-5-kg","16":"pa_svoris-500-g","18":"first","19":"instock","20":"shipping-taxable","21":"purchasable","22":"product-type-variable"},"acf":[],"yoast_head":"<!-- This site is optimized with the Yoast SEO plugin v27.5 - https:\/\/yoast.com\/product\/yoast-seo-wordpress\/ -->\n<title>Ekologi\u0161kos Medjool datul\u0117s su kauliukais (\u0161vie\u017eios) - Biopapa<\/title>\n<meta name=\"description\" content=\"Medjool datul\u0117s yra viena i\u0161 populiariausi\u0173 datuli\u0173 veisli\u0173 pasaulyje, nors kilusios i\u0161 Maroko, \u0161iuo metu daugiausia auginama Artimuosiuose Rytuose ir \u0160iaur\u0117s Afrikoje.\" \/>\n<meta name=\"robots\" content=\"index, follow, max-snippet:-1, max-image-preview:large, max-video-preview:-1\" \/>\n<link rel=\"canonical\" href=\"https:\/\/www.biopapa.de\/lt\/producte\/ekologiskos-medjool-datules-su-kauliukais\/\" \/>\n<meta property=\"og:locale\" content=\"lt_LT\" \/>\n<meta property=\"og:type\" content=\"article\" \/>\n<meta property=\"og:title\" content=\"Ekologi\u0161kos Medjool datul\u0117s su kauliukais (\u0161vie\u017eios) - Biopapa\" \/>\n<meta property=\"og:description\" content=\"Medjool datul\u0117s yra viena i\u0161 populiariausi\u0173 datuli\u0173 veisli\u0173 pasaulyje, nors kilusios i\u0161 Maroko, \u0161iuo metu daugiausia auginama Artimuosiuose Rytuose ir \u0160iaur\u0117s Afrikoje.\" \/>\n<meta property=\"og:url\" content=\"https:\/\/www.biopapa.de\/lt\/producte\/ekologiskos-medjool-datules-su-kauliukais\/\" \/>\n<meta property=\"og:site_name\" content=\"Biopapa\" \/>\n<meta property=\"article:publisher\" content=\"https:\/\/www.facebook.com\/biopapa.lt\" \/>\n<meta property=\"article:modified_time\" content=\"2026-02-04T07:11:03+00:00\" \/>\n<meta property=\"og:image\" content=\"https:\/\/www.biopapa.de\/wp-content\/uploads\/2021\/09\/Ekologiskos-datules-su-kauliukais-Medjool-sviezios.jpg\" \/>\n\t<meta property=\"og:image:width\" content=\"800\" \/>\n\t<meta property=\"og:image:height\" content=\"640\" \/>\n\t<meta property=\"og:image:type\" content=\"image\/jpeg\" \/>\n<meta name=\"twitter:card\" content=\"summary_large_image\" \/>\n<meta name=\"twitter:label1\" content=\"Est. reading time\" \/>\n\t<meta name=\"twitter:data1\" content=\"2 minut\u0117s\" \/>\n<script type=\"application\/ld+json\" class=\"yoast-schema-graph\">{\"@context\":\"https:\\\/\\\/schema.org\",\"@graph\":[{\"@type\":\"WebPage\",\"@id\":\"https:\\\/\\\/www.biopapa.de\\\/lt\\\/producte\\\/ekologiskos-medjool-datules-su-kauliukais\\\/\",\"url\":\"https:\\\/\\\/www.biopapa.de\\\/lt\\\/producte\\\/ekologiskos-medjool-datules-su-kauliukais\\\/\",\"name\":\"Ekologi\u0161kos Medjool datul\u0117s su kauliukais (\u0161vie\u017eios) - Biopapa\",\"isPartOf\":{\"@id\":\"https:\\\/\\\/www.biopapa.de\\\/lt\\\/#website\"},\"primaryImageOfPage\":{\"@id\":\"https:\\\/\\\/www.biopapa.de\\\/lt\\\/producte\\\/ekologiskos-medjool-datules-su-kauliukais\\\/#primaryimage\"},\"image\":{\"@id\":\"https:\\\/\\\/www.biopapa.de\\\/lt\\\/producte\\\/ekologiskos-medjool-datules-su-kauliukais\\\/#primaryimage\"},\"thumbnailUrl\":\"https:\\\/\\\/www.biopapa.de\\\/wp-content\\\/uploads\\\/2021\\\/09\\\/Ekologiskos-datules-su-kauliukais-Medjool-sviezios.jpg\",\"datePublished\":\"2021-09-17T18:37:48+00:00\",\"dateModified\":\"2026-02-04T07:11:03+00:00\",\"description\":\"Medjool datul\u0117s yra viena i\u0161 populiariausi\u0173 datuli\u0173 veisli\u0173 pasaulyje, nors kilusios i\u0161 Maroko, \u0161iuo metu daugiausia auginama Artimuosiuose Rytuose ir \u0160iaur\u0117s Afrikoje.\",\"breadcrumb\":{\"@id\":\"https:\\\/\\\/www.biopapa.de\\\/lt\\\/producte\\\/ekologiskos-medjool-datules-su-kauliukais\\\/#breadcrumb\"},\"inLanguage\":\"lt-LT\",\"potentialAction\":[{\"@type\":\"ReadAction\",\"target\":[\"https:\\\/\\\/www.biopapa.de\\\/lt\\\/producte\\\/ekologiskos-medjool-datules-su-kauliukais\\\/\"]}]},{\"@type\":\"ImageObject\",\"inLanguage\":\"lt-LT\",\"@id\":\"https:\\\/\\\/www.biopapa.de\\\/lt\\\/producte\\\/ekologiskos-medjool-datules-su-kauliukais\\\/#primaryimage\",\"url\":\"https:\\\/\\\/www.biopapa.de\\\/wp-content\\\/uploads\\\/2021\\\/09\\\/Ekologiskos-datules-su-kauliukais-Medjool-sviezios.jpg\",\"contentUrl\":\"https:\\\/\\\/www.biopapa.de\\\/wp-content\\\/uploads\\\/2021\\\/09\\\/Ekologiskos-datules-su-kauliukais-Medjool-sviezios.jpg\",\"width\":800,\"height\":640,\"caption\":\"Ekologi\u0161kos Medjool datul\u0117s su kauliukais (\u0161vie\u017eios)\"},{\"@type\":\"BreadcrumbList\",\"@id\":\"https:\\\/\\\/www.biopapa.de\\\/lt\\\/producte\\\/ekologiskos-medjool-datules-su-kauliukais\\\/#breadcrumb\",\"itemListElement\":[{\"@type\":\"ListItem\",\"position\":1,\"name\":\"Home\",\"item\":\"https:\\\/\\\/www.biopapa.de\\\/lt\\\/\"},{\"@type\":\"ListItem\",\"position\":2,\"name\":\"Parduotuv\u0117\",\"item\":\"https:\\\/\\\/www.biopapa.de\\\/parduotuve\\\/\"},{\"@type\":\"ListItem\",\"position\":3,\"name\":\"Ekologi\u0161kos Medjool datul\u0117s su kauliukais (\u0161vie\u017eios)\"}]},{\"@type\":\"WebSite\",\"@id\":\"https:\\\/\\\/www.biopapa.de\\\/lt\\\/#website\",\"url\":\"https:\\\/\\\/www.biopapa.de\\\/lt\\\/\",\"name\":\"Biopapa\",\"description\":\"\u0160var\u016bs ekologi\u0161ki produktai\",\"publisher\":{\"@id\":\"https:\\\/\\\/www.biopapa.de\\\/lt\\\/#organization\"},\"potentialAction\":[{\"@type\":\"SearchAction\",\"target\":{\"@type\":\"EntryPoint\",\"urlTemplate\":\"https:\\\/\\\/www.biopapa.de\\\/lt\\\/?s={search_term_string}\"},\"query-input\":{\"@type\":\"PropertyValueSpecification\",\"valueRequired\":true,\"valueName\":\"search_term_string\"}}],\"inLanguage\":\"lt-LT\"},{\"@type\":\"Organization\",\"@id\":\"https:\\\/\\\/www.biopapa.de\\\/lt\\\/#organization\",\"name\":\"Biopapa\",\"url\":\"https:\\\/\\\/www.biopapa.de\\\/lt\\\/\",\"logo\":{\"@type\":\"ImageObject\",\"inLanguage\":\"lt-LT\",\"@id\":\"https:\\\/\\\/www.biopapa.de\\\/lt\\\/#\\\/schema\\\/logo\\\/image\\\/\",\"url\":\"https:\\\/\\\/www.biopapa.lt\\\/wp-content\\\/uploads\\\/2022\\\/04\\\/facebook_biopapa.jpg\",\"contentUrl\":\"https:\\\/\\\/www.biopapa.lt\\\/wp-content\\\/uploads\\\/2022\\\/04\\\/facebook_biopapa.jpg\",\"width\":1733,\"height\":907,\"caption\":\"Biopapa\"},\"image\":{\"@id\":\"https:\\\/\\\/www.biopapa.de\\\/lt\\\/#\\\/schema\\\/logo\\\/image\\\/\"},\"sameAs\":[\"https:\\\/\\\/www.facebook.com\\\/biopapa.lt\"]}]}<\/script>\n<!-- \/ Yoast SEO plugin. -->","yoast_head_json":{"title":"Ekologi\u0161kos Medjool datul\u0117s su kauliukais (\u0161vie\u017eios) - Biopapa","description":"Medjool datul\u0117s yra viena i\u0161 populiariausi\u0173 datuli\u0173 veisli\u0173 pasaulyje, nors kilusios i\u0161 Maroko, \u0161iuo metu daugiausia auginama Artimuosiuose Rytuose ir \u0160iaur\u0117s Afrikoje.","robots":{"index":"index","follow":"follow","max-snippet":"max-snippet:-1","max-image-preview":"max-image-preview:large","max-video-preview":"max-video-preview:-1"},"canonical":"https:\/\/www.biopapa.de\/lt\/producte\/ekologiskos-medjool-datules-su-kauliukais\/","og_locale":"lt_LT","og_type":"article","og_title":"Ekologi\u0161kos Medjool datul\u0117s su kauliukais (\u0161vie\u017eios) - Biopapa","og_description":"Medjool datul\u0117s yra viena i\u0161 populiariausi\u0173 datuli\u0173 veisli\u0173 pasaulyje, nors kilusios i\u0161 Maroko, \u0161iuo metu daugiausia auginama Artimuosiuose Rytuose ir \u0160iaur\u0117s Afrikoje.","og_url":"https:\/\/www.biopapa.de\/lt\/producte\/ekologiskos-medjool-datules-su-kauliukais\/","og_site_name":"Biopapa","article_publisher":"https:\/\/www.facebook.com\/biopapa.lt","article_modified_time":"2026-02-04T07:11:03+00:00","og_image":[{"width":800,"height":640,"url":"https:\/\/www.biopapa.de\/wp-content\/uploads\/2021\/09\/Ekologiskos-datules-su-kauliukais-Medjool-sviezios.jpg","type":"image\/jpeg"}],"twitter_card":"summary_large_image","twitter_misc":{"Est. reading time":"2 minut\u0117s"},"schema":{"@context":"https:\/\/schema.org","@graph":[{"@type":"WebPage","@id":"https:\/\/www.biopapa.de\/lt\/producte\/ekologiskos-medjool-datules-su-kauliukais\/","url":"https:\/\/www.biopapa.de\/lt\/producte\/ekologiskos-medjool-datules-su-kauliukais\/","name":"Ekologi\u0161kos Medjool datul\u0117s su kauliukais (\u0161vie\u017eios) - Biopapa","isPartOf":{"@id":"https:\/\/www.biopapa.de\/lt\/#website"},"primaryImageOfPage":{"@id":"https:\/\/www.biopapa.de\/lt\/producte\/ekologiskos-medjool-datules-su-kauliukais\/#primaryimage"},"image":{"@id":"https:\/\/www.biopapa.de\/lt\/producte\/ekologiskos-medjool-datules-su-kauliukais\/#primaryimage"},"thumbnailUrl":"https:\/\/www.biopapa.de\/wp-content\/uploads\/2021\/09\/Ekologiskos-datules-su-kauliukais-Medjool-sviezios.jpg","datePublished":"2021-09-17T18:37:48+00:00","dateModified":"2026-02-04T07:11:03+00:00","description":"Medjool datul\u0117s yra viena i\u0161 populiariausi\u0173 datuli\u0173 veisli\u0173 pasaulyje, nors kilusios i\u0161 Maroko, \u0161iuo metu daugiausia auginama Artimuosiuose Rytuose ir \u0160iaur\u0117s Afrikoje.","breadcrumb":{"@id":"https:\/\/www.biopapa.de\/lt\/producte\/ekologiskos-medjool-datules-su-kauliukais\/#breadcrumb"},"inLanguage":"lt-LT","potentialAction":[{"@type":"ReadAction","target":["https:\/\/www.biopapa.de\/lt\/producte\/ekologiskos-medjool-datules-su-kauliukais\/"]}]},{"@type":"ImageObject","inLanguage":"lt-LT","@id":"https:\/\/www.biopapa.de\/lt\/producte\/ekologiskos-medjool-datules-su-kauliukais\/#primaryimage","url":"https:\/\/www.biopapa.de\/wp-content\/uploads\/2021\/09\/Ekologiskos-datules-su-kauliukais-Medjool-sviezios.jpg","contentUrl":"https:\/\/www.biopapa.de\/wp-content\/uploads\/2021\/09\/Ekologiskos-datules-su-kauliukais-Medjool-sviezios.jpg","width":800,"height":640,"caption":"Ekologi\u0161kos Medjool datul\u0117s su kauliukais (\u0161vie\u017eios)"},{"@type":"BreadcrumbList","@id":"https:\/\/www.biopapa.de\/lt\/producte\/ekologiskos-medjool-datules-su-kauliukais\/#breadcrumb","itemListElement":[{"@type":"ListItem","position":1,"name":"Home","item":"https:\/\/www.biopapa.de\/lt\/"},{"@type":"ListItem","position":2,"name":"Parduotuv\u0117","item":"https:\/\/www.biopapa.de\/parduotuve\/"},{"@type":"ListItem","position":3,"name":"Ekologi\u0161kos Medjool datul\u0117s su kauliukais (\u0161vie\u017eios)"}]},{"@type":"WebSite","@id":"https:\/\/www.biopapa.de\/lt\/#website","url":"https:\/\/www.biopapa.de\/lt\/","name":"Biopapa","description":"\u0160var\u016bs ekologi\u0161ki produktai","publisher":{"@id":"https:\/\/www.biopapa.de\/lt\/#organization"},"potentialAction":[{"@type":"SearchAction","target":{"@type":"EntryPoint","urlTemplate":"https:\/\/www.biopapa.de\/lt\/?s={search_term_string}"},"query-input":{"@type":"PropertyValueSpecification","valueRequired":true,"valueName":"search_term_string"}}],"inLanguage":"lt-LT"},{"@type":"Organization","@id":"https:\/\/www.biopapa.de\/lt\/#organization","name":"Biopapa","url":"https:\/\/www.biopapa.de\/lt\/","logo":{"@type":"ImageObject","inLanguage":"lt-LT","@id":"https:\/\/www.biopapa.de\/lt\/#\/schema\/logo\/image\/","url":"https:\/\/www.biopapa.lt\/wp-content\/uploads\/2022\/04\/facebook_biopapa.jpg","contentUrl":"https:\/\/www.biopapa.lt\/wp-content\/uploads\/2022\/04\/facebook_biopapa.jpg","width":1733,"height":907,"caption":"Biopapa"},"image":{"@id":"https:\/\/www.biopapa.de\/lt\/#\/schema\/logo\/image\/"},"sameAs":["https:\/\/www.facebook.com\/biopapa.lt"]}]}},"_links":{"self":[{"href":"https:\/\/www.biopapa.de\/lt\/wp-json\/wp\/v2\/product\/15080","targetHints":{"allow":["GET"]}}],"collection":[{"href":"https:\/\/www.biopapa.de\/lt\/wp-json\/wp\/v2\/product"}],"about":[{"href":"https:\/\/www.biopapa.de\/lt\/wp-json\/wp\/v2\/types\/product"}],"wp:featuredmedia":[{"embeddable":true,"href":"https:\/\/www.biopapa.de\/lt\/wp-json\/wp\/v2\/media\/15848"}],"wp:attachment":[{"href":"https:\/\/www.biopapa.de\/lt\/wp-json\/wp\/v2\/media?parent=15080"}],"wp:term":[{"taxonomy":"product_brand","embeddable":true,"href":"https:\/\/www.biopapa.de\/lt\/wp-json\/wp\/v2\/product_brand?post=15080"},{"taxonomy":"product_cat","embeddable":true,"href":"https:\/\/www.biopapa.de\/lt\/wp-json\/wp\/v2\/product_cat?post=15080"},{"taxonomy":"product_tag","embeddable":true,"href":"https:\/\/www.biopapa.de\/lt\/wp-json\/wp\/v2\/product_tag?post=15080"}],"curies":[{"name":"wp","href":"https:\/\/api.w.org\/{rel}","templated":true}]}}