{"id":15094,"date":"2021-09-17T21:42:47","date_gmt":"2021-09-17T18:42:47","guid":{"rendered":"https:\/\/www.biopapa.lt\/?post_type=product&#038;p=15094"},"modified":"2026-04-20T19:39:39","modified_gmt":"2026-04-20T16:39:39","slug":"ekologiskos-spanguoles-dziovintos-mirkytos-obuoliu-sultyse","status":"publish","type":"product","link":"https:\/\/www.biopapa.de\/lt\/producte\/ekologiskos-spanguoles-dziovintos-mirkytos-obuoliu-sultyse\/","title":{"rendered":"Ekologi\u0161kos d\u017eiovintos spanguol\u0117s (mirkytos obuoli\u0173 sultyse)"},"content":{"rendered":"<p><strong>Ekologi\u0161kos d\u017eiovintos spanguol\u0117s (mirkytos obuoli\u0173 sultyse)<\/strong><br \/>\nD\u017eiovintos spanguol\u0117s, mirkytos obuoli\u0173 sultyse, yra maistingas ir naudingas sveikatai u\u017ekandis. \u0160is derinys suma\u017eina prid\u0117tinio cukraus poreik\u012f, nes nat\u016bralus obuoli\u0173 sul\u010di\u0173 saldumas papildo spanguoli\u0173 r\u016bg\u0161tum\u0105.<br \/>\nSvarbu jas vartoti saikingai.<\/p>\n<p>Jos puikiai tiks gardinti ko\u0161es, desertus ir daugel\u012f kit\u0173 patiekal\u0173.<br \/>\nSveikatai palankius receptus su d\u017eiovintomis spanguol\u0117mis rasite \u010dia \u2013 https:\/\/jessicalevinson.com\/healthy-cranberry-recipes\/.<\/p>\n<p>Skaidulini\u0173 med\u017eiag\u0173 \u0161altinis. Be GMO. Be da\u017eikli\u0173 ir konservant\u0173. Tinka veganams.<\/p>\n<p><em>PASTABA. \u010cia pateikta informacija negali b\u016bti interpretuojama kaip gydymo ar kitokio pob\u016bd\u017eio sveikatos klausim\u0173 sprendimo rekomendacija.<\/em><br \/>\n<em>Raginame sprendimus, susijusius su asmenine sveikata, priimti asmeni\u0161kai, \u012fvertinus \u012fvairius informacijos \u0161altinius.<\/em><\/p>\n","protected":false},"excerpt":{"rendered":"<p>Ekologi\u0161kos d\u017eiovintos spanguol\u0117s (mirkytos obuoli\u0173 sultyse) D\u017eiovintos spanguol\u0117s, mirkytos obuoli\u0173 sultyse, yra maistingas ir naudingas sveikatai u\u017ekandis. \u0160is derinys suma\u017eina<\/p>\n","protected":false},"featured_media":15858,"template":"","meta":{"_acf_changed":false},"product_brand":[],"product_cat":[1228,1935],"product_tag":[1381,1636,1378],"class_list":{"0":"post-15094","1":"product","2":"type-product","3":"status-publish","4":"has-post-thumbnail","6":"product_cat-ekologiski-dziovinti-vaisiai-uogos-darzoves","7":"product_cat-dziovintos-uogos","8":"product_tag-be-pridetinio-cukraus","9":"product_tag-skaidulu-saltinis","10":"product_tag-veganams","11":"pa_svoris-1-kg","12":"pa_svoris-100-g","13":"pa_svoris-11-34-kg","14":"pa_svoris-200-g","15":"pa_svoris-300-g","16":"pa_svoris-400-g","17":"pa_svoris-500-g","19":"first","20":"instock","21":"shipping-taxable","22":"purchasable","23":"product-type-variable"},"acf":[],"yoast_head":"<!-- This site is optimized with the Yoast SEO plugin v27.5 - https:\/\/yoast.com\/product\/yoast-seo-wordpress\/ -->\n<title>Ekologi\u0161kos d\u017eiovintos spanguol\u0117s (mirkytos obuoli\u0173 sultyse) - Biopapa<\/title>\n<meta name=\"description\" content=\"D\u017eiovintos ekologi\u0161kos spanguol\u0117s, mirkytos obuoli\u0173 sultyse, yra maistingas ir naudingas sveikatai u\u017ekandis. \u0160is derinys suma\u017eina prid\u0117tinio cukraus poreik\u012f, nes nat\u016bralus obuoli\u0173 sul\u010di\u0173 saldumas papildo spanguoli\u0173 r\u016bg\u0161tum\u0105.\" \/>\n<meta name=\"robots\" content=\"index, follow, max-snippet:-1, max-image-preview:large, max-video-preview:-1\" \/>\n<link rel=\"canonical\" href=\"https:\/\/www.biopapa.de\/lt\/producte\/ekologiskos-spanguoles-dziovintos-mirkytos-obuoliu-sultyse\/\" \/>\n<meta property=\"og:locale\" content=\"lt_LT\" \/>\n<meta property=\"og:type\" content=\"article\" \/>\n<meta property=\"og:title\" content=\"Ekologi\u0161kos d\u017eiovintos spanguol\u0117s (mirkytos obuoli\u0173 sultyse) - Biopapa\" \/>\n<meta property=\"og:description\" content=\"D\u017eiovintos ekologi\u0161kos spanguol\u0117s, mirkytos obuoli\u0173 sultyse, yra maistingas ir naudingas sveikatai u\u017ekandis. \u0160is derinys suma\u017eina prid\u0117tinio cukraus poreik\u012f, nes nat\u016bralus obuoli\u0173 sul\u010di\u0173 saldumas papildo spanguoli\u0173 r\u016bg\u0161tum\u0105.\" \/>\n<meta property=\"og:url\" content=\"https:\/\/www.biopapa.de\/lt\/producte\/ekologiskos-spanguoles-dziovintos-mirkytos-obuoliu-sultyse\/\" \/>\n<meta property=\"og:site_name\" content=\"Biopapa\" \/>\n<meta property=\"article:publisher\" content=\"https:\/\/www.facebook.com\/biopapa.lt\" \/>\n<meta property=\"article:modified_time\" content=\"2026-04-20T16:39:39+00:00\" \/>\n<meta property=\"og:image\" content=\"https:\/\/www.biopapa.de\/wp-content\/uploads\/2021\/09\/Ekologiskos-spanguoles-dziovintos-mirkytos-obuoliu-sultyse.jpg\" \/>\n\t<meta property=\"og:image:width\" content=\"800\" \/>\n\t<meta property=\"og:image:height\" content=\"640\" \/>\n\t<meta property=\"og:image:type\" content=\"image\/jpeg\" \/>\n<meta name=\"twitter:card\" content=\"summary_large_image\" \/>\n<meta name=\"twitter:label1\" content=\"Est. reading time\" \/>\n\t<meta name=\"twitter:data1\" content=\"1 minut\u0117\" \/>\n<script type=\"application\/ld+json\" class=\"yoast-schema-graph\">{\"@context\":\"https:\\\/\\\/schema.org\",\"@graph\":[{\"@type\":\"WebPage\",\"@id\":\"https:\\\/\\\/www.biopapa.de\\\/lt\\\/producte\\\/ekologiskos-spanguoles-dziovintos-mirkytos-obuoliu-sultyse\\\/\",\"url\":\"https:\\\/\\\/www.biopapa.de\\\/lt\\\/producte\\\/ekologiskos-spanguoles-dziovintos-mirkytos-obuoliu-sultyse\\\/\",\"name\":\"Ekologi\u0161kos d\u017eiovintos spanguol\u0117s (mirkytos obuoli\u0173 sultyse) - Biopapa\",\"isPartOf\":{\"@id\":\"https:\\\/\\\/www.biopapa.de\\\/lt\\\/#website\"},\"primaryImageOfPage\":{\"@id\":\"https:\\\/\\\/www.biopapa.de\\\/lt\\\/producte\\\/ekologiskos-spanguoles-dziovintos-mirkytos-obuoliu-sultyse\\\/#primaryimage\"},\"image\":{\"@id\":\"https:\\\/\\\/www.biopapa.de\\\/lt\\\/producte\\\/ekologiskos-spanguoles-dziovintos-mirkytos-obuoliu-sultyse\\\/#primaryimage\"},\"thumbnailUrl\":\"https:\\\/\\\/www.biopapa.de\\\/wp-content\\\/uploads\\\/2021\\\/09\\\/Ekologiskos-spanguoles-dziovintos-mirkytos-obuoliu-sultyse.jpg\",\"datePublished\":\"2021-09-17T18:42:47+00:00\",\"dateModified\":\"2026-04-20T16:39:39+00:00\",\"description\":\"D\u017eiovintos ekologi\u0161kos spanguol\u0117s, mirkytos obuoli\u0173 sultyse, yra maistingas ir naudingas sveikatai u\u017ekandis. \u0160is derinys suma\u017eina prid\u0117tinio cukraus poreik\u012f, nes nat\u016bralus obuoli\u0173 sul\u010di\u0173 saldumas papildo spanguoli\u0173 r\u016bg\u0161tum\u0105.\",\"breadcrumb\":{\"@id\":\"https:\\\/\\\/www.biopapa.de\\\/lt\\\/producte\\\/ekologiskos-spanguoles-dziovintos-mirkytos-obuoliu-sultyse\\\/#breadcrumb\"},\"inLanguage\":\"lt-LT\",\"potentialAction\":[{\"@type\":\"ReadAction\",\"target\":[\"https:\\\/\\\/www.biopapa.de\\\/lt\\\/producte\\\/ekologiskos-spanguoles-dziovintos-mirkytos-obuoliu-sultyse\\\/\"]}]},{\"@type\":\"ImageObject\",\"inLanguage\":\"lt-LT\",\"@id\":\"https:\\\/\\\/www.biopapa.de\\\/lt\\\/producte\\\/ekologiskos-spanguoles-dziovintos-mirkytos-obuoliu-sultyse\\\/#primaryimage\",\"url\":\"https:\\\/\\\/www.biopapa.de\\\/wp-content\\\/uploads\\\/2021\\\/09\\\/Ekologiskos-spanguoles-dziovintos-mirkytos-obuoliu-sultyse.jpg\",\"contentUrl\":\"https:\\\/\\\/www.biopapa.de\\\/wp-content\\\/uploads\\\/2021\\\/09\\\/Ekologiskos-spanguoles-dziovintos-mirkytos-obuoliu-sultyse.jpg\",\"width\":800,\"height\":640,\"caption\":\"Ekologi\u0161kos d\u017eiovintos spanguol\u0117s (mirkytos obuoli\u0173 sultyse)\"},{\"@type\":\"BreadcrumbList\",\"@id\":\"https:\\\/\\\/www.biopapa.de\\\/lt\\\/producte\\\/ekologiskos-spanguoles-dziovintos-mirkytos-obuoliu-sultyse\\\/#breadcrumb\",\"itemListElement\":[{\"@type\":\"ListItem\",\"position\":1,\"name\":\"Home\",\"item\":\"https:\\\/\\\/www.biopapa.de\\\/lt\\\/\"},{\"@type\":\"ListItem\",\"position\":2,\"name\":\"Parduotuv\u0117\",\"item\":\"https:\\\/\\\/www.biopapa.de\\\/parduotuve\\\/\"},{\"@type\":\"ListItem\",\"position\":3,\"name\":\"Ekologi\u0161kos d\u017eiovintos spanguol\u0117s (mirkytos obuoli\u0173 sultyse)\"}]},{\"@type\":\"WebSite\",\"@id\":\"https:\\\/\\\/www.biopapa.de\\\/lt\\\/#website\",\"url\":\"https:\\\/\\\/www.biopapa.de\\\/lt\\\/\",\"name\":\"Biopapa\",\"description\":\"\u0160var\u016bs ekologi\u0161ki produktai\",\"publisher\":{\"@id\":\"https:\\\/\\\/www.biopapa.de\\\/lt\\\/#organization\"},\"potentialAction\":[{\"@type\":\"SearchAction\",\"target\":{\"@type\":\"EntryPoint\",\"urlTemplate\":\"https:\\\/\\\/www.biopapa.de\\\/lt\\\/?s={search_term_string}\"},\"query-input\":{\"@type\":\"PropertyValueSpecification\",\"valueRequired\":true,\"valueName\":\"search_term_string\"}}],\"inLanguage\":\"lt-LT\"},{\"@type\":\"Organization\",\"@id\":\"https:\\\/\\\/www.biopapa.de\\\/lt\\\/#organization\",\"name\":\"Biopapa\",\"url\":\"https:\\\/\\\/www.biopapa.de\\\/lt\\\/\",\"logo\":{\"@type\":\"ImageObject\",\"inLanguage\":\"lt-LT\",\"@id\":\"https:\\\/\\\/www.biopapa.de\\\/lt\\\/#\\\/schema\\\/logo\\\/image\\\/\",\"url\":\"https:\\\/\\\/www.biopapa.lt\\\/wp-content\\\/uploads\\\/2022\\\/04\\\/facebook_biopapa.jpg\",\"contentUrl\":\"https:\\\/\\\/www.biopapa.lt\\\/wp-content\\\/uploads\\\/2022\\\/04\\\/facebook_biopapa.jpg\",\"width\":1733,\"height\":907,\"caption\":\"Biopapa\"},\"image\":{\"@id\":\"https:\\\/\\\/www.biopapa.de\\\/lt\\\/#\\\/schema\\\/logo\\\/image\\\/\"},\"sameAs\":[\"https:\\\/\\\/www.facebook.com\\\/biopapa.lt\"]}]}<\/script>\n<!-- \/ Yoast SEO plugin. -->","yoast_head_json":{"title":"Ekologi\u0161kos d\u017eiovintos spanguol\u0117s (mirkytos obuoli\u0173 sultyse) - Biopapa","description":"D\u017eiovintos ekologi\u0161kos spanguol\u0117s, mirkytos obuoli\u0173 sultyse, yra maistingas ir naudingas sveikatai u\u017ekandis. \u0160is derinys suma\u017eina prid\u0117tinio cukraus poreik\u012f, nes nat\u016bralus obuoli\u0173 sul\u010di\u0173 saldumas papildo spanguoli\u0173 r\u016bg\u0161tum\u0105.","robots":{"index":"index","follow":"follow","max-snippet":"max-snippet:-1","max-image-preview":"max-image-preview:large","max-video-preview":"max-video-preview:-1"},"canonical":"https:\/\/www.biopapa.de\/lt\/producte\/ekologiskos-spanguoles-dziovintos-mirkytos-obuoliu-sultyse\/","og_locale":"lt_LT","og_type":"article","og_title":"Ekologi\u0161kos d\u017eiovintos spanguol\u0117s (mirkytos obuoli\u0173 sultyse) - Biopapa","og_description":"D\u017eiovintos ekologi\u0161kos spanguol\u0117s, mirkytos obuoli\u0173 sultyse, yra maistingas ir naudingas sveikatai u\u017ekandis. \u0160is derinys suma\u017eina prid\u0117tinio cukraus poreik\u012f, nes nat\u016bralus obuoli\u0173 sul\u010di\u0173 saldumas papildo spanguoli\u0173 r\u016bg\u0161tum\u0105.","og_url":"https:\/\/www.biopapa.de\/lt\/producte\/ekologiskos-spanguoles-dziovintos-mirkytos-obuoliu-sultyse\/","og_site_name":"Biopapa","article_publisher":"https:\/\/www.facebook.com\/biopapa.lt","article_modified_time":"2026-04-20T16:39:39+00:00","og_image":[{"width":800,"height":640,"url":"https:\/\/www.biopapa.de\/wp-content\/uploads\/2021\/09\/Ekologiskos-spanguoles-dziovintos-mirkytos-obuoliu-sultyse.jpg","type":"image\/jpeg"}],"twitter_card":"summary_large_image","twitter_misc":{"Est. reading time":"1 minut\u0117"},"schema":{"@context":"https:\/\/schema.org","@graph":[{"@type":"WebPage","@id":"https:\/\/www.biopapa.de\/lt\/producte\/ekologiskos-spanguoles-dziovintos-mirkytos-obuoliu-sultyse\/","url":"https:\/\/www.biopapa.de\/lt\/producte\/ekologiskos-spanguoles-dziovintos-mirkytos-obuoliu-sultyse\/","name":"Ekologi\u0161kos d\u017eiovintos spanguol\u0117s (mirkytos obuoli\u0173 sultyse) - Biopapa","isPartOf":{"@id":"https:\/\/www.biopapa.de\/lt\/#website"},"primaryImageOfPage":{"@id":"https:\/\/www.biopapa.de\/lt\/producte\/ekologiskos-spanguoles-dziovintos-mirkytos-obuoliu-sultyse\/#primaryimage"},"image":{"@id":"https:\/\/www.biopapa.de\/lt\/producte\/ekologiskos-spanguoles-dziovintos-mirkytos-obuoliu-sultyse\/#primaryimage"},"thumbnailUrl":"https:\/\/www.biopapa.de\/wp-content\/uploads\/2021\/09\/Ekologiskos-spanguoles-dziovintos-mirkytos-obuoliu-sultyse.jpg","datePublished":"2021-09-17T18:42:47+00:00","dateModified":"2026-04-20T16:39:39+00:00","description":"D\u017eiovintos ekologi\u0161kos spanguol\u0117s, mirkytos obuoli\u0173 sultyse, yra maistingas ir naudingas sveikatai u\u017ekandis. \u0160is derinys suma\u017eina prid\u0117tinio cukraus poreik\u012f, nes nat\u016bralus obuoli\u0173 sul\u010di\u0173 saldumas papildo spanguoli\u0173 r\u016bg\u0161tum\u0105.","breadcrumb":{"@id":"https:\/\/www.biopapa.de\/lt\/producte\/ekologiskos-spanguoles-dziovintos-mirkytos-obuoliu-sultyse\/#breadcrumb"},"inLanguage":"lt-LT","potentialAction":[{"@type":"ReadAction","target":["https:\/\/www.biopapa.de\/lt\/producte\/ekologiskos-spanguoles-dziovintos-mirkytos-obuoliu-sultyse\/"]}]},{"@type":"ImageObject","inLanguage":"lt-LT","@id":"https:\/\/www.biopapa.de\/lt\/producte\/ekologiskos-spanguoles-dziovintos-mirkytos-obuoliu-sultyse\/#primaryimage","url":"https:\/\/www.biopapa.de\/wp-content\/uploads\/2021\/09\/Ekologiskos-spanguoles-dziovintos-mirkytos-obuoliu-sultyse.jpg","contentUrl":"https:\/\/www.biopapa.de\/wp-content\/uploads\/2021\/09\/Ekologiskos-spanguoles-dziovintos-mirkytos-obuoliu-sultyse.jpg","width":800,"height":640,"caption":"Ekologi\u0161kos d\u017eiovintos spanguol\u0117s (mirkytos obuoli\u0173 sultyse)"},{"@type":"BreadcrumbList","@id":"https:\/\/www.biopapa.de\/lt\/producte\/ekologiskos-spanguoles-dziovintos-mirkytos-obuoliu-sultyse\/#breadcrumb","itemListElement":[{"@type":"ListItem","position":1,"name":"Home","item":"https:\/\/www.biopapa.de\/lt\/"},{"@type":"ListItem","position":2,"name":"Parduotuv\u0117","item":"https:\/\/www.biopapa.de\/parduotuve\/"},{"@type":"ListItem","position":3,"name":"Ekologi\u0161kos d\u017eiovintos spanguol\u0117s (mirkytos obuoli\u0173 sultyse)"}]},{"@type":"WebSite","@id":"https:\/\/www.biopapa.de\/lt\/#website","url":"https:\/\/www.biopapa.de\/lt\/","name":"Biopapa","description":"\u0160var\u016bs ekologi\u0161ki produktai","publisher":{"@id":"https:\/\/www.biopapa.de\/lt\/#organization"},"potentialAction":[{"@type":"SearchAction","target":{"@type":"EntryPoint","urlTemplate":"https:\/\/www.biopapa.de\/lt\/?s={search_term_string}"},"query-input":{"@type":"PropertyValueSpecification","valueRequired":true,"valueName":"search_term_string"}}],"inLanguage":"lt-LT"},{"@type":"Organization","@id":"https:\/\/www.biopapa.de\/lt\/#organization","name":"Biopapa","url":"https:\/\/www.biopapa.de\/lt\/","logo":{"@type":"ImageObject","inLanguage":"lt-LT","@id":"https:\/\/www.biopapa.de\/lt\/#\/schema\/logo\/image\/","url":"https:\/\/www.biopapa.lt\/wp-content\/uploads\/2022\/04\/facebook_biopapa.jpg","contentUrl":"https:\/\/www.biopapa.lt\/wp-content\/uploads\/2022\/04\/facebook_biopapa.jpg","width":1733,"height":907,"caption":"Biopapa"},"image":{"@id":"https:\/\/www.biopapa.de\/lt\/#\/schema\/logo\/image\/"},"sameAs":["https:\/\/www.facebook.com\/biopapa.lt"]}]}},"_links":{"self":[{"href":"https:\/\/www.biopapa.de\/lt\/wp-json\/wp\/v2\/product\/15094","targetHints":{"allow":["GET"]}}],"collection":[{"href":"https:\/\/www.biopapa.de\/lt\/wp-json\/wp\/v2\/product"}],"about":[{"href":"https:\/\/www.biopapa.de\/lt\/wp-json\/wp\/v2\/types\/product"}],"wp:featuredmedia":[{"embeddable":true,"href":"https:\/\/www.biopapa.de\/lt\/wp-json\/wp\/v2\/media\/15858"}],"wp:attachment":[{"href":"https:\/\/www.biopapa.de\/lt\/wp-json\/wp\/v2\/media?parent=15094"}],"wp:term":[{"taxonomy":"product_brand","embeddable":true,"href":"https:\/\/www.biopapa.de\/lt\/wp-json\/wp\/v2\/product_brand?post=15094"},{"taxonomy":"product_cat","embeddable":true,"href":"https:\/\/www.biopapa.de\/lt\/wp-json\/wp\/v2\/product_cat?post=15094"},{"taxonomy":"product_tag","embeddable":true,"href":"https:\/\/www.biopapa.de\/lt\/wp-json\/wp\/v2\/product_tag?post=15094"}],"curies":[{"name":"wp","href":"https:\/\/api.w.org\/{rel}","templated":true}]}}