{"id":15101,"date":"2021-09-17T21:44:28","date_gmt":"2021-09-17T18:44:28","guid":{"rendered":"https:\/\/www.biopapa.lt\/?post_type=product&#038;p=15101"},"modified":"2025-12-19T15:42:30","modified_gmt":"2025-12-19T13:42:30","slug":"ekologiskos-dygliuotojo-ozerskio-goji-godzi-uogos","status":"publish","type":"product","link":"https:\/\/www.biopapa.de\/lt\/producte\/ekologiskos-dygliuotojo-ozerskio-goji-godzi-uogos\/","title":{"rendered":"Ekologi\u0161kos dygliuotojo o\u017eer\u0161kio (Goji, God\u017ei) uogos"},"content":{"rendered":"<p><strong>Goji uogos, d\u017eiovintos<\/strong><br \/>\nGoji uogos Lycium barbarum, yra ma\u017ei, ry\u0161kiai raudoni vaisiai, kil\u0119 i\u0161 Azijos Himalaj\u0173 regiono, ypa\u010d Kinijos ir Tibeto. Goji uogos, kuri\u0173 istorija siekia daugiau nei 2000 met\u0173, tradicin\u0117je kin\u0173 medicinoje (TCM) jau seniai buvo gerbiama d\u0117l savo sveikat\u0105 stiprinan\u010di\u0173 savybi\u0173. Kinijos kult\u016broje \u0161ios uogos da\u017enai vadinamos \u201egou qi zi\u201c ir tradici\u0161kai buvo naudojamos gyvybingumui kelti, imuninei sistemai palaikyti ir ilgaam\u017ei\u0161kumui skatinti. Pagal \u0161i\u0105 senovin\u0119 tradicij\u0105 jie yra sveikatos ir gerov\u0117s simbolis.<\/p>\n<p>D\u0117mesio<br \/>\nGoji uogos gali s\u0105veikauti su krauj\u0105 skystinan\u010diomis med\u017eiagomis ir vaistais, turin\u010diais \u012ftakos kraujosp\u016bd\u017eiui. B\u016bkite atid\u016bs.<br \/>\nPer didelis goji uog\u0173 vartojimas gali sukelti vir\u0161kinimo sutrikim\u0173, \u012fskaitant viduriavim\u0105 ar skrand\u017eio spazmus.<\/p>\n<p>Naudojimas<br \/>\n\u2013 M\u0117gaukit\u0117s Goji uogomis kaip maistingu u\u017ekand\u017eiu, galite sumai\u0161yti jas su rie\u0161utais ir s\u0117klomis.<br \/>\n\u2013 Pamirkykite d\u017eiovintas goji uogas kar\u0161tame vandenyje, gausite raminan\u010dios ir maistingos arbatos.<br \/>\n\u2013 \u012etraukite goji uogas \u012f bandeli\u0173, sausaini\u0173 ar energetini\u0173 baton\u0117li\u0173 receptus, taip gausite papildom\u0173 maistini\u0173 med\u017eiagi\u0173 su savo m\u0117gstamais skan\u0117stais.<br \/>\n\u2013 Pabarstykite goji uogas ant salot\u0173.<\/p>\n<p>Rekomenduojama dienos doz\u0117 15-30 g.<br \/>\nPrad\u0117kite nuo nedidelio kiekio ir palaipsniui didinkite suvartojim\u0105.<\/p>\n<p>PASTABA. \u010cia pateikta informacija negali b\u016bti interpretuojama kaip gydymo ar kitokio pob\u016bd\u017eio sveikatos klausim\u0173 sprendimo rekomendacija. Raginame sprendimus, susijusius su asmenine sveikata, priimti asmeni\u0161kai, \u012fvertinus \u012fvairius informacijos \u0161altinius.<\/p>\n","protected":false},"excerpt":{"rendered":"<p>Goji uogos, d\u017eiovintos Goji uogos Lycium barbarum, yra ma\u017ei, ry\u0161kiai raudoni vaisiai, kil\u0119 i\u0161 Azijos Himalaj\u0173 regiono, ypa\u010d Kinijos ir<\/p>\n","protected":false},"featured_media":15862,"template":"","meta":{"_acf_changed":false},"product_brand":[],"product_cat":[1228,1935],"product_tag":[1381,1378],"class_list":{"0":"post-15101","1":"product","2":"type-product","3":"status-publish","4":"has-post-thumbnail","6":"product_cat-ekologiski-dziovinti-vaisiai-uogos-darzoves","7":"product_cat-dziovintos-uogos","8":"product_tag-be-pridetinio-cukraus","9":"product_tag-veganams","10":"pa_svoris-1-kg","11":"pa_svoris-100-g","12":"pa_svoris-20-kg","13":"pa_svoris-200-g","14":"pa_svoris-300-g","15":"pa_svoris-400-g","16":"pa_svoris-5-kg","17":"pa_svoris-500-g","19":"first","20":"instock","21":"shipping-taxable","22":"purchasable","23":"product-type-variable"},"acf":[],"yoast_head":"<!-- This site is optimized with the Yoast SEO plugin v27.5 - https:\/\/yoast.com\/product\/yoast-seo-wordpress\/ -->\n<title>Ekologi\u0161kos dygliuotojo o\u017eer\u0161kio (Goji, God\u017ei) uogos - Biopapa<\/title>\n<meta name=\"description\" content=\"Goji (dygliuotojo o\u017eer\u0161kio, God\u017ei) uogos jau seniai buvo gerbiamos d\u0117l savo sveikat\u0105 stiprinan\u010di\u0173 savybi\u0173. Kinijos kult\u016broje \u0161ios uogos da\u017enai buvo naudojamos gyvybingumui kelti, imuninei sistemai palaikyti ir ilgaam\u017ei\u0161kumui skatinti.\" \/>\n<meta name=\"robots\" content=\"index, follow, max-snippet:-1, max-image-preview:large, max-video-preview:-1\" \/>\n<link rel=\"canonical\" href=\"https:\/\/www.biopapa.de\/lt\/producte\/ekologiskos-dygliuotojo-ozerskio-goji-godzi-uogos\/\" \/>\n<meta property=\"og:locale\" content=\"lt_LT\" \/>\n<meta property=\"og:type\" content=\"article\" \/>\n<meta property=\"og:title\" content=\"Ekologi\u0161kos dygliuotojo o\u017eer\u0161kio (Goji, God\u017ei) uogos - Biopapa\" \/>\n<meta property=\"og:description\" content=\"Goji (dygliuotojo o\u017eer\u0161kio, God\u017ei) uogos jau seniai buvo gerbiamos d\u0117l savo sveikat\u0105 stiprinan\u010di\u0173 savybi\u0173. Kinijos kult\u016broje \u0161ios uogos da\u017enai buvo naudojamos gyvybingumui kelti, imuninei sistemai palaikyti ir ilgaam\u017ei\u0161kumui skatinti.\" \/>\n<meta property=\"og:url\" content=\"https:\/\/www.biopapa.de\/lt\/producte\/ekologiskos-dygliuotojo-ozerskio-goji-godzi-uogos\/\" \/>\n<meta property=\"og:site_name\" content=\"Biopapa\" \/>\n<meta property=\"article:publisher\" content=\"https:\/\/www.facebook.com\/biopapa.lt\" \/>\n<meta property=\"article:modified_time\" content=\"2025-12-19T13:42:30+00:00\" \/>\n<meta property=\"og:image\" content=\"https:\/\/www.biopapa.de\/wp-content\/uploads\/2021\/09\/Ekologiskos-dygliuotojo-ozerskio-Goji-Godzi-uogos-dziovintos.jpg\" \/>\n\t<meta property=\"og:image:width\" content=\"800\" \/>\n\t<meta property=\"og:image:height\" content=\"640\" \/>\n\t<meta property=\"og:image:type\" content=\"image\/jpeg\" \/>\n<meta name=\"twitter:card\" content=\"summary_large_image\" \/>\n<meta name=\"twitter:label1\" content=\"Est. reading time\" \/>\n\t<meta name=\"twitter:data1\" content=\"1 minut\u0117\" \/>\n<script type=\"application\/ld+json\" class=\"yoast-schema-graph\">{\"@context\":\"https:\\\/\\\/schema.org\",\"@graph\":[{\"@type\":\"WebPage\",\"@id\":\"https:\\\/\\\/www.biopapa.de\\\/lt\\\/producte\\\/ekologiskos-dygliuotojo-ozerskio-goji-godzi-uogos\\\/\",\"url\":\"https:\\\/\\\/www.biopapa.de\\\/lt\\\/producte\\\/ekologiskos-dygliuotojo-ozerskio-goji-godzi-uogos\\\/\",\"name\":\"Ekologi\u0161kos dygliuotojo o\u017eer\u0161kio (Goji, God\u017ei) uogos - Biopapa\",\"isPartOf\":{\"@id\":\"https:\\\/\\\/www.biopapa.de\\\/lt\\\/#website\"},\"primaryImageOfPage\":{\"@id\":\"https:\\\/\\\/www.biopapa.de\\\/lt\\\/producte\\\/ekologiskos-dygliuotojo-ozerskio-goji-godzi-uogos\\\/#primaryimage\"},\"image\":{\"@id\":\"https:\\\/\\\/www.biopapa.de\\\/lt\\\/producte\\\/ekologiskos-dygliuotojo-ozerskio-goji-godzi-uogos\\\/#primaryimage\"},\"thumbnailUrl\":\"https:\\\/\\\/www.biopapa.de\\\/wp-content\\\/uploads\\\/2021\\\/09\\\/Ekologiskos-dygliuotojo-ozerskio-Goji-Godzi-uogos-dziovintos.jpg\",\"datePublished\":\"2021-09-17T18:44:28+00:00\",\"dateModified\":\"2025-12-19T13:42:30+00:00\",\"description\":\"Goji (dygliuotojo o\u017eer\u0161kio, God\u017ei) uogos jau seniai buvo gerbiamos d\u0117l savo sveikat\u0105 stiprinan\u010di\u0173 savybi\u0173. Kinijos kult\u016broje \u0161ios uogos da\u017enai buvo naudojamos gyvybingumui kelti, imuninei sistemai palaikyti ir ilgaam\u017ei\u0161kumui skatinti.\",\"breadcrumb\":{\"@id\":\"https:\\\/\\\/www.biopapa.de\\\/lt\\\/producte\\\/ekologiskos-dygliuotojo-ozerskio-goji-godzi-uogos\\\/#breadcrumb\"},\"inLanguage\":\"lt-LT\",\"potentialAction\":[{\"@type\":\"ReadAction\",\"target\":[\"https:\\\/\\\/www.biopapa.de\\\/lt\\\/producte\\\/ekologiskos-dygliuotojo-ozerskio-goji-godzi-uogos\\\/\"]}]},{\"@type\":\"ImageObject\",\"inLanguage\":\"lt-LT\",\"@id\":\"https:\\\/\\\/www.biopapa.de\\\/lt\\\/producte\\\/ekologiskos-dygliuotojo-ozerskio-goji-godzi-uogos\\\/#primaryimage\",\"url\":\"https:\\\/\\\/www.biopapa.de\\\/wp-content\\\/uploads\\\/2021\\\/09\\\/Ekologiskos-dygliuotojo-ozerskio-Goji-Godzi-uogos-dziovintos.jpg\",\"contentUrl\":\"https:\\\/\\\/www.biopapa.de\\\/wp-content\\\/uploads\\\/2021\\\/09\\\/Ekologiskos-dygliuotojo-ozerskio-Goji-Godzi-uogos-dziovintos.jpg\",\"width\":800,\"height\":640,\"caption\":\"Ekologi\u0161kos dygliuotojo o\u017eer\u0161kio (Goji, God\u017ei) uogos, d\u017eiovintos\"},{\"@type\":\"BreadcrumbList\",\"@id\":\"https:\\\/\\\/www.biopapa.de\\\/lt\\\/producte\\\/ekologiskos-dygliuotojo-ozerskio-goji-godzi-uogos\\\/#breadcrumb\",\"itemListElement\":[{\"@type\":\"ListItem\",\"position\":1,\"name\":\"Home\",\"item\":\"https:\\\/\\\/www.biopapa.de\\\/lt\\\/\"},{\"@type\":\"ListItem\",\"position\":2,\"name\":\"Parduotuv\u0117\",\"item\":\"https:\\\/\\\/www.biopapa.de\\\/parduotuve\\\/\"},{\"@type\":\"ListItem\",\"position\":3,\"name\":\"Ekologi\u0161kos dygliuotojo o\u017eer\u0161kio (Goji, God\u017ei) uogos\"}]},{\"@type\":\"WebSite\",\"@id\":\"https:\\\/\\\/www.biopapa.de\\\/lt\\\/#website\",\"url\":\"https:\\\/\\\/www.biopapa.de\\\/lt\\\/\",\"name\":\"Biopapa\",\"description\":\"\u0160var\u016bs ekologi\u0161ki produktai\",\"publisher\":{\"@id\":\"https:\\\/\\\/www.biopapa.de\\\/lt\\\/#organization\"},\"potentialAction\":[{\"@type\":\"SearchAction\",\"target\":{\"@type\":\"EntryPoint\",\"urlTemplate\":\"https:\\\/\\\/www.biopapa.de\\\/lt\\\/?s={search_term_string}\"},\"query-input\":{\"@type\":\"PropertyValueSpecification\",\"valueRequired\":true,\"valueName\":\"search_term_string\"}}],\"inLanguage\":\"lt-LT\"},{\"@type\":\"Organization\",\"@id\":\"https:\\\/\\\/www.biopapa.de\\\/lt\\\/#organization\",\"name\":\"Biopapa\",\"url\":\"https:\\\/\\\/www.biopapa.de\\\/lt\\\/\",\"logo\":{\"@type\":\"ImageObject\",\"inLanguage\":\"lt-LT\",\"@id\":\"https:\\\/\\\/www.biopapa.de\\\/lt\\\/#\\\/schema\\\/logo\\\/image\\\/\",\"url\":\"https:\\\/\\\/www.biopapa.lt\\\/wp-content\\\/uploads\\\/2022\\\/04\\\/facebook_biopapa.jpg\",\"contentUrl\":\"https:\\\/\\\/www.biopapa.lt\\\/wp-content\\\/uploads\\\/2022\\\/04\\\/facebook_biopapa.jpg\",\"width\":1733,\"height\":907,\"caption\":\"Biopapa\"},\"image\":{\"@id\":\"https:\\\/\\\/www.biopapa.de\\\/lt\\\/#\\\/schema\\\/logo\\\/image\\\/\"},\"sameAs\":[\"https:\\\/\\\/www.facebook.com\\\/biopapa.lt\"]}]}<\/script>\n<!-- \/ Yoast SEO plugin. -->","yoast_head_json":{"title":"Ekologi\u0161kos dygliuotojo o\u017eer\u0161kio (Goji, God\u017ei) uogos - Biopapa","description":"Goji (dygliuotojo o\u017eer\u0161kio, God\u017ei) uogos jau seniai buvo gerbiamos d\u0117l savo sveikat\u0105 stiprinan\u010di\u0173 savybi\u0173. Kinijos kult\u016broje \u0161ios uogos da\u017enai buvo naudojamos gyvybingumui kelti, imuninei sistemai palaikyti ir ilgaam\u017ei\u0161kumui skatinti.","robots":{"index":"index","follow":"follow","max-snippet":"max-snippet:-1","max-image-preview":"max-image-preview:large","max-video-preview":"max-video-preview:-1"},"canonical":"https:\/\/www.biopapa.de\/lt\/producte\/ekologiskos-dygliuotojo-ozerskio-goji-godzi-uogos\/","og_locale":"lt_LT","og_type":"article","og_title":"Ekologi\u0161kos dygliuotojo o\u017eer\u0161kio (Goji, God\u017ei) uogos - Biopapa","og_description":"Goji (dygliuotojo o\u017eer\u0161kio, God\u017ei) uogos jau seniai buvo gerbiamos d\u0117l savo sveikat\u0105 stiprinan\u010di\u0173 savybi\u0173. Kinijos kult\u016broje \u0161ios uogos da\u017enai buvo naudojamos gyvybingumui kelti, imuninei sistemai palaikyti ir ilgaam\u017ei\u0161kumui skatinti.","og_url":"https:\/\/www.biopapa.de\/lt\/producte\/ekologiskos-dygliuotojo-ozerskio-goji-godzi-uogos\/","og_site_name":"Biopapa","article_publisher":"https:\/\/www.facebook.com\/biopapa.lt","article_modified_time":"2025-12-19T13:42:30+00:00","og_image":[{"width":800,"height":640,"url":"https:\/\/www.biopapa.de\/wp-content\/uploads\/2021\/09\/Ekologiskos-dygliuotojo-ozerskio-Goji-Godzi-uogos-dziovintos.jpg","type":"image\/jpeg"}],"twitter_card":"summary_large_image","twitter_misc":{"Est. reading time":"1 minut\u0117"},"schema":{"@context":"https:\/\/schema.org","@graph":[{"@type":"WebPage","@id":"https:\/\/www.biopapa.de\/lt\/producte\/ekologiskos-dygliuotojo-ozerskio-goji-godzi-uogos\/","url":"https:\/\/www.biopapa.de\/lt\/producte\/ekologiskos-dygliuotojo-ozerskio-goji-godzi-uogos\/","name":"Ekologi\u0161kos dygliuotojo o\u017eer\u0161kio (Goji, God\u017ei) uogos - Biopapa","isPartOf":{"@id":"https:\/\/www.biopapa.de\/lt\/#website"},"primaryImageOfPage":{"@id":"https:\/\/www.biopapa.de\/lt\/producte\/ekologiskos-dygliuotojo-ozerskio-goji-godzi-uogos\/#primaryimage"},"image":{"@id":"https:\/\/www.biopapa.de\/lt\/producte\/ekologiskos-dygliuotojo-ozerskio-goji-godzi-uogos\/#primaryimage"},"thumbnailUrl":"https:\/\/www.biopapa.de\/wp-content\/uploads\/2021\/09\/Ekologiskos-dygliuotojo-ozerskio-Goji-Godzi-uogos-dziovintos.jpg","datePublished":"2021-09-17T18:44:28+00:00","dateModified":"2025-12-19T13:42:30+00:00","description":"Goji (dygliuotojo o\u017eer\u0161kio, God\u017ei) uogos jau seniai buvo gerbiamos d\u0117l savo sveikat\u0105 stiprinan\u010di\u0173 savybi\u0173. Kinijos kult\u016broje \u0161ios uogos da\u017enai buvo naudojamos gyvybingumui kelti, imuninei sistemai palaikyti ir ilgaam\u017ei\u0161kumui skatinti.","breadcrumb":{"@id":"https:\/\/www.biopapa.de\/lt\/producte\/ekologiskos-dygliuotojo-ozerskio-goji-godzi-uogos\/#breadcrumb"},"inLanguage":"lt-LT","potentialAction":[{"@type":"ReadAction","target":["https:\/\/www.biopapa.de\/lt\/producte\/ekologiskos-dygliuotojo-ozerskio-goji-godzi-uogos\/"]}]},{"@type":"ImageObject","inLanguage":"lt-LT","@id":"https:\/\/www.biopapa.de\/lt\/producte\/ekologiskos-dygliuotojo-ozerskio-goji-godzi-uogos\/#primaryimage","url":"https:\/\/www.biopapa.de\/wp-content\/uploads\/2021\/09\/Ekologiskos-dygliuotojo-ozerskio-Goji-Godzi-uogos-dziovintos.jpg","contentUrl":"https:\/\/www.biopapa.de\/wp-content\/uploads\/2021\/09\/Ekologiskos-dygliuotojo-ozerskio-Goji-Godzi-uogos-dziovintos.jpg","width":800,"height":640,"caption":"Ekologi\u0161kos dygliuotojo o\u017eer\u0161kio (Goji, God\u017ei) uogos, d\u017eiovintos"},{"@type":"BreadcrumbList","@id":"https:\/\/www.biopapa.de\/lt\/producte\/ekologiskos-dygliuotojo-ozerskio-goji-godzi-uogos\/#breadcrumb","itemListElement":[{"@type":"ListItem","position":1,"name":"Home","item":"https:\/\/www.biopapa.de\/lt\/"},{"@type":"ListItem","position":2,"name":"Parduotuv\u0117","item":"https:\/\/www.biopapa.de\/parduotuve\/"},{"@type":"ListItem","position":3,"name":"Ekologi\u0161kos dygliuotojo o\u017eer\u0161kio (Goji, God\u017ei) uogos"}]},{"@type":"WebSite","@id":"https:\/\/www.biopapa.de\/lt\/#website","url":"https:\/\/www.biopapa.de\/lt\/","name":"Biopapa","description":"\u0160var\u016bs ekologi\u0161ki produktai","publisher":{"@id":"https:\/\/www.biopapa.de\/lt\/#organization"},"potentialAction":[{"@type":"SearchAction","target":{"@type":"EntryPoint","urlTemplate":"https:\/\/www.biopapa.de\/lt\/?s={search_term_string}"},"query-input":{"@type":"PropertyValueSpecification","valueRequired":true,"valueName":"search_term_string"}}],"inLanguage":"lt-LT"},{"@type":"Organization","@id":"https:\/\/www.biopapa.de\/lt\/#organization","name":"Biopapa","url":"https:\/\/www.biopapa.de\/lt\/","logo":{"@type":"ImageObject","inLanguage":"lt-LT","@id":"https:\/\/www.biopapa.de\/lt\/#\/schema\/logo\/image\/","url":"https:\/\/www.biopapa.lt\/wp-content\/uploads\/2022\/04\/facebook_biopapa.jpg","contentUrl":"https:\/\/www.biopapa.lt\/wp-content\/uploads\/2022\/04\/facebook_biopapa.jpg","width":1733,"height":907,"caption":"Biopapa"},"image":{"@id":"https:\/\/www.biopapa.de\/lt\/#\/schema\/logo\/image\/"},"sameAs":["https:\/\/www.facebook.com\/biopapa.lt"]}]}},"_links":{"self":[{"href":"https:\/\/www.biopapa.de\/lt\/wp-json\/wp\/v2\/product\/15101","targetHints":{"allow":["GET"]}}],"collection":[{"href":"https:\/\/www.biopapa.de\/lt\/wp-json\/wp\/v2\/product"}],"about":[{"href":"https:\/\/www.biopapa.de\/lt\/wp-json\/wp\/v2\/types\/product"}],"wp:featuredmedia":[{"embeddable":true,"href":"https:\/\/www.biopapa.de\/lt\/wp-json\/wp\/v2\/media\/15862"}],"wp:attachment":[{"href":"https:\/\/www.biopapa.de\/lt\/wp-json\/wp\/v2\/media?parent=15101"}],"wp:term":[{"taxonomy":"product_brand","embeddable":true,"href":"https:\/\/www.biopapa.de\/lt\/wp-json\/wp\/v2\/product_brand?post=15101"},{"taxonomy":"product_cat","embeddable":true,"href":"https:\/\/www.biopapa.de\/lt\/wp-json\/wp\/v2\/product_cat?post=15101"},{"taxonomy":"product_tag","embeddable":true,"href":"https:\/\/www.biopapa.de\/lt\/wp-json\/wp\/v2\/product_tag?post=15101"}],"curies":[{"name":"wp","href":"https:\/\/api.w.org\/{rel}","templated":true}]}}