{"id":15108,"date":"2021-09-17T21:46:54","date_gmt":"2021-09-17T18:46:54","guid":{"rendered":"https:\/\/www.biopapa.lt\/?post_type=product&#038;p=15108"},"modified":"2025-11-27T14:01:58","modified_gmt":"2025-11-27T12:01:58","slug":"ekologiski-dumplainiai","status":"publish","type":"product","link":"https:\/\/www.biopapa.de\/lt\/producte\/ekologiski-dumplainiai\/","title":{"rendered":"Ekologi\u0161ki dumplainiai"},"content":{"rendered":"<p>Ekologi\u0161ki d\u017eiovinti dumplainiai (Physalis peruviana) yra ma\u017eos, apvalios arba ovalios uogos, kurios b\u016bna \u012fvairi\u0173 spalv\u0173, \u012fskaitant \u017eali\u0105, raudon\u0105 ir gelton\u0105. Jie yra kupini maistini\u0173 med\u017eiag\u0173, antioksidant\u0173 ir naudingi sveikatai.<br \/>\nDumplainiai yra vitamino C \u0161altinis.<br \/>\nD\u017eiovinti dumplainiai suteikia maistini\u0173 skaidul\u0173, padeda vir\u0161kinti ir gali pad\u0117ti valdyti svor\u012f.<\/p>\n<p>Naudojimas<br \/>\nM\u0117gaukit\u0117s d\u017eiovintais dumplainiais kaip maistingu ir so\u010diu u\u017ekand\u017eiu atskirai arba sumai\u0161ytu su rie\u0161utais ir s\u0117klomis.<br \/>\n\u012ed\u0117kite juos \u012f bandeles, sausainius ir granolos baton\u0117lius, kad suteiktum\u0117te nat\u016bral\u0173 saldum\u0105 ir skon\u012f.<br \/>\nDerinkite d\u017eiovintus dumplainius su kitais d\u017eiovintais vaisiais, rie\u0161utais ir s\u0117klomis, kad u\u017ekandis b\u016bt\u0173 subalansuotas ir suteikiantis energijos.<br \/>\nNaudokite juos pada\u017euose ir pikanti\u0161kuose patiekaluose, jie suteiks nat\u016bral\u0173 sald\u0173 skon\u012f.<br \/>\nPabarstykite d\u017eiovint\u0173 dumplaini\u0173 ant pusry\u010di\u0173 dribsni\u0173 ar jogurto, kad suteiktum\u0117te nat\u016bralaus saldumo ir tekst\u016bros.<br \/>\nD\u017eiovint\u0173 dumplaini\u0173 d\u0117kite \u012f sald\u017eius ir pikanti\u0161kus patiekalus, pvz., kar\u012f, ry\u017ei\u0173 plov\u0105, kad sukurtum\u0117te intriguojan\u010dius skonio profilius.<br \/>\nPamirkykite d\u017eiovintus dumplainius kar\u0161tame vandenyje ir m\u0117gaukit\u0117s kvapnia ir potencialiai sveika arbata.<\/p>\n<p>D\u0117mesio. Didelis skaidul\u0173 kiekis gali sukelti vir\u0161kinimo sutrikimus arba viduriavim\u0105, jei suvartojama per daug.<\/p>\n<p>PASTABA. \u010cia pateikta informacija negali b\u016bti interpretuojama kaip gydymo ar kitokio pob\u016bd\u017eio sveikatos klausim\u0173 sprendimo rekomendacija. Raginame sprendimus, susijusius su asmenine sveikata, priimti asmeni\u0161kai, \u012fvertinus \u012fvairius informacijos \u0161altinius.<\/p>\n","protected":false},"excerpt":{"rendered":"<p>Ekologi\u0161ki d\u017eiovinti dumplainiai (Physalis peruviana) yra ma\u017eos, apvalios arba ovalios uogos, kurios b\u016bna \u012fvairi\u0173 spalv\u0173, \u012fskaitant \u017eali\u0105, raudon\u0105 ir gelton\u0105.<\/p>\n","protected":false},"featured_media":15857,"template":"","meta":{"_acf_changed":false},"product_brand":[],"product_cat":[1228,1935],"product_tag":[1381,1378],"class_list":{"0":"post-15108","1":"product","2":"type-product","3":"status-publish","4":"has-post-thumbnail","6":"product_cat-ekologiski-dziovinti-vaisiai-uogos-darzoves","7":"product_cat-dziovintos-uogos","8":"product_tag-be-pridetinio-cukraus","9":"product_tag-veganams","10":"pa_svoris-1-kg","11":"pa_svoris-10-kg","12":"pa_svoris-100-g","13":"pa_svoris-20-kg","14":"pa_svoris-200-g","15":"pa_svoris-300-g","16":"pa_svoris-400-g","17":"pa_svoris-500-g","19":"first","20":"instock","21":"shipping-taxable","22":"purchasable","23":"product-type-variable"},"acf":[],"yoast_head":"<!-- This site is optimized with the Yoast SEO plugin v27.5 - https:\/\/yoast.com\/product\/yoast-seo-wordpress\/ -->\n<title>Ekologi\u0161ki dumplainiai - Biopapa<\/title>\n<meta name=\"description\" content=\"D\u017eiovinti dumplainiai suteikia maistini\u0173 skaidul\u0173, padeda vir\u0161kinti ir galimai padeda valdyti svor\u012f.\" \/>\n<meta name=\"robots\" content=\"index, follow, max-snippet:-1, max-image-preview:large, max-video-preview:-1\" \/>\n<link rel=\"canonical\" href=\"https:\/\/www.biopapa.de\/lt\/producte\/ekologiski-dumplainiai\/\" \/>\n<meta property=\"og:locale\" content=\"lt_LT\" \/>\n<meta property=\"og:type\" content=\"article\" \/>\n<meta property=\"og:title\" content=\"Ekologi\u0161ki dumplainiai - Biopapa\" \/>\n<meta property=\"og:description\" content=\"D\u017eiovinti dumplainiai suteikia maistini\u0173 skaidul\u0173, padeda vir\u0161kinti ir galimai padeda valdyti svor\u012f.\" \/>\n<meta property=\"og:url\" content=\"https:\/\/www.biopapa.de\/lt\/producte\/ekologiski-dumplainiai\/\" \/>\n<meta property=\"og:site_name\" content=\"Biopapa\" \/>\n<meta property=\"article:publisher\" content=\"https:\/\/www.facebook.com\/biopapa.lt\" \/>\n<meta property=\"article:modified_time\" content=\"2025-11-27T12:01:58+00:00\" \/>\n<meta property=\"og:image\" content=\"https:\/\/www.biopapa.de\/wp-content\/uploads\/2021\/09\/Ekologiski-dumplainiai-dziovinti.jpg\" \/>\n\t<meta property=\"og:image:width\" content=\"800\" \/>\n\t<meta property=\"og:image:height\" content=\"640\" \/>\n\t<meta property=\"og:image:type\" content=\"image\/jpeg\" \/>\n<meta name=\"twitter:card\" content=\"summary_large_image\" \/>\n<meta name=\"twitter:label1\" content=\"Est. reading time\" \/>\n\t<meta name=\"twitter:data1\" content=\"1 minut\u0117\" \/>\n<script type=\"application\/ld+json\" class=\"yoast-schema-graph\">{\"@context\":\"https:\\\/\\\/schema.org\",\"@graph\":[{\"@type\":\"WebPage\",\"@id\":\"https:\\\/\\\/www.biopapa.de\\\/lt\\\/producte\\\/ekologiski-dumplainiai\\\/\",\"url\":\"https:\\\/\\\/www.biopapa.de\\\/lt\\\/producte\\\/ekologiski-dumplainiai\\\/\",\"name\":\"Ekologi\u0161ki dumplainiai - Biopapa\",\"isPartOf\":{\"@id\":\"https:\\\/\\\/www.biopapa.de\\\/lt\\\/#website\"},\"primaryImageOfPage\":{\"@id\":\"https:\\\/\\\/www.biopapa.de\\\/lt\\\/producte\\\/ekologiski-dumplainiai\\\/#primaryimage\"},\"image\":{\"@id\":\"https:\\\/\\\/www.biopapa.de\\\/lt\\\/producte\\\/ekologiski-dumplainiai\\\/#primaryimage\"},\"thumbnailUrl\":\"https:\\\/\\\/www.biopapa.de\\\/wp-content\\\/uploads\\\/2021\\\/09\\\/Ekologiski-dumplainiai-dziovinti.jpg\",\"datePublished\":\"2021-09-17T18:46:54+00:00\",\"dateModified\":\"2025-11-27T12:01:58+00:00\",\"description\":\"D\u017eiovinti dumplainiai suteikia maistini\u0173 skaidul\u0173, padeda vir\u0161kinti ir galimai padeda valdyti svor\u012f.\",\"breadcrumb\":{\"@id\":\"https:\\\/\\\/www.biopapa.de\\\/lt\\\/producte\\\/ekologiski-dumplainiai\\\/#breadcrumb\"},\"inLanguage\":\"lt-LT\",\"potentialAction\":[{\"@type\":\"ReadAction\",\"target\":[\"https:\\\/\\\/www.biopapa.de\\\/lt\\\/producte\\\/ekologiski-dumplainiai\\\/\"]}]},{\"@type\":\"ImageObject\",\"inLanguage\":\"lt-LT\",\"@id\":\"https:\\\/\\\/www.biopapa.de\\\/lt\\\/producte\\\/ekologiski-dumplainiai\\\/#primaryimage\",\"url\":\"https:\\\/\\\/www.biopapa.de\\\/wp-content\\\/uploads\\\/2021\\\/09\\\/Ekologiski-dumplainiai-dziovinti.jpg\",\"contentUrl\":\"https:\\\/\\\/www.biopapa.de\\\/wp-content\\\/uploads\\\/2021\\\/09\\\/Ekologiski-dumplainiai-dziovinti.jpg\",\"width\":800,\"height\":640,\"caption\":\"Ekologi\u0161ki dumplainiai (d\u017eiovinti)\"},{\"@type\":\"BreadcrumbList\",\"@id\":\"https:\\\/\\\/www.biopapa.de\\\/lt\\\/producte\\\/ekologiski-dumplainiai\\\/#breadcrumb\",\"itemListElement\":[{\"@type\":\"ListItem\",\"position\":1,\"name\":\"Home\",\"item\":\"https:\\\/\\\/www.biopapa.de\\\/lt\\\/\"},{\"@type\":\"ListItem\",\"position\":2,\"name\":\"Parduotuv\u0117\",\"item\":\"https:\\\/\\\/www.biopapa.de\\\/parduotuve\\\/\"},{\"@type\":\"ListItem\",\"position\":3,\"name\":\"Ekologi\u0161ki dumplainiai\"}]},{\"@type\":\"WebSite\",\"@id\":\"https:\\\/\\\/www.biopapa.de\\\/lt\\\/#website\",\"url\":\"https:\\\/\\\/www.biopapa.de\\\/lt\\\/\",\"name\":\"Biopapa\",\"description\":\"\u0160var\u016bs ekologi\u0161ki produktai\",\"publisher\":{\"@id\":\"https:\\\/\\\/www.biopapa.de\\\/lt\\\/#organization\"},\"potentialAction\":[{\"@type\":\"SearchAction\",\"target\":{\"@type\":\"EntryPoint\",\"urlTemplate\":\"https:\\\/\\\/www.biopapa.de\\\/lt\\\/?s={search_term_string}\"},\"query-input\":{\"@type\":\"PropertyValueSpecification\",\"valueRequired\":true,\"valueName\":\"search_term_string\"}}],\"inLanguage\":\"lt-LT\"},{\"@type\":\"Organization\",\"@id\":\"https:\\\/\\\/www.biopapa.de\\\/lt\\\/#organization\",\"name\":\"Biopapa\",\"url\":\"https:\\\/\\\/www.biopapa.de\\\/lt\\\/\",\"logo\":{\"@type\":\"ImageObject\",\"inLanguage\":\"lt-LT\",\"@id\":\"https:\\\/\\\/www.biopapa.de\\\/lt\\\/#\\\/schema\\\/logo\\\/image\\\/\",\"url\":\"https:\\\/\\\/www.biopapa.lt\\\/wp-content\\\/uploads\\\/2022\\\/04\\\/facebook_biopapa.jpg\",\"contentUrl\":\"https:\\\/\\\/www.biopapa.lt\\\/wp-content\\\/uploads\\\/2022\\\/04\\\/facebook_biopapa.jpg\",\"width\":1733,\"height\":907,\"caption\":\"Biopapa\"},\"image\":{\"@id\":\"https:\\\/\\\/www.biopapa.de\\\/lt\\\/#\\\/schema\\\/logo\\\/image\\\/\"},\"sameAs\":[\"https:\\\/\\\/www.facebook.com\\\/biopapa.lt\"]}]}<\/script>\n<!-- \/ Yoast SEO plugin. -->","yoast_head_json":{"title":"Ekologi\u0161ki dumplainiai - Biopapa","description":"D\u017eiovinti dumplainiai suteikia maistini\u0173 skaidul\u0173, padeda vir\u0161kinti ir galimai padeda valdyti svor\u012f.","robots":{"index":"index","follow":"follow","max-snippet":"max-snippet:-1","max-image-preview":"max-image-preview:large","max-video-preview":"max-video-preview:-1"},"canonical":"https:\/\/www.biopapa.de\/lt\/producte\/ekologiski-dumplainiai\/","og_locale":"lt_LT","og_type":"article","og_title":"Ekologi\u0161ki dumplainiai - Biopapa","og_description":"D\u017eiovinti dumplainiai suteikia maistini\u0173 skaidul\u0173, padeda vir\u0161kinti ir galimai padeda valdyti svor\u012f.","og_url":"https:\/\/www.biopapa.de\/lt\/producte\/ekologiski-dumplainiai\/","og_site_name":"Biopapa","article_publisher":"https:\/\/www.facebook.com\/biopapa.lt","article_modified_time":"2025-11-27T12:01:58+00:00","og_image":[{"width":800,"height":640,"url":"https:\/\/www.biopapa.de\/wp-content\/uploads\/2021\/09\/Ekologiski-dumplainiai-dziovinti.jpg","type":"image\/jpeg"}],"twitter_card":"summary_large_image","twitter_misc":{"Est. reading time":"1 minut\u0117"},"schema":{"@context":"https:\/\/schema.org","@graph":[{"@type":"WebPage","@id":"https:\/\/www.biopapa.de\/lt\/producte\/ekologiski-dumplainiai\/","url":"https:\/\/www.biopapa.de\/lt\/producte\/ekologiski-dumplainiai\/","name":"Ekologi\u0161ki dumplainiai - Biopapa","isPartOf":{"@id":"https:\/\/www.biopapa.de\/lt\/#website"},"primaryImageOfPage":{"@id":"https:\/\/www.biopapa.de\/lt\/producte\/ekologiski-dumplainiai\/#primaryimage"},"image":{"@id":"https:\/\/www.biopapa.de\/lt\/producte\/ekologiski-dumplainiai\/#primaryimage"},"thumbnailUrl":"https:\/\/www.biopapa.de\/wp-content\/uploads\/2021\/09\/Ekologiski-dumplainiai-dziovinti.jpg","datePublished":"2021-09-17T18:46:54+00:00","dateModified":"2025-11-27T12:01:58+00:00","description":"D\u017eiovinti dumplainiai suteikia maistini\u0173 skaidul\u0173, padeda vir\u0161kinti ir galimai padeda valdyti svor\u012f.","breadcrumb":{"@id":"https:\/\/www.biopapa.de\/lt\/producte\/ekologiski-dumplainiai\/#breadcrumb"},"inLanguage":"lt-LT","potentialAction":[{"@type":"ReadAction","target":["https:\/\/www.biopapa.de\/lt\/producte\/ekologiski-dumplainiai\/"]}]},{"@type":"ImageObject","inLanguage":"lt-LT","@id":"https:\/\/www.biopapa.de\/lt\/producte\/ekologiski-dumplainiai\/#primaryimage","url":"https:\/\/www.biopapa.de\/wp-content\/uploads\/2021\/09\/Ekologiski-dumplainiai-dziovinti.jpg","contentUrl":"https:\/\/www.biopapa.de\/wp-content\/uploads\/2021\/09\/Ekologiski-dumplainiai-dziovinti.jpg","width":800,"height":640,"caption":"Ekologi\u0161ki dumplainiai (d\u017eiovinti)"},{"@type":"BreadcrumbList","@id":"https:\/\/www.biopapa.de\/lt\/producte\/ekologiski-dumplainiai\/#breadcrumb","itemListElement":[{"@type":"ListItem","position":1,"name":"Home","item":"https:\/\/www.biopapa.de\/lt\/"},{"@type":"ListItem","position":2,"name":"Parduotuv\u0117","item":"https:\/\/www.biopapa.de\/parduotuve\/"},{"@type":"ListItem","position":3,"name":"Ekologi\u0161ki dumplainiai"}]},{"@type":"WebSite","@id":"https:\/\/www.biopapa.de\/lt\/#website","url":"https:\/\/www.biopapa.de\/lt\/","name":"Biopapa","description":"\u0160var\u016bs ekologi\u0161ki produktai","publisher":{"@id":"https:\/\/www.biopapa.de\/lt\/#organization"},"potentialAction":[{"@type":"SearchAction","target":{"@type":"EntryPoint","urlTemplate":"https:\/\/www.biopapa.de\/lt\/?s={search_term_string}"},"query-input":{"@type":"PropertyValueSpecification","valueRequired":true,"valueName":"search_term_string"}}],"inLanguage":"lt-LT"},{"@type":"Organization","@id":"https:\/\/www.biopapa.de\/lt\/#organization","name":"Biopapa","url":"https:\/\/www.biopapa.de\/lt\/","logo":{"@type":"ImageObject","inLanguage":"lt-LT","@id":"https:\/\/www.biopapa.de\/lt\/#\/schema\/logo\/image\/","url":"https:\/\/www.biopapa.lt\/wp-content\/uploads\/2022\/04\/facebook_biopapa.jpg","contentUrl":"https:\/\/www.biopapa.lt\/wp-content\/uploads\/2022\/04\/facebook_biopapa.jpg","width":1733,"height":907,"caption":"Biopapa"},"image":{"@id":"https:\/\/www.biopapa.de\/lt\/#\/schema\/logo\/image\/"},"sameAs":["https:\/\/www.facebook.com\/biopapa.lt"]}]}},"_links":{"self":[{"href":"https:\/\/www.biopapa.de\/lt\/wp-json\/wp\/v2\/product\/15108","targetHints":{"allow":["GET"]}}],"collection":[{"href":"https:\/\/www.biopapa.de\/lt\/wp-json\/wp\/v2\/product"}],"about":[{"href":"https:\/\/www.biopapa.de\/lt\/wp-json\/wp\/v2\/types\/product"}],"wp:featuredmedia":[{"embeddable":true,"href":"https:\/\/www.biopapa.de\/lt\/wp-json\/wp\/v2\/media\/15857"}],"wp:attachment":[{"href":"https:\/\/www.biopapa.de\/lt\/wp-json\/wp\/v2\/media?parent=15108"}],"wp:term":[{"taxonomy":"product_brand","embeddable":true,"href":"https:\/\/www.biopapa.de\/lt\/wp-json\/wp\/v2\/product_brand?post=15108"},{"taxonomy":"product_cat","embeddable":true,"href":"https:\/\/www.biopapa.de\/lt\/wp-json\/wp\/v2\/product_cat?post=15108"},{"taxonomy":"product_tag","embeddable":true,"href":"https:\/\/www.biopapa.de\/lt\/wp-json\/wp\/v2\/product_tag?post=15108"}],"curies":[{"name":"wp","href":"https:\/\/api.w.org\/{rel}","templated":true}]}}