{"id":15115,"date":"2021-09-17T21:48:43","date_gmt":"2021-09-17T18:48:43","guid":{"rendered":"https:\/\/www.biopapa.lt\/?post_type=product&#038;p=15115"},"modified":"2026-03-04T11:32:43","modified_gmt":"2026-03-04T09:32:43","slug":"ekologiski-mangai","status":"publish","type":"product","link":"https:\/\/www.biopapa.de\/lt\/producte\/ekologiski-mangai\/","title":{"rendered":"Ekologi\u0161ki mangai (d\u017eiovinti)"},"content":{"rendered":"<p><strong>Ekologi\u0161ki mangai (d\u017eiovinti)<\/strong><br \/>\nD\u017eiovinti mango vaisiai yra skanus ir naudingas u\u017ekandis.<br \/>\nJie yra turtingi b\u016btin\u0173 vitamin\u0173 ir mineral\u0173. Be to, d\u017eiovinti mango vaisiai yra geras skaidul\u0173 \u0161altinis, padedantis vir\u0161kinimui ir gali pad\u0117ti i\u0161vengti viduri\u0173 u\u017ekiet\u0117jimo. Be to, jie yra turtingi antioksidant\u0173, kurie galimai padeda apsaugoti organizm\u0105 nuo oksidacinio streso ir ma\u017eina ilgalaiki\u0173 lig\u0173 rizik\u0105.<br \/>\nJuos taip pat galima \u012ftraukti \u012f \u012fvairius patiekalus, tokius kaip salotos, ko\u0161\u0117s, taip gausite papildomo skonio ir maistin\u0117s vert\u0117s. D\u017eiovintus mango vaisius galima naudoti kepiniams, jie suteiks skonio ir nat\u016bralaus saldumo.<br \/>\nTa\u010diau svarbu vartoti d\u017eiovintus mango vaisius saikingai d\u0117l j\u0173 nat\u016bralaus cukraus kiekio.<\/p>\n<p>PASTABA. \u010cia pateikta informacija negali b\u016bti interpretuojama kaip gydymo ar kitokio pob\u016bd\u017eio sveikatos klausim\u0173 sprendimo rekomendacija. Raginame sprendimus, susijusius su asmenine sveikata, priimti asmeni\u0161kai, \u012fvertinus \u012fvairius informacijos \u0161altinius.<\/p>\n<p>&nbsp;<\/p>\n","protected":false},"excerpt":{"rendered":"<p>Ekologi\u0161ki mangai (d\u017eiovinti) D\u017eiovinti mango vaisiai yra skanus ir naudingas u\u017ekandis. Jie yra turtingi b\u016btin\u0173 vitamin\u0173 ir mineral\u0173. Be to,<\/p>\n","protected":false},"featured_media":15853,"template":"","meta":{"_acf_changed":false},"product_brand":[],"product_cat":[1746],"product_tag":[2759,2755],"class_list":{"0":"post-15115","1":"product","2":"type-product","3":"status-publish","4":"has-post-thumbnail","6":"product_cat-ekologiski-eteriniai-aliejai","7":"product_tag-2759","8":"product_tag-2755","9":"pa_svoris-1-kg","10":"pa_svoris-100-g","11":"pa_svoris-12-kg","12":"pa_svoris-2-kg","13":"pa_svoris-200-g","14":"pa_svoris-300-g","15":"pa_svoris-400-g","16":"pa_svoris-500-g","18":"first","19":"instock","20":"shipping-taxable","21":"purchasable","22":"product-type-variable"},"acf":[],"yoast_head":"<!-- This site is optimized with the Yoast SEO plugin v27.5 - https:\/\/yoast.com\/product\/yoast-seo-wordpress\/ -->\n<title>Ekologi\u0161ki mangai (d\u017eiovinti) - Biopapa<\/title>\n<meta name=\"robots\" content=\"index, follow, max-snippet:-1, max-image-preview:large, max-video-preview:-1\" \/>\n<link rel=\"canonical\" href=\"https:\/\/www.biopapa.de\/lt\/producte\/ekologiski-mangai\/\" \/>\n<meta property=\"og:locale\" content=\"lt_LT\" \/>\n<meta property=\"og:type\" content=\"article\" \/>\n<meta property=\"og:title\" content=\"Ekologi\u0161ki mangai (d\u017eiovinti) - Biopapa\" \/>\n<meta property=\"og:description\" content=\"Ekologi\u0161ki mangai (d\u017eiovinti) D\u017eiovinti mango vaisiai yra skanus ir naudingas u\u017ekandis. Jie yra turtingi b\u016btin\u0173 vitamin\u0173 ir mineral\u0173. Be to,\" \/>\n<meta property=\"og:url\" content=\"https:\/\/www.biopapa.de\/lt\/producte\/ekologiski-mangai\/\" \/>\n<meta property=\"og:site_name\" content=\"Biopapa\" \/>\n<meta property=\"article:publisher\" content=\"https:\/\/www.facebook.com\/biopapa.lt\" \/>\n<meta property=\"article:modified_time\" content=\"2026-03-04T09:32:43+00:00\" \/>\n<meta property=\"og:image\" content=\"https:\/\/www.biopapa.de\/wp-content\/uploads\/2021\/09\/Ekologiski-mangai-dziovinti.jpg\" \/>\n\t<meta property=\"og:image:width\" content=\"800\" \/>\n\t<meta property=\"og:image:height\" content=\"640\" \/>\n\t<meta property=\"og:image:type\" content=\"image\/jpeg\" \/>\n<meta name=\"twitter:card\" content=\"summary_large_image\" \/>\n<meta name=\"twitter:label1\" content=\"Est. reading time\" \/>\n\t<meta name=\"twitter:data1\" content=\"1 minut\u0117\" \/>\n<script type=\"application\/ld+json\" class=\"yoast-schema-graph\">{\"@context\":\"https:\\\/\\\/schema.org\",\"@graph\":[{\"@type\":\"WebPage\",\"@id\":\"https:\\\/\\\/www.biopapa.de\\\/lt\\\/producte\\\/ekologiski-mangai\\\/\",\"url\":\"https:\\\/\\\/www.biopapa.de\\\/lt\\\/producte\\\/ekologiski-mangai\\\/\",\"name\":\"Ekologi\u0161ki mangai (d\u017eiovinti) - Biopapa\",\"isPartOf\":{\"@id\":\"https:\\\/\\\/www.biopapa.de\\\/lt\\\/#website\"},\"primaryImageOfPage\":{\"@id\":\"https:\\\/\\\/www.biopapa.de\\\/lt\\\/producte\\\/ekologiski-mangai\\\/#primaryimage\"},\"image\":{\"@id\":\"https:\\\/\\\/www.biopapa.de\\\/lt\\\/producte\\\/ekologiski-mangai\\\/#primaryimage\"},\"thumbnailUrl\":\"https:\\\/\\\/www.biopapa.de\\\/wp-content\\\/uploads\\\/2021\\\/09\\\/Ekologiski-mangai-dziovinti.jpg\",\"datePublished\":\"2021-09-17T18:48:43+00:00\",\"dateModified\":\"2026-03-04T09:32:43+00:00\",\"breadcrumb\":{\"@id\":\"https:\\\/\\\/www.biopapa.de\\\/lt\\\/producte\\\/ekologiski-mangai\\\/#breadcrumb\"},\"inLanguage\":\"lt-LT\",\"potentialAction\":[{\"@type\":\"ReadAction\",\"target\":[\"https:\\\/\\\/www.biopapa.de\\\/lt\\\/producte\\\/ekologiski-mangai\\\/\"]}]},{\"@type\":\"ImageObject\",\"inLanguage\":\"lt-LT\",\"@id\":\"https:\\\/\\\/www.biopapa.de\\\/lt\\\/producte\\\/ekologiski-mangai\\\/#primaryimage\",\"url\":\"https:\\\/\\\/www.biopapa.de\\\/wp-content\\\/uploads\\\/2021\\\/09\\\/Ekologiski-mangai-dziovinti.jpg\",\"contentUrl\":\"https:\\\/\\\/www.biopapa.de\\\/wp-content\\\/uploads\\\/2021\\\/09\\\/Ekologiski-mangai-dziovinti.jpg\",\"width\":800,\"height\":640,\"caption\":\"Ekologi\u0161ki mangai (d\u017eiovinti)\"},{\"@type\":\"BreadcrumbList\",\"@id\":\"https:\\\/\\\/www.biopapa.de\\\/lt\\\/producte\\\/ekologiski-mangai\\\/#breadcrumb\",\"itemListElement\":[{\"@type\":\"ListItem\",\"position\":1,\"name\":\"Home\",\"item\":\"https:\\\/\\\/www.biopapa.de\\\/lt\\\/\"},{\"@type\":\"ListItem\",\"position\":2,\"name\":\"Parduotuv\u0117\",\"item\":\"https:\\\/\\\/www.biopapa.de\\\/parduotuve\\\/\"},{\"@type\":\"ListItem\",\"position\":3,\"name\":\"Ekologi\u0161ki mangai (d\u017eiovinti)\"}]},{\"@type\":\"WebSite\",\"@id\":\"https:\\\/\\\/www.biopapa.de\\\/lt\\\/#website\",\"url\":\"https:\\\/\\\/www.biopapa.de\\\/lt\\\/\",\"name\":\"Biopapa\",\"description\":\"\u0160var\u016bs ekologi\u0161ki produktai\",\"publisher\":{\"@id\":\"https:\\\/\\\/www.biopapa.de\\\/lt\\\/#organization\"},\"potentialAction\":[{\"@type\":\"SearchAction\",\"target\":{\"@type\":\"EntryPoint\",\"urlTemplate\":\"https:\\\/\\\/www.biopapa.de\\\/lt\\\/?s={search_term_string}\"},\"query-input\":{\"@type\":\"PropertyValueSpecification\",\"valueRequired\":true,\"valueName\":\"search_term_string\"}}],\"inLanguage\":\"lt-LT\"},{\"@type\":\"Organization\",\"@id\":\"https:\\\/\\\/www.biopapa.de\\\/lt\\\/#organization\",\"name\":\"Biopapa\",\"url\":\"https:\\\/\\\/www.biopapa.de\\\/lt\\\/\",\"logo\":{\"@type\":\"ImageObject\",\"inLanguage\":\"lt-LT\",\"@id\":\"https:\\\/\\\/www.biopapa.de\\\/lt\\\/#\\\/schema\\\/logo\\\/image\\\/\",\"url\":\"https:\\\/\\\/www.biopapa.lt\\\/wp-content\\\/uploads\\\/2022\\\/04\\\/facebook_biopapa.jpg\",\"contentUrl\":\"https:\\\/\\\/www.biopapa.lt\\\/wp-content\\\/uploads\\\/2022\\\/04\\\/facebook_biopapa.jpg\",\"width\":1733,\"height\":907,\"caption\":\"Biopapa\"},\"image\":{\"@id\":\"https:\\\/\\\/www.biopapa.de\\\/lt\\\/#\\\/schema\\\/logo\\\/image\\\/\"},\"sameAs\":[\"https:\\\/\\\/www.facebook.com\\\/biopapa.lt\"]}]}<\/script>\n<!-- \/ Yoast SEO plugin. -->","yoast_head_json":{"title":"Ekologi\u0161ki mangai (d\u017eiovinti) - Biopapa","robots":{"index":"index","follow":"follow","max-snippet":"max-snippet:-1","max-image-preview":"max-image-preview:large","max-video-preview":"max-video-preview:-1"},"canonical":"https:\/\/www.biopapa.de\/lt\/producte\/ekologiski-mangai\/","og_locale":"lt_LT","og_type":"article","og_title":"Ekologi\u0161ki mangai (d\u017eiovinti) - Biopapa","og_description":"Ekologi\u0161ki mangai (d\u017eiovinti) D\u017eiovinti mango vaisiai yra skanus ir naudingas u\u017ekandis. Jie yra turtingi b\u016btin\u0173 vitamin\u0173 ir mineral\u0173. Be to,","og_url":"https:\/\/www.biopapa.de\/lt\/producte\/ekologiski-mangai\/","og_site_name":"Biopapa","article_publisher":"https:\/\/www.facebook.com\/biopapa.lt","article_modified_time":"2026-03-04T09:32:43+00:00","og_image":[{"width":800,"height":640,"url":"https:\/\/www.biopapa.de\/wp-content\/uploads\/2021\/09\/Ekologiski-mangai-dziovinti.jpg","type":"image\/jpeg"}],"twitter_card":"summary_large_image","twitter_misc":{"Est. reading time":"1 minut\u0117"},"schema":{"@context":"https:\/\/schema.org","@graph":[{"@type":"WebPage","@id":"https:\/\/www.biopapa.de\/lt\/producte\/ekologiski-mangai\/","url":"https:\/\/www.biopapa.de\/lt\/producte\/ekologiski-mangai\/","name":"Ekologi\u0161ki mangai (d\u017eiovinti) - Biopapa","isPartOf":{"@id":"https:\/\/www.biopapa.de\/lt\/#website"},"primaryImageOfPage":{"@id":"https:\/\/www.biopapa.de\/lt\/producte\/ekologiski-mangai\/#primaryimage"},"image":{"@id":"https:\/\/www.biopapa.de\/lt\/producte\/ekologiski-mangai\/#primaryimage"},"thumbnailUrl":"https:\/\/www.biopapa.de\/wp-content\/uploads\/2021\/09\/Ekologiski-mangai-dziovinti.jpg","datePublished":"2021-09-17T18:48:43+00:00","dateModified":"2026-03-04T09:32:43+00:00","breadcrumb":{"@id":"https:\/\/www.biopapa.de\/lt\/producte\/ekologiski-mangai\/#breadcrumb"},"inLanguage":"lt-LT","potentialAction":[{"@type":"ReadAction","target":["https:\/\/www.biopapa.de\/lt\/producte\/ekologiski-mangai\/"]}]},{"@type":"ImageObject","inLanguage":"lt-LT","@id":"https:\/\/www.biopapa.de\/lt\/producte\/ekologiski-mangai\/#primaryimage","url":"https:\/\/www.biopapa.de\/wp-content\/uploads\/2021\/09\/Ekologiski-mangai-dziovinti.jpg","contentUrl":"https:\/\/www.biopapa.de\/wp-content\/uploads\/2021\/09\/Ekologiski-mangai-dziovinti.jpg","width":800,"height":640,"caption":"Ekologi\u0161ki mangai (d\u017eiovinti)"},{"@type":"BreadcrumbList","@id":"https:\/\/www.biopapa.de\/lt\/producte\/ekologiski-mangai\/#breadcrumb","itemListElement":[{"@type":"ListItem","position":1,"name":"Home","item":"https:\/\/www.biopapa.de\/lt\/"},{"@type":"ListItem","position":2,"name":"Parduotuv\u0117","item":"https:\/\/www.biopapa.de\/parduotuve\/"},{"@type":"ListItem","position":3,"name":"Ekologi\u0161ki mangai (d\u017eiovinti)"}]},{"@type":"WebSite","@id":"https:\/\/www.biopapa.de\/lt\/#website","url":"https:\/\/www.biopapa.de\/lt\/","name":"Biopapa","description":"\u0160var\u016bs ekologi\u0161ki produktai","publisher":{"@id":"https:\/\/www.biopapa.de\/lt\/#organization"},"potentialAction":[{"@type":"SearchAction","target":{"@type":"EntryPoint","urlTemplate":"https:\/\/www.biopapa.de\/lt\/?s={search_term_string}"},"query-input":{"@type":"PropertyValueSpecification","valueRequired":true,"valueName":"search_term_string"}}],"inLanguage":"lt-LT"},{"@type":"Organization","@id":"https:\/\/www.biopapa.de\/lt\/#organization","name":"Biopapa","url":"https:\/\/www.biopapa.de\/lt\/","logo":{"@type":"ImageObject","inLanguage":"lt-LT","@id":"https:\/\/www.biopapa.de\/lt\/#\/schema\/logo\/image\/","url":"https:\/\/www.biopapa.lt\/wp-content\/uploads\/2022\/04\/facebook_biopapa.jpg","contentUrl":"https:\/\/www.biopapa.lt\/wp-content\/uploads\/2022\/04\/facebook_biopapa.jpg","width":1733,"height":907,"caption":"Biopapa"},"image":{"@id":"https:\/\/www.biopapa.de\/lt\/#\/schema\/logo\/image\/"},"sameAs":["https:\/\/www.facebook.com\/biopapa.lt"]}]}},"_links":{"self":[{"href":"https:\/\/www.biopapa.de\/lt\/wp-json\/wp\/v2\/product\/15115","targetHints":{"allow":["GET"]}}],"collection":[{"href":"https:\/\/www.biopapa.de\/lt\/wp-json\/wp\/v2\/product"}],"about":[{"href":"https:\/\/www.biopapa.de\/lt\/wp-json\/wp\/v2\/types\/product"}],"wp:featuredmedia":[{"embeddable":true,"href":"https:\/\/www.biopapa.de\/lt\/wp-json\/wp\/v2\/media\/15853"}],"wp:attachment":[{"href":"https:\/\/www.biopapa.de\/lt\/wp-json\/wp\/v2\/media?parent=15115"}],"wp:term":[{"taxonomy":"product_brand","embeddable":true,"href":"https:\/\/www.biopapa.de\/lt\/wp-json\/wp\/v2\/product_brand?post=15115"},{"taxonomy":"product_cat","embeddable":true,"href":"https:\/\/www.biopapa.de\/lt\/wp-json\/wp\/v2\/product_cat?post=15115"},{"taxonomy":"product_tag","embeddable":true,"href":"https:\/\/www.biopapa.de\/lt\/wp-json\/wp\/v2\/product_tag?post=15115"}],"curies":[{"name":"wp","href":"https:\/\/api.w.org\/{rel}","templated":true}]}}