{"id":15122,"date":"2021-09-17T21:51:49","date_gmt":"2021-09-17T18:51:49","guid":{"rendered":"https:\/\/www.biopapa.lt\/?post_type=product&#038;p=15122"},"modified":"2026-02-27T17:07:13","modified_gmt":"2026-02-27T15:07:13","slug":"ekologiskos-slyvos-be-kauliuku","status":"publish","type":"product","link":"https:\/\/www.biopapa.de\/lt\/producte\/ekologiskos-slyvos-be-kauliuku\/","title":{"rendered":"Ekologi\u0161kos slyvos be kauliuk\u0173 (d\u017eiovintos)"},"content":{"rendered":"<p><strong>Ekologi\u0161kos slyvos be kauliuk\u0173 (d\u017eiovintos)<\/strong><br \/>\nPuikaus skonio, spalvos ir tekst\u016bros d\u017eiovintos slyvos \u2013 itin naudingas sveikatai nat\u016braliai saldus u\u017ekandis. Jomis galite gardinti ko\u0161es, granolas, glotnu\u010dius, gamintis augalinio pieno kokteilius, d\u0117ti \u012f tro\u0161kinius, \u012fdaryti sojos kepsnelius, saitan\u0105 ar tofu.<br \/>\nVerting\u0173j\u0173 med\u017eiag\u0173 koncentracija jose yra didesn\u0117, negu \u0161vie\u017eiuose vaisiuose. Jas vert\u0117t\u0173 \u012ftraukti \u012f savo racion\u0105.<\/p>\n<p><em>PASTABA. Svetain\u0117je pateikiama informacija negali b\u016bti interpretuojama kaip gydymo ar kitokio pob\u016bd\u017eio sveikatos klausim\u0173 sprendimo rekomendacija. Raginame sprendimus, susijusius su asmenine sveikata, priimti asmeni\u0161kai, \u012fvertinus \u012fvairius informacijos \u0161altinius.<\/em><\/p>\n","protected":false},"excerpt":{"rendered":"<p>Ekologi\u0161kos slyvos be kauliuk\u0173 (d\u017eiovintos) Puikaus skonio, spalvos ir tekst\u016bros d\u017eiovintos slyvos \u2013 itin naudingas sveikatai nat\u016braliai saldus u\u017ekandis. Jomis<\/p>\n","protected":false},"featured_media":15850,"template":"","meta":{"_acf_changed":false},"product_brand":[],"product_cat":[1934,1228],"product_tag":[1381,1378],"class_list":{"0":"post-15122","1":"product","2":"type-product","3":"status-publish","4":"has-post-thumbnail","6":"product_cat-dziovinti-vaisiai","7":"product_cat-ekologiski-dziovinti-vaisiai-uogos-darzoves","8":"product_tag-be-pridetinio-cukraus","9":"product_tag-veganams","10":"pa_svoris-1-kg","11":"pa_svoris-100-g","12":"pa_svoris-11-kg","13":"pa_svoris-200-g","14":"pa_svoris-300-g","15":"pa_svoris-400-g","16":"pa_svoris-500-g","18":"first","19":"instock","20":"shipping-taxable","21":"purchasable","22":"product-type-variable"},"acf":[],"yoast_head":"<!-- This site is optimized with the Yoast SEO plugin v27.5 - https:\/\/yoast.com\/product\/yoast-seo-wordpress\/ -->\n<title>Ekologi\u0161kos slyvos be kauliuk\u0173 (d\u017eiovintos) - Biopapa<\/title>\n<meta name=\"description\" content=\"Puikaus skonio, spalvos ir tekst\u016bros, ekologi\u0161kos d\u017eiovintos slyvos \u2013 itin naudingas sveikatai nat\u016braliai saldus u\u017ekandis.\" \/>\n<meta name=\"robots\" content=\"index, follow, max-snippet:-1, max-image-preview:large, max-video-preview:-1\" \/>\n<link rel=\"canonical\" href=\"https:\/\/www.biopapa.de\/lt\/producte\/ekologiskos-slyvos-be-kauliuku\/\" \/>\n<meta property=\"og:locale\" content=\"lt_LT\" \/>\n<meta property=\"og:type\" content=\"article\" \/>\n<meta property=\"og:title\" content=\"Ekologi\u0161kos slyvos be kauliuk\u0173 (d\u017eiovintos) - Biopapa\" \/>\n<meta property=\"og:description\" content=\"Puikaus skonio, spalvos ir tekst\u016bros, ekologi\u0161kos d\u017eiovintos slyvos \u2013 itin naudingas sveikatai nat\u016braliai saldus u\u017ekandis.\" \/>\n<meta property=\"og:url\" content=\"https:\/\/www.biopapa.de\/lt\/producte\/ekologiskos-slyvos-be-kauliuku\/\" \/>\n<meta property=\"og:site_name\" content=\"Biopapa\" \/>\n<meta property=\"article:publisher\" content=\"https:\/\/www.facebook.com\/biopapa.lt\" \/>\n<meta property=\"article:modified_time\" content=\"2026-02-27T15:07:13+00:00\" \/>\n<meta property=\"og:image\" content=\"https:\/\/www.biopapa.de\/wp-content\/uploads\/2021\/09\/Ekologiskos-slyvos-be-kauliuku-dziovintos.jpg\" \/>\n\t<meta property=\"og:image:width\" content=\"800\" \/>\n\t<meta property=\"og:image:height\" content=\"640\" \/>\n\t<meta property=\"og:image:type\" content=\"image\/jpeg\" \/>\n<meta name=\"twitter:card\" content=\"summary_large_image\" \/>\n<script type=\"application\/ld+json\" class=\"yoast-schema-graph\">{\"@context\":\"https:\\\/\\\/schema.org\",\"@graph\":[{\"@type\":\"WebPage\",\"@id\":\"https:\\\/\\\/www.biopapa.de\\\/lt\\\/producte\\\/ekologiskos-slyvos-be-kauliuku\\\/\",\"url\":\"https:\\\/\\\/www.biopapa.de\\\/lt\\\/producte\\\/ekologiskos-slyvos-be-kauliuku\\\/\",\"name\":\"Ekologi\u0161kos slyvos be kauliuk\u0173 (d\u017eiovintos) - Biopapa\",\"isPartOf\":{\"@id\":\"https:\\\/\\\/www.biopapa.de\\\/lt\\\/#website\"},\"primaryImageOfPage\":{\"@id\":\"https:\\\/\\\/www.biopapa.de\\\/lt\\\/producte\\\/ekologiskos-slyvos-be-kauliuku\\\/#primaryimage\"},\"image\":{\"@id\":\"https:\\\/\\\/www.biopapa.de\\\/lt\\\/producte\\\/ekologiskos-slyvos-be-kauliuku\\\/#primaryimage\"},\"thumbnailUrl\":\"https:\\\/\\\/www.biopapa.de\\\/wp-content\\\/uploads\\\/2021\\\/09\\\/Ekologiskos-slyvos-be-kauliuku-dziovintos.jpg\",\"datePublished\":\"2021-09-17T18:51:49+00:00\",\"dateModified\":\"2026-02-27T15:07:13+00:00\",\"description\":\"Puikaus skonio, spalvos ir tekst\u016bros, ekologi\u0161kos d\u017eiovintos slyvos \u2013 itin naudingas sveikatai nat\u016braliai saldus u\u017ekandis.\",\"breadcrumb\":{\"@id\":\"https:\\\/\\\/www.biopapa.de\\\/lt\\\/producte\\\/ekologiskos-slyvos-be-kauliuku\\\/#breadcrumb\"},\"inLanguage\":\"lt-LT\",\"potentialAction\":[{\"@type\":\"ReadAction\",\"target\":[\"https:\\\/\\\/www.biopapa.de\\\/lt\\\/producte\\\/ekologiskos-slyvos-be-kauliuku\\\/\"]}]},{\"@type\":\"ImageObject\",\"inLanguage\":\"lt-LT\",\"@id\":\"https:\\\/\\\/www.biopapa.de\\\/lt\\\/producte\\\/ekologiskos-slyvos-be-kauliuku\\\/#primaryimage\",\"url\":\"https:\\\/\\\/www.biopapa.de\\\/wp-content\\\/uploads\\\/2021\\\/09\\\/Ekologiskos-slyvos-be-kauliuku-dziovintos.jpg\",\"contentUrl\":\"https:\\\/\\\/www.biopapa.de\\\/wp-content\\\/uploads\\\/2021\\\/09\\\/Ekologiskos-slyvos-be-kauliuku-dziovintos.jpg\",\"width\":800,\"height\":640,\"caption\":\"Ekologi\u0161kos slyvos be kauliuk\u0173 (d\u017eiovintos)\"},{\"@type\":\"BreadcrumbList\",\"@id\":\"https:\\\/\\\/www.biopapa.de\\\/lt\\\/producte\\\/ekologiskos-slyvos-be-kauliuku\\\/#breadcrumb\",\"itemListElement\":[{\"@type\":\"ListItem\",\"position\":1,\"name\":\"Home\",\"item\":\"https:\\\/\\\/www.biopapa.de\\\/lt\\\/\"},{\"@type\":\"ListItem\",\"position\":2,\"name\":\"Parduotuv\u0117\",\"item\":\"https:\\\/\\\/www.biopapa.de\\\/parduotuve\\\/\"},{\"@type\":\"ListItem\",\"position\":3,\"name\":\"Ekologi\u0161kos slyvos be kauliuk\u0173 (d\u017eiovintos)\"}]},{\"@type\":\"WebSite\",\"@id\":\"https:\\\/\\\/www.biopapa.de\\\/lt\\\/#website\",\"url\":\"https:\\\/\\\/www.biopapa.de\\\/lt\\\/\",\"name\":\"Biopapa\",\"description\":\"\u0160var\u016bs ekologi\u0161ki produktai\",\"publisher\":{\"@id\":\"https:\\\/\\\/www.biopapa.de\\\/lt\\\/#organization\"},\"potentialAction\":[{\"@type\":\"SearchAction\",\"target\":{\"@type\":\"EntryPoint\",\"urlTemplate\":\"https:\\\/\\\/www.biopapa.de\\\/lt\\\/?s={search_term_string}\"},\"query-input\":{\"@type\":\"PropertyValueSpecification\",\"valueRequired\":true,\"valueName\":\"search_term_string\"}}],\"inLanguage\":\"lt-LT\"},{\"@type\":\"Organization\",\"@id\":\"https:\\\/\\\/www.biopapa.de\\\/lt\\\/#organization\",\"name\":\"Biopapa\",\"url\":\"https:\\\/\\\/www.biopapa.de\\\/lt\\\/\",\"logo\":{\"@type\":\"ImageObject\",\"inLanguage\":\"lt-LT\",\"@id\":\"https:\\\/\\\/www.biopapa.de\\\/lt\\\/#\\\/schema\\\/logo\\\/image\\\/\",\"url\":\"https:\\\/\\\/www.biopapa.lt\\\/wp-content\\\/uploads\\\/2022\\\/04\\\/facebook_biopapa.jpg\",\"contentUrl\":\"https:\\\/\\\/www.biopapa.lt\\\/wp-content\\\/uploads\\\/2022\\\/04\\\/facebook_biopapa.jpg\",\"width\":1733,\"height\":907,\"caption\":\"Biopapa\"},\"image\":{\"@id\":\"https:\\\/\\\/www.biopapa.de\\\/lt\\\/#\\\/schema\\\/logo\\\/image\\\/\"},\"sameAs\":[\"https:\\\/\\\/www.facebook.com\\\/biopapa.lt\"]}]}<\/script>\n<!-- \/ Yoast SEO plugin. -->","yoast_head_json":{"title":"Ekologi\u0161kos slyvos be kauliuk\u0173 (d\u017eiovintos) - Biopapa","description":"Puikaus skonio, spalvos ir tekst\u016bros, ekologi\u0161kos d\u017eiovintos slyvos \u2013 itin naudingas sveikatai nat\u016braliai saldus u\u017ekandis.","robots":{"index":"index","follow":"follow","max-snippet":"max-snippet:-1","max-image-preview":"max-image-preview:large","max-video-preview":"max-video-preview:-1"},"canonical":"https:\/\/www.biopapa.de\/lt\/producte\/ekologiskos-slyvos-be-kauliuku\/","og_locale":"lt_LT","og_type":"article","og_title":"Ekologi\u0161kos slyvos be kauliuk\u0173 (d\u017eiovintos) - Biopapa","og_description":"Puikaus skonio, spalvos ir tekst\u016bros, ekologi\u0161kos d\u017eiovintos slyvos \u2013 itin naudingas sveikatai nat\u016braliai saldus u\u017ekandis.","og_url":"https:\/\/www.biopapa.de\/lt\/producte\/ekologiskos-slyvos-be-kauliuku\/","og_site_name":"Biopapa","article_publisher":"https:\/\/www.facebook.com\/biopapa.lt","article_modified_time":"2026-02-27T15:07:13+00:00","og_image":[{"width":800,"height":640,"url":"https:\/\/www.biopapa.de\/wp-content\/uploads\/2021\/09\/Ekologiskos-slyvos-be-kauliuku-dziovintos.jpg","type":"image\/jpeg"}],"twitter_card":"summary_large_image","schema":{"@context":"https:\/\/schema.org","@graph":[{"@type":"WebPage","@id":"https:\/\/www.biopapa.de\/lt\/producte\/ekologiskos-slyvos-be-kauliuku\/","url":"https:\/\/www.biopapa.de\/lt\/producte\/ekologiskos-slyvos-be-kauliuku\/","name":"Ekologi\u0161kos slyvos be kauliuk\u0173 (d\u017eiovintos) - Biopapa","isPartOf":{"@id":"https:\/\/www.biopapa.de\/lt\/#website"},"primaryImageOfPage":{"@id":"https:\/\/www.biopapa.de\/lt\/producte\/ekologiskos-slyvos-be-kauliuku\/#primaryimage"},"image":{"@id":"https:\/\/www.biopapa.de\/lt\/producte\/ekologiskos-slyvos-be-kauliuku\/#primaryimage"},"thumbnailUrl":"https:\/\/www.biopapa.de\/wp-content\/uploads\/2021\/09\/Ekologiskos-slyvos-be-kauliuku-dziovintos.jpg","datePublished":"2021-09-17T18:51:49+00:00","dateModified":"2026-02-27T15:07:13+00:00","description":"Puikaus skonio, spalvos ir tekst\u016bros, ekologi\u0161kos d\u017eiovintos slyvos \u2013 itin naudingas sveikatai nat\u016braliai saldus u\u017ekandis.","breadcrumb":{"@id":"https:\/\/www.biopapa.de\/lt\/producte\/ekologiskos-slyvos-be-kauliuku\/#breadcrumb"},"inLanguage":"lt-LT","potentialAction":[{"@type":"ReadAction","target":["https:\/\/www.biopapa.de\/lt\/producte\/ekologiskos-slyvos-be-kauliuku\/"]}]},{"@type":"ImageObject","inLanguage":"lt-LT","@id":"https:\/\/www.biopapa.de\/lt\/producte\/ekologiskos-slyvos-be-kauliuku\/#primaryimage","url":"https:\/\/www.biopapa.de\/wp-content\/uploads\/2021\/09\/Ekologiskos-slyvos-be-kauliuku-dziovintos.jpg","contentUrl":"https:\/\/www.biopapa.de\/wp-content\/uploads\/2021\/09\/Ekologiskos-slyvos-be-kauliuku-dziovintos.jpg","width":800,"height":640,"caption":"Ekologi\u0161kos slyvos be kauliuk\u0173 (d\u017eiovintos)"},{"@type":"BreadcrumbList","@id":"https:\/\/www.biopapa.de\/lt\/producte\/ekologiskos-slyvos-be-kauliuku\/#breadcrumb","itemListElement":[{"@type":"ListItem","position":1,"name":"Home","item":"https:\/\/www.biopapa.de\/lt\/"},{"@type":"ListItem","position":2,"name":"Parduotuv\u0117","item":"https:\/\/www.biopapa.de\/parduotuve\/"},{"@type":"ListItem","position":3,"name":"Ekologi\u0161kos slyvos be kauliuk\u0173 (d\u017eiovintos)"}]},{"@type":"WebSite","@id":"https:\/\/www.biopapa.de\/lt\/#website","url":"https:\/\/www.biopapa.de\/lt\/","name":"Biopapa","description":"\u0160var\u016bs ekologi\u0161ki produktai","publisher":{"@id":"https:\/\/www.biopapa.de\/lt\/#organization"},"potentialAction":[{"@type":"SearchAction","target":{"@type":"EntryPoint","urlTemplate":"https:\/\/www.biopapa.de\/lt\/?s={search_term_string}"},"query-input":{"@type":"PropertyValueSpecification","valueRequired":true,"valueName":"search_term_string"}}],"inLanguage":"lt-LT"},{"@type":"Organization","@id":"https:\/\/www.biopapa.de\/lt\/#organization","name":"Biopapa","url":"https:\/\/www.biopapa.de\/lt\/","logo":{"@type":"ImageObject","inLanguage":"lt-LT","@id":"https:\/\/www.biopapa.de\/lt\/#\/schema\/logo\/image\/","url":"https:\/\/www.biopapa.lt\/wp-content\/uploads\/2022\/04\/facebook_biopapa.jpg","contentUrl":"https:\/\/www.biopapa.lt\/wp-content\/uploads\/2022\/04\/facebook_biopapa.jpg","width":1733,"height":907,"caption":"Biopapa"},"image":{"@id":"https:\/\/www.biopapa.de\/lt\/#\/schema\/logo\/image\/"},"sameAs":["https:\/\/www.facebook.com\/biopapa.lt"]}]}},"_links":{"self":[{"href":"https:\/\/www.biopapa.de\/lt\/wp-json\/wp\/v2\/product\/15122","targetHints":{"allow":["GET"]}}],"collection":[{"href":"https:\/\/www.biopapa.de\/lt\/wp-json\/wp\/v2\/product"}],"about":[{"href":"https:\/\/www.biopapa.de\/lt\/wp-json\/wp\/v2\/types\/product"}],"wp:featuredmedia":[{"embeddable":true,"href":"https:\/\/www.biopapa.de\/lt\/wp-json\/wp\/v2\/media\/15850"}],"wp:attachment":[{"href":"https:\/\/www.biopapa.de\/lt\/wp-json\/wp\/v2\/media?parent=15122"}],"wp:term":[{"taxonomy":"product_brand","embeddable":true,"href":"https:\/\/www.biopapa.de\/lt\/wp-json\/wp\/v2\/product_brand?post=15122"},{"taxonomy":"product_cat","embeddable":true,"href":"https:\/\/www.biopapa.de\/lt\/wp-json\/wp\/v2\/product_cat?post=15122"},{"taxonomy":"product_tag","embeddable":true,"href":"https:\/\/www.biopapa.de\/lt\/wp-json\/wp\/v2\/product_tag?post=15122"}],"curies":[{"name":"wp","href":"https:\/\/api.w.org\/{rel}","templated":true}]}}