{"id":15129,"date":"2021-09-17T21:54:46","date_gmt":"2021-09-17T18:54:46","guid":{"rendered":"https:\/\/www.biopapa.lt\/?post_type=product&#038;p=15129"},"modified":"2026-03-20T11:00:18","modified_gmt":"2026-03-20T09:00:18","slug":"ekologiskos-spindulines-pupuoles-mung-pupuoles","status":"publish","type":"product","link":"https:\/\/www.biopapa.de\/lt\/producte\/ekologiskos-spindulines-pupuoles-mung-pupuoles\/","title":{"rendered":"Ekologi\u0161kos spindulin\u0117s pupuol\u0117s (Mung)"},"content":{"rendered":"<p>Ekologi\u0161kos spindulin\u0117s pupuol\u0117s (Mung)\u00a0Vigna radiata, yra universalus ank\u0161tinis augalas, auginamas t\u016bkstan\u010dius met\u0173. Mung turi turting\u0105 istorij\u0105, kuri siekia daugiau nei 4000 met\u0173. Manoma, kad buvo prad\u0117ta auginti Indijos subkontinente, jos greitai i\u0161plito \u012f kitas Azijos dalis ir galiausiai prekybos keliais pasiek\u0117 Europ\u0105 ir Amerik\u0105. Mung buvo labai vertinamos d\u0117l savo maistini\u0173 med\u017eiag\u0173.<br \/>\nMung turi didel\u0119 kult\u016brin\u0119 ir kulinarin\u0119 reik\u0161m\u0119 daugelyje Azijos \u0161ali\u0173. Ajurvedoje mung labiausiai vertinamos i\u0161 vis\u0173 ank\u0161tini\u0173 augal\u0173. Kinijos virtuv\u0117je mung daigai yra \u012fprastas ingredientas. Piet\u0173 Kor\u0117joje i\u0161 spindulini\u0173 pupuoli\u0173 gaminamas saldus desertas, \u017einomas kaip \u201epatbingsu\u201c, o Filipinuose jos yra pagrindinis populiaraus deserto \u201emung pupuoli\u0173 sriuba\u201c arba \u201eginataang mongo\u201c ingredientas.<\/p>\n<p>Privalumai<br \/>\nSpindulin\u0117s pupuol\u0117s yra puikus augalini\u0173 baltym\u0173 \u0161altinis, tod\u0117l jos yra idealus pasirinkimas vegetarams ir veganams.<br \/>\nDaug maistini\u0173 skaidul\u0173, kurios padeda vir\u0161kinti ir skatina sotumo jausm\u0105.<br \/>\nGalimai yra gausus \u0161altinis mineral\u0173.<br \/>\nMaistini\u0173 med\u017eiag\u0173 \u012fsisavinimas \u2013 pupuol\u0117se yra maistini\u0173 med\u017eiag\u0173, kurios padeda \u012fsisavinti kitus b\u016btinus mineralus.<\/p>\n<p>D\u0117mesio<br \/>\nSpindulin\u0117se pupuol\u0117s kai kuriems \u017emon\u0117ms gali sukelti duj\u0173 susidarym\u0105 ir pilvo p\u016btim\u0105.<\/p>\n<p>Naudojimas<br \/>\nMung\u00a0 galima daiginti, jos yra populiarus salot\u0173 priedas, suteikiantis tra\u0161ki\u0105 tekst\u016br\u0105 ir gaiv\u0173 skon\u012f.<br \/>\nMung naudojamos sriuboms, tro\u0161kiniams ir kariams, kokteiliams, kepiniams be glitimo receptuose.<br \/>\nMung pasta da\u017eniausiai naudojama kaip saldus pyrag\u0173 \u012fdaras.<\/p>\n<p>Prie\u0161 verdant nuplauti ir pamirkyti\u00a0 apie 4 val.<br \/>\nVirkite apie 40 minu\u010di\u0173 arba kol sumink\u0161t\u0117s, proporcija su vandeniu 1:3.<\/p>\n<p><em>PASTABA. \u010cia pateikta informacija negali b\u016bti interpretuojama kaip gydymo ar kitokio pob\u016bd\u017eio sveikatos klausim\u0173 sprendimo rekomendacija. Raginame sprendimus, susijusius su asmenine sveikata, priimti asmeni\u0161kai, \u012fvertinus \u012fvairius informacijos \u0161altinius.<\/em><\/p>\n","protected":false},"excerpt":{"rendered":"<p>Ekologi\u0161kos spindulin\u0117s pupuol\u0117s (Mung)\u00a0Vigna radiata, yra universalus ank\u0161tinis augalas, auginamas t\u016bkstan\u010dius met\u0173. Mung turi turting\u0105 istorij\u0105, kuri siekia daugiau nei<\/p>\n","protected":false},"featured_media":15866,"template":"","meta":{"_acf_changed":false},"product_brand":[],"product_cat":[1933,1295],"product_tag":[1433,1636,1378,1382],"class_list":{"0":"post-15129","1":"product","2":"type-product","3":"status-publish","4":"has-post-thumbnail","6":"product_cat-ankstiniai","7":"product_cat-ekologiskos-kruopos-ankstiniai","8":"product_tag-baltymu-saltinis","9":"product_tag-skaidulu-saltinis","10":"product_tag-veganams","11":"product_tag-zaliavalgiams","12":"pa_svoris-1-kg","13":"pa_svoris-100-g","14":"pa_svoris-200-g","15":"pa_svoris-25-kg","16":"pa_svoris-300-g","17":"pa_svoris-400-g","18":"pa_svoris-500-g","20":"first","21":"instock","22":"shipping-taxable","23":"purchasable","24":"product-type-variable"},"acf":[],"yoast_head":"<!-- This site is optimized with the Yoast SEO plugin v27.5 - https:\/\/yoast.com\/product\/yoast-seo-wordpress\/ -->\n<title>Ekologi\u0161kos spindulin\u0117s pupuol\u0117s (Mung) - Biopapa<\/title>\n<meta name=\"description\" content=\"Ekologi\u0161kos spindulin\u0117s pupuol\u0117s (Mung) Vigna radiata, yra universalus ank\u0161tinis augalas, auginamas t\u016bkstan\u010dius met\u0173. Mung pupuol\u0117s yra puikus augalini\u0173 baltym\u0173 \u0161altinis, tod\u0117l jos yra idealus pasirinkimas vegetarams ir veganams.\" \/>\n<meta name=\"robots\" content=\"index, follow, max-snippet:-1, max-image-preview:large, max-video-preview:-1\" \/>\n<link rel=\"canonical\" href=\"https:\/\/www.biopapa.de\/lt\/producte\/ekologiskos-spindulines-pupuoles-mung-pupuoles\/\" \/>\n<meta property=\"og:locale\" content=\"lt_LT\" \/>\n<meta property=\"og:type\" content=\"article\" \/>\n<meta property=\"og:title\" content=\"Ekologi\u0161kos spindulin\u0117s pupuol\u0117s (Mung) - Biopapa\" \/>\n<meta property=\"og:description\" content=\"Ekologi\u0161kos spindulin\u0117s pupuol\u0117s (Mung) Vigna radiata, yra universalus ank\u0161tinis augalas, auginamas t\u016bkstan\u010dius met\u0173. Mung pupuol\u0117s yra puikus augalini\u0173 baltym\u0173 \u0161altinis, tod\u0117l jos yra idealus pasirinkimas vegetarams ir veganams.\" \/>\n<meta property=\"og:url\" content=\"https:\/\/www.biopapa.de\/lt\/producte\/ekologiskos-spindulines-pupuoles-mung-pupuoles\/\" \/>\n<meta property=\"og:site_name\" content=\"Biopapa\" \/>\n<meta property=\"article:publisher\" content=\"https:\/\/www.facebook.com\/biopapa.lt\" \/>\n<meta property=\"article:modified_time\" content=\"2026-03-20T09:00:18+00:00\" \/>\n<meta property=\"og:image\" content=\"https:\/\/www.biopapa.de\/wp-content\/uploads\/2021\/09\/Ekologiskos-spindulines-pupuoles-Mung-pupuoles.jpg\" \/>\n\t<meta property=\"og:image:width\" content=\"800\" \/>\n\t<meta property=\"og:image:height\" content=\"640\" \/>\n\t<meta property=\"og:image:type\" content=\"image\/jpeg\" \/>\n<meta name=\"twitter:card\" content=\"summary_large_image\" \/>\n<meta name=\"twitter:label1\" content=\"Est. reading time\" \/>\n\t<meta name=\"twitter:data1\" content=\"1 minut\u0117\" \/>\n<script type=\"application\/ld+json\" class=\"yoast-schema-graph\">{\"@context\":\"https:\\\/\\\/schema.org\",\"@graph\":[{\"@type\":\"WebPage\",\"@id\":\"https:\\\/\\\/www.biopapa.de\\\/lt\\\/producte\\\/ekologiskos-spindulines-pupuoles-mung-pupuoles\\\/\",\"url\":\"https:\\\/\\\/www.biopapa.de\\\/lt\\\/producte\\\/ekologiskos-spindulines-pupuoles-mung-pupuoles\\\/\",\"name\":\"Ekologi\u0161kos spindulin\u0117s pupuol\u0117s (Mung) - Biopapa\",\"isPartOf\":{\"@id\":\"https:\\\/\\\/www.biopapa.de\\\/lt\\\/#website\"},\"primaryImageOfPage\":{\"@id\":\"https:\\\/\\\/www.biopapa.de\\\/lt\\\/producte\\\/ekologiskos-spindulines-pupuoles-mung-pupuoles\\\/#primaryimage\"},\"image\":{\"@id\":\"https:\\\/\\\/www.biopapa.de\\\/lt\\\/producte\\\/ekologiskos-spindulines-pupuoles-mung-pupuoles\\\/#primaryimage\"},\"thumbnailUrl\":\"https:\\\/\\\/www.biopapa.de\\\/wp-content\\\/uploads\\\/2021\\\/09\\\/Ekologiskos-spindulines-pupuoles-Mung-pupuoles.jpg\",\"datePublished\":\"2021-09-17T18:54:46+00:00\",\"dateModified\":\"2026-03-20T09:00:18+00:00\",\"description\":\"Ekologi\u0161kos spindulin\u0117s pupuol\u0117s (Mung) Vigna radiata, yra universalus ank\u0161tinis augalas, auginamas t\u016bkstan\u010dius met\u0173. Mung pupuol\u0117s yra puikus augalini\u0173 baltym\u0173 \u0161altinis, tod\u0117l jos yra idealus pasirinkimas vegetarams ir veganams.\",\"breadcrumb\":{\"@id\":\"https:\\\/\\\/www.biopapa.de\\\/lt\\\/producte\\\/ekologiskos-spindulines-pupuoles-mung-pupuoles\\\/#breadcrumb\"},\"inLanguage\":\"lt-LT\",\"potentialAction\":[{\"@type\":\"ReadAction\",\"target\":[\"https:\\\/\\\/www.biopapa.de\\\/lt\\\/producte\\\/ekologiskos-spindulines-pupuoles-mung-pupuoles\\\/\"]}]},{\"@type\":\"ImageObject\",\"inLanguage\":\"lt-LT\",\"@id\":\"https:\\\/\\\/www.biopapa.de\\\/lt\\\/producte\\\/ekologiskos-spindulines-pupuoles-mung-pupuoles\\\/#primaryimage\",\"url\":\"https:\\\/\\\/www.biopapa.de\\\/wp-content\\\/uploads\\\/2021\\\/09\\\/Ekologiskos-spindulines-pupuoles-Mung-pupuoles.jpg\",\"contentUrl\":\"https:\\\/\\\/www.biopapa.de\\\/wp-content\\\/uploads\\\/2021\\\/09\\\/Ekologiskos-spindulines-pupuoles-Mung-pupuoles.jpg\",\"width\":800,\"height\":640,\"caption\":\"Ekologi\u0161kos spindulin\u0117s pupuol\u0117s (Mung)\"},{\"@type\":\"BreadcrumbList\",\"@id\":\"https:\\\/\\\/www.biopapa.de\\\/lt\\\/producte\\\/ekologiskos-spindulines-pupuoles-mung-pupuoles\\\/#breadcrumb\",\"itemListElement\":[{\"@type\":\"ListItem\",\"position\":1,\"name\":\"Home\",\"item\":\"https:\\\/\\\/www.biopapa.de\\\/lt\\\/\"},{\"@type\":\"ListItem\",\"position\":2,\"name\":\"Parduotuv\u0117\",\"item\":\"https:\\\/\\\/www.biopapa.de\\\/parduotuve\\\/\"},{\"@type\":\"ListItem\",\"position\":3,\"name\":\"Ekologi\u0161kos spindulin\u0117s pupuol\u0117s (Mung)\"}]},{\"@type\":\"WebSite\",\"@id\":\"https:\\\/\\\/www.biopapa.de\\\/lt\\\/#website\",\"url\":\"https:\\\/\\\/www.biopapa.de\\\/lt\\\/\",\"name\":\"Biopapa\",\"description\":\"\u0160var\u016bs ekologi\u0161ki produktai\",\"publisher\":{\"@id\":\"https:\\\/\\\/www.biopapa.de\\\/lt\\\/#organization\"},\"potentialAction\":[{\"@type\":\"SearchAction\",\"target\":{\"@type\":\"EntryPoint\",\"urlTemplate\":\"https:\\\/\\\/www.biopapa.de\\\/lt\\\/?s={search_term_string}\"},\"query-input\":{\"@type\":\"PropertyValueSpecification\",\"valueRequired\":true,\"valueName\":\"search_term_string\"}}],\"inLanguage\":\"lt-LT\"},{\"@type\":\"Organization\",\"@id\":\"https:\\\/\\\/www.biopapa.de\\\/lt\\\/#organization\",\"name\":\"Biopapa\",\"url\":\"https:\\\/\\\/www.biopapa.de\\\/lt\\\/\",\"logo\":{\"@type\":\"ImageObject\",\"inLanguage\":\"lt-LT\",\"@id\":\"https:\\\/\\\/www.biopapa.de\\\/lt\\\/#\\\/schema\\\/logo\\\/image\\\/\",\"url\":\"https:\\\/\\\/www.biopapa.lt\\\/wp-content\\\/uploads\\\/2022\\\/04\\\/facebook_biopapa.jpg\",\"contentUrl\":\"https:\\\/\\\/www.biopapa.lt\\\/wp-content\\\/uploads\\\/2022\\\/04\\\/facebook_biopapa.jpg\",\"width\":1733,\"height\":907,\"caption\":\"Biopapa\"},\"image\":{\"@id\":\"https:\\\/\\\/www.biopapa.de\\\/lt\\\/#\\\/schema\\\/logo\\\/image\\\/\"},\"sameAs\":[\"https:\\\/\\\/www.facebook.com\\\/biopapa.lt\"]}]}<\/script>\n<!-- \/ Yoast SEO plugin. -->","yoast_head_json":{"title":"Ekologi\u0161kos spindulin\u0117s pupuol\u0117s (Mung) - Biopapa","description":"Ekologi\u0161kos spindulin\u0117s pupuol\u0117s (Mung) Vigna radiata, yra universalus ank\u0161tinis augalas, auginamas t\u016bkstan\u010dius met\u0173. Mung pupuol\u0117s yra puikus augalini\u0173 baltym\u0173 \u0161altinis, tod\u0117l jos yra idealus pasirinkimas vegetarams ir veganams.","robots":{"index":"index","follow":"follow","max-snippet":"max-snippet:-1","max-image-preview":"max-image-preview:large","max-video-preview":"max-video-preview:-1"},"canonical":"https:\/\/www.biopapa.de\/lt\/producte\/ekologiskos-spindulines-pupuoles-mung-pupuoles\/","og_locale":"lt_LT","og_type":"article","og_title":"Ekologi\u0161kos spindulin\u0117s pupuol\u0117s (Mung) - Biopapa","og_description":"Ekologi\u0161kos spindulin\u0117s pupuol\u0117s (Mung) Vigna radiata, yra universalus ank\u0161tinis augalas, auginamas t\u016bkstan\u010dius met\u0173. Mung pupuol\u0117s yra puikus augalini\u0173 baltym\u0173 \u0161altinis, tod\u0117l jos yra idealus pasirinkimas vegetarams ir veganams.","og_url":"https:\/\/www.biopapa.de\/lt\/producte\/ekologiskos-spindulines-pupuoles-mung-pupuoles\/","og_site_name":"Biopapa","article_publisher":"https:\/\/www.facebook.com\/biopapa.lt","article_modified_time":"2026-03-20T09:00:18+00:00","og_image":[{"width":800,"height":640,"url":"https:\/\/www.biopapa.de\/wp-content\/uploads\/2021\/09\/Ekologiskos-spindulines-pupuoles-Mung-pupuoles.jpg","type":"image\/jpeg"}],"twitter_card":"summary_large_image","twitter_misc":{"Est. reading time":"1 minut\u0117"},"schema":{"@context":"https:\/\/schema.org","@graph":[{"@type":"WebPage","@id":"https:\/\/www.biopapa.de\/lt\/producte\/ekologiskos-spindulines-pupuoles-mung-pupuoles\/","url":"https:\/\/www.biopapa.de\/lt\/producte\/ekologiskos-spindulines-pupuoles-mung-pupuoles\/","name":"Ekologi\u0161kos spindulin\u0117s pupuol\u0117s (Mung) - Biopapa","isPartOf":{"@id":"https:\/\/www.biopapa.de\/lt\/#website"},"primaryImageOfPage":{"@id":"https:\/\/www.biopapa.de\/lt\/producte\/ekologiskos-spindulines-pupuoles-mung-pupuoles\/#primaryimage"},"image":{"@id":"https:\/\/www.biopapa.de\/lt\/producte\/ekologiskos-spindulines-pupuoles-mung-pupuoles\/#primaryimage"},"thumbnailUrl":"https:\/\/www.biopapa.de\/wp-content\/uploads\/2021\/09\/Ekologiskos-spindulines-pupuoles-Mung-pupuoles.jpg","datePublished":"2021-09-17T18:54:46+00:00","dateModified":"2026-03-20T09:00:18+00:00","description":"Ekologi\u0161kos spindulin\u0117s pupuol\u0117s (Mung) Vigna radiata, yra universalus ank\u0161tinis augalas, auginamas t\u016bkstan\u010dius met\u0173. Mung pupuol\u0117s yra puikus augalini\u0173 baltym\u0173 \u0161altinis, tod\u0117l jos yra idealus pasirinkimas vegetarams ir veganams.","breadcrumb":{"@id":"https:\/\/www.biopapa.de\/lt\/producte\/ekologiskos-spindulines-pupuoles-mung-pupuoles\/#breadcrumb"},"inLanguage":"lt-LT","potentialAction":[{"@type":"ReadAction","target":["https:\/\/www.biopapa.de\/lt\/producte\/ekologiskos-spindulines-pupuoles-mung-pupuoles\/"]}]},{"@type":"ImageObject","inLanguage":"lt-LT","@id":"https:\/\/www.biopapa.de\/lt\/producte\/ekologiskos-spindulines-pupuoles-mung-pupuoles\/#primaryimage","url":"https:\/\/www.biopapa.de\/wp-content\/uploads\/2021\/09\/Ekologiskos-spindulines-pupuoles-Mung-pupuoles.jpg","contentUrl":"https:\/\/www.biopapa.de\/wp-content\/uploads\/2021\/09\/Ekologiskos-spindulines-pupuoles-Mung-pupuoles.jpg","width":800,"height":640,"caption":"Ekologi\u0161kos spindulin\u0117s pupuol\u0117s (Mung)"},{"@type":"BreadcrumbList","@id":"https:\/\/www.biopapa.de\/lt\/producte\/ekologiskos-spindulines-pupuoles-mung-pupuoles\/#breadcrumb","itemListElement":[{"@type":"ListItem","position":1,"name":"Home","item":"https:\/\/www.biopapa.de\/lt\/"},{"@type":"ListItem","position":2,"name":"Parduotuv\u0117","item":"https:\/\/www.biopapa.de\/parduotuve\/"},{"@type":"ListItem","position":3,"name":"Ekologi\u0161kos spindulin\u0117s pupuol\u0117s (Mung)"}]},{"@type":"WebSite","@id":"https:\/\/www.biopapa.de\/lt\/#website","url":"https:\/\/www.biopapa.de\/lt\/","name":"Biopapa","description":"\u0160var\u016bs ekologi\u0161ki produktai","publisher":{"@id":"https:\/\/www.biopapa.de\/lt\/#organization"},"potentialAction":[{"@type":"SearchAction","target":{"@type":"EntryPoint","urlTemplate":"https:\/\/www.biopapa.de\/lt\/?s={search_term_string}"},"query-input":{"@type":"PropertyValueSpecification","valueRequired":true,"valueName":"search_term_string"}}],"inLanguage":"lt-LT"},{"@type":"Organization","@id":"https:\/\/www.biopapa.de\/lt\/#organization","name":"Biopapa","url":"https:\/\/www.biopapa.de\/lt\/","logo":{"@type":"ImageObject","inLanguage":"lt-LT","@id":"https:\/\/www.biopapa.de\/lt\/#\/schema\/logo\/image\/","url":"https:\/\/www.biopapa.lt\/wp-content\/uploads\/2022\/04\/facebook_biopapa.jpg","contentUrl":"https:\/\/www.biopapa.lt\/wp-content\/uploads\/2022\/04\/facebook_biopapa.jpg","width":1733,"height":907,"caption":"Biopapa"},"image":{"@id":"https:\/\/www.biopapa.de\/lt\/#\/schema\/logo\/image\/"},"sameAs":["https:\/\/www.facebook.com\/biopapa.lt"]}]}},"_links":{"self":[{"href":"https:\/\/www.biopapa.de\/lt\/wp-json\/wp\/v2\/product\/15129","targetHints":{"allow":["GET"]}}],"collection":[{"href":"https:\/\/www.biopapa.de\/lt\/wp-json\/wp\/v2\/product"}],"about":[{"href":"https:\/\/www.biopapa.de\/lt\/wp-json\/wp\/v2\/types\/product"}],"wp:featuredmedia":[{"embeddable":true,"href":"https:\/\/www.biopapa.de\/lt\/wp-json\/wp\/v2\/media\/15866"}],"wp:attachment":[{"href":"https:\/\/www.biopapa.de\/lt\/wp-json\/wp\/v2\/media?parent=15129"}],"wp:term":[{"taxonomy":"product_brand","embeddable":true,"href":"https:\/\/www.biopapa.de\/lt\/wp-json\/wp\/v2\/product_brand?post=15129"},{"taxonomy":"product_cat","embeddable":true,"href":"https:\/\/www.biopapa.de\/lt\/wp-json\/wp\/v2\/product_cat?post=15129"},{"taxonomy":"product_tag","embeddable":true,"href":"https:\/\/www.biopapa.de\/lt\/wp-json\/wp\/v2\/product_tag?post=15129"}],"curies":[{"name":"wp","href":"https:\/\/api.w.org\/{rel}","templated":true}]}}