{"id":15143,"date":"2021-09-17T21:59:27","date_gmt":"2021-09-17T18:59:27","guid":{"rendered":"https:\/\/www.biopapa.lt\/?post_type=product&#038;p=15143"},"modified":"2026-04-17T18:25:17","modified_gmt":"2026-04-17T15:25:17","slug":"ekologiski-zalieji-lesiai","status":"publish","type":"product","link":"https:\/\/www.biopapa.de\/lt\/producte\/ekologiski-zalieji-lesiai\/","title":{"rendered":"Ekologi\u0161ki \u017ealieji l\u0119\u0161iai"},"content":{"rendered":"<p>\u0160ie\u00a0<strong>ekologi\u0161ki \u017ealieji l\u0119\u0161iai\u00a0<\/strong>yra baltymais turtingas, maistingas produktas. \u0160velnaus skonio, neturi daugeliui l\u0119\u0161i\u0173 r\u016b\u0161i\u0173 b\u016bdingo kartumo.\u00a0Greitai paruo\u0161iami\u00a0\u2013 mirkyti neb\u016btina. Puikiai tinka sriuboms, tro\u0161kiniams ir \u0161altoms salotoms.<br \/>\nSvarbu \u012fvairi ir subalansuota mityba bei sveikas gyvenimo b\u016bdas.<br \/>\nParuo\u0161imas:<br \/>\nPrie\u0161 naudojim\u0105 nuplauti (galima pamirkyti apie 2 val) ir virti 25-30 min.<br \/>\n1 daliai l\u0119\u0161i\u0173 reikia 2 \u00bd dalies vandens.<\/p>\n<p><em>PASTABA. \u010cia pateikta informacija negali b\u016bti interpretuojama kaip gydymo ar kitokio pob\u016bd\u017eio sveikatos klausim\u0173 sprendimo rekomendacija. Raginame sprendimus, susijusius su asmenine sveikata, priimti asmeni\u0161kai, \u012fvertinus \u012fvairius informacijos \u0161altinius.<\/em><\/p>\n<p>&nbsp;<\/p>\n","protected":false},"excerpt":{"rendered":"<p>\u0160ie\u00a0ekologi\u0161ki \u017ealieji l\u0119\u0161iai\u00a0yra baltymais turtingas, maistingas produktas. \u0160velnaus skonio, neturi daugeliui l\u0119\u0161i\u0173 r\u016b\u0161i\u0173 b\u016bdingo kartumo.\u00a0Greitai paruo\u0161iami\u00a0\u2013 mirkyti neb\u016btina. Puikiai tinka<\/p>\n","protected":false},"featured_media":15863,"template":"","meta":{"_acf_changed":false},"product_brand":[],"product_cat":[1933,1295],"product_tag":[],"class_list":{"0":"post-15143","1":"product","2":"type-product","3":"status-publish","4":"has-post-thumbnail","6":"product_cat-ankstiniai","7":"product_cat-ekologiskos-kruopos-ankstiniai","8":"pa_svoris-1-kg","9":"pa_svoris-100-g","10":"pa_svoris-200-g","11":"pa_svoris-25-kg","12":"pa_svoris-300-g","13":"pa_svoris-400-g","14":"pa_svoris-500-g","16":"first","17":"instock","18":"shipping-taxable","19":"purchasable","20":"product-type-variable"},"acf":[],"yoast_head":"<!-- This site is optimized with the Yoast SEO plugin v27.5 - https:\/\/yoast.com\/product\/yoast-seo-wordpress\/ -->\n<title>Ekologi\u0161ki \u017ealieji l\u0119\u0161iai - Biopapa<\/title>\n<meta name=\"robots\" content=\"index, follow, max-snippet:-1, max-image-preview:large, max-video-preview:-1\" \/>\n<link rel=\"canonical\" href=\"https:\/\/www.biopapa.de\/lt\/producte\/ekologiski-zalieji-lesiai\/\" \/>\n<meta property=\"og:locale\" content=\"lt_LT\" \/>\n<meta property=\"og:type\" content=\"article\" \/>\n<meta property=\"og:title\" content=\"Ekologi\u0161ki \u017ealieji l\u0119\u0161iai - Biopapa\" \/>\n<meta property=\"og:description\" content=\"\u0160ie\u00a0ekologi\u0161ki \u017ealieji l\u0119\u0161iai\u00a0yra baltymais turtingas, maistingas produktas. \u0160velnaus skonio, neturi daugeliui l\u0119\u0161i\u0173 r\u016b\u0161i\u0173 b\u016bdingo kartumo.\u00a0Greitai paruo\u0161iami\u00a0\u2013 mirkyti neb\u016btina. Puikiai tinka\" \/>\n<meta property=\"og:url\" content=\"https:\/\/www.biopapa.de\/lt\/producte\/ekologiski-zalieji-lesiai\/\" \/>\n<meta property=\"og:site_name\" content=\"Biopapa\" \/>\n<meta property=\"article:publisher\" content=\"https:\/\/www.facebook.com\/biopapa.lt\" \/>\n<meta property=\"article:modified_time\" content=\"2026-04-17T15:25:17+00:00\" \/>\n<meta property=\"og:image\" content=\"https:\/\/www.biopapa.de\/wp-content\/uploads\/2021\/09\/Ekologiski-zalieji-lesiai.jpg\" \/>\n\t<meta property=\"og:image:width\" content=\"800\" \/>\n\t<meta property=\"og:image:height\" content=\"640\" \/>\n\t<meta property=\"og:image:type\" content=\"image\/jpeg\" \/>\n<meta name=\"twitter:card\" content=\"summary_large_image\" \/>\n<meta name=\"twitter:label1\" content=\"Est. reading time\" \/>\n\t<meta name=\"twitter:data1\" content=\"1 minut\u0117\" \/>\n<script type=\"application\/ld+json\" class=\"yoast-schema-graph\">{\"@context\":\"https:\\\/\\\/schema.org\",\"@graph\":[{\"@type\":\"WebPage\",\"@id\":\"https:\\\/\\\/www.biopapa.de\\\/lt\\\/producte\\\/ekologiski-zalieji-lesiai\\\/\",\"url\":\"https:\\\/\\\/www.biopapa.de\\\/lt\\\/producte\\\/ekologiski-zalieji-lesiai\\\/\",\"name\":\"Ekologi\u0161ki \u017ealieji l\u0119\u0161iai - Biopapa\",\"isPartOf\":{\"@id\":\"https:\\\/\\\/www.biopapa.de\\\/lt\\\/#website\"},\"primaryImageOfPage\":{\"@id\":\"https:\\\/\\\/www.biopapa.de\\\/lt\\\/producte\\\/ekologiski-zalieji-lesiai\\\/#primaryimage\"},\"image\":{\"@id\":\"https:\\\/\\\/www.biopapa.de\\\/lt\\\/producte\\\/ekologiski-zalieji-lesiai\\\/#primaryimage\"},\"thumbnailUrl\":\"https:\\\/\\\/www.biopapa.de\\\/wp-content\\\/uploads\\\/2021\\\/09\\\/Ekologiski-zalieji-lesiai.jpg\",\"datePublished\":\"2021-09-17T18:59:27+00:00\",\"dateModified\":\"2026-04-17T15:25:17+00:00\",\"breadcrumb\":{\"@id\":\"https:\\\/\\\/www.biopapa.de\\\/lt\\\/producte\\\/ekologiski-zalieji-lesiai\\\/#breadcrumb\"},\"inLanguage\":\"lt-LT\",\"potentialAction\":[{\"@type\":\"ReadAction\",\"target\":[\"https:\\\/\\\/www.biopapa.de\\\/lt\\\/producte\\\/ekologiski-zalieji-lesiai\\\/\"]}]},{\"@type\":\"ImageObject\",\"inLanguage\":\"lt-LT\",\"@id\":\"https:\\\/\\\/www.biopapa.de\\\/lt\\\/producte\\\/ekologiski-zalieji-lesiai\\\/#primaryimage\",\"url\":\"https:\\\/\\\/www.biopapa.de\\\/wp-content\\\/uploads\\\/2021\\\/09\\\/Ekologiski-zalieji-lesiai.jpg\",\"contentUrl\":\"https:\\\/\\\/www.biopapa.de\\\/wp-content\\\/uploads\\\/2021\\\/09\\\/Ekologiski-zalieji-lesiai.jpg\",\"width\":800,\"height\":640,\"caption\":\"Ekologi\u0161ki \u017ealieji l\u0119\u0161iai\"},{\"@type\":\"BreadcrumbList\",\"@id\":\"https:\\\/\\\/www.biopapa.de\\\/lt\\\/producte\\\/ekologiski-zalieji-lesiai\\\/#breadcrumb\",\"itemListElement\":[{\"@type\":\"ListItem\",\"position\":1,\"name\":\"Home\",\"item\":\"https:\\\/\\\/www.biopapa.de\\\/lt\\\/\"},{\"@type\":\"ListItem\",\"position\":2,\"name\":\"Parduotuv\u0117\",\"item\":\"https:\\\/\\\/www.biopapa.de\\\/parduotuve\\\/\"},{\"@type\":\"ListItem\",\"position\":3,\"name\":\"Ekologi\u0161ki \u017ealieji l\u0119\u0161iai\"}]},{\"@type\":\"WebSite\",\"@id\":\"https:\\\/\\\/www.biopapa.de\\\/lt\\\/#website\",\"url\":\"https:\\\/\\\/www.biopapa.de\\\/lt\\\/\",\"name\":\"Biopapa\",\"description\":\"\u0160var\u016bs ekologi\u0161ki produktai\",\"publisher\":{\"@id\":\"https:\\\/\\\/www.biopapa.de\\\/lt\\\/#organization\"},\"potentialAction\":[{\"@type\":\"SearchAction\",\"target\":{\"@type\":\"EntryPoint\",\"urlTemplate\":\"https:\\\/\\\/www.biopapa.de\\\/lt\\\/?s={search_term_string}\"},\"query-input\":{\"@type\":\"PropertyValueSpecification\",\"valueRequired\":true,\"valueName\":\"search_term_string\"}}],\"inLanguage\":\"lt-LT\"},{\"@type\":\"Organization\",\"@id\":\"https:\\\/\\\/www.biopapa.de\\\/lt\\\/#organization\",\"name\":\"Biopapa\",\"url\":\"https:\\\/\\\/www.biopapa.de\\\/lt\\\/\",\"logo\":{\"@type\":\"ImageObject\",\"inLanguage\":\"lt-LT\",\"@id\":\"https:\\\/\\\/www.biopapa.de\\\/lt\\\/#\\\/schema\\\/logo\\\/image\\\/\",\"url\":\"https:\\\/\\\/www.biopapa.lt\\\/wp-content\\\/uploads\\\/2022\\\/04\\\/facebook_biopapa.jpg\",\"contentUrl\":\"https:\\\/\\\/www.biopapa.lt\\\/wp-content\\\/uploads\\\/2022\\\/04\\\/facebook_biopapa.jpg\",\"width\":1733,\"height\":907,\"caption\":\"Biopapa\"},\"image\":{\"@id\":\"https:\\\/\\\/www.biopapa.de\\\/lt\\\/#\\\/schema\\\/logo\\\/image\\\/\"},\"sameAs\":[\"https:\\\/\\\/www.facebook.com\\\/biopapa.lt\"]}]}<\/script>\n<!-- \/ Yoast SEO plugin. -->","yoast_head_json":{"title":"Ekologi\u0161ki \u017ealieji l\u0119\u0161iai - Biopapa","robots":{"index":"index","follow":"follow","max-snippet":"max-snippet:-1","max-image-preview":"max-image-preview:large","max-video-preview":"max-video-preview:-1"},"canonical":"https:\/\/www.biopapa.de\/lt\/producte\/ekologiski-zalieji-lesiai\/","og_locale":"lt_LT","og_type":"article","og_title":"Ekologi\u0161ki \u017ealieji l\u0119\u0161iai - Biopapa","og_description":"\u0160ie\u00a0ekologi\u0161ki \u017ealieji l\u0119\u0161iai\u00a0yra baltymais turtingas, maistingas produktas. \u0160velnaus skonio, neturi daugeliui l\u0119\u0161i\u0173 r\u016b\u0161i\u0173 b\u016bdingo kartumo.\u00a0Greitai paruo\u0161iami\u00a0\u2013 mirkyti neb\u016btina. Puikiai tinka","og_url":"https:\/\/www.biopapa.de\/lt\/producte\/ekologiski-zalieji-lesiai\/","og_site_name":"Biopapa","article_publisher":"https:\/\/www.facebook.com\/biopapa.lt","article_modified_time":"2026-04-17T15:25:17+00:00","og_image":[{"width":800,"height":640,"url":"https:\/\/www.biopapa.de\/wp-content\/uploads\/2021\/09\/Ekologiski-zalieji-lesiai.jpg","type":"image\/jpeg"}],"twitter_card":"summary_large_image","twitter_misc":{"Est. reading time":"1 minut\u0117"},"schema":{"@context":"https:\/\/schema.org","@graph":[{"@type":"WebPage","@id":"https:\/\/www.biopapa.de\/lt\/producte\/ekologiski-zalieji-lesiai\/","url":"https:\/\/www.biopapa.de\/lt\/producte\/ekologiski-zalieji-lesiai\/","name":"Ekologi\u0161ki \u017ealieji l\u0119\u0161iai - Biopapa","isPartOf":{"@id":"https:\/\/www.biopapa.de\/lt\/#website"},"primaryImageOfPage":{"@id":"https:\/\/www.biopapa.de\/lt\/producte\/ekologiski-zalieji-lesiai\/#primaryimage"},"image":{"@id":"https:\/\/www.biopapa.de\/lt\/producte\/ekologiski-zalieji-lesiai\/#primaryimage"},"thumbnailUrl":"https:\/\/www.biopapa.de\/wp-content\/uploads\/2021\/09\/Ekologiski-zalieji-lesiai.jpg","datePublished":"2021-09-17T18:59:27+00:00","dateModified":"2026-04-17T15:25:17+00:00","breadcrumb":{"@id":"https:\/\/www.biopapa.de\/lt\/producte\/ekologiski-zalieji-lesiai\/#breadcrumb"},"inLanguage":"lt-LT","potentialAction":[{"@type":"ReadAction","target":["https:\/\/www.biopapa.de\/lt\/producte\/ekologiski-zalieji-lesiai\/"]}]},{"@type":"ImageObject","inLanguage":"lt-LT","@id":"https:\/\/www.biopapa.de\/lt\/producte\/ekologiski-zalieji-lesiai\/#primaryimage","url":"https:\/\/www.biopapa.de\/wp-content\/uploads\/2021\/09\/Ekologiski-zalieji-lesiai.jpg","contentUrl":"https:\/\/www.biopapa.de\/wp-content\/uploads\/2021\/09\/Ekologiski-zalieji-lesiai.jpg","width":800,"height":640,"caption":"Ekologi\u0161ki \u017ealieji l\u0119\u0161iai"},{"@type":"BreadcrumbList","@id":"https:\/\/www.biopapa.de\/lt\/producte\/ekologiski-zalieji-lesiai\/#breadcrumb","itemListElement":[{"@type":"ListItem","position":1,"name":"Home","item":"https:\/\/www.biopapa.de\/lt\/"},{"@type":"ListItem","position":2,"name":"Parduotuv\u0117","item":"https:\/\/www.biopapa.de\/parduotuve\/"},{"@type":"ListItem","position":3,"name":"Ekologi\u0161ki \u017ealieji l\u0119\u0161iai"}]},{"@type":"WebSite","@id":"https:\/\/www.biopapa.de\/lt\/#website","url":"https:\/\/www.biopapa.de\/lt\/","name":"Biopapa","description":"\u0160var\u016bs ekologi\u0161ki produktai","publisher":{"@id":"https:\/\/www.biopapa.de\/lt\/#organization"},"potentialAction":[{"@type":"SearchAction","target":{"@type":"EntryPoint","urlTemplate":"https:\/\/www.biopapa.de\/lt\/?s={search_term_string}"},"query-input":{"@type":"PropertyValueSpecification","valueRequired":true,"valueName":"search_term_string"}}],"inLanguage":"lt-LT"},{"@type":"Organization","@id":"https:\/\/www.biopapa.de\/lt\/#organization","name":"Biopapa","url":"https:\/\/www.biopapa.de\/lt\/","logo":{"@type":"ImageObject","inLanguage":"lt-LT","@id":"https:\/\/www.biopapa.de\/lt\/#\/schema\/logo\/image\/","url":"https:\/\/www.biopapa.lt\/wp-content\/uploads\/2022\/04\/facebook_biopapa.jpg","contentUrl":"https:\/\/www.biopapa.lt\/wp-content\/uploads\/2022\/04\/facebook_biopapa.jpg","width":1733,"height":907,"caption":"Biopapa"},"image":{"@id":"https:\/\/www.biopapa.de\/lt\/#\/schema\/logo\/image\/"},"sameAs":["https:\/\/www.facebook.com\/biopapa.lt"]}]}},"_links":{"self":[{"href":"https:\/\/www.biopapa.de\/lt\/wp-json\/wp\/v2\/product\/15143","targetHints":{"allow":["GET"]}}],"collection":[{"href":"https:\/\/www.biopapa.de\/lt\/wp-json\/wp\/v2\/product"}],"about":[{"href":"https:\/\/www.biopapa.de\/lt\/wp-json\/wp\/v2\/types\/product"}],"wp:featuredmedia":[{"embeddable":true,"href":"https:\/\/www.biopapa.de\/lt\/wp-json\/wp\/v2\/media\/15863"}],"wp:attachment":[{"href":"https:\/\/www.biopapa.de\/lt\/wp-json\/wp\/v2\/media?parent=15143"}],"wp:term":[{"taxonomy":"product_brand","embeddable":true,"href":"https:\/\/www.biopapa.de\/lt\/wp-json\/wp\/v2\/product_brand?post=15143"},{"taxonomy":"product_cat","embeddable":true,"href":"https:\/\/www.biopapa.de\/lt\/wp-json\/wp\/v2\/product_cat?post=15143"},{"taxonomy":"product_tag","embeddable":true,"href":"https:\/\/www.biopapa.de\/lt\/wp-json\/wp\/v2\/product_tag?post=15143"}],"curies":[{"name":"wp","href":"https:\/\/api.w.org\/{rel}","templated":true}]}}