{"id":15150,"date":"2021-09-17T22:01:46","date_gmt":"2021-09-17T19:01:46","guid":{"rendered":"https:\/\/www.biopapa.lt\/?post_type=product&#038;p=15150"},"modified":"2026-03-23T09:36:09","modified_gmt":"2026-03-23T07:36:09","slug":"ekologiski-kukuruzu-spragesiai","status":"publish","type":"product","link":"https:\/\/www.biopapa.de\/lt\/producte\/ekologiski-kukuruzu-spragesiai\/","title":{"rendered":"Ekologi\u0161ki kukur\u016bzai sprag\u0117siams (Popcorn)"},"content":{"rendered":"<p>Laukia film\u0173 vakaras su \u0161eima ar draugais? Pasispraginkite ekologi\u0161k\u0173 kukur\u016bz\u0173!<\/p>\n<p>Paruo\u0161imas: 100 g kukur\u016bz\u0173 su 2-3 \u0161auk\u0161tais kokos\u0173 arba alyvuogi\u0173 aliejaus \u012fd\u0117ti \u012f didel\u012f puod\u0105 (ma\u017eiausiai 3 l) ir pakaitinti. U\u017edengti puodo dangt\u012f ir reguliariai purtyti.<br \/>\nI\u0161kepusius sprag\u0117sius paskaninti druska, cinamonu ar kitais m\u0117gstamais priedais.<\/p>\n<p>&nbsp;<\/p>\n","protected":false},"excerpt":{"rendered":"<p>Laukia film\u0173 vakaras su \u0161eima ar draugais? Pasispraginkite ekologi\u0161k\u0173 kukur\u016bz\u0173! Paruo\u0161imas: 100 g kukur\u016bz\u0173 su 2-3 \u0161auk\u0161tais kokos\u0173 arba alyvuogi\u0173<\/p>\n","protected":false},"featured_media":15870,"template":"","meta":{"_acf_changed":false},"product_brand":[],"product_cat":[1295,1932],"product_tag":[1378],"class_list":{"0":"post-15150","1":"product","2":"type-product","3":"status-publish","4":"has-post-thumbnail","6":"product_cat-ekologiskos-kruopos-ankstiniai","7":"product_cat-kruopos-grudai","8":"product_tag-veganams","9":"pa_svoris-1-kg","10":"pa_svoris-100-g","11":"pa_svoris-200-g","12":"pa_svoris-25-kg","13":"pa_svoris-300-g","14":"pa_svoris-400-g","15":"pa_svoris-500-g","17":"first","18":"instock","19":"shipping-taxable","20":"purchasable","21":"product-type-variable"},"acf":[],"yoast_head":"<!-- This site is optimized with the Yoast SEO plugin v27.5 - https:\/\/yoast.com\/product\/yoast-seo-wordpress\/ -->\n<title>Ekologi\u0161ki kukur\u016bzai sprag\u0117siams (Popcorn) - Biopapa<\/title>\n<meta name=\"description\" content=\"Ekologi\u0161ki kukur\u016bzai sprag\u0117siams (Popcorn)\" \/>\n<meta name=\"robots\" content=\"index, follow, max-snippet:-1, max-image-preview:large, max-video-preview:-1\" \/>\n<link rel=\"canonical\" href=\"https:\/\/www.biopapa.de\/lt\/producte\/ekologiski-kukuruzu-spragesiai\/\" \/>\n<meta property=\"og:locale\" content=\"lt_LT\" \/>\n<meta property=\"og:type\" content=\"article\" \/>\n<meta property=\"og:title\" content=\"Ekologi\u0161ki kukur\u016bzai sprag\u0117siams (Popcorn) - Biopapa\" \/>\n<meta property=\"og:description\" content=\"Ekologi\u0161ki kukur\u016bzai sprag\u0117siams (Popcorn)\" \/>\n<meta property=\"og:url\" content=\"https:\/\/www.biopapa.de\/lt\/producte\/ekologiski-kukuruzu-spragesiai\/\" \/>\n<meta property=\"og:site_name\" content=\"Biopapa\" \/>\n<meta property=\"article:publisher\" content=\"https:\/\/www.facebook.com\/biopapa.lt\" \/>\n<meta property=\"article:modified_time\" content=\"2026-03-23T07:36:09+00:00\" \/>\n<meta property=\"og:image\" content=\"https:\/\/www.biopapa.de\/wp-content\/uploads\/2021\/09\/Ekologiski-kukuruzai-spragesiams-Popcorn.jpg\" \/>\n\t<meta property=\"og:image:width\" content=\"800\" \/>\n\t<meta property=\"og:image:height\" content=\"640\" \/>\n\t<meta property=\"og:image:type\" content=\"image\/jpeg\" \/>\n<meta name=\"twitter:card\" content=\"summary_large_image\" \/>\n<script type=\"application\/ld+json\" class=\"yoast-schema-graph\">{\"@context\":\"https:\\\/\\\/schema.org\",\"@graph\":[{\"@type\":\"WebPage\",\"@id\":\"https:\\\/\\\/www.biopapa.de\\\/lt\\\/producte\\\/ekologiski-kukuruzu-spragesiai\\\/\",\"url\":\"https:\\\/\\\/www.biopapa.de\\\/lt\\\/producte\\\/ekologiski-kukuruzu-spragesiai\\\/\",\"name\":\"Ekologi\u0161ki kukur\u016bzai sprag\u0117siams (Popcorn) - Biopapa\",\"isPartOf\":{\"@id\":\"https:\\\/\\\/www.biopapa.de\\\/lt\\\/#website\"},\"primaryImageOfPage\":{\"@id\":\"https:\\\/\\\/www.biopapa.de\\\/lt\\\/producte\\\/ekologiski-kukuruzu-spragesiai\\\/#primaryimage\"},\"image\":{\"@id\":\"https:\\\/\\\/www.biopapa.de\\\/lt\\\/producte\\\/ekologiski-kukuruzu-spragesiai\\\/#primaryimage\"},\"thumbnailUrl\":\"https:\\\/\\\/www.biopapa.de\\\/wp-content\\\/uploads\\\/2021\\\/09\\\/Ekologiski-kukuruzai-spragesiams-Popcorn.jpg\",\"datePublished\":\"2021-09-17T19:01:46+00:00\",\"dateModified\":\"2026-03-23T07:36:09+00:00\",\"description\":\"Ekologi\u0161ki kukur\u016bzai sprag\u0117siams (Popcorn)\",\"breadcrumb\":{\"@id\":\"https:\\\/\\\/www.biopapa.de\\\/lt\\\/producte\\\/ekologiski-kukuruzu-spragesiai\\\/#breadcrumb\"},\"inLanguage\":\"lt-LT\",\"potentialAction\":[{\"@type\":\"ReadAction\",\"target\":[\"https:\\\/\\\/www.biopapa.de\\\/lt\\\/producte\\\/ekologiski-kukuruzu-spragesiai\\\/\"]}]},{\"@type\":\"ImageObject\",\"inLanguage\":\"lt-LT\",\"@id\":\"https:\\\/\\\/www.biopapa.de\\\/lt\\\/producte\\\/ekologiski-kukuruzu-spragesiai\\\/#primaryimage\",\"url\":\"https:\\\/\\\/www.biopapa.de\\\/wp-content\\\/uploads\\\/2021\\\/09\\\/Ekologiski-kukuruzai-spragesiams-Popcorn.jpg\",\"contentUrl\":\"https:\\\/\\\/www.biopapa.de\\\/wp-content\\\/uploads\\\/2021\\\/09\\\/Ekologiski-kukuruzai-spragesiams-Popcorn.jpg\",\"width\":800,\"height\":640,\"caption\":\"Ekologi\u0161ki kukur\u016bzai sprag\u0117siams (Popcorn)\"},{\"@type\":\"BreadcrumbList\",\"@id\":\"https:\\\/\\\/www.biopapa.de\\\/lt\\\/producte\\\/ekologiski-kukuruzu-spragesiai\\\/#breadcrumb\",\"itemListElement\":[{\"@type\":\"ListItem\",\"position\":1,\"name\":\"Home\",\"item\":\"https:\\\/\\\/www.biopapa.de\\\/lt\\\/\"},{\"@type\":\"ListItem\",\"position\":2,\"name\":\"Parduotuv\u0117\",\"item\":\"https:\\\/\\\/www.biopapa.de\\\/parduotuve\\\/\"},{\"@type\":\"ListItem\",\"position\":3,\"name\":\"Ekologi\u0161ki kukur\u016bzai sprag\u0117siams (Popcorn)\"}]},{\"@type\":\"WebSite\",\"@id\":\"https:\\\/\\\/www.biopapa.de\\\/lt\\\/#website\",\"url\":\"https:\\\/\\\/www.biopapa.de\\\/lt\\\/\",\"name\":\"Biopapa\",\"description\":\"\u0160var\u016bs ekologi\u0161ki produktai\",\"publisher\":{\"@id\":\"https:\\\/\\\/www.biopapa.de\\\/lt\\\/#organization\"},\"potentialAction\":[{\"@type\":\"SearchAction\",\"target\":{\"@type\":\"EntryPoint\",\"urlTemplate\":\"https:\\\/\\\/www.biopapa.de\\\/lt\\\/?s={search_term_string}\"},\"query-input\":{\"@type\":\"PropertyValueSpecification\",\"valueRequired\":true,\"valueName\":\"search_term_string\"}}],\"inLanguage\":\"lt-LT\"},{\"@type\":\"Organization\",\"@id\":\"https:\\\/\\\/www.biopapa.de\\\/lt\\\/#organization\",\"name\":\"Biopapa\",\"url\":\"https:\\\/\\\/www.biopapa.de\\\/lt\\\/\",\"logo\":{\"@type\":\"ImageObject\",\"inLanguage\":\"lt-LT\",\"@id\":\"https:\\\/\\\/www.biopapa.de\\\/lt\\\/#\\\/schema\\\/logo\\\/image\\\/\",\"url\":\"https:\\\/\\\/www.biopapa.lt\\\/wp-content\\\/uploads\\\/2022\\\/04\\\/facebook_biopapa.jpg\",\"contentUrl\":\"https:\\\/\\\/www.biopapa.lt\\\/wp-content\\\/uploads\\\/2022\\\/04\\\/facebook_biopapa.jpg\",\"width\":1733,\"height\":907,\"caption\":\"Biopapa\"},\"image\":{\"@id\":\"https:\\\/\\\/www.biopapa.de\\\/lt\\\/#\\\/schema\\\/logo\\\/image\\\/\"},\"sameAs\":[\"https:\\\/\\\/www.facebook.com\\\/biopapa.lt\"]}]}<\/script>\n<!-- \/ Yoast SEO plugin. -->","yoast_head_json":{"title":"Ekologi\u0161ki kukur\u016bzai sprag\u0117siams (Popcorn) - Biopapa","description":"Ekologi\u0161ki kukur\u016bzai sprag\u0117siams (Popcorn)","robots":{"index":"index","follow":"follow","max-snippet":"max-snippet:-1","max-image-preview":"max-image-preview:large","max-video-preview":"max-video-preview:-1"},"canonical":"https:\/\/www.biopapa.de\/lt\/producte\/ekologiski-kukuruzu-spragesiai\/","og_locale":"lt_LT","og_type":"article","og_title":"Ekologi\u0161ki kukur\u016bzai sprag\u0117siams (Popcorn) - Biopapa","og_description":"Ekologi\u0161ki kukur\u016bzai sprag\u0117siams (Popcorn)","og_url":"https:\/\/www.biopapa.de\/lt\/producte\/ekologiski-kukuruzu-spragesiai\/","og_site_name":"Biopapa","article_publisher":"https:\/\/www.facebook.com\/biopapa.lt","article_modified_time":"2026-03-23T07:36:09+00:00","og_image":[{"width":800,"height":640,"url":"https:\/\/www.biopapa.de\/wp-content\/uploads\/2021\/09\/Ekologiski-kukuruzai-spragesiams-Popcorn.jpg","type":"image\/jpeg"}],"twitter_card":"summary_large_image","schema":{"@context":"https:\/\/schema.org","@graph":[{"@type":"WebPage","@id":"https:\/\/www.biopapa.de\/lt\/producte\/ekologiski-kukuruzu-spragesiai\/","url":"https:\/\/www.biopapa.de\/lt\/producte\/ekologiski-kukuruzu-spragesiai\/","name":"Ekologi\u0161ki kukur\u016bzai sprag\u0117siams (Popcorn) - Biopapa","isPartOf":{"@id":"https:\/\/www.biopapa.de\/lt\/#website"},"primaryImageOfPage":{"@id":"https:\/\/www.biopapa.de\/lt\/producte\/ekologiski-kukuruzu-spragesiai\/#primaryimage"},"image":{"@id":"https:\/\/www.biopapa.de\/lt\/producte\/ekologiski-kukuruzu-spragesiai\/#primaryimage"},"thumbnailUrl":"https:\/\/www.biopapa.de\/wp-content\/uploads\/2021\/09\/Ekologiski-kukuruzai-spragesiams-Popcorn.jpg","datePublished":"2021-09-17T19:01:46+00:00","dateModified":"2026-03-23T07:36:09+00:00","description":"Ekologi\u0161ki kukur\u016bzai sprag\u0117siams (Popcorn)","breadcrumb":{"@id":"https:\/\/www.biopapa.de\/lt\/producte\/ekologiski-kukuruzu-spragesiai\/#breadcrumb"},"inLanguage":"lt-LT","potentialAction":[{"@type":"ReadAction","target":["https:\/\/www.biopapa.de\/lt\/producte\/ekologiski-kukuruzu-spragesiai\/"]}]},{"@type":"ImageObject","inLanguage":"lt-LT","@id":"https:\/\/www.biopapa.de\/lt\/producte\/ekologiski-kukuruzu-spragesiai\/#primaryimage","url":"https:\/\/www.biopapa.de\/wp-content\/uploads\/2021\/09\/Ekologiski-kukuruzai-spragesiams-Popcorn.jpg","contentUrl":"https:\/\/www.biopapa.de\/wp-content\/uploads\/2021\/09\/Ekologiski-kukuruzai-spragesiams-Popcorn.jpg","width":800,"height":640,"caption":"Ekologi\u0161ki kukur\u016bzai sprag\u0117siams (Popcorn)"},{"@type":"BreadcrumbList","@id":"https:\/\/www.biopapa.de\/lt\/producte\/ekologiski-kukuruzu-spragesiai\/#breadcrumb","itemListElement":[{"@type":"ListItem","position":1,"name":"Home","item":"https:\/\/www.biopapa.de\/lt\/"},{"@type":"ListItem","position":2,"name":"Parduotuv\u0117","item":"https:\/\/www.biopapa.de\/parduotuve\/"},{"@type":"ListItem","position":3,"name":"Ekologi\u0161ki kukur\u016bzai sprag\u0117siams (Popcorn)"}]},{"@type":"WebSite","@id":"https:\/\/www.biopapa.de\/lt\/#website","url":"https:\/\/www.biopapa.de\/lt\/","name":"Biopapa","description":"\u0160var\u016bs ekologi\u0161ki produktai","publisher":{"@id":"https:\/\/www.biopapa.de\/lt\/#organization"},"potentialAction":[{"@type":"SearchAction","target":{"@type":"EntryPoint","urlTemplate":"https:\/\/www.biopapa.de\/lt\/?s={search_term_string}"},"query-input":{"@type":"PropertyValueSpecification","valueRequired":true,"valueName":"search_term_string"}}],"inLanguage":"lt-LT"},{"@type":"Organization","@id":"https:\/\/www.biopapa.de\/lt\/#organization","name":"Biopapa","url":"https:\/\/www.biopapa.de\/lt\/","logo":{"@type":"ImageObject","inLanguage":"lt-LT","@id":"https:\/\/www.biopapa.de\/lt\/#\/schema\/logo\/image\/","url":"https:\/\/www.biopapa.lt\/wp-content\/uploads\/2022\/04\/facebook_biopapa.jpg","contentUrl":"https:\/\/www.biopapa.lt\/wp-content\/uploads\/2022\/04\/facebook_biopapa.jpg","width":1733,"height":907,"caption":"Biopapa"},"image":{"@id":"https:\/\/www.biopapa.de\/lt\/#\/schema\/logo\/image\/"},"sameAs":["https:\/\/www.facebook.com\/biopapa.lt"]}]}},"_links":{"self":[{"href":"https:\/\/www.biopapa.de\/lt\/wp-json\/wp\/v2\/product\/15150","targetHints":{"allow":["GET"]}}],"collection":[{"href":"https:\/\/www.biopapa.de\/lt\/wp-json\/wp\/v2\/product"}],"about":[{"href":"https:\/\/www.biopapa.de\/lt\/wp-json\/wp\/v2\/types\/product"}],"wp:featuredmedia":[{"embeddable":true,"href":"https:\/\/www.biopapa.de\/lt\/wp-json\/wp\/v2\/media\/15870"}],"wp:attachment":[{"href":"https:\/\/www.biopapa.de\/lt\/wp-json\/wp\/v2\/media?parent=15150"}],"wp:term":[{"taxonomy":"product_brand","embeddable":true,"href":"https:\/\/www.biopapa.de\/lt\/wp-json\/wp\/v2\/product_brand?post=15150"},{"taxonomy":"product_cat","embeddable":true,"href":"https:\/\/www.biopapa.de\/lt\/wp-json\/wp\/v2\/product_cat?post=15150"},{"taxonomy":"product_tag","embeddable":true,"href":"https:\/\/www.biopapa.de\/lt\/wp-json\/wp\/v2\/product_tag?post=15150"}],"curies":[{"name":"wp","href":"https:\/\/api.w.org\/{rel}","templated":true}]}}