{"id":15164,"date":"2021-09-17T22:11:18","date_gmt":"2021-09-17T19:11:18","guid":{"rendered":"https:\/\/www.biopapa.lt\/?post_type=product&#038;p=15164"},"modified":"2026-03-23T09:03:02","modified_gmt":"2026-03-23T07:03:02","slug":"ekologiski-ryziai-baltieji","status":"publish","type":"product","link":"https:\/\/www.biopapa.de\/lt\/producte\/ekologiski-ryziai-baltieji\/","title":{"rendered":"Ekologi\u0161ki ry\u017eiai baltieji Basmati"},"content":{"rendered":"<p><strong>Basmati<\/strong>\u00a0ry\u017eiai yra ilgagr\u016bd\u017eiai aromatiniai ry\u017eiai, kil\u0119 i\u0161 Indijos ir Pakistano regiono, ypa\u010d Himachal Pradesh ir Uttarakhand valstij\u0173. J\u0173 pavadinimas \u201ebasmati\u201c sanskrito kalba rei\u0161kia \u201earomatinis\u201c arba \u201emalonus kvapas\u201c. \u0160ie ry\u017eiai vertinami d\u0117l savo subtilaus kvapo, ilgo, plono gr\u016bdo ir \u0161velnaus skonio. Basmati ry\u017eiai da\u017eniausiai auginami monsuninio klimato s\u0105lygomis ir gali b\u016bti tiek baltieji, tiek rudieji.<br \/>\nVirti basmati ry\u017eiai pasi\u017eymi \u0161velniai puria tekst\u016bra, nes gr\u016bdai lieka atskiri, nesulip\u0119. Jie naudojami patiekaluose kaip plovui, biryani, pulao arba kaip garnyras.<br \/>\nBasmati ry\u017eiai taip pat vertinami sveikos mitybos kontekste, nes turi ma\u017eesn\u012f glikemijos indeks\u0105 nei \u012fprasti ilgagr\u016bd\u017eiai ry\u017eiai.<\/p>\n<p>Paruo\u0161imas: 1 dal\u012f ry\u017ei\u0173 nuplauti \u0161altu vandeniu, u\u017epilti 1\/2 \u2013 2 dalimis vandens (su ma\u017eiau vandens biresni) ir l\u0117tai u\u017evirti. U\u017evirus u\u017edengti ir virti ant ma\u017eiausios kaitros apie 10 -15 min. Nu\u0117mus nuo kaitros leisti ry\u017eiams dar pabrinkti 5 min.<\/p>\n<p><em>PASTABA. Svetain\u0117je pateikiama informacija negali b\u016bti interpretuojama kaip gydymo ar kitokio pob\u016bd\u017eio sveikatos klausim\u0173 sprendimo rekomendacija. Raginame sprendimus, susijusius su asmenine sveikata, priimti asmeni\u0161kai, \u012fvertinus \u012fvairius informacijos \u0161altinius.<\/em><\/p>\n<p>&nbsp;<\/p>\n<p>&nbsp;<\/p>\n","protected":false},"excerpt":{"rendered":"<p>Basmati\u00a0ry\u017eiai yra ilgagr\u016bd\u017eiai aromatiniai ry\u017eiai, kil\u0119 i\u0161 Indijos ir Pakistano regiono, ypa\u010d Himachal Pradesh ir Uttarakhand valstij\u0173. J\u0173 pavadinimas \u201ebasmati\u201c<\/p>\n","protected":false},"featured_media":15865,"template":"","meta":{"_acf_changed":false},"product_brand":[],"product_cat":[1295],"product_tag":[1378],"class_list":{"0":"post-15164","1":"product","2":"type-product","3":"status-publish","4":"has-post-thumbnail","6":"product_cat-ekologiskos-kruopos-ankstiniai","7":"product_tag-veganams","8":"pa_svoris-1-kg","9":"pa_svoris-100-g","10":"pa_svoris-200-g","11":"pa_svoris-25-kg","12":"pa_svoris-300-g","13":"pa_svoris-400-g","14":"pa_svoris-500-g","16":"first","17":"instock","18":"shipping-taxable","19":"purchasable","20":"product-type-variable"},"acf":[],"yoast_head":"<!-- This site is optimized with the Yoast SEO plugin v27.5 - https:\/\/yoast.com\/product\/yoast-seo-wordpress\/ -->\n<title>Ekologi\u0161ki ry\u017eiai baltieji Basmati - Biopapa<\/title>\n<meta name=\"description\" content=\"Basmati ry\u017eiai vertinami d\u0117l savo subtilaus kvapo, ilgo, plono gr\u016bdo ir \u0161velnaus skonio.\" \/>\n<meta name=\"robots\" content=\"index, follow, max-snippet:-1, max-image-preview:large, max-video-preview:-1\" \/>\n<link rel=\"canonical\" href=\"https:\/\/www.biopapa.de\/lt\/producte\/ekologiski-ryziai-baltieji\/\" \/>\n<meta property=\"og:locale\" content=\"lt_LT\" \/>\n<meta property=\"og:type\" content=\"article\" \/>\n<meta property=\"og:title\" content=\"Ekologi\u0161ki ry\u017eiai baltieji Basmati - Biopapa\" \/>\n<meta property=\"og:description\" content=\"Basmati ry\u017eiai vertinami d\u0117l savo subtilaus kvapo, ilgo, plono gr\u016bdo ir \u0161velnaus skonio.\" \/>\n<meta property=\"og:url\" content=\"https:\/\/www.biopapa.de\/lt\/producte\/ekologiski-ryziai-baltieji\/\" \/>\n<meta property=\"og:site_name\" content=\"Biopapa\" \/>\n<meta property=\"article:publisher\" content=\"https:\/\/www.facebook.com\/biopapa.lt\" \/>\n<meta property=\"article:modified_time\" content=\"2026-03-23T07:03:02+00:00\" \/>\n<meta property=\"og:image\" content=\"https:\/\/www.biopapa.de\/wp-content\/uploads\/2021\/09\/Ekologiski-ryziai-baltieji-Basmati.jpg\" \/>\n\t<meta property=\"og:image:width\" content=\"800\" \/>\n\t<meta property=\"og:image:height\" content=\"640\" \/>\n\t<meta property=\"og:image:type\" content=\"image\/jpeg\" \/>\n<meta name=\"twitter:card\" content=\"summary_large_image\" \/>\n<script type=\"application\/ld+json\" class=\"yoast-schema-graph\">{\"@context\":\"https:\\\/\\\/schema.org\",\"@graph\":[{\"@type\":\"WebPage\",\"@id\":\"https:\\\/\\\/www.biopapa.de\\\/lt\\\/producte\\\/ekologiski-ryziai-baltieji\\\/\",\"url\":\"https:\\\/\\\/www.biopapa.de\\\/lt\\\/producte\\\/ekologiski-ryziai-baltieji\\\/\",\"name\":\"Ekologi\u0161ki ry\u017eiai baltieji Basmati - Biopapa\",\"isPartOf\":{\"@id\":\"https:\\\/\\\/www.biopapa.de\\\/lt\\\/#website\"},\"primaryImageOfPage\":{\"@id\":\"https:\\\/\\\/www.biopapa.de\\\/lt\\\/producte\\\/ekologiski-ryziai-baltieji\\\/#primaryimage\"},\"image\":{\"@id\":\"https:\\\/\\\/www.biopapa.de\\\/lt\\\/producte\\\/ekologiski-ryziai-baltieji\\\/#primaryimage\"},\"thumbnailUrl\":\"https:\\\/\\\/www.biopapa.de\\\/wp-content\\\/uploads\\\/2021\\\/09\\\/Ekologiski-ryziai-baltieji-Basmati.jpg\",\"datePublished\":\"2021-09-17T19:11:18+00:00\",\"dateModified\":\"2026-03-23T07:03:02+00:00\",\"description\":\"Basmati ry\u017eiai vertinami d\u0117l savo subtilaus kvapo, ilgo, plono gr\u016bdo ir \u0161velnaus skonio.\",\"breadcrumb\":{\"@id\":\"https:\\\/\\\/www.biopapa.de\\\/lt\\\/producte\\\/ekologiski-ryziai-baltieji\\\/#breadcrumb\"},\"inLanguage\":\"lt-LT\",\"potentialAction\":[{\"@type\":\"ReadAction\",\"target\":[\"https:\\\/\\\/www.biopapa.de\\\/lt\\\/producte\\\/ekologiski-ryziai-baltieji\\\/\"]}]},{\"@type\":\"ImageObject\",\"inLanguage\":\"lt-LT\",\"@id\":\"https:\\\/\\\/www.biopapa.de\\\/lt\\\/producte\\\/ekologiski-ryziai-baltieji\\\/#primaryimage\",\"url\":\"https:\\\/\\\/www.biopapa.de\\\/wp-content\\\/uploads\\\/2021\\\/09\\\/Ekologiski-ryziai-baltieji-Basmati.jpg\",\"contentUrl\":\"https:\\\/\\\/www.biopapa.de\\\/wp-content\\\/uploads\\\/2021\\\/09\\\/Ekologiski-ryziai-baltieji-Basmati.jpg\",\"width\":800,\"height\":640,\"caption\":\"Ekologi\u0161ki ry\u017eiai baltieji Basmati\"},{\"@type\":\"BreadcrumbList\",\"@id\":\"https:\\\/\\\/www.biopapa.de\\\/lt\\\/producte\\\/ekologiski-ryziai-baltieji\\\/#breadcrumb\",\"itemListElement\":[{\"@type\":\"ListItem\",\"position\":1,\"name\":\"Home\",\"item\":\"https:\\\/\\\/www.biopapa.de\\\/lt\\\/\"},{\"@type\":\"ListItem\",\"position\":2,\"name\":\"Parduotuv\u0117\",\"item\":\"https:\\\/\\\/www.biopapa.de\\\/parduotuve\\\/\"},{\"@type\":\"ListItem\",\"position\":3,\"name\":\"Ekologi\u0161ki ry\u017eiai baltieji Basmati\"}]},{\"@type\":\"WebSite\",\"@id\":\"https:\\\/\\\/www.biopapa.de\\\/lt\\\/#website\",\"url\":\"https:\\\/\\\/www.biopapa.de\\\/lt\\\/\",\"name\":\"Biopapa\",\"description\":\"\u0160var\u016bs ekologi\u0161ki produktai\",\"publisher\":{\"@id\":\"https:\\\/\\\/www.biopapa.de\\\/lt\\\/#organization\"},\"potentialAction\":[{\"@type\":\"SearchAction\",\"target\":{\"@type\":\"EntryPoint\",\"urlTemplate\":\"https:\\\/\\\/www.biopapa.de\\\/lt\\\/?s={search_term_string}\"},\"query-input\":{\"@type\":\"PropertyValueSpecification\",\"valueRequired\":true,\"valueName\":\"search_term_string\"}}],\"inLanguage\":\"lt-LT\"},{\"@type\":\"Organization\",\"@id\":\"https:\\\/\\\/www.biopapa.de\\\/lt\\\/#organization\",\"name\":\"Biopapa\",\"url\":\"https:\\\/\\\/www.biopapa.de\\\/lt\\\/\",\"logo\":{\"@type\":\"ImageObject\",\"inLanguage\":\"lt-LT\",\"@id\":\"https:\\\/\\\/www.biopapa.de\\\/lt\\\/#\\\/schema\\\/logo\\\/image\\\/\",\"url\":\"https:\\\/\\\/www.biopapa.lt\\\/wp-content\\\/uploads\\\/2022\\\/04\\\/facebook_biopapa.jpg\",\"contentUrl\":\"https:\\\/\\\/www.biopapa.lt\\\/wp-content\\\/uploads\\\/2022\\\/04\\\/facebook_biopapa.jpg\",\"width\":1733,\"height\":907,\"caption\":\"Biopapa\"},\"image\":{\"@id\":\"https:\\\/\\\/www.biopapa.de\\\/lt\\\/#\\\/schema\\\/logo\\\/image\\\/\"},\"sameAs\":[\"https:\\\/\\\/www.facebook.com\\\/biopapa.lt\"]}]}<\/script>\n<!-- \/ Yoast SEO plugin. -->","yoast_head_json":{"title":"Ekologi\u0161ki ry\u017eiai baltieji Basmati - Biopapa","description":"Basmati ry\u017eiai vertinami d\u0117l savo subtilaus kvapo, ilgo, plono gr\u016bdo ir \u0161velnaus skonio.","robots":{"index":"index","follow":"follow","max-snippet":"max-snippet:-1","max-image-preview":"max-image-preview:large","max-video-preview":"max-video-preview:-1"},"canonical":"https:\/\/www.biopapa.de\/lt\/producte\/ekologiski-ryziai-baltieji\/","og_locale":"lt_LT","og_type":"article","og_title":"Ekologi\u0161ki ry\u017eiai baltieji Basmati - Biopapa","og_description":"Basmati ry\u017eiai vertinami d\u0117l savo subtilaus kvapo, ilgo, plono gr\u016bdo ir \u0161velnaus skonio.","og_url":"https:\/\/www.biopapa.de\/lt\/producte\/ekologiski-ryziai-baltieji\/","og_site_name":"Biopapa","article_publisher":"https:\/\/www.facebook.com\/biopapa.lt","article_modified_time":"2026-03-23T07:03:02+00:00","og_image":[{"width":800,"height":640,"url":"https:\/\/www.biopapa.de\/wp-content\/uploads\/2021\/09\/Ekologiski-ryziai-baltieji-Basmati.jpg","type":"image\/jpeg"}],"twitter_card":"summary_large_image","schema":{"@context":"https:\/\/schema.org","@graph":[{"@type":"WebPage","@id":"https:\/\/www.biopapa.de\/lt\/producte\/ekologiski-ryziai-baltieji\/","url":"https:\/\/www.biopapa.de\/lt\/producte\/ekologiski-ryziai-baltieji\/","name":"Ekologi\u0161ki ry\u017eiai baltieji Basmati - Biopapa","isPartOf":{"@id":"https:\/\/www.biopapa.de\/lt\/#website"},"primaryImageOfPage":{"@id":"https:\/\/www.biopapa.de\/lt\/producte\/ekologiski-ryziai-baltieji\/#primaryimage"},"image":{"@id":"https:\/\/www.biopapa.de\/lt\/producte\/ekologiski-ryziai-baltieji\/#primaryimage"},"thumbnailUrl":"https:\/\/www.biopapa.de\/wp-content\/uploads\/2021\/09\/Ekologiski-ryziai-baltieji-Basmati.jpg","datePublished":"2021-09-17T19:11:18+00:00","dateModified":"2026-03-23T07:03:02+00:00","description":"Basmati ry\u017eiai vertinami d\u0117l savo subtilaus kvapo, ilgo, plono gr\u016bdo ir \u0161velnaus skonio.","breadcrumb":{"@id":"https:\/\/www.biopapa.de\/lt\/producte\/ekologiski-ryziai-baltieji\/#breadcrumb"},"inLanguage":"lt-LT","potentialAction":[{"@type":"ReadAction","target":["https:\/\/www.biopapa.de\/lt\/producte\/ekologiski-ryziai-baltieji\/"]}]},{"@type":"ImageObject","inLanguage":"lt-LT","@id":"https:\/\/www.biopapa.de\/lt\/producte\/ekologiski-ryziai-baltieji\/#primaryimage","url":"https:\/\/www.biopapa.de\/wp-content\/uploads\/2021\/09\/Ekologiski-ryziai-baltieji-Basmati.jpg","contentUrl":"https:\/\/www.biopapa.de\/wp-content\/uploads\/2021\/09\/Ekologiski-ryziai-baltieji-Basmati.jpg","width":800,"height":640,"caption":"Ekologi\u0161ki ry\u017eiai baltieji Basmati"},{"@type":"BreadcrumbList","@id":"https:\/\/www.biopapa.de\/lt\/producte\/ekologiski-ryziai-baltieji\/#breadcrumb","itemListElement":[{"@type":"ListItem","position":1,"name":"Home","item":"https:\/\/www.biopapa.de\/lt\/"},{"@type":"ListItem","position":2,"name":"Parduotuv\u0117","item":"https:\/\/www.biopapa.de\/parduotuve\/"},{"@type":"ListItem","position":3,"name":"Ekologi\u0161ki ry\u017eiai baltieji Basmati"}]},{"@type":"WebSite","@id":"https:\/\/www.biopapa.de\/lt\/#website","url":"https:\/\/www.biopapa.de\/lt\/","name":"Biopapa","description":"\u0160var\u016bs ekologi\u0161ki produktai","publisher":{"@id":"https:\/\/www.biopapa.de\/lt\/#organization"},"potentialAction":[{"@type":"SearchAction","target":{"@type":"EntryPoint","urlTemplate":"https:\/\/www.biopapa.de\/lt\/?s={search_term_string}"},"query-input":{"@type":"PropertyValueSpecification","valueRequired":true,"valueName":"search_term_string"}}],"inLanguage":"lt-LT"},{"@type":"Organization","@id":"https:\/\/www.biopapa.de\/lt\/#organization","name":"Biopapa","url":"https:\/\/www.biopapa.de\/lt\/","logo":{"@type":"ImageObject","inLanguage":"lt-LT","@id":"https:\/\/www.biopapa.de\/lt\/#\/schema\/logo\/image\/","url":"https:\/\/www.biopapa.lt\/wp-content\/uploads\/2022\/04\/facebook_biopapa.jpg","contentUrl":"https:\/\/www.biopapa.lt\/wp-content\/uploads\/2022\/04\/facebook_biopapa.jpg","width":1733,"height":907,"caption":"Biopapa"},"image":{"@id":"https:\/\/www.biopapa.de\/lt\/#\/schema\/logo\/image\/"},"sameAs":["https:\/\/www.facebook.com\/biopapa.lt"]}]}},"_links":{"self":[{"href":"https:\/\/www.biopapa.de\/lt\/wp-json\/wp\/v2\/product\/15164","targetHints":{"allow":["GET"]}}],"collection":[{"href":"https:\/\/www.biopapa.de\/lt\/wp-json\/wp\/v2\/product"}],"about":[{"href":"https:\/\/www.biopapa.de\/lt\/wp-json\/wp\/v2\/types\/product"}],"wp:featuredmedia":[{"embeddable":true,"href":"https:\/\/www.biopapa.de\/lt\/wp-json\/wp\/v2\/media\/15865"}],"wp:attachment":[{"href":"https:\/\/www.biopapa.de\/lt\/wp-json\/wp\/v2\/media?parent=15164"}],"wp:term":[{"taxonomy":"product_brand","embeddable":true,"href":"https:\/\/www.biopapa.de\/lt\/wp-json\/wp\/v2\/product_brand?post=15164"},{"taxonomy":"product_cat","embeddable":true,"href":"https:\/\/www.biopapa.de\/lt\/wp-json\/wp\/v2\/product_cat?post=15164"},{"taxonomy":"product_tag","embeddable":true,"href":"https:\/\/www.biopapa.de\/lt\/wp-json\/wp\/v2\/product_tag?post=15164"}],"curies":[{"name":"wp","href":"https:\/\/api.w.org\/{rel}","templated":true}]}}