{"id":15178,"date":"2021-09-17T22:18:44","date_gmt":"2021-09-17T19:18:44","guid":{"rendered":"https:\/\/www.biopapa.lt\/?post_type=product&#038;p=15178"},"modified":"2026-03-27T11:14:07","modified_gmt":"2026-03-27T09:14:07","slug":"ekologiski-avinzirniu-miltai","status":"publish","type":"product","link":"https:\/\/www.biopapa.de\/lt\/producte\/ekologiski-avinzirniu-miltai\/","title":{"rendered":"Ekologi\u0161ki avin\u017eirni\u0173 miltai"},"content":{"rendered":"<p>Ekologi\u0161ki avin\u017eirni\u0173 miltai, \u017einomi kaip\u00a0gram\u00a0arba\u00a0besan\u00a0miltai, yra universalus, be glitimo ingredientas, pla\u010diai naudojamas gaminant maist\u0105.<br \/>\nPagaminti i\u0161 smulkiai malt\u0173 d\u017eiovint\u0173 avin\u017eirni\u0173, jie yra turtingi baltym\u0173, skaidul\u0173 ir b\u016btin\u0173 maistini\u0173 med\u017eiag\u0173, tod\u0117l yra maistingas rafinuot\u0173 milt\u0173 pakaitalas. Da\u017enai naudojami Indijos, Vidur\u017eemio j\u016bros ir Artim\u0173j\u0173 Ryt\u0173 virtuv\u0117se tokiems patiekalams kaip\u00a0pakoros, socca ir falafeliai. Be to, jie puikiai tinka kaip tir\u0161tiklis sriuboms ir pada\u017eams, ri\u0161amoji med\u017eiaga vegani\u0161kuose receptuose bei pagrindas kepiniams be glitimo.<br \/>\n\u0160velnus, rie\u0161ut\u0173 poskonis pagerina tiek s\u016brius, tiek sald\u017eius patiekalus, suteikdamas sveikatai nauding\u0173 savybi\u0173, toki\u0173 kaip geresnis vir\u0161kinimas ir cukraus kiekio kraujyje reguliavimas.<\/p>\n<p>PASTABA. \u010cia pateikta informacija negali b\u016bti interpretuojama kaip gydymo ar kitokio pob\u016bd\u017eio sveikatos klausim\u0173 sprendimo rekomendacija.\u00a0Raginame sprendimus, susijusius su asmenine sveikata, priimti asmeni\u0161kai, \u012fvertinus \u012fvairius informacijos \u0161altinius.<\/p>\n","protected":false},"excerpt":{"rendered":"<p>Ekologi\u0161ki avin\u017eirni\u0173 miltai, \u017einomi kaip\u00a0gram\u00a0arba\u00a0besan\u00a0miltai, yra universalus, be glitimo ingredientas, pla\u010diai naudojamas gaminant maist\u0105. Pagaminti i\u0161 smulkiai malt\u0173 d\u017eiovint\u0173 avin\u017eirni\u0173,<\/p>\n","protected":false},"featured_media":16034,"template":"","meta":{"_acf_changed":false},"product_brand":[],"product_cat":[1316],"product_tag":[1431,1378],"class_list":{"0":"post-15178","1":"product","2":"type-product","3":"status-publish","4":"has-post-thumbnail","6":"product_cat-ekologiski-miltai","7":"product_tag-glitimo-alternatyva","8":"product_tag-veganams","9":"pa_svoris-1-kg","10":"pa_svoris-100-g","11":"pa_svoris-20-kg","12":"pa_svoris-200-g","13":"pa_svoris-300-g","14":"pa_svoris-400-g","15":"pa_svoris-500-g","17":"first","18":"instock","19":"shipping-taxable","20":"purchasable","21":"product-type-variable"},"acf":[],"yoast_head":"<!-- This site is optimized with the Yoast SEO plugin v27.5 - https:\/\/yoast.com\/product\/yoast-seo-wordpress\/ -->\n<title>Ekologi\u0161ki avin\u017eirni\u0173 miltai - Biopapa<\/title>\n<meta name=\"description\" content=\"Ekologi\u0161ki avin\u017eirni\u0173 miltai, \u017einomi kaip\u00a0gram\u00a0arba\u00a0besan\u00a0miltai, yra universalus, be glitimo ingredientas, pla\u010diai naudojamas gaminant maist\u0105.\" \/>\n<meta name=\"robots\" content=\"index, follow, max-snippet:-1, max-image-preview:large, max-video-preview:-1\" \/>\n<link rel=\"canonical\" href=\"https:\/\/www.biopapa.de\/lt\/producte\/ekologiski-avinzirniu-miltai\/\" \/>\n<meta property=\"og:locale\" content=\"lt_LT\" \/>\n<meta property=\"og:type\" content=\"article\" \/>\n<meta property=\"og:title\" content=\"Ekologi\u0161ki avin\u017eirni\u0173 miltai - Biopapa\" \/>\n<meta property=\"og:description\" content=\"Ekologi\u0161ki avin\u017eirni\u0173 miltai, \u017einomi kaip\u00a0gram\u00a0arba\u00a0besan\u00a0miltai, yra universalus, be glitimo ingredientas, pla\u010diai naudojamas gaminant maist\u0105.\" \/>\n<meta property=\"og:url\" content=\"https:\/\/www.biopapa.de\/lt\/producte\/ekologiski-avinzirniu-miltai\/\" \/>\n<meta property=\"og:site_name\" content=\"Biopapa\" \/>\n<meta property=\"article:publisher\" content=\"https:\/\/www.facebook.com\/biopapa.lt\" \/>\n<meta property=\"article:modified_time\" content=\"2026-03-27T09:14:07+00:00\" \/>\n<meta property=\"og:image\" content=\"https:\/\/www.biopapa.de\/wp-content\/uploads\/2021\/09\/Ekologiski-avinzirniu-miltai.jpg\" \/>\n\t<meta property=\"og:image:width\" content=\"800\" \/>\n\t<meta property=\"og:image:height\" content=\"640\" \/>\n\t<meta property=\"og:image:type\" content=\"image\/jpeg\" \/>\n<meta name=\"twitter:card\" content=\"summary_large_image\" \/>\n<meta name=\"twitter:label1\" content=\"Est. reading time\" \/>\n\t<meta name=\"twitter:data1\" content=\"1 minut\u0117\" \/>\n<script type=\"application\/ld+json\" class=\"yoast-schema-graph\">{\"@context\":\"https:\\\/\\\/schema.org\",\"@graph\":[{\"@type\":\"WebPage\",\"@id\":\"https:\\\/\\\/www.biopapa.de\\\/lt\\\/producte\\\/ekologiski-avinzirniu-miltai\\\/\",\"url\":\"https:\\\/\\\/www.biopapa.de\\\/lt\\\/producte\\\/ekologiski-avinzirniu-miltai\\\/\",\"name\":\"Ekologi\u0161ki avin\u017eirni\u0173 miltai - Biopapa\",\"isPartOf\":{\"@id\":\"https:\\\/\\\/www.biopapa.de\\\/lt\\\/#website\"},\"primaryImageOfPage\":{\"@id\":\"https:\\\/\\\/www.biopapa.de\\\/lt\\\/producte\\\/ekologiski-avinzirniu-miltai\\\/#primaryimage\"},\"image\":{\"@id\":\"https:\\\/\\\/www.biopapa.de\\\/lt\\\/producte\\\/ekologiski-avinzirniu-miltai\\\/#primaryimage\"},\"thumbnailUrl\":\"https:\\\/\\\/www.biopapa.de\\\/wp-content\\\/uploads\\\/2021\\\/09\\\/Ekologiski-avinzirniu-miltai.jpg\",\"datePublished\":\"2021-09-17T19:18:44+00:00\",\"dateModified\":\"2026-03-27T09:14:07+00:00\",\"description\":\"Ekologi\u0161ki avin\u017eirni\u0173 miltai, \u017einomi kaip\u00a0gram\u00a0arba\u00a0besan\u00a0miltai, yra universalus, be glitimo ingredientas, pla\u010diai naudojamas gaminant maist\u0105.\",\"breadcrumb\":{\"@id\":\"https:\\\/\\\/www.biopapa.de\\\/lt\\\/producte\\\/ekologiski-avinzirniu-miltai\\\/#breadcrumb\"},\"inLanguage\":\"lt-LT\",\"potentialAction\":[{\"@type\":\"ReadAction\",\"target\":[\"https:\\\/\\\/www.biopapa.de\\\/lt\\\/producte\\\/ekologiski-avinzirniu-miltai\\\/\"]}]},{\"@type\":\"ImageObject\",\"inLanguage\":\"lt-LT\",\"@id\":\"https:\\\/\\\/www.biopapa.de\\\/lt\\\/producte\\\/ekologiski-avinzirniu-miltai\\\/#primaryimage\",\"url\":\"https:\\\/\\\/www.biopapa.de\\\/wp-content\\\/uploads\\\/2021\\\/09\\\/Ekologiski-avinzirniu-miltai.jpg\",\"contentUrl\":\"https:\\\/\\\/www.biopapa.de\\\/wp-content\\\/uploads\\\/2021\\\/09\\\/Ekologiski-avinzirniu-miltai.jpg\",\"width\":800,\"height\":640,\"caption\":\"Ekologi\u0161ki avin\u017eirni\u0173 miltai\"},{\"@type\":\"BreadcrumbList\",\"@id\":\"https:\\\/\\\/www.biopapa.de\\\/lt\\\/producte\\\/ekologiski-avinzirniu-miltai\\\/#breadcrumb\",\"itemListElement\":[{\"@type\":\"ListItem\",\"position\":1,\"name\":\"Home\",\"item\":\"https:\\\/\\\/www.biopapa.de\\\/lt\\\/\"},{\"@type\":\"ListItem\",\"position\":2,\"name\":\"Parduotuv\u0117\",\"item\":\"https:\\\/\\\/www.biopapa.de\\\/parduotuve\\\/\"},{\"@type\":\"ListItem\",\"position\":3,\"name\":\"Ekologi\u0161ki avin\u017eirni\u0173 miltai\"}]},{\"@type\":\"WebSite\",\"@id\":\"https:\\\/\\\/www.biopapa.de\\\/lt\\\/#website\",\"url\":\"https:\\\/\\\/www.biopapa.de\\\/lt\\\/\",\"name\":\"Biopapa\",\"description\":\"\u0160var\u016bs ekologi\u0161ki produktai\",\"publisher\":{\"@id\":\"https:\\\/\\\/www.biopapa.de\\\/lt\\\/#organization\"},\"potentialAction\":[{\"@type\":\"SearchAction\",\"target\":{\"@type\":\"EntryPoint\",\"urlTemplate\":\"https:\\\/\\\/www.biopapa.de\\\/lt\\\/?s={search_term_string}\"},\"query-input\":{\"@type\":\"PropertyValueSpecification\",\"valueRequired\":true,\"valueName\":\"search_term_string\"}}],\"inLanguage\":\"lt-LT\"},{\"@type\":\"Organization\",\"@id\":\"https:\\\/\\\/www.biopapa.de\\\/lt\\\/#organization\",\"name\":\"Biopapa\",\"url\":\"https:\\\/\\\/www.biopapa.de\\\/lt\\\/\",\"logo\":{\"@type\":\"ImageObject\",\"inLanguage\":\"lt-LT\",\"@id\":\"https:\\\/\\\/www.biopapa.de\\\/lt\\\/#\\\/schema\\\/logo\\\/image\\\/\",\"url\":\"https:\\\/\\\/www.biopapa.lt\\\/wp-content\\\/uploads\\\/2022\\\/04\\\/facebook_biopapa.jpg\",\"contentUrl\":\"https:\\\/\\\/www.biopapa.lt\\\/wp-content\\\/uploads\\\/2022\\\/04\\\/facebook_biopapa.jpg\",\"width\":1733,\"height\":907,\"caption\":\"Biopapa\"},\"image\":{\"@id\":\"https:\\\/\\\/www.biopapa.de\\\/lt\\\/#\\\/schema\\\/logo\\\/image\\\/\"},\"sameAs\":[\"https:\\\/\\\/www.facebook.com\\\/biopapa.lt\"]}]}<\/script>\n<!-- \/ Yoast SEO plugin. -->","yoast_head_json":{"title":"Ekologi\u0161ki avin\u017eirni\u0173 miltai - Biopapa","description":"Ekologi\u0161ki avin\u017eirni\u0173 miltai, \u017einomi kaip\u00a0gram\u00a0arba\u00a0besan\u00a0miltai, yra universalus, be glitimo ingredientas, pla\u010diai naudojamas gaminant maist\u0105.","robots":{"index":"index","follow":"follow","max-snippet":"max-snippet:-1","max-image-preview":"max-image-preview:large","max-video-preview":"max-video-preview:-1"},"canonical":"https:\/\/www.biopapa.de\/lt\/producte\/ekologiski-avinzirniu-miltai\/","og_locale":"lt_LT","og_type":"article","og_title":"Ekologi\u0161ki avin\u017eirni\u0173 miltai - Biopapa","og_description":"Ekologi\u0161ki avin\u017eirni\u0173 miltai, \u017einomi kaip\u00a0gram\u00a0arba\u00a0besan\u00a0miltai, yra universalus, be glitimo ingredientas, pla\u010diai naudojamas gaminant maist\u0105.","og_url":"https:\/\/www.biopapa.de\/lt\/producte\/ekologiski-avinzirniu-miltai\/","og_site_name":"Biopapa","article_publisher":"https:\/\/www.facebook.com\/biopapa.lt","article_modified_time":"2026-03-27T09:14:07+00:00","og_image":[{"width":800,"height":640,"url":"https:\/\/www.biopapa.de\/wp-content\/uploads\/2021\/09\/Ekologiski-avinzirniu-miltai.jpg","type":"image\/jpeg"}],"twitter_card":"summary_large_image","twitter_misc":{"Est. reading time":"1 minut\u0117"},"schema":{"@context":"https:\/\/schema.org","@graph":[{"@type":"WebPage","@id":"https:\/\/www.biopapa.de\/lt\/producte\/ekologiski-avinzirniu-miltai\/","url":"https:\/\/www.biopapa.de\/lt\/producte\/ekologiski-avinzirniu-miltai\/","name":"Ekologi\u0161ki avin\u017eirni\u0173 miltai - Biopapa","isPartOf":{"@id":"https:\/\/www.biopapa.de\/lt\/#website"},"primaryImageOfPage":{"@id":"https:\/\/www.biopapa.de\/lt\/producte\/ekologiski-avinzirniu-miltai\/#primaryimage"},"image":{"@id":"https:\/\/www.biopapa.de\/lt\/producte\/ekologiski-avinzirniu-miltai\/#primaryimage"},"thumbnailUrl":"https:\/\/www.biopapa.de\/wp-content\/uploads\/2021\/09\/Ekologiski-avinzirniu-miltai.jpg","datePublished":"2021-09-17T19:18:44+00:00","dateModified":"2026-03-27T09:14:07+00:00","description":"Ekologi\u0161ki avin\u017eirni\u0173 miltai, \u017einomi kaip\u00a0gram\u00a0arba\u00a0besan\u00a0miltai, yra universalus, be glitimo ingredientas, pla\u010diai naudojamas gaminant maist\u0105.","breadcrumb":{"@id":"https:\/\/www.biopapa.de\/lt\/producte\/ekologiski-avinzirniu-miltai\/#breadcrumb"},"inLanguage":"lt-LT","potentialAction":[{"@type":"ReadAction","target":["https:\/\/www.biopapa.de\/lt\/producte\/ekologiski-avinzirniu-miltai\/"]}]},{"@type":"ImageObject","inLanguage":"lt-LT","@id":"https:\/\/www.biopapa.de\/lt\/producte\/ekologiski-avinzirniu-miltai\/#primaryimage","url":"https:\/\/www.biopapa.de\/wp-content\/uploads\/2021\/09\/Ekologiski-avinzirniu-miltai.jpg","contentUrl":"https:\/\/www.biopapa.de\/wp-content\/uploads\/2021\/09\/Ekologiski-avinzirniu-miltai.jpg","width":800,"height":640,"caption":"Ekologi\u0161ki avin\u017eirni\u0173 miltai"},{"@type":"BreadcrumbList","@id":"https:\/\/www.biopapa.de\/lt\/producte\/ekologiski-avinzirniu-miltai\/#breadcrumb","itemListElement":[{"@type":"ListItem","position":1,"name":"Home","item":"https:\/\/www.biopapa.de\/lt\/"},{"@type":"ListItem","position":2,"name":"Parduotuv\u0117","item":"https:\/\/www.biopapa.de\/parduotuve\/"},{"@type":"ListItem","position":3,"name":"Ekologi\u0161ki avin\u017eirni\u0173 miltai"}]},{"@type":"WebSite","@id":"https:\/\/www.biopapa.de\/lt\/#website","url":"https:\/\/www.biopapa.de\/lt\/","name":"Biopapa","description":"\u0160var\u016bs ekologi\u0161ki produktai","publisher":{"@id":"https:\/\/www.biopapa.de\/lt\/#organization"},"potentialAction":[{"@type":"SearchAction","target":{"@type":"EntryPoint","urlTemplate":"https:\/\/www.biopapa.de\/lt\/?s={search_term_string}"},"query-input":{"@type":"PropertyValueSpecification","valueRequired":true,"valueName":"search_term_string"}}],"inLanguage":"lt-LT"},{"@type":"Organization","@id":"https:\/\/www.biopapa.de\/lt\/#organization","name":"Biopapa","url":"https:\/\/www.biopapa.de\/lt\/","logo":{"@type":"ImageObject","inLanguage":"lt-LT","@id":"https:\/\/www.biopapa.de\/lt\/#\/schema\/logo\/image\/","url":"https:\/\/www.biopapa.lt\/wp-content\/uploads\/2022\/04\/facebook_biopapa.jpg","contentUrl":"https:\/\/www.biopapa.lt\/wp-content\/uploads\/2022\/04\/facebook_biopapa.jpg","width":1733,"height":907,"caption":"Biopapa"},"image":{"@id":"https:\/\/www.biopapa.de\/lt\/#\/schema\/logo\/image\/"},"sameAs":["https:\/\/www.facebook.com\/biopapa.lt"]}]}},"_links":{"self":[{"href":"https:\/\/www.biopapa.de\/lt\/wp-json\/wp\/v2\/product\/15178","targetHints":{"allow":["GET"]}}],"collection":[{"href":"https:\/\/www.biopapa.de\/lt\/wp-json\/wp\/v2\/product"}],"about":[{"href":"https:\/\/www.biopapa.de\/lt\/wp-json\/wp\/v2\/types\/product"}],"wp:featuredmedia":[{"embeddable":true,"href":"https:\/\/www.biopapa.de\/lt\/wp-json\/wp\/v2\/media\/16034"}],"wp:attachment":[{"href":"https:\/\/www.biopapa.de\/lt\/wp-json\/wp\/v2\/media?parent=15178"}],"wp:term":[{"taxonomy":"product_brand","embeddable":true,"href":"https:\/\/www.biopapa.de\/lt\/wp-json\/wp\/v2\/product_brand?post=15178"},{"taxonomy":"product_cat","embeddable":true,"href":"https:\/\/www.biopapa.de\/lt\/wp-json\/wp\/v2\/product_cat?post=15178"},{"taxonomy":"product_tag","embeddable":true,"href":"https:\/\/www.biopapa.de\/lt\/wp-json\/wp\/v2\/product_tag?post=15178"}],"curies":[{"name":"wp","href":"https:\/\/api.w.org\/{rel}","templated":true}]}}