{"id":15321,"date":"2021-10-01T15:21:58","date_gmt":"2021-10-01T12:21:58","guid":{"rendered":"https:\/\/www.biopapa.lt\/?post_type=product&#038;p=15321"},"modified":"2026-01-28T15:27:28","modified_gmt":"2026-01-28T13:27:28","slug":"ekologiskos-moliugu-seklos-is-es-gliaudytos-zalios","status":"publish","type":"product","link":"https:\/\/www.biopapa.de\/lt\/producte\/ekologiskos-moliugu-seklos-is-es-gliaudytos-zalios\/","title":{"rendered":"Ekologiskos moli\u016bg\u0173 s\u0117klos i\u0161 ES (gliaudytos, \u017ealios)"},"content":{"rendered":"<p><strong>Ekologi\u0161kos moli\u016bg\u0173 s\u0117klos<\/strong> \u2013 itin maistingos ir turi daug naudos sveikatai. Jos yra puikus cinko, magnio, gele\u017eies, antioksidant\u0173 ir sveik\u0173 riebal\u0173 \u0161altinis, padedantis stiprinti imunin\u0119 sistem\u0105, palaikyti \u0161irdies sveikat\u0105, gerinti miego kokyb\u0119 bei skatinti odos, plauk\u0173 ir nag\u0173 stiprum\u0105. Be to, moli\u016bg\u0173 s\u0117klos galimai pasi\u017eymi prie\u0161u\u017edegimin\u0117mis savyb\u0117mis ir teigiamai veikia vir\u0161kinimo sistem\u0105.<br \/>\n\u0160ias s\u0117klas galima naudoti kaip u\u017ekand\u012f, d\u0117ti \u012f salotas, sriubas, kepinius ar sumalti \u012f pada\u017eus bei glotnu\u010dius, praturtinant patiekalus maistin\u0117mis med\u017eiagomis ir i\u0161skirtiniu skoniu.<\/p>\n<p><em>PASTABA. \u010cia pateikta informacija negali b\u016bti interpretuojama kaip gydymo ar kitokio pob\u016bd\u017eio sveikatos klausim\u0173 sprendimo rekomendacija.<\/em><br \/>\n<em>Raginame sprendimus, susijusius su asmenine sveikata, priimti asmeni\u0161kai, \u012fvertinus \u012fvairius informacijos \u0161altinius.<\/em><\/p>\n","protected":false},"excerpt":{"rendered":"<p>Ekologi\u0161kos moli\u016bg\u0173 s\u0117klos \u2013 itin maistingos ir turi daug naudos sveikatai. Jos yra puikus cinko, magnio, gele\u017eies, antioksidant\u0173 ir sveik\u0173<\/p>\n","protected":false},"featured_media":15944,"template":"","meta":{"_acf_changed":false},"product_brand":[],"product_cat":[730,1905],"product_tag":[1380,1378],"class_list":{"0":"post-15321","1":"product","2":"type-product","3":"status-publish","4":"has-post-thumbnail","6":"product_cat-ekologiski-riesutai-seklos","7":"product_cat-seklos","8":"product_tag-keto-mityba","9":"product_tag-veganams","10":"pa_svoris-1-kg","11":"pa_svoris-100-g","12":"pa_svoris-200-g","13":"pa_svoris-25-kg","14":"pa_svoris-300-g","15":"pa_svoris-400-g","16":"pa_svoris-500-g","18":"first","19":"instock","20":"shipping-taxable","21":"purchasable","22":"product-type-variable"},"acf":[],"yoast_head":"<!-- This site is optimized with the Yoast SEO plugin v27.5 - https:\/\/yoast.com\/product\/yoast-seo-wordpress\/ -->\n<title>Ekologiskos moli\u016bg\u0173 s\u0117klos i\u0161 ES (gliaudytos, \u017ealios) - Biopapa<\/title>\n<meta name=\"robots\" content=\"index, follow, max-snippet:-1, max-image-preview:large, max-video-preview:-1\" \/>\n<link rel=\"canonical\" href=\"https:\/\/www.biopapa.de\/lt\/producte\/ekologiskos-moliugu-seklos-is-es-gliaudytos-zalios\/\" \/>\n<meta property=\"og:locale\" content=\"lt_LT\" \/>\n<meta property=\"og:type\" content=\"article\" \/>\n<meta property=\"og:title\" content=\"Ekologiskos moli\u016bg\u0173 s\u0117klos i\u0161 ES (gliaudytos, \u017ealios) - Biopapa\" \/>\n<meta property=\"og:description\" content=\"Ekologi\u0161kos moli\u016bg\u0173 s\u0117klos \u2013 itin maistingos ir turi daug naudos sveikatai. Jos yra puikus cinko, magnio, gele\u017eies, antioksidant\u0173 ir sveik\u0173\" \/>\n<meta property=\"og:url\" content=\"https:\/\/www.biopapa.de\/lt\/producte\/ekologiskos-moliugu-seklos-is-es-gliaudytos-zalios\/\" \/>\n<meta property=\"og:site_name\" content=\"Biopapa\" \/>\n<meta property=\"article:publisher\" content=\"https:\/\/www.facebook.com\/biopapa.lt\" \/>\n<meta property=\"article:modified_time\" content=\"2026-01-28T13:27:28+00:00\" \/>\n<meta property=\"og:image\" content=\"https:\/\/www.biopapa.de\/wp-content\/uploads\/2021\/10\/Ekologiskos-moliugu-seklos-is-Austrijos-gliaudytos-zalios.jpg\" \/>\n\t<meta property=\"og:image:width\" content=\"800\" \/>\n\t<meta property=\"og:image:height\" content=\"640\" \/>\n\t<meta property=\"og:image:type\" content=\"image\/jpeg\" \/>\n<meta name=\"twitter:card\" content=\"summary_large_image\" \/>\n<meta name=\"twitter:label1\" content=\"Est. reading time\" \/>\n\t<meta name=\"twitter:data1\" content=\"1 minut\u0117\" \/>\n<script type=\"application\/ld+json\" class=\"yoast-schema-graph\">{\"@context\":\"https:\\\/\\\/schema.org\",\"@graph\":[{\"@type\":\"WebPage\",\"@id\":\"https:\\\/\\\/www.biopapa.de\\\/lt\\\/producte\\\/ekologiskos-moliugu-seklos-is-es-gliaudytos-zalios\\\/\",\"url\":\"https:\\\/\\\/www.biopapa.de\\\/lt\\\/producte\\\/ekologiskos-moliugu-seklos-is-es-gliaudytos-zalios\\\/\",\"name\":\"Ekologiskos moli\u016bg\u0173 s\u0117klos i\u0161 ES (gliaudytos, \u017ealios) - Biopapa\",\"isPartOf\":{\"@id\":\"https:\\\/\\\/www.biopapa.de\\\/lt\\\/#website\"},\"primaryImageOfPage\":{\"@id\":\"https:\\\/\\\/www.biopapa.de\\\/lt\\\/producte\\\/ekologiskos-moliugu-seklos-is-es-gliaudytos-zalios\\\/#primaryimage\"},\"image\":{\"@id\":\"https:\\\/\\\/www.biopapa.de\\\/lt\\\/producte\\\/ekologiskos-moliugu-seklos-is-es-gliaudytos-zalios\\\/#primaryimage\"},\"thumbnailUrl\":\"https:\\\/\\\/www.biopapa.de\\\/wp-content\\\/uploads\\\/2021\\\/10\\\/Ekologiskos-moliugu-seklos-is-Austrijos-gliaudytos-zalios.jpg\",\"datePublished\":\"2021-10-01T12:21:58+00:00\",\"dateModified\":\"2026-01-28T13:27:28+00:00\",\"breadcrumb\":{\"@id\":\"https:\\\/\\\/www.biopapa.de\\\/lt\\\/producte\\\/ekologiskos-moliugu-seklos-is-es-gliaudytos-zalios\\\/#breadcrumb\"},\"inLanguage\":\"lt-LT\",\"potentialAction\":[{\"@type\":\"ReadAction\",\"target\":[\"https:\\\/\\\/www.biopapa.de\\\/lt\\\/producte\\\/ekologiskos-moliugu-seklos-is-es-gliaudytos-zalios\\\/\"]}]},{\"@type\":\"ImageObject\",\"inLanguage\":\"lt-LT\",\"@id\":\"https:\\\/\\\/www.biopapa.de\\\/lt\\\/producte\\\/ekologiskos-moliugu-seklos-is-es-gliaudytos-zalios\\\/#primaryimage\",\"url\":\"https:\\\/\\\/www.biopapa.de\\\/wp-content\\\/uploads\\\/2021\\\/10\\\/Ekologiskos-moliugu-seklos-is-Austrijos-gliaudytos-zalios.jpg\",\"contentUrl\":\"https:\\\/\\\/www.biopapa.de\\\/wp-content\\\/uploads\\\/2021\\\/10\\\/Ekologiskos-moliugu-seklos-is-Austrijos-gliaudytos-zalios.jpg\",\"width\":800,\"height\":640,\"caption\":\"Ekologiskos moli\u016bg\u0173 s\u0117klos i\u0161 ES (gliaudytos, \u017ealios)\"},{\"@type\":\"BreadcrumbList\",\"@id\":\"https:\\\/\\\/www.biopapa.de\\\/lt\\\/producte\\\/ekologiskos-moliugu-seklos-is-es-gliaudytos-zalios\\\/#breadcrumb\",\"itemListElement\":[{\"@type\":\"ListItem\",\"position\":1,\"name\":\"Home\",\"item\":\"https:\\\/\\\/www.biopapa.de\\\/lt\\\/\"},{\"@type\":\"ListItem\",\"position\":2,\"name\":\"Parduotuv\u0117\",\"item\":\"https:\\\/\\\/www.biopapa.de\\\/parduotuve\\\/\"},{\"@type\":\"ListItem\",\"position\":3,\"name\":\"Ekologiskos moli\u016bg\u0173 s\u0117klos i\u0161 ES (gliaudytos, \u017ealios)\"}]},{\"@type\":\"WebSite\",\"@id\":\"https:\\\/\\\/www.biopapa.de\\\/lt\\\/#website\",\"url\":\"https:\\\/\\\/www.biopapa.de\\\/lt\\\/\",\"name\":\"Biopapa\",\"description\":\"\u0160var\u016bs ekologi\u0161ki produktai\",\"publisher\":{\"@id\":\"https:\\\/\\\/www.biopapa.de\\\/lt\\\/#organization\"},\"potentialAction\":[{\"@type\":\"SearchAction\",\"target\":{\"@type\":\"EntryPoint\",\"urlTemplate\":\"https:\\\/\\\/www.biopapa.de\\\/lt\\\/?s={search_term_string}\"},\"query-input\":{\"@type\":\"PropertyValueSpecification\",\"valueRequired\":true,\"valueName\":\"search_term_string\"}}],\"inLanguage\":\"lt-LT\"},{\"@type\":\"Organization\",\"@id\":\"https:\\\/\\\/www.biopapa.de\\\/lt\\\/#organization\",\"name\":\"Biopapa\",\"url\":\"https:\\\/\\\/www.biopapa.de\\\/lt\\\/\",\"logo\":{\"@type\":\"ImageObject\",\"inLanguage\":\"lt-LT\",\"@id\":\"https:\\\/\\\/www.biopapa.de\\\/lt\\\/#\\\/schema\\\/logo\\\/image\\\/\",\"url\":\"https:\\\/\\\/www.biopapa.lt\\\/wp-content\\\/uploads\\\/2022\\\/04\\\/facebook_biopapa.jpg\",\"contentUrl\":\"https:\\\/\\\/www.biopapa.lt\\\/wp-content\\\/uploads\\\/2022\\\/04\\\/facebook_biopapa.jpg\",\"width\":1733,\"height\":907,\"caption\":\"Biopapa\"},\"image\":{\"@id\":\"https:\\\/\\\/www.biopapa.de\\\/lt\\\/#\\\/schema\\\/logo\\\/image\\\/\"},\"sameAs\":[\"https:\\\/\\\/www.facebook.com\\\/biopapa.lt\"]}]}<\/script>\n<!-- \/ Yoast SEO plugin. -->","yoast_head_json":{"title":"Ekologiskos moli\u016bg\u0173 s\u0117klos i\u0161 ES (gliaudytos, \u017ealios) - Biopapa","robots":{"index":"index","follow":"follow","max-snippet":"max-snippet:-1","max-image-preview":"max-image-preview:large","max-video-preview":"max-video-preview:-1"},"canonical":"https:\/\/www.biopapa.de\/lt\/producte\/ekologiskos-moliugu-seklos-is-es-gliaudytos-zalios\/","og_locale":"lt_LT","og_type":"article","og_title":"Ekologiskos moli\u016bg\u0173 s\u0117klos i\u0161 ES (gliaudytos, \u017ealios) - Biopapa","og_description":"Ekologi\u0161kos moli\u016bg\u0173 s\u0117klos \u2013 itin maistingos ir turi daug naudos sveikatai. Jos yra puikus cinko, magnio, gele\u017eies, antioksidant\u0173 ir sveik\u0173","og_url":"https:\/\/www.biopapa.de\/lt\/producte\/ekologiskos-moliugu-seklos-is-es-gliaudytos-zalios\/","og_site_name":"Biopapa","article_publisher":"https:\/\/www.facebook.com\/biopapa.lt","article_modified_time":"2026-01-28T13:27:28+00:00","og_image":[{"width":800,"height":640,"url":"https:\/\/www.biopapa.de\/wp-content\/uploads\/2021\/10\/Ekologiskos-moliugu-seklos-is-Austrijos-gliaudytos-zalios.jpg","type":"image\/jpeg"}],"twitter_card":"summary_large_image","twitter_misc":{"Est. reading time":"1 minut\u0117"},"schema":{"@context":"https:\/\/schema.org","@graph":[{"@type":"WebPage","@id":"https:\/\/www.biopapa.de\/lt\/producte\/ekologiskos-moliugu-seklos-is-es-gliaudytos-zalios\/","url":"https:\/\/www.biopapa.de\/lt\/producte\/ekologiskos-moliugu-seklos-is-es-gliaudytos-zalios\/","name":"Ekologiskos moli\u016bg\u0173 s\u0117klos i\u0161 ES (gliaudytos, \u017ealios) - Biopapa","isPartOf":{"@id":"https:\/\/www.biopapa.de\/lt\/#website"},"primaryImageOfPage":{"@id":"https:\/\/www.biopapa.de\/lt\/producte\/ekologiskos-moliugu-seklos-is-es-gliaudytos-zalios\/#primaryimage"},"image":{"@id":"https:\/\/www.biopapa.de\/lt\/producte\/ekologiskos-moliugu-seklos-is-es-gliaudytos-zalios\/#primaryimage"},"thumbnailUrl":"https:\/\/www.biopapa.de\/wp-content\/uploads\/2021\/10\/Ekologiskos-moliugu-seklos-is-Austrijos-gliaudytos-zalios.jpg","datePublished":"2021-10-01T12:21:58+00:00","dateModified":"2026-01-28T13:27:28+00:00","breadcrumb":{"@id":"https:\/\/www.biopapa.de\/lt\/producte\/ekologiskos-moliugu-seklos-is-es-gliaudytos-zalios\/#breadcrumb"},"inLanguage":"lt-LT","potentialAction":[{"@type":"ReadAction","target":["https:\/\/www.biopapa.de\/lt\/producte\/ekologiskos-moliugu-seklos-is-es-gliaudytos-zalios\/"]}]},{"@type":"ImageObject","inLanguage":"lt-LT","@id":"https:\/\/www.biopapa.de\/lt\/producte\/ekologiskos-moliugu-seklos-is-es-gliaudytos-zalios\/#primaryimage","url":"https:\/\/www.biopapa.de\/wp-content\/uploads\/2021\/10\/Ekologiskos-moliugu-seklos-is-Austrijos-gliaudytos-zalios.jpg","contentUrl":"https:\/\/www.biopapa.de\/wp-content\/uploads\/2021\/10\/Ekologiskos-moliugu-seklos-is-Austrijos-gliaudytos-zalios.jpg","width":800,"height":640,"caption":"Ekologiskos moli\u016bg\u0173 s\u0117klos i\u0161 ES (gliaudytos, \u017ealios)"},{"@type":"BreadcrumbList","@id":"https:\/\/www.biopapa.de\/lt\/producte\/ekologiskos-moliugu-seklos-is-es-gliaudytos-zalios\/#breadcrumb","itemListElement":[{"@type":"ListItem","position":1,"name":"Home","item":"https:\/\/www.biopapa.de\/lt\/"},{"@type":"ListItem","position":2,"name":"Parduotuv\u0117","item":"https:\/\/www.biopapa.de\/parduotuve\/"},{"@type":"ListItem","position":3,"name":"Ekologiskos moli\u016bg\u0173 s\u0117klos i\u0161 ES (gliaudytos, \u017ealios)"}]},{"@type":"WebSite","@id":"https:\/\/www.biopapa.de\/lt\/#website","url":"https:\/\/www.biopapa.de\/lt\/","name":"Biopapa","description":"\u0160var\u016bs ekologi\u0161ki produktai","publisher":{"@id":"https:\/\/www.biopapa.de\/lt\/#organization"},"potentialAction":[{"@type":"SearchAction","target":{"@type":"EntryPoint","urlTemplate":"https:\/\/www.biopapa.de\/lt\/?s={search_term_string}"},"query-input":{"@type":"PropertyValueSpecification","valueRequired":true,"valueName":"search_term_string"}}],"inLanguage":"lt-LT"},{"@type":"Organization","@id":"https:\/\/www.biopapa.de\/lt\/#organization","name":"Biopapa","url":"https:\/\/www.biopapa.de\/lt\/","logo":{"@type":"ImageObject","inLanguage":"lt-LT","@id":"https:\/\/www.biopapa.de\/lt\/#\/schema\/logo\/image\/","url":"https:\/\/www.biopapa.lt\/wp-content\/uploads\/2022\/04\/facebook_biopapa.jpg","contentUrl":"https:\/\/www.biopapa.lt\/wp-content\/uploads\/2022\/04\/facebook_biopapa.jpg","width":1733,"height":907,"caption":"Biopapa"},"image":{"@id":"https:\/\/www.biopapa.de\/lt\/#\/schema\/logo\/image\/"},"sameAs":["https:\/\/www.facebook.com\/biopapa.lt"]}]}},"_links":{"self":[{"href":"https:\/\/www.biopapa.de\/lt\/wp-json\/wp\/v2\/product\/15321","targetHints":{"allow":["GET"]}}],"collection":[{"href":"https:\/\/www.biopapa.de\/lt\/wp-json\/wp\/v2\/product"}],"about":[{"href":"https:\/\/www.biopapa.de\/lt\/wp-json\/wp\/v2\/types\/product"}],"wp:featuredmedia":[{"embeddable":true,"href":"https:\/\/www.biopapa.de\/lt\/wp-json\/wp\/v2\/media\/15944"}],"wp:attachment":[{"href":"https:\/\/www.biopapa.de\/lt\/wp-json\/wp\/v2\/media?parent=15321"}],"wp:term":[{"taxonomy":"product_brand","embeddable":true,"href":"https:\/\/www.biopapa.de\/lt\/wp-json\/wp\/v2\/product_brand?post=15321"},{"taxonomy":"product_cat","embeddable":true,"href":"https:\/\/www.biopapa.de\/lt\/wp-json\/wp\/v2\/product_cat?post=15321"},{"taxonomy":"product_tag","embeddable":true,"href":"https:\/\/www.biopapa.de\/lt\/wp-json\/wp\/v2\/product_tag?post=15321"}],"curies":[{"name":"wp","href":"https:\/\/api.w.org\/{rel}","templated":true}]}}