{"id":15369,"date":"2021-10-01T17:00:32","date_gmt":"2021-10-01T14:00:32","guid":{"rendered":"https:\/\/www.biopapa.lt\/?post_type=product&#038;p=15369"},"modified":"2025-11-27T13:27:59","modified_gmt":"2025-11-27T11:27:59","slug":"ekologiska-ceremonine-macia-matcha-arbata-is-japonijos","status":"publish","type":"product","link":"https:\/\/www.biopapa.de\/lt\/producte\/ekologiska-ceremonine-macia-matcha-arbata-is-japonijos\/","title":{"rendered":"Ekologi\u0161ka Ceremonin\u0117 ma\u010dia (matcha) arbata i\u0161 Japonijos"},"content":{"rendered":"<p><strong>Japoni\u0161ka Ceremonin\u0117 Matcha\u00a0<\/strong>\u2013 ry\u0161kios \u017ealios spalvos arbatos milteliai, \u0161imtme\u010dius buvo neatsiejama Japonijos kult\u016bros dalis. Jos i\u0161takos siekia XII am\u017ei\u0173, kur dzenbudist\u0173 vienuoliai pirm\u0105 kart\u0105 pristat\u0117 matcha auginimo ir paruo\u0161imo men\u0105. Laikui b\u0117gant \u012fmantri arbatos ceremonija i\u0161sivyst\u0117 ir tapo giliu japon\u0173 tradicijos harmonijos, pagarbos ir d\u0117mesingumo simboliu.<\/p>\n<p>Ekologi\u0161ka ceremonin\u0117 ma\u010dia (matcha) arbata i\u0161 Japonijos\u00a0\u00a0\u2013 tai auk\u0161\u010diausios kokyb\u0117s \u017ealiosios arbatos milteliai, kurie naudojami japon\u0173 tradicin\u0117je arbatos ceremonijoje jau beveik t\u016bkstantmet\u012f.<br \/>\nCeremonin\u0117 matcha gaminama i\u0161 \u0161e\u0161\u0117lyje i\u0161augint\u0173 arbatos lapeli\u0173, vengiant tiesiogini\u0173 saul\u0117s spinduli\u0173, taip skatinant didesn\u012f chlorofilo kiekio susidarym\u0105, kad b\u016bt\u0173 sodresn\u0117 \u017ealia spalva. Po nuskynimo lapai kruop\u0161\u010diai garinami, d\u017eiovinami ir sumalami, kad susidaryt\u0173 smulk\u016bs, aksominiai milteliai, vadinami ma\u010dia. B\u016btent \u0161ios ceremonin\u0117s ma\u010dia r\u016b\u0161is atitinka ES ekologi\u0161kumo standartus.<\/p>\n<p>Ceremonin\u0117 matcha yra labai malonaus, aromatingo ir \u0161velnaus skonio. B\u016btent tod\u0117l j\u0105 galima vartoti kaip gryn\u0105 arbat\u0105, kaip energijos suteikiant\u012f g\u0117rim\u0105 arba pagrindinei arbatos ceremonijai.<br \/>\nMa\u010dia turi daug antioksidant\u0173, ji taip pat turi kofeino, ta\u010diau jis visi\u0161kai skiriasi nuo kavos kofeino.<\/p>\n<p>Matcha kelion\u0117 nuo senovini\u0173 apeigini\u0173 ritual\u0173 iki \u0161iuolaikinio sveiko gyvenimo b\u016bdo, \u012ftvirtino savo viet\u0105 kaip vien\u0105 garsiausi\u0173 g\u0117rim\u0173 visame pasaulyje. \u0160ie \u017ealieji arbatos milteliai ir toliau \u017eavi savo turtinga istorija, kult\u016brine reik\u0161me ir neabejotina nauda sveikatai.<br \/>\nB\u016bdama milteli\u0173 pavidalo \u017ealioji arbata, matcha i\u0161laiko visas arbatos lapuose esan\u010dias maistines med\u017eiagas, tod\u0117l yra stiprus antioksidant\u0173, vitamin\u0173 ir mineral\u0173 \u0161altinis.<br \/>\nMatcha yra populiarus pasirinkimas tarp t\u0173, kurie siekia subalansuotos gyvensenos. Daugelis \u017emoni\u0173 vertina match\u0105 d\u0117l jos geb\u0117jimo pad\u0117ti palaikyti susikaupim\u0105 bei ramyb\u0117s jausm\u0105, kartu i\u0161laikant energingum\u0105. Be to, joje esantis chlorofilas galimai padeda nat\u016braliems valymosi procesams, pa\u0161alinti kenksmingus toksinus.<\/p>\n<p>D\u0117mesio:<br \/>\nNors paprastai matcha yra saugi vartoti ir vartojant saikingai, matcha yra gerai toleruojama, ta\u010diau joje yra kofeino, kuris kai kuriems asmenims gali sukelti jautrum\u0105.<br \/>\nMa\u010dia sud\u0117tyje yra (-)- epigalokatechino-3-galato.<br \/>\nDienos porcija turi b\u016bti ma\u017eiau kaip 800 mg (-)-epigalokatechin-3-galato (2 g porcija \u2013 41 mg).<br \/>\nPer didelis suvartojimas gali sukelti dirglum\u0105, miego ar vir\u0161kinimo sutrikimus.<br \/>\nN\u0117\u0161\u010dios ar kr\u016btimi maitinan\u010dios, bei asmenys jautr\u016bs kofeinui, prie\u0161 \u012ftraukdami ma\u010dia \u012f savo mityb\u0105, tur\u0117t\u0173 b\u016bti atid\u016bs.<\/p>\n<p>Naudojimas ir ceremonin\u0117s matchos paruo\u0161imas:<br \/>\nJaponi\u0161ka ceremonin\u0117 matcha tradici\u0161kai ruo\u0161iama naudojant bambukin\u0119 matcha plakimo \u0161luotel\u0119 ir duben\u012f, pagerbiant tradicin\u0119 arbatos ceremonij\u0105.<br \/>\nParuo\u0161imas: persijokite 0,5 \u2013 1 arbat. \u0161. matcha \u012f duben\u0117l\u012f, \u012fpilkite apie 100 ml kar\u0161to (apie 80 \u00b0C) vandens ir plakite zigzago judesiais, kol susidarys smaragdo spalvos putos. Jei norite, kad j\u016bs\u0173 matcha b\u016bt\u0173 ne tokia stipri, \u012fpilti daugiau vandens arba augalinio augalinio pieno pagal skon\u012f.<br \/>\nNorint pasiekti geriausi\u0105 rezultat\u0105, prie\u0161 naudojim\u0105 \u0161luotel\u0119 reikia pamirkyti kar\u0161tame vandenyje.<\/p>\n<p>Ma\u010dia vis labiau populiar\u0117ja kaip kulinarinis ingredientas, pastaruoju metu jis naudojamas dedant \u012f kokteilius, latte, desertus ir pikanti\u0161kus patiekalus, kur gali pasi\u017eym\u0117ti savo unikaliu skoniu ir ry\u0161kia spalva.<\/p>\n<p>Japoni\u0161ka apeigin\u0117 matcha yra senov\u0117s i\u0161minties ir \u0161iuolaikin\u0117s gerov\u0117s simbolis. Be savo kult\u016brin\u0117s reik\u0161m\u0117s, \u0161is smaragdinis eliksyras si\u016blo ne tik didel\u0119 naud\u0105 sveikatai ir malonius poj\u016b\u010dius. Nesvarbu, ar dalyvaujate tradicin\u0117je arbatos ceremonijoje, ar naudojat\u0117s Ma\u010dia kulinariniuose atradimuose, \u0161i\u0173 ry\u0161ki\u0173 \u017eali\u0173 milteli\u0173 \u012ftraukimas \u012f savo kasdienyb\u0119 \u017eada d\u0117mesio vert\u0173 poj\u016b\u010di\u0173 kelion\u0119, kurias ji atne\u0161a k\u016bnui, protui ir dvasiai.<br \/>\nSkanaus!<\/p>\n<p>\u0160altiniai:<br \/>\nhttps:\/\/matcha.com<br \/>\nhttps:\/\/ujido.com<\/p>\n<p><em>PASTABA. \u010cia pateikta informacija negali b\u016bti interpretuojama kaip gydymo ar kitokio pob\u016bd\u017eio sveikatos klausim\u0173 sprendimo rekomendacija. Raginame sprendimus, susijusius su asmenine sveikata, priimti asmeni\u0161kai, \u012fvertinus \u012fvairius informacijos \u0161altinius.<\/em><\/p>\n","protected":false},"excerpt":{"rendered":"<p>Japoni\u0161ka Ceremonin\u0117 Matcha\u00a0\u2013 ry\u0161kios \u017ealios spalvos arbatos milteliai, \u0161imtme\u010dius buvo neatsiejama Japonijos kult\u016bros dalis. Jos i\u0161takos siekia XII am\u017ei\u0173, kur<\/p>\n","protected":false},"featured_media":18730,"template":"","meta":{"_acf_changed":false},"product_brand":[],"product_cat":[1907,1265,1216,2371,2349],"product_tag":[2642],"class_list":{"0":"post-15369","1":"product","2":"type-product","3":"status-publish","4":"has-post-thumbnail","6":"product_cat-arbata","7":"product_cat-ekologiska-kakava-arbata-kava","8":"product_cat-augalinis-supermaistas","9":"product_cat-matcha-arbata","10":"product_cat-milteliai","11":"product_tag-fuer-veganer-lt","12":"pa_svoris-1-kg","13":"pa_svoris-10-kg","14":"pa_svoris-100-g","15":"pa_svoris-200-g","16":"pa_svoris-25-g","17":"pa_svoris-300-g","18":"pa_svoris-400-g","19":"pa_svoris-50-g","20":"pa_svoris-500-g","22":"first","23":"instock","24":"shipping-taxable","25":"purchasable","26":"product-type-variable"},"acf":[],"yoast_head":"<!-- This site is optimized with the Yoast SEO plugin v27.5 - https:\/\/yoast.com\/product\/yoast-seo-wordpress\/ -->\n<title>Ekologi\u0161ka Ceremonin\u0117 ma\u010dia (matcha) arbata i\u0161 Japonijos - Biopapa<\/title>\n<meta name=\"description\" content=\"Ekologi\u0161ka Japoni\u0161ka Ceremonin\u0117 Ma\u010dia (Matcha) arbata \u2013 tai auk\u0161\u010diausios kokyb\u0117s \u017ealiosios arbatos milteliai, kurie naudojami japon\u0173 tradicin\u0117je arbatos ceremonijoje jau beveik t\u016bkstantmet\u012f.\" \/>\n<meta name=\"robots\" content=\"index, follow, max-snippet:-1, max-image-preview:large, max-video-preview:-1\" \/>\n<link rel=\"canonical\" href=\"https:\/\/www.biopapa.de\/lt\/producte\/ekologiska-ceremonine-macia-matcha-arbata-is-japonijos\/\" \/>\n<meta property=\"og:locale\" content=\"lt_LT\" \/>\n<meta property=\"og:type\" content=\"article\" \/>\n<meta property=\"og:title\" content=\"Ekologi\u0161ka Ceremonin\u0117 ma\u010dia (matcha) arbata i\u0161 Japonijos - Biopapa\" \/>\n<meta property=\"og:description\" content=\"Ekologi\u0161ka Japoni\u0161ka Ceremonin\u0117 Ma\u010dia (Matcha) arbata \u2013 tai auk\u0161\u010diausios kokyb\u0117s \u017ealiosios arbatos milteliai, kurie naudojami japon\u0173 tradicin\u0117je arbatos ceremonijoje jau beveik t\u016bkstantmet\u012f.\" \/>\n<meta property=\"og:url\" content=\"https:\/\/www.biopapa.de\/lt\/producte\/ekologiska-ceremonine-macia-matcha-arbata-is-japonijos\/\" \/>\n<meta property=\"og:site_name\" content=\"Biopapa\" \/>\n<meta property=\"article:publisher\" content=\"https:\/\/www.facebook.com\/biopapa.lt\" \/>\n<meta property=\"article:modified_time\" content=\"2025-11-27T11:27:59+00:00\" \/>\n<meta property=\"og:image\" content=\"https:\/\/www.biopapa.de\/wp-content\/uploads\/2021\/10\/ceremonine-matcha.jpg\" \/>\n\t<meta property=\"og:image:width\" content=\"800\" \/>\n\t<meta property=\"og:image:height\" content=\"640\" \/>\n\t<meta property=\"og:image:type\" content=\"image\/jpeg\" \/>\n<meta name=\"twitter:card\" content=\"summary_large_image\" \/>\n<meta name=\"twitter:label1\" content=\"Est. reading time\" \/>\n\t<meta name=\"twitter:data1\" content=\"1 minut\u0117\" \/>\n<script type=\"application\/ld+json\" class=\"yoast-schema-graph\">{\"@context\":\"https:\\\/\\\/schema.org\",\"@graph\":[{\"@type\":\"WebPage\",\"@id\":\"https:\\\/\\\/www.biopapa.de\\\/lt\\\/producte\\\/ekologiska-ceremonine-macia-matcha-arbata-is-japonijos\\\/\",\"url\":\"https:\\\/\\\/www.biopapa.de\\\/lt\\\/producte\\\/ekologiska-ceremonine-macia-matcha-arbata-is-japonijos\\\/\",\"name\":\"Ekologi\u0161ka Ceremonin\u0117 ma\u010dia (matcha) arbata i\u0161 Japonijos - Biopapa\",\"isPartOf\":{\"@id\":\"https:\\\/\\\/www.biopapa.de\\\/lt\\\/#website\"},\"primaryImageOfPage\":{\"@id\":\"https:\\\/\\\/www.biopapa.de\\\/lt\\\/producte\\\/ekologiska-ceremonine-macia-matcha-arbata-is-japonijos\\\/#primaryimage\"},\"image\":{\"@id\":\"https:\\\/\\\/www.biopapa.de\\\/lt\\\/producte\\\/ekologiska-ceremonine-macia-matcha-arbata-is-japonijos\\\/#primaryimage\"},\"thumbnailUrl\":\"https:\\\/\\\/www.biopapa.de\\\/wp-content\\\/uploads\\\/2021\\\/10\\\/ceremonine-matcha.jpg\",\"datePublished\":\"2021-10-01T14:00:32+00:00\",\"dateModified\":\"2025-11-27T11:27:59+00:00\",\"description\":\"Ekologi\u0161ka Japoni\u0161ka Ceremonin\u0117 Ma\u010dia (Matcha) arbata \u2013 tai auk\u0161\u010diausios kokyb\u0117s \u017ealiosios arbatos milteliai, kurie naudojami japon\u0173 tradicin\u0117je arbatos ceremonijoje jau beveik t\u016bkstantmet\u012f.\",\"breadcrumb\":{\"@id\":\"https:\\\/\\\/www.biopapa.de\\\/lt\\\/producte\\\/ekologiska-ceremonine-macia-matcha-arbata-is-japonijos\\\/#breadcrumb\"},\"inLanguage\":\"lt-LT\",\"potentialAction\":[{\"@type\":\"ReadAction\",\"target\":[\"https:\\\/\\\/www.biopapa.de\\\/lt\\\/producte\\\/ekologiska-ceremonine-macia-matcha-arbata-is-japonijos\\\/\"]}]},{\"@type\":\"ImageObject\",\"inLanguage\":\"lt-LT\",\"@id\":\"https:\\\/\\\/www.biopapa.de\\\/lt\\\/producte\\\/ekologiska-ceremonine-macia-matcha-arbata-is-japonijos\\\/#primaryimage\",\"url\":\"https:\\\/\\\/www.biopapa.de\\\/wp-content\\\/uploads\\\/2021\\\/10\\\/ceremonine-matcha.jpg\",\"contentUrl\":\"https:\\\/\\\/www.biopapa.de\\\/wp-content\\\/uploads\\\/2021\\\/10\\\/ceremonine-matcha.jpg\",\"width\":800,\"height\":640,\"caption\":\"Ekologi\u0161ka Ceremonin\u0117 Matcha arbata i\u0161 Japonijos\"},{\"@type\":\"BreadcrumbList\",\"@id\":\"https:\\\/\\\/www.biopapa.de\\\/lt\\\/producte\\\/ekologiska-ceremonine-macia-matcha-arbata-is-japonijos\\\/#breadcrumb\",\"itemListElement\":[{\"@type\":\"ListItem\",\"position\":1,\"name\":\"Home\",\"item\":\"https:\\\/\\\/www.biopapa.de\\\/lt\\\/\"},{\"@type\":\"ListItem\",\"position\":2,\"name\":\"Parduotuv\u0117\",\"item\":\"https:\\\/\\\/www.biopapa.de\\\/parduotuve\\\/\"},{\"@type\":\"ListItem\",\"position\":3,\"name\":\"Ekologi\u0161ka Ceremonin\u0117 ma\u010dia (matcha) arbata i\u0161 Japonijos\"}]},{\"@type\":\"WebSite\",\"@id\":\"https:\\\/\\\/www.biopapa.de\\\/lt\\\/#website\",\"url\":\"https:\\\/\\\/www.biopapa.de\\\/lt\\\/\",\"name\":\"Biopapa\",\"description\":\"\u0160var\u016bs ekologi\u0161ki produktai\",\"publisher\":{\"@id\":\"https:\\\/\\\/www.biopapa.de\\\/lt\\\/#organization\"},\"potentialAction\":[{\"@type\":\"SearchAction\",\"target\":{\"@type\":\"EntryPoint\",\"urlTemplate\":\"https:\\\/\\\/www.biopapa.de\\\/lt\\\/?s={search_term_string}\"},\"query-input\":{\"@type\":\"PropertyValueSpecification\",\"valueRequired\":true,\"valueName\":\"search_term_string\"}}],\"inLanguage\":\"lt-LT\"},{\"@type\":\"Organization\",\"@id\":\"https:\\\/\\\/www.biopapa.de\\\/lt\\\/#organization\",\"name\":\"Biopapa\",\"url\":\"https:\\\/\\\/www.biopapa.de\\\/lt\\\/\",\"logo\":{\"@type\":\"ImageObject\",\"inLanguage\":\"lt-LT\",\"@id\":\"https:\\\/\\\/www.biopapa.de\\\/lt\\\/#\\\/schema\\\/logo\\\/image\\\/\",\"url\":\"https:\\\/\\\/www.biopapa.lt\\\/wp-content\\\/uploads\\\/2022\\\/04\\\/facebook_biopapa.jpg\",\"contentUrl\":\"https:\\\/\\\/www.biopapa.lt\\\/wp-content\\\/uploads\\\/2022\\\/04\\\/facebook_biopapa.jpg\",\"width\":1733,\"height\":907,\"caption\":\"Biopapa\"},\"image\":{\"@id\":\"https:\\\/\\\/www.biopapa.de\\\/lt\\\/#\\\/schema\\\/logo\\\/image\\\/\"},\"sameAs\":[\"https:\\\/\\\/www.facebook.com\\\/biopapa.lt\"]}]}<\/script>\n<!-- \/ Yoast SEO plugin. -->","yoast_head_json":{"title":"Ekologi\u0161ka Ceremonin\u0117 ma\u010dia (matcha) arbata i\u0161 Japonijos - Biopapa","description":"Ekologi\u0161ka Japoni\u0161ka Ceremonin\u0117 Ma\u010dia (Matcha) arbata \u2013 tai auk\u0161\u010diausios kokyb\u0117s \u017ealiosios arbatos milteliai, kurie naudojami japon\u0173 tradicin\u0117je arbatos ceremonijoje jau beveik t\u016bkstantmet\u012f.","robots":{"index":"index","follow":"follow","max-snippet":"max-snippet:-1","max-image-preview":"max-image-preview:large","max-video-preview":"max-video-preview:-1"},"canonical":"https:\/\/www.biopapa.de\/lt\/producte\/ekologiska-ceremonine-macia-matcha-arbata-is-japonijos\/","og_locale":"lt_LT","og_type":"article","og_title":"Ekologi\u0161ka Ceremonin\u0117 ma\u010dia (matcha) arbata i\u0161 Japonijos - Biopapa","og_description":"Ekologi\u0161ka Japoni\u0161ka Ceremonin\u0117 Ma\u010dia (Matcha) arbata \u2013 tai auk\u0161\u010diausios kokyb\u0117s \u017ealiosios arbatos milteliai, kurie naudojami japon\u0173 tradicin\u0117je arbatos ceremonijoje jau beveik t\u016bkstantmet\u012f.","og_url":"https:\/\/www.biopapa.de\/lt\/producte\/ekologiska-ceremonine-macia-matcha-arbata-is-japonijos\/","og_site_name":"Biopapa","article_publisher":"https:\/\/www.facebook.com\/biopapa.lt","article_modified_time":"2025-11-27T11:27:59+00:00","og_image":[{"width":800,"height":640,"url":"https:\/\/www.biopapa.de\/wp-content\/uploads\/2021\/10\/ceremonine-matcha.jpg","type":"image\/jpeg"}],"twitter_card":"summary_large_image","twitter_misc":{"Est. reading time":"1 minut\u0117"},"schema":{"@context":"https:\/\/schema.org","@graph":[{"@type":"WebPage","@id":"https:\/\/www.biopapa.de\/lt\/producte\/ekologiska-ceremonine-macia-matcha-arbata-is-japonijos\/","url":"https:\/\/www.biopapa.de\/lt\/producte\/ekologiska-ceremonine-macia-matcha-arbata-is-japonijos\/","name":"Ekologi\u0161ka Ceremonin\u0117 ma\u010dia (matcha) arbata i\u0161 Japonijos - Biopapa","isPartOf":{"@id":"https:\/\/www.biopapa.de\/lt\/#website"},"primaryImageOfPage":{"@id":"https:\/\/www.biopapa.de\/lt\/producte\/ekologiska-ceremonine-macia-matcha-arbata-is-japonijos\/#primaryimage"},"image":{"@id":"https:\/\/www.biopapa.de\/lt\/producte\/ekologiska-ceremonine-macia-matcha-arbata-is-japonijos\/#primaryimage"},"thumbnailUrl":"https:\/\/www.biopapa.de\/wp-content\/uploads\/2021\/10\/ceremonine-matcha.jpg","datePublished":"2021-10-01T14:00:32+00:00","dateModified":"2025-11-27T11:27:59+00:00","description":"Ekologi\u0161ka Japoni\u0161ka Ceremonin\u0117 Ma\u010dia (Matcha) arbata \u2013 tai auk\u0161\u010diausios kokyb\u0117s \u017ealiosios arbatos milteliai, kurie naudojami japon\u0173 tradicin\u0117je arbatos ceremonijoje jau beveik t\u016bkstantmet\u012f.","breadcrumb":{"@id":"https:\/\/www.biopapa.de\/lt\/producte\/ekologiska-ceremonine-macia-matcha-arbata-is-japonijos\/#breadcrumb"},"inLanguage":"lt-LT","potentialAction":[{"@type":"ReadAction","target":["https:\/\/www.biopapa.de\/lt\/producte\/ekologiska-ceremonine-macia-matcha-arbata-is-japonijos\/"]}]},{"@type":"ImageObject","inLanguage":"lt-LT","@id":"https:\/\/www.biopapa.de\/lt\/producte\/ekologiska-ceremonine-macia-matcha-arbata-is-japonijos\/#primaryimage","url":"https:\/\/www.biopapa.de\/wp-content\/uploads\/2021\/10\/ceremonine-matcha.jpg","contentUrl":"https:\/\/www.biopapa.de\/wp-content\/uploads\/2021\/10\/ceremonine-matcha.jpg","width":800,"height":640,"caption":"Ekologi\u0161ka Ceremonin\u0117 Matcha arbata i\u0161 Japonijos"},{"@type":"BreadcrumbList","@id":"https:\/\/www.biopapa.de\/lt\/producte\/ekologiska-ceremonine-macia-matcha-arbata-is-japonijos\/#breadcrumb","itemListElement":[{"@type":"ListItem","position":1,"name":"Home","item":"https:\/\/www.biopapa.de\/lt\/"},{"@type":"ListItem","position":2,"name":"Parduotuv\u0117","item":"https:\/\/www.biopapa.de\/parduotuve\/"},{"@type":"ListItem","position":3,"name":"Ekologi\u0161ka Ceremonin\u0117 ma\u010dia (matcha) arbata i\u0161 Japonijos"}]},{"@type":"WebSite","@id":"https:\/\/www.biopapa.de\/lt\/#website","url":"https:\/\/www.biopapa.de\/lt\/","name":"Biopapa","description":"\u0160var\u016bs ekologi\u0161ki produktai","publisher":{"@id":"https:\/\/www.biopapa.de\/lt\/#organization"},"potentialAction":[{"@type":"SearchAction","target":{"@type":"EntryPoint","urlTemplate":"https:\/\/www.biopapa.de\/lt\/?s={search_term_string}"},"query-input":{"@type":"PropertyValueSpecification","valueRequired":true,"valueName":"search_term_string"}}],"inLanguage":"lt-LT"},{"@type":"Organization","@id":"https:\/\/www.biopapa.de\/lt\/#organization","name":"Biopapa","url":"https:\/\/www.biopapa.de\/lt\/","logo":{"@type":"ImageObject","inLanguage":"lt-LT","@id":"https:\/\/www.biopapa.de\/lt\/#\/schema\/logo\/image\/","url":"https:\/\/www.biopapa.lt\/wp-content\/uploads\/2022\/04\/facebook_biopapa.jpg","contentUrl":"https:\/\/www.biopapa.lt\/wp-content\/uploads\/2022\/04\/facebook_biopapa.jpg","width":1733,"height":907,"caption":"Biopapa"},"image":{"@id":"https:\/\/www.biopapa.de\/lt\/#\/schema\/logo\/image\/"},"sameAs":["https:\/\/www.facebook.com\/biopapa.lt"]}]}},"_links":{"self":[{"href":"https:\/\/www.biopapa.de\/lt\/wp-json\/wp\/v2\/product\/15369","targetHints":{"allow":["GET"]}}],"collection":[{"href":"https:\/\/www.biopapa.de\/lt\/wp-json\/wp\/v2\/product"}],"about":[{"href":"https:\/\/www.biopapa.de\/lt\/wp-json\/wp\/v2\/types\/product"}],"wp:featuredmedia":[{"embeddable":true,"href":"https:\/\/www.biopapa.de\/lt\/wp-json\/wp\/v2\/media\/18730"}],"wp:attachment":[{"href":"https:\/\/www.biopapa.de\/lt\/wp-json\/wp\/v2\/media?parent=15369"}],"wp:term":[{"taxonomy":"product_brand","embeddable":true,"href":"https:\/\/www.biopapa.de\/lt\/wp-json\/wp\/v2\/product_brand?post=15369"},{"taxonomy":"product_cat","embeddable":true,"href":"https:\/\/www.biopapa.de\/lt\/wp-json\/wp\/v2\/product_cat?post=15369"},{"taxonomy":"product_tag","embeddable":true,"href":"https:\/\/www.biopapa.de\/lt\/wp-json\/wp\/v2\/product_tag?post=15369"}],"curies":[{"name":"wp","href":"https:\/\/api.w.org\/{rel}","templated":true}]}}