{"id":15377,"date":"2021-10-01T17:04:38","date_gmt":"2021-10-01T14:04:38","guid":{"rendered":"https:\/\/www.biopapa.lt\/?post_type=product&#038;p=15377"},"modified":"2025-11-24T18:26:57","modified_gmt":"2025-11-24T16:26:57","slug":"ekologiski-chlorellos-milteliai","status":"publish","type":"product","link":"https:\/\/www.biopapa.de\/lt\/producte\/ekologiski-chlorellos-milteliai\/","title":{"rendered":"Ekologi\u0161ki chlorellos milteliai"},"content":{"rendered":"<p>Chlorella vulgaris\u00a0\u2013 vienal\u0105stis m\u0117lynai \u017ealias dumblis \u2013 yra gaunamas i\u0161 salos Piet\u0173 Kinijos j\u016broje. Chlorella auginama filtruotame nat\u016braliame vandenyje, laikantis grie\u017etos kontrol\u0117s. Turtinga organin\u0117mis med\u017eiagomis, Chlorella yra populiarus pagrindas detoksikacijos programoms. \u0160is dumblis yra gausus svarbi\u0173 vitamin\u0173 (A, B) ir mineral\u0173, toki\u0173 kaip kalcis, gele\u017eis, fosforas ir kalis. Chlorellos l\u0105stel\u0117 yra apsaugota tvirta sienele, kuri yra sumalama, kad maistin\u0117s med\u017eiagos tapt\u0173 labiau biologi\u0161kai prieinamos.<br \/>\nChlorelos miltelius galima mai\u0161yti \u012f kokteilius, sultis arba vanden\u012f \u2013 prad\u0117kite nuo \u00bd iki 1 arbatinio \u0161auk\u0161telio per dien\u0105. Taip pat galima pabarstyti ant salot\u0173 ar d\u0117ti \u012f sveikus u\u017ekand\u017eius, pavyzd\u017eiui, energijos rutuliukus. Geriausia vartoti tu\u0161\u010diu skrand\u017eiu ir vengti tuo pa\u010diu metu vartoti daug kalcio turin\u010di\u0173 produkt\u0173, nes tai gali suma\u017einti maistini\u0173 med\u017eiag\u0173 pasisavinim\u0105.<\/p>\n<p>Rekomenduojama paros norma iki 15 g per dien\u0105. Prad\u0117kite nuo ma\u017eesn\u0117s doz\u0117s.<\/p>\n<p>D\u0117mesio:<br \/>\nGalimi \u0161alutiniai poveikiai yra lengvi vir\u0161kinimo sutrikimai, tokie kaip pilvo p\u016btimas, duj\u0173 kaupimasis ar pilvo spazmai, ypa\u010d prad\u0117jus vartoti produkt\u0105, kol organizmas prisitaiko prie didelio skaidul\u0173 kiekio.<\/p>\n<p><em>PASTABA. \u010cia pateikta informacija negali b\u016bti interpretuojama kaip gydymo ar kitokio pob\u016bd\u017eio sveikatos klausim\u0173 sprendimo rekomendacija.<\/em><br \/>\n<em>Raginame sprendimus, susijusius su asmenine sveikata, priimti asmeni\u0161kai, \u012fvertinus \u012fvairius informacijos \u0161altinius.<\/em><\/p>\n","protected":false},"excerpt":{"rendered":"<p>Chlorella vulgaris\u00a0\u2013 vienal\u0105stis m\u0117lynai \u017ealias dumblis \u2013 yra gaunamas i\u0161 salos Piet\u0173 Kinijos j\u016broje. Chlorella auginama filtruotame nat\u016braliame vandenyje, laikantis<\/p>\n","protected":false},"featured_media":16028,"template":"","meta":{"_acf_changed":false},"product_brand":[],"product_cat":[1216,2349],"product_tag":[1433,1380,1378],"class_list":{"0":"post-15377","1":"product","2":"type-product","3":"status-publish","4":"has-post-thumbnail","6":"product_cat-augalinis-supermaistas","7":"product_cat-milteliai","8":"product_tag-baltymu-saltinis","9":"product_tag-keto-mityba","10":"product_tag-veganams","11":"pa_svoris-1-kg","12":"pa_svoris-100-g","13":"pa_svoris-200-g","14":"pa_svoris-25-kg","15":"pa_svoris-300-g","16":"pa_svoris-400-g","17":"pa_svoris-50-g","18":"pa_svoris-500-g","20":"first","21":"instock","22":"shipping-taxable","23":"purchasable","24":"product-type-variable"},"acf":[],"yoast_head":"<!-- This site is optimized with the Yoast SEO plugin v27.4 - https:\/\/yoast.com\/product\/yoast-seo-wordpress\/ -->\n<title>Ekologi\u0161ki chlorellos milteliai - Biopapa<\/title>\n<meta name=\"description\" content=\"Chlorella vulgaris\u00a0\u2013 vienal\u0105stis m\u0117lynai \u017ealias dumblis \u2013 yra gaunamas i\u0161 salos Piet\u0173 Kinijos j\u016broje.\" \/>\n<meta name=\"robots\" content=\"index, follow, max-snippet:-1, max-image-preview:large, max-video-preview:-1\" \/>\n<link rel=\"canonical\" href=\"https:\/\/www.biopapa.de\/lt\/producte\/ekologiski-chlorellos-milteliai\/\" \/>\n<meta property=\"og:locale\" content=\"lt_LT\" \/>\n<meta property=\"og:type\" content=\"article\" \/>\n<meta property=\"og:title\" content=\"Ekologi\u0161ki chlorellos milteliai - Biopapa\" \/>\n<meta property=\"og:description\" content=\"Chlorella vulgaris\u00a0\u2013 vienal\u0105stis m\u0117lynai \u017ealias dumblis \u2013 yra gaunamas i\u0161 salos Piet\u0173 Kinijos j\u016broje.\" \/>\n<meta property=\"og:url\" content=\"https:\/\/www.biopapa.de\/lt\/producte\/ekologiski-chlorellos-milteliai\/\" \/>\n<meta property=\"og:site_name\" content=\"Biopapa\" \/>\n<meta property=\"article:publisher\" content=\"https:\/\/www.facebook.com\/biopapa.lt\" \/>\n<meta property=\"article:modified_time\" content=\"2025-11-24T16:26:57+00:00\" \/>\n<meta property=\"og:image\" content=\"https:\/\/www.biopapa.de\/wp-content\/uploads\/2021\/10\/Ekologiski-chlorellos-milteliai.jpg\" \/>\n\t<meta property=\"og:image:width\" content=\"800\" \/>\n\t<meta property=\"og:image:height\" content=\"640\" \/>\n\t<meta property=\"og:image:type\" content=\"image\/jpeg\" \/>\n<meta name=\"twitter:card\" content=\"summary_large_image\" \/>\n<meta name=\"twitter:label1\" content=\"Est. reading time\" \/>\n\t<meta name=\"twitter:data1\" content=\"2 minut\u0117s\" \/>\n<script type=\"application\/ld+json\" class=\"yoast-schema-graph\">{\"@context\":\"https:\\\/\\\/schema.org\",\"@graph\":[{\"@type\":\"WebPage\",\"@id\":\"https:\\\/\\\/www.biopapa.de\\\/lt\\\/producte\\\/ekologiski-chlorellos-milteliai\\\/\",\"url\":\"https:\\\/\\\/www.biopapa.de\\\/lt\\\/producte\\\/ekologiski-chlorellos-milteliai\\\/\",\"name\":\"Ekologi\u0161ki chlorellos milteliai - Biopapa\",\"isPartOf\":{\"@id\":\"https:\\\/\\\/www.biopapa.de\\\/lt\\\/#website\"},\"primaryImageOfPage\":{\"@id\":\"https:\\\/\\\/www.biopapa.de\\\/lt\\\/producte\\\/ekologiski-chlorellos-milteliai\\\/#primaryimage\"},\"image\":{\"@id\":\"https:\\\/\\\/www.biopapa.de\\\/lt\\\/producte\\\/ekologiski-chlorellos-milteliai\\\/#primaryimage\"},\"thumbnailUrl\":\"https:\\\/\\\/www.biopapa.de\\\/wp-content\\\/uploads\\\/2021\\\/10\\\/Ekologiski-chlorellos-milteliai.jpg\",\"datePublished\":\"2021-10-01T14:04:38+00:00\",\"dateModified\":\"2025-11-24T16:26:57+00:00\",\"description\":\"Chlorella vulgaris\u00a0\u2013 vienal\u0105stis m\u0117lynai \u017ealias dumblis \u2013 yra gaunamas i\u0161 salos Piet\u0173 Kinijos j\u016broje.\",\"breadcrumb\":{\"@id\":\"https:\\\/\\\/www.biopapa.de\\\/lt\\\/producte\\\/ekologiski-chlorellos-milteliai\\\/#breadcrumb\"},\"inLanguage\":\"lt-LT\",\"potentialAction\":[{\"@type\":\"ReadAction\",\"target\":[\"https:\\\/\\\/www.biopapa.de\\\/lt\\\/producte\\\/ekologiski-chlorellos-milteliai\\\/\"]}]},{\"@type\":\"ImageObject\",\"inLanguage\":\"lt-LT\",\"@id\":\"https:\\\/\\\/www.biopapa.de\\\/lt\\\/producte\\\/ekologiski-chlorellos-milteliai\\\/#primaryimage\",\"url\":\"https:\\\/\\\/www.biopapa.de\\\/wp-content\\\/uploads\\\/2021\\\/10\\\/Ekologiski-chlorellos-milteliai.jpg\",\"contentUrl\":\"https:\\\/\\\/www.biopapa.de\\\/wp-content\\\/uploads\\\/2021\\\/10\\\/Ekologiski-chlorellos-milteliai.jpg\",\"width\":800,\"height\":640,\"caption\":\"Ekologi\u0161ki chlorellos milteliai\"},{\"@type\":\"BreadcrumbList\",\"@id\":\"https:\\\/\\\/www.biopapa.de\\\/lt\\\/producte\\\/ekologiski-chlorellos-milteliai\\\/#breadcrumb\",\"itemListElement\":[{\"@type\":\"ListItem\",\"position\":1,\"name\":\"Home\",\"item\":\"https:\\\/\\\/www.biopapa.de\\\/lt\\\/\"},{\"@type\":\"ListItem\",\"position\":2,\"name\":\"Parduotuv\u0117\",\"item\":\"https:\\\/\\\/www.biopapa.de\\\/parduotuve\\\/\"},{\"@type\":\"ListItem\",\"position\":3,\"name\":\"Ekologi\u0161ki chlorellos milteliai\"}]},{\"@type\":\"WebSite\",\"@id\":\"https:\\\/\\\/www.biopapa.de\\\/lt\\\/#website\",\"url\":\"https:\\\/\\\/www.biopapa.de\\\/lt\\\/\",\"name\":\"Biopapa\",\"description\":\"\u0160var\u016bs ekologi\u0161ki produktai\",\"publisher\":{\"@id\":\"https:\\\/\\\/www.biopapa.de\\\/lt\\\/#organization\"},\"potentialAction\":[{\"@type\":\"SearchAction\",\"target\":{\"@type\":\"EntryPoint\",\"urlTemplate\":\"https:\\\/\\\/www.biopapa.de\\\/lt\\\/?s={search_term_string}\"},\"query-input\":{\"@type\":\"PropertyValueSpecification\",\"valueRequired\":true,\"valueName\":\"search_term_string\"}}],\"inLanguage\":\"lt-LT\"},{\"@type\":\"Organization\",\"@id\":\"https:\\\/\\\/www.biopapa.de\\\/lt\\\/#organization\",\"name\":\"Biopapa\",\"url\":\"https:\\\/\\\/www.biopapa.de\\\/lt\\\/\",\"logo\":{\"@type\":\"ImageObject\",\"inLanguage\":\"lt-LT\",\"@id\":\"https:\\\/\\\/www.biopapa.de\\\/lt\\\/#\\\/schema\\\/logo\\\/image\\\/\",\"url\":\"https:\\\/\\\/www.biopapa.lt\\\/wp-content\\\/uploads\\\/2022\\\/04\\\/facebook_biopapa.jpg\",\"contentUrl\":\"https:\\\/\\\/www.biopapa.lt\\\/wp-content\\\/uploads\\\/2022\\\/04\\\/facebook_biopapa.jpg\",\"width\":1733,\"height\":907,\"caption\":\"Biopapa\"},\"image\":{\"@id\":\"https:\\\/\\\/www.biopapa.de\\\/lt\\\/#\\\/schema\\\/logo\\\/image\\\/\"},\"sameAs\":[\"https:\\\/\\\/www.facebook.com\\\/biopapa.lt\"]}]}<\/script>\n<!-- \/ Yoast SEO plugin. -->","yoast_head_json":{"title":"Ekologi\u0161ki chlorellos milteliai - Biopapa","description":"Chlorella vulgaris\u00a0\u2013 vienal\u0105stis m\u0117lynai \u017ealias dumblis \u2013 yra gaunamas i\u0161 salos Piet\u0173 Kinijos j\u016broje.","robots":{"index":"index","follow":"follow","max-snippet":"max-snippet:-1","max-image-preview":"max-image-preview:large","max-video-preview":"max-video-preview:-1"},"canonical":"https:\/\/www.biopapa.de\/lt\/producte\/ekologiski-chlorellos-milteliai\/","og_locale":"lt_LT","og_type":"article","og_title":"Ekologi\u0161ki chlorellos milteliai - Biopapa","og_description":"Chlorella vulgaris\u00a0\u2013 vienal\u0105stis m\u0117lynai \u017ealias dumblis \u2013 yra gaunamas i\u0161 salos Piet\u0173 Kinijos j\u016broje.","og_url":"https:\/\/www.biopapa.de\/lt\/producte\/ekologiski-chlorellos-milteliai\/","og_site_name":"Biopapa","article_publisher":"https:\/\/www.facebook.com\/biopapa.lt","article_modified_time":"2025-11-24T16:26:57+00:00","og_image":[{"width":800,"height":640,"url":"https:\/\/www.biopapa.de\/wp-content\/uploads\/2021\/10\/Ekologiski-chlorellos-milteliai.jpg","type":"image\/jpeg"}],"twitter_card":"summary_large_image","twitter_misc":{"Est. reading time":"2 minut\u0117s"},"schema":{"@context":"https:\/\/schema.org","@graph":[{"@type":"WebPage","@id":"https:\/\/www.biopapa.de\/lt\/producte\/ekologiski-chlorellos-milteliai\/","url":"https:\/\/www.biopapa.de\/lt\/producte\/ekologiski-chlorellos-milteliai\/","name":"Ekologi\u0161ki chlorellos milteliai - Biopapa","isPartOf":{"@id":"https:\/\/www.biopapa.de\/lt\/#website"},"primaryImageOfPage":{"@id":"https:\/\/www.biopapa.de\/lt\/producte\/ekologiski-chlorellos-milteliai\/#primaryimage"},"image":{"@id":"https:\/\/www.biopapa.de\/lt\/producte\/ekologiski-chlorellos-milteliai\/#primaryimage"},"thumbnailUrl":"https:\/\/www.biopapa.de\/wp-content\/uploads\/2021\/10\/Ekologiski-chlorellos-milteliai.jpg","datePublished":"2021-10-01T14:04:38+00:00","dateModified":"2025-11-24T16:26:57+00:00","description":"Chlorella vulgaris\u00a0\u2013 vienal\u0105stis m\u0117lynai \u017ealias dumblis \u2013 yra gaunamas i\u0161 salos Piet\u0173 Kinijos j\u016broje.","breadcrumb":{"@id":"https:\/\/www.biopapa.de\/lt\/producte\/ekologiski-chlorellos-milteliai\/#breadcrumb"},"inLanguage":"lt-LT","potentialAction":[{"@type":"ReadAction","target":["https:\/\/www.biopapa.de\/lt\/producte\/ekologiski-chlorellos-milteliai\/"]}]},{"@type":"ImageObject","inLanguage":"lt-LT","@id":"https:\/\/www.biopapa.de\/lt\/producte\/ekologiski-chlorellos-milteliai\/#primaryimage","url":"https:\/\/www.biopapa.de\/wp-content\/uploads\/2021\/10\/Ekologiski-chlorellos-milteliai.jpg","contentUrl":"https:\/\/www.biopapa.de\/wp-content\/uploads\/2021\/10\/Ekologiski-chlorellos-milteliai.jpg","width":800,"height":640,"caption":"Ekologi\u0161ki chlorellos milteliai"},{"@type":"BreadcrumbList","@id":"https:\/\/www.biopapa.de\/lt\/producte\/ekologiski-chlorellos-milteliai\/#breadcrumb","itemListElement":[{"@type":"ListItem","position":1,"name":"Home","item":"https:\/\/www.biopapa.de\/lt\/"},{"@type":"ListItem","position":2,"name":"Parduotuv\u0117","item":"https:\/\/www.biopapa.de\/parduotuve\/"},{"@type":"ListItem","position":3,"name":"Ekologi\u0161ki chlorellos milteliai"}]},{"@type":"WebSite","@id":"https:\/\/www.biopapa.de\/lt\/#website","url":"https:\/\/www.biopapa.de\/lt\/","name":"Biopapa","description":"\u0160var\u016bs ekologi\u0161ki produktai","publisher":{"@id":"https:\/\/www.biopapa.de\/lt\/#organization"},"potentialAction":[{"@type":"SearchAction","target":{"@type":"EntryPoint","urlTemplate":"https:\/\/www.biopapa.de\/lt\/?s={search_term_string}"},"query-input":{"@type":"PropertyValueSpecification","valueRequired":true,"valueName":"search_term_string"}}],"inLanguage":"lt-LT"},{"@type":"Organization","@id":"https:\/\/www.biopapa.de\/lt\/#organization","name":"Biopapa","url":"https:\/\/www.biopapa.de\/lt\/","logo":{"@type":"ImageObject","inLanguage":"lt-LT","@id":"https:\/\/www.biopapa.de\/lt\/#\/schema\/logo\/image\/","url":"https:\/\/www.biopapa.lt\/wp-content\/uploads\/2022\/04\/facebook_biopapa.jpg","contentUrl":"https:\/\/www.biopapa.lt\/wp-content\/uploads\/2022\/04\/facebook_biopapa.jpg","width":1733,"height":907,"caption":"Biopapa"},"image":{"@id":"https:\/\/www.biopapa.de\/lt\/#\/schema\/logo\/image\/"},"sameAs":["https:\/\/www.facebook.com\/biopapa.lt"]}]}},"_links":{"self":[{"href":"https:\/\/www.biopapa.de\/lt\/wp-json\/wp\/v2\/product\/15377","targetHints":{"allow":["GET"]}}],"collection":[{"href":"https:\/\/www.biopapa.de\/lt\/wp-json\/wp\/v2\/product"}],"about":[{"href":"https:\/\/www.biopapa.de\/lt\/wp-json\/wp\/v2\/types\/product"}],"wp:featuredmedia":[{"embeddable":true,"href":"https:\/\/www.biopapa.de\/lt\/wp-json\/wp\/v2\/media\/16028"}],"wp:attachment":[{"href":"https:\/\/www.biopapa.de\/lt\/wp-json\/wp\/v2\/media?parent=15377"}],"wp:term":[{"taxonomy":"product_brand","embeddable":true,"href":"https:\/\/www.biopapa.de\/lt\/wp-json\/wp\/v2\/product_brand?post=15377"},{"taxonomy":"product_cat","embeddable":true,"href":"https:\/\/www.biopapa.de\/lt\/wp-json\/wp\/v2\/product_cat?post=15377"},{"taxonomy":"product_tag","embeddable":true,"href":"https:\/\/www.biopapa.de\/lt\/wp-json\/wp\/v2\/product_tag?post=15377"}],"curies":[{"name":"wp","href":"https:\/\/api.w.org\/{rel}","templated":true}]}}