{"id":15384,"date":"2021-10-01T17:07:24","date_gmt":"2021-10-01T14:07:24","guid":{"rendered":"https:\/\/www.biopapa.lt\/?post_type=product&#038;p=15384"},"modified":"2026-03-25T12:16:52","modified_gmt":"2026-03-25T10:16:52","slug":"ekologiski-kvieciu-zelmenu-milteliai","status":"publish","type":"product","link":"https:\/\/www.biopapa.de\/lt\/producte\/ekologiski-kvieciu-zelmenu-milteliai\/","title":{"rendered":"Ekologi\u0161ki kvie\u010di\u0173 \u017eelmen\u0173 milteliai"},"content":{"rendered":"<p>\u0160ie milteliai yra jaun\u0173 kvie\u010di\u0173 \u017eelmenys, nupjauti tuomet, kai maisting\u0173j\u0173 med\u017eiag\u0173 lygis b\u016bna maksimalus. Turi ypatingai daug skaidulini\u0173 med\u017eiag\u0173 ir baltym\u0173.<\/p>\n<p>Paruo\u0161imas: sumai\u0161ykite 1 valg. \u0161auk\u0161t\u0105 su m\u0117gstamu augaliniu g\u0117rimu, jogurtu, sultimis ar gardinkite m\u0117gstam\u0105 desert\u0105, salotas, sausus pusry\u010dius. Gamintojas rekomenduoja vartoti 2-3 \u0161auk\u0161tus per dien\u0105. Po kiekvieno naudojimo sandariai u\u017edarykite pakuot\u0119. Laikyti sausoje, tamsioje vietoje.<\/p>\n<p><em>PASTABA.\u00a0\u010cia pateikta informacija negali b\u016bti interpretuojama kaip gydymo ar kitokio pob\u016bd\u017eio sveikatos klausim\u0173 sprendimo rekomendacija.<\/em><br \/>\n<em>Raginame sprendimus, susijusius su asmenine sveikata, priimti asmeni\u0161kai, \u012fvertinus \u012fvairius informacijos \u0161altinius.<\/em><\/p>\n","protected":false},"excerpt":{"rendered":"<p>\u0160ie milteliai yra jaun\u0173 kvie\u010di\u0173 \u017eelmenys, nupjauti tuomet, kai maisting\u0173j\u0173 med\u017eiag\u0173 lygis b\u016bna maksimalus. Turi ypatingai daug skaidulini\u0173 med\u017eiag\u0173 ir<\/p>\n","protected":false},"featured_media":16025,"template":"","meta":{"_acf_changed":false},"product_brand":[],"product_cat":[1216,2349],"product_tag":[1433,1378],"class_list":{"0":"post-15384","1":"product","2":"type-product","3":"status-publish","4":"has-post-thumbnail","6":"product_cat-augalinis-supermaistas","7":"product_cat-milteliai","8":"product_tag-baltymu-saltinis","9":"product_tag-veganams","10":"pa_svoris-1-kg","11":"pa_svoris-100-g","12":"pa_svoris-20-kg","13":"pa_svoris-200-g","14":"pa_svoris-300-g","15":"pa_svoris-400-g","16":"pa_svoris-50-g","17":"pa_svoris-500-g","19":"first","20":"instock","21":"shipping-taxable","22":"purchasable","23":"product-type-variable"},"acf":[],"yoast_head":"<!-- This site is optimized with the Yoast SEO plugin v27.5 - https:\/\/yoast.com\/product\/yoast-seo-wordpress\/ -->\n<title>Ekologi\u0161ki kvie\u010di\u0173 \u017eelmen\u0173 milteliai - Biopapa<\/title>\n<meta name=\"description\" content=\"\u0160ie milteliai yra jaun\u0173 kvie\u010di\u0173 \u017eelmenys, nupjauti tuomet, kai maisting\u0173j\u0173 med\u017eiag\u0173 lygis b\u016bna maksimalus. Turi ypatingai daug skaidulini\u0173 med\u017eiag\u0173 ir baltym\u0173.\" \/>\n<meta name=\"robots\" content=\"index, follow, max-snippet:-1, max-image-preview:large, max-video-preview:-1\" \/>\n<link rel=\"canonical\" href=\"https:\/\/www.biopapa.de\/lt\/producte\/ekologiski-kvieciu-zelmenu-milteliai\/\" \/>\n<meta property=\"og:locale\" content=\"lt_LT\" \/>\n<meta property=\"og:type\" content=\"article\" \/>\n<meta property=\"og:title\" content=\"Ekologi\u0161ki kvie\u010di\u0173 \u017eelmen\u0173 milteliai - Biopapa\" \/>\n<meta property=\"og:description\" content=\"\u0160ie milteliai yra jaun\u0173 kvie\u010di\u0173 \u017eelmenys, nupjauti tuomet, kai maisting\u0173j\u0173 med\u017eiag\u0173 lygis b\u016bna maksimalus. Turi ypatingai daug skaidulini\u0173 med\u017eiag\u0173 ir baltym\u0173.\" \/>\n<meta property=\"og:url\" content=\"https:\/\/www.biopapa.de\/lt\/producte\/ekologiski-kvieciu-zelmenu-milteliai\/\" \/>\n<meta property=\"og:site_name\" content=\"Biopapa\" \/>\n<meta property=\"article:publisher\" content=\"https:\/\/www.facebook.com\/biopapa.lt\" \/>\n<meta property=\"article:modified_time\" content=\"2026-03-25T10:16:52+00:00\" \/>\n<meta property=\"og:image\" content=\"https:\/\/www.biopapa.de\/wp-content\/uploads\/2021\/10\/Ekologiski-kvieciu-zelmenu-milteliai.jpg\" \/>\n\t<meta property=\"og:image:width\" content=\"800\" \/>\n\t<meta property=\"og:image:height\" content=\"640\" \/>\n\t<meta property=\"og:image:type\" content=\"image\/jpeg\" \/>\n<meta name=\"twitter:card\" content=\"summary_large_image\" \/>\n<meta name=\"twitter:label1\" content=\"Est. reading time\" \/>\n\t<meta name=\"twitter:data1\" content=\"1 minut\u0117\" \/>\n<script type=\"application\/ld+json\" class=\"yoast-schema-graph\">{\"@context\":\"https:\\\/\\\/schema.org\",\"@graph\":[{\"@type\":\"WebPage\",\"@id\":\"https:\\\/\\\/www.biopapa.de\\\/lt\\\/producte\\\/ekologiski-kvieciu-zelmenu-milteliai\\\/\",\"url\":\"https:\\\/\\\/www.biopapa.de\\\/lt\\\/producte\\\/ekologiski-kvieciu-zelmenu-milteliai\\\/\",\"name\":\"Ekologi\u0161ki kvie\u010di\u0173 \u017eelmen\u0173 milteliai - Biopapa\",\"isPartOf\":{\"@id\":\"https:\\\/\\\/www.biopapa.de\\\/lt\\\/#website\"},\"primaryImageOfPage\":{\"@id\":\"https:\\\/\\\/www.biopapa.de\\\/lt\\\/producte\\\/ekologiski-kvieciu-zelmenu-milteliai\\\/#primaryimage\"},\"image\":{\"@id\":\"https:\\\/\\\/www.biopapa.de\\\/lt\\\/producte\\\/ekologiski-kvieciu-zelmenu-milteliai\\\/#primaryimage\"},\"thumbnailUrl\":\"https:\\\/\\\/www.biopapa.de\\\/wp-content\\\/uploads\\\/2021\\\/10\\\/Ekologiski-kvieciu-zelmenu-milteliai.jpg\",\"datePublished\":\"2021-10-01T14:07:24+00:00\",\"dateModified\":\"2026-03-25T10:16:52+00:00\",\"description\":\"\u0160ie milteliai yra jaun\u0173 kvie\u010di\u0173 \u017eelmenys, nupjauti tuomet, kai maisting\u0173j\u0173 med\u017eiag\u0173 lygis b\u016bna maksimalus. Turi ypatingai daug skaidulini\u0173 med\u017eiag\u0173 ir baltym\u0173.\",\"breadcrumb\":{\"@id\":\"https:\\\/\\\/www.biopapa.de\\\/lt\\\/producte\\\/ekologiski-kvieciu-zelmenu-milteliai\\\/#breadcrumb\"},\"inLanguage\":\"lt-LT\",\"potentialAction\":[{\"@type\":\"ReadAction\",\"target\":[\"https:\\\/\\\/www.biopapa.de\\\/lt\\\/producte\\\/ekologiski-kvieciu-zelmenu-milteliai\\\/\"]}]},{\"@type\":\"ImageObject\",\"inLanguage\":\"lt-LT\",\"@id\":\"https:\\\/\\\/www.biopapa.de\\\/lt\\\/producte\\\/ekologiski-kvieciu-zelmenu-milteliai\\\/#primaryimage\",\"url\":\"https:\\\/\\\/www.biopapa.de\\\/wp-content\\\/uploads\\\/2021\\\/10\\\/Ekologiski-kvieciu-zelmenu-milteliai.jpg\",\"contentUrl\":\"https:\\\/\\\/www.biopapa.de\\\/wp-content\\\/uploads\\\/2021\\\/10\\\/Ekologiski-kvieciu-zelmenu-milteliai.jpg\",\"width\":800,\"height\":640,\"caption\":\"Ekologi\u0161ki kvie\u010di\u0173 \u017eelmen\u0173 milteliai\"},{\"@type\":\"BreadcrumbList\",\"@id\":\"https:\\\/\\\/www.biopapa.de\\\/lt\\\/producte\\\/ekologiski-kvieciu-zelmenu-milteliai\\\/#breadcrumb\",\"itemListElement\":[{\"@type\":\"ListItem\",\"position\":1,\"name\":\"Home\",\"item\":\"https:\\\/\\\/www.biopapa.de\\\/lt\\\/\"},{\"@type\":\"ListItem\",\"position\":2,\"name\":\"Parduotuv\u0117\",\"item\":\"https:\\\/\\\/www.biopapa.de\\\/parduotuve\\\/\"},{\"@type\":\"ListItem\",\"position\":3,\"name\":\"Ekologi\u0161ki kvie\u010di\u0173 \u017eelmen\u0173 milteliai\"}]},{\"@type\":\"WebSite\",\"@id\":\"https:\\\/\\\/www.biopapa.de\\\/lt\\\/#website\",\"url\":\"https:\\\/\\\/www.biopapa.de\\\/lt\\\/\",\"name\":\"Biopapa\",\"description\":\"\u0160var\u016bs ekologi\u0161ki produktai\",\"publisher\":{\"@id\":\"https:\\\/\\\/www.biopapa.de\\\/lt\\\/#organization\"},\"potentialAction\":[{\"@type\":\"SearchAction\",\"target\":{\"@type\":\"EntryPoint\",\"urlTemplate\":\"https:\\\/\\\/www.biopapa.de\\\/lt\\\/?s={search_term_string}\"},\"query-input\":{\"@type\":\"PropertyValueSpecification\",\"valueRequired\":true,\"valueName\":\"search_term_string\"}}],\"inLanguage\":\"lt-LT\"},{\"@type\":\"Organization\",\"@id\":\"https:\\\/\\\/www.biopapa.de\\\/lt\\\/#organization\",\"name\":\"Biopapa\",\"url\":\"https:\\\/\\\/www.biopapa.de\\\/lt\\\/\",\"logo\":{\"@type\":\"ImageObject\",\"inLanguage\":\"lt-LT\",\"@id\":\"https:\\\/\\\/www.biopapa.de\\\/lt\\\/#\\\/schema\\\/logo\\\/image\\\/\",\"url\":\"https:\\\/\\\/www.biopapa.lt\\\/wp-content\\\/uploads\\\/2022\\\/04\\\/facebook_biopapa.jpg\",\"contentUrl\":\"https:\\\/\\\/www.biopapa.lt\\\/wp-content\\\/uploads\\\/2022\\\/04\\\/facebook_biopapa.jpg\",\"width\":1733,\"height\":907,\"caption\":\"Biopapa\"},\"image\":{\"@id\":\"https:\\\/\\\/www.biopapa.de\\\/lt\\\/#\\\/schema\\\/logo\\\/image\\\/\"},\"sameAs\":[\"https:\\\/\\\/www.facebook.com\\\/biopapa.lt\"]}]}<\/script>\n<!-- \/ Yoast SEO plugin. -->","yoast_head_json":{"title":"Ekologi\u0161ki kvie\u010di\u0173 \u017eelmen\u0173 milteliai - Biopapa","description":"\u0160ie milteliai yra jaun\u0173 kvie\u010di\u0173 \u017eelmenys, nupjauti tuomet, kai maisting\u0173j\u0173 med\u017eiag\u0173 lygis b\u016bna maksimalus. Turi ypatingai daug skaidulini\u0173 med\u017eiag\u0173 ir baltym\u0173.","robots":{"index":"index","follow":"follow","max-snippet":"max-snippet:-1","max-image-preview":"max-image-preview:large","max-video-preview":"max-video-preview:-1"},"canonical":"https:\/\/www.biopapa.de\/lt\/producte\/ekologiski-kvieciu-zelmenu-milteliai\/","og_locale":"lt_LT","og_type":"article","og_title":"Ekologi\u0161ki kvie\u010di\u0173 \u017eelmen\u0173 milteliai - Biopapa","og_description":"\u0160ie milteliai yra jaun\u0173 kvie\u010di\u0173 \u017eelmenys, nupjauti tuomet, kai maisting\u0173j\u0173 med\u017eiag\u0173 lygis b\u016bna maksimalus. Turi ypatingai daug skaidulini\u0173 med\u017eiag\u0173 ir baltym\u0173.","og_url":"https:\/\/www.biopapa.de\/lt\/producte\/ekologiski-kvieciu-zelmenu-milteliai\/","og_site_name":"Biopapa","article_publisher":"https:\/\/www.facebook.com\/biopapa.lt","article_modified_time":"2026-03-25T10:16:52+00:00","og_image":[{"width":800,"height":640,"url":"https:\/\/www.biopapa.de\/wp-content\/uploads\/2021\/10\/Ekologiski-kvieciu-zelmenu-milteliai.jpg","type":"image\/jpeg"}],"twitter_card":"summary_large_image","twitter_misc":{"Est. reading time":"1 minut\u0117"},"schema":{"@context":"https:\/\/schema.org","@graph":[{"@type":"WebPage","@id":"https:\/\/www.biopapa.de\/lt\/producte\/ekologiski-kvieciu-zelmenu-milteliai\/","url":"https:\/\/www.biopapa.de\/lt\/producte\/ekologiski-kvieciu-zelmenu-milteliai\/","name":"Ekologi\u0161ki kvie\u010di\u0173 \u017eelmen\u0173 milteliai - Biopapa","isPartOf":{"@id":"https:\/\/www.biopapa.de\/lt\/#website"},"primaryImageOfPage":{"@id":"https:\/\/www.biopapa.de\/lt\/producte\/ekologiski-kvieciu-zelmenu-milteliai\/#primaryimage"},"image":{"@id":"https:\/\/www.biopapa.de\/lt\/producte\/ekologiski-kvieciu-zelmenu-milteliai\/#primaryimage"},"thumbnailUrl":"https:\/\/www.biopapa.de\/wp-content\/uploads\/2021\/10\/Ekologiski-kvieciu-zelmenu-milteliai.jpg","datePublished":"2021-10-01T14:07:24+00:00","dateModified":"2026-03-25T10:16:52+00:00","description":"\u0160ie milteliai yra jaun\u0173 kvie\u010di\u0173 \u017eelmenys, nupjauti tuomet, kai maisting\u0173j\u0173 med\u017eiag\u0173 lygis b\u016bna maksimalus. Turi ypatingai daug skaidulini\u0173 med\u017eiag\u0173 ir baltym\u0173.","breadcrumb":{"@id":"https:\/\/www.biopapa.de\/lt\/producte\/ekologiski-kvieciu-zelmenu-milteliai\/#breadcrumb"},"inLanguage":"lt-LT","potentialAction":[{"@type":"ReadAction","target":["https:\/\/www.biopapa.de\/lt\/producte\/ekologiski-kvieciu-zelmenu-milteliai\/"]}]},{"@type":"ImageObject","inLanguage":"lt-LT","@id":"https:\/\/www.biopapa.de\/lt\/producte\/ekologiski-kvieciu-zelmenu-milteliai\/#primaryimage","url":"https:\/\/www.biopapa.de\/wp-content\/uploads\/2021\/10\/Ekologiski-kvieciu-zelmenu-milteliai.jpg","contentUrl":"https:\/\/www.biopapa.de\/wp-content\/uploads\/2021\/10\/Ekologiski-kvieciu-zelmenu-milteliai.jpg","width":800,"height":640,"caption":"Ekologi\u0161ki kvie\u010di\u0173 \u017eelmen\u0173 milteliai"},{"@type":"BreadcrumbList","@id":"https:\/\/www.biopapa.de\/lt\/producte\/ekologiski-kvieciu-zelmenu-milteliai\/#breadcrumb","itemListElement":[{"@type":"ListItem","position":1,"name":"Home","item":"https:\/\/www.biopapa.de\/lt\/"},{"@type":"ListItem","position":2,"name":"Parduotuv\u0117","item":"https:\/\/www.biopapa.de\/parduotuve\/"},{"@type":"ListItem","position":3,"name":"Ekologi\u0161ki kvie\u010di\u0173 \u017eelmen\u0173 milteliai"}]},{"@type":"WebSite","@id":"https:\/\/www.biopapa.de\/lt\/#website","url":"https:\/\/www.biopapa.de\/lt\/","name":"Biopapa","description":"\u0160var\u016bs ekologi\u0161ki produktai","publisher":{"@id":"https:\/\/www.biopapa.de\/lt\/#organization"},"potentialAction":[{"@type":"SearchAction","target":{"@type":"EntryPoint","urlTemplate":"https:\/\/www.biopapa.de\/lt\/?s={search_term_string}"},"query-input":{"@type":"PropertyValueSpecification","valueRequired":true,"valueName":"search_term_string"}}],"inLanguage":"lt-LT"},{"@type":"Organization","@id":"https:\/\/www.biopapa.de\/lt\/#organization","name":"Biopapa","url":"https:\/\/www.biopapa.de\/lt\/","logo":{"@type":"ImageObject","inLanguage":"lt-LT","@id":"https:\/\/www.biopapa.de\/lt\/#\/schema\/logo\/image\/","url":"https:\/\/www.biopapa.lt\/wp-content\/uploads\/2022\/04\/facebook_biopapa.jpg","contentUrl":"https:\/\/www.biopapa.lt\/wp-content\/uploads\/2022\/04\/facebook_biopapa.jpg","width":1733,"height":907,"caption":"Biopapa"},"image":{"@id":"https:\/\/www.biopapa.de\/lt\/#\/schema\/logo\/image\/"},"sameAs":["https:\/\/www.facebook.com\/biopapa.lt"]}]}},"_links":{"self":[{"href":"https:\/\/www.biopapa.de\/lt\/wp-json\/wp\/v2\/product\/15384","targetHints":{"allow":["GET"]}}],"collection":[{"href":"https:\/\/www.biopapa.de\/lt\/wp-json\/wp\/v2\/product"}],"about":[{"href":"https:\/\/www.biopapa.de\/lt\/wp-json\/wp\/v2\/types\/product"}],"wp:featuredmedia":[{"embeddable":true,"href":"https:\/\/www.biopapa.de\/lt\/wp-json\/wp\/v2\/media\/16025"}],"wp:attachment":[{"href":"https:\/\/www.biopapa.de\/lt\/wp-json\/wp\/v2\/media?parent=15384"}],"wp:term":[{"taxonomy":"product_brand","embeddable":true,"href":"https:\/\/www.biopapa.de\/lt\/wp-json\/wp\/v2\/product_brand?post=15384"},{"taxonomy":"product_cat","embeddable":true,"href":"https:\/\/www.biopapa.de\/lt\/wp-json\/wp\/v2\/product_cat?post=15384"},{"taxonomy":"product_tag","embeddable":true,"href":"https:\/\/www.biopapa.de\/lt\/wp-json\/wp\/v2\/product_tag?post=15384"}],"curies":[{"name":"wp","href":"https:\/\/api.w.org\/{rel}","templated":true}]}}