{"id":15485,"date":"2021-10-12T13:45:02","date_gmt":"2021-10-12T10:45:02","guid":{"rendered":"https:\/\/www.biopapa.lt\/?post_type=product&#038;p=15485"},"modified":"2025-10-14T17:24:51","modified_gmt":"2025-10-14T14:24:51","slug":"ekologiski-grikiu-miltai-be-glitimo-raw","status":"publish","type":"product","link":"https:\/\/www.biopapa.de\/lt\/producte\/ekologiski-grikiu-miltai-be-glitimo-raw\/","title":{"rendered":"Ekologi\u0161ki griki\u0173 miltai RAW"},"content":{"rendered":"<p><strong>Ekologi\u0161ki griki\u0173 miltai RAW<\/strong><br \/>\nTermi\u0161kai neapdoroti griki\u0173 miltai \u2013 tai miltai, pagaminti i\u0161 neskrudint\u0173, ne\u0161ildyt\u0173 griki\u0173 gr\u016bd\u0173, tod\u0117l juose i\u0161saugomos visos nat\u016bralios maistin\u0117s med\u017eiagos, vitaminai ir fermentai. Tokius miltus galima naudoti \u012fvairiais b\u016bdais: mai\u0161yti su kitais miltais kepant duon\u0105, blynus ar pyragus, d\u0117ti \u012f ko\u0161es ar glotnu\u010dius kaip maisting\u0105 pried\u0105. Jie ypa\u010d vertingi tiems, kurie laikosi \u017ealiavalgyst\u0117s ar sveikos mitybos princip\u0173, nes neperdirbti miltai geriau \u012fsisavinami ir turi stipresn\u012f nat\u016bral\u0173 skon\u012f. Termi\u0161kai neapdoroti griki\u0173 miltai puikiai tinka ir saldiems, ir s\u016briems patiekalams, suteikdami rie\u0161uti\u0161k\u0105 poskon\u012f bei daugiau maistin\u0117s vert\u0117s.<\/p>\n<p>PASTABA. \u010cia pateikta informacija negali b\u016bti interpretuojama kaip gydymo ar kitokio pob\u016bd\u017eio sveikatos klausim\u0173 sprendimo rekomendacija. Raginame sprendimus, susijusius su asmenine sveikata, priimti asmeni\u0161kai, \u012fvertinus \u012fvairius informacijos \u0161altinius.<\/p>\n","protected":false},"excerpt":{"rendered":"<p>Ekologi\u0161ki griki\u0173 miltai RAW Termi\u0161kai neapdoroti griki\u0173 miltai \u2013 tai miltai, pagaminti i\u0161 neskrudint\u0173, ne\u0161ildyt\u0173 griki\u0173 gr\u016bd\u0173, tod\u0117l juose i\u0161saugomos<\/p>\n","protected":false},"featured_media":16033,"template":"","meta":{"_acf_changed":false},"product_brand":[],"product_cat":[1746],"product_tag":[2658,2642],"class_list":{"0":"post-15485","1":"product","2":"type-product","3":"status-publish","4":"has-post-thumbnail","6":"product_cat-ekologiski-eteriniai-aliejai","7":"product_tag-alternative-zu-gluten-lt","8":"product_tag-fuer-veganer-lt","9":"pa_svoris-1-kg","10":"pa_svoris-100-g","11":"pa_svoris-200-g","12":"pa_svoris-25-kg","13":"pa_svoris-300-g","14":"pa_svoris-400-g","15":"pa_svoris-500-g","17":"first","18":"instock","19":"shipping-taxable","20":"purchasable","21":"product-type-variable"},"acf":[],"yoast_head":"<!-- This site is optimized with the Yoast SEO plugin v27.5 - https:\/\/yoast.com\/product\/yoast-seo-wordpress\/ -->\n<title>Ekologi\u0161ki griki\u0173 miltai RAW - Biopapa<\/title>\n<meta name=\"description\" content=\"Termi\u0161kai neapdoroti griki\u0173 miltai \u2013 tai miltai, pagaminti i\u0161 neskrudint\u0173, ne\u0161ildyt\u0173 griki\u0173 gr\u016bd\u0173, tod\u0117l juose i\u0161saugomos visos nat\u016bralios maistin\u0117s med\u017eiagos, vitaminai ir fermentai.\" \/>\n<meta name=\"robots\" content=\"index, follow, max-snippet:-1, max-image-preview:large, max-video-preview:-1\" \/>\n<link rel=\"canonical\" href=\"https:\/\/www.biopapa.de\/lt\/producte\/ekologiski-grikiu-miltai-be-glitimo-raw\/\" \/>\n<meta property=\"og:locale\" content=\"lt_LT\" \/>\n<meta property=\"og:type\" content=\"article\" \/>\n<meta property=\"og:title\" content=\"Ekologi\u0161ki griki\u0173 miltai RAW - Biopapa\" \/>\n<meta property=\"og:description\" content=\"Termi\u0161kai neapdoroti griki\u0173 miltai \u2013 tai miltai, pagaminti i\u0161 neskrudint\u0173, ne\u0161ildyt\u0173 griki\u0173 gr\u016bd\u0173, tod\u0117l juose i\u0161saugomos visos nat\u016bralios maistin\u0117s med\u017eiagos, vitaminai ir fermentai.\" \/>\n<meta property=\"og:url\" content=\"https:\/\/www.biopapa.de\/lt\/producte\/ekologiski-grikiu-miltai-be-glitimo-raw\/\" \/>\n<meta property=\"og:site_name\" content=\"Biopapa\" \/>\n<meta property=\"article:publisher\" content=\"https:\/\/www.facebook.com\/biopapa.lt\" \/>\n<meta property=\"article:modified_time\" content=\"2025-10-14T14:24:51+00:00\" \/>\n<meta property=\"og:image\" content=\"https:\/\/www.biopapa.de\/wp-content\/uploads\/2021\/10\/Ekologiski-grikiu-miltai-be-glitimo-RAW.jpg\" \/>\n\t<meta property=\"og:image:width\" content=\"800\" \/>\n\t<meta property=\"og:image:height\" content=\"640\" \/>\n\t<meta property=\"og:image:type\" content=\"image\/jpeg\" \/>\n<meta name=\"twitter:card\" content=\"summary_large_image\" \/>\n<meta name=\"twitter:label1\" content=\"Est. reading time\" \/>\n\t<meta name=\"twitter:data1\" content=\"2 minut\u0117s\" \/>\n<script type=\"application\/ld+json\" class=\"yoast-schema-graph\">{\"@context\":\"https:\\\/\\\/schema.org\",\"@graph\":[{\"@type\":\"WebPage\",\"@id\":\"https:\\\/\\\/www.biopapa.de\\\/lt\\\/producte\\\/ekologiski-grikiu-miltai-be-glitimo-raw\\\/\",\"url\":\"https:\\\/\\\/www.biopapa.de\\\/lt\\\/producte\\\/ekologiski-grikiu-miltai-be-glitimo-raw\\\/\",\"name\":\"Ekologi\u0161ki griki\u0173 miltai RAW - Biopapa\",\"isPartOf\":{\"@id\":\"https:\\\/\\\/www.biopapa.de\\\/lt\\\/#website\"},\"primaryImageOfPage\":{\"@id\":\"https:\\\/\\\/www.biopapa.de\\\/lt\\\/producte\\\/ekologiski-grikiu-miltai-be-glitimo-raw\\\/#primaryimage\"},\"image\":{\"@id\":\"https:\\\/\\\/www.biopapa.de\\\/lt\\\/producte\\\/ekologiski-grikiu-miltai-be-glitimo-raw\\\/#primaryimage\"},\"thumbnailUrl\":\"https:\\\/\\\/www.biopapa.de\\\/wp-content\\\/uploads\\\/2021\\\/10\\\/Ekologiski-grikiu-miltai-be-glitimo-RAW.jpg\",\"datePublished\":\"2021-10-12T10:45:02+00:00\",\"dateModified\":\"2025-10-14T14:24:51+00:00\",\"description\":\"Termi\u0161kai neapdoroti griki\u0173 miltai \u2013 tai miltai, pagaminti i\u0161 neskrudint\u0173, ne\u0161ildyt\u0173 griki\u0173 gr\u016bd\u0173, tod\u0117l juose i\u0161saugomos visos nat\u016bralios maistin\u0117s med\u017eiagos, vitaminai ir fermentai.\",\"breadcrumb\":{\"@id\":\"https:\\\/\\\/www.biopapa.de\\\/lt\\\/producte\\\/ekologiski-grikiu-miltai-be-glitimo-raw\\\/#breadcrumb\"},\"inLanguage\":\"lt-LT\",\"potentialAction\":[{\"@type\":\"ReadAction\",\"target\":[\"https:\\\/\\\/www.biopapa.de\\\/lt\\\/producte\\\/ekologiski-grikiu-miltai-be-glitimo-raw\\\/\"]}]},{\"@type\":\"ImageObject\",\"inLanguage\":\"lt-LT\",\"@id\":\"https:\\\/\\\/www.biopapa.de\\\/lt\\\/producte\\\/ekologiski-grikiu-miltai-be-glitimo-raw\\\/#primaryimage\",\"url\":\"https:\\\/\\\/www.biopapa.de\\\/wp-content\\\/uploads\\\/2021\\\/10\\\/Ekologiski-grikiu-miltai-be-glitimo-RAW.jpg\",\"contentUrl\":\"https:\\\/\\\/www.biopapa.de\\\/wp-content\\\/uploads\\\/2021\\\/10\\\/Ekologiski-grikiu-miltai-be-glitimo-RAW.jpg\",\"width\":800,\"height\":640,\"caption\":\"Ekologi\u0161ki griki\u0173 miltai (be glitimo) RAW\"},{\"@type\":\"BreadcrumbList\",\"@id\":\"https:\\\/\\\/www.biopapa.de\\\/lt\\\/producte\\\/ekologiski-grikiu-miltai-be-glitimo-raw\\\/#breadcrumb\",\"itemListElement\":[{\"@type\":\"ListItem\",\"position\":1,\"name\":\"Home\",\"item\":\"https:\\\/\\\/www.biopapa.de\\\/lt\\\/\"},{\"@type\":\"ListItem\",\"position\":2,\"name\":\"Parduotuv\u0117\",\"item\":\"https:\\\/\\\/www.biopapa.de\\\/parduotuve\\\/\"},{\"@type\":\"ListItem\",\"position\":3,\"name\":\"Ekologi\u0161ki griki\u0173 miltai RAW\"}]},{\"@type\":\"WebSite\",\"@id\":\"https:\\\/\\\/www.biopapa.de\\\/lt\\\/#website\",\"url\":\"https:\\\/\\\/www.biopapa.de\\\/lt\\\/\",\"name\":\"Biopapa\",\"description\":\"\u0160var\u016bs ekologi\u0161ki produktai\",\"publisher\":{\"@id\":\"https:\\\/\\\/www.biopapa.de\\\/lt\\\/#organization\"},\"potentialAction\":[{\"@type\":\"SearchAction\",\"target\":{\"@type\":\"EntryPoint\",\"urlTemplate\":\"https:\\\/\\\/www.biopapa.de\\\/lt\\\/?s={search_term_string}\"},\"query-input\":{\"@type\":\"PropertyValueSpecification\",\"valueRequired\":true,\"valueName\":\"search_term_string\"}}],\"inLanguage\":\"lt-LT\"},{\"@type\":\"Organization\",\"@id\":\"https:\\\/\\\/www.biopapa.de\\\/lt\\\/#organization\",\"name\":\"Biopapa\",\"url\":\"https:\\\/\\\/www.biopapa.de\\\/lt\\\/\",\"logo\":{\"@type\":\"ImageObject\",\"inLanguage\":\"lt-LT\",\"@id\":\"https:\\\/\\\/www.biopapa.de\\\/lt\\\/#\\\/schema\\\/logo\\\/image\\\/\",\"url\":\"https:\\\/\\\/www.biopapa.lt\\\/wp-content\\\/uploads\\\/2022\\\/04\\\/facebook_biopapa.jpg\",\"contentUrl\":\"https:\\\/\\\/www.biopapa.lt\\\/wp-content\\\/uploads\\\/2022\\\/04\\\/facebook_biopapa.jpg\",\"width\":1733,\"height\":907,\"caption\":\"Biopapa\"},\"image\":{\"@id\":\"https:\\\/\\\/www.biopapa.de\\\/lt\\\/#\\\/schema\\\/logo\\\/image\\\/\"},\"sameAs\":[\"https:\\\/\\\/www.facebook.com\\\/biopapa.lt\"]}]}<\/script>\n<!-- \/ Yoast SEO plugin. -->","yoast_head_json":{"title":"Ekologi\u0161ki griki\u0173 miltai RAW - Biopapa","description":"Termi\u0161kai neapdoroti griki\u0173 miltai \u2013 tai miltai, pagaminti i\u0161 neskrudint\u0173, ne\u0161ildyt\u0173 griki\u0173 gr\u016bd\u0173, tod\u0117l juose i\u0161saugomos visos nat\u016bralios maistin\u0117s med\u017eiagos, vitaminai ir fermentai.","robots":{"index":"index","follow":"follow","max-snippet":"max-snippet:-1","max-image-preview":"max-image-preview:large","max-video-preview":"max-video-preview:-1"},"canonical":"https:\/\/www.biopapa.de\/lt\/producte\/ekologiski-grikiu-miltai-be-glitimo-raw\/","og_locale":"lt_LT","og_type":"article","og_title":"Ekologi\u0161ki griki\u0173 miltai RAW - Biopapa","og_description":"Termi\u0161kai neapdoroti griki\u0173 miltai \u2013 tai miltai, pagaminti i\u0161 neskrudint\u0173, ne\u0161ildyt\u0173 griki\u0173 gr\u016bd\u0173, tod\u0117l juose i\u0161saugomos visos nat\u016bralios maistin\u0117s med\u017eiagos, vitaminai ir fermentai.","og_url":"https:\/\/www.biopapa.de\/lt\/producte\/ekologiski-grikiu-miltai-be-glitimo-raw\/","og_site_name":"Biopapa","article_publisher":"https:\/\/www.facebook.com\/biopapa.lt","article_modified_time":"2025-10-14T14:24:51+00:00","og_image":[{"width":800,"height":640,"url":"https:\/\/www.biopapa.de\/wp-content\/uploads\/2021\/10\/Ekologiski-grikiu-miltai-be-glitimo-RAW.jpg","type":"image\/jpeg"}],"twitter_card":"summary_large_image","twitter_misc":{"Est. reading time":"2 minut\u0117s"},"schema":{"@context":"https:\/\/schema.org","@graph":[{"@type":"WebPage","@id":"https:\/\/www.biopapa.de\/lt\/producte\/ekologiski-grikiu-miltai-be-glitimo-raw\/","url":"https:\/\/www.biopapa.de\/lt\/producte\/ekologiski-grikiu-miltai-be-glitimo-raw\/","name":"Ekologi\u0161ki griki\u0173 miltai RAW - Biopapa","isPartOf":{"@id":"https:\/\/www.biopapa.de\/lt\/#website"},"primaryImageOfPage":{"@id":"https:\/\/www.biopapa.de\/lt\/producte\/ekologiski-grikiu-miltai-be-glitimo-raw\/#primaryimage"},"image":{"@id":"https:\/\/www.biopapa.de\/lt\/producte\/ekologiski-grikiu-miltai-be-glitimo-raw\/#primaryimage"},"thumbnailUrl":"https:\/\/www.biopapa.de\/wp-content\/uploads\/2021\/10\/Ekologiski-grikiu-miltai-be-glitimo-RAW.jpg","datePublished":"2021-10-12T10:45:02+00:00","dateModified":"2025-10-14T14:24:51+00:00","description":"Termi\u0161kai neapdoroti griki\u0173 miltai \u2013 tai miltai, pagaminti i\u0161 neskrudint\u0173, ne\u0161ildyt\u0173 griki\u0173 gr\u016bd\u0173, tod\u0117l juose i\u0161saugomos visos nat\u016bralios maistin\u0117s med\u017eiagos, vitaminai ir fermentai.","breadcrumb":{"@id":"https:\/\/www.biopapa.de\/lt\/producte\/ekologiski-grikiu-miltai-be-glitimo-raw\/#breadcrumb"},"inLanguage":"lt-LT","potentialAction":[{"@type":"ReadAction","target":["https:\/\/www.biopapa.de\/lt\/producte\/ekologiski-grikiu-miltai-be-glitimo-raw\/"]}]},{"@type":"ImageObject","inLanguage":"lt-LT","@id":"https:\/\/www.biopapa.de\/lt\/producte\/ekologiski-grikiu-miltai-be-glitimo-raw\/#primaryimage","url":"https:\/\/www.biopapa.de\/wp-content\/uploads\/2021\/10\/Ekologiski-grikiu-miltai-be-glitimo-RAW.jpg","contentUrl":"https:\/\/www.biopapa.de\/wp-content\/uploads\/2021\/10\/Ekologiski-grikiu-miltai-be-glitimo-RAW.jpg","width":800,"height":640,"caption":"Ekologi\u0161ki griki\u0173 miltai (be glitimo) RAW"},{"@type":"BreadcrumbList","@id":"https:\/\/www.biopapa.de\/lt\/producte\/ekologiski-grikiu-miltai-be-glitimo-raw\/#breadcrumb","itemListElement":[{"@type":"ListItem","position":1,"name":"Home","item":"https:\/\/www.biopapa.de\/lt\/"},{"@type":"ListItem","position":2,"name":"Parduotuv\u0117","item":"https:\/\/www.biopapa.de\/parduotuve\/"},{"@type":"ListItem","position":3,"name":"Ekologi\u0161ki griki\u0173 miltai RAW"}]},{"@type":"WebSite","@id":"https:\/\/www.biopapa.de\/lt\/#website","url":"https:\/\/www.biopapa.de\/lt\/","name":"Biopapa","description":"\u0160var\u016bs ekologi\u0161ki produktai","publisher":{"@id":"https:\/\/www.biopapa.de\/lt\/#organization"},"potentialAction":[{"@type":"SearchAction","target":{"@type":"EntryPoint","urlTemplate":"https:\/\/www.biopapa.de\/lt\/?s={search_term_string}"},"query-input":{"@type":"PropertyValueSpecification","valueRequired":true,"valueName":"search_term_string"}}],"inLanguage":"lt-LT"},{"@type":"Organization","@id":"https:\/\/www.biopapa.de\/lt\/#organization","name":"Biopapa","url":"https:\/\/www.biopapa.de\/lt\/","logo":{"@type":"ImageObject","inLanguage":"lt-LT","@id":"https:\/\/www.biopapa.de\/lt\/#\/schema\/logo\/image\/","url":"https:\/\/www.biopapa.lt\/wp-content\/uploads\/2022\/04\/facebook_biopapa.jpg","contentUrl":"https:\/\/www.biopapa.lt\/wp-content\/uploads\/2022\/04\/facebook_biopapa.jpg","width":1733,"height":907,"caption":"Biopapa"},"image":{"@id":"https:\/\/www.biopapa.de\/lt\/#\/schema\/logo\/image\/"},"sameAs":["https:\/\/www.facebook.com\/biopapa.lt"]}]}},"_links":{"self":[{"href":"https:\/\/www.biopapa.de\/lt\/wp-json\/wp\/v2\/product\/15485","targetHints":{"allow":["GET"]}}],"collection":[{"href":"https:\/\/www.biopapa.de\/lt\/wp-json\/wp\/v2\/product"}],"about":[{"href":"https:\/\/www.biopapa.de\/lt\/wp-json\/wp\/v2\/types\/product"}],"wp:featuredmedia":[{"embeddable":true,"href":"https:\/\/www.biopapa.de\/lt\/wp-json\/wp\/v2\/media\/16033"}],"wp:attachment":[{"href":"https:\/\/www.biopapa.de\/lt\/wp-json\/wp\/v2\/media?parent=15485"}],"wp:term":[{"taxonomy":"product_brand","embeddable":true,"href":"https:\/\/www.biopapa.de\/lt\/wp-json\/wp\/v2\/product_brand?post=15485"},{"taxonomy":"product_cat","embeddable":true,"href":"https:\/\/www.biopapa.de\/lt\/wp-json\/wp\/v2\/product_cat?post=15485"},{"taxonomy":"product_tag","embeddable":true,"href":"https:\/\/www.biopapa.de\/lt\/wp-json\/wp\/v2\/product_tag?post=15485"}],"curies":[{"name":"wp","href":"https:\/\/api.w.org\/{rel}","templated":true}]}}