{"id":15527,"date":"2021-10-13T13:16:08","date_gmt":"2021-10-13T10:16:08","guid":{"rendered":"https:\/\/www.biopapa.lt\/?post_type=product&#038;p=15527"},"modified":"2026-04-30T10:55:25","modified_gmt":"2026-04-30T07:55:25","slug":"ekologiska-citrinzole","status":"publish","type":"product","link":"https:\/\/www.biopapa.de\/lt\/producte\/ekologiska-citrinzole\/","title":{"rendered":"Ekologi\u0161ka citrin\u017eol\u0117"},"content":{"rendered":"<p>D\u017eiovinta ekologi\u0161ka citrin\u017eol\u0117 naudojama tiek kaip prieskonis, tiek kaip arbat\u017eol\u0117. Savo i\u0161skirtiniu, gaiviu citrinos prieskoniu pagyvins dar\u017eovi\u0173 patiekalus, pada\u017eus, sriubas, taip pat sald\u017eius kepinius.<\/p>\n<p>Skaniai arbatai citrin\u017eol\u0119 galite mai\u0161yti su levanda, m\u0117tomis ar melisomis, kanapi\u0173 \u017eiedais.<\/p>\n","protected":false},"excerpt":{"rendered":"<p>D\u017eiovinta ekologi\u0161ka citrin\u017eol\u0117 naudojama tiek kaip prieskonis, tiek kaip arbat\u017eol\u0117. Savo i\u0161skirtiniu, gaiviu citrinos prieskoniu pagyvins dar\u017eovi\u0173 patiekalus, pada\u017eus, sriubas,<\/p>\n","protected":false},"featured_media":15965,"template":"","meta":{"_acf_changed":false},"product_brand":[],"product_cat":[1907,1265,1315],"product_tag":[1378],"class_list":{"0":"post-15527","1":"product","2":"type-product","3":"status-publish","4":"has-post-thumbnail","6":"product_cat-arbata","7":"product_cat-ekologiska-kakava-arbata-kava","8":"product_cat-ekologiski-prieskoniai","9":"product_tag-veganams","10":"pa_svoris-1-kg","11":"pa_svoris-100-g","12":"pa_svoris-200-g","13":"pa_svoris-25-g","14":"pa_svoris-300-g","15":"pa_svoris-400-g","16":"pa_svoris-50-g","17":"pa_svoris-500-g","19":"first","20":"outofstock","21":"shipping-taxable","22":"purchasable","23":"product-type-variable"},"acf":[],"yoast_head":"<!-- This site is optimized with the Yoast SEO plugin v27.5 - https:\/\/yoast.com\/product\/yoast-seo-wordpress\/ -->\n<title>Ekologi\u0161ka citrin\u017eol\u0117 - Biopapa<\/title>\n<meta name=\"description\" content=\"D\u017eiovinta ekologi\u0161ka citrin\u017eol\u0117 naudojama tiek kaip prieskonis, tiek kaip arbat\u017eol\u0117. Savo i\u0161skirtiniu, gaiviu citrinos prieskoniu pagyvins dar\u017eovi\u0173 patiekalus, pada\u017eus, sriubas, taip pat sald\u017eius kepinius\" \/>\n<meta name=\"robots\" content=\"index, follow, max-snippet:-1, max-image-preview:large, max-video-preview:-1\" \/>\n<link rel=\"canonical\" href=\"https:\/\/www.biopapa.de\/lt\/producte\/ekologiska-citrinzole\/\" \/>\n<meta property=\"og:locale\" content=\"lt_LT\" \/>\n<meta property=\"og:type\" content=\"article\" \/>\n<meta property=\"og:title\" content=\"Ekologi\u0161ka citrin\u017eol\u0117 - Biopapa\" \/>\n<meta property=\"og:description\" content=\"D\u017eiovinta ekologi\u0161ka citrin\u017eol\u0117 naudojama tiek kaip prieskonis, tiek kaip arbat\u017eol\u0117. Savo i\u0161skirtiniu, gaiviu citrinos prieskoniu pagyvins dar\u017eovi\u0173 patiekalus, pada\u017eus, sriubas, taip pat sald\u017eius kepinius\" \/>\n<meta property=\"og:url\" content=\"https:\/\/www.biopapa.de\/lt\/producte\/ekologiska-citrinzole\/\" \/>\n<meta property=\"og:site_name\" content=\"Biopapa\" \/>\n<meta property=\"article:publisher\" content=\"https:\/\/www.facebook.com\/biopapa.lt\" \/>\n<meta property=\"article:modified_time\" content=\"2026-04-30T07:55:25+00:00\" \/>\n<meta property=\"og:image\" content=\"https:\/\/www.biopapa.de\/wp-content\/uploads\/2021\/10\/Ekologiska-citrinzole.jpg\" \/>\n\t<meta property=\"og:image:width\" content=\"800\" \/>\n\t<meta property=\"og:image:height\" content=\"640\" \/>\n\t<meta property=\"og:image:type\" content=\"image\/jpeg\" \/>\n<meta name=\"twitter:card\" content=\"summary_large_image\" \/>\n<script type=\"application\/ld+json\" class=\"yoast-schema-graph\">{\"@context\":\"https:\\\/\\\/schema.org\",\"@graph\":[{\"@type\":\"WebPage\",\"@id\":\"https:\\\/\\\/www.biopapa.de\\\/lt\\\/producte\\\/ekologiska-citrinzole\\\/\",\"url\":\"https:\\\/\\\/www.biopapa.de\\\/lt\\\/producte\\\/ekologiska-citrinzole\\\/\",\"name\":\"Ekologi\u0161ka citrin\u017eol\u0117 - Biopapa\",\"isPartOf\":{\"@id\":\"https:\\\/\\\/www.biopapa.de\\\/lt\\\/#website\"},\"primaryImageOfPage\":{\"@id\":\"https:\\\/\\\/www.biopapa.de\\\/lt\\\/producte\\\/ekologiska-citrinzole\\\/#primaryimage\"},\"image\":{\"@id\":\"https:\\\/\\\/www.biopapa.de\\\/lt\\\/producte\\\/ekologiska-citrinzole\\\/#primaryimage\"},\"thumbnailUrl\":\"https:\\\/\\\/www.biopapa.de\\\/wp-content\\\/uploads\\\/2021\\\/10\\\/Ekologiska-citrinzole.jpg\",\"datePublished\":\"2021-10-13T10:16:08+00:00\",\"dateModified\":\"2026-04-30T07:55:25+00:00\",\"description\":\"D\u017eiovinta ekologi\u0161ka citrin\u017eol\u0117 naudojama tiek kaip prieskonis, tiek kaip arbat\u017eol\u0117. Savo i\u0161skirtiniu, gaiviu citrinos prieskoniu pagyvins dar\u017eovi\u0173 patiekalus, pada\u017eus, sriubas, taip pat sald\u017eius kepinius\",\"breadcrumb\":{\"@id\":\"https:\\\/\\\/www.biopapa.de\\\/lt\\\/producte\\\/ekologiska-citrinzole\\\/#breadcrumb\"},\"inLanguage\":\"lt-LT\",\"potentialAction\":[{\"@type\":\"ReadAction\",\"target\":[\"https:\\\/\\\/www.biopapa.de\\\/lt\\\/producte\\\/ekologiska-citrinzole\\\/\"]}]},{\"@type\":\"ImageObject\",\"inLanguage\":\"lt-LT\",\"@id\":\"https:\\\/\\\/www.biopapa.de\\\/lt\\\/producte\\\/ekologiska-citrinzole\\\/#primaryimage\",\"url\":\"https:\\\/\\\/www.biopapa.de\\\/wp-content\\\/uploads\\\/2021\\\/10\\\/Ekologiska-citrinzole.jpg\",\"contentUrl\":\"https:\\\/\\\/www.biopapa.de\\\/wp-content\\\/uploads\\\/2021\\\/10\\\/Ekologiska-citrinzole.jpg\",\"width\":800,\"height\":640,\"caption\":\"Ekologi\u0161ka citrin\u017eol\u0117\"},{\"@type\":\"BreadcrumbList\",\"@id\":\"https:\\\/\\\/www.biopapa.de\\\/lt\\\/producte\\\/ekologiska-citrinzole\\\/#breadcrumb\",\"itemListElement\":[{\"@type\":\"ListItem\",\"position\":1,\"name\":\"Home\",\"item\":\"https:\\\/\\\/www.biopapa.de\\\/lt\\\/\"},{\"@type\":\"ListItem\",\"position\":2,\"name\":\"Parduotuv\u0117\",\"item\":\"https:\\\/\\\/www.biopapa.de\\\/parduotuve\\\/\"},{\"@type\":\"ListItem\",\"position\":3,\"name\":\"Ekologi\u0161ka citrin\u017eol\u0117\"}]},{\"@type\":\"WebSite\",\"@id\":\"https:\\\/\\\/www.biopapa.de\\\/lt\\\/#website\",\"url\":\"https:\\\/\\\/www.biopapa.de\\\/lt\\\/\",\"name\":\"Biopapa\",\"description\":\"\u0160var\u016bs ekologi\u0161ki produktai\",\"publisher\":{\"@id\":\"https:\\\/\\\/www.biopapa.de\\\/lt\\\/#organization\"},\"potentialAction\":[{\"@type\":\"SearchAction\",\"target\":{\"@type\":\"EntryPoint\",\"urlTemplate\":\"https:\\\/\\\/www.biopapa.de\\\/lt\\\/?s={search_term_string}\"},\"query-input\":{\"@type\":\"PropertyValueSpecification\",\"valueRequired\":true,\"valueName\":\"search_term_string\"}}],\"inLanguage\":\"lt-LT\"},{\"@type\":\"Organization\",\"@id\":\"https:\\\/\\\/www.biopapa.de\\\/lt\\\/#organization\",\"name\":\"Biopapa\",\"url\":\"https:\\\/\\\/www.biopapa.de\\\/lt\\\/\",\"logo\":{\"@type\":\"ImageObject\",\"inLanguage\":\"lt-LT\",\"@id\":\"https:\\\/\\\/www.biopapa.de\\\/lt\\\/#\\\/schema\\\/logo\\\/image\\\/\",\"url\":\"https:\\\/\\\/www.biopapa.lt\\\/wp-content\\\/uploads\\\/2022\\\/04\\\/facebook_biopapa.jpg\",\"contentUrl\":\"https:\\\/\\\/www.biopapa.lt\\\/wp-content\\\/uploads\\\/2022\\\/04\\\/facebook_biopapa.jpg\",\"width\":1733,\"height\":907,\"caption\":\"Biopapa\"},\"image\":{\"@id\":\"https:\\\/\\\/www.biopapa.de\\\/lt\\\/#\\\/schema\\\/logo\\\/image\\\/\"},\"sameAs\":[\"https:\\\/\\\/www.facebook.com\\\/biopapa.lt\"]}]}<\/script>\n<!-- \/ Yoast SEO plugin. -->","yoast_head_json":{"title":"Ekologi\u0161ka citrin\u017eol\u0117 - Biopapa","description":"D\u017eiovinta ekologi\u0161ka citrin\u017eol\u0117 naudojama tiek kaip prieskonis, tiek kaip arbat\u017eol\u0117. Savo i\u0161skirtiniu, gaiviu citrinos prieskoniu pagyvins dar\u017eovi\u0173 patiekalus, pada\u017eus, sriubas, taip pat sald\u017eius kepinius","robots":{"index":"index","follow":"follow","max-snippet":"max-snippet:-1","max-image-preview":"max-image-preview:large","max-video-preview":"max-video-preview:-1"},"canonical":"https:\/\/www.biopapa.de\/lt\/producte\/ekologiska-citrinzole\/","og_locale":"lt_LT","og_type":"article","og_title":"Ekologi\u0161ka citrin\u017eol\u0117 - Biopapa","og_description":"D\u017eiovinta ekologi\u0161ka citrin\u017eol\u0117 naudojama tiek kaip prieskonis, tiek kaip arbat\u017eol\u0117. Savo i\u0161skirtiniu, gaiviu citrinos prieskoniu pagyvins dar\u017eovi\u0173 patiekalus, pada\u017eus, sriubas, taip pat sald\u017eius kepinius","og_url":"https:\/\/www.biopapa.de\/lt\/producte\/ekologiska-citrinzole\/","og_site_name":"Biopapa","article_publisher":"https:\/\/www.facebook.com\/biopapa.lt","article_modified_time":"2026-04-30T07:55:25+00:00","og_image":[{"width":800,"height":640,"url":"https:\/\/www.biopapa.de\/wp-content\/uploads\/2021\/10\/Ekologiska-citrinzole.jpg","type":"image\/jpeg"}],"twitter_card":"summary_large_image","schema":{"@context":"https:\/\/schema.org","@graph":[{"@type":"WebPage","@id":"https:\/\/www.biopapa.de\/lt\/producte\/ekologiska-citrinzole\/","url":"https:\/\/www.biopapa.de\/lt\/producte\/ekologiska-citrinzole\/","name":"Ekologi\u0161ka citrin\u017eol\u0117 - Biopapa","isPartOf":{"@id":"https:\/\/www.biopapa.de\/lt\/#website"},"primaryImageOfPage":{"@id":"https:\/\/www.biopapa.de\/lt\/producte\/ekologiska-citrinzole\/#primaryimage"},"image":{"@id":"https:\/\/www.biopapa.de\/lt\/producte\/ekologiska-citrinzole\/#primaryimage"},"thumbnailUrl":"https:\/\/www.biopapa.de\/wp-content\/uploads\/2021\/10\/Ekologiska-citrinzole.jpg","datePublished":"2021-10-13T10:16:08+00:00","dateModified":"2026-04-30T07:55:25+00:00","description":"D\u017eiovinta ekologi\u0161ka citrin\u017eol\u0117 naudojama tiek kaip prieskonis, tiek kaip arbat\u017eol\u0117. Savo i\u0161skirtiniu, gaiviu citrinos prieskoniu pagyvins dar\u017eovi\u0173 patiekalus, pada\u017eus, sriubas, taip pat sald\u017eius kepinius","breadcrumb":{"@id":"https:\/\/www.biopapa.de\/lt\/producte\/ekologiska-citrinzole\/#breadcrumb"},"inLanguage":"lt-LT","potentialAction":[{"@type":"ReadAction","target":["https:\/\/www.biopapa.de\/lt\/producte\/ekologiska-citrinzole\/"]}]},{"@type":"ImageObject","inLanguage":"lt-LT","@id":"https:\/\/www.biopapa.de\/lt\/producte\/ekologiska-citrinzole\/#primaryimage","url":"https:\/\/www.biopapa.de\/wp-content\/uploads\/2021\/10\/Ekologiska-citrinzole.jpg","contentUrl":"https:\/\/www.biopapa.de\/wp-content\/uploads\/2021\/10\/Ekologiska-citrinzole.jpg","width":800,"height":640,"caption":"Ekologi\u0161ka citrin\u017eol\u0117"},{"@type":"BreadcrumbList","@id":"https:\/\/www.biopapa.de\/lt\/producte\/ekologiska-citrinzole\/#breadcrumb","itemListElement":[{"@type":"ListItem","position":1,"name":"Home","item":"https:\/\/www.biopapa.de\/lt\/"},{"@type":"ListItem","position":2,"name":"Parduotuv\u0117","item":"https:\/\/www.biopapa.de\/parduotuve\/"},{"@type":"ListItem","position":3,"name":"Ekologi\u0161ka citrin\u017eol\u0117"}]},{"@type":"WebSite","@id":"https:\/\/www.biopapa.de\/lt\/#website","url":"https:\/\/www.biopapa.de\/lt\/","name":"Biopapa","description":"\u0160var\u016bs ekologi\u0161ki produktai","publisher":{"@id":"https:\/\/www.biopapa.de\/lt\/#organization"},"potentialAction":[{"@type":"SearchAction","target":{"@type":"EntryPoint","urlTemplate":"https:\/\/www.biopapa.de\/lt\/?s={search_term_string}"},"query-input":{"@type":"PropertyValueSpecification","valueRequired":true,"valueName":"search_term_string"}}],"inLanguage":"lt-LT"},{"@type":"Organization","@id":"https:\/\/www.biopapa.de\/lt\/#organization","name":"Biopapa","url":"https:\/\/www.biopapa.de\/lt\/","logo":{"@type":"ImageObject","inLanguage":"lt-LT","@id":"https:\/\/www.biopapa.de\/lt\/#\/schema\/logo\/image\/","url":"https:\/\/www.biopapa.lt\/wp-content\/uploads\/2022\/04\/facebook_biopapa.jpg","contentUrl":"https:\/\/www.biopapa.lt\/wp-content\/uploads\/2022\/04\/facebook_biopapa.jpg","width":1733,"height":907,"caption":"Biopapa"},"image":{"@id":"https:\/\/www.biopapa.de\/lt\/#\/schema\/logo\/image\/"},"sameAs":["https:\/\/www.facebook.com\/biopapa.lt"]}]}},"_links":{"self":[{"href":"https:\/\/www.biopapa.de\/lt\/wp-json\/wp\/v2\/product\/15527","targetHints":{"allow":["GET"]}}],"collection":[{"href":"https:\/\/www.biopapa.de\/lt\/wp-json\/wp\/v2\/product"}],"about":[{"href":"https:\/\/www.biopapa.de\/lt\/wp-json\/wp\/v2\/types\/product"}],"wp:featuredmedia":[{"embeddable":true,"href":"https:\/\/www.biopapa.de\/lt\/wp-json\/wp\/v2\/media\/15965"}],"wp:attachment":[{"href":"https:\/\/www.biopapa.de\/lt\/wp-json\/wp\/v2\/media?parent=15527"}],"wp:term":[{"taxonomy":"product_brand","embeddable":true,"href":"https:\/\/www.biopapa.de\/lt\/wp-json\/wp\/v2\/product_brand?post=15527"},{"taxonomy":"product_cat","embeddable":true,"href":"https:\/\/www.biopapa.de\/lt\/wp-json\/wp\/v2\/product_cat?post=15527"},{"taxonomy":"product_tag","embeddable":true,"href":"https:\/\/www.biopapa.de\/lt\/wp-json\/wp\/v2\/product_tag?post=15527"}],"curies":[{"name":"wp","href":"https:\/\/api.w.org\/{rel}","templated":true}]}}