{"id":15543,"date":"2021-10-13T13:21:26","date_gmt":"2021-10-13T10:21:26","guid":{"rendered":"https:\/\/www.biopapa.lt\/?post_type=product&#038;p=15543"},"modified":"2026-04-23T14:06:53","modified_gmt":"2026-04-23T11:06:53","slug":"ekologiski-kario-prieskoniai","status":"publish","type":"product","link":"https:\/\/www.biopapa.de\/lt\/producte\/ekologiski-kario-prieskoniai\/","title":{"rendered":"Ekologi\u0161ki kario prieskoniai"},"content":{"rendered":"<p>Kario prieskoniai populiar\u016bs Azijos virtuv\u0117je.<br \/>\nTai prieskoni\u0173 mi\u0161inys, kur\u012f sudaro \u0161ie prieskoniai: kalendra, baltosios GARSTY\u010cIOS, o\u017erag\u0117, kmynai, \u010dili, imbieras, ciber\u017eol\u0117, pankolis.<br \/>\nGalite papildomai mai\u0161yti su juodaisiais pipirais ir aitri\u0105ja paprika, kurie suteiks daugiau a\u0161trumo.<\/p>\n<p>Kario prieskonius galite naudoti \u012fvairiuose patiekaluose, siekdami suteikti jiems \u0161ilto ir aromatingo skonio. Jie puikiai tinka gaminant indi\u0161kus ar tailandieti\u0161kus karius, tro\u0161kinius su dar\u017eov\u0117mis, l\u0119\u0161iais ar avin\u017eirniais, sriubas ar marinuojant tofu. Be to, \u0161iuos prieskonius galite naudoti skoniui sustiprinti ry\u017ei\u0173, bulvi\u0173 ar kuskuso patiekaluose, taip pat \u0161ildan\u010dioms rudens sriuboms su kokos\u0173 pienu ar pomidor\u0173 pagrindu.<\/p>\n","protected":false},"excerpt":{"rendered":"<p>Kario prieskoniai populiar\u016bs Azijos virtuv\u0117je. Tai prieskoni\u0173 mi\u0161inys, kur\u012f sudaro \u0161ie prieskoniai: kalendra, baltosios GARSTY\u010cIOS, o\u017erag\u0117, kmynai, \u010dili, imbieras, ciber\u017eol\u0117,<\/p>\n","protected":false},"featured_media":16012,"template":"","meta":{"_acf_changed":false},"product_brand":[],"product_cat":[1315],"product_tag":[2755],"class_list":{"0":"post-15543","1":"product","2":"type-product","3":"status-publish","4":"has-post-thumbnail","6":"product_cat-ekologiski-prieskoniai","7":"product_tag-2755","8":"pa_svoris-1-kg","9":"pa_svoris-100-g","10":"pa_svoris-200-g","11":"pa_svoris-25-g","12":"pa_svoris-300-g","13":"pa_svoris-400-g","14":"pa_svoris-5-kg","15":"pa_svoris-50-g","16":"pa_svoris-500-g","18":"first","19":"instock","20":"shipping-taxable","21":"purchasable","22":"product-type-variable"},"acf":[],"yoast_head":"<!-- This site is optimized with the Yoast SEO plugin v27.5 - https:\/\/yoast.com\/product\/yoast-seo-wordpress\/ -->\n<title>Ekologi\u0161ki kario prieskoniai - Biopapa<\/title>\n<meta name=\"description\" content=\"Kario prieskonius galite naudoti \u012fvairiuose patiekaluose, siekdami suteikti jiems \u0161ilto ir aromatingo skonio.\" \/>\n<meta name=\"robots\" content=\"index, follow, max-snippet:-1, max-image-preview:large, max-video-preview:-1\" \/>\n<link rel=\"canonical\" href=\"https:\/\/www.biopapa.de\/lt\/producte\/ekologiski-kario-prieskoniai\/\" \/>\n<meta property=\"og:locale\" content=\"lt_LT\" \/>\n<meta property=\"og:type\" content=\"article\" \/>\n<meta property=\"og:title\" content=\"Ekologi\u0161ki kario prieskoniai - Biopapa\" \/>\n<meta property=\"og:description\" content=\"Kario prieskonius galite naudoti \u012fvairiuose patiekaluose, siekdami suteikti jiems \u0161ilto ir aromatingo skonio.\" \/>\n<meta property=\"og:url\" content=\"https:\/\/www.biopapa.de\/lt\/producte\/ekologiski-kario-prieskoniai\/\" \/>\n<meta property=\"og:site_name\" content=\"Biopapa\" \/>\n<meta property=\"article:publisher\" content=\"https:\/\/www.facebook.com\/biopapa.lt\" \/>\n<meta property=\"article:modified_time\" content=\"2026-04-23T11:06:53+00:00\" \/>\n<meta property=\"og:image\" content=\"https:\/\/www.biopapa.de\/wp-content\/uploads\/2021\/10\/Ekologiski-kario-prieskoniai.jpg\" \/>\n\t<meta property=\"og:image:width\" content=\"800\" \/>\n\t<meta property=\"og:image:height\" content=\"640\" \/>\n\t<meta property=\"og:image:type\" content=\"image\/jpeg\" \/>\n<meta name=\"twitter:card\" content=\"summary_large_image\" \/>\n<meta name=\"twitter:label1\" content=\"Est. reading time\" \/>\n\t<meta name=\"twitter:data1\" content=\"1 minut\u0117\" \/>\n<script type=\"application\/ld+json\" class=\"yoast-schema-graph\">{\"@context\":\"https:\\\/\\\/schema.org\",\"@graph\":[{\"@type\":\"WebPage\",\"@id\":\"https:\\\/\\\/www.biopapa.de\\\/lt\\\/producte\\\/ekologiski-kario-prieskoniai\\\/\",\"url\":\"https:\\\/\\\/www.biopapa.de\\\/lt\\\/producte\\\/ekologiski-kario-prieskoniai\\\/\",\"name\":\"Ekologi\u0161ki kario prieskoniai - Biopapa\",\"isPartOf\":{\"@id\":\"https:\\\/\\\/www.biopapa.de\\\/lt\\\/#website\"},\"primaryImageOfPage\":{\"@id\":\"https:\\\/\\\/www.biopapa.de\\\/lt\\\/producte\\\/ekologiski-kario-prieskoniai\\\/#primaryimage\"},\"image\":{\"@id\":\"https:\\\/\\\/www.biopapa.de\\\/lt\\\/producte\\\/ekologiski-kario-prieskoniai\\\/#primaryimage\"},\"thumbnailUrl\":\"https:\\\/\\\/www.biopapa.de\\\/wp-content\\\/uploads\\\/2021\\\/10\\\/Ekologiski-kario-prieskoniai.jpg\",\"datePublished\":\"2021-10-13T10:21:26+00:00\",\"dateModified\":\"2026-04-23T11:06:53+00:00\",\"description\":\"Kario prieskonius galite naudoti \u012fvairiuose patiekaluose, siekdami suteikti jiems \u0161ilto ir aromatingo skonio.\",\"breadcrumb\":{\"@id\":\"https:\\\/\\\/www.biopapa.de\\\/lt\\\/producte\\\/ekologiski-kario-prieskoniai\\\/#breadcrumb\"},\"inLanguage\":\"lt-LT\",\"potentialAction\":[{\"@type\":\"ReadAction\",\"target\":[\"https:\\\/\\\/www.biopapa.de\\\/lt\\\/producte\\\/ekologiski-kario-prieskoniai\\\/\"]}]},{\"@type\":\"ImageObject\",\"inLanguage\":\"lt-LT\",\"@id\":\"https:\\\/\\\/www.biopapa.de\\\/lt\\\/producte\\\/ekologiski-kario-prieskoniai\\\/#primaryimage\",\"url\":\"https:\\\/\\\/www.biopapa.de\\\/wp-content\\\/uploads\\\/2021\\\/10\\\/Ekologiski-kario-prieskoniai.jpg\",\"contentUrl\":\"https:\\\/\\\/www.biopapa.de\\\/wp-content\\\/uploads\\\/2021\\\/10\\\/Ekologiski-kario-prieskoniai.jpg\",\"width\":800,\"height\":640,\"caption\":\"Ekologi\u0161ki kario prieskoniai\"},{\"@type\":\"BreadcrumbList\",\"@id\":\"https:\\\/\\\/www.biopapa.de\\\/lt\\\/producte\\\/ekologiski-kario-prieskoniai\\\/#breadcrumb\",\"itemListElement\":[{\"@type\":\"ListItem\",\"position\":1,\"name\":\"Home\",\"item\":\"https:\\\/\\\/www.biopapa.de\\\/lt\\\/\"},{\"@type\":\"ListItem\",\"position\":2,\"name\":\"Parduotuv\u0117\",\"item\":\"https:\\\/\\\/www.biopapa.de\\\/parduotuve\\\/\"},{\"@type\":\"ListItem\",\"position\":3,\"name\":\"Ekologi\u0161ki kario prieskoniai\"}]},{\"@type\":\"WebSite\",\"@id\":\"https:\\\/\\\/www.biopapa.de\\\/lt\\\/#website\",\"url\":\"https:\\\/\\\/www.biopapa.de\\\/lt\\\/\",\"name\":\"Biopapa\",\"description\":\"\u0160var\u016bs ekologi\u0161ki produktai\",\"publisher\":{\"@id\":\"https:\\\/\\\/www.biopapa.de\\\/lt\\\/#organization\"},\"potentialAction\":[{\"@type\":\"SearchAction\",\"target\":{\"@type\":\"EntryPoint\",\"urlTemplate\":\"https:\\\/\\\/www.biopapa.de\\\/lt\\\/?s={search_term_string}\"},\"query-input\":{\"@type\":\"PropertyValueSpecification\",\"valueRequired\":true,\"valueName\":\"search_term_string\"}}],\"inLanguage\":\"lt-LT\"},{\"@type\":\"Organization\",\"@id\":\"https:\\\/\\\/www.biopapa.de\\\/lt\\\/#organization\",\"name\":\"Biopapa\",\"url\":\"https:\\\/\\\/www.biopapa.de\\\/lt\\\/\",\"logo\":{\"@type\":\"ImageObject\",\"inLanguage\":\"lt-LT\",\"@id\":\"https:\\\/\\\/www.biopapa.de\\\/lt\\\/#\\\/schema\\\/logo\\\/image\\\/\",\"url\":\"https:\\\/\\\/www.biopapa.lt\\\/wp-content\\\/uploads\\\/2022\\\/04\\\/facebook_biopapa.jpg\",\"contentUrl\":\"https:\\\/\\\/www.biopapa.lt\\\/wp-content\\\/uploads\\\/2022\\\/04\\\/facebook_biopapa.jpg\",\"width\":1733,\"height\":907,\"caption\":\"Biopapa\"},\"image\":{\"@id\":\"https:\\\/\\\/www.biopapa.de\\\/lt\\\/#\\\/schema\\\/logo\\\/image\\\/\"},\"sameAs\":[\"https:\\\/\\\/www.facebook.com\\\/biopapa.lt\"]}]}<\/script>\n<!-- \/ Yoast SEO plugin. -->","yoast_head_json":{"title":"Ekologi\u0161ki kario prieskoniai - Biopapa","description":"Kario prieskonius galite naudoti \u012fvairiuose patiekaluose, siekdami suteikti jiems \u0161ilto ir aromatingo skonio.","robots":{"index":"index","follow":"follow","max-snippet":"max-snippet:-1","max-image-preview":"max-image-preview:large","max-video-preview":"max-video-preview:-1"},"canonical":"https:\/\/www.biopapa.de\/lt\/producte\/ekologiski-kario-prieskoniai\/","og_locale":"lt_LT","og_type":"article","og_title":"Ekologi\u0161ki kario prieskoniai - Biopapa","og_description":"Kario prieskonius galite naudoti \u012fvairiuose patiekaluose, siekdami suteikti jiems \u0161ilto ir aromatingo skonio.","og_url":"https:\/\/www.biopapa.de\/lt\/producte\/ekologiski-kario-prieskoniai\/","og_site_name":"Biopapa","article_publisher":"https:\/\/www.facebook.com\/biopapa.lt","article_modified_time":"2026-04-23T11:06:53+00:00","og_image":[{"width":800,"height":640,"url":"https:\/\/www.biopapa.de\/wp-content\/uploads\/2021\/10\/Ekologiski-kario-prieskoniai.jpg","type":"image\/jpeg"}],"twitter_card":"summary_large_image","twitter_misc":{"Est. reading time":"1 minut\u0117"},"schema":{"@context":"https:\/\/schema.org","@graph":[{"@type":"WebPage","@id":"https:\/\/www.biopapa.de\/lt\/producte\/ekologiski-kario-prieskoniai\/","url":"https:\/\/www.biopapa.de\/lt\/producte\/ekologiski-kario-prieskoniai\/","name":"Ekologi\u0161ki kario prieskoniai - Biopapa","isPartOf":{"@id":"https:\/\/www.biopapa.de\/lt\/#website"},"primaryImageOfPage":{"@id":"https:\/\/www.biopapa.de\/lt\/producte\/ekologiski-kario-prieskoniai\/#primaryimage"},"image":{"@id":"https:\/\/www.biopapa.de\/lt\/producte\/ekologiski-kario-prieskoniai\/#primaryimage"},"thumbnailUrl":"https:\/\/www.biopapa.de\/wp-content\/uploads\/2021\/10\/Ekologiski-kario-prieskoniai.jpg","datePublished":"2021-10-13T10:21:26+00:00","dateModified":"2026-04-23T11:06:53+00:00","description":"Kario prieskonius galite naudoti \u012fvairiuose patiekaluose, siekdami suteikti jiems \u0161ilto ir aromatingo skonio.","breadcrumb":{"@id":"https:\/\/www.biopapa.de\/lt\/producte\/ekologiski-kario-prieskoniai\/#breadcrumb"},"inLanguage":"lt-LT","potentialAction":[{"@type":"ReadAction","target":["https:\/\/www.biopapa.de\/lt\/producte\/ekologiski-kario-prieskoniai\/"]}]},{"@type":"ImageObject","inLanguage":"lt-LT","@id":"https:\/\/www.biopapa.de\/lt\/producte\/ekologiski-kario-prieskoniai\/#primaryimage","url":"https:\/\/www.biopapa.de\/wp-content\/uploads\/2021\/10\/Ekologiski-kario-prieskoniai.jpg","contentUrl":"https:\/\/www.biopapa.de\/wp-content\/uploads\/2021\/10\/Ekologiski-kario-prieskoniai.jpg","width":800,"height":640,"caption":"Ekologi\u0161ki kario prieskoniai"},{"@type":"BreadcrumbList","@id":"https:\/\/www.biopapa.de\/lt\/producte\/ekologiski-kario-prieskoniai\/#breadcrumb","itemListElement":[{"@type":"ListItem","position":1,"name":"Home","item":"https:\/\/www.biopapa.de\/lt\/"},{"@type":"ListItem","position":2,"name":"Parduotuv\u0117","item":"https:\/\/www.biopapa.de\/parduotuve\/"},{"@type":"ListItem","position":3,"name":"Ekologi\u0161ki kario prieskoniai"}]},{"@type":"WebSite","@id":"https:\/\/www.biopapa.de\/lt\/#website","url":"https:\/\/www.biopapa.de\/lt\/","name":"Biopapa","description":"\u0160var\u016bs ekologi\u0161ki produktai","publisher":{"@id":"https:\/\/www.biopapa.de\/lt\/#organization"},"potentialAction":[{"@type":"SearchAction","target":{"@type":"EntryPoint","urlTemplate":"https:\/\/www.biopapa.de\/lt\/?s={search_term_string}"},"query-input":{"@type":"PropertyValueSpecification","valueRequired":true,"valueName":"search_term_string"}}],"inLanguage":"lt-LT"},{"@type":"Organization","@id":"https:\/\/www.biopapa.de\/lt\/#organization","name":"Biopapa","url":"https:\/\/www.biopapa.de\/lt\/","logo":{"@type":"ImageObject","inLanguage":"lt-LT","@id":"https:\/\/www.biopapa.de\/lt\/#\/schema\/logo\/image\/","url":"https:\/\/www.biopapa.lt\/wp-content\/uploads\/2022\/04\/facebook_biopapa.jpg","contentUrl":"https:\/\/www.biopapa.lt\/wp-content\/uploads\/2022\/04\/facebook_biopapa.jpg","width":1733,"height":907,"caption":"Biopapa"},"image":{"@id":"https:\/\/www.biopapa.de\/lt\/#\/schema\/logo\/image\/"},"sameAs":["https:\/\/www.facebook.com\/biopapa.lt"]}]}},"_links":{"self":[{"href":"https:\/\/www.biopapa.de\/lt\/wp-json\/wp\/v2\/product\/15543","targetHints":{"allow":["GET"]}}],"collection":[{"href":"https:\/\/www.biopapa.de\/lt\/wp-json\/wp\/v2\/product"}],"about":[{"href":"https:\/\/www.biopapa.de\/lt\/wp-json\/wp\/v2\/types\/product"}],"wp:featuredmedia":[{"embeddable":true,"href":"https:\/\/www.biopapa.de\/lt\/wp-json\/wp\/v2\/media\/16012"}],"wp:attachment":[{"href":"https:\/\/www.biopapa.de\/lt\/wp-json\/wp\/v2\/media?parent=15543"}],"wp:term":[{"taxonomy":"product_brand","embeddable":true,"href":"https:\/\/www.biopapa.de\/lt\/wp-json\/wp\/v2\/product_brand?post=15543"},{"taxonomy":"product_cat","embeddable":true,"href":"https:\/\/www.biopapa.de\/lt\/wp-json\/wp\/v2\/product_cat?post=15543"},{"taxonomy":"product_tag","embeddable":true,"href":"https:\/\/www.biopapa.de\/lt\/wp-json\/wp\/v2\/product_tag?post=15543"}],"curies":[{"name":"wp","href":"https:\/\/api.w.org\/{rel}","templated":true}]}}