{"id":15575,"date":"2021-10-13T13:35:06","date_gmt":"2021-10-13T10:35:06","guid":{"rendered":"https:\/\/www.biopapa.lt\/?post_type=product&#038;p=15575"},"modified":"2026-02-12T09:41:30","modified_gmt":"2026-02-12T07:41:30","slug":"ekologiski-gvazdikeliai","status":"publish","type":"product","link":"https:\/\/www.biopapa.de\/lt\/producte\/ekologiski-gvazdikeliai\/","title":{"rendered":"Ekologi\u0161ki nesmulkinti gvazdik\u0117liai"},"content":{"rendered":"<p><strong>Gvazdik\u0117liai<\/strong> \u2013 tai d\u017eiovinti tropinio vis\u017ealio med\u017eio (Syzygium aromaticum) \u017eiedpumpuriai, kil\u0119 i\u0161 Moluk\u0173 sal\u0173 (Indonezija), dar vadinam\u0173 Prieskoni\u0173 salomis. Jau senov\u0117je jie buvo vertinami d\u0117l savo aromato ir gydom\u0173j\u0173 savybi\u0173 \u2013 gvazdik\u0117liai buvo naudojami Kinijoje, Indijoje ir Artimuosiuose Rytuose dar prie\u0161 m\u016bs\u0173 er\u0105. Europoje jie i\u0161populiar\u0117jo viduram\u017eiais kaip prabangus prieskonis ir konservantas. Gvazdik\u0117liai naudojami kulinarijoje tiek saldiems, tiek s\u016briems patiekalams gardinti, ypa\u010d kepiniuose, marinate, kompotuose ar kar\u0161tuose g\u0117rimuose, tokiuose kaip arbata. Be to, jie pla\u010diai taikomi aromaterapijoje ir liaudies medicinoje \u2013 j\u0173 eterinis aliejus pasi\u017eymi antibakterin\u0117mis, prie\u0161u\u017edegimin\u0117mis savyb\u0117mis ir da\u017enai naudojamas dant\u0173 skausmui mal\u0161inti. Jie naudojami sausainiams, desertams, saldainiams, ledams, sultims, kompotams,\u00a0 pyragams gaminti. J\u0173 dedama marinuojant agurkus, kop\u016bstus, morkas, burok\u0117lius.<br \/>\nAromatingi, \u0161vent\u0117mis kvepiantys gvazdik\u0117liai gera pora su cinamonu, lauro lapais ir\u00a0 juodaisiais pipirais, ciber\u017eole, kmynais, kalendra.<br \/>\nBe to, jie pla\u010diai taikomi aromaterapijoje ir liaudies medicinoje \u2013 j\u0173 eterinis aliejus galimai pasi\u017eymi antibakterin\u0117mis, prie\u0161u\u017edegimin\u0117mis savyb\u0117mis ir da\u017enai naudojamas dant\u0173 skausmui mal\u0161inti.<\/p>\n<p><em>PASTABA. \u010cia pateikta informacija negali b\u016bti interpretuojama kaip gydymo ar kitokio pob\u016bd\u017eio sveikatos klausim\u0173 sprendimo rekomendacija. Raginame sprendimus, susijusius su asmenine sveikata, priimti asmeni\u0161kai, \u012fvertinus \u012fvairius informacijos \u0161altinius.<\/em><\/p>\n","protected":false},"excerpt":{"rendered":"<p>Gvazdik\u0117liai \u2013 tai d\u017eiovinti tropinio vis\u017ealio med\u017eio (Syzygium aromaticum) \u017eiedpumpuriai, kil\u0119 i\u0161 Moluk\u0173 sal\u0173 (Indonezija), dar vadinam\u0173 Prieskoni\u0173 salomis. Jau<\/p>\n","protected":false},"featured_media":15963,"template":"","meta":{"_acf_changed":false},"product_brand":[],"product_cat":[1315],"product_tag":[1378],"class_list":{"0":"post-15575","1":"product","2":"type-product","3":"status-publish","4":"has-post-thumbnail","6":"product_cat-ekologiski-prieskoniai","7":"product_tag-veganams","8":"pa_svoris-1-kg","9":"pa_svoris-100-g","10":"pa_svoris-200-g","11":"pa_svoris-25-g","12":"pa_svoris-25-kg","13":"pa_svoris-300-g","14":"pa_svoris-400-g","15":"pa_svoris-50-g","16":"pa_svoris-500-g","18":"first","19":"instock","20":"shipping-taxable","21":"purchasable","22":"product-type-variable"},"acf":[],"yoast_head":"<!-- This site is optimized with the Yoast SEO plugin v27.5 - https:\/\/yoast.com\/product\/yoast-seo-wordpress\/ -->\n<title>Ekologi\u0161ki nesmulkinti gvazdik\u0117liai - Biopapa<\/title>\n<meta name=\"description\" content=\"Gvazdik\u0117liai naudojami kulinarijoje tiek saldiems, tiek s\u016briems patiekalams gardinti, ypa\u010d kepiniuose, marinate, kompotuose ar kar\u0161tuose g\u0117rimuose, tokiuose kaip arbata.\" \/>\n<meta name=\"robots\" content=\"index, follow, max-snippet:-1, max-image-preview:large, max-video-preview:-1\" \/>\n<link rel=\"canonical\" href=\"https:\/\/www.biopapa.de\/lt\/producte\/ekologiski-gvazdikeliai\/\" \/>\n<meta property=\"og:locale\" content=\"lt_LT\" \/>\n<meta property=\"og:type\" content=\"article\" \/>\n<meta property=\"og:title\" content=\"Ekologi\u0161ki nesmulkinti gvazdik\u0117liai - Biopapa\" \/>\n<meta property=\"og:description\" content=\"Gvazdik\u0117liai naudojami kulinarijoje tiek saldiems, tiek s\u016briems patiekalams gardinti, ypa\u010d kepiniuose, marinate, kompotuose ar kar\u0161tuose g\u0117rimuose, tokiuose kaip arbata.\" \/>\n<meta property=\"og:url\" content=\"https:\/\/www.biopapa.de\/lt\/producte\/ekologiski-gvazdikeliai\/\" \/>\n<meta property=\"og:site_name\" content=\"Biopapa\" \/>\n<meta property=\"article:publisher\" content=\"https:\/\/www.facebook.com\/biopapa.lt\" \/>\n<meta property=\"article:modified_time\" content=\"2026-02-12T07:41:30+00:00\" \/>\n<meta property=\"og:image\" content=\"https:\/\/www.biopapa.de\/wp-content\/uploads\/2021\/10\/Ekologiski-nesmulkinti-gvazdikeliai.jpg\" \/>\n\t<meta property=\"og:image:width\" content=\"800\" \/>\n\t<meta property=\"og:image:height\" content=\"640\" \/>\n\t<meta property=\"og:image:type\" content=\"image\/jpeg\" \/>\n<meta name=\"twitter:card\" content=\"summary_large_image\" \/>\n<script type=\"application\/ld+json\" class=\"yoast-schema-graph\">{\"@context\":\"https:\\\/\\\/schema.org\",\"@graph\":[{\"@type\":\"WebPage\",\"@id\":\"https:\\\/\\\/www.biopapa.de\\\/lt\\\/producte\\\/ekologiski-gvazdikeliai\\\/\",\"url\":\"https:\\\/\\\/www.biopapa.de\\\/lt\\\/producte\\\/ekologiski-gvazdikeliai\\\/\",\"name\":\"Ekologi\u0161ki nesmulkinti gvazdik\u0117liai - Biopapa\",\"isPartOf\":{\"@id\":\"https:\\\/\\\/www.biopapa.de\\\/lt\\\/#website\"},\"primaryImageOfPage\":{\"@id\":\"https:\\\/\\\/www.biopapa.de\\\/lt\\\/producte\\\/ekologiski-gvazdikeliai\\\/#primaryimage\"},\"image\":{\"@id\":\"https:\\\/\\\/www.biopapa.de\\\/lt\\\/producte\\\/ekologiski-gvazdikeliai\\\/#primaryimage\"},\"thumbnailUrl\":\"https:\\\/\\\/www.biopapa.de\\\/wp-content\\\/uploads\\\/2021\\\/10\\\/Ekologiski-nesmulkinti-gvazdikeliai.jpg\",\"datePublished\":\"2021-10-13T10:35:06+00:00\",\"dateModified\":\"2026-02-12T07:41:30+00:00\",\"description\":\"Gvazdik\u0117liai naudojami kulinarijoje tiek saldiems, tiek s\u016briems patiekalams gardinti, ypa\u010d kepiniuose, marinate, kompotuose ar kar\u0161tuose g\u0117rimuose, tokiuose kaip arbata.\",\"breadcrumb\":{\"@id\":\"https:\\\/\\\/www.biopapa.de\\\/lt\\\/producte\\\/ekologiski-gvazdikeliai\\\/#breadcrumb\"},\"inLanguage\":\"lt-LT\",\"potentialAction\":[{\"@type\":\"ReadAction\",\"target\":[\"https:\\\/\\\/www.biopapa.de\\\/lt\\\/producte\\\/ekologiski-gvazdikeliai\\\/\"]}]},{\"@type\":\"ImageObject\",\"inLanguage\":\"lt-LT\",\"@id\":\"https:\\\/\\\/www.biopapa.de\\\/lt\\\/producte\\\/ekologiski-gvazdikeliai\\\/#primaryimage\",\"url\":\"https:\\\/\\\/www.biopapa.de\\\/wp-content\\\/uploads\\\/2021\\\/10\\\/Ekologiski-nesmulkinti-gvazdikeliai.jpg\",\"contentUrl\":\"https:\\\/\\\/www.biopapa.de\\\/wp-content\\\/uploads\\\/2021\\\/10\\\/Ekologiski-nesmulkinti-gvazdikeliai.jpg\",\"width\":800,\"height\":640,\"caption\":\"Ekologi\u0161ki nesmulkinti gvazdik\u0117liai\"},{\"@type\":\"BreadcrumbList\",\"@id\":\"https:\\\/\\\/www.biopapa.de\\\/lt\\\/producte\\\/ekologiski-gvazdikeliai\\\/#breadcrumb\",\"itemListElement\":[{\"@type\":\"ListItem\",\"position\":1,\"name\":\"Home\",\"item\":\"https:\\\/\\\/www.biopapa.de\\\/lt\\\/\"},{\"@type\":\"ListItem\",\"position\":2,\"name\":\"Parduotuv\u0117\",\"item\":\"https:\\\/\\\/www.biopapa.de\\\/parduotuve\\\/\"},{\"@type\":\"ListItem\",\"position\":3,\"name\":\"Ekologi\u0161ki nesmulkinti gvazdik\u0117liai\"}]},{\"@type\":\"WebSite\",\"@id\":\"https:\\\/\\\/www.biopapa.de\\\/lt\\\/#website\",\"url\":\"https:\\\/\\\/www.biopapa.de\\\/lt\\\/\",\"name\":\"Biopapa\",\"description\":\"\u0160var\u016bs ekologi\u0161ki produktai\",\"publisher\":{\"@id\":\"https:\\\/\\\/www.biopapa.de\\\/lt\\\/#organization\"},\"potentialAction\":[{\"@type\":\"SearchAction\",\"target\":{\"@type\":\"EntryPoint\",\"urlTemplate\":\"https:\\\/\\\/www.biopapa.de\\\/lt\\\/?s={search_term_string}\"},\"query-input\":{\"@type\":\"PropertyValueSpecification\",\"valueRequired\":true,\"valueName\":\"search_term_string\"}}],\"inLanguage\":\"lt-LT\"},{\"@type\":\"Organization\",\"@id\":\"https:\\\/\\\/www.biopapa.de\\\/lt\\\/#organization\",\"name\":\"Biopapa\",\"url\":\"https:\\\/\\\/www.biopapa.de\\\/lt\\\/\",\"logo\":{\"@type\":\"ImageObject\",\"inLanguage\":\"lt-LT\",\"@id\":\"https:\\\/\\\/www.biopapa.de\\\/lt\\\/#\\\/schema\\\/logo\\\/image\\\/\",\"url\":\"https:\\\/\\\/www.biopapa.lt\\\/wp-content\\\/uploads\\\/2022\\\/04\\\/facebook_biopapa.jpg\",\"contentUrl\":\"https:\\\/\\\/www.biopapa.lt\\\/wp-content\\\/uploads\\\/2022\\\/04\\\/facebook_biopapa.jpg\",\"width\":1733,\"height\":907,\"caption\":\"Biopapa\"},\"image\":{\"@id\":\"https:\\\/\\\/www.biopapa.de\\\/lt\\\/#\\\/schema\\\/logo\\\/image\\\/\"},\"sameAs\":[\"https:\\\/\\\/www.facebook.com\\\/biopapa.lt\"]}]}<\/script>\n<!-- \/ Yoast SEO plugin. -->","yoast_head_json":{"title":"Ekologi\u0161ki nesmulkinti gvazdik\u0117liai - Biopapa","description":"Gvazdik\u0117liai naudojami kulinarijoje tiek saldiems, tiek s\u016briems patiekalams gardinti, ypa\u010d kepiniuose, marinate, kompotuose ar kar\u0161tuose g\u0117rimuose, tokiuose kaip arbata.","robots":{"index":"index","follow":"follow","max-snippet":"max-snippet:-1","max-image-preview":"max-image-preview:large","max-video-preview":"max-video-preview:-1"},"canonical":"https:\/\/www.biopapa.de\/lt\/producte\/ekologiski-gvazdikeliai\/","og_locale":"lt_LT","og_type":"article","og_title":"Ekologi\u0161ki nesmulkinti gvazdik\u0117liai - Biopapa","og_description":"Gvazdik\u0117liai naudojami kulinarijoje tiek saldiems, tiek s\u016briems patiekalams gardinti, ypa\u010d kepiniuose, marinate, kompotuose ar kar\u0161tuose g\u0117rimuose, tokiuose kaip arbata.","og_url":"https:\/\/www.biopapa.de\/lt\/producte\/ekologiski-gvazdikeliai\/","og_site_name":"Biopapa","article_publisher":"https:\/\/www.facebook.com\/biopapa.lt","article_modified_time":"2026-02-12T07:41:30+00:00","og_image":[{"width":800,"height":640,"url":"https:\/\/www.biopapa.de\/wp-content\/uploads\/2021\/10\/Ekologiski-nesmulkinti-gvazdikeliai.jpg","type":"image\/jpeg"}],"twitter_card":"summary_large_image","schema":{"@context":"https:\/\/schema.org","@graph":[{"@type":"WebPage","@id":"https:\/\/www.biopapa.de\/lt\/producte\/ekologiski-gvazdikeliai\/","url":"https:\/\/www.biopapa.de\/lt\/producte\/ekologiski-gvazdikeliai\/","name":"Ekologi\u0161ki nesmulkinti gvazdik\u0117liai - Biopapa","isPartOf":{"@id":"https:\/\/www.biopapa.de\/lt\/#website"},"primaryImageOfPage":{"@id":"https:\/\/www.biopapa.de\/lt\/producte\/ekologiski-gvazdikeliai\/#primaryimage"},"image":{"@id":"https:\/\/www.biopapa.de\/lt\/producte\/ekologiski-gvazdikeliai\/#primaryimage"},"thumbnailUrl":"https:\/\/www.biopapa.de\/wp-content\/uploads\/2021\/10\/Ekologiski-nesmulkinti-gvazdikeliai.jpg","datePublished":"2021-10-13T10:35:06+00:00","dateModified":"2026-02-12T07:41:30+00:00","description":"Gvazdik\u0117liai naudojami kulinarijoje tiek saldiems, tiek s\u016briems patiekalams gardinti, ypa\u010d kepiniuose, marinate, kompotuose ar kar\u0161tuose g\u0117rimuose, tokiuose kaip arbata.","breadcrumb":{"@id":"https:\/\/www.biopapa.de\/lt\/producte\/ekologiski-gvazdikeliai\/#breadcrumb"},"inLanguage":"lt-LT","potentialAction":[{"@type":"ReadAction","target":["https:\/\/www.biopapa.de\/lt\/producte\/ekologiski-gvazdikeliai\/"]}]},{"@type":"ImageObject","inLanguage":"lt-LT","@id":"https:\/\/www.biopapa.de\/lt\/producte\/ekologiski-gvazdikeliai\/#primaryimage","url":"https:\/\/www.biopapa.de\/wp-content\/uploads\/2021\/10\/Ekologiski-nesmulkinti-gvazdikeliai.jpg","contentUrl":"https:\/\/www.biopapa.de\/wp-content\/uploads\/2021\/10\/Ekologiski-nesmulkinti-gvazdikeliai.jpg","width":800,"height":640,"caption":"Ekologi\u0161ki nesmulkinti gvazdik\u0117liai"},{"@type":"BreadcrumbList","@id":"https:\/\/www.biopapa.de\/lt\/producte\/ekologiski-gvazdikeliai\/#breadcrumb","itemListElement":[{"@type":"ListItem","position":1,"name":"Home","item":"https:\/\/www.biopapa.de\/lt\/"},{"@type":"ListItem","position":2,"name":"Parduotuv\u0117","item":"https:\/\/www.biopapa.de\/parduotuve\/"},{"@type":"ListItem","position":3,"name":"Ekologi\u0161ki nesmulkinti gvazdik\u0117liai"}]},{"@type":"WebSite","@id":"https:\/\/www.biopapa.de\/lt\/#website","url":"https:\/\/www.biopapa.de\/lt\/","name":"Biopapa","description":"\u0160var\u016bs ekologi\u0161ki produktai","publisher":{"@id":"https:\/\/www.biopapa.de\/lt\/#organization"},"potentialAction":[{"@type":"SearchAction","target":{"@type":"EntryPoint","urlTemplate":"https:\/\/www.biopapa.de\/lt\/?s={search_term_string}"},"query-input":{"@type":"PropertyValueSpecification","valueRequired":true,"valueName":"search_term_string"}}],"inLanguage":"lt-LT"},{"@type":"Organization","@id":"https:\/\/www.biopapa.de\/lt\/#organization","name":"Biopapa","url":"https:\/\/www.biopapa.de\/lt\/","logo":{"@type":"ImageObject","inLanguage":"lt-LT","@id":"https:\/\/www.biopapa.de\/lt\/#\/schema\/logo\/image\/","url":"https:\/\/www.biopapa.lt\/wp-content\/uploads\/2022\/04\/facebook_biopapa.jpg","contentUrl":"https:\/\/www.biopapa.lt\/wp-content\/uploads\/2022\/04\/facebook_biopapa.jpg","width":1733,"height":907,"caption":"Biopapa"},"image":{"@id":"https:\/\/www.biopapa.de\/lt\/#\/schema\/logo\/image\/"},"sameAs":["https:\/\/www.facebook.com\/biopapa.lt"]}]}},"_links":{"self":[{"href":"https:\/\/www.biopapa.de\/lt\/wp-json\/wp\/v2\/product\/15575","targetHints":{"allow":["GET"]}}],"collection":[{"href":"https:\/\/www.biopapa.de\/lt\/wp-json\/wp\/v2\/product"}],"about":[{"href":"https:\/\/www.biopapa.de\/lt\/wp-json\/wp\/v2\/types\/product"}],"wp:featuredmedia":[{"embeddable":true,"href":"https:\/\/www.biopapa.de\/lt\/wp-json\/wp\/v2\/media\/15963"}],"wp:attachment":[{"href":"https:\/\/www.biopapa.de\/lt\/wp-json\/wp\/v2\/media?parent=15575"}],"wp:term":[{"taxonomy":"product_brand","embeddable":true,"href":"https:\/\/www.biopapa.de\/lt\/wp-json\/wp\/v2\/product_brand?post=15575"},{"taxonomy":"product_cat","embeddable":true,"href":"https:\/\/www.biopapa.de\/lt\/wp-json\/wp\/v2\/product_cat?post=15575"},{"taxonomy":"product_tag","embeddable":true,"href":"https:\/\/www.biopapa.de\/lt\/wp-json\/wp\/v2\/product_tag?post=15575"}],"curies":[{"name":"wp","href":"https:\/\/api.w.org\/{rel}","templated":true}]}}