{"id":15591,"date":"2021-10-13T13:43:17","date_gmt":"2021-10-13T10:43:17","guid":{"rendered":"https:\/\/www.biopapa.lt\/?post_type=product&#038;p=15591"},"modified":"2025-07-04T11:00:18","modified_gmt":"2025-07-04T08:00:18","slug":"ekologisku-moliugu-seklu-baltymu-milteliai-60-proc","status":"publish","type":"product","link":"https:\/\/www.biopapa.de\/lt\/producte\/ekologisku-moliugu-seklu-baltymu-milteliai-60-proc\/","title":{"rendered":"Ekologi\u0161k\u0173 moli\u016bg\u0173 s\u0117kl\u0173 baltym\u0173 milteliai (60% baltym\u0173)"},"content":{"rendered":"<p>Ekologi\u0161k\u0173 moli\u016bg\u0173 s\u0117kl\u0173 baltym\u0173 milteliai i\u0161gaunami i\u0161 moli\u016bg\u0173 s\u0117kl\u0173, \u0161velniai i\u0161spaud\u017eiant aliej\u0173, tuomet sutrinant s\u0117klas, kurios i\u0161laiko joms b\u016bding\u0105 aromat\u0105. Moli\u016bg\u0173 s\u0117kl\u0173 baltymus galima \u012fmai\u0161yti \u012f vaisi\u0173 kokteilius, desertus ir kepinius.<br \/>\n\u0160iuose baltym\u0173 milteliai yra gaus\u016bs skaidulini\u0173 med\u017eiag\u0173.<\/p>\n<p>Baltymai padeda gali palaikyti raumen\u0173 mas\u0117s augim\u0105. Svarbu \u012fvairi ir subalansuota mityba bei sveikas gyvenimo b\u016bdas.<\/p>\n<p><em>PASTABA. \u010cia pateikta informacija negali b\u016bti interpretuojama kaip gydymo ar kitokio pob\u016bd\u017eio sveikatos klausim\u0173 sprendimo rekomendacija. Raginame sprendimus, susijusius su asmenine sveikata, priimti asmeni\u0161kai, \u012fvertinus \u012fvairius informacijos \u0161altinius.<\/em><\/p>\n","protected":false},"excerpt":{"rendered":"<p>Ekologi\u0161k\u0173 moli\u016bg\u0173 s\u0117kl\u0173 baltym\u0173 milteliai i\u0161gaunami i\u0161 moli\u016bg\u0173 s\u0117kl\u0173, \u0161velniai i\u0161spaud\u017eiant aliej\u0173, tuomet sutrinant s\u0117klas, kurios i\u0161laiko joms b\u016bding\u0105 aromat\u0105.<\/p>\n","protected":false},"featured_media":16023,"template":"","meta":{"_acf_changed":false},"product_brand":[],"product_cat":[1216,2349],"product_tag":[1433,1378],"class_list":{"0":"post-15591","1":"product","2":"type-product","3":"status-publish","4":"has-post-thumbnail","6":"product_cat-augalinis-supermaistas","7":"product_cat-milteliai","8":"product_tag-baltymu-saltinis","9":"product_tag-veganams","10":"pa_svoris-1-kg","11":"pa_svoris-100-g","12":"pa_svoris-200-g","13":"pa_svoris-25-kg","14":"pa_svoris-300-g","15":"pa_svoris-400-g","16":"pa_svoris-50-g","17":"pa_svoris-500-g","19":"first","20":"instock","21":"shipping-taxable","22":"purchasable","23":"product-type-variable"},"acf":[],"yoast_head":"<!-- This site is optimized with the Yoast SEO plugin v27.4 - https:\/\/yoast.com\/product\/yoast-seo-wordpress\/ -->\n<title>Ekologi\u0161k\u0173 moli\u016bg\u0173 s\u0117kl\u0173 baltym\u0173 milteliai (60% baltym\u0173) - Biopapa<\/title>\n<meta name=\"robots\" content=\"index, follow, max-snippet:-1, max-image-preview:large, max-video-preview:-1\" \/>\n<link rel=\"canonical\" href=\"https:\/\/www.biopapa.de\/lt\/producte\/ekologisku-moliugu-seklu-baltymu-milteliai-60-proc\/\" \/>\n<meta property=\"og:locale\" content=\"lt_LT\" \/>\n<meta property=\"og:type\" content=\"article\" \/>\n<meta property=\"og:title\" content=\"Ekologi\u0161k\u0173 moli\u016bg\u0173 s\u0117kl\u0173 baltym\u0173 milteliai (60% baltym\u0173) - Biopapa\" \/>\n<meta property=\"og:description\" content=\"Ekologi\u0161k\u0173 moli\u016bg\u0173 s\u0117kl\u0173 baltym\u0173 milteliai i\u0161gaunami i\u0161 moli\u016bg\u0173 s\u0117kl\u0173, \u0161velniai i\u0161spaud\u017eiant aliej\u0173, tuomet sutrinant s\u0117klas, kurios i\u0161laiko joms b\u016bding\u0105 aromat\u0105.\" \/>\n<meta property=\"og:url\" content=\"https:\/\/www.biopapa.de\/lt\/producte\/ekologisku-moliugu-seklu-baltymu-milteliai-60-proc\/\" \/>\n<meta property=\"og:site_name\" content=\"Biopapa\" \/>\n<meta property=\"article:publisher\" content=\"https:\/\/www.facebook.com\/biopapa.lt\" \/>\n<meta property=\"article:modified_time\" content=\"2025-07-04T08:00:18+00:00\" \/>\n<meta property=\"og:image\" content=\"https:\/\/www.biopapa.de\/wp-content\/uploads\/2021\/10\/Ekologisku-moliugu-seklu-baltymu-milteliai-60-proc..jpg\" \/>\n\t<meta property=\"og:image:width\" content=\"800\" \/>\n\t<meta property=\"og:image:height\" content=\"640\" \/>\n\t<meta property=\"og:image:type\" content=\"image\/jpeg\" \/>\n<meta name=\"twitter:card\" content=\"summary_large_image\" \/>\n<script type=\"application\/ld+json\" class=\"yoast-schema-graph\">{\"@context\":\"https:\\\/\\\/schema.org\",\"@graph\":[{\"@type\":\"WebPage\",\"@id\":\"https:\\\/\\\/www.biopapa.de\\\/lt\\\/producte\\\/ekologisku-moliugu-seklu-baltymu-milteliai-60-proc\\\/\",\"url\":\"https:\\\/\\\/www.biopapa.de\\\/lt\\\/producte\\\/ekologisku-moliugu-seklu-baltymu-milteliai-60-proc\\\/\",\"name\":\"Ekologi\u0161k\u0173 moli\u016bg\u0173 s\u0117kl\u0173 baltym\u0173 milteliai (60% baltym\u0173) - Biopapa\",\"isPartOf\":{\"@id\":\"https:\\\/\\\/www.biopapa.de\\\/lt\\\/#website\"},\"primaryImageOfPage\":{\"@id\":\"https:\\\/\\\/www.biopapa.de\\\/lt\\\/producte\\\/ekologisku-moliugu-seklu-baltymu-milteliai-60-proc\\\/#primaryimage\"},\"image\":{\"@id\":\"https:\\\/\\\/www.biopapa.de\\\/lt\\\/producte\\\/ekologisku-moliugu-seklu-baltymu-milteliai-60-proc\\\/#primaryimage\"},\"thumbnailUrl\":\"https:\\\/\\\/www.biopapa.de\\\/wp-content\\\/uploads\\\/2021\\\/10\\\/Ekologisku-moliugu-seklu-baltymu-milteliai-60-proc..jpg\",\"datePublished\":\"2021-10-13T10:43:17+00:00\",\"dateModified\":\"2025-07-04T08:00:18+00:00\",\"breadcrumb\":{\"@id\":\"https:\\\/\\\/www.biopapa.de\\\/lt\\\/producte\\\/ekologisku-moliugu-seklu-baltymu-milteliai-60-proc\\\/#breadcrumb\"},\"inLanguage\":\"lt-LT\",\"potentialAction\":[{\"@type\":\"ReadAction\",\"target\":[\"https:\\\/\\\/www.biopapa.de\\\/lt\\\/producte\\\/ekologisku-moliugu-seklu-baltymu-milteliai-60-proc\\\/\"]}]},{\"@type\":\"ImageObject\",\"inLanguage\":\"lt-LT\",\"@id\":\"https:\\\/\\\/www.biopapa.de\\\/lt\\\/producte\\\/ekologisku-moliugu-seklu-baltymu-milteliai-60-proc\\\/#primaryimage\",\"url\":\"https:\\\/\\\/www.biopapa.de\\\/wp-content\\\/uploads\\\/2021\\\/10\\\/Ekologisku-moliugu-seklu-baltymu-milteliai-60-proc..jpg\",\"contentUrl\":\"https:\\\/\\\/www.biopapa.de\\\/wp-content\\\/uploads\\\/2021\\\/10\\\/Ekologisku-moliugu-seklu-baltymu-milteliai-60-proc..jpg\",\"width\":800,\"height\":640,\"caption\":\"Ekologi\u0161k\u0173 moli\u016bg\u0173 s\u0117kl\u0173 baltym\u0173 milteliai (60% baltym\u0173)\"},{\"@type\":\"BreadcrumbList\",\"@id\":\"https:\\\/\\\/www.biopapa.de\\\/lt\\\/producte\\\/ekologisku-moliugu-seklu-baltymu-milteliai-60-proc\\\/#breadcrumb\",\"itemListElement\":[{\"@type\":\"ListItem\",\"position\":1,\"name\":\"Home\",\"item\":\"https:\\\/\\\/www.biopapa.de\\\/lt\\\/\"},{\"@type\":\"ListItem\",\"position\":2,\"name\":\"Parduotuv\u0117\",\"item\":\"https:\\\/\\\/www.biopapa.de\\\/parduotuve\\\/\"},{\"@type\":\"ListItem\",\"position\":3,\"name\":\"Ekologi\u0161k\u0173 moli\u016bg\u0173 s\u0117kl\u0173 baltym\u0173 milteliai (60% baltym\u0173)\"}]},{\"@type\":\"WebSite\",\"@id\":\"https:\\\/\\\/www.biopapa.de\\\/lt\\\/#website\",\"url\":\"https:\\\/\\\/www.biopapa.de\\\/lt\\\/\",\"name\":\"Biopapa\",\"description\":\"\u0160var\u016bs ekologi\u0161ki produktai\",\"publisher\":{\"@id\":\"https:\\\/\\\/www.biopapa.de\\\/lt\\\/#organization\"},\"potentialAction\":[{\"@type\":\"SearchAction\",\"target\":{\"@type\":\"EntryPoint\",\"urlTemplate\":\"https:\\\/\\\/www.biopapa.de\\\/lt\\\/?s={search_term_string}\"},\"query-input\":{\"@type\":\"PropertyValueSpecification\",\"valueRequired\":true,\"valueName\":\"search_term_string\"}}],\"inLanguage\":\"lt-LT\"},{\"@type\":\"Organization\",\"@id\":\"https:\\\/\\\/www.biopapa.de\\\/lt\\\/#organization\",\"name\":\"Biopapa\",\"url\":\"https:\\\/\\\/www.biopapa.de\\\/lt\\\/\",\"logo\":{\"@type\":\"ImageObject\",\"inLanguage\":\"lt-LT\",\"@id\":\"https:\\\/\\\/www.biopapa.de\\\/lt\\\/#\\\/schema\\\/logo\\\/image\\\/\",\"url\":\"https:\\\/\\\/www.biopapa.lt\\\/wp-content\\\/uploads\\\/2022\\\/04\\\/facebook_biopapa.jpg\",\"contentUrl\":\"https:\\\/\\\/www.biopapa.lt\\\/wp-content\\\/uploads\\\/2022\\\/04\\\/facebook_biopapa.jpg\",\"width\":1733,\"height\":907,\"caption\":\"Biopapa\"},\"image\":{\"@id\":\"https:\\\/\\\/www.biopapa.de\\\/lt\\\/#\\\/schema\\\/logo\\\/image\\\/\"},\"sameAs\":[\"https:\\\/\\\/www.facebook.com\\\/biopapa.lt\"]}]}<\/script>\n<!-- \/ Yoast SEO plugin. -->","yoast_head_json":{"title":"Ekologi\u0161k\u0173 moli\u016bg\u0173 s\u0117kl\u0173 baltym\u0173 milteliai (60% baltym\u0173) - Biopapa","robots":{"index":"index","follow":"follow","max-snippet":"max-snippet:-1","max-image-preview":"max-image-preview:large","max-video-preview":"max-video-preview:-1"},"canonical":"https:\/\/www.biopapa.de\/lt\/producte\/ekologisku-moliugu-seklu-baltymu-milteliai-60-proc\/","og_locale":"lt_LT","og_type":"article","og_title":"Ekologi\u0161k\u0173 moli\u016bg\u0173 s\u0117kl\u0173 baltym\u0173 milteliai (60% baltym\u0173) - Biopapa","og_description":"Ekologi\u0161k\u0173 moli\u016bg\u0173 s\u0117kl\u0173 baltym\u0173 milteliai i\u0161gaunami i\u0161 moli\u016bg\u0173 s\u0117kl\u0173, \u0161velniai i\u0161spaud\u017eiant aliej\u0173, tuomet sutrinant s\u0117klas, kurios i\u0161laiko joms b\u016bding\u0105 aromat\u0105.","og_url":"https:\/\/www.biopapa.de\/lt\/producte\/ekologisku-moliugu-seklu-baltymu-milteliai-60-proc\/","og_site_name":"Biopapa","article_publisher":"https:\/\/www.facebook.com\/biopapa.lt","article_modified_time":"2025-07-04T08:00:18+00:00","og_image":[{"width":800,"height":640,"url":"https:\/\/www.biopapa.de\/wp-content\/uploads\/2021\/10\/Ekologisku-moliugu-seklu-baltymu-milteliai-60-proc..jpg","type":"image\/jpeg"}],"twitter_card":"summary_large_image","schema":{"@context":"https:\/\/schema.org","@graph":[{"@type":"WebPage","@id":"https:\/\/www.biopapa.de\/lt\/producte\/ekologisku-moliugu-seklu-baltymu-milteliai-60-proc\/","url":"https:\/\/www.biopapa.de\/lt\/producte\/ekologisku-moliugu-seklu-baltymu-milteliai-60-proc\/","name":"Ekologi\u0161k\u0173 moli\u016bg\u0173 s\u0117kl\u0173 baltym\u0173 milteliai (60% baltym\u0173) - Biopapa","isPartOf":{"@id":"https:\/\/www.biopapa.de\/lt\/#website"},"primaryImageOfPage":{"@id":"https:\/\/www.biopapa.de\/lt\/producte\/ekologisku-moliugu-seklu-baltymu-milteliai-60-proc\/#primaryimage"},"image":{"@id":"https:\/\/www.biopapa.de\/lt\/producte\/ekologisku-moliugu-seklu-baltymu-milteliai-60-proc\/#primaryimage"},"thumbnailUrl":"https:\/\/www.biopapa.de\/wp-content\/uploads\/2021\/10\/Ekologisku-moliugu-seklu-baltymu-milteliai-60-proc..jpg","datePublished":"2021-10-13T10:43:17+00:00","dateModified":"2025-07-04T08:00:18+00:00","breadcrumb":{"@id":"https:\/\/www.biopapa.de\/lt\/producte\/ekologisku-moliugu-seklu-baltymu-milteliai-60-proc\/#breadcrumb"},"inLanguage":"lt-LT","potentialAction":[{"@type":"ReadAction","target":["https:\/\/www.biopapa.de\/lt\/producte\/ekologisku-moliugu-seklu-baltymu-milteliai-60-proc\/"]}]},{"@type":"ImageObject","inLanguage":"lt-LT","@id":"https:\/\/www.biopapa.de\/lt\/producte\/ekologisku-moliugu-seklu-baltymu-milteliai-60-proc\/#primaryimage","url":"https:\/\/www.biopapa.de\/wp-content\/uploads\/2021\/10\/Ekologisku-moliugu-seklu-baltymu-milteliai-60-proc..jpg","contentUrl":"https:\/\/www.biopapa.de\/wp-content\/uploads\/2021\/10\/Ekologisku-moliugu-seklu-baltymu-milteliai-60-proc..jpg","width":800,"height":640,"caption":"Ekologi\u0161k\u0173 moli\u016bg\u0173 s\u0117kl\u0173 baltym\u0173 milteliai (60% baltym\u0173)"},{"@type":"BreadcrumbList","@id":"https:\/\/www.biopapa.de\/lt\/producte\/ekologisku-moliugu-seklu-baltymu-milteliai-60-proc\/#breadcrumb","itemListElement":[{"@type":"ListItem","position":1,"name":"Home","item":"https:\/\/www.biopapa.de\/lt\/"},{"@type":"ListItem","position":2,"name":"Parduotuv\u0117","item":"https:\/\/www.biopapa.de\/parduotuve\/"},{"@type":"ListItem","position":3,"name":"Ekologi\u0161k\u0173 moli\u016bg\u0173 s\u0117kl\u0173 baltym\u0173 milteliai (60% baltym\u0173)"}]},{"@type":"WebSite","@id":"https:\/\/www.biopapa.de\/lt\/#website","url":"https:\/\/www.biopapa.de\/lt\/","name":"Biopapa","description":"\u0160var\u016bs ekologi\u0161ki produktai","publisher":{"@id":"https:\/\/www.biopapa.de\/lt\/#organization"},"potentialAction":[{"@type":"SearchAction","target":{"@type":"EntryPoint","urlTemplate":"https:\/\/www.biopapa.de\/lt\/?s={search_term_string}"},"query-input":{"@type":"PropertyValueSpecification","valueRequired":true,"valueName":"search_term_string"}}],"inLanguage":"lt-LT"},{"@type":"Organization","@id":"https:\/\/www.biopapa.de\/lt\/#organization","name":"Biopapa","url":"https:\/\/www.biopapa.de\/lt\/","logo":{"@type":"ImageObject","inLanguage":"lt-LT","@id":"https:\/\/www.biopapa.de\/lt\/#\/schema\/logo\/image\/","url":"https:\/\/www.biopapa.lt\/wp-content\/uploads\/2022\/04\/facebook_biopapa.jpg","contentUrl":"https:\/\/www.biopapa.lt\/wp-content\/uploads\/2022\/04\/facebook_biopapa.jpg","width":1733,"height":907,"caption":"Biopapa"},"image":{"@id":"https:\/\/www.biopapa.de\/lt\/#\/schema\/logo\/image\/"},"sameAs":["https:\/\/www.facebook.com\/biopapa.lt"]}]}},"_links":{"self":[{"href":"https:\/\/www.biopapa.de\/lt\/wp-json\/wp\/v2\/product\/15591","targetHints":{"allow":["GET"]}}],"collection":[{"href":"https:\/\/www.biopapa.de\/lt\/wp-json\/wp\/v2\/product"}],"about":[{"href":"https:\/\/www.biopapa.de\/lt\/wp-json\/wp\/v2\/types\/product"}],"wp:featuredmedia":[{"embeddable":true,"href":"https:\/\/www.biopapa.de\/lt\/wp-json\/wp\/v2\/media\/16023"}],"wp:attachment":[{"href":"https:\/\/www.biopapa.de\/lt\/wp-json\/wp\/v2\/media?parent=15591"}],"wp:term":[{"taxonomy":"product_brand","embeddable":true,"href":"https:\/\/www.biopapa.de\/lt\/wp-json\/wp\/v2\/product_brand?post=15591"},{"taxonomy":"product_cat","embeddable":true,"href":"https:\/\/www.biopapa.de\/lt\/wp-json\/wp\/v2\/product_cat?post=15591"},{"taxonomy":"product_tag","embeddable":true,"href":"https:\/\/www.biopapa.de\/lt\/wp-json\/wp\/v2\/product_tag?post=15591"}],"curies":[{"name":"wp","href":"https:\/\/api.w.org\/{rel}","templated":true}]}}