{"id":15599,"date":"2021-10-13T13:45:25","date_gmt":"2021-10-13T10:45:25","guid":{"rendered":"https:\/\/www.biopapa.lt\/?post_type=product&#038;p=15599"},"modified":"2026-02-26T10:40:43","modified_gmt":"2026-02-26T08:40:43","slug":"ekologisku-sojos-baltymu-milteliai-90-proc","status":"publish","type":"product","link":"https:\/\/www.biopapa.de\/lt\/producte\/ekologisku-sojos-baltymu-milteliai-90-proc\/","title":{"rendered":"Ekologi\u0161k\u0173 sojos baltym\u0173 milteliai (izoliatas, 90% baltym\u0173)"},"content":{"rendered":"<p><strong>Ekologi\u0161k\u0173 sojos baltym\u0173 milteliai (izoliatas, 90% baltym\u0173)<\/strong><br \/>\nSoj\u0173 baltym\u0173 milteliai i\u0161populiar\u0117jo kaip vertingas maisto papildas, turintis daug naudos sveikatai. \u0160is augalin\u0117s kilm\u0117s baltym\u0173 \u0161altinis yra \u017einomas d\u0117l savo pilno aminor\u016bg\u0161\u010di\u0173 profilio, tod\u0117l jis yra idealus pasirinkimas vegetarams ir veganams, norintiems patenkinti savo baltym\u0173 poreikius. Be baltym\u0173 kiekio, sojos baltym\u0173 milteliai turi papildom\u0173 privalum\u0173. Juose nat\u016braliai ma\u017eai so\u010di\u0173j\u0173 riebal\u0173, sojos baltymuose yra izoflavon\u0173 \u2013 augalini\u0173 jungini\u0173, kurie susilauk\u0117 d\u0117mesio d\u0117l galimo menopauz\u0117s simptom\u0173 palengvinimo ir tam tikr\u0173 l\u0117tini\u0173 lig\u0173 rizikos ma\u017einimo. Soj\u0173 baltym\u0173 milteliai gali b\u016bti galingas j\u016bs\u0173 dietos papildymas, padedantis atstatyti raumenis, valdyti svor\u012f ir pagerinti bendr\u0105 savijaut\u0105.<\/p>\n<p>Naudojimas<br \/>\nVienas populiariausi\u0173 j\u0173 panaudojimo b\u016bd\u0173 yra baltym\u0173 kokteiliai, patogus b\u016bdas padidinti kasdien\u012f baltym\u0173 kiek\u012f.<br \/>\nJie taip pat gali b\u016bti dedami \u012f kepinius, pvz., bandeles ar baltym\u0173 baton\u0117lius, padidinant j\u0173 maistin\u0119 vert\u0119 ir paversdami juos so\u010diu u\u017ekand\u017eiu.<br \/>\nBe to, sojos baltym\u0173 miltelius galima \u012fmai\u0161yti \u012f ko\u0161es, jogurt\u0105 ar dribsnius.<\/p>\n<p><em>PASTABA. \u010cia pateikta informacija negali b\u016bti interpretuojama kaip gydymo ar kitokio pob\u016bd\u017eio sveikatos klausim\u0173 sprendimo rekomendacija. Raginame sprendimus, susijusius su asmenine sveikata, priimti asmeni\u0161kai, \u012fvertinus \u012fvairius informacijos \u0161altinius. <\/em><\/p>\n","protected":false},"excerpt":{"rendered":"<p>Ekologi\u0161k\u0173 sojos baltym\u0173 milteliai (izoliatas, 90% baltym\u0173) Soj\u0173 baltym\u0173 milteliai i\u0161populiar\u0117jo kaip vertingas maisto papildas, turintis daug naudos sveikatai. \u0160is<\/p>\n","protected":false},"featured_media":16021,"template":"","meta":{"_acf_changed":false},"product_brand":[],"product_cat":[1216,2349],"product_tag":[1433,1378],"class_list":{"0":"post-15599","1":"product","2":"type-product","3":"status-publish","4":"has-post-thumbnail","6":"product_cat-augalinis-supermaistas","7":"product_cat-milteliai","8":"product_tag-baltymu-saltinis","9":"product_tag-veganams","10":"pa_svoris-1-kg","11":"pa_svoris-100-g","12":"pa_svoris-20-kg","13":"pa_svoris-200-g","14":"pa_svoris-300-g","15":"pa_svoris-400-g","16":"pa_svoris-50-g","17":"pa_svoris-500-g","19":"first","20":"outofstock","21":"shipping-taxable","22":"purchasable","23":"product-type-variable"},"acf":[],"yoast_head":"<!-- This site is optimized with the Yoast SEO plugin v27.4 - https:\/\/yoast.com\/product\/yoast-seo-wordpress\/ -->\n<title>Ekologi\u0161k\u0173 sojos baltym\u0173 milteliai (izoliatas, 90% baltym\u0173) - Biopapa<\/title>\n<meta name=\"description\" content=\"Sojos baltym\u0173 milteliai i\u0161populiar\u0117jo kaip vertingas maisto papildas, turintis daug naudos sveikatai. Tai puikus augalin\u0117s kilm\u0117s baltym\u0173 \u0161altinis.\" \/>\n<meta name=\"robots\" content=\"index, follow, max-snippet:-1, max-image-preview:large, max-video-preview:-1\" \/>\n<link rel=\"canonical\" href=\"https:\/\/www.biopapa.de\/lt\/producte\/ekologisku-sojos-baltymu-milteliai-90-proc\/\" \/>\n<meta property=\"og:locale\" content=\"lt_LT\" \/>\n<meta property=\"og:type\" content=\"article\" \/>\n<meta property=\"og:title\" content=\"Ekologi\u0161k\u0173 sojos baltym\u0173 milteliai (izoliatas, 90% baltym\u0173) - Biopapa\" \/>\n<meta property=\"og:description\" content=\"Sojos baltym\u0173 milteliai i\u0161populiar\u0117jo kaip vertingas maisto papildas, turintis daug naudos sveikatai. Tai puikus augalin\u0117s kilm\u0117s baltym\u0173 \u0161altinis.\" \/>\n<meta property=\"og:url\" content=\"https:\/\/www.biopapa.de\/lt\/producte\/ekologisku-sojos-baltymu-milteliai-90-proc\/\" \/>\n<meta property=\"og:site_name\" content=\"Biopapa\" \/>\n<meta property=\"article:publisher\" content=\"https:\/\/www.facebook.com\/biopapa.lt\" \/>\n<meta property=\"article:modified_time\" content=\"2026-02-26T08:40:43+00:00\" \/>\n<meta property=\"og:image\" content=\"https:\/\/www.biopapa.de\/wp-content\/uploads\/2021\/10\/Ekologisku-sojos-baltymu-milteliai-90-proc..jpg\" \/>\n\t<meta property=\"og:image:width\" content=\"800\" \/>\n\t<meta property=\"og:image:height\" content=\"640\" \/>\n\t<meta property=\"og:image:type\" content=\"image\/jpeg\" \/>\n<meta name=\"twitter:card\" content=\"summary_large_image\" \/>\n<script type=\"application\/ld+json\" class=\"yoast-schema-graph\">{\"@context\":\"https:\\\/\\\/schema.org\",\"@graph\":[{\"@type\":\"WebPage\",\"@id\":\"https:\\\/\\\/www.biopapa.de\\\/lt\\\/producte\\\/ekologisku-sojos-baltymu-milteliai-90-proc\\\/\",\"url\":\"https:\\\/\\\/www.biopapa.de\\\/lt\\\/producte\\\/ekologisku-sojos-baltymu-milteliai-90-proc\\\/\",\"name\":\"Ekologi\u0161k\u0173 sojos baltym\u0173 milteliai (izoliatas, 90% baltym\u0173) - Biopapa\",\"isPartOf\":{\"@id\":\"https:\\\/\\\/www.biopapa.de\\\/lt\\\/#website\"},\"primaryImageOfPage\":{\"@id\":\"https:\\\/\\\/www.biopapa.de\\\/lt\\\/producte\\\/ekologisku-sojos-baltymu-milteliai-90-proc\\\/#primaryimage\"},\"image\":{\"@id\":\"https:\\\/\\\/www.biopapa.de\\\/lt\\\/producte\\\/ekologisku-sojos-baltymu-milteliai-90-proc\\\/#primaryimage\"},\"thumbnailUrl\":\"https:\\\/\\\/www.biopapa.de\\\/wp-content\\\/uploads\\\/2021\\\/10\\\/Ekologisku-sojos-baltymu-milteliai-90-proc..jpg\",\"datePublished\":\"2021-10-13T10:45:25+00:00\",\"dateModified\":\"2026-02-26T08:40:43+00:00\",\"description\":\"Sojos baltym\u0173 milteliai i\u0161populiar\u0117jo kaip vertingas maisto papildas, turintis daug naudos sveikatai. Tai puikus augalin\u0117s kilm\u0117s baltym\u0173 \u0161altinis.\",\"breadcrumb\":{\"@id\":\"https:\\\/\\\/www.biopapa.de\\\/lt\\\/producte\\\/ekologisku-sojos-baltymu-milteliai-90-proc\\\/#breadcrumb\"},\"inLanguage\":\"lt-LT\",\"potentialAction\":[{\"@type\":\"ReadAction\",\"target\":[\"https:\\\/\\\/www.biopapa.de\\\/lt\\\/producte\\\/ekologisku-sojos-baltymu-milteliai-90-proc\\\/\"]}]},{\"@type\":\"ImageObject\",\"inLanguage\":\"lt-LT\",\"@id\":\"https:\\\/\\\/www.biopapa.de\\\/lt\\\/producte\\\/ekologisku-sojos-baltymu-milteliai-90-proc\\\/#primaryimage\",\"url\":\"https:\\\/\\\/www.biopapa.de\\\/wp-content\\\/uploads\\\/2021\\\/10\\\/Ekologisku-sojos-baltymu-milteliai-90-proc..jpg\",\"contentUrl\":\"https:\\\/\\\/www.biopapa.de\\\/wp-content\\\/uploads\\\/2021\\\/10\\\/Ekologisku-sojos-baltymu-milteliai-90-proc..jpg\",\"width\":800,\"height\":640,\"caption\":\"Ekologi\u0161k\u0173 sojos baltym\u0173 milteliai (izoliatas, 90% baltym\u0173)\"},{\"@type\":\"BreadcrumbList\",\"@id\":\"https:\\\/\\\/www.biopapa.de\\\/lt\\\/producte\\\/ekologisku-sojos-baltymu-milteliai-90-proc\\\/#breadcrumb\",\"itemListElement\":[{\"@type\":\"ListItem\",\"position\":1,\"name\":\"Home\",\"item\":\"https:\\\/\\\/www.biopapa.de\\\/lt\\\/\"},{\"@type\":\"ListItem\",\"position\":2,\"name\":\"Parduotuv\u0117\",\"item\":\"https:\\\/\\\/www.biopapa.de\\\/parduotuve\\\/\"},{\"@type\":\"ListItem\",\"position\":3,\"name\":\"Ekologi\u0161k\u0173 sojos baltym\u0173 milteliai (izoliatas, 90% baltym\u0173)\"}]},{\"@type\":\"WebSite\",\"@id\":\"https:\\\/\\\/www.biopapa.de\\\/lt\\\/#website\",\"url\":\"https:\\\/\\\/www.biopapa.de\\\/lt\\\/\",\"name\":\"Biopapa\",\"description\":\"\u0160var\u016bs ekologi\u0161ki produktai\",\"publisher\":{\"@id\":\"https:\\\/\\\/www.biopapa.de\\\/lt\\\/#organization\"},\"potentialAction\":[{\"@type\":\"SearchAction\",\"target\":{\"@type\":\"EntryPoint\",\"urlTemplate\":\"https:\\\/\\\/www.biopapa.de\\\/lt\\\/?s={search_term_string}\"},\"query-input\":{\"@type\":\"PropertyValueSpecification\",\"valueRequired\":true,\"valueName\":\"search_term_string\"}}],\"inLanguage\":\"lt-LT\"},{\"@type\":\"Organization\",\"@id\":\"https:\\\/\\\/www.biopapa.de\\\/lt\\\/#organization\",\"name\":\"Biopapa\",\"url\":\"https:\\\/\\\/www.biopapa.de\\\/lt\\\/\",\"logo\":{\"@type\":\"ImageObject\",\"inLanguage\":\"lt-LT\",\"@id\":\"https:\\\/\\\/www.biopapa.de\\\/lt\\\/#\\\/schema\\\/logo\\\/image\\\/\",\"url\":\"https:\\\/\\\/www.biopapa.lt\\\/wp-content\\\/uploads\\\/2022\\\/04\\\/facebook_biopapa.jpg\",\"contentUrl\":\"https:\\\/\\\/www.biopapa.lt\\\/wp-content\\\/uploads\\\/2022\\\/04\\\/facebook_biopapa.jpg\",\"width\":1733,\"height\":907,\"caption\":\"Biopapa\"},\"image\":{\"@id\":\"https:\\\/\\\/www.biopapa.de\\\/lt\\\/#\\\/schema\\\/logo\\\/image\\\/\"},\"sameAs\":[\"https:\\\/\\\/www.facebook.com\\\/biopapa.lt\"]}]}<\/script>\n<!-- \/ Yoast SEO plugin. -->","yoast_head_json":{"title":"Ekologi\u0161k\u0173 sojos baltym\u0173 milteliai (izoliatas, 90% baltym\u0173) - Biopapa","description":"Sojos baltym\u0173 milteliai i\u0161populiar\u0117jo kaip vertingas maisto papildas, turintis daug naudos sveikatai. Tai puikus augalin\u0117s kilm\u0117s baltym\u0173 \u0161altinis.","robots":{"index":"index","follow":"follow","max-snippet":"max-snippet:-1","max-image-preview":"max-image-preview:large","max-video-preview":"max-video-preview:-1"},"canonical":"https:\/\/www.biopapa.de\/lt\/producte\/ekologisku-sojos-baltymu-milteliai-90-proc\/","og_locale":"lt_LT","og_type":"article","og_title":"Ekologi\u0161k\u0173 sojos baltym\u0173 milteliai (izoliatas, 90% baltym\u0173) - Biopapa","og_description":"Sojos baltym\u0173 milteliai i\u0161populiar\u0117jo kaip vertingas maisto papildas, turintis daug naudos sveikatai. Tai puikus augalin\u0117s kilm\u0117s baltym\u0173 \u0161altinis.","og_url":"https:\/\/www.biopapa.de\/lt\/producte\/ekologisku-sojos-baltymu-milteliai-90-proc\/","og_site_name":"Biopapa","article_publisher":"https:\/\/www.facebook.com\/biopapa.lt","article_modified_time":"2026-02-26T08:40:43+00:00","og_image":[{"width":800,"height":640,"url":"https:\/\/www.biopapa.de\/wp-content\/uploads\/2021\/10\/Ekologisku-sojos-baltymu-milteliai-90-proc..jpg","type":"image\/jpeg"}],"twitter_card":"summary_large_image","schema":{"@context":"https:\/\/schema.org","@graph":[{"@type":"WebPage","@id":"https:\/\/www.biopapa.de\/lt\/producte\/ekologisku-sojos-baltymu-milteliai-90-proc\/","url":"https:\/\/www.biopapa.de\/lt\/producte\/ekologisku-sojos-baltymu-milteliai-90-proc\/","name":"Ekologi\u0161k\u0173 sojos baltym\u0173 milteliai (izoliatas, 90% baltym\u0173) - Biopapa","isPartOf":{"@id":"https:\/\/www.biopapa.de\/lt\/#website"},"primaryImageOfPage":{"@id":"https:\/\/www.biopapa.de\/lt\/producte\/ekologisku-sojos-baltymu-milteliai-90-proc\/#primaryimage"},"image":{"@id":"https:\/\/www.biopapa.de\/lt\/producte\/ekologisku-sojos-baltymu-milteliai-90-proc\/#primaryimage"},"thumbnailUrl":"https:\/\/www.biopapa.de\/wp-content\/uploads\/2021\/10\/Ekologisku-sojos-baltymu-milteliai-90-proc..jpg","datePublished":"2021-10-13T10:45:25+00:00","dateModified":"2026-02-26T08:40:43+00:00","description":"Sojos baltym\u0173 milteliai i\u0161populiar\u0117jo kaip vertingas maisto papildas, turintis daug naudos sveikatai. Tai puikus augalin\u0117s kilm\u0117s baltym\u0173 \u0161altinis.","breadcrumb":{"@id":"https:\/\/www.biopapa.de\/lt\/producte\/ekologisku-sojos-baltymu-milteliai-90-proc\/#breadcrumb"},"inLanguage":"lt-LT","potentialAction":[{"@type":"ReadAction","target":["https:\/\/www.biopapa.de\/lt\/producte\/ekologisku-sojos-baltymu-milteliai-90-proc\/"]}]},{"@type":"ImageObject","inLanguage":"lt-LT","@id":"https:\/\/www.biopapa.de\/lt\/producte\/ekologisku-sojos-baltymu-milteliai-90-proc\/#primaryimage","url":"https:\/\/www.biopapa.de\/wp-content\/uploads\/2021\/10\/Ekologisku-sojos-baltymu-milteliai-90-proc..jpg","contentUrl":"https:\/\/www.biopapa.de\/wp-content\/uploads\/2021\/10\/Ekologisku-sojos-baltymu-milteliai-90-proc..jpg","width":800,"height":640,"caption":"Ekologi\u0161k\u0173 sojos baltym\u0173 milteliai (izoliatas, 90% baltym\u0173)"},{"@type":"BreadcrumbList","@id":"https:\/\/www.biopapa.de\/lt\/producte\/ekologisku-sojos-baltymu-milteliai-90-proc\/#breadcrumb","itemListElement":[{"@type":"ListItem","position":1,"name":"Home","item":"https:\/\/www.biopapa.de\/lt\/"},{"@type":"ListItem","position":2,"name":"Parduotuv\u0117","item":"https:\/\/www.biopapa.de\/parduotuve\/"},{"@type":"ListItem","position":3,"name":"Ekologi\u0161k\u0173 sojos baltym\u0173 milteliai (izoliatas, 90% baltym\u0173)"}]},{"@type":"WebSite","@id":"https:\/\/www.biopapa.de\/lt\/#website","url":"https:\/\/www.biopapa.de\/lt\/","name":"Biopapa","description":"\u0160var\u016bs ekologi\u0161ki produktai","publisher":{"@id":"https:\/\/www.biopapa.de\/lt\/#organization"},"potentialAction":[{"@type":"SearchAction","target":{"@type":"EntryPoint","urlTemplate":"https:\/\/www.biopapa.de\/lt\/?s={search_term_string}"},"query-input":{"@type":"PropertyValueSpecification","valueRequired":true,"valueName":"search_term_string"}}],"inLanguage":"lt-LT"},{"@type":"Organization","@id":"https:\/\/www.biopapa.de\/lt\/#organization","name":"Biopapa","url":"https:\/\/www.biopapa.de\/lt\/","logo":{"@type":"ImageObject","inLanguage":"lt-LT","@id":"https:\/\/www.biopapa.de\/lt\/#\/schema\/logo\/image\/","url":"https:\/\/www.biopapa.lt\/wp-content\/uploads\/2022\/04\/facebook_biopapa.jpg","contentUrl":"https:\/\/www.biopapa.lt\/wp-content\/uploads\/2022\/04\/facebook_biopapa.jpg","width":1733,"height":907,"caption":"Biopapa"},"image":{"@id":"https:\/\/www.biopapa.de\/lt\/#\/schema\/logo\/image\/"},"sameAs":["https:\/\/www.facebook.com\/biopapa.lt"]}]}},"_links":{"self":[{"href":"https:\/\/www.biopapa.de\/lt\/wp-json\/wp\/v2\/product\/15599","targetHints":{"allow":["GET"]}}],"collection":[{"href":"https:\/\/www.biopapa.de\/lt\/wp-json\/wp\/v2\/product"}],"about":[{"href":"https:\/\/www.biopapa.de\/lt\/wp-json\/wp\/v2\/types\/product"}],"wp:featuredmedia":[{"embeddable":true,"href":"https:\/\/www.biopapa.de\/lt\/wp-json\/wp\/v2\/media\/16021"}],"wp:attachment":[{"href":"https:\/\/www.biopapa.de\/lt\/wp-json\/wp\/v2\/media?parent=15599"}],"wp:term":[{"taxonomy":"product_brand","embeddable":true,"href":"https:\/\/www.biopapa.de\/lt\/wp-json\/wp\/v2\/product_brand?post=15599"},{"taxonomy":"product_cat","embeddable":true,"href":"https:\/\/www.biopapa.de\/lt\/wp-json\/wp\/v2\/product_cat?post=15599"},{"taxonomy":"product_tag","embeddable":true,"href":"https:\/\/www.biopapa.de\/lt\/wp-json\/wp\/v2\/product_tag?post=15599"}],"curies":[{"name":"wp","href":"https:\/\/api.w.org\/{rel}","templated":true}]}}