{"id":15607,"date":"2021-10-13T13:48:44","date_gmt":"2021-10-13T10:48:44","guid":{"rendered":"https:\/\/www.biopapa.lt\/?post_type=product&#038;p=15607"},"modified":"2026-03-03T11:46:58","modified_gmt":"2026-03-03T09:46:58","slug":"ekologiski-gliaudyti-kedro-riesutai","status":"publish","type":"product","link":"https:\/\/www.biopapa.de\/lt\/producte\/ekologiski-gliaudyti-kedro-riesutai\/","title":{"rendered":"Ekologi\u0161ki gliaudyti kedro rie\u0161utai"},"content":{"rendered":"<p>Kedro rie\u0161utai \u0161imtme\u010dius buvo gerbiami d\u0117l savo unikalaus skonio, universalumo ir naudos sveikatai. \u0160ie rie\u0161utai savo subtiliu skoniu pa\u012fvairins \u012fvairius patiekalus ir suteiks daugyb\u0119 maistini\u0173 med\u017eiag\u0173.<br \/>\n<strong>Ekologi\u0161ki kedro rie\u0161utai<\/strong> turi b\u016btin\u0173 maistini\u0173 med\u017eiag\u0173, \u012fskaitant baltymus, maistines skaidulas, vitaminus ir mineral\u0173 (toki\u0173 kaip magnis, cinkas ir gele\u017eis), \u0161altinis. Rie\u0161utuose esantis baltym\u0173, sveik\u0173j\u0173 riebal\u0173 ir skaidul\u0173 derinys gali pad\u0117ti pa\u017eaboti apetit\u0105 ir sustiprinti sotumo jausm\u0105 ir pad\u0117ti valdyti svor\u012f.<br \/>\nKedro rie\u0161utai gali pasigirti antioksidantais, ypa\u010d vitaminu E, kurie kovoja su oksidaciniu stresu ir prisideda prie l\u0105steli\u0173 sveikatos.<br \/>\nD\u0117l savo sud\u0117ties, kurioje yra daug maistini\u0173 med\u017eiag\u0173, kedro rie\u0161utai yra greitas energijos \u0161altinis, tod\u0117l jie yra idealus u\u017ekand\u017ei\u0173 pasirinkimas.<br \/>\nBe naudos sveikatai, kedro rie\u0161utai ant stalo suteikia puikios kulinarin\u0117s patirties.<\/p>\n<p>Naudojimas<br \/>\nKedro rie\u0161utai vaidina pagrindin\u012f vaidmen\u012f kuriant klasikin\u012f pesto pada\u017e\u0105. Sumai\u0161ius su \u0161vie\u017eiu baziliku, \u010desnaku, alyvuogi\u0173 aliejumi ir parmezano s\u016briu, jie sudaro kremin\u012f ir aromating\u0105 pagrind\u0105.<br \/>\nPabarstykite kedro rie\u0161ut\u0173 ant salot\u0173, kad suteiktum\u0117te malon\u0173 tra\u0161kum\u0105 ir sodrum\u0105, o \u012fprastas salotas paverskite gurmani\u0161ka patirtimi.<br \/>\nPagardinkite tro\u0161kintas dar\u017eoves \u012fmai\u0161ydami kedro rie\u0161ut\u0173. Rie\u0161utai suteikia patiekalui gilumo, papildo skon\u012f.<br \/>\nD\u0117l i\u0161skirtinio skonio ir tekst\u016bros jie puikiai tinka prie sausaini\u0173, pyrag\u0173, duonos ir kit\u0173 kepini\u0173, suteikia jiems subtil\u0173 rie\u0161ut\u0173 skon\u012f.<br \/>\nRie\u0161ut\u0173 sviestas: paverskite kedro rie\u0161utus \u012f sot\u0173 ir nauding\u0105 rie\u0161ut\u0173 sviest\u0105. U\u017etepkite ant skrebu\u010dio, naudokite kaip pada\u017e\u0105.<\/p>\n<p>Nor\u0117dami m\u0117gautis kedro rie\u0161ut\u0173 privalumais atsi\u017evelkite \u012f \u0161iuos patarimus:<br \/>\nPirkite kedro rie\u0161utus i\u0161 patikim\u0173 \u0161altini\u0173, kad u\u017etikrintum\u0117te \u0161vie\u017eum\u0105 ir kokyb\u0119.<br \/>\nLaikykite sandariame inde v\u0117sioje, tamsioje vietoje, kad i\u0161vengtum\u0117te apkartimo ir pailgintum\u0117te galiojimo laik\u0105.<\/p>\n<p>Nesvarbu, ar kuriate gurmani\u0161k\u0105 patiekal\u0105, ar ie\u0161kote maistingo u\u017ekand\u017eio, kedro rie\u0161utai yra skanus ir naudingas pasirinkimas, galintis pakelti j\u016bs\u0173 kulinarinius potyrius \u012f naujas auk\u0161tumas.<\/p>\n<p><em>PASTABA. \u010cia pateikta informacija negali b\u016bti interpretuojama kaip gydymo ar kitokio pob\u016bd\u017eio sveikatos klausim\u0173 sprendimo rekomendacija. Raginame sprendimus, susijusius su asmenine sveikata, priimti asmeni\u0161kai, \u012fvertinus \u012fvairius informacijos \u0161altinius. <\/em><\/p>\n","protected":false},"excerpt":{"rendered":"<p>Kedro rie\u0161utai \u0161imtme\u010dius buvo gerbiami d\u0117l savo unikalaus skonio, universalumo ir naudos sveikatai. \u0160ie rie\u0161utai savo subtiliu skoniu pa\u012fvairins \u012fvairius<\/p>\n","protected":false},"featured_media":15962,"template":"","meta":{"_acf_changed":false},"product_brand":[],"product_cat":[1904,730],"product_tag":[1380,1378,1382],"class_list":{"0":"post-15607","1":"product","2":"type-product","3":"status-publish","4":"has-post-thumbnail","6":"product_cat-riesutai","7":"product_cat-ekologiski-riesutai-seklos","8":"product_tag-keto-mityba","9":"product_tag-veganams","10":"product_tag-zaliavalgiams","11":"pa_svoris-1-kg","12":"pa_svoris-100-g","13":"pa_svoris-12-5-kg","14":"pa_svoris-200-g","15":"pa_svoris-25-kg","16":"pa_svoris-300-g","17":"pa_svoris-400-g","18":"pa_svoris-50-g","19":"pa_svoris-500-g","21":"first","22":"instock","23":"shipping-taxable","24":"purchasable","25":"product-type-variable"},"acf":[],"yoast_head":"<!-- This site is optimized with the Yoast SEO plugin v27.5 - https:\/\/yoast.com\/product\/yoast-seo-wordpress\/ -->\n<title>Ekologi\u0161ki gliaudyti kedro rie\u0161utai - Biopapa<\/title>\n<meta name=\"description\" content=\"Ekologi\u0161ki kedro rie\u0161utai turi b\u016btin\u0173 maistini\u0173 med\u017eiag\u0173, \u012fskaitant baltymus, maistines skaidulas, vitaminus ir mineral\u0173 \u0161altinis.\" \/>\n<meta name=\"robots\" content=\"index, follow, max-snippet:-1, max-image-preview:large, max-video-preview:-1\" \/>\n<link rel=\"canonical\" href=\"https:\/\/www.biopapa.de\/lt\/producte\/ekologiski-gliaudyti-kedro-riesutai\/\" \/>\n<meta property=\"og:locale\" content=\"lt_LT\" \/>\n<meta property=\"og:type\" content=\"article\" \/>\n<meta property=\"og:title\" content=\"Ekologi\u0161ki gliaudyti kedro rie\u0161utai - Biopapa\" \/>\n<meta property=\"og:description\" content=\"Ekologi\u0161ki kedro rie\u0161utai turi b\u016btin\u0173 maistini\u0173 med\u017eiag\u0173, \u012fskaitant baltymus, maistines skaidulas, vitaminus ir mineral\u0173 \u0161altinis.\" \/>\n<meta property=\"og:url\" content=\"https:\/\/www.biopapa.de\/lt\/producte\/ekologiski-gliaudyti-kedro-riesutai\/\" \/>\n<meta property=\"og:site_name\" content=\"Biopapa\" \/>\n<meta property=\"article:publisher\" content=\"https:\/\/www.facebook.com\/biopapa.lt\" \/>\n<meta property=\"article:modified_time\" content=\"2026-03-03T09:46:58+00:00\" \/>\n<meta property=\"og:image\" content=\"https:\/\/www.biopapa.de\/wp-content\/uploads\/2021\/10\/Ekologiski-gliaudyti-kedro-riesutai.jpg\" \/>\n\t<meta property=\"og:image:width\" content=\"800\" \/>\n\t<meta property=\"og:image:height\" content=\"640\" \/>\n\t<meta property=\"og:image:type\" content=\"image\/jpeg\" \/>\n<meta name=\"twitter:card\" content=\"summary_large_image\" \/>\n<meta name=\"twitter:label1\" content=\"Est. reading time\" \/>\n\t<meta name=\"twitter:data1\" content=\"1 minut\u0117\" \/>\n<script type=\"application\/ld+json\" class=\"yoast-schema-graph\">{\"@context\":\"https:\\\/\\\/schema.org\",\"@graph\":[{\"@type\":\"WebPage\",\"@id\":\"https:\\\/\\\/www.biopapa.de\\\/lt\\\/producte\\\/ekologiski-gliaudyti-kedro-riesutai\\\/\",\"url\":\"https:\\\/\\\/www.biopapa.de\\\/lt\\\/producte\\\/ekologiski-gliaudyti-kedro-riesutai\\\/\",\"name\":\"Ekologi\u0161ki gliaudyti kedro rie\u0161utai - Biopapa\",\"isPartOf\":{\"@id\":\"https:\\\/\\\/www.biopapa.de\\\/lt\\\/#website\"},\"primaryImageOfPage\":{\"@id\":\"https:\\\/\\\/www.biopapa.de\\\/lt\\\/producte\\\/ekologiski-gliaudyti-kedro-riesutai\\\/#primaryimage\"},\"image\":{\"@id\":\"https:\\\/\\\/www.biopapa.de\\\/lt\\\/producte\\\/ekologiski-gliaudyti-kedro-riesutai\\\/#primaryimage\"},\"thumbnailUrl\":\"https:\\\/\\\/www.biopapa.de\\\/wp-content\\\/uploads\\\/2021\\\/10\\\/Ekologiski-gliaudyti-kedro-riesutai.jpg\",\"datePublished\":\"2021-10-13T10:48:44+00:00\",\"dateModified\":\"2026-03-03T09:46:58+00:00\",\"description\":\"Ekologi\u0161ki kedro rie\u0161utai turi b\u016btin\u0173 maistini\u0173 med\u017eiag\u0173, \u012fskaitant baltymus, maistines skaidulas, vitaminus ir mineral\u0173 \u0161altinis.\",\"breadcrumb\":{\"@id\":\"https:\\\/\\\/www.biopapa.de\\\/lt\\\/producte\\\/ekologiski-gliaudyti-kedro-riesutai\\\/#breadcrumb\"},\"inLanguage\":\"lt-LT\",\"potentialAction\":[{\"@type\":\"ReadAction\",\"target\":[\"https:\\\/\\\/www.biopapa.de\\\/lt\\\/producte\\\/ekologiski-gliaudyti-kedro-riesutai\\\/\"]}]},{\"@type\":\"ImageObject\",\"inLanguage\":\"lt-LT\",\"@id\":\"https:\\\/\\\/www.biopapa.de\\\/lt\\\/producte\\\/ekologiski-gliaudyti-kedro-riesutai\\\/#primaryimage\",\"url\":\"https:\\\/\\\/www.biopapa.de\\\/wp-content\\\/uploads\\\/2021\\\/10\\\/Ekologiski-gliaudyti-kedro-riesutai.jpg\",\"contentUrl\":\"https:\\\/\\\/www.biopapa.de\\\/wp-content\\\/uploads\\\/2021\\\/10\\\/Ekologiski-gliaudyti-kedro-riesutai.jpg\",\"width\":800,\"height\":640,\"caption\":\"Ekologi\u0161ki gliaudyti kedro rie\u0161utai\"},{\"@type\":\"BreadcrumbList\",\"@id\":\"https:\\\/\\\/www.biopapa.de\\\/lt\\\/producte\\\/ekologiski-gliaudyti-kedro-riesutai\\\/#breadcrumb\",\"itemListElement\":[{\"@type\":\"ListItem\",\"position\":1,\"name\":\"Home\",\"item\":\"https:\\\/\\\/www.biopapa.de\\\/lt\\\/\"},{\"@type\":\"ListItem\",\"position\":2,\"name\":\"Parduotuv\u0117\",\"item\":\"https:\\\/\\\/www.biopapa.de\\\/parduotuve\\\/\"},{\"@type\":\"ListItem\",\"position\":3,\"name\":\"Ekologi\u0161ki gliaudyti kedro rie\u0161utai\"}]},{\"@type\":\"WebSite\",\"@id\":\"https:\\\/\\\/www.biopapa.de\\\/lt\\\/#website\",\"url\":\"https:\\\/\\\/www.biopapa.de\\\/lt\\\/\",\"name\":\"Biopapa\",\"description\":\"\u0160var\u016bs ekologi\u0161ki produktai\",\"publisher\":{\"@id\":\"https:\\\/\\\/www.biopapa.de\\\/lt\\\/#organization\"},\"potentialAction\":[{\"@type\":\"SearchAction\",\"target\":{\"@type\":\"EntryPoint\",\"urlTemplate\":\"https:\\\/\\\/www.biopapa.de\\\/lt\\\/?s={search_term_string}\"},\"query-input\":{\"@type\":\"PropertyValueSpecification\",\"valueRequired\":true,\"valueName\":\"search_term_string\"}}],\"inLanguage\":\"lt-LT\"},{\"@type\":\"Organization\",\"@id\":\"https:\\\/\\\/www.biopapa.de\\\/lt\\\/#organization\",\"name\":\"Biopapa\",\"url\":\"https:\\\/\\\/www.biopapa.de\\\/lt\\\/\",\"logo\":{\"@type\":\"ImageObject\",\"inLanguage\":\"lt-LT\",\"@id\":\"https:\\\/\\\/www.biopapa.de\\\/lt\\\/#\\\/schema\\\/logo\\\/image\\\/\",\"url\":\"https:\\\/\\\/www.biopapa.lt\\\/wp-content\\\/uploads\\\/2022\\\/04\\\/facebook_biopapa.jpg\",\"contentUrl\":\"https:\\\/\\\/www.biopapa.lt\\\/wp-content\\\/uploads\\\/2022\\\/04\\\/facebook_biopapa.jpg\",\"width\":1733,\"height\":907,\"caption\":\"Biopapa\"},\"image\":{\"@id\":\"https:\\\/\\\/www.biopapa.de\\\/lt\\\/#\\\/schema\\\/logo\\\/image\\\/\"},\"sameAs\":[\"https:\\\/\\\/www.facebook.com\\\/biopapa.lt\"]}]}<\/script>\n<!-- \/ Yoast SEO plugin. -->","yoast_head_json":{"title":"Ekologi\u0161ki gliaudyti kedro rie\u0161utai - Biopapa","description":"Ekologi\u0161ki kedro rie\u0161utai turi b\u016btin\u0173 maistini\u0173 med\u017eiag\u0173, \u012fskaitant baltymus, maistines skaidulas, vitaminus ir mineral\u0173 \u0161altinis.","robots":{"index":"index","follow":"follow","max-snippet":"max-snippet:-1","max-image-preview":"max-image-preview:large","max-video-preview":"max-video-preview:-1"},"canonical":"https:\/\/www.biopapa.de\/lt\/producte\/ekologiski-gliaudyti-kedro-riesutai\/","og_locale":"lt_LT","og_type":"article","og_title":"Ekologi\u0161ki gliaudyti kedro rie\u0161utai - Biopapa","og_description":"Ekologi\u0161ki kedro rie\u0161utai turi b\u016btin\u0173 maistini\u0173 med\u017eiag\u0173, \u012fskaitant baltymus, maistines skaidulas, vitaminus ir mineral\u0173 \u0161altinis.","og_url":"https:\/\/www.biopapa.de\/lt\/producte\/ekologiski-gliaudyti-kedro-riesutai\/","og_site_name":"Biopapa","article_publisher":"https:\/\/www.facebook.com\/biopapa.lt","article_modified_time":"2026-03-03T09:46:58+00:00","og_image":[{"width":800,"height":640,"url":"https:\/\/www.biopapa.de\/wp-content\/uploads\/2021\/10\/Ekologiski-gliaudyti-kedro-riesutai.jpg","type":"image\/jpeg"}],"twitter_card":"summary_large_image","twitter_misc":{"Est. reading time":"1 minut\u0117"},"schema":{"@context":"https:\/\/schema.org","@graph":[{"@type":"WebPage","@id":"https:\/\/www.biopapa.de\/lt\/producte\/ekologiski-gliaudyti-kedro-riesutai\/","url":"https:\/\/www.biopapa.de\/lt\/producte\/ekologiski-gliaudyti-kedro-riesutai\/","name":"Ekologi\u0161ki gliaudyti kedro rie\u0161utai - Biopapa","isPartOf":{"@id":"https:\/\/www.biopapa.de\/lt\/#website"},"primaryImageOfPage":{"@id":"https:\/\/www.biopapa.de\/lt\/producte\/ekologiski-gliaudyti-kedro-riesutai\/#primaryimage"},"image":{"@id":"https:\/\/www.biopapa.de\/lt\/producte\/ekologiski-gliaudyti-kedro-riesutai\/#primaryimage"},"thumbnailUrl":"https:\/\/www.biopapa.de\/wp-content\/uploads\/2021\/10\/Ekologiski-gliaudyti-kedro-riesutai.jpg","datePublished":"2021-10-13T10:48:44+00:00","dateModified":"2026-03-03T09:46:58+00:00","description":"Ekologi\u0161ki kedro rie\u0161utai turi b\u016btin\u0173 maistini\u0173 med\u017eiag\u0173, \u012fskaitant baltymus, maistines skaidulas, vitaminus ir mineral\u0173 \u0161altinis.","breadcrumb":{"@id":"https:\/\/www.biopapa.de\/lt\/producte\/ekologiski-gliaudyti-kedro-riesutai\/#breadcrumb"},"inLanguage":"lt-LT","potentialAction":[{"@type":"ReadAction","target":["https:\/\/www.biopapa.de\/lt\/producte\/ekologiski-gliaudyti-kedro-riesutai\/"]}]},{"@type":"ImageObject","inLanguage":"lt-LT","@id":"https:\/\/www.biopapa.de\/lt\/producte\/ekologiski-gliaudyti-kedro-riesutai\/#primaryimage","url":"https:\/\/www.biopapa.de\/wp-content\/uploads\/2021\/10\/Ekologiski-gliaudyti-kedro-riesutai.jpg","contentUrl":"https:\/\/www.biopapa.de\/wp-content\/uploads\/2021\/10\/Ekologiski-gliaudyti-kedro-riesutai.jpg","width":800,"height":640,"caption":"Ekologi\u0161ki gliaudyti kedro rie\u0161utai"},{"@type":"BreadcrumbList","@id":"https:\/\/www.biopapa.de\/lt\/producte\/ekologiski-gliaudyti-kedro-riesutai\/#breadcrumb","itemListElement":[{"@type":"ListItem","position":1,"name":"Home","item":"https:\/\/www.biopapa.de\/lt\/"},{"@type":"ListItem","position":2,"name":"Parduotuv\u0117","item":"https:\/\/www.biopapa.de\/parduotuve\/"},{"@type":"ListItem","position":3,"name":"Ekologi\u0161ki gliaudyti kedro rie\u0161utai"}]},{"@type":"WebSite","@id":"https:\/\/www.biopapa.de\/lt\/#website","url":"https:\/\/www.biopapa.de\/lt\/","name":"Biopapa","description":"\u0160var\u016bs ekologi\u0161ki produktai","publisher":{"@id":"https:\/\/www.biopapa.de\/lt\/#organization"},"potentialAction":[{"@type":"SearchAction","target":{"@type":"EntryPoint","urlTemplate":"https:\/\/www.biopapa.de\/lt\/?s={search_term_string}"},"query-input":{"@type":"PropertyValueSpecification","valueRequired":true,"valueName":"search_term_string"}}],"inLanguage":"lt-LT"},{"@type":"Organization","@id":"https:\/\/www.biopapa.de\/lt\/#organization","name":"Biopapa","url":"https:\/\/www.biopapa.de\/lt\/","logo":{"@type":"ImageObject","inLanguage":"lt-LT","@id":"https:\/\/www.biopapa.de\/lt\/#\/schema\/logo\/image\/","url":"https:\/\/www.biopapa.lt\/wp-content\/uploads\/2022\/04\/facebook_biopapa.jpg","contentUrl":"https:\/\/www.biopapa.lt\/wp-content\/uploads\/2022\/04\/facebook_biopapa.jpg","width":1733,"height":907,"caption":"Biopapa"},"image":{"@id":"https:\/\/www.biopapa.de\/lt\/#\/schema\/logo\/image\/"},"sameAs":["https:\/\/www.facebook.com\/biopapa.lt"]}]}},"_links":{"self":[{"href":"https:\/\/www.biopapa.de\/lt\/wp-json\/wp\/v2\/product\/15607","targetHints":{"allow":["GET"]}}],"collection":[{"href":"https:\/\/www.biopapa.de\/lt\/wp-json\/wp\/v2\/product"}],"about":[{"href":"https:\/\/www.biopapa.de\/lt\/wp-json\/wp\/v2\/types\/product"}],"wp:featuredmedia":[{"embeddable":true,"href":"https:\/\/www.biopapa.de\/lt\/wp-json\/wp\/v2\/media\/15962"}],"wp:attachment":[{"href":"https:\/\/www.biopapa.de\/lt\/wp-json\/wp\/v2\/media?parent=15607"}],"wp:term":[{"taxonomy":"product_brand","embeddable":true,"href":"https:\/\/www.biopapa.de\/lt\/wp-json\/wp\/v2\/product_brand?post=15607"},{"taxonomy":"product_cat","embeddable":true,"href":"https:\/\/www.biopapa.de\/lt\/wp-json\/wp\/v2\/product_cat?post=15607"},{"taxonomy":"product_tag","embeddable":true,"href":"https:\/\/www.biopapa.de\/lt\/wp-json\/wp\/v2\/product_tag?post=15607"}],"curies":[{"name":"wp","href":"https:\/\/api.w.org\/{rel}","templated":true}]}}