{"id":15682,"date":"2021-10-21T16:25:34","date_gmt":"2021-10-21T13:25:34","guid":{"rendered":"https:\/\/www.biopapa.lt\/?post_type=product&#038;p=15682"},"modified":"2025-08-13T15:17:42","modified_gmt":"2025-08-13T12:17:42","slug":"ekologiskos-spirulinos-tabletes-500-mg","status":"publish","type":"product","link":"https:\/\/www.biopapa.de\/lt\/producte\/ekologiskos-spirulinos-tabletes-500-mg\/","title":{"rendered":"Ekologi\u0161kos spirulina tablet\u0117s 500 mg"},"content":{"rendered":"<p><strong>Ekologi\u0161kos spirulina tablet\u0117s 500 mg<br \/>\n100 g = apie 200 vnt. table\u010di\u0173<\/strong><\/p>\n<p>Rekomenduojama paros norma: 6-10 table\u010di\u0173. Prie\u0161 vartojant daug maistini\u0173 med\u017eiag\u0173 turin\u010dius produktus, rekomenduojama pasitarti su gydytoju.<\/p>\n<p>Spirulina yra nat\u016bral\u016bs m\u0117lynai \u017eali dumbliai, kurie naudoja saul\u0117s spinduli\u0173 energij\u0105 savo augimui skatinti. Kaip vienas daugiausiai baltym\u0173 turintis augalinis maisto produktas bei turtingas mikroelement\u0173 \u0161altinis, jis yra vienas geriausi\u0173 ir originaliausi\u0173 supermaisto produkt\u0173 pasaulyje. \u0160ie minimaliai apdoroti spirulinos milteliai, auginti ir nuimti ypatingai tyro vandens telkiniuose, i\u0161d\u017eiovinami iki nat\u016braliai maisting\u0173 milteli\u0173. Tuomet registruotas vaist\u0173 gamintojas suspaud\u017eia spirulinos miltelius \u012f tabletes (nenaudojant joki\u0173 papildom\u0173 pried\u0173), kuriose yra 500 mg spirulinos. Spirulinos tablet\u0117s yra patikrintos ir atitinka Vaist\u0173 ir sveikatos prie\u017ei\u016bros produkt\u0173 reguliavimo tarnybos nustatytus standartus. Ekologi\u0161kos Spirulinos tablet\u0117s yra sertifikuotos pagal <em>Soil Association<\/em> ir atitinka ES ekologi\u0161kumo standartus.<\/p>\n<p><strong>Spirulinos tablet\u0117se esantys mikroelementai prisideda prie:<\/strong><br \/>\n\u2713 nuovargio ma\u017einimo<br \/>\n\u2713 normalaus raudon\u0173j\u0173 kraujo k\u016bneli\u0173 ir hemoglobino susidarymo<br \/>\n\u2713 normalios raumen\u0173 funkcijos<br \/>\n\u2713 normalios baltym\u0173 sintez\u0117s<br \/>\n\u2713 normalios psichologin\u0117s funkcijos<br \/>\n\u2713 normalios kaul\u0173 b\u016bkl\u0117s palaikymo<br \/>\n\u2713 normalios dant\u0173 b\u016bkl\u0117s<br \/>\n\u2713 l\u0105steli\u0173 dalijimosi proceso<br \/>\n\u2713 normalios pa\u017einimo funkcijos<br \/>\n\u2713 normalaus deguonies perne\u0161imas organizme<br \/>\n\u2713 normalios imunin\u0117s sistemos veiklos<br \/>\n\u2713 normalios nerv\u0173 sistemos veiklos<br \/>\n\u2713 hormon\u0173 veiklos reguliavimo<br \/>\n\u2713 normalios vaik\u0173 pa\u017einimo raidos<br \/>\n\u2713 normalios makroelement\u0173 apykaitos<br \/>\n\u2713 elektrolit\u0173 balanso<br \/>\n\u2713 normalios energijos apykaitos<br \/>\n\u2713 normalaus gliukoz\u0117s kiekio kraujuje palaikymo<br \/>\n\u2713 normalios nerv\u0173 sistemos veiklos<br \/>\n\u2713 normalios gleivin\u0117s palaikymo<br \/>\n\u2713 normali\u0173 raudon\u0173j\u0173 kraujo k\u016bneli\u0173 palaikymo<br \/>\n\u2713 normalios odos palaikymo<br \/>\n\u2713 normalaus reg\u0117jimo palaikymo<br \/>\n\u2713 normalios gele\u017eies apykaitos<br \/>\n\u2713 normalios homocisteino apykaitos<br \/>\n\u2713 normalios baltym\u0173 ir glikogeno apykaitos<br \/>\n\u2713 normalaus raudon\u0173j\u0173 kraujo k\u016bneli\u0173 susidarymo<br \/>\n\u2713 normalios gele\u017eies apykaitos<\/p>\n<p><em>PASTABA. \u010cia pateikta informacija negali b\u016bti interpretuojama kaip gydymo ar kitokio pob\u016bd\u017eio sveikatos klausim\u0173 sprendimo rekomendacija. Raginame sprendimus, susijusius su asmenine sveikata, priimti asmeni\u0161kai, \u012fvertinus \u012fvairius informacijos \u0161altinius.<\/em><\/p>\n<p>&nbsp;<\/p>\n","protected":false},"excerpt":{"rendered":"<p>Ekologi\u0161kos spirulina tablet\u0117s 500 mg 100 g = apie 200 vnt. table\u010di\u0173 Rekomenduojama paros norma: 6-10 table\u010di\u0173. Prie\u0161 vartojant daug<\/p>\n","protected":false},"featured_media":16047,"template":"","meta":{"_acf_changed":false},"product_brand":[],"product_cat":[1216,2347],"product_tag":[1433,1380,1378],"class_list":{"0":"post-15682","1":"product","2":"type-product","3":"status-publish","4":"has-post-thumbnail","6":"product_cat-augalinis-supermaistas","7":"product_cat-tabletes","8":"product_tag-baltymu-saltinis","9":"product_tag-keto-mityba","10":"product_tag-veganams","11":"pa_svoris-1-kg","12":"pa_svoris-100-g","13":"pa_svoris-20-kg","14":"pa_svoris-200-g","15":"pa_svoris-300-g","16":"pa_svoris-400-g","17":"pa_svoris-5-kg","18":"pa_svoris-50-g","19":"pa_svoris-500-g","21":"first","22":"instock","23":"shipping-taxable","24":"purchasable","25":"product-type-variable"},"acf":[],"yoast_head":"<!-- This site is optimized with the Yoast SEO plugin v27.5 - https:\/\/yoast.com\/product\/yoast-seo-wordpress\/ -->\n<title>Ekologi\u0161kos spirulina tablet\u0117s 500 mg - Biopapa<\/title>\n<meta name=\"description\" content=\"Spirulina yra nat\u016bral\u016bs m\u0117lynai \u017eali dumbliai, kurie naudoja saul\u0117s spinduli\u0173 energij\u0105 savo augimui skatinti. Kaip vienas daugiausiai baltym\u0173 turintis augalinis maisto produktas bei turtingas mikroelement\u0173 \u0161altinis, jis yra vienas geriausi\u0173 ir originaliausi\u0173 supermaisto produkt\u0173 pasaulyje.\" \/>\n<meta name=\"robots\" content=\"index, follow, max-snippet:-1, max-image-preview:large, max-video-preview:-1\" \/>\n<link rel=\"canonical\" href=\"https:\/\/www.biopapa.de\/lt\/producte\/ekologiskos-spirulinos-tabletes-500-mg\/\" \/>\n<meta property=\"og:locale\" content=\"lt_LT\" \/>\n<meta property=\"og:type\" content=\"article\" \/>\n<meta property=\"og:title\" content=\"Ekologi\u0161kos spirulina tablet\u0117s 500 mg - Biopapa\" \/>\n<meta property=\"og:description\" content=\"Spirulina yra nat\u016bral\u016bs m\u0117lynai \u017eali dumbliai, kurie naudoja saul\u0117s spinduli\u0173 energij\u0105 savo augimui skatinti. Kaip vienas daugiausiai baltym\u0173 turintis augalinis maisto produktas bei turtingas mikroelement\u0173 \u0161altinis, jis yra vienas geriausi\u0173 ir originaliausi\u0173 supermaisto produkt\u0173 pasaulyje.\" \/>\n<meta property=\"og:url\" content=\"https:\/\/www.biopapa.de\/lt\/producte\/ekologiskos-spirulinos-tabletes-500-mg\/\" \/>\n<meta property=\"og:site_name\" content=\"Biopapa\" \/>\n<meta property=\"article:publisher\" content=\"https:\/\/www.facebook.com\/biopapa.lt\" \/>\n<meta property=\"article:modified_time\" content=\"2025-08-13T12:17:42+00:00\" \/>\n<meta property=\"og:image\" content=\"https:\/\/www.biopapa.de\/wp-content\/uploads\/2021\/10\/Ekologiskos-spirulinos-tabletes-500-mg.jpg\" \/>\n\t<meta property=\"og:image:width\" content=\"800\" \/>\n\t<meta property=\"og:image:height\" content=\"640\" \/>\n\t<meta property=\"og:image:type\" content=\"image\/jpeg\" \/>\n<meta name=\"twitter:card\" content=\"summary_large_image\" \/>\n<meta name=\"twitter:label1\" content=\"Est. reading time\" \/>\n\t<meta name=\"twitter:data1\" content=\"2 minut\u0117s\" \/>\n<script type=\"application\/ld+json\" class=\"yoast-schema-graph\">{\"@context\":\"https:\\\/\\\/schema.org\",\"@graph\":[{\"@type\":\"WebPage\",\"@id\":\"https:\\\/\\\/www.biopapa.de\\\/lt\\\/producte\\\/ekologiskos-spirulinos-tabletes-500-mg\\\/\",\"url\":\"https:\\\/\\\/www.biopapa.de\\\/lt\\\/producte\\\/ekologiskos-spirulinos-tabletes-500-mg\\\/\",\"name\":\"Ekologi\u0161kos spirulina tablet\u0117s 500 mg - Biopapa\",\"isPartOf\":{\"@id\":\"https:\\\/\\\/www.biopapa.de\\\/lt\\\/#website\"},\"primaryImageOfPage\":{\"@id\":\"https:\\\/\\\/www.biopapa.de\\\/lt\\\/producte\\\/ekologiskos-spirulinos-tabletes-500-mg\\\/#primaryimage\"},\"image\":{\"@id\":\"https:\\\/\\\/www.biopapa.de\\\/lt\\\/producte\\\/ekologiskos-spirulinos-tabletes-500-mg\\\/#primaryimage\"},\"thumbnailUrl\":\"https:\\\/\\\/www.biopapa.de\\\/wp-content\\\/uploads\\\/2021\\\/10\\\/Ekologiskos-spirulinos-tabletes-500-mg.jpg\",\"datePublished\":\"2021-10-21T13:25:34+00:00\",\"dateModified\":\"2025-08-13T12:17:42+00:00\",\"description\":\"Spirulina yra nat\u016bral\u016bs m\u0117lynai \u017eali dumbliai, kurie naudoja saul\u0117s spinduli\u0173 energij\u0105 savo augimui skatinti. Kaip vienas daugiausiai baltym\u0173 turintis augalinis maisto produktas bei turtingas mikroelement\u0173 \u0161altinis, jis yra vienas geriausi\u0173 ir originaliausi\u0173 supermaisto produkt\u0173 pasaulyje.\",\"breadcrumb\":{\"@id\":\"https:\\\/\\\/www.biopapa.de\\\/lt\\\/producte\\\/ekologiskos-spirulinos-tabletes-500-mg\\\/#breadcrumb\"},\"inLanguage\":\"lt-LT\",\"potentialAction\":[{\"@type\":\"ReadAction\",\"target\":[\"https:\\\/\\\/www.biopapa.de\\\/lt\\\/producte\\\/ekologiskos-spirulinos-tabletes-500-mg\\\/\"]}]},{\"@type\":\"ImageObject\",\"inLanguage\":\"lt-LT\",\"@id\":\"https:\\\/\\\/www.biopapa.de\\\/lt\\\/producte\\\/ekologiskos-spirulinos-tabletes-500-mg\\\/#primaryimage\",\"url\":\"https:\\\/\\\/www.biopapa.de\\\/wp-content\\\/uploads\\\/2021\\\/10\\\/Ekologiskos-spirulinos-tabletes-500-mg.jpg\",\"contentUrl\":\"https:\\\/\\\/www.biopapa.de\\\/wp-content\\\/uploads\\\/2021\\\/10\\\/Ekologiskos-spirulinos-tabletes-500-mg.jpg\",\"width\":800,\"height\":640,\"caption\":\"Ekologi\u0161kos spirulinos tablet\u0117s 500 mg\"},{\"@type\":\"BreadcrumbList\",\"@id\":\"https:\\\/\\\/www.biopapa.de\\\/lt\\\/producte\\\/ekologiskos-spirulinos-tabletes-500-mg\\\/#breadcrumb\",\"itemListElement\":[{\"@type\":\"ListItem\",\"position\":1,\"name\":\"Home\",\"item\":\"https:\\\/\\\/www.biopapa.de\\\/lt\\\/\"},{\"@type\":\"ListItem\",\"position\":2,\"name\":\"Parduotuv\u0117\",\"item\":\"https:\\\/\\\/www.biopapa.de\\\/parduotuve\\\/\"},{\"@type\":\"ListItem\",\"position\":3,\"name\":\"Ekologi\u0161kos spirulina tablet\u0117s 500 mg\"}]},{\"@type\":\"WebSite\",\"@id\":\"https:\\\/\\\/www.biopapa.de\\\/lt\\\/#website\",\"url\":\"https:\\\/\\\/www.biopapa.de\\\/lt\\\/\",\"name\":\"Biopapa\",\"description\":\"\u0160var\u016bs ekologi\u0161ki produktai\",\"publisher\":{\"@id\":\"https:\\\/\\\/www.biopapa.de\\\/lt\\\/#organization\"},\"potentialAction\":[{\"@type\":\"SearchAction\",\"target\":{\"@type\":\"EntryPoint\",\"urlTemplate\":\"https:\\\/\\\/www.biopapa.de\\\/lt\\\/?s={search_term_string}\"},\"query-input\":{\"@type\":\"PropertyValueSpecification\",\"valueRequired\":true,\"valueName\":\"search_term_string\"}}],\"inLanguage\":\"lt-LT\"},{\"@type\":\"Organization\",\"@id\":\"https:\\\/\\\/www.biopapa.de\\\/lt\\\/#organization\",\"name\":\"Biopapa\",\"url\":\"https:\\\/\\\/www.biopapa.de\\\/lt\\\/\",\"logo\":{\"@type\":\"ImageObject\",\"inLanguage\":\"lt-LT\",\"@id\":\"https:\\\/\\\/www.biopapa.de\\\/lt\\\/#\\\/schema\\\/logo\\\/image\\\/\",\"url\":\"https:\\\/\\\/www.biopapa.lt\\\/wp-content\\\/uploads\\\/2022\\\/04\\\/facebook_biopapa.jpg\",\"contentUrl\":\"https:\\\/\\\/www.biopapa.lt\\\/wp-content\\\/uploads\\\/2022\\\/04\\\/facebook_biopapa.jpg\",\"width\":1733,\"height\":907,\"caption\":\"Biopapa\"},\"image\":{\"@id\":\"https:\\\/\\\/www.biopapa.de\\\/lt\\\/#\\\/schema\\\/logo\\\/image\\\/\"},\"sameAs\":[\"https:\\\/\\\/www.facebook.com\\\/biopapa.lt\"]}]}<\/script>\n<!-- \/ Yoast SEO plugin. -->","yoast_head_json":{"title":"Ekologi\u0161kos spirulina tablet\u0117s 500 mg - Biopapa","description":"Spirulina yra nat\u016bral\u016bs m\u0117lynai \u017eali dumbliai, kurie naudoja saul\u0117s spinduli\u0173 energij\u0105 savo augimui skatinti. Kaip vienas daugiausiai baltym\u0173 turintis augalinis maisto produktas bei turtingas mikroelement\u0173 \u0161altinis, jis yra vienas geriausi\u0173 ir originaliausi\u0173 supermaisto produkt\u0173 pasaulyje.","robots":{"index":"index","follow":"follow","max-snippet":"max-snippet:-1","max-image-preview":"max-image-preview:large","max-video-preview":"max-video-preview:-1"},"canonical":"https:\/\/www.biopapa.de\/lt\/producte\/ekologiskos-spirulinos-tabletes-500-mg\/","og_locale":"lt_LT","og_type":"article","og_title":"Ekologi\u0161kos spirulina tablet\u0117s 500 mg - Biopapa","og_description":"Spirulina yra nat\u016bral\u016bs m\u0117lynai \u017eali dumbliai, kurie naudoja saul\u0117s spinduli\u0173 energij\u0105 savo augimui skatinti. Kaip vienas daugiausiai baltym\u0173 turintis augalinis maisto produktas bei turtingas mikroelement\u0173 \u0161altinis, jis yra vienas geriausi\u0173 ir originaliausi\u0173 supermaisto produkt\u0173 pasaulyje.","og_url":"https:\/\/www.biopapa.de\/lt\/producte\/ekologiskos-spirulinos-tabletes-500-mg\/","og_site_name":"Biopapa","article_publisher":"https:\/\/www.facebook.com\/biopapa.lt","article_modified_time":"2025-08-13T12:17:42+00:00","og_image":[{"width":800,"height":640,"url":"https:\/\/www.biopapa.de\/wp-content\/uploads\/2021\/10\/Ekologiskos-spirulinos-tabletes-500-mg.jpg","type":"image\/jpeg"}],"twitter_card":"summary_large_image","twitter_misc":{"Est. reading time":"2 minut\u0117s"},"schema":{"@context":"https:\/\/schema.org","@graph":[{"@type":"WebPage","@id":"https:\/\/www.biopapa.de\/lt\/producte\/ekologiskos-spirulinos-tabletes-500-mg\/","url":"https:\/\/www.biopapa.de\/lt\/producte\/ekologiskos-spirulinos-tabletes-500-mg\/","name":"Ekologi\u0161kos spirulina tablet\u0117s 500 mg - Biopapa","isPartOf":{"@id":"https:\/\/www.biopapa.de\/lt\/#website"},"primaryImageOfPage":{"@id":"https:\/\/www.biopapa.de\/lt\/producte\/ekologiskos-spirulinos-tabletes-500-mg\/#primaryimage"},"image":{"@id":"https:\/\/www.biopapa.de\/lt\/producte\/ekologiskos-spirulinos-tabletes-500-mg\/#primaryimage"},"thumbnailUrl":"https:\/\/www.biopapa.de\/wp-content\/uploads\/2021\/10\/Ekologiskos-spirulinos-tabletes-500-mg.jpg","datePublished":"2021-10-21T13:25:34+00:00","dateModified":"2025-08-13T12:17:42+00:00","description":"Spirulina yra nat\u016bral\u016bs m\u0117lynai \u017eali dumbliai, kurie naudoja saul\u0117s spinduli\u0173 energij\u0105 savo augimui skatinti. Kaip vienas daugiausiai baltym\u0173 turintis augalinis maisto produktas bei turtingas mikroelement\u0173 \u0161altinis, jis yra vienas geriausi\u0173 ir originaliausi\u0173 supermaisto produkt\u0173 pasaulyje.","breadcrumb":{"@id":"https:\/\/www.biopapa.de\/lt\/producte\/ekologiskos-spirulinos-tabletes-500-mg\/#breadcrumb"},"inLanguage":"lt-LT","potentialAction":[{"@type":"ReadAction","target":["https:\/\/www.biopapa.de\/lt\/producte\/ekologiskos-spirulinos-tabletes-500-mg\/"]}]},{"@type":"ImageObject","inLanguage":"lt-LT","@id":"https:\/\/www.biopapa.de\/lt\/producte\/ekologiskos-spirulinos-tabletes-500-mg\/#primaryimage","url":"https:\/\/www.biopapa.de\/wp-content\/uploads\/2021\/10\/Ekologiskos-spirulinos-tabletes-500-mg.jpg","contentUrl":"https:\/\/www.biopapa.de\/wp-content\/uploads\/2021\/10\/Ekologiskos-spirulinos-tabletes-500-mg.jpg","width":800,"height":640,"caption":"Ekologi\u0161kos spirulinos tablet\u0117s 500 mg"},{"@type":"BreadcrumbList","@id":"https:\/\/www.biopapa.de\/lt\/producte\/ekologiskos-spirulinos-tabletes-500-mg\/#breadcrumb","itemListElement":[{"@type":"ListItem","position":1,"name":"Home","item":"https:\/\/www.biopapa.de\/lt\/"},{"@type":"ListItem","position":2,"name":"Parduotuv\u0117","item":"https:\/\/www.biopapa.de\/parduotuve\/"},{"@type":"ListItem","position":3,"name":"Ekologi\u0161kos spirulina tablet\u0117s 500 mg"}]},{"@type":"WebSite","@id":"https:\/\/www.biopapa.de\/lt\/#website","url":"https:\/\/www.biopapa.de\/lt\/","name":"Biopapa","description":"\u0160var\u016bs ekologi\u0161ki produktai","publisher":{"@id":"https:\/\/www.biopapa.de\/lt\/#organization"},"potentialAction":[{"@type":"SearchAction","target":{"@type":"EntryPoint","urlTemplate":"https:\/\/www.biopapa.de\/lt\/?s={search_term_string}"},"query-input":{"@type":"PropertyValueSpecification","valueRequired":true,"valueName":"search_term_string"}}],"inLanguage":"lt-LT"},{"@type":"Organization","@id":"https:\/\/www.biopapa.de\/lt\/#organization","name":"Biopapa","url":"https:\/\/www.biopapa.de\/lt\/","logo":{"@type":"ImageObject","inLanguage":"lt-LT","@id":"https:\/\/www.biopapa.de\/lt\/#\/schema\/logo\/image\/","url":"https:\/\/www.biopapa.lt\/wp-content\/uploads\/2022\/04\/facebook_biopapa.jpg","contentUrl":"https:\/\/www.biopapa.lt\/wp-content\/uploads\/2022\/04\/facebook_biopapa.jpg","width":1733,"height":907,"caption":"Biopapa"},"image":{"@id":"https:\/\/www.biopapa.de\/lt\/#\/schema\/logo\/image\/"},"sameAs":["https:\/\/www.facebook.com\/biopapa.lt"]}]}},"_links":{"self":[{"href":"https:\/\/www.biopapa.de\/lt\/wp-json\/wp\/v2\/product\/15682","targetHints":{"allow":["GET"]}}],"collection":[{"href":"https:\/\/www.biopapa.de\/lt\/wp-json\/wp\/v2\/product"}],"about":[{"href":"https:\/\/www.biopapa.de\/lt\/wp-json\/wp\/v2\/types\/product"}],"wp:featuredmedia":[{"embeddable":true,"href":"https:\/\/www.biopapa.de\/lt\/wp-json\/wp\/v2\/media\/16047"}],"wp:attachment":[{"href":"https:\/\/www.biopapa.de\/lt\/wp-json\/wp\/v2\/media?parent=15682"}],"wp:term":[{"taxonomy":"product_brand","embeddable":true,"href":"https:\/\/www.biopapa.de\/lt\/wp-json\/wp\/v2\/product_brand?post=15682"},{"taxonomy":"product_cat","embeddable":true,"href":"https:\/\/www.biopapa.de\/lt\/wp-json\/wp\/v2\/product_cat?post=15682"},{"taxonomy":"product_tag","embeddable":true,"href":"https:\/\/www.biopapa.de\/lt\/wp-json\/wp\/v2\/product_tag?post=15682"}],"curies":[{"name":"wp","href":"https:\/\/api.w.org\/{rel}","templated":true}]}}